{"id":12086,"date":"2023-11-23T08:33:42","date_gmt":"2023-11-23T08:33:42","guid":{"rendered":"http:\/\/www.donatonigroup.com\/?post_type=product&#038;p=12086"},"modified":"2023-11-23T11:39:45","modified_gmt":"2023-11-23T11:39:45","slug":"arm-1","status":"publish","type":"product","link":"https:\/\/www.donatonigroup.com\/de\/maschine\/arm-1\/","title":{"rendered":"ARM 1"},"content":{"rendered":"<p><strong>Linie mit Palettierroboter <\/strong><\/p>\n<p>Robotisierte Palettierungslinie, die maximale Vielseitigkeit und Flexibilit\u00e4t gew\u00e4hrleistet.<\/p>\n<p>DONATONI ARM 1 ist konzipiert, um eine beispiellose Effizienz bei der <strong>Palettierung von Fliesen, Kacheln und Verkleidungen in verschiedenen Gr\u00f6\u00dfen zu bieten.<\/strong> Der Roboter ist mit <strong>einem Einzelgreifer<\/strong> ausgestattet, der die Produktion schnell und pr\u00e4zise handhaben kann.<\/p>\n<p>Die DONATONI-Technologie erm\u00f6glicht das <strong>direkte Abgreifen und Palettieren an mehreren Stationen<\/strong>, wodurch eine optimierte Workflow-Steuerung gew\u00e4hrleistet wird. Um die Vielseitigkeit des Systems weiter zu erh\u00f6hen, bieten wir einen <strong>optionalen Roboter-Track-Achse<\/strong> an, die es erm\u00f6glicht, sich leicht an verschiedene Produktionsanforderungen anzupassen.<\/p>\n<p>Mit DONATONI ARM 1 erreichen Sie das <strong>h\u00f6chste Ma\u00df an Automatisierung und Pr\u00e4zision<\/strong> im Palettierungsprozess.<\/p>\n","protected":false},"excerpt":{"rendered":"<p>Linie mit Palettierroboter Robotisierte Palettierungslinie, die maximale Vielseitigkeit und Flexibilit\u00e4t gew\u00e4hrleistet. DONATONI ARM 1 ist konzipiert, um eine beispiellose Effizienz bei der Palettierung von Fliesen, Kacheln und Verkleidungen in verschiedenen Gr\u00f6\u00dfen zu bieten. Der Roboter ist mit einem Einzelgreifer ausgestattet, der die Produktion schnell und pr\u00e4zise handhaben kann. Die DONATONI-Technologie erm\u00f6glicht das direkte Abgreifen und [&hellip;]<\/p>\n","protected":false},"featured_media":12082,"template":"","meta":{"_et_pb_use_builder":"","_et_pb_old_content":"","_et_gb_content_width":""},"product_brand":[],"product_cat":[1234],"product_tag":[],"caratteristica":[1326,1328,2028,2054,2055,2757,2758,2995],"serie":[2961],"settore_di_applicazione":[1249,1250,1251,1252],"class_list":{"0":"post-12086","1":"product","2":"type-product","3":"status-publish","4":"has-post-thumbnail","6":"product_cat-robotersysteme","7":"pa_assi-interpolati-6-de","8":"pa_classe-di-protezione-polso-67-de","9":"pa_classe-protezione-65-de","10":"pa_consumo-aria-6-bar-20-de","11":"pa_corsa-asse-a1-185-de","12":"pa_corsa-asse-a2-120-70-de","13":"pa_corsa-asse-a3-120-168-de","14":"pa_corsa-asse-a4-350-de","15":"pa_corsa-asse-a5-125-de","16":"pa_corsa-asse-a6-350-de","17":"pa_dimensioni-max-pezzo-in-pres-2000-x-1200-de","18":"pa_dimensioni-min-pezzo-in-pres-300-x-100-de","19":"pa_max-raggio-dazione-3500-de","20":"pa_num-max-pezzi-in-presa-1-de","21":"pa_peso-massimo-pezzo-in-presa-peso-massimo-pezzo-in-presa-de","22":"pa_peso-solo-robot-1256-de","23":"pa_portata-al-polso-180-de","24":"pa_potenza-pompa-a-vuoto-4-de-2","25":"pa_potenza-totale-installata-20-36-de","26":"pa_sistema-di-controllo-kr-c5-de","27":"pa_tensione-elettrica-standard-40010-50","28":"pa_velocita-massima-asse-a1-105-de","29":"pa_velocita-massima-asse-a2-101-de","30":"pa_velocita-massima-asse-a3-110-de","31":"pa_velocita-massima-asse-a4-150-de","32":"pa_velocita-massima-asse-a5-180-de","33":"pa_velocita-massima-asse-a6-260-de","34":"caratteristica-flexibilitaet-in-der-produktion","35":"caratteristica-einfach-und-schnell-zu-programmieren","36":"caratteristica-extrem-vielseitig","37":"caratteristica-hohe-produktivitaet","38":"caratteristica-ideal-fuer-die-massenproduktion","39":"caratteristica-automazione-processo-produttivo-de","40":"caratteristica-riduzione-costi-di-lavorazione-de","41":"caratteristica-auserst-schnell","42":"serie-arm-series-de","43":"settore_di_applicazione-grosse-projekte","44":"settore_di_applicazione-artikel-fuer-das-baugewerbe","45":"settore_di_applicazione-fussboeden-und-wandverkleidungen","46":"settore_di_applicazione-kuechen-und-badezimmerplatten","48":"first","49":"instock","50":"shipping-taxable","51":"product-type-simple"},"acf":[],"yoast_head":"<!-- This site is optimized with the Yoast SEO plugin v25.8 - https:\/\/yoast.com\/wordpress\/plugins\/seo\/ -->\n<title>ARM 1 - Donatoni Group<\/title>\n<meta name=\"robots\" content=\"index, follow, max-snippet:-1, max-image-preview:large, max-video-preview:-1\" \/>\n<link rel=\"canonical\" href=\"https:\/\/www.donatonigroup.com\/de\/maschine\/arm-1\/\" \/>\n<meta property=\"og:locale\" content=\"de_DE\" \/>\n<meta property=\"og:type\" content=\"article\" \/>\n<meta property=\"og:title\" content=\"ARM 1 - Donatoni Group\" \/>\n<meta property=\"og:description\" content=\"Linie mit Palettierroboter Robotisierte Palettierungslinie, die maximale Vielseitigkeit und Flexibilit\u00e4t gew\u00e4hrleistet. DONATONI ARM 1 ist konzipiert, um eine beispiellose Effizienz bei der Palettierung von Fliesen, Kacheln und Verkleidungen in verschiedenen Gr\u00f6\u00dfen zu bieten. Der Roboter ist mit einem Einzelgreifer ausgestattet, der die Produktion schnell und pr\u00e4zise handhaben kann. Die DONATONI-Technologie erm\u00f6glicht das direkte Abgreifen und [&hellip;]\" \/>\n<meta property=\"og:url\" content=\"https:\/\/www.donatonigroup.com\/de\/maschine\/arm-1\/\" \/>\n<meta property=\"og:site_name\" content=\"Donatoni Group\" \/>\n<meta property=\"article:publisher\" content=\"https:\/\/www.facebook.com\/donatonimacchine\" \/>\n<meta property=\"article:modified_time\" content=\"2023-11-23T11:39:45+00:00\" \/>\n<meta property=\"og:image\" content=\"https:\/\/www.donatonigroup.com\/wp-content\/uploads\/2023\/11\/ARM1-senza-sfondo-sito-2.png\" \/>\n\t<meta property=\"og:image:width\" content=\"1080\" \/>\n\t<meta property=\"og:image:height\" content=\"675\" \/>\n\t<meta property=\"og:image:type\" content=\"image\/png\" \/>\n<meta name=\"twitter:card\" content=\"summary_large_image\" \/>\n<meta name=\"twitter:label1\" content=\"Gesch\u00e4tzte Lesezeit\" \/>\n\t<meta name=\"twitter:data1\" content=\"1\u00a0Minute\" \/>\n<script type=\"application\/ld+json\" class=\"yoast-schema-graph\">{\"@context\":\"https:\/\/schema.org\",\"@graph\":[{\"@type\":\"WebPage\",\"@id\":\"https:\/\/www.donatonigroup.com\/de\/maschine\/arm-1\/\",\"url\":\"https:\/\/www.donatonigroup.com\/de\/maschine\/arm-1\/\",\"name\":\"ARM 1 - Donatoni Group\",\"isPartOf\":{\"@id\":\"https:\/\/www.donatonigroup.com\/de\/#website\"},\"primaryImageOfPage\":{\"@id\":\"https:\/\/www.donatonigroup.com\/de\/maschine\/arm-1\/#primaryimage\"},\"image\":{\"@id\":\"https:\/\/www.donatonigroup.com\/de\/maschine\/arm-1\/#primaryimage\"},\"thumbnailUrl\":\"https:\/\/www.donatonigroup.com\/wp-content\/uploads\/2023\/11\/ARM1-senza-sfondo-sito-2.png\",\"datePublished\":\"2023-11-23T08:33:42+00:00\",\"dateModified\":\"2023-11-23T11:39:45+00:00\",\"breadcrumb\":{\"@id\":\"https:\/\/www.donatonigroup.com\/de\/maschine\/arm-1\/#breadcrumb\"},\"inLanguage\":\"de\",\"potentialAction\":[{\"@type\":\"ReadAction\",\"target\":[\"https:\/\/www.donatonigroup.com\/de\/maschine\/arm-1\/\"]}]},{\"@type\":\"ImageObject\",\"inLanguage\":\"de\",\"@id\":\"https:\/\/www.donatonigroup.com\/de\/maschine\/arm-1\/#primaryimage\",\"url\":\"https:\/\/www.donatonigroup.com\/wp-content\/uploads\/2023\/11\/ARM1-senza-sfondo-sito-2.png\",\"contentUrl\":\"https:\/\/www.donatonigroup.com\/wp-content\/uploads\/2023\/11\/ARM1-senza-sfondo-sito-2.png\",\"width\":1080,\"height\":675},{\"@type\":\"BreadcrumbList\",\"@id\":\"https:\/\/www.donatonigroup.com\/de\/maschine\/arm-1\/#breadcrumb\",\"itemListElement\":[{\"@type\":\"ListItem\",\"position\":1,\"name\":\"Home\",\"item\":\"https:\/\/www.donatonigroup.com\/de\/\"},{\"@type\":\"ListItem\",\"position\":2,\"name\":\"Katalogmaschine\",\"item\":\"https:\/\/www.donatonigroup.com\/de\/katalogmaschine\/\"},{\"@type\":\"ListItem\",\"position\":3,\"name\":\"ARM 1\"}]},{\"@type\":\"WebSite\",\"@id\":\"https:\/\/www.donatonigroup.com\/de\/#website\",\"url\":\"https:\/\/www.donatonigroup.com\/de\/\",\"name\":\"Donatoni Group\",\"description\":\"\",\"publisher\":{\"@id\":\"https:\/\/www.donatonigroup.com\/de\/#organization\"},\"potentialAction\":[{\"@type\":\"SearchAction\",\"target\":{\"@type\":\"EntryPoint\",\"urlTemplate\":\"https:\/\/www.donatonigroup.com\/de\/?s={search_term_string}\"},\"query-input\":{\"@type\":\"PropertyValueSpecification\",\"valueRequired\":true,\"valueName\":\"search_term_string\"}}],\"inLanguage\":\"de\"},{\"@type\":\"Organization\",\"@id\":\"https:\/\/www.donatonigroup.com\/de\/#organization\",\"name\":\"Donatoni Group\",\"url\":\"https:\/\/www.donatonigroup.com\/de\/\",\"logo\":{\"@type\":\"ImageObject\",\"inLanguage\":\"de\",\"@id\":\"https:\/\/www.donatonigroup.com\/de\/#\/schema\/logo\/image\/\",\"url\":\"http:\/\/www.donatonigroup.com\/wp-content\/uploads\/2023\/02\/donatoni-logo.png\",\"contentUrl\":\"http:\/\/www.donatonigroup.com\/wp-content\/uploads\/2023\/02\/donatoni-logo.png\",\"width\":800,\"height\":112,\"caption\":\"Donatoni Group\"},\"image\":{\"@id\":\"https:\/\/www.donatonigroup.com\/de\/#\/schema\/logo\/image\/\"},\"sameAs\":[\"https:\/\/www.facebook.com\/donatonimacchine\",\"https:\/\/instagram.com\/donatonigroup\/\",\"https:\/\/www.linkedin.com\/company\/donatoni-macchine-s-r-l\"]}]}<\/script>\n<!-- \/ Yoast SEO plugin. -->","yoast_head_json":{"title":"ARM 1 - Donatoni Group","robots":{"index":"index","follow":"follow","max-snippet":"max-snippet:-1","max-image-preview":"max-image-preview:large","max-video-preview":"max-video-preview:-1"},"canonical":"https:\/\/www.donatonigroup.com\/de\/maschine\/arm-1\/","og_locale":"de_DE","og_type":"article","og_title":"ARM 1 - Donatoni Group","og_description":"Linie mit Palettierroboter Robotisierte Palettierungslinie, die maximale Vielseitigkeit und Flexibilit\u00e4t gew\u00e4hrleistet. DONATONI ARM 1 ist konzipiert, um eine beispiellose Effizienz bei der Palettierung von Fliesen, Kacheln und Verkleidungen in verschiedenen Gr\u00f6\u00dfen zu bieten. Der Roboter ist mit einem Einzelgreifer ausgestattet, der die Produktion schnell und pr\u00e4zise handhaben kann. Die DONATONI-Technologie erm\u00f6glicht das direkte Abgreifen und [&hellip;]","og_url":"https:\/\/www.donatonigroup.com\/de\/maschine\/arm-1\/","og_site_name":"Donatoni Group","article_publisher":"https:\/\/www.facebook.com\/donatonimacchine","article_modified_time":"2023-11-23T11:39:45+00:00","og_image":[{"width":1080,"height":675,"url":"https:\/\/www.donatonigroup.com\/wp-content\/uploads\/2023\/11\/ARM1-senza-sfondo-sito-2.png","type":"image\/png"}],"twitter_card":"summary_large_image","twitter_misc":{"Gesch\u00e4tzte Lesezeit":"1\u00a0Minute"},"schema":{"@context":"https:\/\/schema.org","@graph":[{"@type":"WebPage","@id":"https:\/\/www.donatonigroup.com\/de\/maschine\/arm-1\/","url":"https:\/\/www.donatonigroup.com\/de\/maschine\/arm-1\/","name":"ARM 1 - Donatoni Group","isPartOf":{"@id":"https:\/\/www.donatonigroup.com\/de\/#website"},"primaryImageOfPage":{"@id":"https:\/\/www.donatonigroup.com\/de\/maschine\/arm-1\/#primaryimage"},"image":{"@id":"https:\/\/www.donatonigroup.com\/de\/maschine\/arm-1\/#primaryimage"},"thumbnailUrl":"https:\/\/www.donatonigroup.com\/wp-content\/uploads\/2023\/11\/ARM1-senza-sfondo-sito-2.png","datePublished":"2023-11-23T08:33:42+00:00","dateModified":"2023-11-23T11:39:45+00:00","breadcrumb":{"@id":"https:\/\/www.donatonigroup.com\/de\/maschine\/arm-1\/#breadcrumb"},"inLanguage":"de","potentialAction":[{"@type":"ReadAction","target":["https:\/\/www.donatonigroup.com\/de\/maschine\/arm-1\/"]}]},{"@type":"ImageObject","inLanguage":"de","@id":"https:\/\/www.donatonigroup.com\/de\/maschine\/arm-1\/#primaryimage","url":"https:\/\/www.donatonigroup.com\/wp-content\/uploads\/2023\/11\/ARM1-senza-sfondo-sito-2.png","contentUrl":"https:\/\/www.donatonigroup.com\/wp-content\/uploads\/2023\/11\/ARM1-senza-sfondo-sito-2.png","width":1080,"height":675},{"@type":"BreadcrumbList","@id":"https:\/\/www.donatonigroup.com\/de\/maschine\/arm-1\/#breadcrumb","itemListElement":[{"@type":"ListItem","position":1,"name":"Home","item":"https:\/\/www.donatonigroup.com\/de\/"},{"@type":"ListItem","position":2,"name":"Katalogmaschine","item":"https:\/\/www.donatonigroup.com\/de\/katalogmaschine\/"},{"@type":"ListItem","position":3,"name":"ARM 1"}]},{"@type":"WebSite","@id":"https:\/\/www.donatonigroup.com\/de\/#website","url":"https:\/\/www.donatonigroup.com\/de\/","name":"Donatoni Group","description":"","publisher":{"@id":"https:\/\/www.donatonigroup.com\/de\/#organization"},"potentialAction":[{"@type":"SearchAction","target":{"@type":"EntryPoint","urlTemplate":"https:\/\/www.donatonigroup.com\/de\/?s={search_term_string}"},"query-input":{"@type":"PropertyValueSpecification","valueRequired":true,"valueName":"search_term_string"}}],"inLanguage":"de"},{"@type":"Organization","@id":"https:\/\/www.donatonigroup.com\/de\/#organization","name":"Donatoni Group","url":"https:\/\/www.donatonigroup.com\/de\/","logo":{"@type":"ImageObject","inLanguage":"de","@id":"https:\/\/www.donatonigroup.com\/de\/#\/schema\/logo\/image\/","url":"http:\/\/www.donatonigroup.com\/wp-content\/uploads\/2023\/02\/donatoni-logo.png","contentUrl":"http:\/\/www.donatonigroup.com\/wp-content\/uploads\/2023\/02\/donatoni-logo.png","width":800,"height":112,"caption":"Donatoni Group"},"image":{"@id":"https:\/\/www.donatonigroup.com\/de\/#\/schema\/logo\/image\/"},"sameAs":["https:\/\/www.facebook.com\/donatonimacchine","https:\/\/instagram.com\/donatonigroup\/","https:\/\/www.linkedin.com\/company\/donatoni-macchine-s-r-l"]}]}},"_links":{"self":[{"href":"https:\/\/www.donatonigroup.com\/de\/wp-json\/wp\/v2\/product\/12086","targetHints":{"allow":["GET"]}}],"collection":[{"href":"https:\/\/www.donatonigroup.com\/de\/wp-json\/wp\/v2\/product"}],"about":[{"href":"https:\/\/www.donatonigroup.com\/de\/wp-json\/wp\/v2\/types\/product"}],"wp:featuredmedia":[{"embeddable":true,"href":"https:\/\/www.donatonigroup.com\/de\/wp-json\/wp\/v2\/media\/12082"}],"wp:attachment":[{"href":"https:\/\/www.donatonigroup.com\/de\/wp-json\/wp\/v2\/media?parent=12086"}],"wp:term":[{"taxonomy":"product_brand","embeddable":true,"href":"https:\/\/www.donatonigroup.com\/de\/wp-json\/wp\/v2\/product_brand?post=12086"},{"taxonomy":"product_cat","embeddable":true,"href":"https:\/\/www.donatonigroup.com\/de\/wp-json\/wp\/v2\/product_cat?post=12086"},{"taxonomy":"product_tag","embeddable":true,"href":"https:\/\/www.donatonigroup.com\/de\/wp-json\/wp\/v2\/product_tag?post=12086"},{"taxonomy":"caratteristica","embeddable":true,"href":"https:\/\/www.donatonigroup.com\/de\/wp-json\/wp\/v2\/caratteristica?post=12086"},{"taxonomy":"serie","embeddable":true,"href":"https:\/\/www.donatonigroup.com\/de\/wp-json\/wp\/v2\/serie?post=12086"},{"taxonomy":"settore_di_applicazione","embeddable":true,"href":"https:\/\/www.donatonigroup.com\/de\/wp-json\/wp\/v2\/settore_di_applicazione?post=12086"}],"curies":[{"name":"wp","href":"https:\/\/api.w.org\/{rel}","templated":true}]}}