{"id":12129,"date":"2023-02-08T14:19:36","date_gmt":"2023-02-08T14:19:36","guid":{"rendered":"http:\/\/www.donatonigroup.com\/macchina\/d725\/"},"modified":"2023-12-05T10:58:07","modified_gmt":"2023-12-05T10:58:07","slug":"d725","status":"publish","type":"product","link":"https:\/\/www.donatonigroup.com\/de\/maschine\/d725\/","title":{"rendered":"D 725"},"content":{"rendered":"<div data-el-id=\"1746d51c-8522-4514-b0df-927699ee13f6\">\n<div data-el-id=\"1746d51c-8522-4514-b0df-927699ee13f6-txt\">\n<div class=\"machine-template__description-title\">\n<h3 class=\"machine-template__description-title-text\">Breite Palette f\u00fcr unterschiedliche Schneidanforderungen<\/h3>\n<\/div>\n<\/div>\n<\/div>\n<div data-el-id=\"f0db3f1d-d0f3-469e-94cd-87a566e63853\">\n<div data-el-id=\"f0db3f1d-d0f3-469e-94cd-87a566e63853-txt\">\n<div class=\"machine-template__description-description\">Die <strong>DONATONI D725<\/strong> ist eine CNC-Br\u00fcckenfr\u00e4smaschine mit 5\/6 interpolierten Achsen, die besonders vielseitig ist und sich f\u00fcr die Herstellung verschiedener Produkttypen eignet, wie z.B. K\u00fcchenplatten, Badezimmerplatten, Duschwannen, Gravuren, Basreliefs und verschiedene Geb\u00e4udeverkleidungen aus Marmor, Granit, Keramik und Kunststein. Mit dieser Maschine sind Schnitte bis zu 250 mm Tiefe und eine einfache Formgebung m\u00f6glich<\/div>\n<\/div>\n<\/div>\n","protected":false},"excerpt":{"rendered":"<p>Breite Palette f\u00fcr unterschiedliche Schneidanforderungen Die DONATONI D725 ist eine CNC-Br\u00fcckenfr\u00e4smaschine mit 5\/6 interpolierten Achsen, die besonders vielseitig ist und sich f\u00fcr die Herstellung verschiedener Produkttypen eignet, wie z.B. K\u00fcchenplatten, Badezimmerplatten, Duschwannen, Gravuren, Basreliefs und verschiedene Geb\u00e4udeverkleidungen aus Marmor, Granit, Keramik und Kunststein. Mit dieser Maschine sind Schnitte bis zu 250 mm Tiefe und eine [&hellip;]<\/p>\n","protected":false},"featured_media":6699,"template":"","meta":{"_et_pb_use_builder":"","_et_pb_old_content":"","_et_gb_content_width":""},"product_brand":[],"product_cat":[1229],"product_tag":[],"caratteristica":[1324,1325,1326,1327,1328,1667,1853],"serie":[1662],"settore_di_applicazione":[1247,1249,1250,1252],"class_list":{"0":"post-12129","1":"product","2":"type-product","3":"status-publish","4":"has-post-thumbnail","6":"product_cat-cnc-brueckensaegen","7":"pa_assi-interpolati-5-de","8":"pa_consumo-acqua-disco-taglio-50-de","9":"pa_consumo-acqua-utensile-20-de","10":"pa_consumo-aria-6-bar-20-de","11":"pa_coppia-motore-elettro-tool-100-s1-121-6-s6-de","12":"pa_corsa-carrello-asse-x-3700-de","13":"pa_corsa-ponte-asse-y-2900-de","14":"pa_corsa-tastatore-lastra-300-de","15":"pa_corsa-ventose-297-de","16":"pa_diametro-albero-mandrino-50-de-2","17":"pa_diametro-massimo-disco-750-de","18":"pa_diametro-minimo-disco-350-de-2","19":"pa_dim-banco-portalastre-3500-x-2000-de","20":"pa_disco-max-tastatore-lastra-725-de","21":"pa_disco-max-uso-ventose-725-de","22":"pa_inclinazione-testa-assea-0-90-de-2","23":"pa_peso-complessivo-macchina-4350-de","24":"pa_peso-tot-max-sollev-ventose-500-de","25":"pa_potenza-motore-tool-15-s1-17-6-s6-de","26":"pa_potenza-totale-installata-27-de","27":"pa_profondita-max-di-taglio-250-de","28":"pa_range-vel-elettromandrino-t-0-5500-de","29":"pa_rotazione-testa-porta-disco-5-365-de-2","30":"pa_salita-discesa-assez-550-de","31":"pa_tensione-elettrica-standard-40010-50","32":"pa_velocita-elettromandri-0-3500-de","33":"pa_velocita-max-carrello-asse-x-0-40-de","34":"pa_velocita-max-ponte-asse-y-0-30-de","35":"pa_velocita-max-teste-asse-z-0-5-de","36":"caratteristica-umfassendes-angebot-an-zubehoer-und-konfigurationen","37":"caratteristica-breite-bearbeitungspalette","38":"caratteristica-flexibilitaet-in-der-produktion","39":"caratteristica-geringe-abmessungen","40":"caratteristica-einfach-und-schnell-zu-programmieren","41":"caratteristica-hohe-qualitaet-der-eingesetzten-materialien","42":"caratteristica-extreme-schnittpraezision","43":"serie-d-series-de","44":"settore_di_applicazione-bestattungskunst","45":"settore_di_applicazione-grosse-projekte","46":"settore_di_applicazione-artikel-fuer-das-baugewerbe","47":"settore_di_applicazione-kuechen-und-badezimmerplatten","49":"first","50":"instock","51":"shipping-taxable","52":"purchasable","53":"product-type-simple"},"acf":[],"yoast_head":"<!-- This site is optimized with the Yoast SEO plugin v25.8 - https:\/\/yoast.com\/wordpress\/plugins\/seo\/ -->\n<title>D 725 - Donatoni Group<\/title>\n<meta name=\"robots\" content=\"index, follow, max-snippet:-1, max-image-preview:large, max-video-preview:-1\" \/>\n<link rel=\"canonical\" href=\"https:\/\/www.donatonigroup.com\/de\/maschine\/d725\/\" \/>\n<meta property=\"og:locale\" content=\"de_DE\" \/>\n<meta property=\"og:type\" content=\"article\" \/>\n<meta property=\"og:title\" content=\"D 725 - Donatoni Group\" \/>\n<meta property=\"og:description\" content=\"Breite Palette f\u00fcr unterschiedliche Schneidanforderungen Die DONATONI D725 ist eine CNC-Br\u00fcckenfr\u00e4smaschine mit 5\/6 interpolierten Achsen, die besonders vielseitig ist und sich f\u00fcr die Herstellung verschiedener Produkttypen eignet, wie z.B. K\u00fcchenplatten, Badezimmerplatten, Duschwannen, Gravuren, Basreliefs und verschiedene Geb\u00e4udeverkleidungen aus Marmor, Granit, Keramik und Kunststein. Mit dieser Maschine sind Schnitte bis zu 250 mm Tiefe und eine [&hellip;]\" \/>\n<meta property=\"og:url\" content=\"https:\/\/www.donatonigroup.com\/de\/maschine\/d725\/\" \/>\n<meta property=\"og:site_name\" content=\"Donatoni Group\" \/>\n<meta property=\"article:publisher\" content=\"https:\/\/www.facebook.com\/donatonimacchine\" \/>\n<meta property=\"article:modified_time\" content=\"2023-12-05T10:58:07+00:00\" \/>\n<meta property=\"og:image\" content=\"https:\/\/www.donatonigroup.com\/wp-content\/uploads\/2023\/02\/D725-1500x9352-1.png\" \/>\n\t<meta property=\"og:image:width\" content=\"1500\" \/>\n\t<meta property=\"og:image:height\" content=\"935\" \/>\n\t<meta property=\"og:image:type\" content=\"image\/png\" \/>\n<meta name=\"twitter:card\" content=\"summary_large_image\" \/>\n<meta name=\"twitter:label1\" content=\"Gesch\u00e4tzte Lesezeit\" \/>\n\t<meta name=\"twitter:data1\" content=\"1\u00a0Minute\" \/>\n<script type=\"application\/ld+json\" class=\"yoast-schema-graph\">{\"@context\":\"https:\/\/schema.org\",\"@graph\":[{\"@type\":\"WebPage\",\"@id\":\"https:\/\/www.donatonigroup.com\/de\/maschine\/d725\/\",\"url\":\"https:\/\/www.donatonigroup.com\/de\/maschine\/d725\/\",\"name\":\"D 725 - Donatoni Group\",\"isPartOf\":{\"@id\":\"https:\/\/www.donatonigroup.com\/de\/#website\"},\"primaryImageOfPage\":{\"@id\":\"https:\/\/www.donatonigroup.com\/de\/maschine\/d725\/#primaryimage\"},\"image\":{\"@id\":\"https:\/\/www.donatonigroup.com\/de\/maschine\/d725\/#primaryimage\"},\"thumbnailUrl\":\"https:\/\/www.donatonigroup.com\/wp-content\/uploads\/2023\/02\/D725-1500x9352-1.png\",\"datePublished\":\"2023-02-08T14:19:36+00:00\",\"dateModified\":\"2023-12-05T10:58:07+00:00\",\"breadcrumb\":{\"@id\":\"https:\/\/www.donatonigroup.com\/de\/maschine\/d725\/#breadcrumb\"},\"inLanguage\":\"de\",\"potentialAction\":[{\"@type\":\"ReadAction\",\"target\":[\"https:\/\/www.donatonigroup.com\/de\/maschine\/d725\/\"]}]},{\"@type\":\"ImageObject\",\"inLanguage\":\"de\",\"@id\":\"https:\/\/www.donatonigroup.com\/de\/maschine\/d725\/#primaryimage\",\"url\":\"https:\/\/www.donatonigroup.com\/wp-content\/uploads\/2023\/02\/D725-1500x9352-1.png\",\"contentUrl\":\"https:\/\/www.donatonigroup.com\/wp-content\/uploads\/2023\/02\/D725-1500x9352-1.png\",\"width\":1500,\"height\":935},{\"@type\":\"BreadcrumbList\",\"@id\":\"https:\/\/www.donatonigroup.com\/de\/maschine\/d725\/#breadcrumb\",\"itemListElement\":[{\"@type\":\"ListItem\",\"position\":1,\"name\":\"Home\",\"item\":\"https:\/\/www.donatonigroup.com\/de\/\"},{\"@type\":\"ListItem\",\"position\":2,\"name\":\"Katalogmaschine\",\"item\":\"https:\/\/www.donatonigroup.com\/de\/katalogmaschine\/\"},{\"@type\":\"ListItem\",\"position\":3,\"name\":\"D 725\"}]},{\"@type\":\"WebSite\",\"@id\":\"https:\/\/www.donatonigroup.com\/de\/#website\",\"url\":\"https:\/\/www.donatonigroup.com\/de\/\",\"name\":\"Donatoni Group\",\"description\":\"\",\"publisher\":{\"@id\":\"https:\/\/www.donatonigroup.com\/de\/#organization\"},\"potentialAction\":[{\"@type\":\"SearchAction\",\"target\":{\"@type\":\"EntryPoint\",\"urlTemplate\":\"https:\/\/www.donatonigroup.com\/de\/?s={search_term_string}\"},\"query-input\":{\"@type\":\"PropertyValueSpecification\",\"valueRequired\":true,\"valueName\":\"search_term_string\"}}],\"inLanguage\":\"de\"},{\"@type\":\"Organization\",\"@id\":\"https:\/\/www.donatonigroup.com\/de\/#organization\",\"name\":\"Donatoni Group\",\"url\":\"https:\/\/www.donatonigroup.com\/de\/\",\"logo\":{\"@type\":\"ImageObject\",\"inLanguage\":\"de\",\"@id\":\"https:\/\/www.donatonigroup.com\/de\/#\/schema\/logo\/image\/\",\"url\":\"http:\/\/www.donatonigroup.com\/wp-content\/uploads\/2023\/02\/donatoni-logo.png\",\"contentUrl\":\"http:\/\/www.donatonigroup.com\/wp-content\/uploads\/2023\/02\/donatoni-logo.png\",\"width\":800,\"height\":112,\"caption\":\"Donatoni Group\"},\"image\":{\"@id\":\"https:\/\/www.donatonigroup.com\/de\/#\/schema\/logo\/image\/\"},\"sameAs\":[\"https:\/\/www.facebook.com\/donatonimacchine\",\"https:\/\/instagram.com\/donatonigroup\/\",\"https:\/\/www.linkedin.com\/company\/donatoni-macchine-s-r-l\"]}]}<\/script>\n<!-- \/ Yoast SEO plugin. -->","yoast_head_json":{"title":"D 725 - Donatoni Group","robots":{"index":"index","follow":"follow","max-snippet":"max-snippet:-1","max-image-preview":"max-image-preview:large","max-video-preview":"max-video-preview:-1"},"canonical":"https:\/\/www.donatonigroup.com\/de\/maschine\/d725\/","og_locale":"de_DE","og_type":"article","og_title":"D 725 - Donatoni Group","og_description":"Breite Palette f\u00fcr unterschiedliche Schneidanforderungen Die DONATONI D725 ist eine CNC-Br\u00fcckenfr\u00e4smaschine mit 5\/6 interpolierten Achsen, die besonders vielseitig ist und sich f\u00fcr die Herstellung verschiedener Produkttypen eignet, wie z.B. K\u00fcchenplatten, Badezimmerplatten, Duschwannen, Gravuren, Basreliefs und verschiedene Geb\u00e4udeverkleidungen aus Marmor, Granit, Keramik und Kunststein. Mit dieser Maschine sind Schnitte bis zu 250 mm Tiefe und eine [&hellip;]","og_url":"https:\/\/www.donatonigroup.com\/de\/maschine\/d725\/","og_site_name":"Donatoni Group","article_publisher":"https:\/\/www.facebook.com\/donatonimacchine","article_modified_time":"2023-12-05T10:58:07+00:00","og_image":[{"width":1500,"height":935,"url":"https:\/\/www.donatonigroup.com\/wp-content\/uploads\/2023\/02\/D725-1500x9352-1.png","type":"image\/png"}],"twitter_card":"summary_large_image","twitter_misc":{"Gesch\u00e4tzte Lesezeit":"1\u00a0Minute"},"schema":{"@context":"https:\/\/schema.org","@graph":[{"@type":"WebPage","@id":"https:\/\/www.donatonigroup.com\/de\/maschine\/d725\/","url":"https:\/\/www.donatonigroup.com\/de\/maschine\/d725\/","name":"D 725 - Donatoni Group","isPartOf":{"@id":"https:\/\/www.donatonigroup.com\/de\/#website"},"primaryImageOfPage":{"@id":"https:\/\/www.donatonigroup.com\/de\/maschine\/d725\/#primaryimage"},"image":{"@id":"https:\/\/www.donatonigroup.com\/de\/maschine\/d725\/#primaryimage"},"thumbnailUrl":"https:\/\/www.donatonigroup.com\/wp-content\/uploads\/2023\/02\/D725-1500x9352-1.png","datePublished":"2023-02-08T14:19:36+00:00","dateModified":"2023-12-05T10:58:07+00:00","breadcrumb":{"@id":"https:\/\/www.donatonigroup.com\/de\/maschine\/d725\/#breadcrumb"},"inLanguage":"de","potentialAction":[{"@type":"ReadAction","target":["https:\/\/www.donatonigroup.com\/de\/maschine\/d725\/"]}]},{"@type":"ImageObject","inLanguage":"de","@id":"https:\/\/www.donatonigroup.com\/de\/maschine\/d725\/#primaryimage","url":"https:\/\/www.donatonigroup.com\/wp-content\/uploads\/2023\/02\/D725-1500x9352-1.png","contentUrl":"https:\/\/www.donatonigroup.com\/wp-content\/uploads\/2023\/02\/D725-1500x9352-1.png","width":1500,"height":935},{"@type":"BreadcrumbList","@id":"https:\/\/www.donatonigroup.com\/de\/maschine\/d725\/#breadcrumb","itemListElement":[{"@type":"ListItem","position":1,"name":"Home","item":"https:\/\/www.donatonigroup.com\/de\/"},{"@type":"ListItem","position":2,"name":"Katalogmaschine","item":"https:\/\/www.donatonigroup.com\/de\/katalogmaschine\/"},{"@type":"ListItem","position":3,"name":"D 725"}]},{"@type":"WebSite","@id":"https:\/\/www.donatonigroup.com\/de\/#website","url":"https:\/\/www.donatonigroup.com\/de\/","name":"Donatoni Group","description":"","publisher":{"@id":"https:\/\/www.donatonigroup.com\/de\/#organization"},"potentialAction":[{"@type":"SearchAction","target":{"@type":"EntryPoint","urlTemplate":"https:\/\/www.donatonigroup.com\/de\/?s={search_term_string}"},"query-input":{"@type":"PropertyValueSpecification","valueRequired":true,"valueName":"search_term_string"}}],"inLanguage":"de"},{"@type":"Organization","@id":"https:\/\/www.donatonigroup.com\/de\/#organization","name":"Donatoni Group","url":"https:\/\/www.donatonigroup.com\/de\/","logo":{"@type":"ImageObject","inLanguage":"de","@id":"https:\/\/www.donatonigroup.com\/de\/#\/schema\/logo\/image\/","url":"http:\/\/www.donatonigroup.com\/wp-content\/uploads\/2023\/02\/donatoni-logo.png","contentUrl":"http:\/\/www.donatonigroup.com\/wp-content\/uploads\/2023\/02\/donatoni-logo.png","width":800,"height":112,"caption":"Donatoni Group"},"image":{"@id":"https:\/\/www.donatonigroup.com\/de\/#\/schema\/logo\/image\/"},"sameAs":["https:\/\/www.facebook.com\/donatonimacchine","https:\/\/instagram.com\/donatonigroup\/","https:\/\/www.linkedin.com\/company\/donatoni-macchine-s-r-l"]}]}},"_links":{"self":[{"href":"https:\/\/www.donatonigroup.com\/de\/wp-json\/wp\/v2\/product\/12129","targetHints":{"allow":["GET"]}}],"collection":[{"href":"https:\/\/www.donatonigroup.com\/de\/wp-json\/wp\/v2\/product"}],"about":[{"href":"https:\/\/www.donatonigroup.com\/de\/wp-json\/wp\/v2\/types\/product"}],"wp:featuredmedia":[{"embeddable":true,"href":"https:\/\/www.donatonigroup.com\/de\/wp-json\/wp\/v2\/media\/6699"}],"wp:attachment":[{"href":"https:\/\/www.donatonigroup.com\/de\/wp-json\/wp\/v2\/media?parent=12129"}],"wp:term":[{"taxonomy":"product_brand","embeddable":true,"href":"https:\/\/www.donatonigroup.com\/de\/wp-json\/wp\/v2\/product_brand?post=12129"},{"taxonomy":"product_cat","embeddable":true,"href":"https:\/\/www.donatonigroup.com\/de\/wp-json\/wp\/v2\/product_cat?post=12129"},{"taxonomy":"product_tag","embeddable":true,"href":"https:\/\/www.donatonigroup.com\/de\/wp-json\/wp\/v2\/product_tag?post=12129"},{"taxonomy":"caratteristica","embeddable":true,"href":"https:\/\/www.donatonigroup.com\/de\/wp-json\/wp\/v2\/caratteristica?post=12129"},{"taxonomy":"serie","embeddable":true,"href":"https:\/\/www.donatonigroup.com\/de\/wp-json\/wp\/v2\/serie?post=12129"},{"taxonomy":"settore_di_applicazione","embeddable":true,"href":"https:\/\/www.donatonigroup.com\/de\/wp-json\/wp\/v2\/settore_di_applicazione?post=12129"}],"curies":[{"name":"wp","href":"https:\/\/api.w.org\/{rel}","templated":true}]}}