{"id":12911,"date":"2023-02-08T16:09:16","date_gmt":"2023-02-08T16:09:16","guid":{"rendered":"http:\/\/www.donatonigroup.com\/macchina\/twin-s3\/"},"modified":"2023-12-18T15:05:16","modified_gmt":"2023-12-18T15:05:16","slug":"twin-s3","status":"publish","type":"product","link":"https:\/\/www.donatonigroup.com\/de\/maschine\/twin-s3\/","title":{"rendered":"TWIN S3 Q"},"content":{"rendered":"<div data-el-id=\"5848dfb5-1f87-4e5e-acf2-dd44a5719d86\">\n<div data-el-id=\"5848dfb5-1f87-4e5e-acf2-dd44a5719d86-txt\">\n<div class=\"machine-template__description-title\">\n<div data-el-id=\"fb96e8aa-1985-4288-9f7e-948d513895a9\">\n<div data-el-id=\"fb96e8aa-1985-4288-9f7e-948d513895a9-txt\">\n<div class=\"machine-template__description-title\">\n<h3 class=\"machine-template__description-title-text\">Hochproduktive Maschinen mit Twin System Patent<\/h3>\n<\/div>\n<\/div>\n<\/div>\n<div data-el-id=\"93c6e076-bb2e-4a9e-a8ae-c3ebe7592c57\">\n<div class=\"\" data-el-id=\"b7ceae05-9bef-4a8f-a5aa-6c96d64a828d\">\n<div data-el-id=\"a7f8fdb2-98bf-4143-9db8-2983f22edb1f\">\n<div data-el-id=\"a2403db7-8284-42a0-a465-f9bcd99b4e50\">\n<div data-el-id=\"a2403db7-8284-42a0-a465-f9bcd99b4e50-html\"><strong>DONATONI TWIN S3Q<\/strong> ist eine CNC-Br\u00fcckenfr\u00e4smaschine mit <strong>5\/6 interpolierten<\/strong> Achsen, die mit dem <strong>TWIN-System<\/strong> ausgestattet ist: das von Donatoni Macchine <strong>patentierte System<\/strong>, das eine maximale Optimierung der Arbeit einer Br\u00fcckenfr\u00e4smaschine erm\u00f6glicht und die Produktionskapazit\u00e4t um mehr als 70% erh\u00f6ht. Sie erm\u00f6glicht eine breite Palette von Bearbeitungen, vom Schneiden bis zu einer Tiefe von 150 mm \u00fcber das Fr\u00e4sen und Bohren bis hin zur Formgebung.<\/div>\n<\/div>\n<\/div>\n<\/div>\n<\/div>\n<div data-el-id=\"71e9d813-0cbb-4660-be73-b1bf72d428ec\">\n<div data-el-id=\"71e9d813-0cbb-4660-be73-b1bf72d428ec-txt\">\n<div class=\"machine-template__description-description\">\n<p>Das Twin System besteht aus einem Doppeltisch mit automatischem Tischwechselsystem, der auf einer einteiligen Struktur mit Schienen ruht, auf denen die beiden Tische abwechselnd in den Schnittbereich und den Be-\/Entladebereich gleiten. Dadurch kann der Bediener am ersten Tisch Entlade-, Lade- und Programmiervorg\u00e4nge durchf\u00fchren, w\u00e4hrend die Maschine am zweiten Tisch arbeitet.<\/p>\n<p>Vorteile des TWIN-Systems:<\/p>\n<ul>\n<li>Erh\u00f6hung der Produktionsleistung.<\/li>\n<li>Ein-Mann-Bedienung.<\/li>\n<li>2 Fr\u00e4ser in 1: M\u00f6glichkeit, die Maschine als konventionelle Fr\u00e4smaschine zu verwenden und Werkst\u00fccke zu fr\u00e4sen.<\/li>\n<\/ul>\n<p>Die Gleitf\u00fchrungen werden in einem \u00d6lbad geschmiert (X- und Y-Achse).<\/p>\n<\/div>\n<\/div>\n<\/div>\n<\/div>\n<\/div>\n<\/div>\n","protected":false},"excerpt":{"rendered":"<p>Hochproduktive Maschinen mit Twin System Patent DONATONI TWIN S3Q ist eine CNC-Br\u00fcckenfr\u00e4smaschine mit 5\/6 interpolierten Achsen, die mit dem TWIN-System ausgestattet ist: das von Donatoni Macchine patentierte System, das eine maximale Optimierung der Arbeit einer Br\u00fcckenfr\u00e4smaschine erm\u00f6glicht und die Produktionskapazit\u00e4t um mehr als 70% erh\u00f6ht. Sie erm\u00f6glicht eine breite Palette von Bearbeitungen, vom Schneiden bis [&hellip;]<\/p>\n","protected":false},"featured_media":9376,"template":"","meta":{"_et_pb_use_builder":"","_et_pb_old_content":"","_et_gb_content_width":""},"product_brand":[],"product_cat":[2746],"product_tag":[],"caratteristica":[1327,1328,1329,2054,2748,2763,2970],"serie":[2971],"settore_di_applicazione":[1250,1251,1252],"class_list":{"0":"post-12911","1":"product","2":"type-product","3":"status-publish","4":"has-post-thumbnail","6":"product_cat-maschinen-mit-hoher-produktivitaet","7":"pa_assi-interpolati-5-de","8":"pa_consumo-acqua-50-de-2","9":"pa_consumo-aria-20-de","10":"pa_coppia-motore-elettro-tool-1216-s6-de","11":"pa_corsa-carrello-asse-x-3900-de","12":"pa_corsa-ponte-asse-y-2950-de","13":"pa_corsa-tastatore-lastra-300-de","14":"pa_corsa-ventose-245-de","15":"pa_diametro-albero-mandrino-50-de-2","16":"pa_diametro-massimo-disco-750-de","17":"pa_diametro-minimo-disco-350-de-2","18":"pa_dim-max-lastra-rib-3800x2400-de","19":"pa_dim-min-lastra-rib-1000x800-de","20":"pa_dimensione-banco-3800x2300x650-de","21":"pa_dimensione-banco-3800x2400x900-de","22":"pa_disco-max-tastatore-lastra-725-de","23":"pa_disco-max-uso-ventose-625-de","24":"pa_inclinazione-testa-assea-0-90-de-2","25":"pa_peso-complessivo-macchina-10050-de","26":"pa_peso-max-din-1-banco-1650-de","27":"pa_peso-max-sta-1-banco-3000-de","28":"pa_peso-tot-max-sollev-ventose-600-de","29":"pa_potenza-motore-tool-177-s6-de","30":"pa_potenza-totale-installata-37-de","31":"pa_profondita-max-di-taglio-260-de","32":"pa_range-vel-elettromandrino-t-0-5500-de","33":"pa_ripetibilita-posiz-asse-x-0-15-de","34":"pa_ripetibilita-posiz-asse-y-0-15-de","35":"pa_ripetibilita-posiz-asse-z-0-15-de","36":"pa_rotazione-testa-porta-disco-5-365-de-2","37":"pa_salita-discesa-assez-600-de","38":"pa_tempo-scambio-banchi-33-de","39":"pa_tensione-elettrica-standard-40010-50","40":"pa_velocita-avanzamento-banchi-20-de","41":"pa_velocita-max-carrello-asse-x-0-45-de","42":"pa_velocita-max-ponte-asse-y-0-45-de","43":"pa_velocita-max-teste-asse-z-0-6-de","44":"caratteristica-geringe-abmessungen","45":"caratteristica-einfach-und-schnell-zu-programmieren","46":"caratteristica-cnc-technologie-praezision-und-produktivitaet","47":"caratteristica-hohe-produktivitaet","48":"caratteristica-optimierung-des-schneidens","49":"caratteristica-keine-fundamente-erforderlich","50":"caratteristica-ein-mann-betrieb","51":"serie-twin-series-de","52":"settore_di_applicazione-artikel-fuer-das-baugewerbe","53":"settore_di_applicazione-fussboeden-und-wandverkleidungen","54":"settore_di_applicazione-kuechen-und-badezimmerplatten","56":"first","57":"instock","58":"shipping-taxable","59":"purchasable","60":"product-type-simple"},"acf":[],"yoast_head":"<!-- This site is optimized with the Yoast SEO plugin v25.8 - https:\/\/yoast.com\/wordpress\/plugins\/seo\/ -->\n<title>TWIN S3 Q - Donatoni Group<\/title>\n<meta name=\"robots\" content=\"index, follow, max-snippet:-1, max-image-preview:large, max-video-preview:-1\" \/>\n<link rel=\"canonical\" href=\"https:\/\/www.donatonigroup.com\/de\/maschine\/twin-s3\/\" \/>\n<meta property=\"og:locale\" content=\"de_DE\" \/>\n<meta property=\"og:type\" content=\"article\" \/>\n<meta property=\"og:title\" content=\"TWIN S3 Q - Donatoni Group\" \/>\n<meta property=\"og:description\" content=\"Hochproduktive Maschinen mit Twin System Patent DONATONI TWIN S3Q ist eine CNC-Br\u00fcckenfr\u00e4smaschine mit 5\/6 interpolierten Achsen, die mit dem TWIN-System ausgestattet ist: das von Donatoni Macchine patentierte System, das eine maximale Optimierung der Arbeit einer Br\u00fcckenfr\u00e4smaschine erm\u00f6glicht und die Produktionskapazit\u00e4t um mehr als 70% erh\u00f6ht. Sie erm\u00f6glicht eine breite Palette von Bearbeitungen, vom Schneiden bis [&hellip;]\" \/>\n<meta property=\"og:url\" content=\"https:\/\/www.donatonigroup.com\/de\/maschine\/twin-s3\/\" \/>\n<meta property=\"og:site_name\" content=\"Donatoni Group\" \/>\n<meta property=\"article:publisher\" content=\"https:\/\/www.facebook.com\/donatonimacchine\" \/>\n<meta property=\"article:modified_time\" content=\"2023-12-18T15:05:16+00:00\" \/>\n<meta property=\"og:image\" content=\"https:\/\/www.donatonigroup.com\/wp-content\/uploads\/2023\/02\/TWIN-S3Q-1500x9352-1.png\" \/>\n\t<meta property=\"og:image:width\" content=\"1500\" \/>\n\t<meta property=\"og:image:height\" content=\"935\" \/>\n\t<meta property=\"og:image:type\" content=\"image\/png\" \/>\n<meta name=\"twitter:card\" content=\"summary_large_image\" \/>\n<meta name=\"twitter:label1\" content=\"Gesch\u00e4tzte Lesezeit\" \/>\n\t<meta name=\"twitter:data1\" content=\"1\u00a0Minute\" \/>\n<script type=\"application\/ld+json\" class=\"yoast-schema-graph\">{\"@context\":\"https:\/\/schema.org\",\"@graph\":[{\"@type\":\"WebPage\",\"@id\":\"https:\/\/www.donatonigroup.com\/de\/maschine\/twin-s3\/\",\"url\":\"https:\/\/www.donatonigroup.com\/de\/maschine\/twin-s3\/\",\"name\":\"TWIN S3 Q - Donatoni Group\",\"isPartOf\":{\"@id\":\"https:\/\/www.donatonigroup.com\/de\/#website\"},\"primaryImageOfPage\":{\"@id\":\"https:\/\/www.donatonigroup.com\/de\/maschine\/twin-s3\/#primaryimage\"},\"image\":{\"@id\":\"https:\/\/www.donatonigroup.com\/de\/maschine\/twin-s3\/#primaryimage\"},\"thumbnailUrl\":\"https:\/\/www.donatonigroup.com\/wp-content\/uploads\/2023\/02\/TWIN-S3Q-1500x9352-1.png\",\"datePublished\":\"2023-02-08T16:09:16+00:00\",\"dateModified\":\"2023-12-18T15:05:16+00:00\",\"breadcrumb\":{\"@id\":\"https:\/\/www.donatonigroup.com\/de\/maschine\/twin-s3\/#breadcrumb\"},\"inLanguage\":\"de\",\"potentialAction\":[{\"@type\":\"ReadAction\",\"target\":[\"https:\/\/www.donatonigroup.com\/de\/maschine\/twin-s3\/\"]}]},{\"@type\":\"ImageObject\",\"inLanguage\":\"de\",\"@id\":\"https:\/\/www.donatonigroup.com\/de\/maschine\/twin-s3\/#primaryimage\",\"url\":\"https:\/\/www.donatonigroup.com\/wp-content\/uploads\/2023\/02\/TWIN-S3Q-1500x9352-1.png\",\"contentUrl\":\"https:\/\/www.donatonigroup.com\/wp-content\/uploads\/2023\/02\/TWIN-S3Q-1500x9352-1.png\",\"width\":1500,\"height\":935},{\"@type\":\"BreadcrumbList\",\"@id\":\"https:\/\/www.donatonigroup.com\/de\/maschine\/twin-s3\/#breadcrumb\",\"itemListElement\":[{\"@type\":\"ListItem\",\"position\":1,\"name\":\"Home\",\"item\":\"https:\/\/www.donatonigroup.com\/de\/\"},{\"@type\":\"ListItem\",\"position\":2,\"name\":\"Katalogmaschine\",\"item\":\"https:\/\/www.donatonigroup.com\/de\/katalogmaschine\/\"},{\"@type\":\"ListItem\",\"position\":3,\"name\":\"TWIN S3 Q\"}]},{\"@type\":\"WebSite\",\"@id\":\"https:\/\/www.donatonigroup.com\/de\/#website\",\"url\":\"https:\/\/www.donatonigroup.com\/de\/\",\"name\":\"Donatoni Group\",\"description\":\"\",\"publisher\":{\"@id\":\"https:\/\/www.donatonigroup.com\/de\/#organization\"},\"potentialAction\":[{\"@type\":\"SearchAction\",\"target\":{\"@type\":\"EntryPoint\",\"urlTemplate\":\"https:\/\/www.donatonigroup.com\/de\/?s={search_term_string}\"},\"query-input\":{\"@type\":\"PropertyValueSpecification\",\"valueRequired\":true,\"valueName\":\"search_term_string\"}}],\"inLanguage\":\"de\"},{\"@type\":\"Organization\",\"@id\":\"https:\/\/www.donatonigroup.com\/de\/#organization\",\"name\":\"Donatoni Group\",\"url\":\"https:\/\/www.donatonigroup.com\/de\/\",\"logo\":{\"@type\":\"ImageObject\",\"inLanguage\":\"de\",\"@id\":\"https:\/\/www.donatonigroup.com\/de\/#\/schema\/logo\/image\/\",\"url\":\"http:\/\/www.donatonigroup.com\/wp-content\/uploads\/2023\/02\/donatoni-logo.png\",\"contentUrl\":\"http:\/\/www.donatonigroup.com\/wp-content\/uploads\/2023\/02\/donatoni-logo.png\",\"width\":800,\"height\":112,\"caption\":\"Donatoni Group\"},\"image\":{\"@id\":\"https:\/\/www.donatonigroup.com\/de\/#\/schema\/logo\/image\/\"},\"sameAs\":[\"https:\/\/www.facebook.com\/donatonimacchine\",\"https:\/\/instagram.com\/donatonigroup\/\",\"https:\/\/www.linkedin.com\/company\/donatoni-macchine-s-r-l\"]}]}<\/script>\n<!-- \/ Yoast SEO plugin. -->","yoast_head_json":{"title":"TWIN S3 Q - Donatoni Group","robots":{"index":"index","follow":"follow","max-snippet":"max-snippet:-1","max-image-preview":"max-image-preview:large","max-video-preview":"max-video-preview:-1"},"canonical":"https:\/\/www.donatonigroup.com\/de\/maschine\/twin-s3\/","og_locale":"de_DE","og_type":"article","og_title":"TWIN S3 Q - Donatoni Group","og_description":"Hochproduktive Maschinen mit Twin System Patent DONATONI TWIN S3Q ist eine CNC-Br\u00fcckenfr\u00e4smaschine mit 5\/6 interpolierten Achsen, die mit dem TWIN-System ausgestattet ist: das von Donatoni Macchine patentierte System, das eine maximale Optimierung der Arbeit einer Br\u00fcckenfr\u00e4smaschine erm\u00f6glicht und die Produktionskapazit\u00e4t um mehr als 70% erh\u00f6ht. Sie erm\u00f6glicht eine breite Palette von Bearbeitungen, vom Schneiden bis [&hellip;]","og_url":"https:\/\/www.donatonigroup.com\/de\/maschine\/twin-s3\/","og_site_name":"Donatoni Group","article_publisher":"https:\/\/www.facebook.com\/donatonimacchine","article_modified_time":"2023-12-18T15:05:16+00:00","og_image":[{"width":1500,"height":935,"url":"https:\/\/www.donatonigroup.com\/wp-content\/uploads\/2023\/02\/TWIN-S3Q-1500x9352-1.png","type":"image\/png"}],"twitter_card":"summary_large_image","twitter_misc":{"Gesch\u00e4tzte Lesezeit":"1\u00a0Minute"},"schema":{"@context":"https:\/\/schema.org","@graph":[{"@type":"WebPage","@id":"https:\/\/www.donatonigroup.com\/de\/maschine\/twin-s3\/","url":"https:\/\/www.donatonigroup.com\/de\/maschine\/twin-s3\/","name":"TWIN S3 Q - Donatoni Group","isPartOf":{"@id":"https:\/\/www.donatonigroup.com\/de\/#website"},"primaryImageOfPage":{"@id":"https:\/\/www.donatonigroup.com\/de\/maschine\/twin-s3\/#primaryimage"},"image":{"@id":"https:\/\/www.donatonigroup.com\/de\/maschine\/twin-s3\/#primaryimage"},"thumbnailUrl":"https:\/\/www.donatonigroup.com\/wp-content\/uploads\/2023\/02\/TWIN-S3Q-1500x9352-1.png","datePublished":"2023-02-08T16:09:16+00:00","dateModified":"2023-12-18T15:05:16+00:00","breadcrumb":{"@id":"https:\/\/www.donatonigroup.com\/de\/maschine\/twin-s3\/#breadcrumb"},"inLanguage":"de","potentialAction":[{"@type":"ReadAction","target":["https:\/\/www.donatonigroup.com\/de\/maschine\/twin-s3\/"]}]},{"@type":"ImageObject","inLanguage":"de","@id":"https:\/\/www.donatonigroup.com\/de\/maschine\/twin-s3\/#primaryimage","url":"https:\/\/www.donatonigroup.com\/wp-content\/uploads\/2023\/02\/TWIN-S3Q-1500x9352-1.png","contentUrl":"https:\/\/www.donatonigroup.com\/wp-content\/uploads\/2023\/02\/TWIN-S3Q-1500x9352-1.png","width":1500,"height":935},{"@type":"BreadcrumbList","@id":"https:\/\/www.donatonigroup.com\/de\/maschine\/twin-s3\/#breadcrumb","itemListElement":[{"@type":"ListItem","position":1,"name":"Home","item":"https:\/\/www.donatonigroup.com\/de\/"},{"@type":"ListItem","position":2,"name":"Katalogmaschine","item":"https:\/\/www.donatonigroup.com\/de\/katalogmaschine\/"},{"@type":"ListItem","position":3,"name":"TWIN S3 Q"}]},{"@type":"WebSite","@id":"https:\/\/www.donatonigroup.com\/de\/#website","url":"https:\/\/www.donatonigroup.com\/de\/","name":"Donatoni Group","description":"","publisher":{"@id":"https:\/\/www.donatonigroup.com\/de\/#organization"},"potentialAction":[{"@type":"SearchAction","target":{"@type":"EntryPoint","urlTemplate":"https:\/\/www.donatonigroup.com\/de\/?s={search_term_string}"},"query-input":{"@type":"PropertyValueSpecification","valueRequired":true,"valueName":"search_term_string"}}],"inLanguage":"de"},{"@type":"Organization","@id":"https:\/\/www.donatonigroup.com\/de\/#organization","name":"Donatoni Group","url":"https:\/\/www.donatonigroup.com\/de\/","logo":{"@type":"ImageObject","inLanguage":"de","@id":"https:\/\/www.donatonigroup.com\/de\/#\/schema\/logo\/image\/","url":"http:\/\/www.donatonigroup.com\/wp-content\/uploads\/2023\/02\/donatoni-logo.png","contentUrl":"http:\/\/www.donatonigroup.com\/wp-content\/uploads\/2023\/02\/donatoni-logo.png","width":800,"height":112,"caption":"Donatoni Group"},"image":{"@id":"https:\/\/www.donatonigroup.com\/de\/#\/schema\/logo\/image\/"},"sameAs":["https:\/\/www.facebook.com\/donatonimacchine","https:\/\/instagram.com\/donatonigroup\/","https:\/\/www.linkedin.com\/company\/donatoni-macchine-s-r-l"]}]}},"_links":{"self":[{"href":"https:\/\/www.donatonigroup.com\/de\/wp-json\/wp\/v2\/product\/12911","targetHints":{"allow":["GET"]}}],"collection":[{"href":"https:\/\/www.donatonigroup.com\/de\/wp-json\/wp\/v2\/product"}],"about":[{"href":"https:\/\/www.donatonigroup.com\/de\/wp-json\/wp\/v2\/types\/product"}],"wp:featuredmedia":[{"embeddable":true,"href":"https:\/\/www.donatonigroup.com\/de\/wp-json\/wp\/v2\/media\/9376"}],"wp:attachment":[{"href":"https:\/\/www.donatonigroup.com\/de\/wp-json\/wp\/v2\/media?parent=12911"}],"wp:term":[{"taxonomy":"product_brand","embeddable":true,"href":"https:\/\/www.donatonigroup.com\/de\/wp-json\/wp\/v2\/product_brand?post=12911"},{"taxonomy":"product_cat","embeddable":true,"href":"https:\/\/www.donatonigroup.com\/de\/wp-json\/wp\/v2\/product_cat?post=12911"},{"taxonomy":"product_tag","embeddable":true,"href":"https:\/\/www.donatonigroup.com\/de\/wp-json\/wp\/v2\/product_tag?post=12911"},{"taxonomy":"caratteristica","embeddable":true,"href":"https:\/\/www.donatonigroup.com\/de\/wp-json\/wp\/v2\/caratteristica?post=12911"},{"taxonomy":"serie","embeddable":true,"href":"https:\/\/www.donatonigroup.com\/de\/wp-json\/wp\/v2\/serie?post=12911"},{"taxonomy":"settore_di_applicazione","embeddable":true,"href":"https:\/\/www.donatonigroup.com\/de\/wp-json\/wp\/v2\/settore_di_applicazione?post=12911"}],"curies":[{"name":"wp","href":"https:\/\/api.w.org\/{rel}","templated":true}]}}