{"id":12964,"date":"2023-12-20T11:10:22","date_gmt":"2023-12-20T11:10:22","guid":{"rendered":"http:\/\/www.donatonigroup.com\/macchina\/arm-2\/"},"modified":"2023-12-20T15:10:20","modified_gmt":"2023-12-20T15:10:20","slug":"arm-2","status":"publish","type":"product","link":"https:\/\/www.donatonigroup.com\/de\/maschine\/arm-2\/","title":{"rendered":"ARM 2"},"content":{"rendered":"<p><strong>Hochproduktive Linie<\/strong><\/p>\n<p>Roboter-Palettierlinie ideal f\u00fcr hochproduktive Prozesse.<\/p>\n<p>DONATONI ARM 2 ist eine <strong>hochproduktive Linie<\/strong> mit <strong>Transportrollen und einem Palettierroboter<\/strong> f\u00fcr die Herstellung von Einheitsfliesen und -kacheln. Durch den Einsatz von integrierten Transportrollen wird der Produktfluss reibungslos und kontinuierlich gesteuert, wodurch die Bearbeitungszeit optimiert wird.<\/p>\n<p>Das Herzst\u00fcck des Systems ist <strong>der Palettierroboter<\/strong>, der mit einem <strong>Mehrfachsockelgreifer<\/strong> ausgestattet ist, mit dem mehrere Teile gleichzeitig gegriffen werden k\u00f6nnen. Diese Funktion erm\u00f6glicht eine schnelle und pr\u00e4zise Palettierung, reduziert die Maschinenstillstandszeiten und steigert die Gesamtproduktivit\u00e4t der Linie.<\/p>\n<p>Mit DONATONI ARM 2 erreichen Sie die <strong>maximale Produktivit\u00e4t<\/strong> Ihrer Produktionslinie.<\/p>\n","protected":false},"excerpt":{"rendered":"<p>Hochproduktive Linie Roboter-Palettierlinie ideal f\u00fcr hochproduktive Prozesse. DONATONI ARM 2 ist eine hochproduktive Linie mit Transportrollen und einem Palettierroboter f\u00fcr die Herstellung von Einheitsfliesen und -kacheln. Durch den Einsatz von integrierten Transportrollen wird der Produktfluss reibungslos und kontinuierlich gesteuert, wodurch die Bearbeitungszeit optimiert wird. Das Herzst\u00fcck des Systems ist der Palettierroboter, der mit einem Mehrfachsockelgreifer [&hellip;]<\/p>\n","protected":false},"featured_media":12922,"template":"","meta":{"_et_pb_use_builder":"","_et_pb_old_content":"","_et_gb_content_width":""},"product_brand":[],"product_cat":[1234],"product_tag":[],"caratteristica":[1326,2028,2054,2055,2757,2758],"serie":[2961],"settore_di_applicazione":[1249,1250,1251,1252],"class_list":{"0":"post-12964","1":"product","2":"type-product","3":"status-publish","4":"has-post-thumbnail","6":"product_cat-robotersysteme","7":"pa_assi-interpolati-6-de","8":"pa_classe-di-protezione-polso-67-de","9":"pa_classe-protezione-65-de","10":"pa_consumo-aria-6-bar-20-de","11":"pa_dimensioni-max-pezzo-in-pres-1200-x-1200-de","12":"pa_dimensioni-min-pezzo-in-pres-250-x-200-de","13":"pa_max-raggio-dazione-3100-de","14":"pa_num-max-pezzi-in-presa-4-de","15":"pa_peso-massimo-pezzo-in-presa-125-de","16":"pa_peso-solo-robot-1134-de","17":"pa_portata-al-polso-210-de","18":"pa_potenza-pompa-a-vuoto-4-de-2","19":"pa_potenza-totale-installata-22-129-de","20":"pa_sistema-di-controllo-kr-c5-de","21":"pa_tensione-elettrica-standard-40010-50","22":"caratteristica-flexibilitaet-in-der-produktion","23":"caratteristica-extrem-vielseitig","24":"caratteristica-hohe-produktivitaet","25":"caratteristica-ideal-fuer-die-massenproduktion","26":"caratteristica-automazione-processo-produttivo-de","27":"caratteristica-riduzione-costi-di-lavorazione-de","28":"serie-arm-series-de","29":"settore_di_applicazione-grosse-projekte","30":"settore_di_applicazione-artikel-fuer-das-baugewerbe","31":"settore_di_applicazione-fussboeden-und-wandverkleidungen","32":"settore_di_applicazione-kuechen-und-badezimmerplatten","34":"first","35":"instock","36":"shipping-taxable","37":"product-type-simple"},"acf":[],"yoast_head":"<!-- This site is optimized with the Yoast SEO plugin v25.8 - https:\/\/yoast.com\/wordpress\/plugins\/seo\/ -->\n<title>ARM 2 - Donatoni Group<\/title>\n<meta name=\"robots\" content=\"index, follow, max-snippet:-1, max-image-preview:large, max-video-preview:-1\" \/>\n<link rel=\"canonical\" href=\"https:\/\/www.donatonigroup.com\/de\/maschine\/arm-2\/\" \/>\n<meta property=\"og:locale\" content=\"de_DE\" \/>\n<meta property=\"og:type\" content=\"article\" \/>\n<meta property=\"og:title\" content=\"ARM 2 - Donatoni Group\" \/>\n<meta property=\"og:description\" content=\"Hochproduktive Linie Roboter-Palettierlinie ideal f\u00fcr hochproduktive Prozesse. DONATONI ARM 2 ist eine hochproduktive Linie mit Transportrollen und einem Palettierroboter f\u00fcr die Herstellung von Einheitsfliesen und -kacheln. Durch den Einsatz von integrierten Transportrollen wird der Produktfluss reibungslos und kontinuierlich gesteuert, wodurch die Bearbeitungszeit optimiert wird. Das Herzst\u00fcck des Systems ist der Palettierroboter, der mit einem Mehrfachsockelgreifer [&hellip;]\" \/>\n<meta property=\"og:url\" content=\"https:\/\/www.donatonigroup.com\/de\/maschine\/arm-2\/\" \/>\n<meta property=\"og:site_name\" content=\"Donatoni Group\" \/>\n<meta property=\"article:publisher\" content=\"https:\/\/www.facebook.com\/donatonimacchine\" \/>\n<meta property=\"article:modified_time\" content=\"2023-12-20T15:10:20+00:00\" \/>\n<meta property=\"og:image\" content=\"https:\/\/www.donatonigroup.com\/wp-content\/uploads\/2023\/12\/ARM_2023-senza-sfondo.png\" \/>\n\t<meta property=\"og:image:width\" content=\"2000\" \/>\n\t<meta property=\"og:image:height\" content=\"2000\" \/>\n\t<meta property=\"og:image:type\" content=\"image\/png\" \/>\n<meta name=\"twitter:card\" content=\"summary_large_image\" \/>\n<script type=\"application\/ld+json\" class=\"yoast-schema-graph\">{\"@context\":\"https:\/\/schema.org\",\"@graph\":[{\"@type\":\"WebPage\",\"@id\":\"https:\/\/www.donatonigroup.com\/de\/maschine\/arm-2\/\",\"url\":\"https:\/\/www.donatonigroup.com\/de\/maschine\/arm-2\/\",\"name\":\"ARM 2 - Donatoni Group\",\"isPartOf\":{\"@id\":\"https:\/\/www.donatonigroup.com\/de\/#website\"},\"primaryImageOfPage\":{\"@id\":\"https:\/\/www.donatonigroup.com\/de\/maschine\/arm-2\/#primaryimage\"},\"image\":{\"@id\":\"https:\/\/www.donatonigroup.com\/de\/maschine\/arm-2\/#primaryimage\"},\"thumbnailUrl\":\"https:\/\/www.donatonigroup.com\/wp-content\/uploads\/2023\/12\/ARM_2023-senza-sfondo.png\",\"datePublished\":\"2023-12-20T11:10:22+00:00\",\"dateModified\":\"2023-12-20T15:10:20+00:00\",\"breadcrumb\":{\"@id\":\"https:\/\/www.donatonigroup.com\/de\/maschine\/arm-2\/#breadcrumb\"},\"inLanguage\":\"de\",\"potentialAction\":[{\"@type\":\"ReadAction\",\"target\":[\"https:\/\/www.donatonigroup.com\/de\/maschine\/arm-2\/\"]}]},{\"@type\":\"ImageObject\",\"inLanguage\":\"de\",\"@id\":\"https:\/\/www.donatonigroup.com\/de\/maschine\/arm-2\/#primaryimage\",\"url\":\"https:\/\/www.donatonigroup.com\/wp-content\/uploads\/2023\/12\/ARM_2023-senza-sfondo.png\",\"contentUrl\":\"https:\/\/www.donatonigroup.com\/wp-content\/uploads\/2023\/12\/ARM_2023-senza-sfondo.png\",\"width\":2000,\"height\":2000},{\"@type\":\"BreadcrumbList\",\"@id\":\"https:\/\/www.donatonigroup.com\/de\/maschine\/arm-2\/#breadcrumb\",\"itemListElement\":[{\"@type\":\"ListItem\",\"position\":1,\"name\":\"Home\",\"item\":\"https:\/\/www.donatonigroup.com\/de\/\"},{\"@type\":\"ListItem\",\"position\":2,\"name\":\"Katalogmaschine\",\"item\":\"https:\/\/www.donatonigroup.com\/de\/katalogmaschine\/\"},{\"@type\":\"ListItem\",\"position\":3,\"name\":\"ARM 2\"}]},{\"@type\":\"WebSite\",\"@id\":\"https:\/\/www.donatonigroup.com\/de\/#website\",\"url\":\"https:\/\/www.donatonigroup.com\/de\/\",\"name\":\"Donatoni Group\",\"description\":\"\",\"publisher\":{\"@id\":\"https:\/\/www.donatonigroup.com\/de\/#organization\"},\"potentialAction\":[{\"@type\":\"SearchAction\",\"target\":{\"@type\":\"EntryPoint\",\"urlTemplate\":\"https:\/\/www.donatonigroup.com\/de\/?s={search_term_string}\"},\"query-input\":{\"@type\":\"PropertyValueSpecification\",\"valueRequired\":true,\"valueName\":\"search_term_string\"}}],\"inLanguage\":\"de\"},{\"@type\":\"Organization\",\"@id\":\"https:\/\/www.donatonigroup.com\/de\/#organization\",\"name\":\"Donatoni Group\",\"url\":\"https:\/\/www.donatonigroup.com\/de\/\",\"logo\":{\"@type\":\"ImageObject\",\"inLanguage\":\"de\",\"@id\":\"https:\/\/www.donatonigroup.com\/de\/#\/schema\/logo\/image\/\",\"url\":\"http:\/\/www.donatonigroup.com\/wp-content\/uploads\/2023\/02\/donatoni-logo.png\",\"contentUrl\":\"http:\/\/www.donatonigroup.com\/wp-content\/uploads\/2023\/02\/donatoni-logo.png\",\"width\":800,\"height\":112,\"caption\":\"Donatoni Group\"},\"image\":{\"@id\":\"https:\/\/www.donatonigroup.com\/de\/#\/schema\/logo\/image\/\"},\"sameAs\":[\"https:\/\/www.facebook.com\/donatonimacchine\",\"https:\/\/instagram.com\/donatonigroup\/\",\"https:\/\/www.linkedin.com\/company\/donatoni-macchine-s-r-l\"]}]}<\/script>\n<!-- \/ Yoast SEO plugin. -->","yoast_head_json":{"title":"ARM 2 - Donatoni Group","robots":{"index":"index","follow":"follow","max-snippet":"max-snippet:-1","max-image-preview":"max-image-preview:large","max-video-preview":"max-video-preview:-1"},"canonical":"https:\/\/www.donatonigroup.com\/de\/maschine\/arm-2\/","og_locale":"de_DE","og_type":"article","og_title":"ARM 2 - Donatoni Group","og_description":"Hochproduktive Linie Roboter-Palettierlinie ideal f\u00fcr hochproduktive Prozesse. DONATONI ARM 2 ist eine hochproduktive Linie mit Transportrollen und einem Palettierroboter f\u00fcr die Herstellung von Einheitsfliesen und -kacheln. Durch den Einsatz von integrierten Transportrollen wird der Produktfluss reibungslos und kontinuierlich gesteuert, wodurch die Bearbeitungszeit optimiert wird. Das Herzst\u00fcck des Systems ist der Palettierroboter, der mit einem Mehrfachsockelgreifer [&hellip;]","og_url":"https:\/\/www.donatonigroup.com\/de\/maschine\/arm-2\/","og_site_name":"Donatoni Group","article_publisher":"https:\/\/www.facebook.com\/donatonimacchine","article_modified_time":"2023-12-20T15:10:20+00:00","og_image":[{"width":2000,"height":2000,"url":"https:\/\/www.donatonigroup.com\/wp-content\/uploads\/2023\/12\/ARM_2023-senza-sfondo.png","type":"image\/png"}],"twitter_card":"summary_large_image","schema":{"@context":"https:\/\/schema.org","@graph":[{"@type":"WebPage","@id":"https:\/\/www.donatonigroup.com\/de\/maschine\/arm-2\/","url":"https:\/\/www.donatonigroup.com\/de\/maschine\/arm-2\/","name":"ARM 2 - Donatoni Group","isPartOf":{"@id":"https:\/\/www.donatonigroup.com\/de\/#website"},"primaryImageOfPage":{"@id":"https:\/\/www.donatonigroup.com\/de\/maschine\/arm-2\/#primaryimage"},"image":{"@id":"https:\/\/www.donatonigroup.com\/de\/maschine\/arm-2\/#primaryimage"},"thumbnailUrl":"https:\/\/www.donatonigroup.com\/wp-content\/uploads\/2023\/12\/ARM_2023-senza-sfondo.png","datePublished":"2023-12-20T11:10:22+00:00","dateModified":"2023-12-20T15:10:20+00:00","breadcrumb":{"@id":"https:\/\/www.donatonigroup.com\/de\/maschine\/arm-2\/#breadcrumb"},"inLanguage":"de","potentialAction":[{"@type":"ReadAction","target":["https:\/\/www.donatonigroup.com\/de\/maschine\/arm-2\/"]}]},{"@type":"ImageObject","inLanguage":"de","@id":"https:\/\/www.donatonigroup.com\/de\/maschine\/arm-2\/#primaryimage","url":"https:\/\/www.donatonigroup.com\/wp-content\/uploads\/2023\/12\/ARM_2023-senza-sfondo.png","contentUrl":"https:\/\/www.donatonigroup.com\/wp-content\/uploads\/2023\/12\/ARM_2023-senza-sfondo.png","width":2000,"height":2000},{"@type":"BreadcrumbList","@id":"https:\/\/www.donatonigroup.com\/de\/maschine\/arm-2\/#breadcrumb","itemListElement":[{"@type":"ListItem","position":1,"name":"Home","item":"https:\/\/www.donatonigroup.com\/de\/"},{"@type":"ListItem","position":2,"name":"Katalogmaschine","item":"https:\/\/www.donatonigroup.com\/de\/katalogmaschine\/"},{"@type":"ListItem","position":3,"name":"ARM 2"}]},{"@type":"WebSite","@id":"https:\/\/www.donatonigroup.com\/de\/#website","url":"https:\/\/www.donatonigroup.com\/de\/","name":"Donatoni Group","description":"","publisher":{"@id":"https:\/\/www.donatonigroup.com\/de\/#organization"},"potentialAction":[{"@type":"SearchAction","target":{"@type":"EntryPoint","urlTemplate":"https:\/\/www.donatonigroup.com\/de\/?s={search_term_string}"},"query-input":{"@type":"PropertyValueSpecification","valueRequired":true,"valueName":"search_term_string"}}],"inLanguage":"de"},{"@type":"Organization","@id":"https:\/\/www.donatonigroup.com\/de\/#organization","name":"Donatoni Group","url":"https:\/\/www.donatonigroup.com\/de\/","logo":{"@type":"ImageObject","inLanguage":"de","@id":"https:\/\/www.donatonigroup.com\/de\/#\/schema\/logo\/image\/","url":"http:\/\/www.donatonigroup.com\/wp-content\/uploads\/2023\/02\/donatoni-logo.png","contentUrl":"http:\/\/www.donatonigroup.com\/wp-content\/uploads\/2023\/02\/donatoni-logo.png","width":800,"height":112,"caption":"Donatoni Group"},"image":{"@id":"https:\/\/www.donatonigroup.com\/de\/#\/schema\/logo\/image\/"},"sameAs":["https:\/\/www.facebook.com\/donatonimacchine","https:\/\/instagram.com\/donatonigroup\/","https:\/\/www.linkedin.com\/company\/donatoni-macchine-s-r-l"]}]}},"_links":{"self":[{"href":"https:\/\/www.donatonigroup.com\/de\/wp-json\/wp\/v2\/product\/12964","targetHints":{"allow":["GET"]}}],"collection":[{"href":"https:\/\/www.donatonigroup.com\/de\/wp-json\/wp\/v2\/product"}],"about":[{"href":"https:\/\/www.donatonigroup.com\/de\/wp-json\/wp\/v2\/types\/product"}],"wp:featuredmedia":[{"embeddable":true,"href":"https:\/\/www.donatonigroup.com\/de\/wp-json\/wp\/v2\/media\/12922"}],"wp:attachment":[{"href":"https:\/\/www.donatonigroup.com\/de\/wp-json\/wp\/v2\/media?parent=12964"}],"wp:term":[{"taxonomy":"product_brand","embeddable":true,"href":"https:\/\/www.donatonigroup.com\/de\/wp-json\/wp\/v2\/product_brand?post=12964"},{"taxonomy":"product_cat","embeddable":true,"href":"https:\/\/www.donatonigroup.com\/de\/wp-json\/wp\/v2\/product_cat?post=12964"},{"taxonomy":"product_tag","embeddable":true,"href":"https:\/\/www.donatonigroup.com\/de\/wp-json\/wp\/v2\/product_tag?post=12964"},{"taxonomy":"caratteristica","embeddable":true,"href":"https:\/\/www.donatonigroup.com\/de\/wp-json\/wp\/v2\/caratteristica?post=12964"},{"taxonomy":"serie","embeddable":true,"href":"https:\/\/www.donatonigroup.com\/de\/wp-json\/wp\/v2\/serie?post=12964"},{"taxonomy":"settore_di_applicazione","embeddable":true,"href":"https:\/\/www.donatonigroup.com\/de\/wp-json\/wp\/v2\/settore_di_applicazione?post=12964"}],"curies":[{"name":"wp","href":"https:\/\/api.w.org\/{rel}","templated":true}]}}