{"id":13001,"date":"2023-12-20T16:26:22","date_gmt":"2023-12-20T16:26:22","guid":{"rendered":"http:\/\/www.donatonigroup.com\/macchina\/arm-3\/"},"modified":"2023-12-20T16:26:22","modified_gmt":"2023-12-20T16:26:22","slug":"arm-3","status":"publish","type":"product","link":"https:\/\/www.donatonigroup.com\/de\/maschine\/arm-3\/","title":{"rendered":"ARM 3"},"content":{"rendered":"<p><strong>K\u00fcchenproduktionslinie<\/strong><\/p>\n<p>Palletierungsanlage, speziell entworfen f\u00fcr die Herstellung von Arbeitsplatten und Verkleidungen f\u00fcr K\u00fcchen<\/p>\n<p>DONATONI ARM 3 ist eine automatisierte Produktionslinie, die f\u00fcr die <strong>Herstellung von K\u00fcchen<\/strong> entwickelt wurde und <strong>optimiert ist, um alle Komponenten zu verarbeiten, die f\u00fcr diese Art von Produktion charakteristisch sind<\/strong>: Arbeitsplatten, Inseln, Kanten, R\u00fcckw\u00e4nde und Ausschnitte. Der Arbeitsprozess wurde in jedem Aspekt sorgf\u00e4ltig studiert, um Ihnen ein <strong>hocheffizientes und vielseitiges System<\/strong> zu bieten. <\/p>\n<p>Die Technologie von DONATONI und unsere intelligenten Systeme erm\u00f6glichen es dem Kunden, den <strong>Arbeitsablauf zu optimieren<\/strong>, die Produktionszeiten zu reduzieren und die Gesamteffizienz zu maximieren. Unabh\u00e4ngig von den Abmessungen oder Merkmalen der St\u00fccke kann die DONATONI ARM 3-Produktionslinie diese <strong>pr\u00e4zise und genau verarbeiten.<\/strong><\/p>\n<p>Mit DONATONI ARM 3 erhalten Sie die beste automatisierte Produktionslinie zur Bearbeitung von St\u00fccken aus Marmor, Granit oder anderen nat\u00fcrlichen oder synthetischen Materialien, die bei <strong>der Herstellung von K\u00fcchen verwendet werden.<\/strong><\/p>\n","protected":false},"excerpt":{"rendered":"<p>K\u00fcchenproduktionslinie Palletierungsanlage, speziell entworfen f\u00fcr die Herstellung von Arbeitsplatten und Verkleidungen f\u00fcr K\u00fcchen DONATONI ARM 3 ist eine automatisierte Produktionslinie, die f\u00fcr die Herstellung von K\u00fcchen entwickelt wurde und optimiert ist, um alle Komponenten zu verarbeiten, die f\u00fcr diese Art von Produktion charakteristisch sind: Arbeitsplatten, Inseln, Kanten, R\u00fcckw\u00e4nde und Ausschnitte. Der Arbeitsprozess wurde in jedem [&hellip;]<\/p>\n","protected":false},"featured_media":12973,"template":"","meta":{"_et_pb_use_builder":"","_et_pb_old_content":"","_et_gb_content_width":""},"product_brand":[],"product_cat":[1234],"product_tag":[],"caratteristica":[1326,1328,2028,2054,2055,2757,2758],"serie":[2961],"settore_di_applicazione":[1248,1250,1251,1252],"class_list":{"0":"post-13001","1":"product","2":"type-product","3":"status-publish","4":"has-post-thumbnail","6":"product_cat-robotersysteme","7":"pa_assi-interpolati-7-de","8":"pa_classe-di-protezione-polso-67-de","9":"pa_classe-protezione-65-de","10":"pa_consumo-aria-6-bar-20-de","11":"pa_dimensioni-max-pezzo-in-pres-3400-x-1700-de","12":"pa_dimensioni-min-pezzo-in-pres-600-x-50-de","13":"pa_max-raggio-dazione-3330-de","14":"pa_num-max-pezzi-in-presa-1-de","15":"pa_peso-massimo-pezzo-in-presa-280-de","16":"pa_peso-solo-robot-2686-de","17":"pa_portata-al-polso-420-de","18":"pa_potenza-pompa-a-vuoto-4-de-2","19":"pa_potenza-totale-installata-27-30-de","20":"pa_sistema-di-controllo-kr-c5-de","21":"pa_tensione-elettrica-standard-40010-50","22":"caratteristica-flexibilitaet-in-der-produktion","23":"caratteristica-einfach-und-schnell-zu-programmieren","24":"caratteristica-extrem-vielseitig","25":"caratteristica-hohe-produktivitaet","26":"caratteristica-ideal-fuer-die-massenproduktion","27":"caratteristica-automazione-processo-produttivo-de","28":"caratteristica-riduzione-costi-di-lavorazione-de","29":"serie-arm-series-de","30":"settore_di_applicazione-design-und-skulpturen","31":"settore_di_applicazione-artikel-fuer-das-baugewerbe","32":"settore_di_applicazione-fussboeden-und-wandverkleidungen","33":"settore_di_applicazione-kuechen-und-badezimmerplatten","35":"first","36":"instock","37":"shipping-taxable","38":"product-type-simple"},"acf":[],"yoast_head":"<!-- This site is optimized with the Yoast SEO plugin v25.8 - https:\/\/yoast.com\/wordpress\/plugins\/seo\/ -->\n<title>ARM 3 - Donatoni Group<\/title>\n<meta name=\"robots\" content=\"index, follow, max-snippet:-1, max-image-preview:large, max-video-preview:-1\" \/>\n<link rel=\"canonical\" href=\"https:\/\/www.donatonigroup.com\/de\/maschine\/arm-3\/\" \/>\n<meta property=\"og:locale\" content=\"de_DE\" \/>\n<meta property=\"og:type\" content=\"article\" \/>\n<meta property=\"og:title\" content=\"ARM 3 - Donatoni Group\" \/>\n<meta property=\"og:description\" content=\"K\u00fcchenproduktionslinie Palletierungsanlage, speziell entworfen f\u00fcr die Herstellung von Arbeitsplatten und Verkleidungen f\u00fcr K\u00fcchen DONATONI ARM 3 ist eine automatisierte Produktionslinie, die f\u00fcr die Herstellung von K\u00fcchen entwickelt wurde und optimiert ist, um alle Komponenten zu verarbeiten, die f\u00fcr diese Art von Produktion charakteristisch sind: Arbeitsplatten, Inseln, Kanten, R\u00fcckw\u00e4nde und Ausschnitte. Der Arbeitsprozess wurde in jedem [&hellip;]\" \/>\n<meta property=\"og:url\" content=\"https:\/\/www.donatonigroup.com\/de\/maschine\/arm-3\/\" \/>\n<meta property=\"og:site_name\" content=\"Donatoni Group\" \/>\n<meta property=\"article:publisher\" content=\"https:\/\/www.facebook.com\/donatonimacchine\" \/>\n<meta property=\"og:image\" content=\"https:\/\/www.donatonigroup.com\/wp-content\/uploads\/2023\/12\/ARM-3-senza-sfondo-sito.png\" \/>\n\t<meta property=\"og:image:width\" content=\"2000\" \/>\n\t<meta property=\"og:image:height\" content=\"1250\" \/>\n\t<meta property=\"og:image:type\" content=\"image\/png\" \/>\n<meta name=\"twitter:card\" content=\"summary_large_image\" \/>\n<meta name=\"twitter:label1\" content=\"Gesch\u00e4tzte Lesezeit\" \/>\n\t<meta name=\"twitter:data1\" content=\"1\u00a0Minute\" \/>\n<script type=\"application\/ld+json\" class=\"yoast-schema-graph\">{\"@context\":\"https:\/\/schema.org\",\"@graph\":[{\"@type\":\"WebPage\",\"@id\":\"https:\/\/www.donatonigroup.com\/de\/maschine\/arm-3\/\",\"url\":\"https:\/\/www.donatonigroup.com\/de\/maschine\/arm-3\/\",\"name\":\"ARM 3 - Donatoni Group\",\"isPartOf\":{\"@id\":\"https:\/\/www.donatonigroup.com\/de\/#website\"},\"primaryImageOfPage\":{\"@id\":\"https:\/\/www.donatonigroup.com\/de\/maschine\/arm-3\/#primaryimage\"},\"image\":{\"@id\":\"https:\/\/www.donatonigroup.com\/de\/maschine\/arm-3\/#primaryimage\"},\"thumbnailUrl\":\"https:\/\/www.donatonigroup.com\/wp-content\/uploads\/2023\/12\/ARM-3-senza-sfondo-sito.png\",\"datePublished\":\"2023-12-20T16:26:22+00:00\",\"breadcrumb\":{\"@id\":\"https:\/\/www.donatonigroup.com\/de\/maschine\/arm-3\/#breadcrumb\"},\"inLanguage\":\"de\",\"potentialAction\":[{\"@type\":\"ReadAction\",\"target\":[\"https:\/\/www.donatonigroup.com\/de\/maschine\/arm-3\/\"]}]},{\"@type\":\"ImageObject\",\"inLanguage\":\"de\",\"@id\":\"https:\/\/www.donatonigroup.com\/de\/maschine\/arm-3\/#primaryimage\",\"url\":\"https:\/\/www.donatonigroup.com\/wp-content\/uploads\/2023\/12\/ARM-3-senza-sfondo-sito.png\",\"contentUrl\":\"https:\/\/www.donatonigroup.com\/wp-content\/uploads\/2023\/12\/ARM-3-senza-sfondo-sito.png\",\"width\":2000,\"height\":1250},{\"@type\":\"BreadcrumbList\",\"@id\":\"https:\/\/www.donatonigroup.com\/de\/maschine\/arm-3\/#breadcrumb\",\"itemListElement\":[{\"@type\":\"ListItem\",\"position\":1,\"name\":\"Home\",\"item\":\"https:\/\/www.donatonigroup.com\/de\/\"},{\"@type\":\"ListItem\",\"position\":2,\"name\":\"Katalogmaschine\",\"item\":\"https:\/\/www.donatonigroup.com\/de\/katalogmaschine\/\"},{\"@type\":\"ListItem\",\"position\":3,\"name\":\"ARM 3\"}]},{\"@type\":\"WebSite\",\"@id\":\"https:\/\/www.donatonigroup.com\/de\/#website\",\"url\":\"https:\/\/www.donatonigroup.com\/de\/\",\"name\":\"Donatoni Group\",\"description\":\"\",\"publisher\":{\"@id\":\"https:\/\/www.donatonigroup.com\/de\/#organization\"},\"potentialAction\":[{\"@type\":\"SearchAction\",\"target\":{\"@type\":\"EntryPoint\",\"urlTemplate\":\"https:\/\/www.donatonigroup.com\/de\/?s={search_term_string}\"},\"query-input\":{\"@type\":\"PropertyValueSpecification\",\"valueRequired\":true,\"valueName\":\"search_term_string\"}}],\"inLanguage\":\"de\"},{\"@type\":\"Organization\",\"@id\":\"https:\/\/www.donatonigroup.com\/de\/#organization\",\"name\":\"Donatoni Group\",\"url\":\"https:\/\/www.donatonigroup.com\/de\/\",\"logo\":{\"@type\":\"ImageObject\",\"inLanguage\":\"de\",\"@id\":\"https:\/\/www.donatonigroup.com\/de\/#\/schema\/logo\/image\/\",\"url\":\"http:\/\/www.donatonigroup.com\/wp-content\/uploads\/2023\/02\/donatoni-logo.png\",\"contentUrl\":\"http:\/\/www.donatonigroup.com\/wp-content\/uploads\/2023\/02\/donatoni-logo.png\",\"width\":800,\"height\":112,\"caption\":\"Donatoni Group\"},\"image\":{\"@id\":\"https:\/\/www.donatonigroup.com\/de\/#\/schema\/logo\/image\/\"},\"sameAs\":[\"https:\/\/www.facebook.com\/donatonimacchine\",\"https:\/\/instagram.com\/donatonigroup\/\",\"https:\/\/www.linkedin.com\/company\/donatoni-macchine-s-r-l\"]}]}<\/script>\n<!-- \/ Yoast SEO plugin. -->","yoast_head_json":{"title":"ARM 3 - Donatoni Group","robots":{"index":"index","follow":"follow","max-snippet":"max-snippet:-1","max-image-preview":"max-image-preview:large","max-video-preview":"max-video-preview:-1"},"canonical":"https:\/\/www.donatonigroup.com\/de\/maschine\/arm-3\/","og_locale":"de_DE","og_type":"article","og_title":"ARM 3 - Donatoni Group","og_description":"K\u00fcchenproduktionslinie Palletierungsanlage, speziell entworfen f\u00fcr die Herstellung von Arbeitsplatten und Verkleidungen f\u00fcr K\u00fcchen DONATONI ARM 3 ist eine automatisierte Produktionslinie, die f\u00fcr die Herstellung von K\u00fcchen entwickelt wurde und optimiert ist, um alle Komponenten zu verarbeiten, die f\u00fcr diese Art von Produktion charakteristisch sind: Arbeitsplatten, Inseln, Kanten, R\u00fcckw\u00e4nde und Ausschnitte. Der Arbeitsprozess wurde in jedem [&hellip;]","og_url":"https:\/\/www.donatonigroup.com\/de\/maschine\/arm-3\/","og_site_name":"Donatoni Group","article_publisher":"https:\/\/www.facebook.com\/donatonimacchine","og_image":[{"width":2000,"height":1250,"url":"https:\/\/www.donatonigroup.com\/wp-content\/uploads\/2023\/12\/ARM-3-senza-sfondo-sito.png","type":"image\/png"}],"twitter_card":"summary_large_image","twitter_misc":{"Gesch\u00e4tzte Lesezeit":"1\u00a0Minute"},"schema":{"@context":"https:\/\/schema.org","@graph":[{"@type":"WebPage","@id":"https:\/\/www.donatonigroup.com\/de\/maschine\/arm-3\/","url":"https:\/\/www.donatonigroup.com\/de\/maschine\/arm-3\/","name":"ARM 3 - Donatoni Group","isPartOf":{"@id":"https:\/\/www.donatonigroup.com\/de\/#website"},"primaryImageOfPage":{"@id":"https:\/\/www.donatonigroup.com\/de\/maschine\/arm-3\/#primaryimage"},"image":{"@id":"https:\/\/www.donatonigroup.com\/de\/maschine\/arm-3\/#primaryimage"},"thumbnailUrl":"https:\/\/www.donatonigroup.com\/wp-content\/uploads\/2023\/12\/ARM-3-senza-sfondo-sito.png","datePublished":"2023-12-20T16:26:22+00:00","breadcrumb":{"@id":"https:\/\/www.donatonigroup.com\/de\/maschine\/arm-3\/#breadcrumb"},"inLanguage":"de","potentialAction":[{"@type":"ReadAction","target":["https:\/\/www.donatonigroup.com\/de\/maschine\/arm-3\/"]}]},{"@type":"ImageObject","inLanguage":"de","@id":"https:\/\/www.donatonigroup.com\/de\/maschine\/arm-3\/#primaryimage","url":"https:\/\/www.donatonigroup.com\/wp-content\/uploads\/2023\/12\/ARM-3-senza-sfondo-sito.png","contentUrl":"https:\/\/www.donatonigroup.com\/wp-content\/uploads\/2023\/12\/ARM-3-senza-sfondo-sito.png","width":2000,"height":1250},{"@type":"BreadcrumbList","@id":"https:\/\/www.donatonigroup.com\/de\/maschine\/arm-3\/#breadcrumb","itemListElement":[{"@type":"ListItem","position":1,"name":"Home","item":"https:\/\/www.donatonigroup.com\/de\/"},{"@type":"ListItem","position":2,"name":"Katalogmaschine","item":"https:\/\/www.donatonigroup.com\/de\/katalogmaschine\/"},{"@type":"ListItem","position":3,"name":"ARM 3"}]},{"@type":"WebSite","@id":"https:\/\/www.donatonigroup.com\/de\/#website","url":"https:\/\/www.donatonigroup.com\/de\/","name":"Donatoni Group","description":"","publisher":{"@id":"https:\/\/www.donatonigroup.com\/de\/#organization"},"potentialAction":[{"@type":"SearchAction","target":{"@type":"EntryPoint","urlTemplate":"https:\/\/www.donatonigroup.com\/de\/?s={search_term_string}"},"query-input":{"@type":"PropertyValueSpecification","valueRequired":true,"valueName":"search_term_string"}}],"inLanguage":"de"},{"@type":"Organization","@id":"https:\/\/www.donatonigroup.com\/de\/#organization","name":"Donatoni Group","url":"https:\/\/www.donatonigroup.com\/de\/","logo":{"@type":"ImageObject","inLanguage":"de","@id":"https:\/\/www.donatonigroup.com\/de\/#\/schema\/logo\/image\/","url":"http:\/\/www.donatonigroup.com\/wp-content\/uploads\/2023\/02\/donatoni-logo.png","contentUrl":"http:\/\/www.donatonigroup.com\/wp-content\/uploads\/2023\/02\/donatoni-logo.png","width":800,"height":112,"caption":"Donatoni Group"},"image":{"@id":"https:\/\/www.donatonigroup.com\/de\/#\/schema\/logo\/image\/"},"sameAs":["https:\/\/www.facebook.com\/donatonimacchine","https:\/\/instagram.com\/donatonigroup\/","https:\/\/www.linkedin.com\/company\/donatoni-macchine-s-r-l"]}]}},"_links":{"self":[{"href":"https:\/\/www.donatonigroup.com\/de\/wp-json\/wp\/v2\/product\/13001","targetHints":{"allow":["GET"]}}],"collection":[{"href":"https:\/\/www.donatonigroup.com\/de\/wp-json\/wp\/v2\/product"}],"about":[{"href":"https:\/\/www.donatonigroup.com\/de\/wp-json\/wp\/v2\/types\/product"}],"wp:featuredmedia":[{"embeddable":true,"href":"https:\/\/www.donatonigroup.com\/de\/wp-json\/wp\/v2\/media\/12973"}],"wp:attachment":[{"href":"https:\/\/www.donatonigroup.com\/de\/wp-json\/wp\/v2\/media?parent=13001"}],"wp:term":[{"taxonomy":"product_brand","embeddable":true,"href":"https:\/\/www.donatonigroup.com\/de\/wp-json\/wp\/v2\/product_brand?post=13001"},{"taxonomy":"product_cat","embeddable":true,"href":"https:\/\/www.donatonigroup.com\/de\/wp-json\/wp\/v2\/product_cat?post=13001"},{"taxonomy":"product_tag","embeddable":true,"href":"https:\/\/www.donatonigroup.com\/de\/wp-json\/wp\/v2\/product_tag?post=13001"},{"taxonomy":"caratteristica","embeddable":true,"href":"https:\/\/www.donatonigroup.com\/de\/wp-json\/wp\/v2\/caratteristica?post=13001"},{"taxonomy":"serie","embeddable":true,"href":"https:\/\/www.donatonigroup.com\/de\/wp-json\/wp\/v2\/serie?post=13001"},{"taxonomy":"settore_di_applicazione","embeddable":true,"href":"https:\/\/www.donatonigroup.com\/de\/wp-json\/wp\/v2\/settore_di_applicazione?post=13001"}],"curies":[{"name":"wp","href":"https:\/\/api.w.org\/{rel}","templated":true}]}}