{"id":14835,"date":"2025-09-01T10:25:33","date_gmt":"2025-09-01T10:25:33","guid":{"rendered":"http:\/\/www.donatonigroup.com\/macchina\/c3-38-c4-38\/"},"modified":"2025-09-02T09:06:17","modified_gmt":"2025-09-02T09:06:17","slug":"c3-38-c4-38","status":"publish","type":"product","link":"https:\/\/www.donatonigroup.com\/de\/maschine\/c3-38-c4-38\/","title":{"rendered":"C3.38 \u2013 C4.38"},"content":{"rendered":"<p>Die DONATONI C3.38 \u2013 C4.38 ist ein CNC-Bearbeitungszentrum mit 3 oder 4 interpolierten Achsen, ideal f\u00fcr alle Unternehmen, die eine Maschine ben\u00f6tigen, die <strong>eine hohe Qualit\u00e4t <\/strong>bei der Bearbeitung von Marmor, Stein, Granit, Quarzagglomerat und keramischen Materialien garantiert.<\/p>\n","protected":false},"excerpt":{"rendered":"<p>Die DONATONI C3.38 \u2013 C4.38 ist ein CNC-Bearbeitungszentrum mit 3 oder 4 interpolierten Achsen, ideal f\u00fcr alle Unternehmen, die eine Maschine ben\u00f6tigen, die eine hohe Qualit\u00e4t bei der Bearbeitung von Marmor, Stein, Granit, Quarzagglomerat und keramischen Materialien garantiert.<\/p>\n","protected":false},"featured_media":14970,"template":"","meta":{"_et_pb_use_builder":"","_et_pb_old_content":"","_et_gb_content_width":""},"product_brand":[],"product_cat":[1231,1235],"product_tag":[],"caratteristica":[1324,1327,1328,1648,1908,2028,2784,2785],"serie":[2760],"settore_di_applicazione":[1247,1248,1249,1250,1252],"class_list":{"0":"post-14835","1":"product","2":"type-product","3":"status-publish","4":"has-post-thumbnail","6":"product_cat-bearbeitungszentren","7":"product_cat-maschinen-zum-schneiden-von-keramik","8":"pa_altezza-terra-banco-lavoro-580-de","9":"pa_assi-interpolati-3-4-de","10":"pa_consumo-acqua-di-ricircolo-50-de","11":"pa_consumo-acqua-pulita-15-de","12":"pa_consumo-aria-800-de","13":"pa_cop-nom-mot-elettromandrino-33-s6-de","14":"pa_corsa-carrello-asse-x-3800-de","15":"pa_corsa-ponte-asse-y-2000-de","16":"pa_dimensioni-banco-lavoro-3700-x-1900-de","17":"pa_dimensioni-ingombro-6600-w-x-4100-l-x-3010-h-de","18":"pa_dimensioni-ingombro-6600-w-x-4700-l-x-3010-h-de","19":"pa_n-posizioni-utensili-mag-1213-seitlich-55-hinten","20":"pa_n-ventose-area-lavoro-11-sauger","21":"pa_n-ventose-area-lavoro-3-schliesser","22":"pa_peso-macchina-6300-6900-de","23":"pa_pot-mot-elettromandrino-18-s6-de","24":"pa_potenza-totale-installata-26-27-de","25":"pa_range-vel-elettromandrino-t-0-12000-de","26":"pa_rotazione-testa-porta-disco-nur-fuer-4-achsen","27":"pa_salita-discesa-assez-500-de","28":"pa_tensione-elettrica-standard-40010-50","29":"pa_velocita-max-carrello-asse-x-0-75-de","30":"pa_velocita-max-ponte-asse-y-0-75-de","31":"pa_velocita-max-teste-asse-z-0-50-de","32":"caratteristica-umfassendes-angebot-an-zubehoer-und-konfigurationen","33":"caratteristica-geringe-abmessungen","34":"caratteristica-einfach-und-schnell-zu-programmieren","35":"caratteristica-prazise-fur-ein-perfektes-ergebnis","36":"caratteristica-qualitaet-und-zuverlaessigkeit-im-laufe-der-zeit","37":"caratteristica-extrem-vielseitig","38":"caratteristica-wartungsarm","39":"caratteristica-eine-maschine-tausend-anwendungen","40":"serie-c-series-de","41":"settore_di_applicazione-bestattungskunst","42":"settore_di_applicazione-design-und-skulpturen","43":"settore_di_applicazione-grosse-projekte","44":"settore_di_applicazione-artikel-fuer-das-baugewerbe","45":"settore_di_applicazione-kuechen-und-badezimmerplatten","47":"first","48":"instock","49":"shipping-taxable","50":"purchasable","51":"product-type-simple"},"acf":[],"yoast_head":"<!-- This site is optimized with the Yoast SEO plugin v25.8 - https:\/\/yoast.com\/wordpress\/plugins\/seo\/ -->\n<title>C3.38 \u2013 C4.38 - Donatoni Group<\/title>\n<meta name=\"robots\" content=\"index, follow, max-snippet:-1, max-image-preview:large, max-video-preview:-1\" \/>\n<link rel=\"canonical\" href=\"https:\/\/www.donatonigroup.com\/de\/maschine\/c3-38-c4-38\/\" \/>\n<meta property=\"og:locale\" content=\"de_DE\" \/>\n<meta property=\"og:type\" content=\"article\" \/>\n<meta property=\"og:title\" content=\"C3.38 \u2013 C4.38 - Donatoni Group\" \/>\n<meta property=\"og:description\" content=\"Die DONATONI C3.38 \u2013 C4.38 ist ein CNC-Bearbeitungszentrum mit 3 oder 4 interpolierten Achsen, ideal f\u00fcr alle Unternehmen, die eine Maschine ben\u00f6tigen, die eine hohe Qualit\u00e4t bei der Bearbeitung von Marmor, Stein, Granit, Quarzagglomerat und keramischen Materialien garantiert.\" \/>\n<meta property=\"og:url\" content=\"https:\/\/www.donatonigroup.com\/de\/maschine\/c3-38-c4-38\/\" \/>\n<meta property=\"og:site_name\" content=\"Donatoni Group\" \/>\n<meta property=\"article:publisher\" content=\"https:\/\/www.facebook.com\/donatonimacchine\" \/>\n<meta property=\"article:modified_time\" content=\"2025-09-02T09:06:17+00:00\" \/>\n<meta property=\"og:image\" content=\"https:\/\/www.donatonigroup.com\/wp-content\/uploads\/2025\/09\/Macchina-c3-38-c4-38.png\" \/>\n\t<meta property=\"og:image:width\" content=\"1500\" \/>\n\t<meta property=\"og:image:height\" content=\"935\" \/>\n\t<meta property=\"og:image:type\" content=\"image\/png\" \/>\n<meta name=\"twitter:card\" content=\"summary_large_image\" \/>\n<meta name=\"twitter:label1\" content=\"Gesch\u00e4tzte Lesezeit\" \/>\n\t<meta name=\"twitter:data1\" content=\"1\u00a0Minute\" \/>\n<script type=\"application\/ld+json\" class=\"yoast-schema-graph\">{\"@context\":\"https:\/\/schema.org\",\"@graph\":[{\"@type\":\"WebPage\",\"@id\":\"https:\/\/www.donatonigroup.com\/de\/maschine\/c3-38-c4-38\/\",\"url\":\"https:\/\/www.donatonigroup.com\/de\/maschine\/c3-38-c4-38\/\",\"name\":\"C3.38 \u2013 C4.38 - Donatoni Group\",\"isPartOf\":{\"@id\":\"https:\/\/www.donatonigroup.com\/de\/#website\"},\"primaryImageOfPage\":{\"@id\":\"https:\/\/www.donatonigroup.com\/de\/maschine\/c3-38-c4-38\/#primaryimage\"},\"image\":{\"@id\":\"https:\/\/www.donatonigroup.com\/de\/maschine\/c3-38-c4-38\/#primaryimage\"},\"thumbnailUrl\":\"https:\/\/www.donatonigroup.com\/wp-content\/uploads\/2025\/09\/Macchina-c3-38-c4-38.png\",\"datePublished\":\"2025-09-01T10:25:33+00:00\",\"dateModified\":\"2025-09-02T09:06:17+00:00\",\"breadcrumb\":{\"@id\":\"https:\/\/www.donatonigroup.com\/de\/maschine\/c3-38-c4-38\/#breadcrumb\"},\"inLanguage\":\"de\",\"potentialAction\":[{\"@type\":\"ReadAction\",\"target\":[\"https:\/\/www.donatonigroup.com\/de\/maschine\/c3-38-c4-38\/\"]}]},{\"@type\":\"ImageObject\",\"inLanguage\":\"de\",\"@id\":\"https:\/\/www.donatonigroup.com\/de\/maschine\/c3-38-c4-38\/#primaryimage\",\"url\":\"https:\/\/www.donatonigroup.com\/wp-content\/uploads\/2025\/09\/Macchina-c3-38-c4-38.png\",\"contentUrl\":\"https:\/\/www.donatonigroup.com\/wp-content\/uploads\/2025\/09\/Macchina-c3-38-c4-38.png\",\"width\":1500,\"height\":935},{\"@type\":\"BreadcrumbList\",\"@id\":\"https:\/\/www.donatonigroup.com\/de\/maschine\/c3-38-c4-38\/#breadcrumb\",\"itemListElement\":[{\"@type\":\"ListItem\",\"position\":1,\"name\":\"Home\",\"item\":\"https:\/\/www.donatonigroup.com\/de\/\"},{\"@type\":\"ListItem\",\"position\":2,\"name\":\"Katalogmaschine\",\"item\":\"https:\/\/www.donatonigroup.com\/de\/katalogmaschine\/\"},{\"@type\":\"ListItem\",\"position\":3,\"name\":\"C3.38 \u2013 C4.38\"}]},{\"@type\":\"WebSite\",\"@id\":\"https:\/\/www.donatonigroup.com\/de\/#website\",\"url\":\"https:\/\/www.donatonigroup.com\/de\/\",\"name\":\"Donatoni Group\",\"description\":\"\",\"publisher\":{\"@id\":\"https:\/\/www.donatonigroup.com\/de\/#organization\"},\"potentialAction\":[{\"@type\":\"SearchAction\",\"target\":{\"@type\":\"EntryPoint\",\"urlTemplate\":\"https:\/\/www.donatonigroup.com\/de\/?s={search_term_string}\"},\"query-input\":{\"@type\":\"PropertyValueSpecification\",\"valueRequired\":true,\"valueName\":\"search_term_string\"}}],\"inLanguage\":\"de\"},{\"@type\":\"Organization\",\"@id\":\"https:\/\/www.donatonigroup.com\/de\/#organization\",\"name\":\"Donatoni Group\",\"url\":\"https:\/\/www.donatonigroup.com\/de\/\",\"logo\":{\"@type\":\"ImageObject\",\"inLanguage\":\"de\",\"@id\":\"https:\/\/www.donatonigroup.com\/de\/#\/schema\/logo\/image\/\",\"url\":\"http:\/\/www.donatonigroup.com\/wp-content\/uploads\/2023\/02\/donatoni-logo.png\",\"contentUrl\":\"http:\/\/www.donatonigroup.com\/wp-content\/uploads\/2023\/02\/donatoni-logo.png\",\"width\":800,\"height\":112,\"caption\":\"Donatoni Group\"},\"image\":{\"@id\":\"https:\/\/www.donatonigroup.com\/de\/#\/schema\/logo\/image\/\"},\"sameAs\":[\"https:\/\/www.facebook.com\/donatonimacchine\",\"https:\/\/instagram.com\/donatonigroup\/\",\"https:\/\/www.linkedin.com\/company\/donatoni-macchine-s-r-l\"]}]}<\/script>\n<!-- \/ Yoast SEO plugin. -->","yoast_head_json":{"title":"C3.38 \u2013 C4.38 - Donatoni Group","robots":{"index":"index","follow":"follow","max-snippet":"max-snippet:-1","max-image-preview":"max-image-preview:large","max-video-preview":"max-video-preview:-1"},"canonical":"https:\/\/www.donatonigroup.com\/de\/maschine\/c3-38-c4-38\/","og_locale":"de_DE","og_type":"article","og_title":"C3.38 \u2013 C4.38 - Donatoni Group","og_description":"Die DONATONI C3.38 \u2013 C4.38 ist ein CNC-Bearbeitungszentrum mit 3 oder 4 interpolierten Achsen, ideal f\u00fcr alle Unternehmen, die eine Maschine ben\u00f6tigen, die eine hohe Qualit\u00e4t bei der Bearbeitung von Marmor, Stein, Granit, Quarzagglomerat und keramischen Materialien garantiert.","og_url":"https:\/\/www.donatonigroup.com\/de\/maschine\/c3-38-c4-38\/","og_site_name":"Donatoni Group","article_publisher":"https:\/\/www.facebook.com\/donatonimacchine","article_modified_time":"2025-09-02T09:06:17+00:00","og_image":[{"width":1500,"height":935,"url":"https:\/\/www.donatonigroup.com\/wp-content\/uploads\/2025\/09\/Macchina-c3-38-c4-38.png","type":"image\/png"}],"twitter_card":"summary_large_image","twitter_misc":{"Gesch\u00e4tzte Lesezeit":"1\u00a0Minute"},"schema":{"@context":"https:\/\/schema.org","@graph":[{"@type":"WebPage","@id":"https:\/\/www.donatonigroup.com\/de\/maschine\/c3-38-c4-38\/","url":"https:\/\/www.donatonigroup.com\/de\/maschine\/c3-38-c4-38\/","name":"C3.38 \u2013 C4.38 - Donatoni Group","isPartOf":{"@id":"https:\/\/www.donatonigroup.com\/de\/#website"},"primaryImageOfPage":{"@id":"https:\/\/www.donatonigroup.com\/de\/maschine\/c3-38-c4-38\/#primaryimage"},"image":{"@id":"https:\/\/www.donatonigroup.com\/de\/maschine\/c3-38-c4-38\/#primaryimage"},"thumbnailUrl":"https:\/\/www.donatonigroup.com\/wp-content\/uploads\/2025\/09\/Macchina-c3-38-c4-38.png","datePublished":"2025-09-01T10:25:33+00:00","dateModified":"2025-09-02T09:06:17+00:00","breadcrumb":{"@id":"https:\/\/www.donatonigroup.com\/de\/maschine\/c3-38-c4-38\/#breadcrumb"},"inLanguage":"de","potentialAction":[{"@type":"ReadAction","target":["https:\/\/www.donatonigroup.com\/de\/maschine\/c3-38-c4-38\/"]}]},{"@type":"ImageObject","inLanguage":"de","@id":"https:\/\/www.donatonigroup.com\/de\/maschine\/c3-38-c4-38\/#primaryimage","url":"https:\/\/www.donatonigroup.com\/wp-content\/uploads\/2025\/09\/Macchina-c3-38-c4-38.png","contentUrl":"https:\/\/www.donatonigroup.com\/wp-content\/uploads\/2025\/09\/Macchina-c3-38-c4-38.png","width":1500,"height":935},{"@type":"BreadcrumbList","@id":"https:\/\/www.donatonigroup.com\/de\/maschine\/c3-38-c4-38\/#breadcrumb","itemListElement":[{"@type":"ListItem","position":1,"name":"Home","item":"https:\/\/www.donatonigroup.com\/de\/"},{"@type":"ListItem","position":2,"name":"Katalogmaschine","item":"https:\/\/www.donatonigroup.com\/de\/katalogmaschine\/"},{"@type":"ListItem","position":3,"name":"C3.38 \u2013 C4.38"}]},{"@type":"WebSite","@id":"https:\/\/www.donatonigroup.com\/de\/#website","url":"https:\/\/www.donatonigroup.com\/de\/","name":"Donatoni Group","description":"","publisher":{"@id":"https:\/\/www.donatonigroup.com\/de\/#organization"},"potentialAction":[{"@type":"SearchAction","target":{"@type":"EntryPoint","urlTemplate":"https:\/\/www.donatonigroup.com\/de\/?s={search_term_string}"},"query-input":{"@type":"PropertyValueSpecification","valueRequired":true,"valueName":"search_term_string"}}],"inLanguage":"de"},{"@type":"Organization","@id":"https:\/\/www.donatonigroup.com\/de\/#organization","name":"Donatoni Group","url":"https:\/\/www.donatonigroup.com\/de\/","logo":{"@type":"ImageObject","inLanguage":"de","@id":"https:\/\/www.donatonigroup.com\/de\/#\/schema\/logo\/image\/","url":"http:\/\/www.donatonigroup.com\/wp-content\/uploads\/2023\/02\/donatoni-logo.png","contentUrl":"http:\/\/www.donatonigroup.com\/wp-content\/uploads\/2023\/02\/donatoni-logo.png","width":800,"height":112,"caption":"Donatoni Group"},"image":{"@id":"https:\/\/www.donatonigroup.com\/de\/#\/schema\/logo\/image\/"},"sameAs":["https:\/\/www.facebook.com\/donatonimacchine","https:\/\/instagram.com\/donatonigroup\/","https:\/\/www.linkedin.com\/company\/donatoni-macchine-s-r-l"]}]}},"_links":{"self":[{"href":"https:\/\/www.donatonigroup.com\/de\/wp-json\/wp\/v2\/product\/14835","targetHints":{"allow":["GET"]}}],"collection":[{"href":"https:\/\/www.donatonigroup.com\/de\/wp-json\/wp\/v2\/product"}],"about":[{"href":"https:\/\/www.donatonigroup.com\/de\/wp-json\/wp\/v2\/types\/product"}],"wp:featuredmedia":[{"embeddable":true,"href":"https:\/\/www.donatonigroup.com\/de\/wp-json\/wp\/v2\/media\/14970"}],"wp:attachment":[{"href":"https:\/\/www.donatonigroup.com\/de\/wp-json\/wp\/v2\/media?parent=14835"}],"wp:term":[{"taxonomy":"product_brand","embeddable":true,"href":"https:\/\/www.donatonigroup.com\/de\/wp-json\/wp\/v2\/product_brand?post=14835"},{"taxonomy":"product_cat","embeddable":true,"href":"https:\/\/www.donatonigroup.com\/de\/wp-json\/wp\/v2\/product_cat?post=14835"},{"taxonomy":"product_tag","embeddable":true,"href":"https:\/\/www.donatonigroup.com\/de\/wp-json\/wp\/v2\/product_tag?post=14835"},{"taxonomy":"caratteristica","embeddable":true,"href":"https:\/\/www.donatonigroup.com\/de\/wp-json\/wp\/v2\/caratteristica?post=14835"},{"taxonomy":"serie","embeddable":true,"href":"https:\/\/www.donatonigroup.com\/de\/wp-json\/wp\/v2\/serie?post=14835"},{"taxonomy":"settore_di_applicazione","embeddable":true,"href":"https:\/\/www.donatonigroup.com\/de\/wp-json\/wp\/v2\/settore_di_applicazione?post=14835"}],"curies":[{"name":"wp","href":"https:\/\/api.w.org\/{rel}","templated":true}]}}