{"id":14872,"date":"2025-09-01T14:16:49","date_gmt":"2025-09-01T14:16:49","guid":{"rendered":"http:\/\/www.donatonigroup.com\/macchina\/sx-3r\/"},"modified":"2025-09-19T15:59:25","modified_gmt":"2025-09-19T15:59:25","slug":"sx-3r","status":"publish","type":"product","link":"https:\/\/www.donatonigroup.com\/de\/maschine\/sx-3r\/","title":{"rendered":"SX-3r"},"content":{"rendered":"<div data-el-id=\"97c68f02-23cb-4cad-b5d8-c1d0bb9c48a9\">\n<div data-el-id=\"97c68f02-23cb-4cad-b5d8-c1d0bb9c48a9-txt\">\n<div class=\"machine-template__description-title\">\n<h1 class=\"machine-template__description-title-text\"><span style=\"font-size: 22px;\">Innovative CNC-Mehrspindel-Schneidzentren<\/span><\/h1>\n<\/div>\n<\/div>\n<\/div>\n<div data-el-id=\"41751148-8458-44e8-ad5b-e474df89f053\">\n<div data-el-id=\"41751148-8458-44e8-ad5b-e474df89f053-txt\">\n<div class=\"machine-template__description-description\">\n<p>Die <strong>DONATONI SX-3r <\/strong>ist ein innovatives, numerisch gesteuertes <strong>Mehrspindel-Schneidzentrum mit drei interpolierten 6-Achsen-Schneideinheiten<\/strong>, das von Donatoni Macchine entwickelt und patentiert wurde, um diejenigen zufrieden zu stellen, die ein kompaktes System f\u00fcr die gro\u00df angelegte Inline-Produktion von Boden- und Wandfliesen aus Marmor, Granit, Keramik und Agglomerat in verschiedenen Gr\u00f6\u00dfen und St\u00e4rken ben\u00f6tigen.<\/p>\n<\/div>\n<\/div>\n<\/div>\n","protected":false},"excerpt":{"rendered":"<p>Innovative CNC-Mehrspindel-Schneidzentren Die DONATONI SX-3r ist ein innovatives, numerisch gesteuertes Mehrspindel-Schneidzentrum mit drei interpolierten 6-Achsen-Schneideinheiten, das von Donatoni Macchine entwickelt und patentiert wurde, um diejenigen zufrieden zu stellen, die ein kompaktes System f\u00fcr die gro\u00df angelegte Inline-Produktion von Boden- und Wandfliesen aus Marmor, Granit, Keramik und Agglomerat in verschiedenen Gr\u00f6\u00dfen und St\u00e4rken ben\u00f6tigen.<\/p>\n","protected":false},"featured_media":14650,"template":"","meta":{"_et_pb_use_builder":"","_et_pb_old_content":"","_et_gb_content_width":""},"product_brand":[],"product_cat":[2746],"product_tag":[],"caratteristica":[1326,1327,1328,1853,2054,2747,2748],"serie":[2749],"settore_di_applicazione":[1249,1251,1252],"class_list":{"0":"post-14872","1":"product","2":"type-product","3":"status-publish","4":"has-post-thumbnail","6":"product_cat-maschinen-mit-hoher-produktivitaet","7":"pa_assi-interpolati-6-de","8":"pa_consumo-acqua-200-de","9":"pa_consumo-aria-20-de","10":"pa_corsa-carrello-asse-x-4100-de","11":"pa_corsa-ponte-asse-y-2850-de","12":"pa_diametro-massimo-disco-400-de","13":"pa_diametro-minimo-disco-300-de","14":"pa_distanza-dischi-250-2020-de","15":"pa_numero-assi-controllati-cn-12-de","16":"pa_peso-complessivo-macchina-19500-de","17":"pa_potenza-elettromandrino-15-s6-de","18":"pa_potenza-totale-installata-84-de","19":"pa_profondita-max-di-taglio-60-de","20":"pa_rotazione-ponte-porta-teste-182-182-de","21":"pa_salita-discesa-assez-200-de","22":"pa_sollevamento-massimo-ventose-500-de","23":"pa_tensione-elettrica-standard-40010-50","24":"pa_velocita-max-asse-x-y-33-de","25":"pa_velocita-max-carrello-asse-x-52-de","26":"pa_velocita-max-ponte-asse-y-33-de","27":"pa_velocita-max-teste-asse-z-4-de","28":"caratteristica-flexibilitaet-in-der-produktion","29":"caratteristica-geringe-abmessungen","30":"caratteristica-einfach-und-schnell-zu-programmieren","31":"caratteristica-extreme-schnittpraezision","32":"caratteristica-hohe-produktivitaet","33":"caratteristica-automatisierte-schneidlinie","34":"caratteristica-optimierung-des-schneidens","35":"serie-sx-series-de","36":"settore_di_applicazione-grosse-projekte","37":"settore_di_applicazione-fussboeden-und-wandverkleidungen","38":"settore_di_applicazione-kuechen-und-badezimmerplatten","40":"first","41":"instock","42":"shipping-taxable","43":"purchasable","44":"product-type-simple"},"acf":[],"yoast_head":"<!-- This site is optimized with the Yoast SEO plugin v25.8 - https:\/\/yoast.com\/wordpress\/plugins\/seo\/ -->\n<title>SX-3r - Donatoni Group<\/title>\n<meta name=\"robots\" content=\"index, follow, max-snippet:-1, max-image-preview:large, max-video-preview:-1\" \/>\n<link rel=\"canonical\" href=\"https:\/\/www.donatonigroup.com\/de\/maschine\/sx-3r\/\" \/>\n<meta property=\"og:locale\" content=\"de_DE\" \/>\n<meta property=\"og:type\" content=\"article\" \/>\n<meta property=\"og:title\" content=\"SX-3r - Donatoni Group\" \/>\n<meta property=\"og:description\" content=\"Innovative CNC-Mehrspindel-Schneidzentren Die DONATONI SX-3r ist ein innovatives, numerisch gesteuertes Mehrspindel-Schneidzentrum mit drei interpolierten 6-Achsen-Schneideinheiten, das von Donatoni Macchine entwickelt und patentiert wurde, um diejenigen zufrieden zu stellen, die ein kompaktes System f\u00fcr die gro\u00df angelegte Inline-Produktion von Boden- und Wandfliesen aus Marmor, Granit, Keramik und Agglomerat in verschiedenen Gr\u00f6\u00dfen und St\u00e4rken ben\u00f6tigen.\" \/>\n<meta property=\"og:url\" content=\"https:\/\/www.donatonigroup.com\/de\/maschine\/sx-3r\/\" \/>\n<meta property=\"og:site_name\" content=\"Donatoni Group\" \/>\n<meta property=\"article:publisher\" content=\"https:\/\/www.facebook.com\/donatonimacchine\" \/>\n<meta property=\"article:modified_time\" content=\"2025-09-19T15:59:25+00:00\" \/>\n<meta property=\"og:image\" content=\"https:\/\/www.donatonigroup.com\/wp-content\/uploads\/2025\/09\/Render-SX-3r.png\" \/>\n\t<meta property=\"og:image:width\" content=\"1000\" \/>\n\t<meta property=\"og:image:height\" content=\"579\" \/>\n\t<meta property=\"og:image:type\" content=\"image\/png\" \/>\n<meta name=\"twitter:card\" content=\"summary_large_image\" \/>\n<meta name=\"twitter:label1\" content=\"Gesch\u00e4tzte Lesezeit\" \/>\n\t<meta name=\"twitter:data1\" content=\"1\u00a0Minute\" \/>\n<script type=\"application\/ld+json\" class=\"yoast-schema-graph\">{\"@context\":\"https:\/\/schema.org\",\"@graph\":[{\"@type\":\"WebPage\",\"@id\":\"https:\/\/www.donatonigroup.com\/de\/maschine\/sx-3r\/\",\"url\":\"https:\/\/www.donatonigroup.com\/de\/maschine\/sx-3r\/\",\"name\":\"SX-3r - Donatoni Group\",\"isPartOf\":{\"@id\":\"https:\/\/www.donatonigroup.com\/de\/#website\"},\"primaryImageOfPage\":{\"@id\":\"https:\/\/www.donatonigroup.com\/de\/maschine\/sx-3r\/#primaryimage\"},\"image\":{\"@id\":\"https:\/\/www.donatonigroup.com\/de\/maschine\/sx-3r\/#primaryimage\"},\"thumbnailUrl\":\"https:\/\/www.donatonigroup.com\/wp-content\/uploads\/2025\/09\/Render-SX-3r.png\",\"datePublished\":\"2025-09-01T14:16:49+00:00\",\"dateModified\":\"2025-09-19T15:59:25+00:00\",\"breadcrumb\":{\"@id\":\"https:\/\/www.donatonigroup.com\/de\/maschine\/sx-3r\/#breadcrumb\"},\"inLanguage\":\"de\",\"potentialAction\":[{\"@type\":\"ReadAction\",\"target\":[\"https:\/\/www.donatonigroup.com\/de\/maschine\/sx-3r\/\"]}]},{\"@type\":\"ImageObject\",\"inLanguage\":\"de\",\"@id\":\"https:\/\/www.donatonigroup.com\/de\/maschine\/sx-3r\/#primaryimage\",\"url\":\"https:\/\/www.donatonigroup.com\/wp-content\/uploads\/2025\/09\/Render-SX-3r.png\",\"contentUrl\":\"https:\/\/www.donatonigroup.com\/wp-content\/uploads\/2025\/09\/Render-SX-3r.png\",\"width\":1000,\"height\":579},{\"@type\":\"BreadcrumbList\",\"@id\":\"https:\/\/www.donatonigroup.com\/de\/maschine\/sx-3r\/#breadcrumb\",\"itemListElement\":[{\"@type\":\"ListItem\",\"position\":1,\"name\":\"Home\",\"item\":\"https:\/\/www.donatonigroup.com\/de\/\"},{\"@type\":\"ListItem\",\"position\":2,\"name\":\"Katalogmaschine\",\"item\":\"https:\/\/www.donatonigroup.com\/de\/katalogmaschine\/\"},{\"@type\":\"ListItem\",\"position\":3,\"name\":\"SX-3r\"}]},{\"@type\":\"WebSite\",\"@id\":\"https:\/\/www.donatonigroup.com\/de\/#website\",\"url\":\"https:\/\/www.donatonigroup.com\/de\/\",\"name\":\"Donatoni Group\",\"description\":\"\",\"publisher\":{\"@id\":\"https:\/\/www.donatonigroup.com\/de\/#organization\"},\"potentialAction\":[{\"@type\":\"SearchAction\",\"target\":{\"@type\":\"EntryPoint\",\"urlTemplate\":\"https:\/\/www.donatonigroup.com\/de\/?s={search_term_string}\"},\"query-input\":{\"@type\":\"PropertyValueSpecification\",\"valueRequired\":true,\"valueName\":\"search_term_string\"}}],\"inLanguage\":\"de\"},{\"@type\":\"Organization\",\"@id\":\"https:\/\/www.donatonigroup.com\/de\/#organization\",\"name\":\"Donatoni Group\",\"url\":\"https:\/\/www.donatonigroup.com\/de\/\",\"logo\":{\"@type\":\"ImageObject\",\"inLanguage\":\"de\",\"@id\":\"https:\/\/www.donatonigroup.com\/de\/#\/schema\/logo\/image\/\",\"url\":\"http:\/\/www.donatonigroup.com\/wp-content\/uploads\/2023\/02\/donatoni-logo.png\",\"contentUrl\":\"http:\/\/www.donatonigroup.com\/wp-content\/uploads\/2023\/02\/donatoni-logo.png\",\"width\":800,\"height\":112,\"caption\":\"Donatoni Group\"},\"image\":{\"@id\":\"https:\/\/www.donatonigroup.com\/de\/#\/schema\/logo\/image\/\"},\"sameAs\":[\"https:\/\/www.facebook.com\/donatonimacchine\",\"https:\/\/instagram.com\/donatonigroup\/\",\"https:\/\/www.linkedin.com\/company\/donatoni-macchine-s-r-l\"]}]}<\/script>\n<!-- \/ Yoast SEO plugin. -->","yoast_head_json":{"title":"SX-3r - Donatoni Group","robots":{"index":"index","follow":"follow","max-snippet":"max-snippet:-1","max-image-preview":"max-image-preview:large","max-video-preview":"max-video-preview:-1"},"canonical":"https:\/\/www.donatonigroup.com\/de\/maschine\/sx-3r\/","og_locale":"de_DE","og_type":"article","og_title":"SX-3r - Donatoni Group","og_description":"Innovative CNC-Mehrspindel-Schneidzentren Die DONATONI SX-3r ist ein innovatives, numerisch gesteuertes Mehrspindel-Schneidzentrum mit drei interpolierten 6-Achsen-Schneideinheiten, das von Donatoni Macchine entwickelt und patentiert wurde, um diejenigen zufrieden zu stellen, die ein kompaktes System f\u00fcr die gro\u00df angelegte Inline-Produktion von Boden- und Wandfliesen aus Marmor, Granit, Keramik und Agglomerat in verschiedenen Gr\u00f6\u00dfen und St\u00e4rken ben\u00f6tigen.","og_url":"https:\/\/www.donatonigroup.com\/de\/maschine\/sx-3r\/","og_site_name":"Donatoni Group","article_publisher":"https:\/\/www.facebook.com\/donatonimacchine","article_modified_time":"2025-09-19T15:59:25+00:00","og_image":[{"width":1000,"height":579,"url":"https:\/\/www.donatonigroup.com\/wp-content\/uploads\/2025\/09\/Render-SX-3r.png","type":"image\/png"}],"twitter_card":"summary_large_image","twitter_misc":{"Gesch\u00e4tzte Lesezeit":"1\u00a0Minute"},"schema":{"@context":"https:\/\/schema.org","@graph":[{"@type":"WebPage","@id":"https:\/\/www.donatonigroup.com\/de\/maschine\/sx-3r\/","url":"https:\/\/www.donatonigroup.com\/de\/maschine\/sx-3r\/","name":"SX-3r - Donatoni Group","isPartOf":{"@id":"https:\/\/www.donatonigroup.com\/de\/#website"},"primaryImageOfPage":{"@id":"https:\/\/www.donatonigroup.com\/de\/maschine\/sx-3r\/#primaryimage"},"image":{"@id":"https:\/\/www.donatonigroup.com\/de\/maschine\/sx-3r\/#primaryimage"},"thumbnailUrl":"https:\/\/www.donatonigroup.com\/wp-content\/uploads\/2025\/09\/Render-SX-3r.png","datePublished":"2025-09-01T14:16:49+00:00","dateModified":"2025-09-19T15:59:25+00:00","breadcrumb":{"@id":"https:\/\/www.donatonigroup.com\/de\/maschine\/sx-3r\/#breadcrumb"},"inLanguage":"de","potentialAction":[{"@type":"ReadAction","target":["https:\/\/www.donatonigroup.com\/de\/maschine\/sx-3r\/"]}]},{"@type":"ImageObject","inLanguage":"de","@id":"https:\/\/www.donatonigroup.com\/de\/maschine\/sx-3r\/#primaryimage","url":"https:\/\/www.donatonigroup.com\/wp-content\/uploads\/2025\/09\/Render-SX-3r.png","contentUrl":"https:\/\/www.donatonigroup.com\/wp-content\/uploads\/2025\/09\/Render-SX-3r.png","width":1000,"height":579},{"@type":"BreadcrumbList","@id":"https:\/\/www.donatonigroup.com\/de\/maschine\/sx-3r\/#breadcrumb","itemListElement":[{"@type":"ListItem","position":1,"name":"Home","item":"https:\/\/www.donatonigroup.com\/de\/"},{"@type":"ListItem","position":2,"name":"Katalogmaschine","item":"https:\/\/www.donatonigroup.com\/de\/katalogmaschine\/"},{"@type":"ListItem","position":3,"name":"SX-3r"}]},{"@type":"WebSite","@id":"https:\/\/www.donatonigroup.com\/de\/#website","url":"https:\/\/www.donatonigroup.com\/de\/","name":"Donatoni Group","description":"","publisher":{"@id":"https:\/\/www.donatonigroup.com\/de\/#organization"},"potentialAction":[{"@type":"SearchAction","target":{"@type":"EntryPoint","urlTemplate":"https:\/\/www.donatonigroup.com\/de\/?s={search_term_string}"},"query-input":{"@type":"PropertyValueSpecification","valueRequired":true,"valueName":"search_term_string"}}],"inLanguage":"de"},{"@type":"Organization","@id":"https:\/\/www.donatonigroup.com\/de\/#organization","name":"Donatoni Group","url":"https:\/\/www.donatonigroup.com\/de\/","logo":{"@type":"ImageObject","inLanguage":"de","@id":"https:\/\/www.donatonigroup.com\/de\/#\/schema\/logo\/image\/","url":"http:\/\/www.donatonigroup.com\/wp-content\/uploads\/2023\/02\/donatoni-logo.png","contentUrl":"http:\/\/www.donatonigroup.com\/wp-content\/uploads\/2023\/02\/donatoni-logo.png","width":800,"height":112,"caption":"Donatoni Group"},"image":{"@id":"https:\/\/www.donatonigroup.com\/de\/#\/schema\/logo\/image\/"},"sameAs":["https:\/\/www.facebook.com\/donatonimacchine","https:\/\/instagram.com\/donatonigroup\/","https:\/\/www.linkedin.com\/company\/donatoni-macchine-s-r-l"]}]}},"_links":{"self":[{"href":"https:\/\/www.donatonigroup.com\/de\/wp-json\/wp\/v2\/product\/14872","targetHints":{"allow":["GET"]}}],"collection":[{"href":"https:\/\/www.donatonigroup.com\/de\/wp-json\/wp\/v2\/product"}],"about":[{"href":"https:\/\/www.donatonigroup.com\/de\/wp-json\/wp\/v2\/types\/product"}],"wp:featuredmedia":[{"embeddable":true,"href":"https:\/\/www.donatonigroup.com\/de\/wp-json\/wp\/v2\/media\/14650"}],"wp:attachment":[{"href":"https:\/\/www.donatonigroup.com\/de\/wp-json\/wp\/v2\/media?parent=14872"}],"wp:term":[{"taxonomy":"product_brand","embeddable":true,"href":"https:\/\/www.donatonigroup.com\/de\/wp-json\/wp\/v2\/product_brand?post=14872"},{"taxonomy":"product_cat","embeddable":true,"href":"https:\/\/www.donatonigroup.com\/de\/wp-json\/wp\/v2\/product_cat?post=14872"},{"taxonomy":"product_tag","embeddable":true,"href":"https:\/\/www.donatonigroup.com\/de\/wp-json\/wp\/v2\/product_tag?post=14872"},{"taxonomy":"caratteristica","embeddable":true,"href":"https:\/\/www.donatonigroup.com\/de\/wp-json\/wp\/v2\/caratteristica?post=14872"},{"taxonomy":"serie","embeddable":true,"href":"https:\/\/www.donatonigroup.com\/de\/wp-json\/wp\/v2\/serie?post=14872"},{"taxonomy":"settore_di_applicazione","embeddable":true,"href":"https:\/\/www.donatonigroup.com\/de\/wp-json\/wp\/v2\/settore_di_applicazione?post=14872"}],"curies":[{"name":"wp","href":"https:\/\/api.w.org\/{rel}","templated":true}]}}