{"id":14918,"date":"2025-09-01T15:08:04","date_gmt":"2025-09-01T15:08:04","guid":{"rendered":"http:\/\/www.donatonigroup.com\/macchina\/sx-5r\/"},"modified":"2025-09-19T16:02:12","modified_gmt":"2025-09-19T16:02:12","slug":"sx-5r","status":"publish","type":"product","link":"https:\/\/www.donatonigroup.com\/de\/maschine\/sx-5r\/","title":{"rendered":"SX-5r"},"content":{"rendered":"<div data-el-id=\"97c68f02-23cb-4cad-b5d8-c1d0bb9c48a9\">\n<div data-el-id=\"97c68f02-23cb-4cad-b5d8-c1d0bb9c48a9-txt\">\n<div class=\"machine-template__description-title\">\n<h1 class=\"machine-template__description-title-text\"><span style=\"font-size: 22px;\"> Innovative CNC-Mehrspindel-Schneidzentren<\/span><\/h1>\n<\/div>\n<\/div>\n<\/div>\n<div data-el-id=\"41751148-8458-44e8-ad5b-e474df89f053\">\n<div data-el-id=\"41751148-8458-44e8-ad5b-e474df89f053-txt\">\n<div class=\"machine-template__description-description\">\n<p>Die<strong> DONATONI SX-5r<\/strong> ist ein innovatives, numerisch gesteuertes <strong>Mehrspindel-Schneidzentrum mit 5 interpolierten 8-Achsen-Schneideinheiten<\/strong>, das von Donatoni Macchine entwickelt und patentiert wurde, um diejenigen zufrieden zu stellen, die ein kompaktes System f\u00fcr die gro\u00df angelegte Inline-Produktion von Boden- und Wandfliesen aus Marmor, Granit, Keramik und Agglomerat in verschiedenen Gr\u00f6\u00dfen und St\u00e4rken ben\u00f6tigen.<\/p>\n<\/div>\n<\/div>\n<\/div>\n","protected":false},"excerpt":{"rendered":"<p>Innovative CNC-Mehrspindel-Schneidzentren Die DONATONI SX-5r ist ein innovatives, numerisch gesteuertes Mehrspindel-Schneidzentrum mit 5 interpolierten 8-Achsen-Schneideinheiten, das von Donatoni Macchine entwickelt und patentiert wurde, um diejenigen zufrieden zu stellen, die ein kompaktes System f\u00fcr die gro\u00df angelegte Inline-Produktion von Boden- und Wandfliesen aus Marmor, Granit, Keramik und Agglomerat in verschiedenen Gr\u00f6\u00dfen und St\u00e4rken ben\u00f6tigen.<\/p>\n","protected":false},"featured_media":15001,"template":"","meta":{"_et_pb_use_builder":"","_et_pb_old_content":"","_et_gb_content_width":""},"product_brand":[],"product_cat":[2746],"product_tag":[],"caratteristica":[1326,1327,1328,1853,2054,2747,2748],"serie":[2749],"settore_di_applicazione":[1249,1251],"class_list":{"0":"post-14918","1":"product","2":"type-product","3":"status-publish","4":"has-post-thumbnail","6":"product_cat-maschinen-mit-hoher-produktivitaet","7":"caratteristica-flexibilitaet-in-der-produktion","8":"caratteristica-geringe-abmessungen","9":"caratteristica-einfach-und-schnell-zu-programmieren","10":"caratteristica-extreme-schnittpraezision","11":"caratteristica-hohe-produktivitaet","12":"caratteristica-automatisierte-schneidlinie","13":"caratteristica-optimierung-des-schneidens","14":"serie-sx-series-de","15":"settore_di_applicazione-grosse-projekte","16":"settore_di_applicazione-fussboeden-und-wandverkleidungen","18":"first","19":"instock","20":"shipping-taxable","21":"purchasable","22":"product-type-simple"},"acf":[],"yoast_head":"<!-- This site is optimized with the Yoast SEO plugin v25.8 - https:\/\/yoast.com\/wordpress\/plugins\/seo\/ -->\n<title>SX-5r - Donatoni Group<\/title>\n<meta name=\"robots\" content=\"index, follow, max-snippet:-1, max-image-preview:large, max-video-preview:-1\" \/>\n<link rel=\"canonical\" href=\"https:\/\/www.donatonigroup.com\/de\/maschine\/sx-5r\/\" \/>\n<meta property=\"og:locale\" content=\"de_DE\" \/>\n<meta property=\"og:type\" content=\"article\" \/>\n<meta property=\"og:title\" content=\"SX-5r - Donatoni Group\" \/>\n<meta property=\"og:description\" content=\"Innovative CNC-Mehrspindel-Schneidzentren Die DONATONI SX-5r ist ein innovatives, numerisch gesteuertes Mehrspindel-Schneidzentrum mit 5 interpolierten 8-Achsen-Schneideinheiten, das von Donatoni Macchine entwickelt und patentiert wurde, um diejenigen zufrieden zu stellen, die ein kompaktes System f\u00fcr die gro\u00df angelegte Inline-Produktion von Boden- und Wandfliesen aus Marmor, Granit, Keramik und Agglomerat in verschiedenen Gr\u00f6\u00dfen und St\u00e4rken ben\u00f6tigen.\" \/>\n<meta property=\"og:url\" content=\"https:\/\/www.donatonigroup.com\/de\/maschine\/sx-5r\/\" \/>\n<meta property=\"og:site_name\" content=\"Donatoni Group\" \/>\n<meta property=\"article:publisher\" content=\"https:\/\/www.facebook.com\/donatonimacchine\" \/>\n<meta property=\"article:modified_time\" content=\"2025-09-19T16:02:12+00:00\" \/>\n<meta property=\"og:image\" content=\"https:\/\/www.donatonigroup.com\/wp-content\/uploads\/2025\/09\/Macchina-sx-5r-img.png\" \/>\n\t<meta property=\"og:image:width\" content=\"1500\" \/>\n\t<meta property=\"og:image:height\" content=\"935\" \/>\n\t<meta property=\"og:image:type\" content=\"image\/png\" \/>\n<meta name=\"twitter:card\" content=\"summary_large_image\" \/>\n<meta name=\"twitter:label1\" content=\"Gesch\u00e4tzte Lesezeit\" \/>\n\t<meta name=\"twitter:data1\" content=\"1\u00a0Minute\" \/>\n<script type=\"application\/ld+json\" class=\"yoast-schema-graph\">{\"@context\":\"https:\/\/schema.org\",\"@graph\":[{\"@type\":\"WebPage\",\"@id\":\"https:\/\/www.donatonigroup.com\/de\/maschine\/sx-5r\/\",\"url\":\"https:\/\/www.donatonigroup.com\/de\/maschine\/sx-5r\/\",\"name\":\"SX-5r - Donatoni Group\",\"isPartOf\":{\"@id\":\"https:\/\/www.donatonigroup.com\/de\/#website\"},\"primaryImageOfPage\":{\"@id\":\"https:\/\/www.donatonigroup.com\/de\/maschine\/sx-5r\/#primaryimage\"},\"image\":{\"@id\":\"https:\/\/www.donatonigroup.com\/de\/maschine\/sx-5r\/#primaryimage\"},\"thumbnailUrl\":\"https:\/\/www.donatonigroup.com\/wp-content\/uploads\/2025\/09\/Macchina-sx-5r-img.png\",\"datePublished\":\"2025-09-01T15:08:04+00:00\",\"dateModified\":\"2025-09-19T16:02:12+00:00\",\"breadcrumb\":{\"@id\":\"https:\/\/www.donatonigroup.com\/de\/maschine\/sx-5r\/#breadcrumb\"},\"inLanguage\":\"de\",\"potentialAction\":[{\"@type\":\"ReadAction\",\"target\":[\"https:\/\/www.donatonigroup.com\/de\/maschine\/sx-5r\/\"]}]},{\"@type\":\"ImageObject\",\"inLanguage\":\"de\",\"@id\":\"https:\/\/www.donatonigroup.com\/de\/maschine\/sx-5r\/#primaryimage\",\"url\":\"https:\/\/www.donatonigroup.com\/wp-content\/uploads\/2025\/09\/Macchina-sx-5r-img.png\",\"contentUrl\":\"https:\/\/www.donatonigroup.com\/wp-content\/uploads\/2025\/09\/Macchina-sx-5r-img.png\",\"width\":1500,\"height\":935},{\"@type\":\"BreadcrumbList\",\"@id\":\"https:\/\/www.donatonigroup.com\/de\/maschine\/sx-5r\/#breadcrumb\",\"itemListElement\":[{\"@type\":\"ListItem\",\"position\":1,\"name\":\"Home\",\"item\":\"https:\/\/www.donatonigroup.com\/de\/\"},{\"@type\":\"ListItem\",\"position\":2,\"name\":\"Katalogmaschine\",\"item\":\"https:\/\/www.donatonigroup.com\/de\/katalogmaschine\/\"},{\"@type\":\"ListItem\",\"position\":3,\"name\":\"SX-5r\"}]},{\"@type\":\"WebSite\",\"@id\":\"https:\/\/www.donatonigroup.com\/de\/#website\",\"url\":\"https:\/\/www.donatonigroup.com\/de\/\",\"name\":\"Donatoni Group\",\"description\":\"\",\"publisher\":{\"@id\":\"https:\/\/www.donatonigroup.com\/de\/#organization\"},\"potentialAction\":[{\"@type\":\"SearchAction\",\"target\":{\"@type\":\"EntryPoint\",\"urlTemplate\":\"https:\/\/www.donatonigroup.com\/de\/?s={search_term_string}\"},\"query-input\":{\"@type\":\"PropertyValueSpecification\",\"valueRequired\":true,\"valueName\":\"search_term_string\"}}],\"inLanguage\":\"de\"},{\"@type\":\"Organization\",\"@id\":\"https:\/\/www.donatonigroup.com\/de\/#organization\",\"name\":\"Donatoni Group\",\"url\":\"https:\/\/www.donatonigroup.com\/de\/\",\"logo\":{\"@type\":\"ImageObject\",\"inLanguage\":\"de\",\"@id\":\"https:\/\/www.donatonigroup.com\/de\/#\/schema\/logo\/image\/\",\"url\":\"http:\/\/www.donatonigroup.com\/wp-content\/uploads\/2023\/02\/donatoni-logo.png\",\"contentUrl\":\"http:\/\/www.donatonigroup.com\/wp-content\/uploads\/2023\/02\/donatoni-logo.png\",\"width\":800,\"height\":112,\"caption\":\"Donatoni Group\"},\"image\":{\"@id\":\"https:\/\/www.donatonigroup.com\/de\/#\/schema\/logo\/image\/\"},\"sameAs\":[\"https:\/\/www.facebook.com\/donatonimacchine\",\"https:\/\/instagram.com\/donatonigroup\/\",\"https:\/\/www.linkedin.com\/company\/donatoni-macchine-s-r-l\"]}]}<\/script>\n<!-- \/ Yoast SEO plugin. -->","yoast_head_json":{"title":"SX-5r - Donatoni Group","robots":{"index":"index","follow":"follow","max-snippet":"max-snippet:-1","max-image-preview":"max-image-preview:large","max-video-preview":"max-video-preview:-1"},"canonical":"https:\/\/www.donatonigroup.com\/de\/maschine\/sx-5r\/","og_locale":"de_DE","og_type":"article","og_title":"SX-5r - Donatoni Group","og_description":"Innovative CNC-Mehrspindel-Schneidzentren Die DONATONI SX-5r ist ein innovatives, numerisch gesteuertes Mehrspindel-Schneidzentrum mit 5 interpolierten 8-Achsen-Schneideinheiten, das von Donatoni Macchine entwickelt und patentiert wurde, um diejenigen zufrieden zu stellen, die ein kompaktes System f\u00fcr die gro\u00df angelegte Inline-Produktion von Boden- und Wandfliesen aus Marmor, Granit, Keramik und Agglomerat in verschiedenen Gr\u00f6\u00dfen und St\u00e4rken ben\u00f6tigen.","og_url":"https:\/\/www.donatonigroup.com\/de\/maschine\/sx-5r\/","og_site_name":"Donatoni Group","article_publisher":"https:\/\/www.facebook.com\/donatonimacchine","article_modified_time":"2025-09-19T16:02:12+00:00","og_image":[{"width":1500,"height":935,"url":"https:\/\/www.donatonigroup.com\/wp-content\/uploads\/2025\/09\/Macchina-sx-5r-img.png","type":"image\/png"}],"twitter_card":"summary_large_image","twitter_misc":{"Gesch\u00e4tzte Lesezeit":"1\u00a0Minute"},"schema":{"@context":"https:\/\/schema.org","@graph":[{"@type":"WebPage","@id":"https:\/\/www.donatonigroup.com\/de\/maschine\/sx-5r\/","url":"https:\/\/www.donatonigroup.com\/de\/maschine\/sx-5r\/","name":"SX-5r - Donatoni Group","isPartOf":{"@id":"https:\/\/www.donatonigroup.com\/de\/#website"},"primaryImageOfPage":{"@id":"https:\/\/www.donatonigroup.com\/de\/maschine\/sx-5r\/#primaryimage"},"image":{"@id":"https:\/\/www.donatonigroup.com\/de\/maschine\/sx-5r\/#primaryimage"},"thumbnailUrl":"https:\/\/www.donatonigroup.com\/wp-content\/uploads\/2025\/09\/Macchina-sx-5r-img.png","datePublished":"2025-09-01T15:08:04+00:00","dateModified":"2025-09-19T16:02:12+00:00","breadcrumb":{"@id":"https:\/\/www.donatonigroup.com\/de\/maschine\/sx-5r\/#breadcrumb"},"inLanguage":"de","potentialAction":[{"@type":"ReadAction","target":["https:\/\/www.donatonigroup.com\/de\/maschine\/sx-5r\/"]}]},{"@type":"ImageObject","inLanguage":"de","@id":"https:\/\/www.donatonigroup.com\/de\/maschine\/sx-5r\/#primaryimage","url":"https:\/\/www.donatonigroup.com\/wp-content\/uploads\/2025\/09\/Macchina-sx-5r-img.png","contentUrl":"https:\/\/www.donatonigroup.com\/wp-content\/uploads\/2025\/09\/Macchina-sx-5r-img.png","width":1500,"height":935},{"@type":"BreadcrumbList","@id":"https:\/\/www.donatonigroup.com\/de\/maschine\/sx-5r\/#breadcrumb","itemListElement":[{"@type":"ListItem","position":1,"name":"Home","item":"https:\/\/www.donatonigroup.com\/de\/"},{"@type":"ListItem","position":2,"name":"Katalogmaschine","item":"https:\/\/www.donatonigroup.com\/de\/katalogmaschine\/"},{"@type":"ListItem","position":3,"name":"SX-5r"}]},{"@type":"WebSite","@id":"https:\/\/www.donatonigroup.com\/de\/#website","url":"https:\/\/www.donatonigroup.com\/de\/","name":"Donatoni Group","description":"","publisher":{"@id":"https:\/\/www.donatonigroup.com\/de\/#organization"},"potentialAction":[{"@type":"SearchAction","target":{"@type":"EntryPoint","urlTemplate":"https:\/\/www.donatonigroup.com\/de\/?s={search_term_string}"},"query-input":{"@type":"PropertyValueSpecification","valueRequired":true,"valueName":"search_term_string"}}],"inLanguage":"de"},{"@type":"Organization","@id":"https:\/\/www.donatonigroup.com\/de\/#organization","name":"Donatoni Group","url":"https:\/\/www.donatonigroup.com\/de\/","logo":{"@type":"ImageObject","inLanguage":"de","@id":"https:\/\/www.donatonigroup.com\/de\/#\/schema\/logo\/image\/","url":"http:\/\/www.donatonigroup.com\/wp-content\/uploads\/2023\/02\/donatoni-logo.png","contentUrl":"http:\/\/www.donatonigroup.com\/wp-content\/uploads\/2023\/02\/donatoni-logo.png","width":800,"height":112,"caption":"Donatoni Group"},"image":{"@id":"https:\/\/www.donatonigroup.com\/de\/#\/schema\/logo\/image\/"},"sameAs":["https:\/\/www.facebook.com\/donatonimacchine","https:\/\/instagram.com\/donatonigroup\/","https:\/\/www.linkedin.com\/company\/donatoni-macchine-s-r-l"]}]}},"_links":{"self":[{"href":"https:\/\/www.donatonigroup.com\/de\/wp-json\/wp\/v2\/product\/14918","targetHints":{"allow":["GET"]}}],"collection":[{"href":"https:\/\/www.donatonigroup.com\/de\/wp-json\/wp\/v2\/product"}],"about":[{"href":"https:\/\/www.donatonigroup.com\/de\/wp-json\/wp\/v2\/types\/product"}],"wp:featuredmedia":[{"embeddable":true,"href":"https:\/\/www.donatonigroup.com\/de\/wp-json\/wp\/v2\/media\/15001"}],"wp:attachment":[{"href":"https:\/\/www.donatonigroup.com\/de\/wp-json\/wp\/v2\/media?parent=14918"}],"wp:term":[{"taxonomy":"product_brand","embeddable":true,"href":"https:\/\/www.donatonigroup.com\/de\/wp-json\/wp\/v2\/product_brand?post=14918"},{"taxonomy":"product_cat","embeddable":true,"href":"https:\/\/www.donatonigroup.com\/de\/wp-json\/wp\/v2\/product_cat?post=14918"},{"taxonomy":"product_tag","embeddable":true,"href":"https:\/\/www.donatonigroup.com\/de\/wp-json\/wp\/v2\/product_tag?post=14918"},{"taxonomy":"caratteristica","embeddable":true,"href":"https:\/\/www.donatonigroup.com\/de\/wp-json\/wp\/v2\/caratteristica?post=14918"},{"taxonomy":"serie","embeddable":true,"href":"https:\/\/www.donatonigroup.com\/de\/wp-json\/wp\/v2\/serie?post=14918"},{"taxonomy":"settore_di_applicazione","embeddable":true,"href":"https:\/\/www.donatonigroup.com\/de\/wp-json\/wp\/v2\/settore_di_applicazione?post=14918"}],"curies":[{"name":"wp","href":"https:\/\/api.w.org\/{rel}","templated":true}]}}