{"id":6411,"date":"2023-02-08T16:37:29","date_gmt":"2023-02-08T16:37:29","guid":{"rendered":"http:\/\/www.donatonigroup.com\/macchina\/k3-q\/"},"modified":"2023-12-05T15:52:38","modified_gmt":"2023-12-05T15:52:38","slug":"k3-q","status":"publish","type":"product","link":"https:\/\/www.donatonigroup.com\/de\/maschine\/k3-q\/","title":{"rendered":"K3 Q"},"content":{"rendered":"<div data-el-id=\"deb7ef72-53fc-4c5c-950d-156ec4c55ab1\">\n<div data-el-id=\"deb7ef72-53fc-4c5c-950d-156ec4c55ab1-txt\">\n<div class=\"machine-template__description-title\">\n<h3 class=\"machine-template__description-title-text\">Modelle, die Br\u00fcckens\u00e4ge und Bearbeitungszentrum kombinieren<\/h3>\n<\/div>\n<\/div>\n<\/div>\n<div data-el-id=\"e1ddb04c-5bc4-4b16-8869-c19fc3a01bda\">\n<div data-el-id=\"e1ddb04c-5bc4-4b16-8869-c19fc3a01bda-txt\">\n<div class=\"machine-template__description-description\">Die <strong>DONATONI K3 Q<\/strong> ist eine <strong>CNC-Fr\u00e4smaschine\/Bearbeitungszentrum mit 5\/6 interpolierten Achsen<\/strong> mit automatischem Werkzeugwechsel und <strong>800 mm Z-Achsen-Verfahrweg<\/strong>. Es handelt sich um eine \u00e4u\u00dferst vielseitige Maschine, die sich f\u00fcr die Herstellung verschiedener Produkte eignet, wie z. B. K\u00fcchenplatten, Badezimmerplatten, Duschwannen, Fu\u00dfb\u00f6den, Platten f\u00fcr Au\u00dfen- und Innenverkleidungen, Treppenstufen, Fenstereinfassungen, Tische, Brunnen, Kapitelle, Skulpturen, Bau- und Grabkunstwerke. Diese Maschine ist haupts\u00e4chlich f\u00fcr Schnitte bis zu 250 mm Tiefe (300 mm mit optionaler Ausstattung) und einfache und komplexe Formgebung geeignet.<\/div>\n<\/div>\n<\/div>\n","protected":false},"excerpt":{"rendered":"<p>Modelle, die Br\u00fcckens\u00e4ge und Bearbeitungszentrum kombinieren Die DONATONI K3 Q ist eine CNC-Fr\u00e4smaschine\/Bearbeitungszentrum mit 5\/6 interpolierten Achsen mit automatischem Werkzeugwechsel und 800 mm Z-Achsen-Verfahrweg. Es handelt sich um eine \u00e4u\u00dferst vielseitige Maschine, die sich f\u00fcr die Herstellung verschiedener Produkte eignet, wie z. B. K\u00fcchenplatten, Badezimmerplatten, Duschwannen, Fu\u00dfb\u00f6den, Platten f\u00fcr Au\u00dfen- und Innenverkleidungen, Treppenstufen, Fenstereinfassungen, Tische, [&hellip;]<\/p>\n","protected":false},"featured_media":6358,"template":"","meta":{"_et_pb_use_builder":"","_et_pb_old_content":"","_et_gb_content_width":""},"product_brand":[],"product_cat":[1231],"product_tag":[],"caratteristica":[1323,1324,1325,1326,1327,1328,1329],"serie":[1330],"settore_di_applicazione":[1247,1248,1249,1250,1252],"class_list":{"0":"post-6411","1":"product","2":"type-product","3":"status-publish","4":"has-post-thumbnail","6":"product_cat-bearbeitungszentren","7":"pa_assi-interpolati-5-de","8":"pa_attacco-utensile-cono-40-de","9":"pa_consumo-acqua-50-de-2","10":"pa_consumo-aria-20-de","11":"pa_coppia-mot-elettromandrino-115-s6-de","12":"pa_corsa-carrello-asse-x-3900-de","13":"pa_corsa-ponte-asse-y-3450-de","14":"pa_corsa-tastatore-lastra-300-de","15":"pa_corsa-ventose-295-de","16":"pa_diametro-albero-mandrino-50-de-2","17":"pa_diametro-massimo-disco-825-de","18":"pa_diametro-max-utensili-o120-de","19":"pa_diametro-minimo-disco-350-de-2","20":"pa_dimensione-banco-3500x2000-de","21":"pa_disco-max-tastatore-lastra-725-de","22":"pa_disco-max-uso-ventose-725-de","23":"pa_inclinazione-testa-assea-0-90-de-2","24":"pa_interasse-supp-utensili-130-de","25":"pa_magazzino-utensili-20-werkzeuge-1-scheiben","26":"pa_peso-complessivo-macchina-5700-de","27":"pa_peso-tot-max-sollev-ventose-600-de","28":"pa_potenza-elettromandrino-28-s6-de","29":"pa_potenza-totale-installata-46-de","30":"pa_profondita-max-di-taglio-300-de","31":"pa_raffreddamento-motore-liquido-de","32":"pa_rotazione-testa-porta-disco-5-365-de-2","33":"pa_salita-discesa-assez-800-de","34":"pa_tensione-elettrica-standard-40010-50","35":"pa_velocita-elettromandri-0-10000-de-2","36":"pa_velocita-max-carrello-asse-x-0-45-de","37":"pa_velocita-max-ponte-asse-y-0-45-de","38":"pa_velocita-max-teste-asse-z-0-6-de","39":"caratteristica-2-in-1-eine-einzige-maschine-zum-kalibrieren-und-polieren","40":"caratteristica-umfassendes-angebot-an-zubehoer-und-konfigurationen","41":"caratteristica-breite-bearbeitungspalette","42":"caratteristica-flexibilitaet-in-der-produktion","43":"caratteristica-geringe-abmessungen","44":"caratteristica-einfach-und-schnell-zu-programmieren","45":"caratteristica-cnc-technologie-praezision-und-produktivitaet","46":"serie-k-series-de","47":"settore_di_applicazione-bestattungskunst","48":"settore_di_applicazione-design-und-skulpturen","49":"settore_di_applicazione-grosse-projekte","50":"settore_di_applicazione-artikel-fuer-das-baugewerbe","51":"settore_di_applicazione-kuechen-und-badezimmerplatten","53":"first","54":"instock","55":"shipping-taxable","56":"purchasable","57":"product-type-simple"},"acf":[],"yoast_head":"<!-- This site is optimized with the Yoast SEO plugin v25.8 - https:\/\/yoast.com\/wordpress\/plugins\/seo\/ -->\n<title>K3 Q - Donatoni Group<\/title>\n<meta name=\"robots\" content=\"index, follow, max-snippet:-1, max-image-preview:large, max-video-preview:-1\" \/>\n<link rel=\"canonical\" href=\"https:\/\/www.donatonigroup.com\/de\/maschine\/k3-q\/\" \/>\n<meta property=\"og:locale\" content=\"de_DE\" \/>\n<meta property=\"og:type\" content=\"article\" \/>\n<meta property=\"og:title\" content=\"K3 Q - Donatoni Group\" \/>\n<meta property=\"og:description\" content=\"Modelle, die Br\u00fcckens\u00e4ge und Bearbeitungszentrum kombinieren Die DONATONI K3 Q ist eine CNC-Fr\u00e4smaschine\/Bearbeitungszentrum mit 5\/6 interpolierten Achsen mit automatischem Werkzeugwechsel und 800 mm Z-Achsen-Verfahrweg. Es handelt sich um eine \u00e4u\u00dferst vielseitige Maschine, die sich f\u00fcr die Herstellung verschiedener Produkte eignet, wie z. B. K\u00fcchenplatten, Badezimmerplatten, Duschwannen, Fu\u00dfb\u00f6den, Platten f\u00fcr Au\u00dfen- und Innenverkleidungen, Treppenstufen, Fenstereinfassungen, Tische, [&hellip;]\" \/>\n<meta property=\"og:url\" content=\"https:\/\/www.donatonigroup.com\/de\/maschine\/k3-q\/\" \/>\n<meta property=\"og:site_name\" content=\"Donatoni Group\" \/>\n<meta property=\"article:publisher\" content=\"https:\/\/www.facebook.com\/donatonimacchine\" \/>\n<meta property=\"article:modified_time\" content=\"2023-12-05T15:52:38+00:00\" \/>\n<meta property=\"og:image\" content=\"https:\/\/www.donatonigroup.com\/wp-content\/uploads\/2023\/02\/K3Q-1500x9352-1.png\" \/>\n\t<meta property=\"og:image:width\" content=\"1500\" \/>\n\t<meta property=\"og:image:height\" content=\"935\" \/>\n\t<meta property=\"og:image:type\" content=\"image\/png\" \/>\n<meta name=\"twitter:card\" content=\"summary_large_image\" \/>\n<meta name=\"twitter:label1\" content=\"Gesch\u00e4tzte Lesezeit\" \/>\n\t<meta name=\"twitter:data1\" content=\"1\u00a0Minute\" \/>\n<script type=\"application\/ld+json\" class=\"yoast-schema-graph\">{\"@context\":\"https:\/\/schema.org\",\"@graph\":[{\"@type\":\"WebPage\",\"@id\":\"https:\/\/www.donatonigroup.com\/de\/maschine\/k3-q\/\",\"url\":\"https:\/\/www.donatonigroup.com\/de\/maschine\/k3-q\/\",\"name\":\"K3 Q - Donatoni Group\",\"isPartOf\":{\"@id\":\"https:\/\/www.donatonigroup.com\/de\/#website\"},\"primaryImageOfPage\":{\"@id\":\"https:\/\/www.donatonigroup.com\/de\/maschine\/k3-q\/#primaryimage\"},\"image\":{\"@id\":\"https:\/\/www.donatonigroup.com\/de\/maschine\/k3-q\/#primaryimage\"},\"thumbnailUrl\":\"https:\/\/www.donatonigroup.com\/wp-content\/uploads\/2023\/02\/K3Q-1500x9352-1.png\",\"datePublished\":\"2023-02-08T16:37:29+00:00\",\"dateModified\":\"2023-12-05T15:52:38+00:00\",\"breadcrumb\":{\"@id\":\"https:\/\/www.donatonigroup.com\/de\/maschine\/k3-q\/#breadcrumb\"},\"inLanguage\":\"de\",\"potentialAction\":[{\"@type\":\"ReadAction\",\"target\":[\"https:\/\/www.donatonigroup.com\/de\/maschine\/k3-q\/\"]}]},{\"@type\":\"ImageObject\",\"inLanguage\":\"de\",\"@id\":\"https:\/\/www.donatonigroup.com\/de\/maschine\/k3-q\/#primaryimage\",\"url\":\"https:\/\/www.donatonigroup.com\/wp-content\/uploads\/2023\/02\/K3Q-1500x9352-1.png\",\"contentUrl\":\"https:\/\/www.donatonigroup.com\/wp-content\/uploads\/2023\/02\/K3Q-1500x9352-1.png\",\"width\":1500,\"height\":935},{\"@type\":\"BreadcrumbList\",\"@id\":\"https:\/\/www.donatonigroup.com\/de\/maschine\/k3-q\/#breadcrumb\",\"itemListElement\":[{\"@type\":\"ListItem\",\"position\":1,\"name\":\"Home\",\"item\":\"https:\/\/www.donatonigroup.com\/de\/\"},{\"@type\":\"ListItem\",\"position\":2,\"name\":\"Katalogmaschine\",\"item\":\"https:\/\/www.donatonigroup.com\/de\/katalogmaschine\/\"},{\"@type\":\"ListItem\",\"position\":3,\"name\":\"K3 Q\"}]},{\"@type\":\"WebSite\",\"@id\":\"https:\/\/www.donatonigroup.com\/de\/#website\",\"url\":\"https:\/\/www.donatonigroup.com\/de\/\",\"name\":\"Donatoni Group\",\"description\":\"\",\"publisher\":{\"@id\":\"https:\/\/www.donatonigroup.com\/de\/#organization\"},\"potentialAction\":[{\"@type\":\"SearchAction\",\"target\":{\"@type\":\"EntryPoint\",\"urlTemplate\":\"https:\/\/www.donatonigroup.com\/de\/?s={search_term_string}\"},\"query-input\":{\"@type\":\"PropertyValueSpecification\",\"valueRequired\":true,\"valueName\":\"search_term_string\"}}],\"inLanguage\":\"de\"},{\"@type\":\"Organization\",\"@id\":\"https:\/\/www.donatonigroup.com\/de\/#organization\",\"name\":\"Donatoni Group\",\"url\":\"https:\/\/www.donatonigroup.com\/de\/\",\"logo\":{\"@type\":\"ImageObject\",\"inLanguage\":\"de\",\"@id\":\"https:\/\/www.donatonigroup.com\/de\/#\/schema\/logo\/image\/\",\"url\":\"http:\/\/www.donatonigroup.com\/wp-content\/uploads\/2023\/02\/donatoni-logo.png\",\"contentUrl\":\"http:\/\/www.donatonigroup.com\/wp-content\/uploads\/2023\/02\/donatoni-logo.png\",\"width\":800,\"height\":112,\"caption\":\"Donatoni Group\"},\"image\":{\"@id\":\"https:\/\/www.donatonigroup.com\/de\/#\/schema\/logo\/image\/\"},\"sameAs\":[\"https:\/\/www.facebook.com\/donatonimacchine\",\"https:\/\/instagram.com\/donatonigroup\/\",\"https:\/\/www.linkedin.com\/company\/donatoni-macchine-s-r-l\"]}]}<\/script>\n<!-- \/ Yoast SEO plugin. -->","yoast_head_json":{"title":"K3 Q - Donatoni Group","robots":{"index":"index","follow":"follow","max-snippet":"max-snippet:-1","max-image-preview":"max-image-preview:large","max-video-preview":"max-video-preview:-1"},"canonical":"https:\/\/www.donatonigroup.com\/de\/maschine\/k3-q\/","og_locale":"de_DE","og_type":"article","og_title":"K3 Q - Donatoni Group","og_description":"Modelle, die Br\u00fcckens\u00e4ge und Bearbeitungszentrum kombinieren Die DONATONI K3 Q ist eine CNC-Fr\u00e4smaschine\/Bearbeitungszentrum mit 5\/6 interpolierten Achsen mit automatischem Werkzeugwechsel und 800 mm Z-Achsen-Verfahrweg. Es handelt sich um eine \u00e4u\u00dferst vielseitige Maschine, die sich f\u00fcr die Herstellung verschiedener Produkte eignet, wie z. B. K\u00fcchenplatten, Badezimmerplatten, Duschwannen, Fu\u00dfb\u00f6den, Platten f\u00fcr Au\u00dfen- und Innenverkleidungen, Treppenstufen, Fenstereinfassungen, Tische, [&hellip;]","og_url":"https:\/\/www.donatonigroup.com\/de\/maschine\/k3-q\/","og_site_name":"Donatoni Group","article_publisher":"https:\/\/www.facebook.com\/donatonimacchine","article_modified_time":"2023-12-05T15:52:38+00:00","og_image":[{"width":1500,"height":935,"url":"https:\/\/www.donatonigroup.com\/wp-content\/uploads\/2023\/02\/K3Q-1500x9352-1.png","type":"image\/png"}],"twitter_card":"summary_large_image","twitter_misc":{"Gesch\u00e4tzte Lesezeit":"1\u00a0Minute"},"schema":{"@context":"https:\/\/schema.org","@graph":[{"@type":"WebPage","@id":"https:\/\/www.donatonigroup.com\/de\/maschine\/k3-q\/","url":"https:\/\/www.donatonigroup.com\/de\/maschine\/k3-q\/","name":"K3 Q - Donatoni Group","isPartOf":{"@id":"https:\/\/www.donatonigroup.com\/de\/#website"},"primaryImageOfPage":{"@id":"https:\/\/www.donatonigroup.com\/de\/maschine\/k3-q\/#primaryimage"},"image":{"@id":"https:\/\/www.donatonigroup.com\/de\/maschine\/k3-q\/#primaryimage"},"thumbnailUrl":"https:\/\/www.donatonigroup.com\/wp-content\/uploads\/2023\/02\/K3Q-1500x9352-1.png","datePublished":"2023-02-08T16:37:29+00:00","dateModified":"2023-12-05T15:52:38+00:00","breadcrumb":{"@id":"https:\/\/www.donatonigroup.com\/de\/maschine\/k3-q\/#breadcrumb"},"inLanguage":"de","potentialAction":[{"@type":"ReadAction","target":["https:\/\/www.donatonigroup.com\/de\/maschine\/k3-q\/"]}]},{"@type":"ImageObject","inLanguage":"de","@id":"https:\/\/www.donatonigroup.com\/de\/maschine\/k3-q\/#primaryimage","url":"https:\/\/www.donatonigroup.com\/wp-content\/uploads\/2023\/02\/K3Q-1500x9352-1.png","contentUrl":"https:\/\/www.donatonigroup.com\/wp-content\/uploads\/2023\/02\/K3Q-1500x9352-1.png","width":1500,"height":935},{"@type":"BreadcrumbList","@id":"https:\/\/www.donatonigroup.com\/de\/maschine\/k3-q\/#breadcrumb","itemListElement":[{"@type":"ListItem","position":1,"name":"Home","item":"https:\/\/www.donatonigroup.com\/de\/"},{"@type":"ListItem","position":2,"name":"Katalogmaschine","item":"https:\/\/www.donatonigroup.com\/de\/katalogmaschine\/"},{"@type":"ListItem","position":3,"name":"K3 Q"}]},{"@type":"WebSite","@id":"https:\/\/www.donatonigroup.com\/de\/#website","url":"https:\/\/www.donatonigroup.com\/de\/","name":"Donatoni Group","description":"","publisher":{"@id":"https:\/\/www.donatonigroup.com\/de\/#organization"},"potentialAction":[{"@type":"SearchAction","target":{"@type":"EntryPoint","urlTemplate":"https:\/\/www.donatonigroup.com\/de\/?s={search_term_string}"},"query-input":{"@type":"PropertyValueSpecification","valueRequired":true,"valueName":"search_term_string"}}],"inLanguage":"de"},{"@type":"Organization","@id":"https:\/\/www.donatonigroup.com\/de\/#organization","name":"Donatoni Group","url":"https:\/\/www.donatonigroup.com\/de\/","logo":{"@type":"ImageObject","inLanguage":"de","@id":"https:\/\/www.donatonigroup.com\/de\/#\/schema\/logo\/image\/","url":"http:\/\/www.donatonigroup.com\/wp-content\/uploads\/2023\/02\/donatoni-logo.png","contentUrl":"http:\/\/www.donatonigroup.com\/wp-content\/uploads\/2023\/02\/donatoni-logo.png","width":800,"height":112,"caption":"Donatoni Group"},"image":{"@id":"https:\/\/www.donatonigroup.com\/de\/#\/schema\/logo\/image\/"},"sameAs":["https:\/\/www.facebook.com\/donatonimacchine","https:\/\/instagram.com\/donatonigroup\/","https:\/\/www.linkedin.com\/company\/donatoni-macchine-s-r-l"]}]}},"_links":{"self":[{"href":"https:\/\/www.donatonigroup.com\/de\/wp-json\/wp\/v2\/product\/6411","targetHints":{"allow":["GET"]}}],"collection":[{"href":"https:\/\/www.donatonigroup.com\/de\/wp-json\/wp\/v2\/product"}],"about":[{"href":"https:\/\/www.donatonigroup.com\/de\/wp-json\/wp\/v2\/types\/product"}],"wp:featuredmedia":[{"embeddable":true,"href":"https:\/\/www.donatonigroup.com\/de\/wp-json\/wp\/v2\/media\/6358"}],"wp:attachment":[{"href":"https:\/\/www.donatonigroup.com\/de\/wp-json\/wp\/v2\/media?parent=6411"}],"wp:term":[{"taxonomy":"product_brand","embeddable":true,"href":"https:\/\/www.donatonigroup.com\/de\/wp-json\/wp\/v2\/product_brand?post=6411"},{"taxonomy":"product_cat","embeddable":true,"href":"https:\/\/www.donatonigroup.com\/de\/wp-json\/wp\/v2\/product_cat?post=6411"},{"taxonomy":"product_tag","embeddable":true,"href":"https:\/\/www.donatonigroup.com\/de\/wp-json\/wp\/v2\/product_tag?post=6411"},{"taxonomy":"caratteristica","embeddable":true,"href":"https:\/\/www.donatonigroup.com\/de\/wp-json\/wp\/v2\/caratteristica?post=6411"},{"taxonomy":"serie","embeddable":true,"href":"https:\/\/www.donatonigroup.com\/de\/wp-json\/wp\/v2\/serie?post=6411"},{"taxonomy":"settore_di_applicazione","embeddable":true,"href":"https:\/\/www.donatonigroup.com\/de\/wp-json\/wp\/v2\/settore_di_applicazione?post=6411"}],"curies":[{"name":"wp","href":"https:\/\/api.w.org\/{rel}","templated":true}]}}