{"id":6491,"date":"2023-02-09T08:16:20","date_gmt":"2023-02-09T08:16:20","guid":{"rendered":"http:\/\/www.donatonigroup.com\/macchina\/z-2000\/"},"modified":"2023-12-05T16:38:38","modified_gmt":"2023-12-05T16:38:38","slug":"z-2000","status":"publish","type":"product","link":"https:\/\/www.donatonigroup.com\/de\/maschine\/z-2000\/","title":{"rendered":"Z 2000"},"content":{"rendered":"<div data-el-id=\"1198413e-7440-443b-a5da-4d26ee02956a\">\n<div data-el-id=\"1198413e-7440-443b-a5da-4d26ee02956a-txt\">\n<div class=\"machine-template__description-title\">\n<h3>Sehr vielseitige multifunktionale Bearbeitungszentren mit hoher Produktivit\u00e4t.<\/h3>\n<p>Die DONATONI Z 2000 ist ein gro\u00dfes CNC-Multifunktions-Bearbeitungszentrum mit 5\/6 interpolierten Achsen und 2000 mm Verfahrweg der Z-Achse. Es eignet sich f\u00fcr die Durchf\u00fchrung von einfachen und komplexen geraden, konkaven, konvexen, gew\u00f6lbten Formgebungen, zwei- und dreidimensionalen Aussparbearbeitungen, Drehen von S\u00e4ulen, Skulpturen und Schnitten jeder Art.<\/p>\n<\/div>\n<\/div>\n<\/div>\n","protected":false},"excerpt":{"rendered":"<p>Sehr vielseitige multifunktionale Bearbeitungszentren mit hoher Produktivit\u00e4t. Die DONATONI Z 2000 ist ein gro\u00dfes CNC-Multifunktions-Bearbeitungszentrum mit 5\/6 interpolierten Achsen und 2000 mm Verfahrweg der Z-Achse. Es eignet sich f\u00fcr die Durchf\u00fchrung von einfachen und komplexen geraden, konkaven, konvexen, gew\u00f6lbten Formgebungen, zwei- und dreidimensionalen Aussparbearbeitungen, Drehen von S\u00e4ulen, Skulpturen und Schnitten jeder Art.<\/p>\n","protected":false},"featured_media":6457,"template":"","meta":{"_et_pb_use_builder":"","_et_pb_old_content":"","_et_gb_content_width":""},"product_brand":[],"product_cat":[1230],"product_tag":[],"caratteristica":[1324,1326,1328,1329,1645,1646,1647],"serie":[1641],"settore_di_applicazione":[1247,1248,1249,1250],"class_list":{"0":"post-6491","1":"product","2":"type-product","3":"status-publish","4":"has-post-thumbnail","6":"product_cat-schneide-und-formgebungszentren","7":"pa_assi-interpolati-5-de","8":"pa_consumo-acqua-50-de-2","9":"pa_consumo-aria-20-de","10":"pa_corsa-carrello-asse-x-4100-de","11":"pa_corsa-ponte-asse-y-3500-de","12":"pa_diametro-massimo-disco-1000-de","13":"pa_diametro-minimo-disco-500-de","14":"pa_dimensione-banco-2000x3500-de","15":"pa_disco-max-con-move2-825-de","16":"pa_disco-max-tastatore-lastra-825-de","17":"pa_inclinazione-testa-assea-20-200-de","18":"pa_peso-complessivo-macchina-6100-de","19":"pa_peso-tot-max-sollev-ventose-500-de","20":"pa_profondita-max-di-taglio-355-de","21":"pa_rotazione-testa-porta-disco-5-545-de","22":"pa_salita-discesa-assez-2000-de","23":"pa_tensione-elettrica-standard-40010-50","24":"pa_velocita-di-posiz-assi-x-y-0-37-de","25":"pa_velocita-max-carrello-asse-x-0-37-de","26":"pa_velocita-max-ponte-asse-y-0-37-de","27":"pa_velocita-max-teste-asse-z-0-12-de","28":"caratteristica-umfassendes-angebot-an-zubehoer-und-konfigurationen","29":"caratteristica-flexibilitaet-in-der-produktion","30":"caratteristica-einfach-und-schnell-zu-programmieren","31":"caratteristica-cnc-technologie-praezision-und-produktivitaet","32":"caratteristica-schneidet-auch-dicke-brammen","33":"caratteristica-extrem-leistungsfaehig","34":"caratteristica-ideal-fuer-die-formgebung-und-das-aussparen","35":"serie-z-series-de","36":"settore_di_applicazione-bestattungskunst","37":"settore_di_applicazione-design-und-skulpturen","38":"settore_di_applicazione-grosse-projekte","39":"settore_di_applicazione-artikel-fuer-das-baugewerbe","41":"first","42":"instock","43":"shipping-taxable","44":"purchasable","45":"product-type-simple"},"acf":[],"yoast_head":"<!-- This site is optimized with the Yoast SEO plugin v25.8 - https:\/\/yoast.com\/wordpress\/plugins\/seo\/ -->\n<title>Z 2000 - Donatoni Group<\/title>\n<meta name=\"robots\" content=\"index, follow, max-snippet:-1, max-image-preview:large, max-video-preview:-1\" \/>\n<link rel=\"canonical\" href=\"https:\/\/www.donatonigroup.com\/de\/maschine\/z-2000\/\" \/>\n<meta property=\"og:locale\" content=\"de_DE\" \/>\n<meta property=\"og:type\" content=\"article\" \/>\n<meta property=\"og:title\" content=\"Z 2000 - Donatoni Group\" \/>\n<meta property=\"og:description\" content=\"Sehr vielseitige multifunktionale Bearbeitungszentren mit hoher Produktivit\u00e4t. Die DONATONI Z 2000 ist ein gro\u00dfes CNC-Multifunktions-Bearbeitungszentrum mit 5\/6 interpolierten Achsen und 2000 mm Verfahrweg der Z-Achse. Es eignet sich f\u00fcr die Durchf\u00fchrung von einfachen und komplexen geraden, konkaven, konvexen, gew\u00f6lbten Formgebungen, zwei- und dreidimensionalen Aussparbearbeitungen, Drehen von S\u00e4ulen, Skulpturen und Schnitten jeder Art.\" \/>\n<meta property=\"og:url\" content=\"https:\/\/www.donatonigroup.com\/de\/maschine\/z-2000\/\" \/>\n<meta property=\"og:site_name\" content=\"Donatoni Group\" \/>\n<meta property=\"article:publisher\" content=\"https:\/\/www.facebook.com\/donatonimacchine\" \/>\n<meta property=\"article:modified_time\" content=\"2023-12-05T16:38:38+00:00\" \/>\n<meta property=\"og:image\" content=\"https:\/\/www.donatonigroup.com\/wp-content\/uploads\/2023\/02\/Z2000-1500x9352-1.png\" \/>\n\t<meta property=\"og:image:width\" content=\"1500\" \/>\n\t<meta property=\"og:image:height\" content=\"935\" \/>\n\t<meta property=\"og:image:type\" content=\"image\/png\" \/>\n<meta name=\"twitter:card\" content=\"summary_large_image\" \/>\n<meta name=\"twitter:label1\" content=\"Gesch\u00e4tzte Lesezeit\" \/>\n\t<meta name=\"twitter:data1\" content=\"1\u00a0Minute\" \/>\n<script type=\"application\/ld+json\" class=\"yoast-schema-graph\">{\"@context\":\"https:\/\/schema.org\",\"@graph\":[{\"@type\":\"WebPage\",\"@id\":\"https:\/\/www.donatonigroup.com\/de\/maschine\/z-2000\/\",\"url\":\"https:\/\/www.donatonigroup.com\/de\/maschine\/z-2000\/\",\"name\":\"Z 2000 - Donatoni Group\",\"isPartOf\":{\"@id\":\"https:\/\/www.donatonigroup.com\/de\/#website\"},\"primaryImageOfPage\":{\"@id\":\"https:\/\/www.donatonigroup.com\/de\/maschine\/z-2000\/#primaryimage\"},\"image\":{\"@id\":\"https:\/\/www.donatonigroup.com\/de\/maschine\/z-2000\/#primaryimage\"},\"thumbnailUrl\":\"https:\/\/www.donatonigroup.com\/wp-content\/uploads\/2023\/02\/Z2000-1500x9352-1.png\",\"datePublished\":\"2023-02-09T08:16:20+00:00\",\"dateModified\":\"2023-12-05T16:38:38+00:00\",\"breadcrumb\":{\"@id\":\"https:\/\/www.donatonigroup.com\/de\/maschine\/z-2000\/#breadcrumb\"},\"inLanguage\":\"de\",\"potentialAction\":[{\"@type\":\"ReadAction\",\"target\":[\"https:\/\/www.donatonigroup.com\/de\/maschine\/z-2000\/\"]}]},{\"@type\":\"ImageObject\",\"inLanguage\":\"de\",\"@id\":\"https:\/\/www.donatonigroup.com\/de\/maschine\/z-2000\/#primaryimage\",\"url\":\"https:\/\/www.donatonigroup.com\/wp-content\/uploads\/2023\/02\/Z2000-1500x9352-1.png\",\"contentUrl\":\"https:\/\/www.donatonigroup.com\/wp-content\/uploads\/2023\/02\/Z2000-1500x9352-1.png\",\"width\":1500,\"height\":935},{\"@type\":\"BreadcrumbList\",\"@id\":\"https:\/\/www.donatonigroup.com\/de\/maschine\/z-2000\/#breadcrumb\",\"itemListElement\":[{\"@type\":\"ListItem\",\"position\":1,\"name\":\"Home\",\"item\":\"https:\/\/www.donatonigroup.com\/de\/\"},{\"@type\":\"ListItem\",\"position\":2,\"name\":\"Katalogmaschine\",\"item\":\"https:\/\/www.donatonigroup.com\/de\/katalogmaschine\/\"},{\"@type\":\"ListItem\",\"position\":3,\"name\":\"Z 2000\"}]},{\"@type\":\"WebSite\",\"@id\":\"https:\/\/www.donatonigroup.com\/de\/#website\",\"url\":\"https:\/\/www.donatonigroup.com\/de\/\",\"name\":\"Donatoni Group\",\"description\":\"\",\"publisher\":{\"@id\":\"https:\/\/www.donatonigroup.com\/de\/#organization\"},\"potentialAction\":[{\"@type\":\"SearchAction\",\"target\":{\"@type\":\"EntryPoint\",\"urlTemplate\":\"https:\/\/www.donatonigroup.com\/de\/?s={search_term_string}\"},\"query-input\":{\"@type\":\"PropertyValueSpecification\",\"valueRequired\":true,\"valueName\":\"search_term_string\"}}],\"inLanguage\":\"de\"},{\"@type\":\"Organization\",\"@id\":\"https:\/\/www.donatonigroup.com\/de\/#organization\",\"name\":\"Donatoni Group\",\"url\":\"https:\/\/www.donatonigroup.com\/de\/\",\"logo\":{\"@type\":\"ImageObject\",\"inLanguage\":\"de\",\"@id\":\"https:\/\/www.donatonigroup.com\/de\/#\/schema\/logo\/image\/\",\"url\":\"http:\/\/www.donatonigroup.com\/wp-content\/uploads\/2023\/02\/donatoni-logo.png\",\"contentUrl\":\"http:\/\/www.donatonigroup.com\/wp-content\/uploads\/2023\/02\/donatoni-logo.png\",\"width\":800,\"height\":112,\"caption\":\"Donatoni Group\"},\"image\":{\"@id\":\"https:\/\/www.donatonigroup.com\/de\/#\/schema\/logo\/image\/\"},\"sameAs\":[\"https:\/\/www.facebook.com\/donatonimacchine\",\"https:\/\/instagram.com\/donatonigroup\/\",\"https:\/\/www.linkedin.com\/company\/donatoni-macchine-s-r-l\"]}]}<\/script>\n<!-- \/ Yoast SEO plugin. -->","yoast_head_json":{"title":"Z 2000 - Donatoni Group","robots":{"index":"index","follow":"follow","max-snippet":"max-snippet:-1","max-image-preview":"max-image-preview:large","max-video-preview":"max-video-preview:-1"},"canonical":"https:\/\/www.donatonigroup.com\/de\/maschine\/z-2000\/","og_locale":"de_DE","og_type":"article","og_title":"Z 2000 - Donatoni Group","og_description":"Sehr vielseitige multifunktionale Bearbeitungszentren mit hoher Produktivit\u00e4t. Die DONATONI Z 2000 ist ein gro\u00dfes CNC-Multifunktions-Bearbeitungszentrum mit 5\/6 interpolierten Achsen und 2000 mm Verfahrweg der Z-Achse. Es eignet sich f\u00fcr die Durchf\u00fchrung von einfachen und komplexen geraden, konkaven, konvexen, gew\u00f6lbten Formgebungen, zwei- und dreidimensionalen Aussparbearbeitungen, Drehen von S\u00e4ulen, Skulpturen und Schnitten jeder Art.","og_url":"https:\/\/www.donatonigroup.com\/de\/maschine\/z-2000\/","og_site_name":"Donatoni Group","article_publisher":"https:\/\/www.facebook.com\/donatonimacchine","article_modified_time":"2023-12-05T16:38:38+00:00","og_image":[{"width":1500,"height":935,"url":"https:\/\/www.donatonigroup.com\/wp-content\/uploads\/2023\/02\/Z2000-1500x9352-1.png","type":"image\/png"}],"twitter_card":"summary_large_image","twitter_misc":{"Gesch\u00e4tzte Lesezeit":"1\u00a0Minute"},"schema":{"@context":"https:\/\/schema.org","@graph":[{"@type":"WebPage","@id":"https:\/\/www.donatonigroup.com\/de\/maschine\/z-2000\/","url":"https:\/\/www.donatonigroup.com\/de\/maschine\/z-2000\/","name":"Z 2000 - Donatoni Group","isPartOf":{"@id":"https:\/\/www.donatonigroup.com\/de\/#website"},"primaryImageOfPage":{"@id":"https:\/\/www.donatonigroup.com\/de\/maschine\/z-2000\/#primaryimage"},"image":{"@id":"https:\/\/www.donatonigroup.com\/de\/maschine\/z-2000\/#primaryimage"},"thumbnailUrl":"https:\/\/www.donatonigroup.com\/wp-content\/uploads\/2023\/02\/Z2000-1500x9352-1.png","datePublished":"2023-02-09T08:16:20+00:00","dateModified":"2023-12-05T16:38:38+00:00","breadcrumb":{"@id":"https:\/\/www.donatonigroup.com\/de\/maschine\/z-2000\/#breadcrumb"},"inLanguage":"de","potentialAction":[{"@type":"ReadAction","target":["https:\/\/www.donatonigroup.com\/de\/maschine\/z-2000\/"]}]},{"@type":"ImageObject","inLanguage":"de","@id":"https:\/\/www.donatonigroup.com\/de\/maschine\/z-2000\/#primaryimage","url":"https:\/\/www.donatonigroup.com\/wp-content\/uploads\/2023\/02\/Z2000-1500x9352-1.png","contentUrl":"https:\/\/www.donatonigroup.com\/wp-content\/uploads\/2023\/02\/Z2000-1500x9352-1.png","width":1500,"height":935},{"@type":"BreadcrumbList","@id":"https:\/\/www.donatonigroup.com\/de\/maschine\/z-2000\/#breadcrumb","itemListElement":[{"@type":"ListItem","position":1,"name":"Home","item":"https:\/\/www.donatonigroup.com\/de\/"},{"@type":"ListItem","position":2,"name":"Katalogmaschine","item":"https:\/\/www.donatonigroup.com\/de\/katalogmaschine\/"},{"@type":"ListItem","position":3,"name":"Z 2000"}]},{"@type":"WebSite","@id":"https:\/\/www.donatonigroup.com\/de\/#website","url":"https:\/\/www.donatonigroup.com\/de\/","name":"Donatoni Group","description":"","publisher":{"@id":"https:\/\/www.donatonigroup.com\/de\/#organization"},"potentialAction":[{"@type":"SearchAction","target":{"@type":"EntryPoint","urlTemplate":"https:\/\/www.donatonigroup.com\/de\/?s={search_term_string}"},"query-input":{"@type":"PropertyValueSpecification","valueRequired":true,"valueName":"search_term_string"}}],"inLanguage":"de"},{"@type":"Organization","@id":"https:\/\/www.donatonigroup.com\/de\/#organization","name":"Donatoni Group","url":"https:\/\/www.donatonigroup.com\/de\/","logo":{"@type":"ImageObject","inLanguage":"de","@id":"https:\/\/www.donatonigroup.com\/de\/#\/schema\/logo\/image\/","url":"http:\/\/www.donatonigroup.com\/wp-content\/uploads\/2023\/02\/donatoni-logo.png","contentUrl":"http:\/\/www.donatonigroup.com\/wp-content\/uploads\/2023\/02\/donatoni-logo.png","width":800,"height":112,"caption":"Donatoni Group"},"image":{"@id":"https:\/\/www.donatonigroup.com\/de\/#\/schema\/logo\/image\/"},"sameAs":["https:\/\/www.facebook.com\/donatonimacchine","https:\/\/instagram.com\/donatonigroup\/","https:\/\/www.linkedin.com\/company\/donatoni-macchine-s-r-l"]}]}},"_links":{"self":[{"href":"https:\/\/www.donatonigroup.com\/de\/wp-json\/wp\/v2\/product\/6491","targetHints":{"allow":["GET"]}}],"collection":[{"href":"https:\/\/www.donatonigroup.com\/de\/wp-json\/wp\/v2\/product"}],"about":[{"href":"https:\/\/www.donatonigroup.com\/de\/wp-json\/wp\/v2\/types\/product"}],"wp:featuredmedia":[{"embeddable":true,"href":"https:\/\/www.donatonigroup.com\/de\/wp-json\/wp\/v2\/media\/6457"}],"wp:attachment":[{"href":"https:\/\/www.donatonigroup.com\/de\/wp-json\/wp\/v2\/media?parent=6491"}],"wp:term":[{"taxonomy":"product_brand","embeddable":true,"href":"https:\/\/www.donatonigroup.com\/de\/wp-json\/wp\/v2\/product_brand?post=6491"},{"taxonomy":"product_cat","embeddable":true,"href":"https:\/\/www.donatonigroup.com\/de\/wp-json\/wp\/v2\/product_cat?post=6491"},{"taxonomy":"product_tag","embeddable":true,"href":"https:\/\/www.donatonigroup.com\/de\/wp-json\/wp\/v2\/product_tag?post=6491"},{"taxonomy":"caratteristica","embeddable":true,"href":"https:\/\/www.donatonigroup.com\/de\/wp-json\/wp\/v2\/caratteristica?post=6491"},{"taxonomy":"serie","embeddable":true,"href":"https:\/\/www.donatonigroup.com\/de\/wp-json\/wp\/v2\/serie?post=6491"},{"taxonomy":"settore_di_applicazione","embeddable":true,"href":"https:\/\/www.donatonigroup.com\/de\/wp-json\/wp\/v2\/settore_di_applicazione?post=6491"}],"curies":[{"name":"wp","href":"https:\/\/api.w.org\/{rel}","templated":true}]}}