{"id":6493,"date":"2023-02-08T14:35:19","date_gmt":"2023-02-08T14:35:19","guid":{"rendered":"http:\/\/www.donatonigroup.com\/macchina\/d725-q\/"},"modified":"2023-12-05T10:59:01","modified_gmt":"2023-12-05T10:59:01","slug":"d725-q","status":"publish","type":"product","link":"https:\/\/www.donatonigroup.com\/de\/maschine\/d725-q\/","title":{"rendered":"D 725 Q"},"content":{"rendered":"<div data-el-id=\"a0051a48-7375-40bf-8b7a-f1de731811c6\">\n<div data-el-id=\"a0051a48-7375-40bf-8b7a-f1de731811c6-txt\">\n<div class=\"machine-template__description-title\">\n<h3 class=\"machine-template__description-title-text\">Breites Angebot f\u00fcr unterschiedliche Schnittanforderungen<\/h3>\n<\/div>\n<\/div>\n<\/div>\n<div data-el-id=\"3c30e4ca-5b94-4c9d-8e03-d6a0336be340\">\n<div data-el-id=\"3c30e4ca-5b94-4c9d-8e03-d6a0336be340-txt\">\n<div class=\"machine-template__description-description\">Die <strong>DONATONI D725 Q<\/strong> ist eine vielseitige und leistungsstarke CNC-Br\u00fcckens\u00e4ge mit 5\/6 interpolierten Achsen, die sich f\u00fcr die Herstellung verschiedener Produkte eignet, wie z.B. K\u00fcchen- und Badezimmerplatten, Duschtassen, Gravuren und Basreliefs sowie verschiedene Geb\u00e4udeverkleidungen aus Marmor, Granit, Keramik und Kunststein. Die Maschine erm\u00f6glicht Schnitte bis zu 250 mm Tiefe sowie einfache und komplexe Formgebung. Die Gleitf\u00fchrungen werden in einem \u00d6lbad geschmiert (X- und Y-Achse).<\/div>\n<\/div>\n<\/div>\n","protected":false},"excerpt":{"rendered":"<p>Breites Angebot f\u00fcr unterschiedliche Schnittanforderungen Die DONATONI D725 Q ist eine vielseitige und leistungsstarke CNC-Br\u00fcckens\u00e4ge mit 5\/6 interpolierten Achsen, die sich f\u00fcr die Herstellung verschiedener Produkte eignet, wie z.B. K\u00fcchen- und Badezimmerplatten, Duschtassen, Gravuren und Basreliefs sowie verschiedene Geb\u00e4udeverkleidungen aus Marmor, Granit, Keramik und Kunststein. Die Maschine erm\u00f6glicht Schnitte bis zu 250 mm Tiefe sowie [&hellip;]<\/p>\n","protected":false},"featured_media":6495,"template":"","meta":{"_et_pb_use_builder":"","_et_pb_old_content":"","_et_gb_content_width":""},"product_brand":[],"product_cat":[1229],"product_tag":[],"caratteristica":[1324,1325,1326,1327,1328,1329,1667],"serie":[1662],"settore_di_applicazione":[1247,1249,1250,1252],"class_list":{"0":"post-6493","1":"product","2":"type-product","3":"status-publish","4":"has-post-thumbnail","6":"product_cat-cnc-brueckensaegen","7":"pa_assi-interpolati-5-de","8":"pa_consumo-acqua-50-de-2","9":"pa_consumo-aria-20-de","10":"pa_coppia-motore-elettro-tool-1216-s6-de","11":"pa_corsa-carrello-asse-x-3900-de","12":"pa_corsa-ponte-asse-y-2950-de","13":"pa_corsa-tastatore-lastra-300-de","14":"pa_corsa-ventose-295-de","15":"pa_diametro-albero-mandrino-50-de-2","16":"pa_diametro-massimo-disco-750-de","17":"pa_diametro-minimo-disco-350-de-2","18":"pa_dimensione-banco-3500x2000-de","19":"pa_disco-max-tastatore-lastra-725-de","20":"pa_disco-max-uso-ventose-725-de","21":"pa_inclinazione-testa-assea-0-90-de-2","22":"pa_peso-complessivo-macchina-4500-de","23":"pa_peso-tot-max-sollev-ventose-600-de","24":"pa_potenza-elettromandrino-177-s6-tool-de","25":"pa_potenza-totale-installata-34-de","26":"pa_profondita-max-di-taglio-260-de","27":"pa_range-vel-elettromandrino-t-0-5500-de","28":"pa_rotazione-testa-porta-disco-5-365-de-2","29":"pa_salita-discesa-assez-600-de","30":"pa_tensione-elettrica-standard-40010-50","31":"pa_velocita-max-carrello-asse-x-0-45-de","32":"pa_velocita-max-ponte-asse-y-0-45-de","33":"pa_velocita-max-teste-asse-z-0-6-de","34":"caratteristica-umfassendes-angebot-an-zubehoer-und-konfigurationen","35":"caratteristica-breite-bearbeitungspalette","36":"caratteristica-flexibilitaet-in-der-produktion","37":"caratteristica-geringe-abmessungen","38":"caratteristica-einfach-und-schnell-zu-programmieren","39":"caratteristica-cnc-technologie-praezision-und-produktivitaet","40":"caratteristica-hohe-qualitaet-der-eingesetzten-materialien","41":"serie-d-series-de","42":"settore_di_applicazione-bestattungskunst","43":"settore_di_applicazione-grosse-projekte","44":"settore_di_applicazione-artikel-fuer-das-baugewerbe","45":"settore_di_applicazione-kuechen-und-badezimmerplatten","47":"first","48":"instock","49":"shipping-taxable","50":"purchasable","51":"product-type-simple"},"acf":[],"yoast_head":"<!-- This site is optimized with the Yoast SEO plugin v25.8 - https:\/\/yoast.com\/wordpress\/plugins\/seo\/ -->\n<title>D 725 Q - Donatoni Group<\/title>\n<meta name=\"robots\" content=\"index, follow, max-snippet:-1, max-image-preview:large, max-video-preview:-1\" \/>\n<link rel=\"canonical\" href=\"https:\/\/www.donatonigroup.com\/de\/maschine\/d725-q\/\" \/>\n<meta property=\"og:locale\" content=\"de_DE\" \/>\n<meta property=\"og:type\" content=\"article\" \/>\n<meta property=\"og:title\" content=\"D 725 Q - Donatoni Group\" \/>\n<meta property=\"og:description\" content=\"Breites Angebot f\u00fcr unterschiedliche Schnittanforderungen Die DONATONI D725 Q ist eine vielseitige und leistungsstarke CNC-Br\u00fcckens\u00e4ge mit 5\/6 interpolierten Achsen, die sich f\u00fcr die Herstellung verschiedener Produkte eignet, wie z.B. K\u00fcchen- und Badezimmerplatten, Duschtassen, Gravuren und Basreliefs sowie verschiedene Geb\u00e4udeverkleidungen aus Marmor, Granit, Keramik und Kunststein. Die Maschine erm\u00f6glicht Schnitte bis zu 250 mm Tiefe sowie [&hellip;]\" \/>\n<meta property=\"og:url\" content=\"https:\/\/www.donatonigroup.com\/de\/maschine\/d725-q\/\" \/>\n<meta property=\"og:site_name\" content=\"Donatoni Group\" \/>\n<meta property=\"article:publisher\" content=\"https:\/\/www.facebook.com\/donatonimacchine\" \/>\n<meta property=\"article:modified_time\" content=\"2023-12-05T10:59:01+00:00\" \/>\n<meta property=\"og:image\" content=\"https:\/\/www.donatonigroup.com\/wp-content\/uploads\/2023\/02\/D725Q-1500x9352-1.png\" \/>\n\t<meta property=\"og:image:width\" content=\"1500\" \/>\n\t<meta property=\"og:image:height\" content=\"935\" \/>\n\t<meta property=\"og:image:type\" content=\"image\/png\" \/>\n<meta name=\"twitter:card\" content=\"summary_large_image\" \/>\n<meta name=\"twitter:label1\" content=\"Gesch\u00e4tzte Lesezeit\" \/>\n\t<meta name=\"twitter:data1\" content=\"1\u00a0Minute\" \/>\n<script type=\"application\/ld+json\" class=\"yoast-schema-graph\">{\"@context\":\"https:\/\/schema.org\",\"@graph\":[{\"@type\":\"WebPage\",\"@id\":\"https:\/\/www.donatonigroup.com\/de\/maschine\/d725-q\/\",\"url\":\"https:\/\/www.donatonigroup.com\/de\/maschine\/d725-q\/\",\"name\":\"D 725 Q - Donatoni Group\",\"isPartOf\":{\"@id\":\"https:\/\/www.donatonigroup.com\/de\/#website\"},\"primaryImageOfPage\":{\"@id\":\"https:\/\/www.donatonigroup.com\/de\/maschine\/d725-q\/#primaryimage\"},\"image\":{\"@id\":\"https:\/\/www.donatonigroup.com\/de\/maschine\/d725-q\/#primaryimage\"},\"thumbnailUrl\":\"https:\/\/www.donatonigroup.com\/wp-content\/uploads\/2023\/02\/D725Q-1500x9352-1.png\",\"datePublished\":\"2023-02-08T14:35:19+00:00\",\"dateModified\":\"2023-12-05T10:59:01+00:00\",\"breadcrumb\":{\"@id\":\"https:\/\/www.donatonigroup.com\/de\/maschine\/d725-q\/#breadcrumb\"},\"inLanguage\":\"de\",\"potentialAction\":[{\"@type\":\"ReadAction\",\"target\":[\"https:\/\/www.donatonigroup.com\/de\/maschine\/d725-q\/\"]}]},{\"@type\":\"ImageObject\",\"inLanguage\":\"de\",\"@id\":\"https:\/\/www.donatonigroup.com\/de\/maschine\/d725-q\/#primaryimage\",\"url\":\"https:\/\/www.donatonigroup.com\/wp-content\/uploads\/2023\/02\/D725Q-1500x9352-1.png\",\"contentUrl\":\"https:\/\/www.donatonigroup.com\/wp-content\/uploads\/2023\/02\/D725Q-1500x9352-1.png\",\"width\":1500,\"height\":935},{\"@type\":\"BreadcrumbList\",\"@id\":\"https:\/\/www.donatonigroup.com\/de\/maschine\/d725-q\/#breadcrumb\",\"itemListElement\":[{\"@type\":\"ListItem\",\"position\":1,\"name\":\"Home\",\"item\":\"https:\/\/www.donatonigroup.com\/de\/\"},{\"@type\":\"ListItem\",\"position\":2,\"name\":\"Katalogmaschine\",\"item\":\"https:\/\/www.donatonigroup.com\/de\/katalogmaschine\/\"},{\"@type\":\"ListItem\",\"position\":3,\"name\":\"D 725 Q\"}]},{\"@type\":\"WebSite\",\"@id\":\"https:\/\/www.donatonigroup.com\/de\/#website\",\"url\":\"https:\/\/www.donatonigroup.com\/de\/\",\"name\":\"Donatoni Group\",\"description\":\"\",\"publisher\":{\"@id\":\"https:\/\/www.donatonigroup.com\/de\/#organization\"},\"potentialAction\":[{\"@type\":\"SearchAction\",\"target\":{\"@type\":\"EntryPoint\",\"urlTemplate\":\"https:\/\/www.donatonigroup.com\/de\/?s={search_term_string}\"},\"query-input\":{\"@type\":\"PropertyValueSpecification\",\"valueRequired\":true,\"valueName\":\"search_term_string\"}}],\"inLanguage\":\"de\"},{\"@type\":\"Organization\",\"@id\":\"https:\/\/www.donatonigroup.com\/de\/#organization\",\"name\":\"Donatoni Group\",\"url\":\"https:\/\/www.donatonigroup.com\/de\/\",\"logo\":{\"@type\":\"ImageObject\",\"inLanguage\":\"de\",\"@id\":\"https:\/\/www.donatonigroup.com\/de\/#\/schema\/logo\/image\/\",\"url\":\"http:\/\/www.donatonigroup.com\/wp-content\/uploads\/2023\/02\/donatoni-logo.png\",\"contentUrl\":\"http:\/\/www.donatonigroup.com\/wp-content\/uploads\/2023\/02\/donatoni-logo.png\",\"width\":800,\"height\":112,\"caption\":\"Donatoni Group\"},\"image\":{\"@id\":\"https:\/\/www.donatonigroup.com\/de\/#\/schema\/logo\/image\/\"},\"sameAs\":[\"https:\/\/www.facebook.com\/donatonimacchine\",\"https:\/\/instagram.com\/donatonigroup\/\",\"https:\/\/www.linkedin.com\/company\/donatoni-macchine-s-r-l\"]}]}<\/script>\n<!-- \/ Yoast SEO plugin. -->","yoast_head_json":{"title":"D 725 Q - Donatoni Group","robots":{"index":"index","follow":"follow","max-snippet":"max-snippet:-1","max-image-preview":"max-image-preview:large","max-video-preview":"max-video-preview:-1"},"canonical":"https:\/\/www.donatonigroup.com\/de\/maschine\/d725-q\/","og_locale":"de_DE","og_type":"article","og_title":"D 725 Q - Donatoni Group","og_description":"Breites Angebot f\u00fcr unterschiedliche Schnittanforderungen Die DONATONI D725 Q ist eine vielseitige und leistungsstarke CNC-Br\u00fcckens\u00e4ge mit 5\/6 interpolierten Achsen, die sich f\u00fcr die Herstellung verschiedener Produkte eignet, wie z.B. K\u00fcchen- und Badezimmerplatten, Duschtassen, Gravuren und Basreliefs sowie verschiedene Geb\u00e4udeverkleidungen aus Marmor, Granit, Keramik und Kunststein. Die Maschine erm\u00f6glicht Schnitte bis zu 250 mm Tiefe sowie [&hellip;]","og_url":"https:\/\/www.donatonigroup.com\/de\/maschine\/d725-q\/","og_site_name":"Donatoni Group","article_publisher":"https:\/\/www.facebook.com\/donatonimacchine","article_modified_time":"2023-12-05T10:59:01+00:00","og_image":[{"width":1500,"height":935,"url":"https:\/\/www.donatonigroup.com\/wp-content\/uploads\/2023\/02\/D725Q-1500x9352-1.png","type":"image\/png"}],"twitter_card":"summary_large_image","twitter_misc":{"Gesch\u00e4tzte Lesezeit":"1\u00a0Minute"},"schema":{"@context":"https:\/\/schema.org","@graph":[{"@type":"WebPage","@id":"https:\/\/www.donatonigroup.com\/de\/maschine\/d725-q\/","url":"https:\/\/www.donatonigroup.com\/de\/maschine\/d725-q\/","name":"D 725 Q - Donatoni Group","isPartOf":{"@id":"https:\/\/www.donatonigroup.com\/de\/#website"},"primaryImageOfPage":{"@id":"https:\/\/www.donatonigroup.com\/de\/maschine\/d725-q\/#primaryimage"},"image":{"@id":"https:\/\/www.donatonigroup.com\/de\/maschine\/d725-q\/#primaryimage"},"thumbnailUrl":"https:\/\/www.donatonigroup.com\/wp-content\/uploads\/2023\/02\/D725Q-1500x9352-1.png","datePublished":"2023-02-08T14:35:19+00:00","dateModified":"2023-12-05T10:59:01+00:00","breadcrumb":{"@id":"https:\/\/www.donatonigroup.com\/de\/maschine\/d725-q\/#breadcrumb"},"inLanguage":"de","potentialAction":[{"@type":"ReadAction","target":["https:\/\/www.donatonigroup.com\/de\/maschine\/d725-q\/"]}]},{"@type":"ImageObject","inLanguage":"de","@id":"https:\/\/www.donatonigroup.com\/de\/maschine\/d725-q\/#primaryimage","url":"https:\/\/www.donatonigroup.com\/wp-content\/uploads\/2023\/02\/D725Q-1500x9352-1.png","contentUrl":"https:\/\/www.donatonigroup.com\/wp-content\/uploads\/2023\/02\/D725Q-1500x9352-1.png","width":1500,"height":935},{"@type":"BreadcrumbList","@id":"https:\/\/www.donatonigroup.com\/de\/maschine\/d725-q\/#breadcrumb","itemListElement":[{"@type":"ListItem","position":1,"name":"Home","item":"https:\/\/www.donatonigroup.com\/de\/"},{"@type":"ListItem","position":2,"name":"Katalogmaschine","item":"https:\/\/www.donatonigroup.com\/de\/katalogmaschine\/"},{"@type":"ListItem","position":3,"name":"D 725 Q"}]},{"@type":"WebSite","@id":"https:\/\/www.donatonigroup.com\/de\/#website","url":"https:\/\/www.donatonigroup.com\/de\/","name":"Donatoni Group","description":"","publisher":{"@id":"https:\/\/www.donatonigroup.com\/de\/#organization"},"potentialAction":[{"@type":"SearchAction","target":{"@type":"EntryPoint","urlTemplate":"https:\/\/www.donatonigroup.com\/de\/?s={search_term_string}"},"query-input":{"@type":"PropertyValueSpecification","valueRequired":true,"valueName":"search_term_string"}}],"inLanguage":"de"},{"@type":"Organization","@id":"https:\/\/www.donatonigroup.com\/de\/#organization","name":"Donatoni Group","url":"https:\/\/www.donatonigroup.com\/de\/","logo":{"@type":"ImageObject","inLanguage":"de","@id":"https:\/\/www.donatonigroup.com\/de\/#\/schema\/logo\/image\/","url":"http:\/\/www.donatonigroup.com\/wp-content\/uploads\/2023\/02\/donatoni-logo.png","contentUrl":"http:\/\/www.donatonigroup.com\/wp-content\/uploads\/2023\/02\/donatoni-logo.png","width":800,"height":112,"caption":"Donatoni Group"},"image":{"@id":"https:\/\/www.donatonigroup.com\/de\/#\/schema\/logo\/image\/"},"sameAs":["https:\/\/www.facebook.com\/donatonimacchine","https:\/\/instagram.com\/donatonigroup\/","https:\/\/www.linkedin.com\/company\/donatoni-macchine-s-r-l"]}]}},"_links":{"self":[{"href":"https:\/\/www.donatonigroup.com\/de\/wp-json\/wp\/v2\/product\/6493","targetHints":{"allow":["GET"]}}],"collection":[{"href":"https:\/\/www.donatonigroup.com\/de\/wp-json\/wp\/v2\/product"}],"about":[{"href":"https:\/\/www.donatonigroup.com\/de\/wp-json\/wp\/v2\/types\/product"}],"wp:featuredmedia":[{"embeddable":true,"href":"https:\/\/www.donatonigroup.com\/de\/wp-json\/wp\/v2\/media\/6495"}],"wp:attachment":[{"href":"https:\/\/www.donatonigroup.com\/de\/wp-json\/wp\/v2\/media?parent=6493"}],"wp:term":[{"taxonomy":"product_brand","embeddable":true,"href":"https:\/\/www.donatonigroup.com\/de\/wp-json\/wp\/v2\/product_brand?post=6493"},{"taxonomy":"product_cat","embeddable":true,"href":"https:\/\/www.donatonigroup.com\/de\/wp-json\/wp\/v2\/product_cat?post=6493"},{"taxonomy":"product_tag","embeddable":true,"href":"https:\/\/www.donatonigroup.com\/de\/wp-json\/wp\/v2\/product_tag?post=6493"},{"taxonomy":"caratteristica","embeddable":true,"href":"https:\/\/www.donatonigroup.com\/de\/wp-json\/wp\/v2\/caratteristica?post=6493"},{"taxonomy":"serie","embeddable":true,"href":"https:\/\/www.donatonigroup.com\/de\/wp-json\/wp\/v2\/serie?post=6493"},{"taxonomy":"settore_di_applicazione","embeddable":true,"href":"https:\/\/www.donatonigroup.com\/de\/wp-json\/wp\/v2\/settore_di_applicazione?post=6493"}],"curies":[{"name":"wp","href":"https:\/\/api.w.org\/{rel}","templated":true}]}}