{"id":6718,"date":"2023-02-08T15:25:30","date_gmt":"2023-02-08T15:25:30","guid":{"rendered":"http:\/\/www.donatonigroup.com\/macchina\/d2000\/"},"modified":"2023-12-05T11:04:13","modified_gmt":"2023-12-05T11:04:13","slug":"d2000","status":"publish","type":"product","link":"https:\/\/www.donatonigroup.com\/de\/maschine\/d2000\/","title":{"rendered":"D 2000"},"content":{"rendered":"<div data-el-id=\"31dd788f-590d-47b3-be46-1b21f5a66dae\">\n<div data-el-id=\"31dd788f-590d-47b3-be46-1b21f5a66dae-txt\">\n<div class=\"machine-template__description-title\">\n<h2 class=\"machine-template__description-title-text\">Breites Angebot f\u00fcr unterschiedliche Schnittanforderungen<\/h2>\n<\/div>\n<\/div>\n<\/div>\n<div data-el-id=\"93168e9b-c5e7-4e45-8340-421b4ebce928\">\n<div class=\"\" data-el-id=\"b7ceae05-9bef-4a8f-a5aa-6c96d64a828d\">\n<div data-el-id=\"a7f8fdb2-98bf-4143-9db8-2983f22edb1f\">\n<div data-el-id=\"a2403db7-8284-42a0-a465-f9bcd99b4e50\">\n<div data-el-id=\"a2403db7-8284-42a0-a465-f9bcd99b4e50-html\"><strong>DONATONI D2000<\/strong> ist ein CNC-Schneid- und Formzentrum mit 5 interpolierten Achsen mit 2000 mm Scheibe und 1400 mm Z-Achsen-Verfahrweg; Scheibenhaltekopf, drehbar von -5\u00b0 bis +545\u00b0 und neigbar von 0\u00b0 bis 90\u00b0 f\u00fcr die Ausf\u00fchrung von orthogonalen Schnitten bis zu 800mm Tiefe und Formgebung, f\u00fcr die Herstellung von Marmor, Granit und Steinprodukten mittlerer und gro\u00dfer Abmessungen.<\/div>\n<\/div>\n<\/div>\n<\/div>\n<\/div>\n","protected":false},"excerpt":{"rendered":"<p>Breites Angebot f\u00fcr unterschiedliche Schnittanforderungen DONATONI D2000 ist ein CNC-Schneid- und Formzentrum mit 5 interpolierten Achsen mit 2000 mm Scheibe und 1400 mm Z-Achsen-Verfahrweg; Scheibenhaltekopf, drehbar von -5\u00b0 bis +545\u00b0 und neigbar von 0\u00b0 bis 90\u00b0 f\u00fcr die Ausf\u00fchrung von orthogonalen Schnitten bis zu 800mm Tiefe und Formgebung, f\u00fcr die Herstellung von Marmor, Granit und [&hellip;]<\/p>\n","protected":false},"featured_media":6720,"template":"","meta":{"_et_pb_use_builder":"","_et_pb_old_content":"","_et_gb_content_width":""},"product_brand":[],"product_cat":[1229],"product_tag":[],"caratteristica":[1325,1328,1645,1646,1667,1853,1854],"serie":[1662],"settore_di_applicazione":[1247,1249],"class_list":{"0":"post-6718","1":"product","2":"type-product","3":"status-publish","4":"has-post-thumbnail","6":"product_cat-cnc-brueckensaegen","7":"pa_assi-interpolati-5-de","8":"pa_consumo-acqua-150-de","9":"pa_consumo-aria-5-de","10":"pa_corsa-carrello-asse-x-4000-de","11":"pa_corsa-ponte-asse-y-3500-de","12":"pa_diametro-massimo-disco-2000-de","13":"pa_diametro-minimo-disco-750-de","14":"pa_dimensione-banco-2000x3500-de","15":"pa_inclinazione-testa-assea-0-90-de-2","16":"pa_peso-complessivo-macchina-12000-de","17":"pa_potenza-elettromandrino-46-s6-de","18":"pa_profondita-max-di-taglio-800-de","19":"pa_rotazione-disco-con-inverter-0-2400-de","20":"pa_rotazione-testa-porta-disco-5-545-de","21":"pa_salita-discesa-assez-1400-de","22":"pa_tensione-elettrica-standard-40010-50","23":"pa_velocita-di-posiz-assi-x-y-0-37-de","24":"pa_velocita-max-teste-asse-z-0-10-de","25":"caratteristica-breite-bearbeitungspalette","26":"caratteristica-einfach-und-schnell-zu-programmieren","27":"caratteristica-schneidet-auch-dicke-brammen","28":"caratteristica-extrem-leistungsfaehig","29":"caratteristica-hohe-qualitaet-der-eingesetzten-materialien","30":"caratteristica-extreme-schnittpraezision","31":"caratteristica-praezises-schneiden-und-formen","32":"serie-d-series-de","33":"settore_di_applicazione-bestattungskunst","34":"settore_di_applicazione-grosse-projekte","36":"first","37":"instock","38":"shipping-taxable","39":"purchasable","40":"product-type-simple"},"acf":[],"yoast_head":"<!-- This site is optimized with the Yoast SEO plugin v25.8 - https:\/\/yoast.com\/wordpress\/plugins\/seo\/ -->\n<title>D 2000 - Donatoni Group<\/title>\n<meta name=\"robots\" content=\"index, follow, max-snippet:-1, max-image-preview:large, max-video-preview:-1\" \/>\n<link rel=\"canonical\" href=\"https:\/\/www.donatonigroup.com\/de\/maschine\/d2000\/\" \/>\n<meta property=\"og:locale\" content=\"de_DE\" \/>\n<meta property=\"og:type\" content=\"article\" \/>\n<meta property=\"og:title\" content=\"D 2000 - Donatoni Group\" \/>\n<meta property=\"og:description\" content=\"Breites Angebot f\u00fcr unterschiedliche Schnittanforderungen DONATONI D2000 ist ein CNC-Schneid- und Formzentrum mit 5 interpolierten Achsen mit 2000 mm Scheibe und 1400 mm Z-Achsen-Verfahrweg; Scheibenhaltekopf, drehbar von -5\u00b0 bis +545\u00b0 und neigbar von 0\u00b0 bis 90\u00b0 f\u00fcr die Ausf\u00fchrung von orthogonalen Schnitten bis zu 800mm Tiefe und Formgebung, f\u00fcr die Herstellung von Marmor, Granit und [&hellip;]\" \/>\n<meta property=\"og:url\" content=\"https:\/\/www.donatonigroup.com\/de\/maschine\/d2000\/\" \/>\n<meta property=\"og:site_name\" content=\"Donatoni Group\" \/>\n<meta property=\"article:publisher\" content=\"https:\/\/www.facebook.com\/donatonimacchine\" \/>\n<meta property=\"article:modified_time\" content=\"2023-12-05T11:04:13+00:00\" \/>\n<meta property=\"og:image\" content=\"https:\/\/www.donatonigroup.com\/wp-content\/uploads\/2023\/02\/D2000-1500x9352-1.png\" \/>\n\t<meta property=\"og:image:width\" content=\"1500\" \/>\n\t<meta property=\"og:image:height\" content=\"935\" \/>\n\t<meta property=\"og:image:type\" content=\"image\/png\" \/>\n<meta name=\"twitter:card\" content=\"summary_large_image\" \/>\n<meta name=\"twitter:label1\" content=\"Gesch\u00e4tzte Lesezeit\" \/>\n\t<meta name=\"twitter:data1\" content=\"1\u00a0Minute\" \/>\n<script type=\"application\/ld+json\" class=\"yoast-schema-graph\">{\"@context\":\"https:\/\/schema.org\",\"@graph\":[{\"@type\":\"WebPage\",\"@id\":\"https:\/\/www.donatonigroup.com\/de\/maschine\/d2000\/\",\"url\":\"https:\/\/www.donatonigroup.com\/de\/maschine\/d2000\/\",\"name\":\"D 2000 - Donatoni Group\",\"isPartOf\":{\"@id\":\"https:\/\/www.donatonigroup.com\/de\/#website\"},\"primaryImageOfPage\":{\"@id\":\"https:\/\/www.donatonigroup.com\/de\/maschine\/d2000\/#primaryimage\"},\"image\":{\"@id\":\"https:\/\/www.donatonigroup.com\/de\/maschine\/d2000\/#primaryimage\"},\"thumbnailUrl\":\"https:\/\/www.donatonigroup.com\/wp-content\/uploads\/2023\/02\/D2000-1500x9352-1.png\",\"datePublished\":\"2023-02-08T15:25:30+00:00\",\"dateModified\":\"2023-12-05T11:04:13+00:00\",\"breadcrumb\":{\"@id\":\"https:\/\/www.donatonigroup.com\/de\/maschine\/d2000\/#breadcrumb\"},\"inLanguage\":\"de\",\"potentialAction\":[{\"@type\":\"ReadAction\",\"target\":[\"https:\/\/www.donatonigroup.com\/de\/maschine\/d2000\/\"]}]},{\"@type\":\"ImageObject\",\"inLanguage\":\"de\",\"@id\":\"https:\/\/www.donatonigroup.com\/de\/maschine\/d2000\/#primaryimage\",\"url\":\"https:\/\/www.donatonigroup.com\/wp-content\/uploads\/2023\/02\/D2000-1500x9352-1.png\",\"contentUrl\":\"https:\/\/www.donatonigroup.com\/wp-content\/uploads\/2023\/02\/D2000-1500x9352-1.png\",\"width\":1500,\"height\":935},{\"@type\":\"BreadcrumbList\",\"@id\":\"https:\/\/www.donatonigroup.com\/de\/maschine\/d2000\/#breadcrumb\",\"itemListElement\":[{\"@type\":\"ListItem\",\"position\":1,\"name\":\"Home\",\"item\":\"https:\/\/www.donatonigroup.com\/de\/\"},{\"@type\":\"ListItem\",\"position\":2,\"name\":\"Katalogmaschine\",\"item\":\"https:\/\/www.donatonigroup.com\/de\/katalogmaschine\/\"},{\"@type\":\"ListItem\",\"position\":3,\"name\":\"D 2000\"}]},{\"@type\":\"WebSite\",\"@id\":\"https:\/\/www.donatonigroup.com\/de\/#website\",\"url\":\"https:\/\/www.donatonigroup.com\/de\/\",\"name\":\"Donatoni Group\",\"description\":\"\",\"publisher\":{\"@id\":\"https:\/\/www.donatonigroup.com\/de\/#organization\"},\"potentialAction\":[{\"@type\":\"SearchAction\",\"target\":{\"@type\":\"EntryPoint\",\"urlTemplate\":\"https:\/\/www.donatonigroup.com\/de\/?s={search_term_string}\"},\"query-input\":{\"@type\":\"PropertyValueSpecification\",\"valueRequired\":true,\"valueName\":\"search_term_string\"}}],\"inLanguage\":\"de\"},{\"@type\":\"Organization\",\"@id\":\"https:\/\/www.donatonigroup.com\/de\/#organization\",\"name\":\"Donatoni Group\",\"url\":\"https:\/\/www.donatonigroup.com\/de\/\",\"logo\":{\"@type\":\"ImageObject\",\"inLanguage\":\"de\",\"@id\":\"https:\/\/www.donatonigroup.com\/de\/#\/schema\/logo\/image\/\",\"url\":\"http:\/\/www.donatonigroup.com\/wp-content\/uploads\/2023\/02\/donatoni-logo.png\",\"contentUrl\":\"http:\/\/www.donatonigroup.com\/wp-content\/uploads\/2023\/02\/donatoni-logo.png\",\"width\":800,\"height\":112,\"caption\":\"Donatoni Group\"},\"image\":{\"@id\":\"https:\/\/www.donatonigroup.com\/de\/#\/schema\/logo\/image\/\"},\"sameAs\":[\"https:\/\/www.facebook.com\/donatonimacchine\",\"https:\/\/instagram.com\/donatonigroup\/\",\"https:\/\/www.linkedin.com\/company\/donatoni-macchine-s-r-l\"]}]}<\/script>\n<!-- \/ Yoast SEO plugin. -->","yoast_head_json":{"title":"D 2000 - Donatoni Group","robots":{"index":"index","follow":"follow","max-snippet":"max-snippet:-1","max-image-preview":"max-image-preview:large","max-video-preview":"max-video-preview:-1"},"canonical":"https:\/\/www.donatonigroup.com\/de\/maschine\/d2000\/","og_locale":"de_DE","og_type":"article","og_title":"D 2000 - Donatoni Group","og_description":"Breites Angebot f\u00fcr unterschiedliche Schnittanforderungen DONATONI D2000 ist ein CNC-Schneid- und Formzentrum mit 5 interpolierten Achsen mit 2000 mm Scheibe und 1400 mm Z-Achsen-Verfahrweg; Scheibenhaltekopf, drehbar von -5\u00b0 bis +545\u00b0 und neigbar von 0\u00b0 bis 90\u00b0 f\u00fcr die Ausf\u00fchrung von orthogonalen Schnitten bis zu 800mm Tiefe und Formgebung, f\u00fcr die Herstellung von Marmor, Granit und [&hellip;]","og_url":"https:\/\/www.donatonigroup.com\/de\/maschine\/d2000\/","og_site_name":"Donatoni Group","article_publisher":"https:\/\/www.facebook.com\/donatonimacchine","article_modified_time":"2023-12-05T11:04:13+00:00","og_image":[{"width":1500,"height":935,"url":"https:\/\/www.donatonigroup.com\/wp-content\/uploads\/2023\/02\/D2000-1500x9352-1.png","type":"image\/png"}],"twitter_card":"summary_large_image","twitter_misc":{"Gesch\u00e4tzte Lesezeit":"1\u00a0Minute"},"schema":{"@context":"https:\/\/schema.org","@graph":[{"@type":"WebPage","@id":"https:\/\/www.donatonigroup.com\/de\/maschine\/d2000\/","url":"https:\/\/www.donatonigroup.com\/de\/maschine\/d2000\/","name":"D 2000 - Donatoni Group","isPartOf":{"@id":"https:\/\/www.donatonigroup.com\/de\/#website"},"primaryImageOfPage":{"@id":"https:\/\/www.donatonigroup.com\/de\/maschine\/d2000\/#primaryimage"},"image":{"@id":"https:\/\/www.donatonigroup.com\/de\/maschine\/d2000\/#primaryimage"},"thumbnailUrl":"https:\/\/www.donatonigroup.com\/wp-content\/uploads\/2023\/02\/D2000-1500x9352-1.png","datePublished":"2023-02-08T15:25:30+00:00","dateModified":"2023-12-05T11:04:13+00:00","breadcrumb":{"@id":"https:\/\/www.donatonigroup.com\/de\/maschine\/d2000\/#breadcrumb"},"inLanguage":"de","potentialAction":[{"@type":"ReadAction","target":["https:\/\/www.donatonigroup.com\/de\/maschine\/d2000\/"]}]},{"@type":"ImageObject","inLanguage":"de","@id":"https:\/\/www.donatonigroup.com\/de\/maschine\/d2000\/#primaryimage","url":"https:\/\/www.donatonigroup.com\/wp-content\/uploads\/2023\/02\/D2000-1500x9352-1.png","contentUrl":"https:\/\/www.donatonigroup.com\/wp-content\/uploads\/2023\/02\/D2000-1500x9352-1.png","width":1500,"height":935},{"@type":"BreadcrumbList","@id":"https:\/\/www.donatonigroup.com\/de\/maschine\/d2000\/#breadcrumb","itemListElement":[{"@type":"ListItem","position":1,"name":"Home","item":"https:\/\/www.donatonigroup.com\/de\/"},{"@type":"ListItem","position":2,"name":"Katalogmaschine","item":"https:\/\/www.donatonigroup.com\/de\/katalogmaschine\/"},{"@type":"ListItem","position":3,"name":"D 2000"}]},{"@type":"WebSite","@id":"https:\/\/www.donatonigroup.com\/de\/#website","url":"https:\/\/www.donatonigroup.com\/de\/","name":"Donatoni Group","description":"","publisher":{"@id":"https:\/\/www.donatonigroup.com\/de\/#organization"},"potentialAction":[{"@type":"SearchAction","target":{"@type":"EntryPoint","urlTemplate":"https:\/\/www.donatonigroup.com\/de\/?s={search_term_string}"},"query-input":{"@type":"PropertyValueSpecification","valueRequired":true,"valueName":"search_term_string"}}],"inLanguage":"de"},{"@type":"Organization","@id":"https:\/\/www.donatonigroup.com\/de\/#organization","name":"Donatoni Group","url":"https:\/\/www.donatonigroup.com\/de\/","logo":{"@type":"ImageObject","inLanguage":"de","@id":"https:\/\/www.donatonigroup.com\/de\/#\/schema\/logo\/image\/","url":"http:\/\/www.donatonigroup.com\/wp-content\/uploads\/2023\/02\/donatoni-logo.png","contentUrl":"http:\/\/www.donatonigroup.com\/wp-content\/uploads\/2023\/02\/donatoni-logo.png","width":800,"height":112,"caption":"Donatoni Group"},"image":{"@id":"https:\/\/www.donatonigroup.com\/de\/#\/schema\/logo\/image\/"},"sameAs":["https:\/\/www.facebook.com\/donatonimacchine","https:\/\/instagram.com\/donatonigroup\/","https:\/\/www.linkedin.com\/company\/donatoni-macchine-s-r-l"]}]}},"_links":{"self":[{"href":"https:\/\/www.donatonigroup.com\/de\/wp-json\/wp\/v2\/product\/6718","targetHints":{"allow":["GET"]}}],"collection":[{"href":"https:\/\/www.donatonigroup.com\/de\/wp-json\/wp\/v2\/product"}],"about":[{"href":"https:\/\/www.donatonigroup.com\/de\/wp-json\/wp\/v2\/types\/product"}],"wp:featuredmedia":[{"embeddable":true,"href":"https:\/\/www.donatonigroup.com\/de\/wp-json\/wp\/v2\/media\/6720"}],"wp:attachment":[{"href":"https:\/\/www.donatonigroup.com\/de\/wp-json\/wp\/v2\/media?parent=6718"}],"wp:term":[{"taxonomy":"product_brand","embeddable":true,"href":"https:\/\/www.donatonigroup.com\/de\/wp-json\/wp\/v2\/product_brand?post=6718"},{"taxonomy":"product_cat","embeddable":true,"href":"https:\/\/www.donatonigroup.com\/de\/wp-json\/wp\/v2\/product_cat?post=6718"},{"taxonomy":"product_tag","embeddable":true,"href":"https:\/\/www.donatonigroup.com\/de\/wp-json\/wp\/v2\/product_tag?post=6718"},{"taxonomy":"caratteristica","embeddable":true,"href":"https:\/\/www.donatonigroup.com\/de\/wp-json\/wp\/v2\/caratteristica?post=6718"},{"taxonomy":"serie","embeddable":true,"href":"https:\/\/www.donatonigroup.com\/de\/wp-json\/wp\/v2\/serie?post=6718"},{"taxonomy":"settore_di_applicazione","embeddable":true,"href":"https:\/\/www.donatonigroup.com\/de\/wp-json\/wp\/v2\/settore_di_applicazione?post=6718"}],"curies":[{"name":"wp","href":"https:\/\/api.w.org\/{rel}","templated":true}]}}