{"id":6721,"date":"2023-02-09T09:29:11","date_gmt":"2023-02-09T09:29:11","guid":{"rendered":"http:\/\/www.donatonigroup.com\/macchina\/jet-625\/"},"modified":"2023-12-05T09:53:06","modified_gmt":"2023-12-05T09:53:06","slug":"jet-625","status":"publish","type":"product","link":"https:\/\/www.donatonigroup.com\/de\/maschine\/jet-625\/","title":{"rendered":"JET 625"},"content":{"rendered":"<h2>Pr\u00e4zise, zuverl\u00e4ssig, komplett<\/h2>\n<h3>CNC-Br\u00fcckenfr\u00e4smaschine<\/h3>\n<p>Die <strong>DONATONI JET 625 CNC<\/strong> ist eine einfache und kompakte numerisch gesteuerte Br\u00fcckenfr\u00e4smaschine mit 5 interpolierten Achsen, die sich ideal f\u00fcr die Herstellung von K\u00fcchenplatten, Waschbeckenplatten, Duschwannen, verschiedenen Geb\u00e4udeverkleidungen aus Marmor, Granit und Kunststein eignet.<\/p>\n","protected":false},"excerpt":{"rendered":"<p>Pr\u00e4zise, zuverl\u00e4ssig, komplett CNC-Br\u00fcckenfr\u00e4smaschine Die DONATONI JET 625 CNC ist eine einfache und kompakte numerisch gesteuerte Br\u00fcckenfr\u00e4smaschine mit 5 interpolierten Achsen, die sich ideal f\u00fcr die Herstellung von K\u00fcchenplatten, Waschbeckenplatten, Duschwannen, verschiedenen Geb\u00e4udeverkleidungen aus Marmor, Granit und Kunststein eignet.<\/p>\n","protected":false},"featured_media":6723,"template":"","meta":{"_et_pb_use_builder":"","_et_pb_old_content":"","_et_gb_content_width":""},"product_brand":[],"product_cat":[1229],"product_tag":[],"caratteristica":[1325,1328,1905,1906,1907,1908,1909,1910],"serie":[1662],"settore_di_applicazione":[1250,1252],"class_list":{"0":"post-6721","1":"product","2":"type-product","3":"status-publish","4":"has-post-thumbnail","6":"product_cat-cnc-brueckensaegen","7":"pa_assi-interpolati-5-de","8":"pa_consumo-acqua-3bar-35-de","9":"pa_consumo-aria-20-de","10":"pa_cop-nom-mot-elettromandrino-733-s1-876-s6-de","11":"pa_coppia-motore-elettro-tool-730-s1-871-s6-de","12":"pa_corsa-carrello-asse-x-3800-de","13":"pa_corsa-ponte-asse-y-2780-de","14":"pa_corsa-tastatore-lastra-250-de","15":"pa_corsa-ventose-245-de","16":"pa_diametro-massimo-disco-625-de","17":"pa_diametro-minimo-disco-350-de-2","18":"pa_dim-banco-portalastre-3800x1800-de","19":"pa_dimensioni-appendice-3800x650-de","20":"pa_disco-max-tastatore-lastra-625-de","21":"pa_disco-max-uso-ventose-625-de","22":"pa_inclinazione-testa-assea-0-90-de-2","23":"pa_peso-tot-max-sollev-ventose-500-de","24":"pa_pot-mot-elettromandrino-11-s1-13-s6-de","25":"pa_potenza-motore-tool-11-s1-13-s6-de","26":"pa_potenza-totale-installata-25-de","27":"pa_profondita-max-di-taglio-200-de","28":"pa_range-vel-elett-iso-40-0-7000-de","29":"pa_range-vel-elettromandrino-t-0-5500-de","30":"pa_rotazione-testa-porta-disco-5-365-de-2","31":"pa_salita-discesa-assez-450-de","32":"pa_tensione-elettrica-standard-40010-50","33":"pa_velocita-max-carrello-asse-x-0-40-de","34":"pa_velocita-max-ponte-asse-y-0-30-de","35":"pa_velocita-max-teste-asse-z-0-5-de","36":"pa_velocita-taglio-regolabile-0-25-de","37":"caratteristica-breite-bearbeitungspalette","38":"caratteristica-einfach-und-schnell-zu-programmieren","39":"caratteristica-mit-zubehoer-ausgestattet","40":"caratteristica-extrem-kompakt","41":"caratteristica-automatisierter-produktionsprozess","42":"caratteristica-qualitaet-und-zuverlaessigkeit-im-laufe-der-zeit","43":"caratteristica-einfacher-transport-und-montage","44":"caratteristica-einfache-bedienung-auch-im-manuellen-betrieb","45":"serie-d-series-de","46":"settore_di_applicazione-artikel-fuer-das-baugewerbe","47":"settore_di_applicazione-kuechen-und-badezimmerplatten","49":"first","50":"instock","51":"shipping-taxable","52":"purchasable","53":"product-type-simple"},"acf":[],"yoast_head":"<!-- This site is optimized with the Yoast SEO plugin v25.8 - https:\/\/yoast.com\/wordpress\/plugins\/seo\/ -->\n<title>JET 625 - Donatoni Group<\/title>\n<meta name=\"robots\" content=\"index, follow, max-snippet:-1, max-image-preview:large, max-video-preview:-1\" \/>\n<link rel=\"canonical\" href=\"https:\/\/www.donatonigroup.com\/de\/maschine\/jet-625\/\" \/>\n<meta property=\"og:locale\" content=\"de_DE\" \/>\n<meta property=\"og:type\" content=\"article\" \/>\n<meta property=\"og:title\" content=\"JET 625 - Donatoni Group\" \/>\n<meta property=\"og:description\" content=\"Pr\u00e4zise, zuverl\u00e4ssig, komplett CNC-Br\u00fcckenfr\u00e4smaschine Die DONATONI JET 625 CNC ist eine einfache und kompakte numerisch gesteuerte Br\u00fcckenfr\u00e4smaschine mit 5 interpolierten Achsen, die sich ideal f\u00fcr die Herstellung von K\u00fcchenplatten, Waschbeckenplatten, Duschwannen, verschiedenen Geb\u00e4udeverkleidungen aus Marmor, Granit und Kunststein eignet.\" \/>\n<meta property=\"og:url\" content=\"https:\/\/www.donatonigroup.com\/de\/maschine\/jet-625\/\" \/>\n<meta property=\"og:site_name\" content=\"Donatoni Group\" \/>\n<meta property=\"article:publisher\" content=\"https:\/\/www.facebook.com\/donatonimacchine\" \/>\n<meta property=\"article:modified_time\" content=\"2023-12-05T09:53:06+00:00\" \/>\n<meta property=\"og:image\" content=\"https:\/\/www.donatonigroup.com\/wp-content\/uploads\/2023\/02\/JET_FRAME_625_23.png\" \/>\n\t<meta property=\"og:image:width\" content=\"1500\" \/>\n\t<meta property=\"og:image:height\" content=\"935\" \/>\n\t<meta property=\"og:image:type\" content=\"image\/png\" \/>\n<meta name=\"twitter:card\" content=\"summary_large_image\" \/>\n<meta name=\"twitter:label1\" content=\"Gesch\u00e4tzte Lesezeit\" \/>\n\t<meta name=\"twitter:data1\" content=\"1\u00a0Minute\" \/>\n<script type=\"application\/ld+json\" class=\"yoast-schema-graph\">{\"@context\":\"https:\/\/schema.org\",\"@graph\":[{\"@type\":\"WebPage\",\"@id\":\"https:\/\/www.donatonigroup.com\/de\/maschine\/jet-625\/\",\"url\":\"https:\/\/www.donatonigroup.com\/de\/maschine\/jet-625\/\",\"name\":\"JET 625 - Donatoni Group\",\"isPartOf\":{\"@id\":\"https:\/\/www.donatonigroup.com\/de\/#website\"},\"primaryImageOfPage\":{\"@id\":\"https:\/\/www.donatonigroup.com\/de\/maschine\/jet-625\/#primaryimage\"},\"image\":{\"@id\":\"https:\/\/www.donatonigroup.com\/de\/maschine\/jet-625\/#primaryimage\"},\"thumbnailUrl\":\"https:\/\/www.donatonigroup.com\/wp-content\/uploads\/2023\/02\/JET_FRAME_625_23.png\",\"datePublished\":\"2023-02-09T09:29:11+00:00\",\"dateModified\":\"2023-12-05T09:53:06+00:00\",\"breadcrumb\":{\"@id\":\"https:\/\/www.donatonigroup.com\/de\/maschine\/jet-625\/#breadcrumb\"},\"inLanguage\":\"de\",\"potentialAction\":[{\"@type\":\"ReadAction\",\"target\":[\"https:\/\/www.donatonigroup.com\/de\/maschine\/jet-625\/\"]}]},{\"@type\":\"ImageObject\",\"inLanguage\":\"de\",\"@id\":\"https:\/\/www.donatonigroup.com\/de\/maschine\/jet-625\/#primaryimage\",\"url\":\"https:\/\/www.donatonigroup.com\/wp-content\/uploads\/2023\/02\/JET_FRAME_625_23.png\",\"contentUrl\":\"https:\/\/www.donatonigroup.com\/wp-content\/uploads\/2023\/02\/JET_FRAME_625_23.png\",\"width\":1500,\"height\":935},{\"@type\":\"BreadcrumbList\",\"@id\":\"https:\/\/www.donatonigroup.com\/de\/maschine\/jet-625\/#breadcrumb\",\"itemListElement\":[{\"@type\":\"ListItem\",\"position\":1,\"name\":\"Home\",\"item\":\"https:\/\/www.donatonigroup.com\/de\/\"},{\"@type\":\"ListItem\",\"position\":2,\"name\":\"Katalogmaschine\",\"item\":\"https:\/\/www.donatonigroup.com\/de\/katalogmaschine\/\"},{\"@type\":\"ListItem\",\"position\":3,\"name\":\"JET 625\"}]},{\"@type\":\"WebSite\",\"@id\":\"https:\/\/www.donatonigroup.com\/de\/#website\",\"url\":\"https:\/\/www.donatonigroup.com\/de\/\",\"name\":\"Donatoni Group\",\"description\":\"\",\"publisher\":{\"@id\":\"https:\/\/www.donatonigroup.com\/de\/#organization\"},\"potentialAction\":[{\"@type\":\"SearchAction\",\"target\":{\"@type\":\"EntryPoint\",\"urlTemplate\":\"https:\/\/www.donatonigroup.com\/de\/?s={search_term_string}\"},\"query-input\":{\"@type\":\"PropertyValueSpecification\",\"valueRequired\":true,\"valueName\":\"search_term_string\"}}],\"inLanguage\":\"de\"},{\"@type\":\"Organization\",\"@id\":\"https:\/\/www.donatonigroup.com\/de\/#organization\",\"name\":\"Donatoni Group\",\"url\":\"https:\/\/www.donatonigroup.com\/de\/\",\"logo\":{\"@type\":\"ImageObject\",\"inLanguage\":\"de\",\"@id\":\"https:\/\/www.donatonigroup.com\/de\/#\/schema\/logo\/image\/\",\"url\":\"http:\/\/www.donatonigroup.com\/wp-content\/uploads\/2023\/02\/donatoni-logo.png\",\"contentUrl\":\"http:\/\/www.donatonigroup.com\/wp-content\/uploads\/2023\/02\/donatoni-logo.png\",\"width\":800,\"height\":112,\"caption\":\"Donatoni Group\"},\"image\":{\"@id\":\"https:\/\/www.donatonigroup.com\/de\/#\/schema\/logo\/image\/\"},\"sameAs\":[\"https:\/\/www.facebook.com\/donatonimacchine\",\"https:\/\/instagram.com\/donatonigroup\/\",\"https:\/\/www.linkedin.com\/company\/donatoni-macchine-s-r-l\"]}]}<\/script>\n<!-- \/ Yoast SEO plugin. -->","yoast_head_json":{"title":"JET 625 - Donatoni Group","robots":{"index":"index","follow":"follow","max-snippet":"max-snippet:-1","max-image-preview":"max-image-preview:large","max-video-preview":"max-video-preview:-1"},"canonical":"https:\/\/www.donatonigroup.com\/de\/maschine\/jet-625\/","og_locale":"de_DE","og_type":"article","og_title":"JET 625 - Donatoni Group","og_description":"Pr\u00e4zise, zuverl\u00e4ssig, komplett CNC-Br\u00fcckenfr\u00e4smaschine Die DONATONI JET 625 CNC ist eine einfache und kompakte numerisch gesteuerte Br\u00fcckenfr\u00e4smaschine mit 5 interpolierten Achsen, die sich ideal f\u00fcr die Herstellung von K\u00fcchenplatten, Waschbeckenplatten, Duschwannen, verschiedenen Geb\u00e4udeverkleidungen aus Marmor, Granit und Kunststein eignet.","og_url":"https:\/\/www.donatonigroup.com\/de\/maschine\/jet-625\/","og_site_name":"Donatoni Group","article_publisher":"https:\/\/www.facebook.com\/donatonimacchine","article_modified_time":"2023-12-05T09:53:06+00:00","og_image":[{"width":1500,"height":935,"url":"https:\/\/www.donatonigroup.com\/wp-content\/uploads\/2023\/02\/JET_FRAME_625_23.png","type":"image\/png"}],"twitter_card":"summary_large_image","twitter_misc":{"Gesch\u00e4tzte Lesezeit":"1\u00a0Minute"},"schema":{"@context":"https:\/\/schema.org","@graph":[{"@type":"WebPage","@id":"https:\/\/www.donatonigroup.com\/de\/maschine\/jet-625\/","url":"https:\/\/www.donatonigroup.com\/de\/maschine\/jet-625\/","name":"JET 625 - Donatoni Group","isPartOf":{"@id":"https:\/\/www.donatonigroup.com\/de\/#website"},"primaryImageOfPage":{"@id":"https:\/\/www.donatonigroup.com\/de\/maschine\/jet-625\/#primaryimage"},"image":{"@id":"https:\/\/www.donatonigroup.com\/de\/maschine\/jet-625\/#primaryimage"},"thumbnailUrl":"https:\/\/www.donatonigroup.com\/wp-content\/uploads\/2023\/02\/JET_FRAME_625_23.png","datePublished":"2023-02-09T09:29:11+00:00","dateModified":"2023-12-05T09:53:06+00:00","breadcrumb":{"@id":"https:\/\/www.donatonigroup.com\/de\/maschine\/jet-625\/#breadcrumb"},"inLanguage":"de","potentialAction":[{"@type":"ReadAction","target":["https:\/\/www.donatonigroup.com\/de\/maschine\/jet-625\/"]}]},{"@type":"ImageObject","inLanguage":"de","@id":"https:\/\/www.donatonigroup.com\/de\/maschine\/jet-625\/#primaryimage","url":"https:\/\/www.donatonigroup.com\/wp-content\/uploads\/2023\/02\/JET_FRAME_625_23.png","contentUrl":"https:\/\/www.donatonigroup.com\/wp-content\/uploads\/2023\/02\/JET_FRAME_625_23.png","width":1500,"height":935},{"@type":"BreadcrumbList","@id":"https:\/\/www.donatonigroup.com\/de\/maschine\/jet-625\/#breadcrumb","itemListElement":[{"@type":"ListItem","position":1,"name":"Home","item":"https:\/\/www.donatonigroup.com\/de\/"},{"@type":"ListItem","position":2,"name":"Katalogmaschine","item":"https:\/\/www.donatonigroup.com\/de\/katalogmaschine\/"},{"@type":"ListItem","position":3,"name":"JET 625"}]},{"@type":"WebSite","@id":"https:\/\/www.donatonigroup.com\/de\/#website","url":"https:\/\/www.donatonigroup.com\/de\/","name":"Donatoni Group","description":"","publisher":{"@id":"https:\/\/www.donatonigroup.com\/de\/#organization"},"potentialAction":[{"@type":"SearchAction","target":{"@type":"EntryPoint","urlTemplate":"https:\/\/www.donatonigroup.com\/de\/?s={search_term_string}"},"query-input":{"@type":"PropertyValueSpecification","valueRequired":true,"valueName":"search_term_string"}}],"inLanguage":"de"},{"@type":"Organization","@id":"https:\/\/www.donatonigroup.com\/de\/#organization","name":"Donatoni Group","url":"https:\/\/www.donatonigroup.com\/de\/","logo":{"@type":"ImageObject","inLanguage":"de","@id":"https:\/\/www.donatonigroup.com\/de\/#\/schema\/logo\/image\/","url":"http:\/\/www.donatonigroup.com\/wp-content\/uploads\/2023\/02\/donatoni-logo.png","contentUrl":"http:\/\/www.donatonigroup.com\/wp-content\/uploads\/2023\/02\/donatoni-logo.png","width":800,"height":112,"caption":"Donatoni Group"},"image":{"@id":"https:\/\/www.donatonigroup.com\/de\/#\/schema\/logo\/image\/"},"sameAs":["https:\/\/www.facebook.com\/donatonimacchine","https:\/\/instagram.com\/donatonigroup\/","https:\/\/www.linkedin.com\/company\/donatoni-macchine-s-r-l"]}]}},"_links":{"self":[{"href":"https:\/\/www.donatonigroup.com\/de\/wp-json\/wp\/v2\/product\/6721","targetHints":{"allow":["GET"]}}],"collection":[{"href":"https:\/\/www.donatonigroup.com\/de\/wp-json\/wp\/v2\/product"}],"about":[{"href":"https:\/\/www.donatonigroup.com\/de\/wp-json\/wp\/v2\/types\/product"}],"wp:featuredmedia":[{"embeddable":true,"href":"https:\/\/www.donatonigroup.com\/de\/wp-json\/wp\/v2\/media\/6723"}],"wp:attachment":[{"href":"https:\/\/www.donatonigroup.com\/de\/wp-json\/wp\/v2\/media?parent=6721"}],"wp:term":[{"taxonomy":"product_brand","embeddable":true,"href":"https:\/\/www.donatonigroup.com\/de\/wp-json\/wp\/v2\/product_brand?post=6721"},{"taxonomy":"product_cat","embeddable":true,"href":"https:\/\/www.donatonigroup.com\/de\/wp-json\/wp\/v2\/product_cat?post=6721"},{"taxonomy":"product_tag","embeddable":true,"href":"https:\/\/www.donatonigroup.com\/de\/wp-json\/wp\/v2\/product_tag?post=6721"},{"taxonomy":"caratteristica","embeddable":true,"href":"https:\/\/www.donatonigroup.com\/de\/wp-json\/wp\/v2\/caratteristica?post=6721"},{"taxonomy":"serie","embeddable":true,"href":"https:\/\/www.donatonigroup.com\/de\/wp-json\/wp\/v2\/serie?post=6721"},{"taxonomy":"settore_di_applicazione","embeddable":true,"href":"https:\/\/www.donatonigroup.com\/de\/wp-json\/wp\/v2\/settore_di_applicazione?post=6721"}],"curies":[{"name":"wp","href":"https:\/\/api.w.org\/{rel}","templated":true}]}}