{"id":6811,"date":"2023-02-09T09:35:43","date_gmt":"2023-02-09T09:35:43","guid":{"rendered":"http:\/\/www.donatonigroup.com\/macchina\/dj-6-6\/"},"modified":"2023-10-23T08:21:01","modified_gmt":"2023-10-23T08:21:01","slug":"dj-6-6","status":"publish","type":"product","link":"https:\/\/www.donatonigroup.com\/de\/maschine\/dj-6-6\/","title":{"rendered":"DJ 6.6"},"content":{"rendered":"<div id=\"introduction\" class=\"machine-template__default-margin machine-template__serie-container\" data-el-id=\"d9b05039-321c-406c-bf88-07091ede074f\">\n<div data-el-id=\"f38a9fdc-f086-41dc-9015-8d58aa792144\">\n<div class=\"machine-template__description-container\" data-el-id=\"01c04e19-8d3b-4f30-a5df-6d2703945a9a\">\n<div data-el-id=\"f4a4b73f-83ed-4921-8022-89d5c6488e88\">\n<div class=\"\" data-el-id=\"f4f26b93-e53d-48e9-b811-28c5993b6f85\">\n<div data-el-id=\"e29c680f-f25f-4c85-9e63-7534ff92b322\">\n<div data-el-id=\"bf7a5713-8f48-445a-91b2-f2c84bdca27d\">\n<div data-el-id=\"bf7a5713-8f48-445a-91b2-f2c84bdca27d-txt\">\n<div class=\"machine-template__description-title\">\n<h1 class=\"machine-template__description-title-text\">Die perfekte Kombination<\/h1>\n<\/div>\n<\/div>\n<\/div>\n<div data-el-id=\"4a5baed5-2ffc-427e-95ed-8c4305265b5f\">\n<div data-el-id=\"4a5baed5-2ffc-427e-95ed-8c4305265b5f-txt\">\n<div class=\"machine-template__description-title\">\n<h3 class=\"machine-template__description-title-sub\">Kombiniertes Scheibe + Waterjet-Schneidsystem<\/h3>\n<\/div>\n<\/div>\n<\/div>\n<div data-el-id=\"40242bdd-52a0-429b-abbc-3677c0c2d228\">\n<div data-el-id=\"40242bdd-52a0-429b-abbc-3677c0c2d228-txt\">\n<div class=\"machine-template__description-description\">\n<div class=\"machine-template__description-description\">Die <b>DONATONI DJ 6.6<\/b> ist ein Schneidzentrum mit kombinierter Technologie, S\u00e4geblatt + Waterjet, mit <b>5 interpolierten Achsen<\/b>, geeignet f\u00fcr die Herstellung einer breiten Palette von Marmor-, Stein-, Agglomerat- und Keramikprodukten.<\/div>\n<p><b>Zwei Technologien zusammen<\/b><br \/>\nEs handelt sich um eine Maschine, die dank des kombinierten Einsatzes von Scheibe und Wasserstrahl eine Optimierung der Schneidvorg\u00e4nge erm\u00f6glicht; Dazu erm\u00f6glicht sie Fr\u00e4sbearbeitungen dank des auf der Welle des Hauptmotors installierten Werkzeugs.<\/p>\n<\/div>\n<\/div>\n<\/div>\n<\/div>\n<\/div>\n<\/div>\n<\/div>\n<\/div>\n<\/div>\n<div class=\"\" data-el-id=\"651d8805-725c-4ff4-920b-b1e54edb5cd1\">\n<div data-el-id=\"eb29a817-583c-4000-86a1-e6a0b0b9241e\">\n<div id=\"features\" class=\"machine-template__default-margin new-machine-template__features-container\" data-el-id=\"50b855d9-3c25-4f02-adba-f02b17709d33\">\n<div data-el-id=\"98a2502f-c445-4c67-afd9-013470f735ed\">\n<div class=\"machine-template__features-description-container\" data-el-id=\"037f550d-f1e7-4ae7-b03e-5b2908cd46c4\"><\/div>\n<\/div>\n<\/div>\n<\/div>\n<\/div>\n","protected":false},"excerpt":{"rendered":"<p>Die perfekte Kombination Kombiniertes Scheibe + Waterjet-Schneidsystem Die DONATONI DJ 6.6 ist ein Schneidzentrum mit kombinierter Technologie, S\u00e4geblatt + Waterjet, mit 5 interpolierten Achsen, geeignet f\u00fcr die Herstellung einer breiten Palette von Marmor-, Stein-, Agglomerat- und Keramikprodukten. Zwei Technologien zusammen Es handelt sich um eine Maschine, die dank des kombinierten Einsatzes von Scheibe und Wasserstrahl [&hellip;]<\/p>\n","protected":false},"featured_media":6813,"template":"","meta":{"_et_pb_use_builder":"","_et_pb_old_content":"","_et_gb_content_width":""},"product_brand":[],"product_cat":[1229],"product_tag":[],"caratteristica":[1325,1328,1907,2027,2028,2029],"serie":[2030],"settore_di_applicazione":[1250,1252],"class_list":{"0":"post-6811","1":"product","2":"type-product","3":"status-publish","4":"has-post-thumbnail","6":"product_cat-cnc-brueckensaegen","7":"pa_assi-interpolati-51-de","8":"pa_capacita-carico-banco-1200-de","9":"pa_capacita-serbatoio-abrasivo-200-de","10":"pa_consumo-acqua-no-wj-35-de","11":"pa_consumo-aria-no-imp-abrasivo-20-de","12":"pa_coppia-motore-elettro-tool-730-s1-871-s6-de","13":"pa_corsa-carrello-asse-x-4100-de","14":"pa_corsa-ponte-asse-y-3250-de","15":"pa_corsa-tastatore-lastra-250-de","16":"pa_corsa-ventose-245-de","17":"pa_diametro-dischi-taglio-comb-300-500-530-de","18":"pa_diametro-dischi-taglio-solo-300-600-625-de-2","19":"pa_dimens-max-lastra-tagliabile-3700x2200-de-2","20":"pa_dimensioni-ingombro-8460x5550x4520-de","21":"pa_disco-max-tastatore-lastra-625-de","22":"pa_disco-max-uso-ventose-625-de","23":"pa_inclinaz-taglio-acqua-asse-b-0-60-de-2","24":"pa_inclinazione-testa-assea-0-90-de-2","25":"pa_peso-tot-max-sollev-ventose-500-de","26":"pa_peso-totale-appross-7000-de","27":"pa_portata-acqua-max-38-de","28":"pa_potenza-elet-intensificatore-37-de","29":"pa_potenza-elettromandrino-11-s1-13-s6-de","30":"pa_potenza-tot-instal-ecluso-21-de","31":"pa_pressione-max-lavoro-4000-de","32":"pa_rotazione-testa-porta-disco-5-365-de-2","33":"pa_salita-discesa-assez-450-de","34":"pa_spessore-max-tagliabile-wj-140-de","35":"pa_spessore-tagliabile-disco-200-de","36":"pa_tensione-elettrica-standard-40010-50","37":"pa_velocita-elettromandri-0-5500-de","38":"pa_velocita-max-carrello-asse-x-40-de","39":"pa_velocita-max-ponte-asse-y-30-de","40":"pa_velocita-max-teste-asse-z-5-de","41":"caratteristica-breite-bearbeitungspalette","42":"caratteristica-einfach-und-schnell-zu-programmieren","43":"caratteristica-automatisierter-produktionsprozess","44":"caratteristica-2-maschinen-in-1","45":"caratteristica-extrem-vielseitig","46":"caratteristica-optimierung-der-platte","47":"serie-macchine-speciali-de","48":"settore_di_applicazione-artikel-fuer-das-baugewerbe","49":"settore_di_applicazione-kuechen-und-badezimmerplatten","51":"first","52":"instock","53":"shipping-taxable","54":"purchasable","55":"product-type-simple"},"acf":[],"yoast_head":"<!-- This site is optimized with the Yoast SEO plugin v25.8 - https:\/\/yoast.com\/wordpress\/plugins\/seo\/ -->\n<title>DJ 6.6 - Donatoni Group<\/title>\n<meta name=\"robots\" content=\"index, follow, max-snippet:-1, max-image-preview:large, max-video-preview:-1\" \/>\n<link rel=\"canonical\" href=\"https:\/\/www.donatonigroup.com\/de\/maschine\/dj-6-6\/\" \/>\n<meta property=\"og:locale\" content=\"de_DE\" \/>\n<meta property=\"og:type\" content=\"article\" \/>\n<meta property=\"og:title\" content=\"DJ 6.6 - Donatoni Group\" \/>\n<meta property=\"og:description\" content=\"Die perfekte Kombination Kombiniertes Scheibe + Waterjet-Schneidsystem Die DONATONI DJ 6.6 ist ein Schneidzentrum mit kombinierter Technologie, S\u00e4geblatt + Waterjet, mit 5 interpolierten Achsen, geeignet f\u00fcr die Herstellung einer breiten Palette von Marmor-, Stein-, Agglomerat- und Keramikprodukten. Zwei Technologien zusammen Es handelt sich um eine Maschine, die dank des kombinierten Einsatzes von Scheibe und Wasserstrahl [&hellip;]\" \/>\n<meta property=\"og:url\" content=\"https:\/\/www.donatonigroup.com\/de\/maschine\/dj-6-6\/\" \/>\n<meta property=\"og:site_name\" content=\"Donatoni Group\" \/>\n<meta property=\"article:publisher\" content=\"https:\/\/www.facebook.com\/donatonimacchine\" \/>\n<meta property=\"article:modified_time\" content=\"2023-10-23T08:21:01+00:00\" \/>\n<meta property=\"og:image\" content=\"https:\/\/www.donatonigroup.com\/wp-content\/uploads\/2023\/02\/DJ6_6-1500x9352-1.png\" \/>\n\t<meta property=\"og:image:width\" content=\"1500\" \/>\n\t<meta property=\"og:image:height\" content=\"935\" \/>\n\t<meta property=\"og:image:type\" content=\"image\/png\" \/>\n<meta name=\"twitter:card\" content=\"summary_large_image\" \/>\n<meta name=\"twitter:label1\" content=\"Gesch\u00e4tzte Lesezeit\" \/>\n\t<meta name=\"twitter:data1\" content=\"1\u00a0Minute\" \/>\n<script type=\"application\/ld+json\" class=\"yoast-schema-graph\">{\"@context\":\"https:\/\/schema.org\",\"@graph\":[{\"@type\":\"WebPage\",\"@id\":\"https:\/\/www.donatonigroup.com\/de\/maschine\/dj-6-6\/\",\"url\":\"https:\/\/www.donatonigroup.com\/de\/maschine\/dj-6-6\/\",\"name\":\"DJ 6.6 - Donatoni Group\",\"isPartOf\":{\"@id\":\"https:\/\/www.donatonigroup.com\/de\/#website\"},\"primaryImageOfPage\":{\"@id\":\"https:\/\/www.donatonigroup.com\/de\/maschine\/dj-6-6\/#primaryimage\"},\"image\":{\"@id\":\"https:\/\/www.donatonigroup.com\/de\/maschine\/dj-6-6\/#primaryimage\"},\"thumbnailUrl\":\"https:\/\/www.donatonigroup.com\/wp-content\/uploads\/2023\/02\/DJ6_6-1500x9352-1.png\",\"datePublished\":\"2023-02-09T09:35:43+00:00\",\"dateModified\":\"2023-10-23T08:21:01+00:00\",\"breadcrumb\":{\"@id\":\"https:\/\/www.donatonigroup.com\/de\/maschine\/dj-6-6\/#breadcrumb\"},\"inLanguage\":\"de\",\"potentialAction\":[{\"@type\":\"ReadAction\",\"target\":[\"https:\/\/www.donatonigroup.com\/de\/maschine\/dj-6-6\/\"]}]},{\"@type\":\"ImageObject\",\"inLanguage\":\"de\",\"@id\":\"https:\/\/www.donatonigroup.com\/de\/maschine\/dj-6-6\/#primaryimage\",\"url\":\"https:\/\/www.donatonigroup.com\/wp-content\/uploads\/2023\/02\/DJ6_6-1500x9352-1.png\",\"contentUrl\":\"https:\/\/www.donatonigroup.com\/wp-content\/uploads\/2023\/02\/DJ6_6-1500x9352-1.png\",\"width\":1500,\"height\":935},{\"@type\":\"BreadcrumbList\",\"@id\":\"https:\/\/www.donatonigroup.com\/de\/maschine\/dj-6-6\/#breadcrumb\",\"itemListElement\":[{\"@type\":\"ListItem\",\"position\":1,\"name\":\"Home\",\"item\":\"https:\/\/www.donatonigroup.com\/de\/\"},{\"@type\":\"ListItem\",\"position\":2,\"name\":\"Katalogmaschine\",\"item\":\"https:\/\/www.donatonigroup.com\/de\/katalogmaschine\/\"},{\"@type\":\"ListItem\",\"position\":3,\"name\":\"DJ 6.6\"}]},{\"@type\":\"WebSite\",\"@id\":\"https:\/\/www.donatonigroup.com\/de\/#website\",\"url\":\"https:\/\/www.donatonigroup.com\/de\/\",\"name\":\"Donatoni Group\",\"description\":\"\",\"publisher\":{\"@id\":\"https:\/\/www.donatonigroup.com\/de\/#organization\"},\"potentialAction\":[{\"@type\":\"SearchAction\",\"target\":{\"@type\":\"EntryPoint\",\"urlTemplate\":\"https:\/\/www.donatonigroup.com\/de\/?s={search_term_string}\"},\"query-input\":{\"@type\":\"PropertyValueSpecification\",\"valueRequired\":true,\"valueName\":\"search_term_string\"}}],\"inLanguage\":\"de\"},{\"@type\":\"Organization\",\"@id\":\"https:\/\/www.donatonigroup.com\/de\/#organization\",\"name\":\"Donatoni Group\",\"url\":\"https:\/\/www.donatonigroup.com\/de\/\",\"logo\":{\"@type\":\"ImageObject\",\"inLanguage\":\"de\",\"@id\":\"https:\/\/www.donatonigroup.com\/de\/#\/schema\/logo\/image\/\",\"url\":\"http:\/\/www.donatonigroup.com\/wp-content\/uploads\/2023\/02\/donatoni-logo.png\",\"contentUrl\":\"http:\/\/www.donatonigroup.com\/wp-content\/uploads\/2023\/02\/donatoni-logo.png\",\"width\":800,\"height\":112,\"caption\":\"Donatoni Group\"},\"image\":{\"@id\":\"https:\/\/www.donatonigroup.com\/de\/#\/schema\/logo\/image\/\"},\"sameAs\":[\"https:\/\/www.facebook.com\/donatonimacchine\",\"https:\/\/instagram.com\/donatonigroup\/\",\"https:\/\/www.linkedin.com\/company\/donatoni-macchine-s-r-l\"]}]}<\/script>\n<!-- \/ Yoast SEO plugin. -->","yoast_head_json":{"title":"DJ 6.6 - Donatoni Group","robots":{"index":"index","follow":"follow","max-snippet":"max-snippet:-1","max-image-preview":"max-image-preview:large","max-video-preview":"max-video-preview:-1"},"canonical":"https:\/\/www.donatonigroup.com\/de\/maschine\/dj-6-6\/","og_locale":"de_DE","og_type":"article","og_title":"DJ 6.6 - Donatoni Group","og_description":"Die perfekte Kombination Kombiniertes Scheibe + Waterjet-Schneidsystem Die DONATONI DJ 6.6 ist ein Schneidzentrum mit kombinierter Technologie, S\u00e4geblatt + Waterjet, mit 5 interpolierten Achsen, geeignet f\u00fcr die Herstellung einer breiten Palette von Marmor-, Stein-, Agglomerat- und Keramikprodukten. Zwei Technologien zusammen Es handelt sich um eine Maschine, die dank des kombinierten Einsatzes von Scheibe und Wasserstrahl [&hellip;]","og_url":"https:\/\/www.donatonigroup.com\/de\/maschine\/dj-6-6\/","og_site_name":"Donatoni Group","article_publisher":"https:\/\/www.facebook.com\/donatonimacchine","article_modified_time":"2023-10-23T08:21:01+00:00","og_image":[{"width":1500,"height":935,"url":"https:\/\/www.donatonigroup.com\/wp-content\/uploads\/2023\/02\/DJ6_6-1500x9352-1.png","type":"image\/png"}],"twitter_card":"summary_large_image","twitter_misc":{"Gesch\u00e4tzte Lesezeit":"1\u00a0Minute"},"schema":{"@context":"https:\/\/schema.org","@graph":[{"@type":"WebPage","@id":"https:\/\/www.donatonigroup.com\/de\/maschine\/dj-6-6\/","url":"https:\/\/www.donatonigroup.com\/de\/maschine\/dj-6-6\/","name":"DJ 6.6 - Donatoni Group","isPartOf":{"@id":"https:\/\/www.donatonigroup.com\/de\/#website"},"primaryImageOfPage":{"@id":"https:\/\/www.donatonigroup.com\/de\/maschine\/dj-6-6\/#primaryimage"},"image":{"@id":"https:\/\/www.donatonigroup.com\/de\/maschine\/dj-6-6\/#primaryimage"},"thumbnailUrl":"https:\/\/www.donatonigroup.com\/wp-content\/uploads\/2023\/02\/DJ6_6-1500x9352-1.png","datePublished":"2023-02-09T09:35:43+00:00","dateModified":"2023-10-23T08:21:01+00:00","breadcrumb":{"@id":"https:\/\/www.donatonigroup.com\/de\/maschine\/dj-6-6\/#breadcrumb"},"inLanguage":"de","potentialAction":[{"@type":"ReadAction","target":["https:\/\/www.donatonigroup.com\/de\/maschine\/dj-6-6\/"]}]},{"@type":"ImageObject","inLanguage":"de","@id":"https:\/\/www.donatonigroup.com\/de\/maschine\/dj-6-6\/#primaryimage","url":"https:\/\/www.donatonigroup.com\/wp-content\/uploads\/2023\/02\/DJ6_6-1500x9352-1.png","contentUrl":"https:\/\/www.donatonigroup.com\/wp-content\/uploads\/2023\/02\/DJ6_6-1500x9352-1.png","width":1500,"height":935},{"@type":"BreadcrumbList","@id":"https:\/\/www.donatonigroup.com\/de\/maschine\/dj-6-6\/#breadcrumb","itemListElement":[{"@type":"ListItem","position":1,"name":"Home","item":"https:\/\/www.donatonigroup.com\/de\/"},{"@type":"ListItem","position":2,"name":"Katalogmaschine","item":"https:\/\/www.donatonigroup.com\/de\/katalogmaschine\/"},{"@type":"ListItem","position":3,"name":"DJ 6.6"}]},{"@type":"WebSite","@id":"https:\/\/www.donatonigroup.com\/de\/#website","url":"https:\/\/www.donatonigroup.com\/de\/","name":"Donatoni Group","description":"","publisher":{"@id":"https:\/\/www.donatonigroup.com\/de\/#organization"},"potentialAction":[{"@type":"SearchAction","target":{"@type":"EntryPoint","urlTemplate":"https:\/\/www.donatonigroup.com\/de\/?s={search_term_string}"},"query-input":{"@type":"PropertyValueSpecification","valueRequired":true,"valueName":"search_term_string"}}],"inLanguage":"de"},{"@type":"Organization","@id":"https:\/\/www.donatonigroup.com\/de\/#organization","name":"Donatoni Group","url":"https:\/\/www.donatonigroup.com\/de\/","logo":{"@type":"ImageObject","inLanguage":"de","@id":"https:\/\/www.donatonigroup.com\/de\/#\/schema\/logo\/image\/","url":"http:\/\/www.donatonigroup.com\/wp-content\/uploads\/2023\/02\/donatoni-logo.png","contentUrl":"http:\/\/www.donatonigroup.com\/wp-content\/uploads\/2023\/02\/donatoni-logo.png","width":800,"height":112,"caption":"Donatoni Group"},"image":{"@id":"https:\/\/www.donatonigroup.com\/de\/#\/schema\/logo\/image\/"},"sameAs":["https:\/\/www.facebook.com\/donatonimacchine","https:\/\/instagram.com\/donatonigroup\/","https:\/\/www.linkedin.com\/company\/donatoni-macchine-s-r-l"]}]}},"_links":{"self":[{"href":"https:\/\/www.donatonigroup.com\/de\/wp-json\/wp\/v2\/product\/6811","targetHints":{"allow":["GET"]}}],"collection":[{"href":"https:\/\/www.donatonigroup.com\/de\/wp-json\/wp\/v2\/product"}],"about":[{"href":"https:\/\/www.donatonigroup.com\/de\/wp-json\/wp\/v2\/types\/product"}],"wp:featuredmedia":[{"embeddable":true,"href":"https:\/\/www.donatonigroup.com\/de\/wp-json\/wp\/v2\/media\/6813"}],"wp:attachment":[{"href":"https:\/\/www.donatonigroup.com\/de\/wp-json\/wp\/v2\/media?parent=6811"}],"wp:term":[{"taxonomy":"product_brand","embeddable":true,"href":"https:\/\/www.donatonigroup.com\/de\/wp-json\/wp\/v2\/product_brand?post=6811"},{"taxonomy":"product_cat","embeddable":true,"href":"https:\/\/www.donatonigroup.com\/de\/wp-json\/wp\/v2\/product_cat?post=6811"},{"taxonomy":"product_tag","embeddable":true,"href":"https:\/\/www.donatonigroup.com\/de\/wp-json\/wp\/v2\/product_tag?post=6811"},{"taxonomy":"caratteristica","embeddable":true,"href":"https:\/\/www.donatonigroup.com\/de\/wp-json\/wp\/v2\/caratteristica?post=6811"},{"taxonomy":"serie","embeddable":true,"href":"https:\/\/www.donatonigroup.com\/de\/wp-json\/wp\/v2\/serie?post=6811"},{"taxonomy":"settore_di_applicazione","embeddable":true,"href":"https:\/\/www.donatonigroup.com\/de\/wp-json\/wp\/v2\/settore_di_applicazione?post=6811"}],"curies":[{"name":"wp","href":"https:\/\/api.w.org\/{rel}","templated":true}]}}