{"id":6827,"date":"2023-02-09T08:49:43","date_gmt":"2023-02-09T08:49:43","guid":{"rendered":"http:\/\/www.donatonigroup.com\/macchina\/belt-s1\/"},"modified":"2023-12-05T11:37:51","modified_gmt":"2023-12-05T11:37:51","slug":"belt-s1","status":"publish","type":"product","link":"https:\/\/www.donatonigroup.com\/de\/maschine\/belt-s1\/","title":{"rendered":"BELT S1"},"content":{"rendered":"<div data-el-id=\"0e728e9d-a50c-4bdf-8263-974492a78d05\">\n<div data-el-id=\"0e728e9d-a50c-4bdf-8263-974492a78d05-txt\">\n<div class=\"machine-template__description-title\">\n<h3 class=\"machine-template__description-title-text\">Geeignet f\u00fcr die Massenproduktion von verschiedenen Arten von Produkten.<\/h3>\n<\/div>\n<\/div>\n<\/div>\n<div data-el-id=\"4f7ddc4b-ae18-43ba-aaf0-31bf77129acf\">\n<div data-el-id=\"4f7ddc4b-ae18-43ba-aaf0-31bf77129acf-txt\">\n<div class=\"machine-template__description-description\"><strong>DONATONI BELT S1<\/strong> ist eine CNC-Br\u00fcckens\u00e4ge mit <strong>5 interpolierten<\/strong> <strong>Achsen<\/strong>, die besonders vielseitig und leistungsf\u00e4hig ist und sich f\u00fcr die Massenproduktion verschiedener Arten von Marmor, Granit, Keramik und <strong>Kunststeinprodukten<\/strong> eignet. Sie erm\u00f6glicht eine breite Palette von Bearbeitungen, vom Schneiden bis zu 200 mm Tiefe bis zum Fr\u00e4sen und Bohren; Dank der zahlreichen Zubeh\u00f6rteile k\u00f6nnen diese Bearbeitungen gleichzeitig durchgef\u00fchrt werden, ohne dass das Werkst\u00fcck vom Tisch genommen werden muss oder die Maschine l\u00e4ngere Zeit stillsteht.<\/div>\n<\/div>\n<\/div>\n","protected":false},"excerpt":{"rendered":"<p>DONATONI BELT S1 ist eine CNC-Br\u00fcckens\u00e4ge mit 5 interpolierten Achsen<\/p>\n","protected":false},"featured_media":6829,"template":"","meta":{"_et_pb_use_builder":"","_et_pb_old_content":"","_et_gb_content_width":""},"product_brand":[],"product_cat":[1232],"product_tag":[],"caratteristica":[1324,1326,1328,1329,2054,2055],"serie":[2040],"settore_di_applicazione":[1250,1251,1252],"class_list":{"0":"post-6827","1":"product","2":"type-product","3":"status-publish","4":"has-post-thumbnail","6":"product_cat-hochproduktive-anlagen","7":"pa_assi-interpolati-5-de","8":"pa_consumo-acqua-50-de-2","9":"pa_consumo-aria-20-de","10":"pa_coppia-motore-elettro-tool-871-s6-de","11":"pa_corsa-carrello-asse-x-3800-de","12":"pa_corsa-ponte-asse-y-2900-de","13":"pa_corsa-tastatore-lastra-250-de","14":"pa_corsa-ventose-245-de","15":"pa_diametro-albero-mandrino-50-de-2","16":"pa_diametro-massimo-disco-625-de","17":"pa_diametro-minimo-disco-350-de-2","18":"pa_dim-nastro-taglio-scar-6200x2400-de","19":"pa_dim-nastro-taglio-scar-7000x2400-de","20":"pa_dim-nastro-taglio-scarico-4000x2400-de","21":"pa_dim-nastro-taglio-scarico-6200x2400-de","22":"pa_dimensioni-nastro-di-taglio-10700x2400-de","23":"pa_disco-max-tastatore-lastra-625-de","24":"pa_disco-max-uso-ventose-625-de","25":"pa_inclinazione-testa-assea-0-90-de-2","26":"pa_peso-complessivo-macchina-13700-de","27":"pa_peso-max-nastro-4000-de","28":"pa_peso-tot-max-sollev-ventose-500-de","29":"pa_potenza-motore-tool-13-s6-de","30":"pa_potenza-totale-installata-30-de","31":"pa_profondita-max-di-taglio-200-de","32":"pa_range-vel-elettromandrino-t-0-5500-de","33":"pa_ripetibilita-posiz-asse-x-0-15-de","34":"pa_ripetibilita-posiz-asse-y-0-15-de","35":"pa_ripetibilita-posiz-asse-z-0-15-de","36":"pa_rotazione-testa-porta-disco-5-365-de-2","37":"pa_salita-discesa-assez-450-de","38":"pa_tensione-elettrica-standard-40010-50","39":"pa_velocita-max-carrello-asse-x-0-40-de","40":"pa_velocita-max-nastro-20-de","41":"pa_velocita-max-ponte-asse-y-0-30-de","42":"pa_velocita-max-teste-asse-z-0-5-de","43":"caratteristica-umfassendes-angebot-an-zubehoer-und-konfigurationen","44":"caratteristica-flexibilitaet-in-der-produktion","45":"caratteristica-einfach-und-schnell-zu-programmieren","46":"caratteristica-cnc-technologie-praezision-und-produktivitaet","47":"caratteristica-hohe-produktivitaet","48":"caratteristica-ideal-fuer-die-massenproduktion","49":"serie-belt-series-de","50":"settore_di_applicazione-artikel-fuer-das-baugewerbe","51":"settore_di_applicazione-fussboeden-und-wandverkleidungen","52":"settore_di_applicazione-kuechen-und-badezimmerplatten","54":"first","55":"instock","56":"shipping-taxable","57":"purchasable","58":"product-type-simple"},"acf":[],"yoast_head":"<!-- This site is optimized with the Yoast SEO plugin v25.8 - https:\/\/yoast.com\/wordpress\/plugins\/seo\/ -->\n<title>BELT S1 - Donatoni Group<\/title>\n<meta name=\"robots\" content=\"index, follow, max-snippet:-1, max-image-preview:large, max-video-preview:-1\" \/>\n<link rel=\"canonical\" href=\"https:\/\/www.donatonigroup.com\/de\/maschine\/belt-s1\/\" \/>\n<meta property=\"og:locale\" content=\"de_DE\" \/>\n<meta property=\"og:type\" content=\"article\" \/>\n<meta property=\"og:title\" content=\"BELT S1 - Donatoni Group\" \/>\n<meta property=\"og:description\" content=\"DONATONI BELT S1 ist eine CNC-Br\u00fcckens\u00e4ge mit 5 interpolierten Achsen\" \/>\n<meta property=\"og:url\" content=\"https:\/\/www.donatonigroup.com\/de\/maschine\/belt-s1\/\" \/>\n<meta property=\"og:site_name\" content=\"Donatoni Group\" \/>\n<meta property=\"article:publisher\" content=\"https:\/\/www.facebook.com\/donatonimacchine\" \/>\n<meta property=\"article:modified_time\" content=\"2023-12-05T11:37:51+00:00\" \/>\n<meta property=\"og:image\" content=\"https:\/\/www.donatonigroup.com\/wp-content\/uploads\/2023\/02\/Belt-s1-1500x9352-1.png\" \/>\n\t<meta property=\"og:image:width\" content=\"1500\" \/>\n\t<meta property=\"og:image:height\" content=\"935\" \/>\n\t<meta property=\"og:image:type\" content=\"image\/png\" \/>\n<meta name=\"twitter:card\" content=\"summary_large_image\" \/>\n<meta name=\"twitter:label1\" content=\"Gesch\u00e4tzte Lesezeit\" \/>\n\t<meta name=\"twitter:data1\" content=\"1\u00a0Minute\" \/>\n<script type=\"application\/ld+json\" class=\"yoast-schema-graph\">{\"@context\":\"https:\/\/schema.org\",\"@graph\":[{\"@type\":\"WebPage\",\"@id\":\"https:\/\/www.donatonigroup.com\/de\/maschine\/belt-s1\/\",\"url\":\"https:\/\/www.donatonigroup.com\/de\/maschine\/belt-s1\/\",\"name\":\"BELT S1 - Donatoni Group\",\"isPartOf\":{\"@id\":\"https:\/\/www.donatonigroup.com\/de\/#website\"},\"primaryImageOfPage\":{\"@id\":\"https:\/\/www.donatonigroup.com\/de\/maschine\/belt-s1\/#primaryimage\"},\"image\":{\"@id\":\"https:\/\/www.donatonigroup.com\/de\/maschine\/belt-s1\/#primaryimage\"},\"thumbnailUrl\":\"https:\/\/www.donatonigroup.com\/wp-content\/uploads\/2023\/02\/Belt-s1-1500x9352-1.png\",\"datePublished\":\"2023-02-09T08:49:43+00:00\",\"dateModified\":\"2023-12-05T11:37:51+00:00\",\"breadcrumb\":{\"@id\":\"https:\/\/www.donatonigroup.com\/de\/maschine\/belt-s1\/#breadcrumb\"},\"inLanguage\":\"de\",\"potentialAction\":[{\"@type\":\"ReadAction\",\"target\":[\"https:\/\/www.donatonigroup.com\/de\/maschine\/belt-s1\/\"]}]},{\"@type\":\"ImageObject\",\"inLanguage\":\"de\",\"@id\":\"https:\/\/www.donatonigroup.com\/de\/maschine\/belt-s1\/#primaryimage\",\"url\":\"https:\/\/www.donatonigroup.com\/wp-content\/uploads\/2023\/02\/Belt-s1-1500x9352-1.png\",\"contentUrl\":\"https:\/\/www.donatonigroup.com\/wp-content\/uploads\/2023\/02\/Belt-s1-1500x9352-1.png\",\"width\":1500,\"height\":935},{\"@type\":\"BreadcrumbList\",\"@id\":\"https:\/\/www.donatonigroup.com\/de\/maschine\/belt-s1\/#breadcrumb\",\"itemListElement\":[{\"@type\":\"ListItem\",\"position\":1,\"name\":\"Home\",\"item\":\"https:\/\/www.donatonigroup.com\/de\/\"},{\"@type\":\"ListItem\",\"position\":2,\"name\":\"Katalogmaschine\",\"item\":\"https:\/\/www.donatonigroup.com\/de\/katalogmaschine\/\"},{\"@type\":\"ListItem\",\"position\":3,\"name\":\"BELT S1\"}]},{\"@type\":\"WebSite\",\"@id\":\"https:\/\/www.donatonigroup.com\/de\/#website\",\"url\":\"https:\/\/www.donatonigroup.com\/de\/\",\"name\":\"Donatoni Group\",\"description\":\"\",\"publisher\":{\"@id\":\"https:\/\/www.donatonigroup.com\/de\/#organization\"},\"potentialAction\":[{\"@type\":\"SearchAction\",\"target\":{\"@type\":\"EntryPoint\",\"urlTemplate\":\"https:\/\/www.donatonigroup.com\/de\/?s={search_term_string}\"},\"query-input\":{\"@type\":\"PropertyValueSpecification\",\"valueRequired\":true,\"valueName\":\"search_term_string\"}}],\"inLanguage\":\"de\"},{\"@type\":\"Organization\",\"@id\":\"https:\/\/www.donatonigroup.com\/de\/#organization\",\"name\":\"Donatoni Group\",\"url\":\"https:\/\/www.donatonigroup.com\/de\/\",\"logo\":{\"@type\":\"ImageObject\",\"inLanguage\":\"de\",\"@id\":\"https:\/\/www.donatonigroup.com\/de\/#\/schema\/logo\/image\/\",\"url\":\"http:\/\/www.donatonigroup.com\/wp-content\/uploads\/2023\/02\/donatoni-logo.png\",\"contentUrl\":\"http:\/\/www.donatonigroup.com\/wp-content\/uploads\/2023\/02\/donatoni-logo.png\",\"width\":800,\"height\":112,\"caption\":\"Donatoni Group\"},\"image\":{\"@id\":\"https:\/\/www.donatonigroup.com\/de\/#\/schema\/logo\/image\/\"},\"sameAs\":[\"https:\/\/www.facebook.com\/donatonimacchine\",\"https:\/\/instagram.com\/donatonigroup\/\",\"https:\/\/www.linkedin.com\/company\/donatoni-macchine-s-r-l\"]}]}<\/script>\n<!-- \/ Yoast SEO plugin. -->","yoast_head_json":{"title":"BELT S1 - Donatoni Group","robots":{"index":"index","follow":"follow","max-snippet":"max-snippet:-1","max-image-preview":"max-image-preview:large","max-video-preview":"max-video-preview:-1"},"canonical":"https:\/\/www.donatonigroup.com\/de\/maschine\/belt-s1\/","og_locale":"de_DE","og_type":"article","og_title":"BELT S1 - Donatoni Group","og_description":"DONATONI BELT S1 ist eine CNC-Br\u00fcckens\u00e4ge mit 5 interpolierten Achsen","og_url":"https:\/\/www.donatonigroup.com\/de\/maschine\/belt-s1\/","og_site_name":"Donatoni Group","article_publisher":"https:\/\/www.facebook.com\/donatonimacchine","article_modified_time":"2023-12-05T11:37:51+00:00","og_image":[{"width":1500,"height":935,"url":"https:\/\/www.donatonigroup.com\/wp-content\/uploads\/2023\/02\/Belt-s1-1500x9352-1.png","type":"image\/png"}],"twitter_card":"summary_large_image","twitter_misc":{"Gesch\u00e4tzte Lesezeit":"1\u00a0Minute"},"schema":{"@context":"https:\/\/schema.org","@graph":[{"@type":"WebPage","@id":"https:\/\/www.donatonigroup.com\/de\/maschine\/belt-s1\/","url":"https:\/\/www.donatonigroup.com\/de\/maschine\/belt-s1\/","name":"BELT S1 - Donatoni Group","isPartOf":{"@id":"https:\/\/www.donatonigroup.com\/de\/#website"},"primaryImageOfPage":{"@id":"https:\/\/www.donatonigroup.com\/de\/maschine\/belt-s1\/#primaryimage"},"image":{"@id":"https:\/\/www.donatonigroup.com\/de\/maschine\/belt-s1\/#primaryimage"},"thumbnailUrl":"https:\/\/www.donatonigroup.com\/wp-content\/uploads\/2023\/02\/Belt-s1-1500x9352-1.png","datePublished":"2023-02-09T08:49:43+00:00","dateModified":"2023-12-05T11:37:51+00:00","breadcrumb":{"@id":"https:\/\/www.donatonigroup.com\/de\/maschine\/belt-s1\/#breadcrumb"},"inLanguage":"de","potentialAction":[{"@type":"ReadAction","target":["https:\/\/www.donatonigroup.com\/de\/maschine\/belt-s1\/"]}]},{"@type":"ImageObject","inLanguage":"de","@id":"https:\/\/www.donatonigroup.com\/de\/maschine\/belt-s1\/#primaryimage","url":"https:\/\/www.donatonigroup.com\/wp-content\/uploads\/2023\/02\/Belt-s1-1500x9352-1.png","contentUrl":"https:\/\/www.donatonigroup.com\/wp-content\/uploads\/2023\/02\/Belt-s1-1500x9352-1.png","width":1500,"height":935},{"@type":"BreadcrumbList","@id":"https:\/\/www.donatonigroup.com\/de\/maschine\/belt-s1\/#breadcrumb","itemListElement":[{"@type":"ListItem","position":1,"name":"Home","item":"https:\/\/www.donatonigroup.com\/de\/"},{"@type":"ListItem","position":2,"name":"Katalogmaschine","item":"https:\/\/www.donatonigroup.com\/de\/katalogmaschine\/"},{"@type":"ListItem","position":3,"name":"BELT S1"}]},{"@type":"WebSite","@id":"https:\/\/www.donatonigroup.com\/de\/#website","url":"https:\/\/www.donatonigroup.com\/de\/","name":"Donatoni Group","description":"","publisher":{"@id":"https:\/\/www.donatonigroup.com\/de\/#organization"},"potentialAction":[{"@type":"SearchAction","target":{"@type":"EntryPoint","urlTemplate":"https:\/\/www.donatonigroup.com\/de\/?s={search_term_string}"},"query-input":{"@type":"PropertyValueSpecification","valueRequired":true,"valueName":"search_term_string"}}],"inLanguage":"de"},{"@type":"Organization","@id":"https:\/\/www.donatonigroup.com\/de\/#organization","name":"Donatoni Group","url":"https:\/\/www.donatonigroup.com\/de\/","logo":{"@type":"ImageObject","inLanguage":"de","@id":"https:\/\/www.donatonigroup.com\/de\/#\/schema\/logo\/image\/","url":"http:\/\/www.donatonigroup.com\/wp-content\/uploads\/2023\/02\/donatoni-logo.png","contentUrl":"http:\/\/www.donatonigroup.com\/wp-content\/uploads\/2023\/02\/donatoni-logo.png","width":800,"height":112,"caption":"Donatoni Group"},"image":{"@id":"https:\/\/www.donatonigroup.com\/de\/#\/schema\/logo\/image\/"},"sameAs":["https:\/\/www.facebook.com\/donatonimacchine","https:\/\/instagram.com\/donatonigroup\/","https:\/\/www.linkedin.com\/company\/donatoni-macchine-s-r-l"]}]}},"_links":{"self":[{"href":"https:\/\/www.donatonigroup.com\/de\/wp-json\/wp\/v2\/product\/6827","targetHints":{"allow":["GET"]}}],"collection":[{"href":"https:\/\/www.donatonigroup.com\/de\/wp-json\/wp\/v2\/product"}],"about":[{"href":"https:\/\/www.donatonigroup.com\/de\/wp-json\/wp\/v2\/types\/product"}],"wp:featuredmedia":[{"embeddable":true,"href":"https:\/\/www.donatonigroup.com\/de\/wp-json\/wp\/v2\/media\/6829"}],"wp:attachment":[{"href":"https:\/\/www.donatonigroup.com\/de\/wp-json\/wp\/v2\/media?parent=6827"}],"wp:term":[{"taxonomy":"product_brand","embeddable":true,"href":"https:\/\/www.donatonigroup.com\/de\/wp-json\/wp\/v2\/product_brand?post=6827"},{"taxonomy":"product_cat","embeddable":true,"href":"https:\/\/www.donatonigroup.com\/de\/wp-json\/wp\/v2\/product_cat?post=6827"},{"taxonomy":"product_tag","embeddable":true,"href":"https:\/\/www.donatonigroup.com\/de\/wp-json\/wp\/v2\/product_tag?post=6827"},{"taxonomy":"caratteristica","embeddable":true,"href":"https:\/\/www.donatonigroup.com\/de\/wp-json\/wp\/v2\/caratteristica?post=6827"},{"taxonomy":"serie","embeddable":true,"href":"https:\/\/www.donatonigroup.com\/de\/wp-json\/wp\/v2\/serie?post=6827"},{"taxonomy":"settore_di_applicazione","embeddable":true,"href":"https:\/\/www.donatonigroup.com\/de\/wp-json\/wp\/v2\/settore_di_applicazione?post=6827"}],"curies":[{"name":"wp","href":"https:\/\/api.w.org\/{rel}","templated":true}]}}