{"id":7130,"date":"2023-02-09T08:29:54","date_gmt":"2023-02-09T08:29:54","guid":{"rendered":"http:\/\/www.donatonigroup.com\/macchina\/cr-1\/"},"modified":"2023-10-23T09:02:01","modified_gmt":"2023-10-23T09:02:01","slug":"cr-1","status":"publish","type":"product","link":"https:\/\/www.donatonigroup.com\/de\/maschine\/cr-1\/","title":{"rendered":"CR 1"},"content":{"rendered":"<div data-el-id=\"9192ed59-d792-4841-8238-1e7a7a287d76\">\n<div data-el-id=\"9192ed59-d792-4841-8238-1e7a7a287d76-txt\">\n<div class=\"machine-template__description-title\">\n<h3 class=\"machine-template__description-title-text\">Robotisierte Produktionssysteme der neuen Generation<\/h3>\n<\/div>\n<\/div>\n<\/div>\n<div data-el-id=\"117bc00d-cfe6-4e75-aea3-d633731d9307\">\n<div data-el-id=\"117bc00d-cfe6-4e75-aea3-d633731d9307-txt\">\n<div class=\"machine-template__description-description\">\n<p><strong>DONATONI CR1<\/strong> ist ein CNC-gesteuertes Produktionssystem der neuen Generation mit <strong>6\/7\/8 interpolierten Achsen<\/strong>, das als hochflexible Maschine f\u00fcr die Herstellung von Elementen jeder Gr\u00f6\u00dfe und jedes Materials mit einer H\u00f6he von bis zu 2900 mm konzipiert ist. Es erm\u00f6glicht eine breite Palette von Bearbeitungen, vom Schneiden, Fr\u00e4sen, Bohren bis hin zu einfachen und komplexen Formgebungen.<\/p>\n<p>Das System ist vollst\u00e4ndig anpassbar, sowohl in Bezug auf das Layout als auch durch die Verf\u00fcgbarkeit von zahlreichem Zubeh\u00f6r, wie dem automatischen Werkzeug- und Scheibenwechsler ISO40\/ISO50, dem interpolierten Drehwerktisch, der interpolierten Horizontaldrehbank, der Plattform mit Alu-Auflage und den Werktischen mit Holzauflage.<\/p>\n<\/div>\n<\/div>\n<\/div>\n","protected":false},"excerpt":{"rendered":"<p>Robotisierte Produktionssysteme der neuen Generation DONATONI CR1 ist ein CNC-gesteuertes Produktionssystem der neuen Generation mit 6\/7\/8 interpolierten Achsen, das als hochflexible Maschine f\u00fcr die Herstellung von Elementen jeder Gr\u00f6\u00dfe und jedes Materials mit einer H\u00f6he von bis zu 2900 mm konzipiert ist. Es erm\u00f6glicht eine breite Palette von Bearbeitungen, vom Schneiden, Fr\u00e4sen, Bohren bis hin [&hellip;]<\/p>\n","protected":false},"featured_media":7132,"template":"","meta":{"_et_pb_use_builder":"","_et_pb_old_content":"","_et_gb_content_width":""},"product_brand":[],"product_cat":[1234],"product_tag":[],"caratteristica":[1325,1327,1328,1646,2174,2175,2176],"serie":[2138],"settore_di_applicazione":[1247,1248,1249,1250],"class_list":{"0":"post-7130","1":"product","2":"type-product","3":"status-publish","4":"has-post-thumbnail","6":"product_cat-robotersysteme","7":"pa_altezza-max-lavoro-ind-2200-de","8":"pa_assi-interpolati-6-7-8-de","9":"pa_attacco-portautensile-40-de","10":"pa_attacco-portautensile-50-de","11":"pa_classe-di-protezione-cr-65-de","12":"pa_classe-di-protezione-polso-67-de","13":"pa_consumo-acqua-3bar-50-de","14":"pa_consumo-aria-6-bar-20-de","15":"pa_coppia-mot-elettromandrino-31-8-38-2-de","16":"pa_coppia-mot-elettromandrino-95-5-114-5-de","17":"pa_corsa-asse-a1-185-de","18":"pa_corsa-asse-a2-140-5-de","19":"pa_corsa-asse-a3-120-168-de","20":"pa_corsa-asse-a4-350-de","21":"pa_corsa-asse-a5-122-5-de","22":"pa_corsa-asse-a6-350-de","23":"pa_diametro-massimo-disco-625-de","24":"pa_diametro-massimo-disco-825-de","25":"pa_diametro-minimo-disco-350-de-2","26":"pa_dim-piattaforma-3270-x-1500-de","27":"pa_dim-piattaforma-3270-x-2000-de","28":"pa_limiti-ambiente-temp-5-40-de","29":"pa_livello-sonoro-75-de","30":"pa_max-raggio-dazione-2900-de","31":"pa_peso-solo-robot-1120-de","32":"pa_portata-al-polso-240-de","33":"pa_potenza-installata-28-de","34":"pa_potenza-installata-34-de","35":"pa_potenza-nominale-15-18-de","36":"pa_potenza-nominale-20-24-de","37":"pa_profondita-max-di-taglio-205-de","38":"pa_profondita-max-di-taglio-276-de","39":"pa_raffreddamento-motore-liquido-de","40":"pa_ripetibilita-posiz-asse-x-0-05-de","41":"pa_sistema-di-controllo-kr-c4-de","42":"pa_temp-esercizio-10--50-de","43":"pa_tensione-elettrica-standard-40010-50","44":"pa_velocita-massima-12000-de","45":"pa_velocita-massima-6000-de","46":"pa_velocita-massima-asse-a1-103-de","47":"pa_velocita-massima-asse-a2-94-de","48":"pa_velocita-massima-asse-a3-100-de","49":"pa_velocita-massima-asse-a4-170-de","50":"pa_velocita-massima-asse-a5-129-de","51":"pa_velocita-massima-asse-a6-206-de","52":"caratteristica-breite-bearbeitungspalette","53":"caratteristica-geringe-abmessungen","54":"caratteristica-einfach-und-schnell-zu-programmieren","55":"caratteristica-extrem-leistungsfaehig","56":"caratteristica-ideal-fuer-die-formgebung-und-das-modellieren","57":"caratteristica-dedizierte-software-schnittstelle","58":"caratteristica-frei-kombinierbares-baukastensystem","59":"serie-cr-series-de","60":"settore_di_applicazione-bestattungskunst","61":"settore_di_applicazione-design-und-skulpturen","62":"settore_di_applicazione-grosse-projekte","63":"settore_di_applicazione-artikel-fuer-das-baugewerbe","65":"first","66":"instock","67":"shipping-taxable","68":"purchasable","69":"product-type-simple"},"acf":[],"yoast_head":"<!-- This site is optimized with the Yoast SEO plugin v25.8 - https:\/\/yoast.com\/wordpress\/plugins\/seo\/ -->\n<title>CR 1 - Donatoni Group<\/title>\n<meta name=\"robots\" content=\"index, follow, max-snippet:-1, max-image-preview:large, max-video-preview:-1\" \/>\n<link rel=\"canonical\" href=\"https:\/\/www.donatonigroup.com\/de\/maschine\/cr-1\/\" \/>\n<meta property=\"og:locale\" content=\"de_DE\" \/>\n<meta property=\"og:type\" content=\"article\" \/>\n<meta property=\"og:title\" content=\"CR 1 - Donatoni Group\" \/>\n<meta property=\"og:description\" content=\"Robotisierte Produktionssysteme der neuen Generation DONATONI CR1 ist ein CNC-gesteuertes Produktionssystem der neuen Generation mit 6\/7\/8 interpolierten Achsen, das als hochflexible Maschine f\u00fcr die Herstellung von Elementen jeder Gr\u00f6\u00dfe und jedes Materials mit einer H\u00f6he von bis zu 2900 mm konzipiert ist. Es erm\u00f6glicht eine breite Palette von Bearbeitungen, vom Schneiden, Fr\u00e4sen, Bohren bis hin [&hellip;]\" \/>\n<meta property=\"og:url\" content=\"https:\/\/www.donatonigroup.com\/de\/maschine\/cr-1\/\" \/>\n<meta property=\"og:site_name\" content=\"Donatoni Group\" \/>\n<meta property=\"article:publisher\" content=\"https:\/\/www.facebook.com\/donatonimacchine\" \/>\n<meta property=\"article:modified_time\" content=\"2023-10-23T09:02:01+00:00\" \/>\n<meta property=\"og:image\" content=\"https:\/\/www.donatonigroup.com\/wp-content\/uploads\/2023\/02\/CR1-1500x9352-1.png\" \/>\n\t<meta property=\"og:image:width\" content=\"1500\" \/>\n\t<meta property=\"og:image:height\" content=\"935\" \/>\n\t<meta property=\"og:image:type\" content=\"image\/png\" \/>\n<meta name=\"twitter:card\" content=\"summary_large_image\" \/>\n<meta name=\"twitter:label1\" content=\"Gesch\u00e4tzte Lesezeit\" \/>\n\t<meta name=\"twitter:data1\" content=\"1\u00a0Minute\" \/>\n<script type=\"application\/ld+json\" class=\"yoast-schema-graph\">{\"@context\":\"https:\/\/schema.org\",\"@graph\":[{\"@type\":\"WebPage\",\"@id\":\"https:\/\/www.donatonigroup.com\/de\/maschine\/cr-1\/\",\"url\":\"https:\/\/www.donatonigroup.com\/de\/maschine\/cr-1\/\",\"name\":\"CR 1 - Donatoni Group\",\"isPartOf\":{\"@id\":\"https:\/\/www.donatonigroup.com\/de\/#website\"},\"primaryImageOfPage\":{\"@id\":\"https:\/\/www.donatonigroup.com\/de\/maschine\/cr-1\/#primaryimage\"},\"image\":{\"@id\":\"https:\/\/www.donatonigroup.com\/de\/maschine\/cr-1\/#primaryimage\"},\"thumbnailUrl\":\"https:\/\/www.donatonigroup.com\/wp-content\/uploads\/2023\/02\/CR1-1500x9352-1.png\",\"datePublished\":\"2023-02-09T08:29:54+00:00\",\"dateModified\":\"2023-10-23T09:02:01+00:00\",\"breadcrumb\":{\"@id\":\"https:\/\/www.donatonigroup.com\/de\/maschine\/cr-1\/#breadcrumb\"},\"inLanguage\":\"de\",\"potentialAction\":[{\"@type\":\"ReadAction\",\"target\":[\"https:\/\/www.donatonigroup.com\/de\/maschine\/cr-1\/\"]}]},{\"@type\":\"ImageObject\",\"inLanguage\":\"de\",\"@id\":\"https:\/\/www.donatonigroup.com\/de\/maschine\/cr-1\/#primaryimage\",\"url\":\"https:\/\/www.donatonigroup.com\/wp-content\/uploads\/2023\/02\/CR1-1500x9352-1.png\",\"contentUrl\":\"https:\/\/www.donatonigroup.com\/wp-content\/uploads\/2023\/02\/CR1-1500x9352-1.png\",\"width\":1500,\"height\":935},{\"@type\":\"BreadcrumbList\",\"@id\":\"https:\/\/www.donatonigroup.com\/de\/maschine\/cr-1\/#breadcrumb\",\"itemListElement\":[{\"@type\":\"ListItem\",\"position\":1,\"name\":\"Home\",\"item\":\"https:\/\/www.donatonigroup.com\/de\/\"},{\"@type\":\"ListItem\",\"position\":2,\"name\":\"Katalogmaschine\",\"item\":\"https:\/\/www.donatonigroup.com\/de\/katalogmaschine\/\"},{\"@type\":\"ListItem\",\"position\":3,\"name\":\"CR 1\"}]},{\"@type\":\"WebSite\",\"@id\":\"https:\/\/www.donatonigroup.com\/de\/#website\",\"url\":\"https:\/\/www.donatonigroup.com\/de\/\",\"name\":\"Donatoni Group\",\"description\":\"\",\"publisher\":{\"@id\":\"https:\/\/www.donatonigroup.com\/de\/#organization\"},\"potentialAction\":[{\"@type\":\"SearchAction\",\"target\":{\"@type\":\"EntryPoint\",\"urlTemplate\":\"https:\/\/www.donatonigroup.com\/de\/?s={search_term_string}\"},\"query-input\":{\"@type\":\"PropertyValueSpecification\",\"valueRequired\":true,\"valueName\":\"search_term_string\"}}],\"inLanguage\":\"de\"},{\"@type\":\"Organization\",\"@id\":\"https:\/\/www.donatonigroup.com\/de\/#organization\",\"name\":\"Donatoni Group\",\"url\":\"https:\/\/www.donatonigroup.com\/de\/\",\"logo\":{\"@type\":\"ImageObject\",\"inLanguage\":\"de\",\"@id\":\"https:\/\/www.donatonigroup.com\/de\/#\/schema\/logo\/image\/\",\"url\":\"http:\/\/www.donatonigroup.com\/wp-content\/uploads\/2023\/02\/donatoni-logo.png\",\"contentUrl\":\"http:\/\/www.donatonigroup.com\/wp-content\/uploads\/2023\/02\/donatoni-logo.png\",\"width\":800,\"height\":112,\"caption\":\"Donatoni Group\"},\"image\":{\"@id\":\"https:\/\/www.donatonigroup.com\/de\/#\/schema\/logo\/image\/\"},\"sameAs\":[\"https:\/\/www.facebook.com\/donatonimacchine\",\"https:\/\/instagram.com\/donatonigroup\/\",\"https:\/\/www.linkedin.com\/company\/donatoni-macchine-s-r-l\"]}]}<\/script>\n<!-- \/ Yoast SEO plugin. -->","yoast_head_json":{"title":"CR 1 - Donatoni Group","robots":{"index":"index","follow":"follow","max-snippet":"max-snippet:-1","max-image-preview":"max-image-preview:large","max-video-preview":"max-video-preview:-1"},"canonical":"https:\/\/www.donatonigroup.com\/de\/maschine\/cr-1\/","og_locale":"de_DE","og_type":"article","og_title":"CR 1 - Donatoni Group","og_description":"Robotisierte Produktionssysteme der neuen Generation DONATONI CR1 ist ein CNC-gesteuertes Produktionssystem der neuen Generation mit 6\/7\/8 interpolierten Achsen, das als hochflexible Maschine f\u00fcr die Herstellung von Elementen jeder Gr\u00f6\u00dfe und jedes Materials mit einer H\u00f6he von bis zu 2900 mm konzipiert ist. Es erm\u00f6glicht eine breite Palette von Bearbeitungen, vom Schneiden, Fr\u00e4sen, Bohren bis hin [&hellip;]","og_url":"https:\/\/www.donatonigroup.com\/de\/maschine\/cr-1\/","og_site_name":"Donatoni Group","article_publisher":"https:\/\/www.facebook.com\/donatonimacchine","article_modified_time":"2023-10-23T09:02:01+00:00","og_image":[{"width":1500,"height":935,"url":"https:\/\/www.donatonigroup.com\/wp-content\/uploads\/2023\/02\/CR1-1500x9352-1.png","type":"image\/png"}],"twitter_card":"summary_large_image","twitter_misc":{"Gesch\u00e4tzte Lesezeit":"1\u00a0Minute"},"schema":{"@context":"https:\/\/schema.org","@graph":[{"@type":"WebPage","@id":"https:\/\/www.donatonigroup.com\/de\/maschine\/cr-1\/","url":"https:\/\/www.donatonigroup.com\/de\/maschine\/cr-1\/","name":"CR 1 - Donatoni Group","isPartOf":{"@id":"https:\/\/www.donatonigroup.com\/de\/#website"},"primaryImageOfPage":{"@id":"https:\/\/www.donatonigroup.com\/de\/maschine\/cr-1\/#primaryimage"},"image":{"@id":"https:\/\/www.donatonigroup.com\/de\/maschine\/cr-1\/#primaryimage"},"thumbnailUrl":"https:\/\/www.donatonigroup.com\/wp-content\/uploads\/2023\/02\/CR1-1500x9352-1.png","datePublished":"2023-02-09T08:29:54+00:00","dateModified":"2023-10-23T09:02:01+00:00","breadcrumb":{"@id":"https:\/\/www.donatonigroup.com\/de\/maschine\/cr-1\/#breadcrumb"},"inLanguage":"de","potentialAction":[{"@type":"ReadAction","target":["https:\/\/www.donatonigroup.com\/de\/maschine\/cr-1\/"]}]},{"@type":"ImageObject","inLanguage":"de","@id":"https:\/\/www.donatonigroup.com\/de\/maschine\/cr-1\/#primaryimage","url":"https:\/\/www.donatonigroup.com\/wp-content\/uploads\/2023\/02\/CR1-1500x9352-1.png","contentUrl":"https:\/\/www.donatonigroup.com\/wp-content\/uploads\/2023\/02\/CR1-1500x9352-1.png","width":1500,"height":935},{"@type":"BreadcrumbList","@id":"https:\/\/www.donatonigroup.com\/de\/maschine\/cr-1\/#breadcrumb","itemListElement":[{"@type":"ListItem","position":1,"name":"Home","item":"https:\/\/www.donatonigroup.com\/de\/"},{"@type":"ListItem","position":2,"name":"Katalogmaschine","item":"https:\/\/www.donatonigroup.com\/de\/katalogmaschine\/"},{"@type":"ListItem","position":3,"name":"CR 1"}]},{"@type":"WebSite","@id":"https:\/\/www.donatonigroup.com\/de\/#website","url":"https:\/\/www.donatonigroup.com\/de\/","name":"Donatoni Group","description":"","publisher":{"@id":"https:\/\/www.donatonigroup.com\/de\/#organization"},"potentialAction":[{"@type":"SearchAction","target":{"@type":"EntryPoint","urlTemplate":"https:\/\/www.donatonigroup.com\/de\/?s={search_term_string}"},"query-input":{"@type":"PropertyValueSpecification","valueRequired":true,"valueName":"search_term_string"}}],"inLanguage":"de"},{"@type":"Organization","@id":"https:\/\/www.donatonigroup.com\/de\/#organization","name":"Donatoni Group","url":"https:\/\/www.donatonigroup.com\/de\/","logo":{"@type":"ImageObject","inLanguage":"de","@id":"https:\/\/www.donatonigroup.com\/de\/#\/schema\/logo\/image\/","url":"http:\/\/www.donatonigroup.com\/wp-content\/uploads\/2023\/02\/donatoni-logo.png","contentUrl":"http:\/\/www.donatonigroup.com\/wp-content\/uploads\/2023\/02\/donatoni-logo.png","width":800,"height":112,"caption":"Donatoni Group"},"image":{"@id":"https:\/\/www.donatonigroup.com\/de\/#\/schema\/logo\/image\/"},"sameAs":["https:\/\/www.facebook.com\/donatonimacchine","https:\/\/instagram.com\/donatonigroup\/","https:\/\/www.linkedin.com\/company\/donatoni-macchine-s-r-l"]}]}},"_links":{"self":[{"href":"https:\/\/www.donatonigroup.com\/de\/wp-json\/wp\/v2\/product\/7130","targetHints":{"allow":["GET"]}}],"collection":[{"href":"https:\/\/www.donatonigroup.com\/de\/wp-json\/wp\/v2\/product"}],"about":[{"href":"https:\/\/www.donatonigroup.com\/de\/wp-json\/wp\/v2\/types\/product"}],"wp:featuredmedia":[{"embeddable":true,"href":"https:\/\/www.donatonigroup.com\/de\/wp-json\/wp\/v2\/media\/7132"}],"wp:attachment":[{"href":"https:\/\/www.donatonigroup.com\/de\/wp-json\/wp\/v2\/media?parent=7130"}],"wp:term":[{"taxonomy":"product_brand","embeddable":true,"href":"https:\/\/www.donatonigroup.com\/de\/wp-json\/wp\/v2\/product_brand?post=7130"},{"taxonomy":"product_cat","embeddable":true,"href":"https:\/\/www.donatonigroup.com\/de\/wp-json\/wp\/v2\/product_cat?post=7130"},{"taxonomy":"product_tag","embeddable":true,"href":"https:\/\/www.donatonigroup.com\/de\/wp-json\/wp\/v2\/product_tag?post=7130"},{"taxonomy":"caratteristica","embeddable":true,"href":"https:\/\/www.donatonigroup.com\/de\/wp-json\/wp\/v2\/caratteristica?post=7130"},{"taxonomy":"serie","embeddable":true,"href":"https:\/\/www.donatonigroup.com\/de\/wp-json\/wp\/v2\/serie?post=7130"},{"taxonomy":"settore_di_applicazione","embeddable":true,"href":"https:\/\/www.donatonigroup.com\/de\/wp-json\/wp\/v2\/settore_di_applicazione?post=7130"}],"curies":[{"name":"wp","href":"https:\/\/api.w.org\/{rel}","templated":true}]}}