{"id":11266,"date":"2023-02-09T08:00:49","date_gmt":"2023-02-09T08:00:49","guid":{"rendered":"http:\/\/www.donatonigroup.com\/macchina\/z-1400\/"},"modified":"2023-12-19T16:53:49","modified_gmt":"2023-12-19T16:53:49","slug":"z-1400","status":"publish","type":"product","link":"https:\/\/www.donatonigroup.com\/es\/maquina\/z-1400\/","title":{"rendered":"Z 1400"},"content":{"rendered":"<h3>Estaciones de trabajo multifunci\u00f3n muy vers\u00e1tiles y de alta productividad.<\/h3>\n<p>DONATONI Z 1400 es una estaci\u00f3n de trabajo multifunci\u00f3n CNC de gran tama\u00f1o y control num\u00e9rico, con cinco\/seis ejes interpolados y carrera del eje Z de 1400mm. Es indicada para realizar elaboraciones de perfilado sencillas y complejas, rectil\u00edneas, c\u00f3ncavas, convexas, de arco, excavaciones de secci\u00f3n bidimensional y tridimensional, torneados de columnas, esculturas y cortes de cualquier tipo.<\/p>\n","protected":false},"excerpt":{"rendered":"<p>Estaciones de trabajo multifunci\u00f3n muy vers\u00e1tiles y de alta productividad. DONATONI Z 1400 es una estaci\u00f3n de trabajo multifunci\u00f3n CNC de gran tama\u00f1o y control num\u00e9rico, con cinco\/seis ejes interpolados y carrera del eje Z de 1400mm. Es indicada para realizar elaboraciones de perfilado sencillas y complejas, rectil\u00edneas, c\u00f3ncavas, convexas, de arco, excavaciones de secci\u00f3n [&hellip;]<\/p>\n","protected":false},"featured_media":9941,"template":"","meta":{"_et_pb_use_builder":"","_et_pb_old_content":"","_et_gb_content_width":""},"product_brand":[],"product_cat":[2215],"product_tag":[],"caratteristica":[2232,2233,2234,2237,2425,2426,2427],"serie":[2222],"settore_di_applicazione":[2208,2209,2210,2211],"class_list":{"0":"post-11266","1":"product","2":"type-product","3":"status-publish","4":"has-post-thumbnail","6":"product_cat-estaciones-de-corte-y-perfilado","7":"pa_assi-interpolati-5-es","8":"pa_consumo-acqua-50-es","9":"pa_consumo-aria-20-es","10":"pa_corsa-carrello-asse-x-4100-es","11":"pa_corsa-ponte-asse-y-3500-es","12":"pa_diametro-massimo-disco-1000-es","13":"pa_diametro-minimo-disco-500-es","14":"pa_dimensione-banco-2000x3500-es","15":"pa_disco-max-con-move2-825-es","16":"pa_disco-max-tastatore-lastra-825-es","17":"pa_inclinazione-testa-assea-20-200-es","18":"pa_peso-complessivo-macchina-5950-es","19":"pa_peso-tot-max-sollev-ventose-500-es","20":"pa_profondita-max-di-taglio-355-es","21":"pa_rotazione-testa-porta-disco-5-545-es","22":"pa_salita-discesa-assez-2000-es","23":"pa_tensione-elettrica-standard-40010-50-es","24":"pa_velocita-di-posiz-assi-x-y-0-37-es","25":"pa_velocita-max-carrello-asse-x-0-37-es","26":"pa_velocita-max-ponte-asse-y-0-37-es","27":"pa_velocita-max-teste-asse-z-0-12-es","28":"caratteristica-amplia-gama-de-accesorios-y-configuraciones","29":"caratteristica-flexibilidad-en-la-produccion","30":"caratteristica-tecnologia-cnc-precision-y-productividad","31":"caratteristica-sencilla-y-rapida-a-programar","32":"caratteristica-capacita-di-taglio-di-grossi-spessori-es","33":"caratteristica-estremamente-potente-es","34":"caratteristica-specifica-per-sagomature-e-scavi-es","35":"serie-z-series-es","36":"settore_di_applicazione-grandes-proyectos","37":"settore_di_applicazione-diseno-y-esculturas","38":"settore_di_applicazione-productos-para-la-construccion","39":"settore_di_applicazione-arte-funerario","41":"first","42":"instock","43":"shipping-taxable","44":"purchasable","45":"product-type-simple"},"acf":[],"yoast_head":"<!-- This site is optimized with the Yoast SEO plugin v25.8 - https:\/\/yoast.com\/wordpress\/plugins\/seo\/ -->\n<title>Z 1400 - Donatoni Group<\/title>\n<meta name=\"robots\" content=\"index, follow, max-snippet:-1, max-image-preview:large, max-video-preview:-1\" \/>\n<link rel=\"canonical\" href=\"https:\/\/www.donatonigroup.com\/es\/maquina\/z-1400\/\" \/>\n<meta property=\"og:locale\" content=\"es_ES\" \/>\n<meta property=\"og:type\" content=\"article\" \/>\n<meta property=\"og:title\" content=\"Z 1400 - Donatoni Group\" \/>\n<meta property=\"og:description\" content=\"Estaciones de trabajo multifunci\u00f3n muy vers\u00e1tiles y de alta productividad. DONATONI Z 1400 es una estaci\u00f3n de trabajo multifunci\u00f3n CNC de gran tama\u00f1o y control num\u00e9rico, con cinco\/seis ejes interpolados y carrera del eje Z de 1400mm. Es indicada para realizar elaboraciones de perfilado sencillas y complejas, rectil\u00edneas, c\u00f3ncavas, convexas, de arco, excavaciones de secci\u00f3n [&hellip;]\" \/>\n<meta property=\"og:url\" content=\"https:\/\/www.donatonigroup.com\/es\/maquina\/z-1400\/\" \/>\n<meta property=\"og:site_name\" content=\"Donatoni Group\" \/>\n<meta property=\"article:publisher\" content=\"https:\/\/www.facebook.com\/donatonimacchine\" \/>\n<meta property=\"article:modified_time\" content=\"2023-12-19T16:53:49+00:00\" \/>\n<meta property=\"og:image\" content=\"https:\/\/www.donatonigroup.com\/wp-content\/uploads\/2023\/02\/Z1400-1500x9352-1.png\" \/>\n\t<meta property=\"og:image:width\" content=\"1500\" \/>\n\t<meta property=\"og:image:height\" content=\"935\" \/>\n\t<meta property=\"og:image:type\" content=\"image\/png\" \/>\n<meta name=\"twitter:card\" content=\"summary_large_image\" \/>\n<meta name=\"twitter:label1\" content=\"Tiempo de lectura\" \/>\n\t<meta name=\"twitter:data1\" content=\"1 minuto\" \/>\n<script type=\"application\/ld+json\" class=\"yoast-schema-graph\">{\"@context\":\"https:\/\/schema.org\",\"@graph\":[{\"@type\":\"WebPage\",\"@id\":\"https:\/\/www.donatonigroup.com\/es\/maquina\/z-1400\/\",\"url\":\"https:\/\/www.donatonigroup.com\/es\/maquina\/z-1400\/\",\"name\":\"Z 1400 - Donatoni Group\",\"isPartOf\":{\"@id\":\"https:\/\/www.donatonigroup.com\/es\/#website\"},\"primaryImageOfPage\":{\"@id\":\"https:\/\/www.donatonigroup.com\/es\/maquina\/z-1400\/#primaryimage\"},\"image\":{\"@id\":\"https:\/\/www.donatonigroup.com\/es\/maquina\/z-1400\/#primaryimage\"},\"thumbnailUrl\":\"https:\/\/www.donatonigroup.com\/wp-content\/uploads\/2023\/02\/Z1400-1500x9352-1.png\",\"datePublished\":\"2023-02-09T08:00:49+00:00\",\"dateModified\":\"2023-12-19T16:53:49+00:00\",\"breadcrumb\":{\"@id\":\"https:\/\/www.donatonigroup.com\/es\/maquina\/z-1400\/#breadcrumb\"},\"inLanguage\":\"es\",\"potentialAction\":[{\"@type\":\"ReadAction\",\"target\":[\"https:\/\/www.donatonigroup.com\/es\/maquina\/z-1400\/\"]}]},{\"@type\":\"ImageObject\",\"inLanguage\":\"es\",\"@id\":\"https:\/\/www.donatonigroup.com\/es\/maquina\/z-1400\/#primaryimage\",\"url\":\"https:\/\/www.donatonigroup.com\/wp-content\/uploads\/2023\/02\/Z1400-1500x9352-1.png\",\"contentUrl\":\"https:\/\/www.donatonigroup.com\/wp-content\/uploads\/2023\/02\/Z1400-1500x9352-1.png\",\"width\":1500,\"height\":935},{\"@type\":\"BreadcrumbList\",\"@id\":\"https:\/\/www.donatonigroup.com\/es\/maquina\/z-1400\/#breadcrumb\",\"itemListElement\":[{\"@type\":\"ListItem\",\"position\":1,\"name\":\"Home\",\"item\":\"https:\/\/www.donatonigroup.com\/es\/\"},{\"@type\":\"ListItem\",\"position\":2,\"name\":\"Cat\u00e1logo de m\u00e1quinas\",\"item\":\"https:\/\/www.donatonigroup.com\/es\/catalogo-de-maquinas\/\"},{\"@type\":\"ListItem\",\"position\":3,\"name\":\"Z 1400\"}]},{\"@type\":\"WebSite\",\"@id\":\"https:\/\/www.donatonigroup.com\/es\/#website\",\"url\":\"https:\/\/www.donatonigroup.com\/es\/\",\"name\":\"Donatoni Group\",\"description\":\"\",\"publisher\":{\"@id\":\"https:\/\/www.donatonigroup.com\/es\/#organization\"},\"potentialAction\":[{\"@type\":\"SearchAction\",\"target\":{\"@type\":\"EntryPoint\",\"urlTemplate\":\"https:\/\/www.donatonigroup.com\/es\/?s={search_term_string}\"},\"query-input\":{\"@type\":\"PropertyValueSpecification\",\"valueRequired\":true,\"valueName\":\"search_term_string\"}}],\"inLanguage\":\"es\"},{\"@type\":\"Organization\",\"@id\":\"https:\/\/www.donatonigroup.com\/es\/#organization\",\"name\":\"Donatoni Group\",\"url\":\"https:\/\/www.donatonigroup.com\/es\/\",\"logo\":{\"@type\":\"ImageObject\",\"inLanguage\":\"es\",\"@id\":\"https:\/\/www.donatonigroup.com\/es\/#\/schema\/logo\/image\/\",\"url\":\"http:\/\/www.donatonigroup.com\/wp-content\/uploads\/2023\/02\/donatoni-logo.png\",\"contentUrl\":\"http:\/\/www.donatonigroup.com\/wp-content\/uploads\/2023\/02\/donatoni-logo.png\",\"width\":800,\"height\":112,\"caption\":\"Donatoni Group\"},\"image\":{\"@id\":\"https:\/\/www.donatonigroup.com\/es\/#\/schema\/logo\/image\/\"},\"sameAs\":[\"https:\/\/www.facebook.com\/donatonimacchine\",\"https:\/\/instagram.com\/donatonigroup\/\",\"https:\/\/www.linkedin.com\/company\/donatoni-macchine-s-r-l\"]}]}<\/script>\n<!-- \/ Yoast SEO plugin. -->","yoast_head_json":{"title":"Z 1400 - Donatoni Group","robots":{"index":"index","follow":"follow","max-snippet":"max-snippet:-1","max-image-preview":"max-image-preview:large","max-video-preview":"max-video-preview:-1"},"canonical":"https:\/\/www.donatonigroup.com\/es\/maquina\/z-1400\/","og_locale":"es_ES","og_type":"article","og_title":"Z 1400 - Donatoni Group","og_description":"Estaciones de trabajo multifunci\u00f3n muy vers\u00e1tiles y de alta productividad. DONATONI Z 1400 es una estaci\u00f3n de trabajo multifunci\u00f3n CNC de gran tama\u00f1o y control num\u00e9rico, con cinco\/seis ejes interpolados y carrera del eje Z de 1400mm. Es indicada para realizar elaboraciones de perfilado sencillas y complejas, rectil\u00edneas, c\u00f3ncavas, convexas, de arco, excavaciones de secci\u00f3n [&hellip;]","og_url":"https:\/\/www.donatonigroup.com\/es\/maquina\/z-1400\/","og_site_name":"Donatoni Group","article_publisher":"https:\/\/www.facebook.com\/donatonimacchine","article_modified_time":"2023-12-19T16:53:49+00:00","og_image":[{"width":1500,"height":935,"url":"https:\/\/www.donatonigroup.com\/wp-content\/uploads\/2023\/02\/Z1400-1500x9352-1.png","type":"image\/png"}],"twitter_card":"summary_large_image","twitter_misc":{"Tiempo de lectura":"1 minuto"},"schema":{"@context":"https:\/\/schema.org","@graph":[{"@type":"WebPage","@id":"https:\/\/www.donatonigroup.com\/es\/maquina\/z-1400\/","url":"https:\/\/www.donatonigroup.com\/es\/maquina\/z-1400\/","name":"Z 1400 - Donatoni Group","isPartOf":{"@id":"https:\/\/www.donatonigroup.com\/es\/#website"},"primaryImageOfPage":{"@id":"https:\/\/www.donatonigroup.com\/es\/maquina\/z-1400\/#primaryimage"},"image":{"@id":"https:\/\/www.donatonigroup.com\/es\/maquina\/z-1400\/#primaryimage"},"thumbnailUrl":"https:\/\/www.donatonigroup.com\/wp-content\/uploads\/2023\/02\/Z1400-1500x9352-1.png","datePublished":"2023-02-09T08:00:49+00:00","dateModified":"2023-12-19T16:53:49+00:00","breadcrumb":{"@id":"https:\/\/www.donatonigroup.com\/es\/maquina\/z-1400\/#breadcrumb"},"inLanguage":"es","potentialAction":[{"@type":"ReadAction","target":["https:\/\/www.donatonigroup.com\/es\/maquina\/z-1400\/"]}]},{"@type":"ImageObject","inLanguage":"es","@id":"https:\/\/www.donatonigroup.com\/es\/maquina\/z-1400\/#primaryimage","url":"https:\/\/www.donatonigroup.com\/wp-content\/uploads\/2023\/02\/Z1400-1500x9352-1.png","contentUrl":"https:\/\/www.donatonigroup.com\/wp-content\/uploads\/2023\/02\/Z1400-1500x9352-1.png","width":1500,"height":935},{"@type":"BreadcrumbList","@id":"https:\/\/www.donatonigroup.com\/es\/maquina\/z-1400\/#breadcrumb","itemListElement":[{"@type":"ListItem","position":1,"name":"Home","item":"https:\/\/www.donatonigroup.com\/es\/"},{"@type":"ListItem","position":2,"name":"Cat\u00e1logo de m\u00e1quinas","item":"https:\/\/www.donatonigroup.com\/es\/catalogo-de-maquinas\/"},{"@type":"ListItem","position":3,"name":"Z 1400"}]},{"@type":"WebSite","@id":"https:\/\/www.donatonigroup.com\/es\/#website","url":"https:\/\/www.donatonigroup.com\/es\/","name":"Donatoni Group","description":"","publisher":{"@id":"https:\/\/www.donatonigroup.com\/es\/#organization"},"potentialAction":[{"@type":"SearchAction","target":{"@type":"EntryPoint","urlTemplate":"https:\/\/www.donatonigroup.com\/es\/?s={search_term_string}"},"query-input":{"@type":"PropertyValueSpecification","valueRequired":true,"valueName":"search_term_string"}}],"inLanguage":"es"},{"@type":"Organization","@id":"https:\/\/www.donatonigroup.com\/es\/#organization","name":"Donatoni Group","url":"https:\/\/www.donatonigroup.com\/es\/","logo":{"@type":"ImageObject","inLanguage":"es","@id":"https:\/\/www.donatonigroup.com\/es\/#\/schema\/logo\/image\/","url":"http:\/\/www.donatonigroup.com\/wp-content\/uploads\/2023\/02\/donatoni-logo.png","contentUrl":"http:\/\/www.donatonigroup.com\/wp-content\/uploads\/2023\/02\/donatoni-logo.png","width":800,"height":112,"caption":"Donatoni Group"},"image":{"@id":"https:\/\/www.donatonigroup.com\/es\/#\/schema\/logo\/image\/"},"sameAs":["https:\/\/www.facebook.com\/donatonimacchine","https:\/\/instagram.com\/donatonigroup\/","https:\/\/www.linkedin.com\/company\/donatoni-macchine-s-r-l"]}]}},"_links":{"self":[{"href":"https:\/\/www.donatonigroup.com\/es\/wp-json\/wp\/v2\/product\/11266","targetHints":{"allow":["GET"]}}],"collection":[{"href":"https:\/\/www.donatonigroup.com\/es\/wp-json\/wp\/v2\/product"}],"about":[{"href":"https:\/\/www.donatonigroup.com\/es\/wp-json\/wp\/v2\/types\/product"}],"wp:featuredmedia":[{"embeddable":true,"href":"https:\/\/www.donatonigroup.com\/es\/wp-json\/wp\/v2\/media\/9941"}],"wp:attachment":[{"href":"https:\/\/www.donatonigroup.com\/es\/wp-json\/wp\/v2\/media?parent=11266"}],"wp:term":[{"taxonomy":"product_brand","embeddable":true,"href":"https:\/\/www.donatonigroup.com\/es\/wp-json\/wp\/v2\/product_brand?post=11266"},{"taxonomy":"product_cat","embeddable":true,"href":"https:\/\/www.donatonigroup.com\/es\/wp-json\/wp\/v2\/product_cat?post=11266"},{"taxonomy":"product_tag","embeddable":true,"href":"https:\/\/www.donatonigroup.com\/es\/wp-json\/wp\/v2\/product_tag?post=11266"},{"taxonomy":"caratteristica","embeddable":true,"href":"https:\/\/www.donatonigroup.com\/es\/wp-json\/wp\/v2\/caratteristica?post=11266"},{"taxonomy":"serie","embeddable":true,"href":"https:\/\/www.donatonigroup.com\/es\/wp-json\/wp\/v2\/serie?post=11266"},{"taxonomy":"settore_di_applicazione","embeddable":true,"href":"https:\/\/www.donatonigroup.com\/es\/wp-json\/wp\/v2\/settore_di_applicazione?post=11266"}],"curies":[{"name":"wp","href":"https:\/\/api.w.org\/{rel}","templated":true}]}}