{"id":11280,"date":"2023-02-08T14:52:54","date_gmt":"2023-02-08T14:52:54","guid":{"rendered":"http:\/\/www.donatonigroup.com\/macchina\/d825-q\/"},"modified":"2023-12-05T11:23:18","modified_gmt":"2023-12-05T11:23:18","slug":"d825-q","status":"publish","type":"product","link":"https:\/\/www.donatonigroup.com\/es\/maquina\/d825-q\/","title":{"rendered":"D 825 Q"},"content":{"rendered":"<div data-el-id=\"92f7053c-3684-4d32-95f3-e665d0121a7a\">\n<div data-el-id=\"92f7053c-3684-4d32-95f3-e665d0121a7a-txt\">\n<div class=\"machine-template__description-title\">\n<h3 class=\"machine-template__description-title-text\">Amplia gama que satisface las distintas necesidades de corte<\/h3>\n<\/div>\n<\/div>\n<\/div>\n<div data-el-id=\"cdb8144e-2e9b-4c2b-a094-d7c4860bf315\">\n<div data-el-id=\"cdb8144e-2e9b-4c2b-a094-d7c4860bf315-txt\">\n<div class=\"machine-template__description-description\"><strong>DONATONI D825 Q<\/strong> es una fresa de puente de control num\u00e9rico de cinco\/seis ejes interpolados especialmente flexible y extremadamente poderosa, indicada para la producci\u00f3n de distintos tipos de productos como encimeras para cocina, encimeras para cuarto de ba\u00f1o, platos de ducha, grabados y bajorrelieves y diferentes tipos de revestimientos para la construcci\u00f3n, de m\u00e1rmol, granito, cer\u00e1mica y piedra artificial. Es una m\u00e1quina que permite realizar principalmente cortes de hasta 300mm de profundidad y perfiles sencillos y complejos. La lubricaci\u00f3n de las gu\u00edas de deslizamiento es en ba\u00f1o de aceite (ejes X e Y).<\/div>\n<\/div>\n<\/div>\n","protected":false},"excerpt":{"rendered":"<p>Amplia gama que satisface las distintas necesidades de corte DONATONI D825 Q es una fresa de puente de control num\u00e9rico de cinco\/seis ejes interpolados especialmente flexible y extremadamente poderosa, indicada para la producci\u00f3n de distintos tipos de productos como encimeras para cocina, encimeras para cuarto de ba\u00f1o, platos de ducha, grabados y bajorrelieves y diferentes [&hellip;]<\/p>\n","protected":false},"featured_media":10979,"template":"","meta":{"_et_pb_use_builder":"","_et_pb_old_content":"","_et_gb_content_width":""},"product_brand":[],"product_cat":[2214],"product_tag":[],"caratteristica":[2232,2233,2234,2235,2236,2237,2469],"serie":[2223],"settore_di_applicazione":[2206,2208,2209,2210,2211],"class_list":{"0":"post-11280","1":"product","2":"type-product","3":"status-publish","4":"has-post-thumbnail","6":"product_cat-cortadoras-de-puente-cnc","7":"pa_assi-interpolati-5-es","8":"pa_consumo-acqua-50-es","9":"pa_consumo-aria-20-es","10":"pa_coppia-motore-elettro-tool-1514-s6-es","11":"pa_corsa-carrello-asse-x-3800-es","12":"pa_corsa-ponte-asse-y-2950-es","13":"pa_corsa-tastatore-lastra-300-es","14":"pa_corsa-ventose-295-es","15":"pa_diametro-albero-mandrino-50-es","16":"pa_diametro-massimo-disco-850-es","17":"pa_diametro-minimo-disco-350-es","18":"pa_dimensione-banco-3500x2000-es","19":"pa_disco-max-tastatore-lastra-725-es","20":"pa_disco-max-uso-ventose-725-es","21":"pa_inclinazione-testa-assea-0-90-es","22":"pa_peso-complessivo-macchina-4800-es","23":"pa_peso-tot-max-sollev-ventose-600-es","24":"pa_potenza-elettromandrino-22-s6-es","25":"pa_potenza-totale-installata-37-es","26":"pa_profondita-max-di-taglio-310-es","27":"pa_range-vel-elettromandrino-t-0-5500-es","28":"pa_rotazione-testa-porta-disco-5-365-es","29":"pa_salita-discesa-assez-800-es","30":"pa_tensione-elettrica-standard-40010-50-es","31":"pa_velocita-max-carrello-asse-x-0-45-es","32":"pa_velocita-max-ponte-asse-y-0-45-es","33":"pa_velocita-max-teste-asse-z-0-6-es","34":"caratteristica-amplia-gama-de-accesorios-y-configuraciones","35":"caratteristica-flexibilidad-en-la-produccion","36":"caratteristica-tecnologia-cnc-precision-y-productividad","37":"caratteristica-espacio-ocupado-reducido","38":"caratteristica-amplia-gama-de-elaboraciones","39":"caratteristica-sencilla-y-rapida-a-programar","40":"caratteristica-elevata-qualita-dei-materiali-utilizzati-es","41":"serie-d-series-es","42":"settore_di_applicazione-encimeras-de-cocina-y-para-cuarto-de-bano","43":"settore_di_applicazione-grandes-proyectos","44":"settore_di_applicazione-diseno-y-esculturas","45":"settore_di_applicazione-productos-para-la-construccion","46":"settore_di_applicazione-arte-funerario","48":"first","49":"instock","50":"shipping-taxable","51":"purchasable","52":"product-type-simple"},"acf":[],"yoast_head":"<!-- This site is optimized with the Yoast SEO plugin v25.8 - https:\/\/yoast.com\/wordpress\/plugins\/seo\/ -->\n<title>D 825 Q - Donatoni Group<\/title>\n<meta name=\"robots\" content=\"index, follow, max-snippet:-1, max-image-preview:large, max-video-preview:-1\" \/>\n<link rel=\"canonical\" href=\"https:\/\/www.donatonigroup.com\/es\/maquina\/d825-q\/\" \/>\n<meta property=\"og:locale\" content=\"es_ES\" \/>\n<meta property=\"og:type\" content=\"article\" \/>\n<meta property=\"og:title\" content=\"D 825 Q - Donatoni Group\" \/>\n<meta property=\"og:description\" content=\"Amplia gama que satisface las distintas necesidades de corte DONATONI D825 Q es una fresa de puente de control num\u00e9rico de cinco\/seis ejes interpolados especialmente flexible y extremadamente poderosa, indicada para la producci\u00f3n de distintos tipos de productos como encimeras para cocina, encimeras para cuarto de ba\u00f1o, platos de ducha, grabados y bajorrelieves y diferentes [&hellip;]\" \/>\n<meta property=\"og:url\" content=\"https:\/\/www.donatonigroup.com\/es\/maquina\/d825-q\/\" \/>\n<meta property=\"og:site_name\" content=\"Donatoni Group\" \/>\n<meta property=\"article:publisher\" content=\"https:\/\/www.facebook.com\/donatonimacchine\" \/>\n<meta property=\"article:modified_time\" content=\"2023-12-05T11:23:18+00:00\" \/>\n<meta property=\"og:image\" content=\"https:\/\/www.donatonigroup.com\/wp-content\/uploads\/2023\/02\/D825Q-1500x9352-1.png\" \/>\n\t<meta property=\"og:image:width\" content=\"1500\" \/>\n\t<meta property=\"og:image:height\" content=\"935\" \/>\n\t<meta property=\"og:image:type\" content=\"image\/png\" \/>\n<meta name=\"twitter:card\" content=\"summary_large_image\" \/>\n<meta name=\"twitter:label1\" content=\"Tiempo de lectura\" \/>\n\t<meta name=\"twitter:data1\" content=\"1 minuto\" \/>\n<script type=\"application\/ld+json\" class=\"yoast-schema-graph\">{\"@context\":\"https:\/\/schema.org\",\"@graph\":[{\"@type\":\"WebPage\",\"@id\":\"https:\/\/www.donatonigroup.com\/es\/maquina\/d825-q\/\",\"url\":\"https:\/\/www.donatonigroup.com\/es\/maquina\/d825-q\/\",\"name\":\"D 825 Q - Donatoni Group\",\"isPartOf\":{\"@id\":\"https:\/\/www.donatonigroup.com\/es\/#website\"},\"primaryImageOfPage\":{\"@id\":\"https:\/\/www.donatonigroup.com\/es\/maquina\/d825-q\/#primaryimage\"},\"image\":{\"@id\":\"https:\/\/www.donatonigroup.com\/es\/maquina\/d825-q\/#primaryimage\"},\"thumbnailUrl\":\"https:\/\/www.donatonigroup.com\/wp-content\/uploads\/2023\/02\/D825Q-1500x9352-1.png\",\"datePublished\":\"2023-02-08T14:52:54+00:00\",\"dateModified\":\"2023-12-05T11:23:18+00:00\",\"breadcrumb\":{\"@id\":\"https:\/\/www.donatonigroup.com\/es\/maquina\/d825-q\/#breadcrumb\"},\"inLanguage\":\"es\",\"potentialAction\":[{\"@type\":\"ReadAction\",\"target\":[\"https:\/\/www.donatonigroup.com\/es\/maquina\/d825-q\/\"]}]},{\"@type\":\"ImageObject\",\"inLanguage\":\"es\",\"@id\":\"https:\/\/www.donatonigroup.com\/es\/maquina\/d825-q\/#primaryimage\",\"url\":\"https:\/\/www.donatonigroup.com\/wp-content\/uploads\/2023\/02\/D825Q-1500x9352-1.png\",\"contentUrl\":\"https:\/\/www.donatonigroup.com\/wp-content\/uploads\/2023\/02\/D825Q-1500x9352-1.png\",\"width\":1500,\"height\":935},{\"@type\":\"BreadcrumbList\",\"@id\":\"https:\/\/www.donatonigroup.com\/es\/maquina\/d825-q\/#breadcrumb\",\"itemListElement\":[{\"@type\":\"ListItem\",\"position\":1,\"name\":\"Home\",\"item\":\"https:\/\/www.donatonigroup.com\/es\/\"},{\"@type\":\"ListItem\",\"position\":2,\"name\":\"Cat\u00e1logo de m\u00e1quinas\",\"item\":\"https:\/\/www.donatonigroup.com\/es\/catalogo-de-maquinas\/\"},{\"@type\":\"ListItem\",\"position\":3,\"name\":\"D 825 Q\"}]},{\"@type\":\"WebSite\",\"@id\":\"https:\/\/www.donatonigroup.com\/es\/#website\",\"url\":\"https:\/\/www.donatonigroup.com\/es\/\",\"name\":\"Donatoni Group\",\"description\":\"\",\"publisher\":{\"@id\":\"https:\/\/www.donatonigroup.com\/es\/#organization\"},\"potentialAction\":[{\"@type\":\"SearchAction\",\"target\":{\"@type\":\"EntryPoint\",\"urlTemplate\":\"https:\/\/www.donatonigroup.com\/es\/?s={search_term_string}\"},\"query-input\":{\"@type\":\"PropertyValueSpecification\",\"valueRequired\":true,\"valueName\":\"search_term_string\"}}],\"inLanguage\":\"es\"},{\"@type\":\"Organization\",\"@id\":\"https:\/\/www.donatonigroup.com\/es\/#organization\",\"name\":\"Donatoni Group\",\"url\":\"https:\/\/www.donatonigroup.com\/es\/\",\"logo\":{\"@type\":\"ImageObject\",\"inLanguage\":\"es\",\"@id\":\"https:\/\/www.donatonigroup.com\/es\/#\/schema\/logo\/image\/\",\"url\":\"http:\/\/www.donatonigroup.com\/wp-content\/uploads\/2023\/02\/donatoni-logo.png\",\"contentUrl\":\"http:\/\/www.donatonigroup.com\/wp-content\/uploads\/2023\/02\/donatoni-logo.png\",\"width\":800,\"height\":112,\"caption\":\"Donatoni Group\"},\"image\":{\"@id\":\"https:\/\/www.donatonigroup.com\/es\/#\/schema\/logo\/image\/\"},\"sameAs\":[\"https:\/\/www.facebook.com\/donatonimacchine\",\"https:\/\/instagram.com\/donatonigroup\/\",\"https:\/\/www.linkedin.com\/company\/donatoni-macchine-s-r-l\"]}]}<\/script>\n<!-- \/ Yoast SEO plugin. -->","yoast_head_json":{"title":"D 825 Q - Donatoni Group","robots":{"index":"index","follow":"follow","max-snippet":"max-snippet:-1","max-image-preview":"max-image-preview:large","max-video-preview":"max-video-preview:-1"},"canonical":"https:\/\/www.donatonigroup.com\/es\/maquina\/d825-q\/","og_locale":"es_ES","og_type":"article","og_title":"D 825 Q - Donatoni Group","og_description":"Amplia gama que satisface las distintas necesidades de corte DONATONI D825 Q es una fresa de puente de control num\u00e9rico de cinco\/seis ejes interpolados especialmente flexible y extremadamente poderosa, indicada para la producci\u00f3n de distintos tipos de productos como encimeras para cocina, encimeras para cuarto de ba\u00f1o, platos de ducha, grabados y bajorrelieves y diferentes [&hellip;]","og_url":"https:\/\/www.donatonigroup.com\/es\/maquina\/d825-q\/","og_site_name":"Donatoni Group","article_publisher":"https:\/\/www.facebook.com\/donatonimacchine","article_modified_time":"2023-12-05T11:23:18+00:00","og_image":[{"width":1500,"height":935,"url":"https:\/\/www.donatonigroup.com\/wp-content\/uploads\/2023\/02\/D825Q-1500x9352-1.png","type":"image\/png"}],"twitter_card":"summary_large_image","twitter_misc":{"Tiempo de lectura":"1 minuto"},"schema":{"@context":"https:\/\/schema.org","@graph":[{"@type":"WebPage","@id":"https:\/\/www.donatonigroup.com\/es\/maquina\/d825-q\/","url":"https:\/\/www.donatonigroup.com\/es\/maquina\/d825-q\/","name":"D 825 Q - Donatoni Group","isPartOf":{"@id":"https:\/\/www.donatonigroup.com\/es\/#website"},"primaryImageOfPage":{"@id":"https:\/\/www.donatonigroup.com\/es\/maquina\/d825-q\/#primaryimage"},"image":{"@id":"https:\/\/www.donatonigroup.com\/es\/maquina\/d825-q\/#primaryimage"},"thumbnailUrl":"https:\/\/www.donatonigroup.com\/wp-content\/uploads\/2023\/02\/D825Q-1500x9352-1.png","datePublished":"2023-02-08T14:52:54+00:00","dateModified":"2023-12-05T11:23:18+00:00","breadcrumb":{"@id":"https:\/\/www.donatonigroup.com\/es\/maquina\/d825-q\/#breadcrumb"},"inLanguage":"es","potentialAction":[{"@type":"ReadAction","target":["https:\/\/www.donatonigroup.com\/es\/maquina\/d825-q\/"]}]},{"@type":"ImageObject","inLanguage":"es","@id":"https:\/\/www.donatonigroup.com\/es\/maquina\/d825-q\/#primaryimage","url":"https:\/\/www.donatonigroup.com\/wp-content\/uploads\/2023\/02\/D825Q-1500x9352-1.png","contentUrl":"https:\/\/www.donatonigroup.com\/wp-content\/uploads\/2023\/02\/D825Q-1500x9352-1.png","width":1500,"height":935},{"@type":"BreadcrumbList","@id":"https:\/\/www.donatonigroup.com\/es\/maquina\/d825-q\/#breadcrumb","itemListElement":[{"@type":"ListItem","position":1,"name":"Home","item":"https:\/\/www.donatonigroup.com\/es\/"},{"@type":"ListItem","position":2,"name":"Cat\u00e1logo de m\u00e1quinas","item":"https:\/\/www.donatonigroup.com\/es\/catalogo-de-maquinas\/"},{"@type":"ListItem","position":3,"name":"D 825 Q"}]},{"@type":"WebSite","@id":"https:\/\/www.donatonigroup.com\/es\/#website","url":"https:\/\/www.donatonigroup.com\/es\/","name":"Donatoni Group","description":"","publisher":{"@id":"https:\/\/www.donatonigroup.com\/es\/#organization"},"potentialAction":[{"@type":"SearchAction","target":{"@type":"EntryPoint","urlTemplate":"https:\/\/www.donatonigroup.com\/es\/?s={search_term_string}"},"query-input":{"@type":"PropertyValueSpecification","valueRequired":true,"valueName":"search_term_string"}}],"inLanguage":"es"},{"@type":"Organization","@id":"https:\/\/www.donatonigroup.com\/es\/#organization","name":"Donatoni Group","url":"https:\/\/www.donatonigroup.com\/es\/","logo":{"@type":"ImageObject","inLanguage":"es","@id":"https:\/\/www.donatonigroup.com\/es\/#\/schema\/logo\/image\/","url":"http:\/\/www.donatonigroup.com\/wp-content\/uploads\/2023\/02\/donatoni-logo.png","contentUrl":"http:\/\/www.donatonigroup.com\/wp-content\/uploads\/2023\/02\/donatoni-logo.png","width":800,"height":112,"caption":"Donatoni Group"},"image":{"@id":"https:\/\/www.donatonigroup.com\/es\/#\/schema\/logo\/image\/"},"sameAs":["https:\/\/www.facebook.com\/donatonimacchine","https:\/\/instagram.com\/donatonigroup\/","https:\/\/www.linkedin.com\/company\/donatoni-macchine-s-r-l"]}]}},"_links":{"self":[{"href":"https:\/\/www.donatonigroup.com\/es\/wp-json\/wp\/v2\/product\/11280","targetHints":{"allow":["GET"]}}],"collection":[{"href":"https:\/\/www.donatonigroup.com\/es\/wp-json\/wp\/v2\/product"}],"about":[{"href":"https:\/\/www.donatonigroup.com\/es\/wp-json\/wp\/v2\/types\/product"}],"wp:featuredmedia":[{"embeddable":true,"href":"https:\/\/www.donatonigroup.com\/es\/wp-json\/wp\/v2\/media\/10979"}],"wp:attachment":[{"href":"https:\/\/www.donatonigroup.com\/es\/wp-json\/wp\/v2\/media?parent=11280"}],"wp:term":[{"taxonomy":"product_brand","embeddable":true,"href":"https:\/\/www.donatonigroup.com\/es\/wp-json\/wp\/v2\/product_brand?post=11280"},{"taxonomy":"product_cat","embeddable":true,"href":"https:\/\/www.donatonigroup.com\/es\/wp-json\/wp\/v2\/product_cat?post=11280"},{"taxonomy":"product_tag","embeddable":true,"href":"https:\/\/www.donatonigroup.com\/es\/wp-json\/wp\/v2\/product_tag?post=11280"},{"taxonomy":"caratteristica","embeddable":true,"href":"https:\/\/www.donatonigroup.com\/es\/wp-json\/wp\/v2\/caratteristica?post=11280"},{"taxonomy":"serie","embeddable":true,"href":"https:\/\/www.donatonigroup.com\/es\/wp-json\/wp\/v2\/serie?post=11280"},{"taxonomy":"settore_di_applicazione","embeddable":true,"href":"https:\/\/www.donatonigroup.com\/es\/wp-json\/wp\/v2\/settore_di_applicazione?post=11280"}],"curies":[{"name":"wp","href":"https:\/\/api.w.org\/{rel}","templated":true}]}}