{"id":11316,"date":"2023-02-09T08:56:40","date_gmt":"2023-02-09T08:56:40","guid":{"rendered":"http:\/\/www.donatonigroup.com\/macchina\/belt-s2\/"},"modified":"2023-12-05T11:54:02","modified_gmt":"2023-12-05T11:54:02","slug":"belt-s2","status":"publish","type":"product","link":"https:\/\/www.donatonigroup.com\/es\/maquina\/belt-s2\/","title":{"rendered":"BELT S2"},"content":{"rendered":"<div lang=\"it\" data-el-id=\"d31d121e-0890-42d7-a900-7fa109faf237\">\n<div lang=\"it\" data-el-id=\"d31d121e-0890-42d7-a900-7fa109faf237-txt\">\n<div class=\"machine-template__description-title\">\n<h3 class=\"machine-template__description-title-text\">Indicadas para la producci\u00f3n en serie de distintos tipos de productos.<\/h3>\n<\/div>\n<\/div>\n<\/div>\n<div lang=\"it\" data-el-id=\"c20b1ed3-7960-4862-b571-8985fcb045ec\">\n<div lang=\"it\" data-el-id=\"c20b1ed3-7960-4862-b571-8985fcb045ec-txt\">\n<div class=\"machine-template__description-description\"><strong>DONATONI BELT S2<\/strong> es una fresa de puente de control num\u00e9rico, con <strong>5 ejes interpolados<\/strong>, especialmente vers\u00e1til y eficiente, indicada para la <strong>producci\u00f3n en serie<\/strong> de distintos tipos de productos de m\u00e1rmol, granito, cer\u00e1mica y piedra artificial. Permite una amplia gama de elaboraciones, desde el corte hasta 250mm de profundidad, hasta el fresado y la perforaci\u00f3n; gracias a un sinn\u00famero de accesorios, es posible realizar estas elaboraciones contempor\u00e1neamente sin el desplazamiento de la pieza desde el banco, o paradas prolongadas de la m\u00e1quina.<\/div>\n<\/div>\n<\/div>\n","protected":false},"excerpt":{"rendered":"<p>Indicadas para la producci\u00f3n en serie de distintos tipos de productos. DONATONI BELT S2 es una fresa de puente de control num\u00e9rico, con 5 ejes interpolados, especialmente vers\u00e1til y eficiente, indicada para la producci\u00f3n en serie de distintos tipos de productos de m\u00e1rmol, granito, cer\u00e1mica y piedra artificial. Permite una amplia gama de elaboraciones, desde [&hellip;]<\/p>\n","protected":false},"featured_media":10982,"template":"","meta":{"_et_pb_use_builder":"","_et_pb_old_content":"","_et_gb_content_width":""},"product_brand":[],"product_cat":[2216],"product_tag":[],"caratteristica":[2232,2233,2234,2237,2544,2545],"serie":[2224],"settore_di_applicazione":[2206,2207,2210],"class_list":{"0":"post-11316","1":"product","2":"type-product","3":"status-publish","4":"has-post-thumbnail","6":"product_cat-lineas-de-alta-productividad","7":"pa_assi-interpolati-5-es","8":"pa_consumo-acqua-50-es","9":"pa_consumo-aria-20-es","10":"pa_coppia-motore-elettro-tool-1216-s6-es","11":"pa_corsa-carrello-asse-x-3700-es","12":"pa_corsa-ponte-asse-y-2900-es","13":"pa_corsa-tastatore-lastra-300-es","14":"pa_corsa-ventose-295-es","15":"pa_diametro-albero-mandrino-50-es","16":"pa_diametro-massimo-disco-750-es","17":"pa_diametro-minimo-disco-350-es","18":"pa_dim-nastro-taglio-scar-6200x2400-es","19":"pa_dim-nastro-taglio-scar-7000x2400-es","20":"pa_dim-nastro-taglio-scarico-4000x2400-es","21":"pa_dim-nastro-taglio-scarico-6200x2400-es","22":"pa_dimensioni-nastro-di-taglio-10700x2400-es","23":"pa_disco-max-tastatore-lastra-725-es","24":"pa_disco-max-uso-ventose-725-es","25":"pa_inclinazione-testa-assea-0-90-es","26":"pa_peso-complessivo-macchina-13800-es","27":"pa_peso-max-nastro-4000-es","28":"pa_peso-tot-max-sollev-ventose-500-es","29":"pa_potenza-motore-tool-177-s6-es","30":"pa_potenza-totale-installata-38-es","31":"pa_profondita-max-di-taglio-250-es","32":"pa_range-vel-elettromandrino-t-0-5500-es","33":"pa_ripetibilita-posiz-asse-x-0-15-es","34":"pa_ripetibilita-posiz-asse-y-0-15-es","35":"pa_ripetibilita-posiz-asse-z-0-15-es","36":"pa_rotazione-testa-porta-disco-5-365-es","37":"pa_salita-discesa-assez-550-es","38":"pa_tensione-elettrica-standard-40010-50-es","39":"pa_velocita-max-carrello-asse-x-0-40-es","40":"pa_velocita-max-nastro-20-es","41":"pa_velocita-max-ponte-asse-y-0-30-es","42":"pa_velocita-max-teste-asse-z-0-5-es","43":"caratteristica-amplia-gama-de-accesorios-y-configuraciones","44":"caratteristica-flexibilidad-en-la-produccion","45":"caratteristica-tecnologia-cnc-precision-y-productividad","46":"caratteristica-sencilla-y-rapida-a-programar","47":"caratteristica-elevata-produttivita-es","48":"caratteristica-ideale-per-produrre-in-serie-es","49":"serie-belt-series-es","50":"settore_di_applicazione-encimeras-de-cocina-y-para-cuarto-de-bano","51":"settore_di_applicazione-pavimentaciones-y-revestimientos","52":"settore_di_applicazione-productos-para-la-construccion","54":"first","55":"instock","56":"shipping-taxable","57":"purchasable","58":"product-type-simple"},"acf":[],"yoast_head":"<!-- This site is optimized with the Yoast SEO plugin v25.8 - https:\/\/yoast.com\/wordpress\/plugins\/seo\/ -->\n<title>BELT S2 - Donatoni Group<\/title>\n<meta name=\"robots\" content=\"index, follow, max-snippet:-1, max-image-preview:large, max-video-preview:-1\" \/>\n<link rel=\"canonical\" href=\"https:\/\/www.donatonigroup.com\/es\/maquina\/belt-s2\/\" \/>\n<meta property=\"og:locale\" content=\"es_ES\" \/>\n<meta property=\"og:type\" content=\"article\" \/>\n<meta property=\"og:title\" content=\"BELT S2 - Donatoni Group\" \/>\n<meta property=\"og:description\" content=\"Indicadas para la producci\u00f3n en serie de distintos tipos de productos. DONATONI BELT S2 es una fresa de puente de control num\u00e9rico, con 5 ejes interpolados, especialmente vers\u00e1til y eficiente, indicada para la producci\u00f3n en serie de distintos tipos de productos de m\u00e1rmol, granito, cer\u00e1mica y piedra artificial. Permite una amplia gama de elaboraciones, desde [&hellip;]\" \/>\n<meta property=\"og:url\" content=\"https:\/\/www.donatonigroup.com\/es\/maquina\/belt-s2\/\" \/>\n<meta property=\"og:site_name\" content=\"Donatoni Group\" \/>\n<meta property=\"article:publisher\" content=\"https:\/\/www.facebook.com\/donatonimacchine\" \/>\n<meta property=\"article:modified_time\" content=\"2023-12-05T11:54:02+00:00\" \/>\n<meta property=\"og:image\" content=\"https:\/\/www.donatonigroup.com\/wp-content\/uploads\/2023\/02\/Belt-s2-1500x9352-1.png\" \/>\n\t<meta property=\"og:image:width\" content=\"1500\" \/>\n\t<meta property=\"og:image:height\" content=\"935\" \/>\n\t<meta property=\"og:image:type\" content=\"image\/png\" \/>\n<meta name=\"twitter:card\" content=\"summary_large_image\" \/>\n<meta name=\"twitter:label1\" content=\"Tiempo de lectura\" \/>\n\t<meta name=\"twitter:data1\" content=\"1 minuto\" \/>\n<script type=\"application\/ld+json\" class=\"yoast-schema-graph\">{\"@context\":\"https:\/\/schema.org\",\"@graph\":[{\"@type\":\"WebPage\",\"@id\":\"https:\/\/www.donatonigroup.com\/es\/maquina\/belt-s2\/\",\"url\":\"https:\/\/www.donatonigroup.com\/es\/maquina\/belt-s2\/\",\"name\":\"BELT S2 - Donatoni Group\",\"isPartOf\":{\"@id\":\"https:\/\/www.donatonigroup.com\/es\/#website\"},\"primaryImageOfPage\":{\"@id\":\"https:\/\/www.donatonigroup.com\/es\/maquina\/belt-s2\/#primaryimage\"},\"image\":{\"@id\":\"https:\/\/www.donatonigroup.com\/es\/maquina\/belt-s2\/#primaryimage\"},\"thumbnailUrl\":\"https:\/\/www.donatonigroup.com\/wp-content\/uploads\/2023\/02\/Belt-s2-1500x9352-1.png\",\"datePublished\":\"2023-02-09T08:56:40+00:00\",\"dateModified\":\"2023-12-05T11:54:02+00:00\",\"breadcrumb\":{\"@id\":\"https:\/\/www.donatonigroup.com\/es\/maquina\/belt-s2\/#breadcrumb\"},\"inLanguage\":\"es\",\"potentialAction\":[{\"@type\":\"ReadAction\",\"target\":[\"https:\/\/www.donatonigroup.com\/es\/maquina\/belt-s2\/\"]}]},{\"@type\":\"ImageObject\",\"inLanguage\":\"es\",\"@id\":\"https:\/\/www.donatonigroup.com\/es\/maquina\/belt-s2\/#primaryimage\",\"url\":\"https:\/\/www.donatonigroup.com\/wp-content\/uploads\/2023\/02\/Belt-s2-1500x9352-1.png\",\"contentUrl\":\"https:\/\/www.donatonigroup.com\/wp-content\/uploads\/2023\/02\/Belt-s2-1500x9352-1.png\",\"width\":1500,\"height\":935},{\"@type\":\"BreadcrumbList\",\"@id\":\"https:\/\/www.donatonigroup.com\/es\/maquina\/belt-s2\/#breadcrumb\",\"itemListElement\":[{\"@type\":\"ListItem\",\"position\":1,\"name\":\"Home\",\"item\":\"https:\/\/www.donatonigroup.com\/es\/\"},{\"@type\":\"ListItem\",\"position\":2,\"name\":\"Cat\u00e1logo de m\u00e1quinas\",\"item\":\"https:\/\/www.donatonigroup.com\/es\/catalogo-de-maquinas\/\"},{\"@type\":\"ListItem\",\"position\":3,\"name\":\"BELT S2\"}]},{\"@type\":\"WebSite\",\"@id\":\"https:\/\/www.donatonigroup.com\/es\/#website\",\"url\":\"https:\/\/www.donatonigroup.com\/es\/\",\"name\":\"Donatoni Group\",\"description\":\"\",\"publisher\":{\"@id\":\"https:\/\/www.donatonigroup.com\/es\/#organization\"},\"potentialAction\":[{\"@type\":\"SearchAction\",\"target\":{\"@type\":\"EntryPoint\",\"urlTemplate\":\"https:\/\/www.donatonigroup.com\/es\/?s={search_term_string}\"},\"query-input\":{\"@type\":\"PropertyValueSpecification\",\"valueRequired\":true,\"valueName\":\"search_term_string\"}}],\"inLanguage\":\"es\"},{\"@type\":\"Organization\",\"@id\":\"https:\/\/www.donatonigroup.com\/es\/#organization\",\"name\":\"Donatoni Group\",\"url\":\"https:\/\/www.donatonigroup.com\/es\/\",\"logo\":{\"@type\":\"ImageObject\",\"inLanguage\":\"es\",\"@id\":\"https:\/\/www.donatonigroup.com\/es\/#\/schema\/logo\/image\/\",\"url\":\"http:\/\/www.donatonigroup.com\/wp-content\/uploads\/2023\/02\/donatoni-logo.png\",\"contentUrl\":\"http:\/\/www.donatonigroup.com\/wp-content\/uploads\/2023\/02\/donatoni-logo.png\",\"width\":800,\"height\":112,\"caption\":\"Donatoni Group\"},\"image\":{\"@id\":\"https:\/\/www.donatonigroup.com\/es\/#\/schema\/logo\/image\/\"},\"sameAs\":[\"https:\/\/www.facebook.com\/donatonimacchine\",\"https:\/\/instagram.com\/donatonigroup\/\",\"https:\/\/www.linkedin.com\/company\/donatoni-macchine-s-r-l\"]}]}<\/script>\n<!-- \/ Yoast SEO plugin. -->","yoast_head_json":{"title":"BELT S2 - Donatoni Group","robots":{"index":"index","follow":"follow","max-snippet":"max-snippet:-1","max-image-preview":"max-image-preview:large","max-video-preview":"max-video-preview:-1"},"canonical":"https:\/\/www.donatonigroup.com\/es\/maquina\/belt-s2\/","og_locale":"es_ES","og_type":"article","og_title":"BELT S2 - Donatoni Group","og_description":"Indicadas para la producci\u00f3n en serie de distintos tipos de productos. DONATONI BELT S2 es una fresa de puente de control num\u00e9rico, con 5 ejes interpolados, especialmente vers\u00e1til y eficiente, indicada para la producci\u00f3n en serie de distintos tipos de productos de m\u00e1rmol, granito, cer\u00e1mica y piedra artificial. Permite una amplia gama de elaboraciones, desde [&hellip;]","og_url":"https:\/\/www.donatonigroup.com\/es\/maquina\/belt-s2\/","og_site_name":"Donatoni Group","article_publisher":"https:\/\/www.facebook.com\/donatonimacchine","article_modified_time":"2023-12-05T11:54:02+00:00","og_image":[{"width":1500,"height":935,"url":"https:\/\/www.donatonigroup.com\/wp-content\/uploads\/2023\/02\/Belt-s2-1500x9352-1.png","type":"image\/png"}],"twitter_card":"summary_large_image","twitter_misc":{"Tiempo de lectura":"1 minuto"},"schema":{"@context":"https:\/\/schema.org","@graph":[{"@type":"WebPage","@id":"https:\/\/www.donatonigroup.com\/es\/maquina\/belt-s2\/","url":"https:\/\/www.donatonigroup.com\/es\/maquina\/belt-s2\/","name":"BELT S2 - Donatoni Group","isPartOf":{"@id":"https:\/\/www.donatonigroup.com\/es\/#website"},"primaryImageOfPage":{"@id":"https:\/\/www.donatonigroup.com\/es\/maquina\/belt-s2\/#primaryimage"},"image":{"@id":"https:\/\/www.donatonigroup.com\/es\/maquina\/belt-s2\/#primaryimage"},"thumbnailUrl":"https:\/\/www.donatonigroup.com\/wp-content\/uploads\/2023\/02\/Belt-s2-1500x9352-1.png","datePublished":"2023-02-09T08:56:40+00:00","dateModified":"2023-12-05T11:54:02+00:00","breadcrumb":{"@id":"https:\/\/www.donatonigroup.com\/es\/maquina\/belt-s2\/#breadcrumb"},"inLanguage":"es","potentialAction":[{"@type":"ReadAction","target":["https:\/\/www.donatonigroup.com\/es\/maquina\/belt-s2\/"]}]},{"@type":"ImageObject","inLanguage":"es","@id":"https:\/\/www.donatonigroup.com\/es\/maquina\/belt-s2\/#primaryimage","url":"https:\/\/www.donatonigroup.com\/wp-content\/uploads\/2023\/02\/Belt-s2-1500x9352-1.png","contentUrl":"https:\/\/www.donatonigroup.com\/wp-content\/uploads\/2023\/02\/Belt-s2-1500x9352-1.png","width":1500,"height":935},{"@type":"BreadcrumbList","@id":"https:\/\/www.donatonigroup.com\/es\/maquina\/belt-s2\/#breadcrumb","itemListElement":[{"@type":"ListItem","position":1,"name":"Home","item":"https:\/\/www.donatonigroup.com\/es\/"},{"@type":"ListItem","position":2,"name":"Cat\u00e1logo de m\u00e1quinas","item":"https:\/\/www.donatonigroup.com\/es\/catalogo-de-maquinas\/"},{"@type":"ListItem","position":3,"name":"BELT S2"}]},{"@type":"WebSite","@id":"https:\/\/www.donatonigroup.com\/es\/#website","url":"https:\/\/www.donatonigroup.com\/es\/","name":"Donatoni Group","description":"","publisher":{"@id":"https:\/\/www.donatonigroup.com\/es\/#organization"},"potentialAction":[{"@type":"SearchAction","target":{"@type":"EntryPoint","urlTemplate":"https:\/\/www.donatonigroup.com\/es\/?s={search_term_string}"},"query-input":{"@type":"PropertyValueSpecification","valueRequired":true,"valueName":"search_term_string"}}],"inLanguage":"es"},{"@type":"Organization","@id":"https:\/\/www.donatonigroup.com\/es\/#organization","name":"Donatoni Group","url":"https:\/\/www.donatonigroup.com\/es\/","logo":{"@type":"ImageObject","inLanguage":"es","@id":"https:\/\/www.donatonigroup.com\/es\/#\/schema\/logo\/image\/","url":"http:\/\/www.donatonigroup.com\/wp-content\/uploads\/2023\/02\/donatoni-logo.png","contentUrl":"http:\/\/www.donatonigroup.com\/wp-content\/uploads\/2023\/02\/donatoni-logo.png","width":800,"height":112,"caption":"Donatoni Group"},"image":{"@id":"https:\/\/www.donatonigroup.com\/es\/#\/schema\/logo\/image\/"},"sameAs":["https:\/\/www.facebook.com\/donatonimacchine","https:\/\/instagram.com\/donatonigroup\/","https:\/\/www.linkedin.com\/company\/donatoni-macchine-s-r-l"]}]}},"_links":{"self":[{"href":"https:\/\/www.donatonigroup.com\/es\/wp-json\/wp\/v2\/product\/11316","targetHints":{"allow":["GET"]}}],"collection":[{"href":"https:\/\/www.donatonigroup.com\/es\/wp-json\/wp\/v2\/product"}],"about":[{"href":"https:\/\/www.donatonigroup.com\/es\/wp-json\/wp\/v2\/types\/product"}],"wp:featuredmedia":[{"embeddable":true,"href":"https:\/\/www.donatonigroup.com\/es\/wp-json\/wp\/v2\/media\/10982"}],"wp:attachment":[{"href":"https:\/\/www.donatonigroup.com\/es\/wp-json\/wp\/v2\/media?parent=11316"}],"wp:term":[{"taxonomy":"product_brand","embeddable":true,"href":"https:\/\/www.donatonigroup.com\/es\/wp-json\/wp\/v2\/product_brand?post=11316"},{"taxonomy":"product_cat","embeddable":true,"href":"https:\/\/www.donatonigroup.com\/es\/wp-json\/wp\/v2\/product_cat?post=11316"},{"taxonomy":"product_tag","embeddable":true,"href":"https:\/\/www.donatonigroup.com\/es\/wp-json\/wp\/v2\/product_tag?post=11316"},{"taxonomy":"caratteristica","embeddable":true,"href":"https:\/\/www.donatonigroup.com\/es\/wp-json\/wp\/v2\/caratteristica?post=11316"},{"taxonomy":"serie","embeddable":true,"href":"https:\/\/www.donatonigroup.com\/es\/wp-json\/wp\/v2\/serie?post=11316"},{"taxonomy":"settore_di_applicazione","embeddable":true,"href":"https:\/\/www.donatonigroup.com\/es\/wp-json\/wp\/v2\/settore_di_applicazione?post=11316"}],"curies":[{"name":"wp","href":"https:\/\/api.w.org\/{rel}","templated":true}]}}