{"id":11320,"date":"2023-02-08T16:18:32","date_gmt":"2023-02-08T16:18:32","guid":{"rendered":"http:\/\/www.donatonigroup.com\/macchina\/twin-s4q\/"},"modified":"2023-12-05T09:07:24","modified_gmt":"2023-12-05T09:07:24","slug":"twin-s4q","status":"publish","type":"product","link":"https:\/\/www.donatonigroup.com\/es\/maquina\/twin-s4q\/","title":{"rendered":"TWIN S4 Q"},"content":{"rendered":"<div data-el-id=\"f5243e06-cbc0-4eb7-814b-668ff03e3ec2\">\n<div data-el-id=\"f5243e06-cbc0-4eb7-814b-668ff03e3ec2-txt\">\n<div class=\"machine-template__description-title\">\n<div data-el-id=\"5848dfb5-1f87-4e5e-acf2-dd44a5719d86\">\n<div data-el-id=\"5848dfb5-1f87-4e5e-acf2-dd44a5719d86-txt\">\n<div class=\"machine-template__description-title\">\n<div data-el-id=\"fb96e8aa-1985-4288-9f7e-948d513895a9\">\n<div data-el-id=\"fb96e8aa-1985-4288-9f7e-948d513895a9-txt\">\n<div class=\"machine-template__description-title\">\n<h3 class=\"machine-template__description-title-text\">M\u00e1quinas de alta productividad con patente Twin System<\/h3>\n<\/div>\n<\/div>\n<\/div>\n<div data-el-id=\"93c6e076-bb2e-4a9e-a8ae-c3ebe7592c57\">\n<div class=\"\" data-el-id=\"b7ceae05-9bef-4a8f-a5aa-6c96d64a828d\">\n<div data-el-id=\"a7f8fdb2-98bf-4143-9db8-2983f22edb1f\">\n<div data-el-id=\"a2403db7-8284-42a0-a465-f9bcd99b4e50\">\n<div data-el-id=\"a2403db7-8284-42a0-a465-f9bcd99b4e50-html\"><strong>DONATONI TWIN S4Q<\/strong> es una fresa de puente de control num\u00e9rico, con <strong>cinco\/seis ejes interpolados<\/strong>, equipada con el <strong>Twin System<\/strong>: el sistema <strong>patentado<\/strong> por Donatoni Macchine que permite optimizar al m\u00e1ximo el trabajo de una fresa de puente, aumentando la capacidad de producci\u00f3n de m\u00e1s del 70%. Permite una amplia gama de elaboraciones, desde el corte hasta 150mm de profundidad, hasta el fresado y el perfilado.<\/div>\n<\/div>\n<\/div>\n<\/div>\n<\/div>\n<div data-el-id=\"71e9d813-0cbb-4660-be73-b1bf72d428ec\">\n<div data-el-id=\"71e9d813-0cbb-4660-be73-b1bf72d428ec-txt\">\n<div class=\"machine-template__description-description\">\n<p>El Twin System prev\u00e9 un doble banco con sistema de intercambio de bancos autom\u00e1ticos, apoyado en una estructura monobloque con rieles, sobre los cuales corren los dos bancos, altern\u00e1ndose entre la zona de corte y la zona de carga\/descarga. Eso permite al operador realizar las operaciones de descarga, carga y programaci\u00f3n en el primer banco, mientras la m\u00e1quina se encuentra en elaboraci\u00f3n en el segundo banco.<\/p>\n<p>Ventajas del TWIN System:<\/p>\n<ul>\n<li>Aumento de la capacidad productiva.<\/li>\n<li>Uso con un solo operador.<\/li>\n<li>2 fresas en 1: posibilidad de utilizar la m\u00e1quina como una fresa tradicional y de realizar operaciones de perfilado.<\/li>\n<\/ul>\n<p>La lubricaci\u00f3n de las gu\u00edas de deslizamiento es en ba\u00f1o de aceite (ejes X e Y).<\/p>\n<\/div>\n<\/div>\n<\/div>\n<\/div>\n<\/div>\n<\/div>\n<\/div>\n<\/div>\n<\/div>\n","protected":false},"excerpt":{"rendered":"<p>M\u00e1quinas de alta productividad con patente Twin System DONATONI TWIN S4Q es una fresa de puente de control num\u00e9rico, con cinco\/seis ejes interpolados, equipada con el Twin System: el sistema patentado por Donatoni Macchine que permite optimizar al m\u00e1ximo el trabajo de una fresa de puente, aumentando la capacidad de producci\u00f3n de m\u00e1s del 70%. [&hellip;]<\/p>\n","protected":false},"featured_media":10967,"template":"","meta":{"_et_pb_use_builder":"","_et_pb_old_content":"","_et_gb_content_width":""},"product_brand":[],"product_cat":[2217],"product_tag":[],"caratteristica":[2234,2235,2237,2544,2556,2557,2558],"serie":[2225],"settore_di_applicazione":[2206,2207,2210],"class_list":{"0":"post-11320","1":"product","2":"type-product","3":"status-publish","4":"has-post-thumbnail","6":"product_cat-maquinas-de-alta-productividad","7":"pa_assi-interpolati-5-es","8":"pa_consumo-acqua-50-es","9":"pa_consumo-aria-20-es","10":"pa_coppia-mot-elettromandrino-1514-s6-es","11":"pa_corsa-carrello-asse-x-3800-es","12":"pa_corsa-ponte-asse-y-2950-es","13":"pa_corsa-tastatore-lastra-300-es","14":"pa_corsa-ventose-295-es","15":"pa_diametro-albero-mandrino-50-es","16":"pa_diametro-massimo-disco-850-es","17":"pa_diametro-minimo-disco-350-es","18":"pa_dim-max-lastra-rib-3800x2400-es","19":"pa_dim-min-lastra-rib-1000x800-es","20":"pa_dimensione-banco-3800x2300x650-es","21":"pa_dimensione-banco-3800x2400x900-es","22":"pa_disco-max-tastatore-lastra-725-es","23":"pa_disco-max-uso-ventose-725-es","24":"pa_inclinazione-testa-assea-0-90-es","25":"pa_peso-complessivo-macchina-10350-es","26":"pa_peso-max-din-1-banco-1650-es","27":"pa_peso-max-sta-1-banco-3000-es","28":"pa_peso-tot-max-sollev-ventose-600-es","29":"pa_potenza-elettromandrino-22-s6-es","30":"pa_potenza-totale-installata-44-es","31":"pa_profondita-max-di-taglio-310-es","32":"pa_range-vel-elettromandrino-t-0-5500-es","33":"pa_ripetibilita-posiz-asse-x-0-15-es","34":"pa_ripetibilita-posiz-asse-y-0-15-es","35":"pa_ripetibilita-posiz-asse-z-0-15-es","36":"pa_rotazione-testa-porta-disco-5-365-es","37":"pa_salita-discesa-assez-800-es","38":"pa_tempo-scambio-banchi-33-es","39":"pa_tensione-elettrica-standard-40010-50-es","40":"pa_velocita-avanzamento-banchi-20-es","41":"pa_velocita-max-carrello-asse-x-0-45-es","42":"pa_velocita-max-ponte-asse-y-0-45-es","43":"pa_velocita-max-teste-asse-z-0-6-es","44":"caratteristica-tecnologia-cnc-precision-y-productividad","45":"caratteristica-espacio-ocupado-reducido","46":"caratteristica-sencilla-y-rapida-a-programar","47":"caratteristica-elevata-produttivita-es","48":"caratteristica-optimizacion-del-corte","49":"caratteristica-uso-con-solamente-un-operador","50":"caratteristica-no-necesita-cimientos","51":"serie-twin-series-es","52":"settore_di_applicazione-encimeras-de-cocina-y-para-cuarto-de-bano","53":"settore_di_applicazione-pavimentaciones-y-revestimientos","54":"settore_di_applicazione-productos-para-la-construccion","56":"first","57":"instock","58":"shipping-taxable","59":"purchasable","60":"product-type-simple"},"acf":[],"yoast_head":"<!-- This site is optimized with the Yoast SEO plugin v25.8 - https:\/\/yoast.com\/wordpress\/plugins\/seo\/ -->\n<title>TWIN S4 Q - Donatoni Group<\/title>\n<meta name=\"robots\" content=\"index, follow, max-snippet:-1, max-image-preview:large, max-video-preview:-1\" \/>\n<link rel=\"canonical\" href=\"https:\/\/www.donatonigroup.com\/es\/maquina\/twin-s4q\/\" \/>\n<meta property=\"og:locale\" content=\"es_ES\" \/>\n<meta property=\"og:type\" content=\"article\" \/>\n<meta property=\"og:title\" content=\"TWIN S4 Q - Donatoni Group\" \/>\n<meta property=\"og:description\" content=\"M\u00e1quinas de alta productividad con patente Twin System DONATONI TWIN S4Q es una fresa de puente de control num\u00e9rico, con cinco\/seis ejes interpolados, equipada con el Twin System: el sistema patentado por Donatoni Macchine que permite optimizar al m\u00e1ximo el trabajo de una fresa de puente, aumentando la capacidad de producci\u00f3n de m\u00e1s del 70%. [&hellip;]\" \/>\n<meta property=\"og:url\" content=\"https:\/\/www.donatonigroup.com\/es\/maquina\/twin-s4q\/\" \/>\n<meta property=\"og:site_name\" content=\"Donatoni Group\" \/>\n<meta property=\"article:publisher\" content=\"https:\/\/www.facebook.com\/donatonimacchine\" \/>\n<meta property=\"article:modified_time\" content=\"2023-12-05T09:07:24+00:00\" \/>\n<meta property=\"og:image\" content=\"https:\/\/www.donatonigroup.com\/wp-content\/uploads\/2023\/02\/TWIN-S4Q-1500x9352-1.png\" \/>\n\t<meta property=\"og:image:width\" content=\"1500\" \/>\n\t<meta property=\"og:image:height\" content=\"935\" \/>\n\t<meta property=\"og:image:type\" content=\"image\/png\" \/>\n<meta name=\"twitter:card\" content=\"summary_large_image\" \/>\n<meta name=\"twitter:label1\" content=\"Tiempo de lectura\" \/>\n\t<meta name=\"twitter:data1\" content=\"1 minuto\" \/>\n<script type=\"application\/ld+json\" class=\"yoast-schema-graph\">{\"@context\":\"https:\/\/schema.org\",\"@graph\":[{\"@type\":\"WebPage\",\"@id\":\"https:\/\/www.donatonigroup.com\/es\/maquina\/twin-s4q\/\",\"url\":\"https:\/\/www.donatonigroup.com\/es\/maquina\/twin-s4q\/\",\"name\":\"TWIN S4 Q - Donatoni Group\",\"isPartOf\":{\"@id\":\"https:\/\/www.donatonigroup.com\/es\/#website\"},\"primaryImageOfPage\":{\"@id\":\"https:\/\/www.donatonigroup.com\/es\/maquina\/twin-s4q\/#primaryimage\"},\"image\":{\"@id\":\"https:\/\/www.donatonigroup.com\/es\/maquina\/twin-s4q\/#primaryimage\"},\"thumbnailUrl\":\"https:\/\/www.donatonigroup.com\/wp-content\/uploads\/2023\/02\/TWIN-S4Q-1500x9352-1.png\",\"datePublished\":\"2023-02-08T16:18:32+00:00\",\"dateModified\":\"2023-12-05T09:07:24+00:00\",\"breadcrumb\":{\"@id\":\"https:\/\/www.donatonigroup.com\/es\/maquina\/twin-s4q\/#breadcrumb\"},\"inLanguage\":\"es\",\"potentialAction\":[{\"@type\":\"ReadAction\",\"target\":[\"https:\/\/www.donatonigroup.com\/es\/maquina\/twin-s4q\/\"]}]},{\"@type\":\"ImageObject\",\"inLanguage\":\"es\",\"@id\":\"https:\/\/www.donatonigroup.com\/es\/maquina\/twin-s4q\/#primaryimage\",\"url\":\"https:\/\/www.donatonigroup.com\/wp-content\/uploads\/2023\/02\/TWIN-S4Q-1500x9352-1.png\",\"contentUrl\":\"https:\/\/www.donatonigroup.com\/wp-content\/uploads\/2023\/02\/TWIN-S4Q-1500x9352-1.png\",\"width\":1500,\"height\":935},{\"@type\":\"BreadcrumbList\",\"@id\":\"https:\/\/www.donatonigroup.com\/es\/maquina\/twin-s4q\/#breadcrumb\",\"itemListElement\":[{\"@type\":\"ListItem\",\"position\":1,\"name\":\"Home\",\"item\":\"https:\/\/www.donatonigroup.com\/es\/\"},{\"@type\":\"ListItem\",\"position\":2,\"name\":\"Cat\u00e1logo de m\u00e1quinas\",\"item\":\"https:\/\/www.donatonigroup.com\/es\/catalogo-de-maquinas\/\"},{\"@type\":\"ListItem\",\"position\":3,\"name\":\"TWIN S4 Q\"}]},{\"@type\":\"WebSite\",\"@id\":\"https:\/\/www.donatonigroup.com\/es\/#website\",\"url\":\"https:\/\/www.donatonigroup.com\/es\/\",\"name\":\"Donatoni Group\",\"description\":\"\",\"publisher\":{\"@id\":\"https:\/\/www.donatonigroup.com\/es\/#organization\"},\"potentialAction\":[{\"@type\":\"SearchAction\",\"target\":{\"@type\":\"EntryPoint\",\"urlTemplate\":\"https:\/\/www.donatonigroup.com\/es\/?s={search_term_string}\"},\"query-input\":{\"@type\":\"PropertyValueSpecification\",\"valueRequired\":true,\"valueName\":\"search_term_string\"}}],\"inLanguage\":\"es\"},{\"@type\":\"Organization\",\"@id\":\"https:\/\/www.donatonigroup.com\/es\/#organization\",\"name\":\"Donatoni Group\",\"url\":\"https:\/\/www.donatonigroup.com\/es\/\",\"logo\":{\"@type\":\"ImageObject\",\"inLanguage\":\"es\",\"@id\":\"https:\/\/www.donatonigroup.com\/es\/#\/schema\/logo\/image\/\",\"url\":\"http:\/\/www.donatonigroup.com\/wp-content\/uploads\/2023\/02\/donatoni-logo.png\",\"contentUrl\":\"http:\/\/www.donatonigroup.com\/wp-content\/uploads\/2023\/02\/donatoni-logo.png\",\"width\":800,\"height\":112,\"caption\":\"Donatoni Group\"},\"image\":{\"@id\":\"https:\/\/www.donatonigroup.com\/es\/#\/schema\/logo\/image\/\"},\"sameAs\":[\"https:\/\/www.facebook.com\/donatonimacchine\",\"https:\/\/instagram.com\/donatonigroup\/\",\"https:\/\/www.linkedin.com\/company\/donatoni-macchine-s-r-l\"]}]}<\/script>\n<!-- \/ Yoast SEO plugin. -->","yoast_head_json":{"title":"TWIN S4 Q - Donatoni Group","robots":{"index":"index","follow":"follow","max-snippet":"max-snippet:-1","max-image-preview":"max-image-preview:large","max-video-preview":"max-video-preview:-1"},"canonical":"https:\/\/www.donatonigroup.com\/es\/maquina\/twin-s4q\/","og_locale":"es_ES","og_type":"article","og_title":"TWIN S4 Q - Donatoni Group","og_description":"M\u00e1quinas de alta productividad con patente Twin System DONATONI TWIN S4Q es una fresa de puente de control num\u00e9rico, con cinco\/seis ejes interpolados, equipada con el Twin System: el sistema patentado por Donatoni Macchine que permite optimizar al m\u00e1ximo el trabajo de una fresa de puente, aumentando la capacidad de producci\u00f3n de m\u00e1s del 70%. [&hellip;]","og_url":"https:\/\/www.donatonigroup.com\/es\/maquina\/twin-s4q\/","og_site_name":"Donatoni Group","article_publisher":"https:\/\/www.facebook.com\/donatonimacchine","article_modified_time":"2023-12-05T09:07:24+00:00","og_image":[{"width":1500,"height":935,"url":"https:\/\/www.donatonigroup.com\/wp-content\/uploads\/2023\/02\/TWIN-S4Q-1500x9352-1.png","type":"image\/png"}],"twitter_card":"summary_large_image","twitter_misc":{"Tiempo de lectura":"1 minuto"},"schema":{"@context":"https:\/\/schema.org","@graph":[{"@type":"WebPage","@id":"https:\/\/www.donatonigroup.com\/es\/maquina\/twin-s4q\/","url":"https:\/\/www.donatonigroup.com\/es\/maquina\/twin-s4q\/","name":"TWIN S4 Q - Donatoni Group","isPartOf":{"@id":"https:\/\/www.donatonigroup.com\/es\/#website"},"primaryImageOfPage":{"@id":"https:\/\/www.donatonigroup.com\/es\/maquina\/twin-s4q\/#primaryimage"},"image":{"@id":"https:\/\/www.donatonigroup.com\/es\/maquina\/twin-s4q\/#primaryimage"},"thumbnailUrl":"https:\/\/www.donatonigroup.com\/wp-content\/uploads\/2023\/02\/TWIN-S4Q-1500x9352-1.png","datePublished":"2023-02-08T16:18:32+00:00","dateModified":"2023-12-05T09:07:24+00:00","breadcrumb":{"@id":"https:\/\/www.donatonigroup.com\/es\/maquina\/twin-s4q\/#breadcrumb"},"inLanguage":"es","potentialAction":[{"@type":"ReadAction","target":["https:\/\/www.donatonigroup.com\/es\/maquina\/twin-s4q\/"]}]},{"@type":"ImageObject","inLanguage":"es","@id":"https:\/\/www.donatonigroup.com\/es\/maquina\/twin-s4q\/#primaryimage","url":"https:\/\/www.donatonigroup.com\/wp-content\/uploads\/2023\/02\/TWIN-S4Q-1500x9352-1.png","contentUrl":"https:\/\/www.donatonigroup.com\/wp-content\/uploads\/2023\/02\/TWIN-S4Q-1500x9352-1.png","width":1500,"height":935},{"@type":"BreadcrumbList","@id":"https:\/\/www.donatonigroup.com\/es\/maquina\/twin-s4q\/#breadcrumb","itemListElement":[{"@type":"ListItem","position":1,"name":"Home","item":"https:\/\/www.donatonigroup.com\/es\/"},{"@type":"ListItem","position":2,"name":"Cat\u00e1logo de m\u00e1quinas","item":"https:\/\/www.donatonigroup.com\/es\/catalogo-de-maquinas\/"},{"@type":"ListItem","position":3,"name":"TWIN S4 Q"}]},{"@type":"WebSite","@id":"https:\/\/www.donatonigroup.com\/es\/#website","url":"https:\/\/www.donatonigroup.com\/es\/","name":"Donatoni Group","description":"","publisher":{"@id":"https:\/\/www.donatonigroup.com\/es\/#organization"},"potentialAction":[{"@type":"SearchAction","target":{"@type":"EntryPoint","urlTemplate":"https:\/\/www.donatonigroup.com\/es\/?s={search_term_string}"},"query-input":{"@type":"PropertyValueSpecification","valueRequired":true,"valueName":"search_term_string"}}],"inLanguage":"es"},{"@type":"Organization","@id":"https:\/\/www.donatonigroup.com\/es\/#organization","name":"Donatoni Group","url":"https:\/\/www.donatonigroup.com\/es\/","logo":{"@type":"ImageObject","inLanguage":"es","@id":"https:\/\/www.donatonigroup.com\/es\/#\/schema\/logo\/image\/","url":"http:\/\/www.donatonigroup.com\/wp-content\/uploads\/2023\/02\/donatoni-logo.png","contentUrl":"http:\/\/www.donatonigroup.com\/wp-content\/uploads\/2023\/02\/donatoni-logo.png","width":800,"height":112,"caption":"Donatoni Group"},"image":{"@id":"https:\/\/www.donatonigroup.com\/es\/#\/schema\/logo\/image\/"},"sameAs":["https:\/\/www.facebook.com\/donatonimacchine","https:\/\/instagram.com\/donatonigroup\/","https:\/\/www.linkedin.com\/company\/donatoni-macchine-s-r-l"]}]}},"_links":{"self":[{"href":"https:\/\/www.donatonigroup.com\/es\/wp-json\/wp\/v2\/product\/11320","targetHints":{"allow":["GET"]}}],"collection":[{"href":"https:\/\/www.donatonigroup.com\/es\/wp-json\/wp\/v2\/product"}],"about":[{"href":"https:\/\/www.donatonigroup.com\/es\/wp-json\/wp\/v2\/types\/product"}],"wp:featuredmedia":[{"embeddable":true,"href":"https:\/\/www.donatonigroup.com\/es\/wp-json\/wp\/v2\/media\/10967"}],"wp:attachment":[{"href":"https:\/\/www.donatonigroup.com\/es\/wp-json\/wp\/v2\/media?parent=11320"}],"wp:term":[{"taxonomy":"product_brand","embeddable":true,"href":"https:\/\/www.donatonigroup.com\/es\/wp-json\/wp\/v2\/product_brand?post=11320"},{"taxonomy":"product_cat","embeddable":true,"href":"https:\/\/www.donatonigroup.com\/es\/wp-json\/wp\/v2\/product_cat?post=11320"},{"taxonomy":"product_tag","embeddable":true,"href":"https:\/\/www.donatonigroup.com\/es\/wp-json\/wp\/v2\/product_tag?post=11320"},{"taxonomy":"caratteristica","embeddable":true,"href":"https:\/\/www.donatonigroup.com\/es\/wp-json\/wp\/v2\/caratteristica?post=11320"},{"taxonomy":"serie","embeddable":true,"href":"https:\/\/www.donatonigroup.com\/es\/wp-json\/wp\/v2\/serie?post=11320"},{"taxonomy":"settore_di_applicazione","embeddable":true,"href":"https:\/\/www.donatonigroup.com\/es\/wp-json\/wp\/v2\/settore_di_applicazione?post=11320"}],"curies":[{"name":"wp","href":"https:\/\/api.w.org\/{rel}","templated":true}]}}