{"id":11323,"date":"2023-02-09T09:56:06","date_gmt":"2023-02-09T09:56:06","guid":{"rendered":"http:\/\/www.donatonigroup.com\/macchina\/zenit\/"},"modified":"2023-12-05T15:27:45","modified_gmt":"2023-12-05T15:27:45","slug":"zenit","status":"publish","type":"product","link":"https:\/\/www.donatonigroup.com\/es\/maquina\/zenit\/","title":{"rendered":"ZENIT"},"content":{"rendered":"<h2>Cuida toda superficie<\/h2>\n<h3>Pulidora\/calibradora de cabezal simple CNC<\/h3>\n<p><strong>DONATONI ZENIT<\/strong> es la m\u00e1quina pulidora\/calibradora de cabezal simple de control num\u00e9rico con tres ejes interpolados con cambio de herramientas autom\u00e1tico de ocho posiciones +1 de calibraci\u00f3n, para el tratamiento de superficies de m\u00e1rmol y piedra artificial.<\/p>\n<p>&nbsp;<\/p>\n","protected":false},"excerpt":{"rendered":"<p>Cuida toda superficie Pulidora\/calibradora de cabezal simple CNC DONATONI ZENIT es la m\u00e1quina pulidora\/calibradora de cabezal simple de control num\u00e9rico con tres ejes interpolados con cambio de herramientas autom\u00e1tico de ocho posiciones +1 de calibraci\u00f3n, para el tratamiento de superficies de m\u00e1rmol y piedra artificial. &nbsp;<\/p>\n","protected":false},"featured_media":10972,"template":"","meta":{"_et_pb_use_builder":"off","_et_pb_old_content":"","_et_gb_content_width":""},"product_brand":[],"product_cat":[2218],"product_tag":[],"caratteristica":[2231,2234,2237,2603,2604],"serie":[2230],"settore_di_applicazione":[2206,2208],"class_list":{"0":"post-11323","1":"product","2":"type-product","3":"status-publish","4":"has-post-thumbnail","6":"product_cat-maquinas-para-pulido-y-calibrado","7":"pa_assi-interpolati-3-es","8":"pa_attacco-utensile-cono-40-es","9":"pa_consumo-acqua-esterna-3bar-35-es","10":"pa_consumo-acqua-interna-3bar-15-es","11":"pa_consumo-aria-100-es","12":"pa_corsa-carrello-asse-x-3800-es","13":"pa_corsa-ponte-asse-y-2780-es","14":"pa_dim-banco-portalastre-2000-x-3500-es","15":"pa_magazzino-utensili-n-9-81-positions-es","16":"pa_peso-complessivo-macchina-5000-es","17":"pa_potenza-elettromandrino-17-6-s6-es","18":"pa_rotazione-utensile-inverter-0-7500-es","19":"pa_salita-discesa-assez-370-es","20":"pa_spessore-mat-lucidatura-260-es","21":"pa_tensione-elettrica-standard-40010-50-es","22":"pa_velocita-max-carrello-asse-x-0-40-es","23":"pa_velocita-max-ponte-asse-y-0-30-es","24":"pa_velocita-max-teste-asse-z-0-5-es","25":"caratteristica-2-en-1-calibracion-y-pulido-en-una-sola-maquina","26":"caratteristica-tecnologia-cnc-precision-y-productividad","27":"caratteristica-sencilla-y-rapida-a-programar","28":"caratteristica-cambio-utensili-automatico-9-postazioni-es","29":"caratteristica-sistema-automatico-per-bordi-irregolari-es","30":"serie-macchine-speciali-es","31":"settore_di_applicazione-encimeras-de-cocina-y-para-cuarto-de-bano","32":"settore_di_applicazione-grandes-proyectos","34":"first","35":"instock","36":"shipping-taxable","37":"purchasable","38":"product-type-simple"},"acf":[],"yoast_head":"<!-- This site is optimized with the Yoast SEO plugin v25.8 - https:\/\/yoast.com\/wordpress\/plugins\/seo\/ -->\n<title>ZENIT - Donatoni Group<\/title>\n<meta name=\"robots\" content=\"index, follow, max-snippet:-1, max-image-preview:large, max-video-preview:-1\" \/>\n<link rel=\"canonical\" href=\"https:\/\/www.donatonigroup.com\/es\/maquina\/zenit\/\" \/>\n<meta property=\"og:locale\" content=\"es_ES\" \/>\n<meta property=\"og:type\" content=\"article\" \/>\n<meta property=\"og:title\" content=\"ZENIT - Donatoni Group\" \/>\n<meta property=\"og:description\" content=\"Cuida toda superficie Pulidora\/calibradora de cabezal simple CNC DONATONI ZENIT es la m\u00e1quina pulidora\/calibradora de cabezal simple de control num\u00e9rico con tres ejes interpolados con cambio de herramientas autom\u00e1tico de ocho posiciones +1 de calibraci\u00f3n, para el tratamiento de superficies de m\u00e1rmol y piedra artificial. &nbsp;\" \/>\n<meta property=\"og:url\" content=\"https:\/\/www.donatonigroup.com\/es\/maquina\/zenit\/\" \/>\n<meta property=\"og:site_name\" content=\"Donatoni Group\" \/>\n<meta property=\"article:publisher\" content=\"https:\/\/www.facebook.com\/donatonimacchine\" \/>\n<meta property=\"article:modified_time\" content=\"2023-12-05T15:27:45+00:00\" \/>\n<meta property=\"og:image\" content=\"https:\/\/www.donatonigroup.com\/wp-content\/uploads\/2023\/02\/ZENIT2.png\" \/>\n\t<meta property=\"og:image:width\" content=\"1500\" \/>\n\t<meta property=\"og:image:height\" content=\"935\" \/>\n\t<meta property=\"og:image:type\" content=\"image\/png\" \/>\n<meta name=\"twitter:card\" content=\"summary_large_image\" \/>\n<meta name=\"twitter:label1\" content=\"Tiempo de lectura\" \/>\n\t<meta name=\"twitter:data1\" content=\"1 minuto\" \/>\n<script type=\"application\/ld+json\" class=\"yoast-schema-graph\">{\"@context\":\"https:\/\/schema.org\",\"@graph\":[{\"@type\":\"WebPage\",\"@id\":\"https:\/\/www.donatonigroup.com\/es\/maquina\/zenit\/\",\"url\":\"https:\/\/www.donatonigroup.com\/es\/maquina\/zenit\/\",\"name\":\"ZENIT - Donatoni Group\",\"isPartOf\":{\"@id\":\"https:\/\/www.donatonigroup.com\/es\/#website\"},\"primaryImageOfPage\":{\"@id\":\"https:\/\/www.donatonigroup.com\/es\/maquina\/zenit\/#primaryimage\"},\"image\":{\"@id\":\"https:\/\/www.donatonigroup.com\/es\/maquina\/zenit\/#primaryimage\"},\"thumbnailUrl\":\"https:\/\/www.donatonigroup.com\/wp-content\/uploads\/2023\/02\/ZENIT2.png\",\"datePublished\":\"2023-02-09T09:56:06+00:00\",\"dateModified\":\"2023-12-05T15:27:45+00:00\",\"breadcrumb\":{\"@id\":\"https:\/\/www.donatonigroup.com\/es\/maquina\/zenit\/#breadcrumb\"},\"inLanguage\":\"es\",\"potentialAction\":[{\"@type\":\"ReadAction\",\"target\":[\"https:\/\/www.donatonigroup.com\/es\/maquina\/zenit\/\"]}]},{\"@type\":\"ImageObject\",\"inLanguage\":\"es\",\"@id\":\"https:\/\/www.donatonigroup.com\/es\/maquina\/zenit\/#primaryimage\",\"url\":\"https:\/\/www.donatonigroup.com\/wp-content\/uploads\/2023\/02\/ZENIT2.png\",\"contentUrl\":\"https:\/\/www.donatonigroup.com\/wp-content\/uploads\/2023\/02\/ZENIT2.png\",\"width\":1500,\"height\":935},{\"@type\":\"BreadcrumbList\",\"@id\":\"https:\/\/www.donatonigroup.com\/es\/maquina\/zenit\/#breadcrumb\",\"itemListElement\":[{\"@type\":\"ListItem\",\"position\":1,\"name\":\"Home\",\"item\":\"https:\/\/www.donatonigroup.com\/es\/\"},{\"@type\":\"ListItem\",\"position\":2,\"name\":\"Cat\u00e1logo de m\u00e1quinas\",\"item\":\"https:\/\/www.donatonigroup.com\/es\/catalogo-de-maquinas\/\"},{\"@type\":\"ListItem\",\"position\":3,\"name\":\"ZENIT\"}]},{\"@type\":\"WebSite\",\"@id\":\"https:\/\/www.donatonigroup.com\/es\/#website\",\"url\":\"https:\/\/www.donatonigroup.com\/es\/\",\"name\":\"Donatoni Group\",\"description\":\"\",\"publisher\":{\"@id\":\"https:\/\/www.donatonigroup.com\/es\/#organization\"},\"potentialAction\":[{\"@type\":\"SearchAction\",\"target\":{\"@type\":\"EntryPoint\",\"urlTemplate\":\"https:\/\/www.donatonigroup.com\/es\/?s={search_term_string}\"},\"query-input\":{\"@type\":\"PropertyValueSpecification\",\"valueRequired\":true,\"valueName\":\"search_term_string\"}}],\"inLanguage\":\"es\"},{\"@type\":\"Organization\",\"@id\":\"https:\/\/www.donatonigroup.com\/es\/#organization\",\"name\":\"Donatoni Group\",\"url\":\"https:\/\/www.donatonigroup.com\/es\/\",\"logo\":{\"@type\":\"ImageObject\",\"inLanguage\":\"es\",\"@id\":\"https:\/\/www.donatonigroup.com\/es\/#\/schema\/logo\/image\/\",\"url\":\"http:\/\/www.donatonigroup.com\/wp-content\/uploads\/2023\/02\/donatoni-logo.png\",\"contentUrl\":\"http:\/\/www.donatonigroup.com\/wp-content\/uploads\/2023\/02\/donatoni-logo.png\",\"width\":800,\"height\":112,\"caption\":\"Donatoni Group\"},\"image\":{\"@id\":\"https:\/\/www.donatonigroup.com\/es\/#\/schema\/logo\/image\/\"},\"sameAs\":[\"https:\/\/www.facebook.com\/donatonimacchine\",\"https:\/\/instagram.com\/donatonigroup\/\",\"https:\/\/www.linkedin.com\/company\/donatoni-macchine-s-r-l\"]}]}<\/script>\n<!-- \/ Yoast SEO plugin. -->","yoast_head_json":{"title":"ZENIT - Donatoni Group","robots":{"index":"index","follow":"follow","max-snippet":"max-snippet:-1","max-image-preview":"max-image-preview:large","max-video-preview":"max-video-preview:-1"},"canonical":"https:\/\/www.donatonigroup.com\/es\/maquina\/zenit\/","og_locale":"es_ES","og_type":"article","og_title":"ZENIT - Donatoni Group","og_description":"Cuida toda superficie Pulidora\/calibradora de cabezal simple CNC DONATONI ZENIT es la m\u00e1quina pulidora\/calibradora de cabezal simple de control num\u00e9rico con tres ejes interpolados con cambio de herramientas autom\u00e1tico de ocho posiciones +1 de calibraci\u00f3n, para el tratamiento de superficies de m\u00e1rmol y piedra artificial. &nbsp;","og_url":"https:\/\/www.donatonigroup.com\/es\/maquina\/zenit\/","og_site_name":"Donatoni Group","article_publisher":"https:\/\/www.facebook.com\/donatonimacchine","article_modified_time":"2023-12-05T15:27:45+00:00","og_image":[{"width":1500,"height":935,"url":"https:\/\/www.donatonigroup.com\/wp-content\/uploads\/2023\/02\/ZENIT2.png","type":"image\/png"}],"twitter_card":"summary_large_image","twitter_misc":{"Tiempo de lectura":"1 minuto"},"schema":{"@context":"https:\/\/schema.org","@graph":[{"@type":"WebPage","@id":"https:\/\/www.donatonigroup.com\/es\/maquina\/zenit\/","url":"https:\/\/www.donatonigroup.com\/es\/maquina\/zenit\/","name":"ZENIT - Donatoni Group","isPartOf":{"@id":"https:\/\/www.donatonigroup.com\/es\/#website"},"primaryImageOfPage":{"@id":"https:\/\/www.donatonigroup.com\/es\/maquina\/zenit\/#primaryimage"},"image":{"@id":"https:\/\/www.donatonigroup.com\/es\/maquina\/zenit\/#primaryimage"},"thumbnailUrl":"https:\/\/www.donatonigroup.com\/wp-content\/uploads\/2023\/02\/ZENIT2.png","datePublished":"2023-02-09T09:56:06+00:00","dateModified":"2023-12-05T15:27:45+00:00","breadcrumb":{"@id":"https:\/\/www.donatonigroup.com\/es\/maquina\/zenit\/#breadcrumb"},"inLanguage":"es","potentialAction":[{"@type":"ReadAction","target":["https:\/\/www.donatonigroup.com\/es\/maquina\/zenit\/"]}]},{"@type":"ImageObject","inLanguage":"es","@id":"https:\/\/www.donatonigroup.com\/es\/maquina\/zenit\/#primaryimage","url":"https:\/\/www.donatonigroup.com\/wp-content\/uploads\/2023\/02\/ZENIT2.png","contentUrl":"https:\/\/www.donatonigroup.com\/wp-content\/uploads\/2023\/02\/ZENIT2.png","width":1500,"height":935},{"@type":"BreadcrumbList","@id":"https:\/\/www.donatonigroup.com\/es\/maquina\/zenit\/#breadcrumb","itemListElement":[{"@type":"ListItem","position":1,"name":"Home","item":"https:\/\/www.donatonigroup.com\/es\/"},{"@type":"ListItem","position":2,"name":"Cat\u00e1logo de m\u00e1quinas","item":"https:\/\/www.donatonigroup.com\/es\/catalogo-de-maquinas\/"},{"@type":"ListItem","position":3,"name":"ZENIT"}]},{"@type":"WebSite","@id":"https:\/\/www.donatonigroup.com\/es\/#website","url":"https:\/\/www.donatonigroup.com\/es\/","name":"Donatoni Group","description":"","publisher":{"@id":"https:\/\/www.donatonigroup.com\/es\/#organization"},"potentialAction":[{"@type":"SearchAction","target":{"@type":"EntryPoint","urlTemplate":"https:\/\/www.donatonigroup.com\/es\/?s={search_term_string}"},"query-input":{"@type":"PropertyValueSpecification","valueRequired":true,"valueName":"search_term_string"}}],"inLanguage":"es"},{"@type":"Organization","@id":"https:\/\/www.donatonigroup.com\/es\/#organization","name":"Donatoni Group","url":"https:\/\/www.donatonigroup.com\/es\/","logo":{"@type":"ImageObject","inLanguage":"es","@id":"https:\/\/www.donatonigroup.com\/es\/#\/schema\/logo\/image\/","url":"http:\/\/www.donatonigroup.com\/wp-content\/uploads\/2023\/02\/donatoni-logo.png","contentUrl":"http:\/\/www.donatonigroup.com\/wp-content\/uploads\/2023\/02\/donatoni-logo.png","width":800,"height":112,"caption":"Donatoni Group"},"image":{"@id":"https:\/\/www.donatonigroup.com\/es\/#\/schema\/logo\/image\/"},"sameAs":["https:\/\/www.facebook.com\/donatonimacchine","https:\/\/instagram.com\/donatonigroup\/","https:\/\/www.linkedin.com\/company\/donatoni-macchine-s-r-l"]}]}},"_links":{"self":[{"href":"https:\/\/www.donatonigroup.com\/es\/wp-json\/wp\/v2\/product\/11323","targetHints":{"allow":["GET"]}}],"collection":[{"href":"https:\/\/www.donatonigroup.com\/es\/wp-json\/wp\/v2\/product"}],"about":[{"href":"https:\/\/www.donatonigroup.com\/es\/wp-json\/wp\/v2\/types\/product"}],"wp:featuredmedia":[{"embeddable":true,"href":"https:\/\/www.donatonigroup.com\/es\/wp-json\/wp\/v2\/media\/10972"}],"wp:attachment":[{"href":"https:\/\/www.donatonigroup.com\/es\/wp-json\/wp\/v2\/media?parent=11323"}],"wp:term":[{"taxonomy":"product_brand","embeddable":true,"href":"https:\/\/www.donatonigroup.com\/es\/wp-json\/wp\/v2\/product_brand?post=11323"},{"taxonomy":"product_cat","embeddable":true,"href":"https:\/\/www.donatonigroup.com\/es\/wp-json\/wp\/v2\/product_cat?post=11323"},{"taxonomy":"product_tag","embeddable":true,"href":"https:\/\/www.donatonigroup.com\/es\/wp-json\/wp\/v2\/product_tag?post=11323"},{"taxonomy":"caratteristica","embeddable":true,"href":"https:\/\/www.donatonigroup.com\/es\/wp-json\/wp\/v2\/caratteristica?post=11323"},{"taxonomy":"serie","embeddable":true,"href":"https:\/\/www.donatonigroup.com\/es\/wp-json\/wp\/v2\/serie?post=11323"},{"taxonomy":"settore_di_applicazione","embeddable":true,"href":"https:\/\/www.donatonigroup.com\/es\/wp-json\/wp\/v2\/settore_di_applicazione?post=11323"}],"curies":[{"name":"wp","href":"https:\/\/api.w.org\/{rel}","templated":true}]}}