{"id":11324,"date":"2023-02-09T09:15:52","date_gmt":"2023-02-09T09:15:52","guid":{"rendered":"http:\/\/www.donatonigroup.com\/macchina\/p-425\/"},"modified":"2023-12-05T09:45:21","modified_gmt":"2023-12-05T09:45:21","slug":"p-425","status":"publish","type":"product","link":"https:\/\/www.donatonigroup.com\/es\/maquina\/p-425\/","title":{"rendered":"P 425"},"content":{"rendered":"<p><strong>DONATONI P425<\/strong> es el resultado de veinte a\u00f1os de experiencia de Donatoni en la producci\u00f3n de fresas de puente de control num\u00e9rico. Se ha dise\u00f1ado y desarrollado para la elaboraci\u00f3n de la cer\u00e1mica (gres porcel\u00e1nico) y otros materiales sint\u00e9ticos y naturales.<\/p>\n","protected":false},"excerpt":{"rendered":"<p>DONATONI P425 es el resultado de veinte a\u00f1os de experiencia de Donatoni en la producci\u00f3n de fresas de puente de control num\u00e9rico. Se ha dise\u00f1ado y desarrollado para la elaboraci\u00f3n de la cer\u00e1mica (gres porcel\u00e1nico) y otros materiales sint\u00e9ticos y naturales.<\/p>\n","protected":false},"featured_media":10970,"template":"","meta":{"_et_pb_use_builder":"","_et_pb_old_content":"","_et_gb_content_width":""},"product_brand":[],"product_cat":[2219],"product_tag":[],"caratteristica":[2233,2235,2236,2237,2477,2616],"serie":[],"settore_di_applicazione":[2206,2207],"class_list":{"0":"post-11324","1":"product","2":"type-product","3":"status-publish","4":"has-post-thumbnail","6":"product_cat-maquinas-para-el-corte-de-la-ceramica","7":"pa_assi-interpolati-5-es","8":"pa_consumo-acqua-3bar-35-es","9":"pa_consumo-aria-6-bar-20-es","10":"pa_coppia-motore-elettro-tool-261-s1-es","11":"pa_coppia-motore-elettro-tool-312-s6-es","12":"pa_corsa-carrello-asse-x-3600-es","13":"pa_corsa-ponte-asse-y-1900-es","14":"pa_corsa-tastatore-lastra-250-es","15":"pa_corsa-ventose-200-es","16":"pa_diametro-massimo-disco-425-es","17":"pa_diametro-minimo-disco-300-es","18":"pa_dim-banco-portalastre-3500-x-2000-es","19":"pa_disco-max-tastatore-lastra-425-es","20":"pa_disco-max-uso-ventose-425-es","21":"pa_inclinazione-testa-assea-0-90-es","22":"pa_peso-tot-max-sollev-ventose-300-es","23":"pa_pot-tot-instal-no-optional-15-es","24":"pa_potenza-motore-tool-8-s1-es","25":"pa_potenza-motore-tool-9-5-s6-es","26":"pa_profondita-max-di-taglio-115-es","27":"pa_range-vel-elettromandrino-t-0-5500-es","28":"pa_rotazione-testa-porta-disco-5-365-es","29":"pa_salita-discesa-assez-300-es","30":"pa_spess-max-soll-ventose-80-es","31":"pa_tensione-elettrica-standard-40010-50-es","32":"pa_velocita-max-carrello-asse-x-0-20-es","33":"pa_velocita-max-ponte-asse-y-0-20-es","34":"pa_velocita-max-teste-asse-z-0-5-es","35":"pa_velocita-taglio-regolabile-0-20-es","36":"caratteristica-flexibilidad-en-la-produccion","37":"caratteristica-espacio-ocupado-reducido","38":"caratteristica-amplia-gama-de-elaboraciones","39":"caratteristica-sencilla-y-rapida-a-programar","40":"caratteristica-estrema-precisione-nel-taglio-es","41":"caratteristica-specifica-per-taglio-e-lavorazione-ceramica-es","42":"settore_di_applicazione-encimeras-de-cocina-y-para-cuarto-de-bano","43":"settore_di_applicazione-pavimentaciones-y-revestimientos","45":"first","46":"instock","47":"shipping-taxable","48":"purchasable","49":"product-type-simple"},"acf":[],"yoast_head":"<!-- This site is optimized with the Yoast SEO plugin v25.8 - https:\/\/yoast.com\/wordpress\/plugins\/seo\/ -->\n<title>P 425 - Donatoni Group<\/title>\n<meta name=\"robots\" content=\"index, follow, max-snippet:-1, max-image-preview:large, max-video-preview:-1\" \/>\n<link rel=\"canonical\" href=\"https:\/\/www.donatonigroup.com\/es\/maquina\/p-425\/\" \/>\n<meta property=\"og:locale\" content=\"es_ES\" \/>\n<meta property=\"og:type\" content=\"article\" \/>\n<meta property=\"og:title\" content=\"P 425 - Donatoni Group\" \/>\n<meta property=\"og:description\" content=\"DONATONI P425 es el resultado de veinte a\u00f1os de experiencia de Donatoni en la producci\u00f3n de fresas de puente de control num\u00e9rico. Se ha dise\u00f1ado y desarrollado para la elaboraci\u00f3n de la cer\u00e1mica (gres porcel\u00e1nico) y otros materiales sint\u00e9ticos y naturales.\" \/>\n<meta property=\"og:url\" content=\"https:\/\/www.donatonigroup.com\/es\/maquina\/p-425\/\" \/>\n<meta property=\"og:site_name\" content=\"Donatoni Group\" \/>\n<meta property=\"article:publisher\" content=\"https:\/\/www.facebook.com\/donatonimacchine\" \/>\n<meta property=\"article:modified_time\" content=\"2023-12-05T09:45:21+00:00\" \/>\n<meta property=\"og:image\" content=\"https:\/\/www.donatonigroup.com\/wp-content\/uploads\/2023\/02\/P425-1500x9352-1.png\" \/>\n\t<meta property=\"og:image:width\" content=\"1500\" \/>\n\t<meta property=\"og:image:height\" content=\"935\" \/>\n\t<meta property=\"og:image:type\" content=\"image\/png\" \/>\n<meta name=\"twitter:card\" content=\"summary_large_image\" \/>\n<meta name=\"twitter:label1\" content=\"Tiempo de lectura\" \/>\n\t<meta name=\"twitter:data1\" content=\"1 minuto\" \/>\n<script type=\"application\/ld+json\" class=\"yoast-schema-graph\">{\"@context\":\"https:\/\/schema.org\",\"@graph\":[{\"@type\":\"WebPage\",\"@id\":\"https:\/\/www.donatonigroup.com\/es\/maquina\/p-425\/\",\"url\":\"https:\/\/www.donatonigroup.com\/es\/maquina\/p-425\/\",\"name\":\"P 425 - Donatoni Group\",\"isPartOf\":{\"@id\":\"https:\/\/www.donatonigroup.com\/es\/#website\"},\"primaryImageOfPage\":{\"@id\":\"https:\/\/www.donatonigroup.com\/es\/maquina\/p-425\/#primaryimage\"},\"image\":{\"@id\":\"https:\/\/www.donatonigroup.com\/es\/maquina\/p-425\/#primaryimage\"},\"thumbnailUrl\":\"https:\/\/www.donatonigroup.com\/wp-content\/uploads\/2023\/02\/P425-1500x9352-1.png\",\"datePublished\":\"2023-02-09T09:15:52+00:00\",\"dateModified\":\"2023-12-05T09:45:21+00:00\",\"breadcrumb\":{\"@id\":\"https:\/\/www.donatonigroup.com\/es\/maquina\/p-425\/#breadcrumb\"},\"inLanguage\":\"es\",\"potentialAction\":[{\"@type\":\"ReadAction\",\"target\":[\"https:\/\/www.donatonigroup.com\/es\/maquina\/p-425\/\"]}]},{\"@type\":\"ImageObject\",\"inLanguage\":\"es\",\"@id\":\"https:\/\/www.donatonigroup.com\/es\/maquina\/p-425\/#primaryimage\",\"url\":\"https:\/\/www.donatonigroup.com\/wp-content\/uploads\/2023\/02\/P425-1500x9352-1.png\",\"contentUrl\":\"https:\/\/www.donatonigroup.com\/wp-content\/uploads\/2023\/02\/P425-1500x9352-1.png\",\"width\":1500,\"height\":935},{\"@type\":\"BreadcrumbList\",\"@id\":\"https:\/\/www.donatonigroup.com\/es\/maquina\/p-425\/#breadcrumb\",\"itemListElement\":[{\"@type\":\"ListItem\",\"position\":1,\"name\":\"Home\",\"item\":\"https:\/\/www.donatonigroup.com\/es\/\"},{\"@type\":\"ListItem\",\"position\":2,\"name\":\"Cat\u00e1logo de m\u00e1quinas\",\"item\":\"https:\/\/www.donatonigroup.com\/es\/catalogo-de-maquinas\/\"},{\"@type\":\"ListItem\",\"position\":3,\"name\":\"P 425\"}]},{\"@type\":\"WebSite\",\"@id\":\"https:\/\/www.donatonigroup.com\/es\/#website\",\"url\":\"https:\/\/www.donatonigroup.com\/es\/\",\"name\":\"Donatoni Group\",\"description\":\"\",\"publisher\":{\"@id\":\"https:\/\/www.donatonigroup.com\/es\/#organization\"},\"potentialAction\":[{\"@type\":\"SearchAction\",\"target\":{\"@type\":\"EntryPoint\",\"urlTemplate\":\"https:\/\/www.donatonigroup.com\/es\/?s={search_term_string}\"},\"query-input\":{\"@type\":\"PropertyValueSpecification\",\"valueRequired\":true,\"valueName\":\"search_term_string\"}}],\"inLanguage\":\"es\"},{\"@type\":\"Organization\",\"@id\":\"https:\/\/www.donatonigroup.com\/es\/#organization\",\"name\":\"Donatoni Group\",\"url\":\"https:\/\/www.donatonigroup.com\/es\/\",\"logo\":{\"@type\":\"ImageObject\",\"inLanguage\":\"es\",\"@id\":\"https:\/\/www.donatonigroup.com\/es\/#\/schema\/logo\/image\/\",\"url\":\"http:\/\/www.donatonigroup.com\/wp-content\/uploads\/2023\/02\/donatoni-logo.png\",\"contentUrl\":\"http:\/\/www.donatonigroup.com\/wp-content\/uploads\/2023\/02\/donatoni-logo.png\",\"width\":800,\"height\":112,\"caption\":\"Donatoni Group\"},\"image\":{\"@id\":\"https:\/\/www.donatonigroup.com\/es\/#\/schema\/logo\/image\/\"},\"sameAs\":[\"https:\/\/www.facebook.com\/donatonimacchine\",\"https:\/\/instagram.com\/donatonigroup\/\",\"https:\/\/www.linkedin.com\/company\/donatoni-macchine-s-r-l\"]}]}<\/script>\n<!-- \/ Yoast SEO plugin. -->","yoast_head_json":{"title":"P 425 - Donatoni Group","robots":{"index":"index","follow":"follow","max-snippet":"max-snippet:-1","max-image-preview":"max-image-preview:large","max-video-preview":"max-video-preview:-1"},"canonical":"https:\/\/www.donatonigroup.com\/es\/maquina\/p-425\/","og_locale":"es_ES","og_type":"article","og_title":"P 425 - Donatoni Group","og_description":"DONATONI P425 es el resultado de veinte a\u00f1os de experiencia de Donatoni en la producci\u00f3n de fresas de puente de control num\u00e9rico. Se ha dise\u00f1ado y desarrollado para la elaboraci\u00f3n de la cer\u00e1mica (gres porcel\u00e1nico) y otros materiales sint\u00e9ticos y naturales.","og_url":"https:\/\/www.donatonigroup.com\/es\/maquina\/p-425\/","og_site_name":"Donatoni Group","article_publisher":"https:\/\/www.facebook.com\/donatonimacchine","article_modified_time":"2023-12-05T09:45:21+00:00","og_image":[{"width":1500,"height":935,"url":"https:\/\/www.donatonigroup.com\/wp-content\/uploads\/2023\/02\/P425-1500x9352-1.png","type":"image\/png"}],"twitter_card":"summary_large_image","twitter_misc":{"Tiempo de lectura":"1 minuto"},"schema":{"@context":"https:\/\/schema.org","@graph":[{"@type":"WebPage","@id":"https:\/\/www.donatonigroup.com\/es\/maquina\/p-425\/","url":"https:\/\/www.donatonigroup.com\/es\/maquina\/p-425\/","name":"P 425 - Donatoni Group","isPartOf":{"@id":"https:\/\/www.donatonigroup.com\/es\/#website"},"primaryImageOfPage":{"@id":"https:\/\/www.donatonigroup.com\/es\/maquina\/p-425\/#primaryimage"},"image":{"@id":"https:\/\/www.donatonigroup.com\/es\/maquina\/p-425\/#primaryimage"},"thumbnailUrl":"https:\/\/www.donatonigroup.com\/wp-content\/uploads\/2023\/02\/P425-1500x9352-1.png","datePublished":"2023-02-09T09:15:52+00:00","dateModified":"2023-12-05T09:45:21+00:00","breadcrumb":{"@id":"https:\/\/www.donatonigroup.com\/es\/maquina\/p-425\/#breadcrumb"},"inLanguage":"es","potentialAction":[{"@type":"ReadAction","target":["https:\/\/www.donatonigroup.com\/es\/maquina\/p-425\/"]}]},{"@type":"ImageObject","inLanguage":"es","@id":"https:\/\/www.donatonigroup.com\/es\/maquina\/p-425\/#primaryimage","url":"https:\/\/www.donatonigroup.com\/wp-content\/uploads\/2023\/02\/P425-1500x9352-1.png","contentUrl":"https:\/\/www.donatonigroup.com\/wp-content\/uploads\/2023\/02\/P425-1500x9352-1.png","width":1500,"height":935},{"@type":"BreadcrumbList","@id":"https:\/\/www.donatonigroup.com\/es\/maquina\/p-425\/#breadcrumb","itemListElement":[{"@type":"ListItem","position":1,"name":"Home","item":"https:\/\/www.donatonigroup.com\/es\/"},{"@type":"ListItem","position":2,"name":"Cat\u00e1logo de m\u00e1quinas","item":"https:\/\/www.donatonigroup.com\/es\/catalogo-de-maquinas\/"},{"@type":"ListItem","position":3,"name":"P 425"}]},{"@type":"WebSite","@id":"https:\/\/www.donatonigroup.com\/es\/#website","url":"https:\/\/www.donatonigroup.com\/es\/","name":"Donatoni Group","description":"","publisher":{"@id":"https:\/\/www.donatonigroup.com\/es\/#organization"},"potentialAction":[{"@type":"SearchAction","target":{"@type":"EntryPoint","urlTemplate":"https:\/\/www.donatonigroup.com\/es\/?s={search_term_string}"},"query-input":{"@type":"PropertyValueSpecification","valueRequired":true,"valueName":"search_term_string"}}],"inLanguage":"es"},{"@type":"Organization","@id":"https:\/\/www.donatonigroup.com\/es\/#organization","name":"Donatoni Group","url":"https:\/\/www.donatonigroup.com\/es\/","logo":{"@type":"ImageObject","inLanguage":"es","@id":"https:\/\/www.donatonigroup.com\/es\/#\/schema\/logo\/image\/","url":"http:\/\/www.donatonigroup.com\/wp-content\/uploads\/2023\/02\/donatoni-logo.png","contentUrl":"http:\/\/www.donatonigroup.com\/wp-content\/uploads\/2023\/02\/donatoni-logo.png","width":800,"height":112,"caption":"Donatoni Group"},"image":{"@id":"https:\/\/www.donatonigroup.com\/es\/#\/schema\/logo\/image\/"},"sameAs":["https:\/\/www.facebook.com\/donatonimacchine","https:\/\/instagram.com\/donatonigroup\/","https:\/\/www.linkedin.com\/company\/donatoni-macchine-s-r-l"]}]}},"_links":{"self":[{"href":"https:\/\/www.donatonigroup.com\/es\/wp-json\/wp\/v2\/product\/11324","targetHints":{"allow":["GET"]}}],"collection":[{"href":"https:\/\/www.donatonigroup.com\/es\/wp-json\/wp\/v2\/product"}],"about":[{"href":"https:\/\/www.donatonigroup.com\/es\/wp-json\/wp\/v2\/types\/product"}],"wp:featuredmedia":[{"embeddable":true,"href":"https:\/\/www.donatonigroup.com\/es\/wp-json\/wp\/v2\/media\/10970"}],"wp:attachment":[{"href":"https:\/\/www.donatonigroup.com\/es\/wp-json\/wp\/v2\/media?parent=11324"}],"wp:term":[{"taxonomy":"product_brand","embeddable":true,"href":"https:\/\/www.donatonigroup.com\/es\/wp-json\/wp\/v2\/product_brand?post=11324"},{"taxonomy":"product_cat","embeddable":true,"href":"https:\/\/www.donatonigroup.com\/es\/wp-json\/wp\/v2\/product_cat?post=11324"},{"taxonomy":"product_tag","embeddable":true,"href":"https:\/\/www.donatonigroup.com\/es\/wp-json\/wp\/v2\/product_tag?post=11324"},{"taxonomy":"caratteristica","embeddable":true,"href":"https:\/\/www.donatonigroup.com\/es\/wp-json\/wp\/v2\/caratteristica?post=11324"},{"taxonomy":"serie","embeddable":true,"href":"https:\/\/www.donatonigroup.com\/es\/wp-json\/wp\/v2\/serie?post=11324"},{"taxonomy":"settore_di_applicazione","embeddable":true,"href":"https:\/\/www.donatonigroup.com\/es\/wp-json\/wp\/v2\/settore_di_applicazione?post=11324"}],"curies":[{"name":"wp","href":"https:\/\/api.w.org\/{rel}","templated":true}]}}