{"id":11325,"date":"2023-02-09T08:29:54","date_gmt":"2023-02-09T08:29:54","guid":{"rendered":"http:\/\/www.donatonigroup.com\/macchina\/cr-1\/"},"modified":"2023-10-26T14:39:36","modified_gmt":"2023-10-26T14:39:36","slug":"cr-1","status":"publish","type":"product","link":"https:\/\/www.donatonigroup.com\/es\/maquina\/cr-1\/","title":{"rendered":"CR 1"},"content":{"rendered":"<div data-el-id=\"9192ed59-d792-4841-8238-1e7a7a287d76\">\n<div data-el-id=\"9192ed59-d792-4841-8238-1e7a7a287d76-txt\">\n<div class=\"machine-template__description-title\">\n<h3 class=\"machine-template__description-title-text\">Sistemas de producci\u00f3n robotizado de nueva generaci\u00f3n<\/h3>\n<\/div>\n<\/div>\n<\/div>\n<div data-el-id=\"117bc00d-cfe6-4e75-aea3-d633731d9307\">\n<div data-el-id=\"117bc00d-cfe6-4e75-aea3-d633731d9307-txt\">\n<div class=\"machine-template__description-description\">\n<p><strong>DONATONI CR1<\/strong> es un sistema de producci\u00f3n robotizado de nueva generaci\u00f3n de control num\u00e9rico de <strong>6\/7\/8 ejes interpolados<\/strong>, estudiados para ser instrumentos altamente flexibles para la realizaci\u00f3n de elementos de cualquier tama\u00f1o y material, con alturas de hasta 2900mm. Permite una amplia gama de elaboraciones, desde el corte al fresado, a la perforaci\u00f3n y al perfilado sencillo y complejo.<\/p>\n<p>La instalaci\u00f3n es completamente personalizable tanto en la disposici\u00f3n, como gracias a la disponibilidad de numerosos accesorios, como el cambio de herramienta y el cambio de disco autom\u00e1ticos ISO40\/ISO50, la tabla giratoria interpolada, el torno horizontal interpolado, la plataforma con plano de aluminio y los bancos con plano de madera.<\/p>\n<\/div>\n<\/div>\n<\/div>\n","protected":false},"excerpt":{"rendered":"<p>Sistemas de producci\u00f3n robotizado de nueva generaci\u00f3n DONATONI CR1 es un sistema de producci\u00f3n robotizado de nueva generaci\u00f3n de control num\u00e9rico de 6\/7\/8 ejes interpolados, estudiados para ser instrumentos altamente flexibles para la realizaci\u00f3n de elementos de cualquier tama\u00f1o y material, con alturas de hasta 2900mm. Permite una amplia gama de elaboraciones, desde el corte [&hellip;]<\/p>\n","protected":false},"featured_media":10973,"template":"","meta":{"_et_pb_use_builder":"","_et_pb_old_content":"","_et_gb_content_width":""},"product_brand":[],"product_cat":[2220],"product_tag":[],"caratteristica":[2235,2236,2237,2426,2621,2622,2623],"serie":[2227],"settore_di_applicazione":[2208,2209,2210,2211],"class_list":{"0":"post-11325","1":"product","2":"type-product","3":"status-publish","4":"has-post-thumbnail","6":"product_cat-sistemas-roboticos-es","7":"pa_altezza-max-lavoro-ind-2200-es","8":"pa_assi-interpolati-6-7-8-es","9":"pa_attacco-portautensile-40-es","10":"pa_attacco-portautensile-50-es","11":"pa_classe-di-protezione-cr-65-es","12":"pa_classe-di-protezione-polso-67-es","13":"pa_consumo-acqua-3bar-50-es","14":"pa_consumo-aria-6-bar-20-es","15":"pa_coppia-mot-elettromandrino-31-8-38-2-es","16":"pa_coppia-mot-elettromandrino-95-5-114-5-es","17":"pa_corsa-asse-a1-185-es","18":"pa_corsa-asse-a2-140-5-es","19":"pa_corsa-asse-a3-120-168-es","20":"pa_corsa-asse-a4-350-es","21":"pa_corsa-asse-a5-122-5-es","22":"pa_corsa-asse-a6-350-es","23":"pa_diametro-massimo-disco-625-es","24":"pa_diametro-massimo-disco-825-es","25":"pa_diametro-minimo-disco-350-es","26":"pa_dim-piattaforma-3270-x-1500-es","27":"pa_dim-piattaforma-3270-x-2000-es","28":"pa_limiti-ambiente-temp-5-40-es","29":"pa_livello-sonoro-75-es","30":"pa_max-raggio-dazione-2900-es","31":"pa_peso-solo-robot-1120-es","32":"pa_portata-al-polso-240-es","33":"pa_potenza-installata-28-es","34":"pa_potenza-installata-34-es","35":"pa_potenza-nominale-15-18-es","36":"pa_potenza-nominale-20-24-es","37":"pa_profondita-max-di-taglio-205-es","38":"pa_profondita-max-di-taglio-276-es","39":"pa_raffreddamento-motore-liquido-es","40":"pa_ripetibilita-posiz-asse-x-0-05-es","41":"pa_sistema-di-controllo-kr-c4-es","42":"pa_temp-esercizio-10--50-es","43":"pa_tensione-elettrica-standard-40010-50-es","44":"pa_velocita-massima-12000-es","45":"pa_velocita-massima-6000-es","46":"pa_velocita-massima-asse-a1-103-es","47":"pa_velocita-massima-asse-a2-94-es","48":"pa_velocita-massima-asse-a3-100-es","49":"pa_velocita-massima-asse-a4-170-es","50":"pa_velocita-massima-asse-a5-129-es","51":"pa_velocita-massima-asse-a6-206-es","52":"caratteristica-espacio-ocupado-reducido","53":"caratteristica-amplia-gama-de-elaboraciones","54":"caratteristica-sencilla-y-rapida-a-programar","55":"caratteristica-estremamente-potente-es","56":"caratteristica-interfaz-software-dedicado","57":"caratteristica-ideal-para-perfilados-y-esculturas","58":"caratteristica-sistema-modular-libremente-combinable","59":"serie-cr-series-es","60":"settore_di_applicazione-grandes-proyectos","61":"settore_di_applicazione-diseno-y-esculturas","62":"settore_di_applicazione-productos-para-la-construccion","63":"settore_di_applicazione-arte-funerario","65":"first","66":"instock","67":"shipping-taxable","68":"purchasable","69":"product-type-simple"},"acf":[],"yoast_head":"<!-- This site is optimized with the Yoast SEO plugin v25.8 - https:\/\/yoast.com\/wordpress\/plugins\/seo\/ -->\n<title>CR 1 - Donatoni Group<\/title>\n<meta name=\"robots\" content=\"index, follow, max-snippet:-1, max-image-preview:large, max-video-preview:-1\" \/>\n<link rel=\"canonical\" href=\"https:\/\/www.donatonigroup.com\/es\/maquina\/cr-1\/\" \/>\n<meta property=\"og:locale\" content=\"es_ES\" \/>\n<meta property=\"og:type\" content=\"article\" \/>\n<meta property=\"og:title\" content=\"CR 1 - Donatoni Group\" \/>\n<meta property=\"og:description\" content=\"Sistemas de producci\u00f3n robotizado de nueva generaci\u00f3n DONATONI CR1 es un sistema de producci\u00f3n robotizado de nueva generaci\u00f3n de control num\u00e9rico de 6\/7\/8 ejes interpolados, estudiados para ser instrumentos altamente flexibles para la realizaci\u00f3n de elementos de cualquier tama\u00f1o y material, con alturas de hasta 2900mm. Permite una amplia gama de elaboraciones, desde el corte [&hellip;]\" \/>\n<meta property=\"og:url\" content=\"https:\/\/www.donatonigroup.com\/es\/maquina\/cr-1\/\" \/>\n<meta property=\"og:site_name\" content=\"Donatoni Group\" \/>\n<meta property=\"article:publisher\" content=\"https:\/\/www.facebook.com\/donatonimacchine\" \/>\n<meta property=\"article:modified_time\" content=\"2023-10-26T14:39:36+00:00\" \/>\n<meta property=\"og:image\" content=\"https:\/\/www.donatonigroup.com\/wp-content\/uploads\/2023\/02\/CR1-1500x9352-1.png\" \/>\n\t<meta property=\"og:image:width\" content=\"1500\" \/>\n\t<meta property=\"og:image:height\" content=\"935\" \/>\n\t<meta property=\"og:image:type\" content=\"image\/png\" \/>\n<meta name=\"twitter:card\" content=\"summary_large_image\" \/>\n<meta name=\"twitter:label1\" content=\"Tiempo de lectura\" \/>\n\t<meta name=\"twitter:data1\" content=\"1 minuto\" \/>\n<script type=\"application\/ld+json\" class=\"yoast-schema-graph\">{\"@context\":\"https:\/\/schema.org\",\"@graph\":[{\"@type\":\"WebPage\",\"@id\":\"https:\/\/www.donatonigroup.com\/es\/maquina\/cr-1\/\",\"url\":\"https:\/\/www.donatonigroup.com\/es\/maquina\/cr-1\/\",\"name\":\"CR 1 - Donatoni Group\",\"isPartOf\":{\"@id\":\"https:\/\/www.donatonigroup.com\/es\/#website\"},\"primaryImageOfPage\":{\"@id\":\"https:\/\/www.donatonigroup.com\/es\/maquina\/cr-1\/#primaryimage\"},\"image\":{\"@id\":\"https:\/\/www.donatonigroup.com\/es\/maquina\/cr-1\/#primaryimage\"},\"thumbnailUrl\":\"https:\/\/www.donatonigroup.com\/wp-content\/uploads\/2023\/02\/CR1-1500x9352-1.png\",\"datePublished\":\"2023-02-09T08:29:54+00:00\",\"dateModified\":\"2023-10-26T14:39:36+00:00\",\"breadcrumb\":{\"@id\":\"https:\/\/www.donatonigroup.com\/es\/maquina\/cr-1\/#breadcrumb\"},\"inLanguage\":\"es\",\"potentialAction\":[{\"@type\":\"ReadAction\",\"target\":[\"https:\/\/www.donatonigroup.com\/es\/maquina\/cr-1\/\"]}]},{\"@type\":\"ImageObject\",\"inLanguage\":\"es\",\"@id\":\"https:\/\/www.donatonigroup.com\/es\/maquina\/cr-1\/#primaryimage\",\"url\":\"https:\/\/www.donatonigroup.com\/wp-content\/uploads\/2023\/02\/CR1-1500x9352-1.png\",\"contentUrl\":\"https:\/\/www.donatonigroup.com\/wp-content\/uploads\/2023\/02\/CR1-1500x9352-1.png\",\"width\":1500,\"height\":935},{\"@type\":\"BreadcrumbList\",\"@id\":\"https:\/\/www.donatonigroup.com\/es\/maquina\/cr-1\/#breadcrumb\",\"itemListElement\":[{\"@type\":\"ListItem\",\"position\":1,\"name\":\"Home\",\"item\":\"https:\/\/www.donatonigroup.com\/es\/\"},{\"@type\":\"ListItem\",\"position\":2,\"name\":\"Cat\u00e1logo de m\u00e1quinas\",\"item\":\"https:\/\/www.donatonigroup.com\/es\/catalogo-de-maquinas\/\"},{\"@type\":\"ListItem\",\"position\":3,\"name\":\"CR 1\"}]},{\"@type\":\"WebSite\",\"@id\":\"https:\/\/www.donatonigroup.com\/es\/#website\",\"url\":\"https:\/\/www.donatonigroup.com\/es\/\",\"name\":\"Donatoni Group\",\"description\":\"\",\"publisher\":{\"@id\":\"https:\/\/www.donatonigroup.com\/es\/#organization\"},\"potentialAction\":[{\"@type\":\"SearchAction\",\"target\":{\"@type\":\"EntryPoint\",\"urlTemplate\":\"https:\/\/www.donatonigroup.com\/es\/?s={search_term_string}\"},\"query-input\":{\"@type\":\"PropertyValueSpecification\",\"valueRequired\":true,\"valueName\":\"search_term_string\"}}],\"inLanguage\":\"es\"},{\"@type\":\"Organization\",\"@id\":\"https:\/\/www.donatonigroup.com\/es\/#organization\",\"name\":\"Donatoni Group\",\"url\":\"https:\/\/www.donatonigroup.com\/es\/\",\"logo\":{\"@type\":\"ImageObject\",\"inLanguage\":\"es\",\"@id\":\"https:\/\/www.donatonigroup.com\/es\/#\/schema\/logo\/image\/\",\"url\":\"http:\/\/www.donatonigroup.com\/wp-content\/uploads\/2023\/02\/donatoni-logo.png\",\"contentUrl\":\"http:\/\/www.donatonigroup.com\/wp-content\/uploads\/2023\/02\/donatoni-logo.png\",\"width\":800,\"height\":112,\"caption\":\"Donatoni Group\"},\"image\":{\"@id\":\"https:\/\/www.donatonigroup.com\/es\/#\/schema\/logo\/image\/\"},\"sameAs\":[\"https:\/\/www.facebook.com\/donatonimacchine\",\"https:\/\/instagram.com\/donatonigroup\/\",\"https:\/\/www.linkedin.com\/company\/donatoni-macchine-s-r-l\"]}]}<\/script>\n<!-- \/ Yoast SEO plugin. -->","yoast_head_json":{"title":"CR 1 - Donatoni Group","robots":{"index":"index","follow":"follow","max-snippet":"max-snippet:-1","max-image-preview":"max-image-preview:large","max-video-preview":"max-video-preview:-1"},"canonical":"https:\/\/www.donatonigroup.com\/es\/maquina\/cr-1\/","og_locale":"es_ES","og_type":"article","og_title":"CR 1 - Donatoni Group","og_description":"Sistemas de producci\u00f3n robotizado de nueva generaci\u00f3n DONATONI CR1 es un sistema de producci\u00f3n robotizado de nueva generaci\u00f3n de control num\u00e9rico de 6\/7\/8 ejes interpolados, estudiados para ser instrumentos altamente flexibles para la realizaci\u00f3n de elementos de cualquier tama\u00f1o y material, con alturas de hasta 2900mm. Permite una amplia gama de elaboraciones, desde el corte [&hellip;]","og_url":"https:\/\/www.donatonigroup.com\/es\/maquina\/cr-1\/","og_site_name":"Donatoni Group","article_publisher":"https:\/\/www.facebook.com\/donatonimacchine","article_modified_time":"2023-10-26T14:39:36+00:00","og_image":[{"width":1500,"height":935,"url":"https:\/\/www.donatonigroup.com\/wp-content\/uploads\/2023\/02\/CR1-1500x9352-1.png","type":"image\/png"}],"twitter_card":"summary_large_image","twitter_misc":{"Tiempo de lectura":"1 minuto"},"schema":{"@context":"https:\/\/schema.org","@graph":[{"@type":"WebPage","@id":"https:\/\/www.donatonigroup.com\/es\/maquina\/cr-1\/","url":"https:\/\/www.donatonigroup.com\/es\/maquina\/cr-1\/","name":"CR 1 - Donatoni Group","isPartOf":{"@id":"https:\/\/www.donatonigroup.com\/es\/#website"},"primaryImageOfPage":{"@id":"https:\/\/www.donatonigroup.com\/es\/maquina\/cr-1\/#primaryimage"},"image":{"@id":"https:\/\/www.donatonigroup.com\/es\/maquina\/cr-1\/#primaryimage"},"thumbnailUrl":"https:\/\/www.donatonigroup.com\/wp-content\/uploads\/2023\/02\/CR1-1500x9352-1.png","datePublished":"2023-02-09T08:29:54+00:00","dateModified":"2023-10-26T14:39:36+00:00","breadcrumb":{"@id":"https:\/\/www.donatonigroup.com\/es\/maquina\/cr-1\/#breadcrumb"},"inLanguage":"es","potentialAction":[{"@type":"ReadAction","target":["https:\/\/www.donatonigroup.com\/es\/maquina\/cr-1\/"]}]},{"@type":"ImageObject","inLanguage":"es","@id":"https:\/\/www.donatonigroup.com\/es\/maquina\/cr-1\/#primaryimage","url":"https:\/\/www.donatonigroup.com\/wp-content\/uploads\/2023\/02\/CR1-1500x9352-1.png","contentUrl":"https:\/\/www.donatonigroup.com\/wp-content\/uploads\/2023\/02\/CR1-1500x9352-1.png","width":1500,"height":935},{"@type":"BreadcrumbList","@id":"https:\/\/www.donatonigroup.com\/es\/maquina\/cr-1\/#breadcrumb","itemListElement":[{"@type":"ListItem","position":1,"name":"Home","item":"https:\/\/www.donatonigroup.com\/es\/"},{"@type":"ListItem","position":2,"name":"Cat\u00e1logo de m\u00e1quinas","item":"https:\/\/www.donatonigroup.com\/es\/catalogo-de-maquinas\/"},{"@type":"ListItem","position":3,"name":"CR 1"}]},{"@type":"WebSite","@id":"https:\/\/www.donatonigroup.com\/es\/#website","url":"https:\/\/www.donatonigroup.com\/es\/","name":"Donatoni Group","description":"","publisher":{"@id":"https:\/\/www.donatonigroup.com\/es\/#organization"},"potentialAction":[{"@type":"SearchAction","target":{"@type":"EntryPoint","urlTemplate":"https:\/\/www.donatonigroup.com\/es\/?s={search_term_string}"},"query-input":{"@type":"PropertyValueSpecification","valueRequired":true,"valueName":"search_term_string"}}],"inLanguage":"es"},{"@type":"Organization","@id":"https:\/\/www.donatonigroup.com\/es\/#organization","name":"Donatoni Group","url":"https:\/\/www.donatonigroup.com\/es\/","logo":{"@type":"ImageObject","inLanguage":"es","@id":"https:\/\/www.donatonigroup.com\/es\/#\/schema\/logo\/image\/","url":"http:\/\/www.donatonigroup.com\/wp-content\/uploads\/2023\/02\/donatoni-logo.png","contentUrl":"http:\/\/www.donatonigroup.com\/wp-content\/uploads\/2023\/02\/donatoni-logo.png","width":800,"height":112,"caption":"Donatoni Group"},"image":{"@id":"https:\/\/www.donatonigroup.com\/es\/#\/schema\/logo\/image\/"},"sameAs":["https:\/\/www.facebook.com\/donatonimacchine","https:\/\/instagram.com\/donatonigroup\/","https:\/\/www.linkedin.com\/company\/donatoni-macchine-s-r-l"]}]}},"_links":{"self":[{"href":"https:\/\/www.donatonigroup.com\/es\/wp-json\/wp\/v2\/product\/11325","targetHints":{"allow":["GET"]}}],"collection":[{"href":"https:\/\/www.donatonigroup.com\/es\/wp-json\/wp\/v2\/product"}],"about":[{"href":"https:\/\/www.donatonigroup.com\/es\/wp-json\/wp\/v2\/types\/product"}],"wp:featuredmedia":[{"embeddable":true,"href":"https:\/\/www.donatonigroup.com\/es\/wp-json\/wp\/v2\/media\/10973"}],"wp:attachment":[{"href":"https:\/\/www.donatonigroup.com\/es\/wp-json\/wp\/v2\/media?parent=11325"}],"wp:term":[{"taxonomy":"product_brand","embeddable":true,"href":"https:\/\/www.donatonigroup.com\/es\/wp-json\/wp\/v2\/product_brand?post=11325"},{"taxonomy":"product_cat","embeddable":true,"href":"https:\/\/www.donatonigroup.com\/es\/wp-json\/wp\/v2\/product_cat?post=11325"},{"taxonomy":"product_tag","embeddable":true,"href":"https:\/\/www.donatonigroup.com\/es\/wp-json\/wp\/v2\/product_tag?post=11325"},{"taxonomy":"caratteristica","embeddable":true,"href":"https:\/\/www.donatonigroup.com\/es\/wp-json\/wp\/v2\/caratteristica?post=11325"},{"taxonomy":"serie","embeddable":true,"href":"https:\/\/www.donatonigroup.com\/es\/wp-json\/wp\/v2\/serie?post=11325"},{"taxonomy":"settore_di_applicazione","embeddable":true,"href":"https:\/\/www.donatonigroup.com\/es\/wp-json\/wp\/v2\/settore_di_applicazione?post=11325"}],"curies":[{"name":"wp","href":"https:\/\/api.w.org\/{rel}","templated":true}]}}