{"id":11327,"date":"2023-02-07T10:23:23","date_gmt":"2023-02-07T10:23:23","guid":{"rendered":"http:\/\/www.donatonigroup.com\/macchina\/d625\/"},"modified":"2023-12-05T11:20:49","modified_gmt":"2023-12-05T11:20:49","slug":"d625","status":"publish","type":"product","link":"https:\/\/www.donatonigroup.com\/es\/maquina\/d625\/","title":{"rendered":"D 625"},"content":{"rendered":"<h3>Amplia gama que satisface las distintas necesidades de corte<\/h3>\n<p><strong>DONATONI D625<\/strong> es una fresa de puente de control num\u00e9rico de 5 ejes interpolados sencilla y compacta, indicada para la producci\u00f3n de pavimentaciones, distintos tipos de revestimientos para la construcci\u00f3n, encimeras para cocina y encimeras para cuarto de ba\u00f1o de m\u00e1rmol, granito, cer\u00e1mica y piedra artificial. Es una m\u00e1quina que permite realizar cortes de hasta 200mm de profundidad y perfiles sencillos.<\/p>\n","protected":false},"excerpt":{"rendered":"<p>Amplia gama que satisface las distintas necesidades de corte DONATONI D625 es una fresa de puente de control num\u00e9rico de 5 ejes interpolados sencilla y compacta, indicada para la producci\u00f3n de pavimentaciones, distintos tipos de revestimientos para la construcci\u00f3n, encimeras para cocina y encimeras para cuarto de ba\u00f1o de m\u00e1rmol, granito, cer\u00e1mica y piedra artificial. [&hellip;]<\/p>\n","protected":false},"featured_media":10964,"template":"","meta":{"_et_pb_use_builder":"","_et_pb_old_content":"","_et_gb_content_width":""},"product_brand":[],"product_cat":[2214],"product_tag":[],"caratteristica":[2235,2236,2237,2478,2498,2558,2679],"serie":[2223],"settore_di_applicazione":[2206,2210],"class_list":{"0":"post-11327","1":"product","2":"type-product","3":"status-publish","4":"has-post-thumbnail","6":"product_cat-cortadoras-de-puente-cnc","7":"pa_assi-interpolati-5-es","8":"pa_consumo-acqua-3bar-35-es","9":"pa_consumo-aria-20-es","10":"pa_coppia-motore-elettro-tool-730-s1-871-s6-es","11":"pa_corsa-carrello-asse-x-3800-es","12":"pa_corsa-ponte-asse-y-2780-es","13":"pa_corsa-tastatore-lastra-250-es","14":"pa_diametro-massimo-disco-625-es","15":"pa_diametro-minimo-disco-350-es","16":"pa_dim-banco-portalastre-3800-x-2000-es","17":"pa_disco-max-tastatore-lastra-625-es","18":"pa_inclinazione-testa-assea-0-90-es","19":"pa_potenza-motore-tool-11-s1-13-s6-es","20":"pa_potenza-totale-installata-23-es","21":"pa_profondita-max-di-taglio-200-es","22":"pa_range-vel-elettromandrino-t-0-5500-es","23":"pa_rotazione-testa-porta-disco-5-365-es","24":"pa_salita-discesa-assez-450-es","25":"pa_tensione-elettrica-standard-40010-50-es","26":"pa_velocita-max-carrello-asse-x-0-40-es","27":"pa_velocita-max-ponte-asse-y-0-30-es","28":"pa_velocita-max-teste-asse-z-0-5-es","29":"pa_velocita-taglio-regolabile-0-25-es","30":"caratteristica-espacio-ocupado-reducido","31":"caratteristica-amplia-gama-de-elaboraciones","32":"caratteristica-sencilla-y-rapida-a-programar","33":"caratteristica-tagli-e-sagomature-precise-es","34":"caratteristica-transporte-y-montaje-sencillos","35":"caratteristica-no-necesita-cimientos","36":"caratteristica-soluzione-completa-es","37":"serie-d-series-es","38":"settore_di_applicazione-encimeras-de-cocina-y-para-cuarto-de-bano","39":"settore_di_applicazione-productos-para-la-construccion","41":"first","42":"instock","43":"shipping-taxable","44":"purchasable","45":"product-type-simple"},"acf":[],"yoast_head":"<!-- This site is optimized with the Yoast SEO plugin v25.8 - https:\/\/yoast.com\/wordpress\/plugins\/seo\/ -->\n<title>D 625 - Donatoni Group<\/title>\n<meta name=\"robots\" content=\"index, follow, max-snippet:-1, max-image-preview:large, max-video-preview:-1\" \/>\n<link rel=\"canonical\" href=\"https:\/\/www.donatonigroup.com\/es\/maquina\/d625\/\" \/>\n<meta property=\"og:locale\" content=\"es_ES\" \/>\n<meta property=\"og:type\" content=\"article\" \/>\n<meta property=\"og:title\" content=\"D 625 - Donatoni Group\" \/>\n<meta property=\"og:description\" content=\"Amplia gama que satisface las distintas necesidades de corte DONATONI D625 es una fresa de puente de control num\u00e9rico de 5 ejes interpolados sencilla y compacta, indicada para la producci\u00f3n de pavimentaciones, distintos tipos de revestimientos para la construcci\u00f3n, encimeras para cocina y encimeras para cuarto de ba\u00f1o de m\u00e1rmol, granito, cer\u00e1mica y piedra artificial. [&hellip;]\" \/>\n<meta property=\"og:url\" content=\"https:\/\/www.donatonigroup.com\/es\/maquina\/d625\/\" \/>\n<meta property=\"og:site_name\" content=\"Donatoni Group\" \/>\n<meta property=\"article:publisher\" content=\"https:\/\/www.facebook.com\/donatonimacchine\" \/>\n<meta property=\"article:modified_time\" content=\"2023-12-05T11:20:49+00:00\" \/>\n<meta property=\"og:image\" content=\"https:\/\/www.donatonigroup.com\/wp-content\/uploads\/2023\/02\/D625-1500x9352-1.png\" \/>\n\t<meta property=\"og:image:width\" content=\"1500\" \/>\n\t<meta property=\"og:image:height\" content=\"935\" \/>\n\t<meta property=\"og:image:type\" content=\"image\/png\" \/>\n<meta name=\"twitter:card\" content=\"summary_large_image\" \/>\n<meta name=\"twitter:label1\" content=\"Tiempo de lectura\" \/>\n\t<meta name=\"twitter:data1\" content=\"1 minuto\" \/>\n<script type=\"application\/ld+json\" class=\"yoast-schema-graph\">{\"@context\":\"https:\/\/schema.org\",\"@graph\":[{\"@type\":\"WebPage\",\"@id\":\"https:\/\/www.donatonigroup.com\/es\/maquina\/d625\/\",\"url\":\"https:\/\/www.donatonigroup.com\/es\/maquina\/d625\/\",\"name\":\"D 625 - Donatoni Group\",\"isPartOf\":{\"@id\":\"https:\/\/www.donatonigroup.com\/es\/#website\"},\"primaryImageOfPage\":{\"@id\":\"https:\/\/www.donatonigroup.com\/es\/maquina\/d625\/#primaryimage\"},\"image\":{\"@id\":\"https:\/\/www.donatonigroup.com\/es\/maquina\/d625\/#primaryimage\"},\"thumbnailUrl\":\"https:\/\/www.donatonigroup.com\/wp-content\/uploads\/2023\/02\/D625-1500x9352-1.png\",\"datePublished\":\"2023-02-07T10:23:23+00:00\",\"dateModified\":\"2023-12-05T11:20:49+00:00\",\"breadcrumb\":{\"@id\":\"https:\/\/www.donatonigroup.com\/es\/maquina\/d625\/#breadcrumb\"},\"inLanguage\":\"es\",\"potentialAction\":[{\"@type\":\"ReadAction\",\"target\":[\"https:\/\/www.donatonigroup.com\/es\/maquina\/d625\/\"]}]},{\"@type\":\"ImageObject\",\"inLanguage\":\"es\",\"@id\":\"https:\/\/www.donatonigroup.com\/es\/maquina\/d625\/#primaryimage\",\"url\":\"https:\/\/www.donatonigroup.com\/wp-content\/uploads\/2023\/02\/D625-1500x9352-1.png\",\"contentUrl\":\"https:\/\/www.donatonigroup.com\/wp-content\/uploads\/2023\/02\/D625-1500x9352-1.png\",\"width\":1500,\"height\":935},{\"@type\":\"BreadcrumbList\",\"@id\":\"https:\/\/www.donatonigroup.com\/es\/maquina\/d625\/#breadcrumb\",\"itemListElement\":[{\"@type\":\"ListItem\",\"position\":1,\"name\":\"Home\",\"item\":\"https:\/\/www.donatonigroup.com\/es\/\"},{\"@type\":\"ListItem\",\"position\":2,\"name\":\"Cat\u00e1logo de m\u00e1quinas\",\"item\":\"https:\/\/www.donatonigroup.com\/es\/catalogo-de-maquinas\/\"},{\"@type\":\"ListItem\",\"position\":3,\"name\":\"D 625\"}]},{\"@type\":\"WebSite\",\"@id\":\"https:\/\/www.donatonigroup.com\/es\/#website\",\"url\":\"https:\/\/www.donatonigroup.com\/es\/\",\"name\":\"Donatoni Group\",\"description\":\"\",\"publisher\":{\"@id\":\"https:\/\/www.donatonigroup.com\/es\/#organization\"},\"potentialAction\":[{\"@type\":\"SearchAction\",\"target\":{\"@type\":\"EntryPoint\",\"urlTemplate\":\"https:\/\/www.donatonigroup.com\/es\/?s={search_term_string}\"},\"query-input\":{\"@type\":\"PropertyValueSpecification\",\"valueRequired\":true,\"valueName\":\"search_term_string\"}}],\"inLanguage\":\"es\"},{\"@type\":\"Organization\",\"@id\":\"https:\/\/www.donatonigroup.com\/es\/#organization\",\"name\":\"Donatoni Group\",\"url\":\"https:\/\/www.donatonigroup.com\/es\/\",\"logo\":{\"@type\":\"ImageObject\",\"inLanguage\":\"es\",\"@id\":\"https:\/\/www.donatonigroup.com\/es\/#\/schema\/logo\/image\/\",\"url\":\"http:\/\/www.donatonigroup.com\/wp-content\/uploads\/2023\/02\/donatoni-logo.png\",\"contentUrl\":\"http:\/\/www.donatonigroup.com\/wp-content\/uploads\/2023\/02\/donatoni-logo.png\",\"width\":800,\"height\":112,\"caption\":\"Donatoni Group\"},\"image\":{\"@id\":\"https:\/\/www.donatonigroup.com\/es\/#\/schema\/logo\/image\/\"},\"sameAs\":[\"https:\/\/www.facebook.com\/donatonimacchine\",\"https:\/\/instagram.com\/donatonigroup\/\",\"https:\/\/www.linkedin.com\/company\/donatoni-macchine-s-r-l\"]}]}<\/script>\n<!-- \/ Yoast SEO plugin. -->","yoast_head_json":{"title":"D 625 - Donatoni Group","robots":{"index":"index","follow":"follow","max-snippet":"max-snippet:-1","max-image-preview":"max-image-preview:large","max-video-preview":"max-video-preview:-1"},"canonical":"https:\/\/www.donatonigroup.com\/es\/maquina\/d625\/","og_locale":"es_ES","og_type":"article","og_title":"D 625 - Donatoni Group","og_description":"Amplia gama que satisface las distintas necesidades de corte DONATONI D625 es una fresa de puente de control num\u00e9rico de 5 ejes interpolados sencilla y compacta, indicada para la producci\u00f3n de pavimentaciones, distintos tipos de revestimientos para la construcci\u00f3n, encimeras para cocina y encimeras para cuarto de ba\u00f1o de m\u00e1rmol, granito, cer\u00e1mica y piedra artificial. [&hellip;]","og_url":"https:\/\/www.donatonigroup.com\/es\/maquina\/d625\/","og_site_name":"Donatoni Group","article_publisher":"https:\/\/www.facebook.com\/donatonimacchine","article_modified_time":"2023-12-05T11:20:49+00:00","og_image":[{"width":1500,"height":935,"url":"https:\/\/www.donatonigroup.com\/wp-content\/uploads\/2023\/02\/D625-1500x9352-1.png","type":"image\/png"}],"twitter_card":"summary_large_image","twitter_misc":{"Tiempo de lectura":"1 minuto"},"schema":{"@context":"https:\/\/schema.org","@graph":[{"@type":"WebPage","@id":"https:\/\/www.donatonigroup.com\/es\/maquina\/d625\/","url":"https:\/\/www.donatonigroup.com\/es\/maquina\/d625\/","name":"D 625 - Donatoni Group","isPartOf":{"@id":"https:\/\/www.donatonigroup.com\/es\/#website"},"primaryImageOfPage":{"@id":"https:\/\/www.donatonigroup.com\/es\/maquina\/d625\/#primaryimage"},"image":{"@id":"https:\/\/www.donatonigroup.com\/es\/maquina\/d625\/#primaryimage"},"thumbnailUrl":"https:\/\/www.donatonigroup.com\/wp-content\/uploads\/2023\/02\/D625-1500x9352-1.png","datePublished":"2023-02-07T10:23:23+00:00","dateModified":"2023-12-05T11:20:49+00:00","breadcrumb":{"@id":"https:\/\/www.donatonigroup.com\/es\/maquina\/d625\/#breadcrumb"},"inLanguage":"es","potentialAction":[{"@type":"ReadAction","target":["https:\/\/www.donatonigroup.com\/es\/maquina\/d625\/"]}]},{"@type":"ImageObject","inLanguage":"es","@id":"https:\/\/www.donatonigroup.com\/es\/maquina\/d625\/#primaryimage","url":"https:\/\/www.donatonigroup.com\/wp-content\/uploads\/2023\/02\/D625-1500x9352-1.png","contentUrl":"https:\/\/www.donatonigroup.com\/wp-content\/uploads\/2023\/02\/D625-1500x9352-1.png","width":1500,"height":935},{"@type":"BreadcrumbList","@id":"https:\/\/www.donatonigroup.com\/es\/maquina\/d625\/#breadcrumb","itemListElement":[{"@type":"ListItem","position":1,"name":"Home","item":"https:\/\/www.donatonigroup.com\/es\/"},{"@type":"ListItem","position":2,"name":"Cat\u00e1logo de m\u00e1quinas","item":"https:\/\/www.donatonigroup.com\/es\/catalogo-de-maquinas\/"},{"@type":"ListItem","position":3,"name":"D 625"}]},{"@type":"WebSite","@id":"https:\/\/www.donatonigroup.com\/es\/#website","url":"https:\/\/www.donatonigroup.com\/es\/","name":"Donatoni Group","description":"","publisher":{"@id":"https:\/\/www.donatonigroup.com\/es\/#organization"},"potentialAction":[{"@type":"SearchAction","target":{"@type":"EntryPoint","urlTemplate":"https:\/\/www.donatonigroup.com\/es\/?s={search_term_string}"},"query-input":{"@type":"PropertyValueSpecification","valueRequired":true,"valueName":"search_term_string"}}],"inLanguage":"es"},{"@type":"Organization","@id":"https:\/\/www.donatonigroup.com\/es\/#organization","name":"Donatoni Group","url":"https:\/\/www.donatonigroup.com\/es\/","logo":{"@type":"ImageObject","inLanguage":"es","@id":"https:\/\/www.donatonigroup.com\/es\/#\/schema\/logo\/image\/","url":"http:\/\/www.donatonigroup.com\/wp-content\/uploads\/2023\/02\/donatoni-logo.png","contentUrl":"http:\/\/www.donatonigroup.com\/wp-content\/uploads\/2023\/02\/donatoni-logo.png","width":800,"height":112,"caption":"Donatoni Group"},"image":{"@id":"https:\/\/www.donatonigroup.com\/es\/#\/schema\/logo\/image\/"},"sameAs":["https:\/\/www.facebook.com\/donatonimacchine","https:\/\/instagram.com\/donatonigroup\/","https:\/\/www.linkedin.com\/company\/donatoni-macchine-s-r-l"]}]}},"_links":{"self":[{"href":"https:\/\/www.donatonigroup.com\/es\/wp-json\/wp\/v2\/product\/11327","targetHints":{"allow":["GET"]}}],"collection":[{"href":"https:\/\/www.donatonigroup.com\/es\/wp-json\/wp\/v2\/product"}],"about":[{"href":"https:\/\/www.donatonigroup.com\/es\/wp-json\/wp\/v2\/types\/product"}],"wp:featuredmedia":[{"embeddable":true,"href":"https:\/\/www.donatonigroup.com\/es\/wp-json\/wp\/v2\/media\/10964"}],"wp:attachment":[{"href":"https:\/\/www.donatonigroup.com\/es\/wp-json\/wp\/v2\/media?parent=11327"}],"wp:term":[{"taxonomy":"product_brand","embeddable":true,"href":"https:\/\/www.donatonigroup.com\/es\/wp-json\/wp\/v2\/product_brand?post=11327"},{"taxonomy":"product_cat","embeddable":true,"href":"https:\/\/www.donatonigroup.com\/es\/wp-json\/wp\/v2\/product_cat?post=11327"},{"taxonomy":"product_tag","embeddable":true,"href":"https:\/\/www.donatonigroup.com\/es\/wp-json\/wp\/v2\/product_tag?post=11327"},{"taxonomy":"caratteristica","embeddable":true,"href":"https:\/\/www.donatonigroup.com\/es\/wp-json\/wp\/v2\/caratteristica?post=11327"},{"taxonomy":"serie","embeddable":true,"href":"https:\/\/www.donatonigroup.com\/es\/wp-json\/wp\/v2\/serie?post=11327"},{"taxonomy":"settore_di_applicazione","embeddable":true,"href":"https:\/\/www.donatonigroup.com\/es\/wp-json\/wp\/v2\/settore_di_applicazione?post=11327"}],"curies":[{"name":"wp","href":"https:\/\/api.w.org\/{rel}","templated":true}]}}