{"id":11334,"date":"2023-05-23T13:22:38","date_gmt":"2023-05-23T13:22:38","guid":{"rendered":"http:\/\/www.donatonigroup.com\/macchina\/geko\/"},"modified":"2023-10-26T15:24:15","modified_gmt":"2023-10-26T15:24:15","slug":"geko","status":"publish","type":"product","link":"https:\/\/www.donatonigroup.com\/es\/maquina\/geko\/","title":{"rendered":"Geko"},"content":{"rendered":"<p>GEKO es un cargador autom\u00e1tico ideal para la automatizaci\u00f3n de l\u00edneas para la elaboraci\u00f3n de tableros de m\u00e1rmol, granito y conglomerado. GEKO carica le lastre direttamente dallo stoccaggio e le deposita sul banco a rulli motorizzato che alimenta la linea di lavorazione, consentendo anche la lavorazione \u201ca macchia aperta\u201d. GEKO \u00e8 gestito da un sistema a controllo numerico ed \u00e8 movimentato con motori brushless; il pannello a ventose \u00e8 in grado di eseguire delle rotazioni oltre i 180 gradi. GEKO viene fornito completo di rulliera a pettine motorizzata. Le particolari soluzioni meccaniche adottate, quali guide lineari e vite a ricircolo di sfere, l\u2019utilizzo di 49 ventose in alluminio anodizzato suddivise in 5 gruppi,ed il funzionamento programmabile attraverso una semplice interfaccia con schermo touch screen, posizionano GEKO al top tra i caricatori automatici per lastre a ventose, per velocit\u00e0, precisione e sicurezza, adatto anche per la movimentazione di lastre particolarmente fratturate. Optional: una piattaforma portalastre girevole per permettere il carico e lo scarico delle lastre anche quando la macchina \u00e8 in fase di lavoro<\/p>\n","protected":false},"excerpt":{"rendered":"<p>GEKO es un cargador autom\u00e1tico ideal para la automatizaci\u00f3n de l\u00edneas para la elaboraci\u00f3n de tableros de m\u00e1rmol, granito y conglomerado. GEKO carica le lastre direttamente dallo stoccaggio e le deposita sul banco a rulli motorizzato che alimenta la linea di lavorazione, consentendo anche la lavorazione \u201ca macchia aperta\u201d. GEKO \u00e8 gestito da un sistema [&hellip;]<\/p>\n","protected":false},"featured_media":10963,"template":"","meta":{"_et_pb_use_builder":"","_et_pb_old_content":"","_et_gb_content_width":""},"product_brand":[],"product_cat":[2220],"product_tag":[],"caratteristica":[],"serie":[],"settore_di_applicazione":[2206,2207,2208],"class_list":{"0":"post-11334","1":"product","2":"type-product","3":"status-publish","4":"has-post-thumbnail","6":"product_cat-sistemas-roboticos-es","7":"pa_acc-dec-max-asse-c-80-es","8":"pa_acc-dec-max-asse-x-400-es","9":"pa_acc-dec-max-asse-z-200-es","10":"pa_assi-interpolati-3-es","11":"pa_corsa-carrello-asse-x-5500-es","12":"pa_dim-max-lastra-3500-x-2100-es","13":"pa_dim-min-lastra-1000-x-600-es","14":"pa_numero-assi-controllati-cn-3-es","15":"pa_numero-ventose-49-es","16":"pa_peso-complessivo-macchina-2300-es","17":"pa_portata-massima-1500-es","18":"pa_portata-max-unitaria-ventosa-40-es","19":"pa_portata-pompa-vuoto-100-es","20":"pa_pot-piat-rot-1-5-s1-es","21":"pa_potenza-installata-12-7-s1-es","22":"pa_potenza-motore-asse-c-1-6-es","23":"pa_potenza-motore-asse-x-1-5-es","24":"pa_potenza-motore-asse-z-4-7-es","25":"pa_potenza-pompa-a-vuoto-2-2-es-2","26":"pa_rotazione-testa-porta-disco-0-180-es","27":"pa_salita-discesa-assez-880-es","28":"pa_tensione-elettrica-standard-40010-50-es","29":"pa_vel-max-asse-c-1-2-es","30":"pa_velocita-max-carrello-asse-x-0-20-es","31":"pa_velocita-max-teste-asse-z-0-9-es","32":"settore_di_applicazione-encimeras-de-cocina-y-para-cuarto-de-bano","33":"settore_di_applicazione-pavimentaciones-y-revestimientos","34":"settore_di_applicazione-grandes-proyectos","36":"first","37":"instock","38":"shipping-taxable","39":"purchasable","40":"product-type-simple"},"acf":[],"yoast_head":"<!-- This site is optimized with the Yoast SEO plugin v25.8 - https:\/\/yoast.com\/wordpress\/plugins\/seo\/ -->\n<title>Geko - Donatoni Group<\/title>\n<meta name=\"robots\" content=\"index, follow, max-snippet:-1, max-image-preview:large, max-video-preview:-1\" \/>\n<link rel=\"canonical\" href=\"https:\/\/www.donatonigroup.com\/es\/maquina\/geko\/\" \/>\n<meta property=\"og:locale\" content=\"es_ES\" \/>\n<meta property=\"og:type\" content=\"article\" \/>\n<meta property=\"og:title\" content=\"Geko - Donatoni Group\" \/>\n<meta property=\"og:description\" content=\"GEKO es un cargador autom\u00e1tico ideal para la automatizaci\u00f3n de l\u00edneas para la elaboraci\u00f3n de tableros de m\u00e1rmol, granito y conglomerado. GEKO carica le lastre direttamente dallo stoccaggio e le deposita sul banco a rulli motorizzato che alimenta la linea di lavorazione, consentendo anche la lavorazione \u201ca macchia aperta\u201d. GEKO \u00e8 gestito da un sistema [&hellip;]\" \/>\n<meta property=\"og:url\" content=\"https:\/\/www.donatonigroup.com\/es\/maquina\/geko\/\" \/>\n<meta property=\"og:site_name\" content=\"Donatoni Group\" \/>\n<meta property=\"article:publisher\" content=\"https:\/\/www.facebook.com\/donatonimacchine\" \/>\n<meta property=\"article:modified_time\" content=\"2023-10-26T15:24:15+00:00\" \/>\n<meta property=\"og:image\" content=\"https:\/\/www.donatonigroup.com\/wp-content\/uploads\/2023\/05\/Geko-1500x935-1.png\" \/>\n\t<meta property=\"og:image:width\" content=\"1500\" \/>\n\t<meta property=\"og:image:height\" content=\"935\" \/>\n\t<meta property=\"og:image:type\" content=\"image\/png\" \/>\n<meta name=\"twitter:card\" content=\"summary_large_image\" \/>\n<meta name=\"twitter:label1\" content=\"Tiempo de lectura\" \/>\n\t<meta name=\"twitter:data1\" content=\"1 minuto\" \/>\n<script type=\"application\/ld+json\" class=\"yoast-schema-graph\">{\"@context\":\"https:\/\/schema.org\",\"@graph\":[{\"@type\":\"WebPage\",\"@id\":\"https:\/\/www.donatonigroup.com\/es\/maquina\/geko\/\",\"url\":\"https:\/\/www.donatonigroup.com\/es\/maquina\/geko\/\",\"name\":\"Geko - Donatoni Group\",\"isPartOf\":{\"@id\":\"https:\/\/www.donatonigroup.com\/es\/#website\"},\"primaryImageOfPage\":{\"@id\":\"https:\/\/www.donatonigroup.com\/es\/maquina\/geko\/#primaryimage\"},\"image\":{\"@id\":\"https:\/\/www.donatonigroup.com\/es\/maquina\/geko\/#primaryimage\"},\"thumbnailUrl\":\"https:\/\/www.donatonigroup.com\/wp-content\/uploads\/2023\/05\/Geko-1500x935-1.png\",\"datePublished\":\"2023-05-23T13:22:38+00:00\",\"dateModified\":\"2023-10-26T15:24:15+00:00\",\"breadcrumb\":{\"@id\":\"https:\/\/www.donatonigroup.com\/es\/maquina\/geko\/#breadcrumb\"},\"inLanguage\":\"es\",\"potentialAction\":[{\"@type\":\"ReadAction\",\"target\":[\"https:\/\/www.donatonigroup.com\/es\/maquina\/geko\/\"]}]},{\"@type\":\"ImageObject\",\"inLanguage\":\"es\",\"@id\":\"https:\/\/www.donatonigroup.com\/es\/maquina\/geko\/#primaryimage\",\"url\":\"https:\/\/www.donatonigroup.com\/wp-content\/uploads\/2023\/05\/Geko-1500x935-1.png\",\"contentUrl\":\"https:\/\/www.donatonigroup.com\/wp-content\/uploads\/2023\/05\/Geko-1500x935-1.png\",\"width\":1500,\"height\":935},{\"@type\":\"BreadcrumbList\",\"@id\":\"https:\/\/www.donatonigroup.com\/es\/maquina\/geko\/#breadcrumb\",\"itemListElement\":[{\"@type\":\"ListItem\",\"position\":1,\"name\":\"Home\",\"item\":\"https:\/\/www.donatonigroup.com\/es\/\"},{\"@type\":\"ListItem\",\"position\":2,\"name\":\"Cat\u00e1logo de m\u00e1quinas\",\"item\":\"https:\/\/www.donatonigroup.com\/es\/catalogo-de-maquinas\/\"},{\"@type\":\"ListItem\",\"position\":3,\"name\":\"Geko\"}]},{\"@type\":\"WebSite\",\"@id\":\"https:\/\/www.donatonigroup.com\/es\/#website\",\"url\":\"https:\/\/www.donatonigroup.com\/es\/\",\"name\":\"Donatoni Group\",\"description\":\"\",\"publisher\":{\"@id\":\"https:\/\/www.donatonigroup.com\/es\/#organization\"},\"potentialAction\":[{\"@type\":\"SearchAction\",\"target\":{\"@type\":\"EntryPoint\",\"urlTemplate\":\"https:\/\/www.donatonigroup.com\/es\/?s={search_term_string}\"},\"query-input\":{\"@type\":\"PropertyValueSpecification\",\"valueRequired\":true,\"valueName\":\"search_term_string\"}}],\"inLanguage\":\"es\"},{\"@type\":\"Organization\",\"@id\":\"https:\/\/www.donatonigroup.com\/es\/#organization\",\"name\":\"Donatoni Group\",\"url\":\"https:\/\/www.donatonigroup.com\/es\/\",\"logo\":{\"@type\":\"ImageObject\",\"inLanguage\":\"es\",\"@id\":\"https:\/\/www.donatonigroup.com\/es\/#\/schema\/logo\/image\/\",\"url\":\"http:\/\/www.donatonigroup.com\/wp-content\/uploads\/2023\/02\/donatoni-logo.png\",\"contentUrl\":\"http:\/\/www.donatonigroup.com\/wp-content\/uploads\/2023\/02\/donatoni-logo.png\",\"width\":800,\"height\":112,\"caption\":\"Donatoni Group\"},\"image\":{\"@id\":\"https:\/\/www.donatonigroup.com\/es\/#\/schema\/logo\/image\/\"},\"sameAs\":[\"https:\/\/www.facebook.com\/donatonimacchine\",\"https:\/\/instagram.com\/donatonigroup\/\",\"https:\/\/www.linkedin.com\/company\/donatoni-macchine-s-r-l\"]}]}<\/script>\n<!-- \/ Yoast SEO plugin. -->","yoast_head_json":{"title":"Geko - Donatoni Group","robots":{"index":"index","follow":"follow","max-snippet":"max-snippet:-1","max-image-preview":"max-image-preview:large","max-video-preview":"max-video-preview:-1"},"canonical":"https:\/\/www.donatonigroup.com\/es\/maquina\/geko\/","og_locale":"es_ES","og_type":"article","og_title":"Geko - Donatoni Group","og_description":"GEKO es un cargador autom\u00e1tico ideal para la automatizaci\u00f3n de l\u00edneas para la elaboraci\u00f3n de tableros de m\u00e1rmol, granito y conglomerado. GEKO carica le lastre direttamente dallo stoccaggio e le deposita sul banco a rulli motorizzato che alimenta la linea di lavorazione, consentendo anche la lavorazione \u201ca macchia aperta\u201d. GEKO \u00e8 gestito da un sistema [&hellip;]","og_url":"https:\/\/www.donatonigroup.com\/es\/maquina\/geko\/","og_site_name":"Donatoni Group","article_publisher":"https:\/\/www.facebook.com\/donatonimacchine","article_modified_time":"2023-10-26T15:24:15+00:00","og_image":[{"width":1500,"height":935,"url":"https:\/\/www.donatonigroup.com\/wp-content\/uploads\/2023\/05\/Geko-1500x935-1.png","type":"image\/png"}],"twitter_card":"summary_large_image","twitter_misc":{"Tiempo de lectura":"1 minuto"},"schema":{"@context":"https:\/\/schema.org","@graph":[{"@type":"WebPage","@id":"https:\/\/www.donatonigroup.com\/es\/maquina\/geko\/","url":"https:\/\/www.donatonigroup.com\/es\/maquina\/geko\/","name":"Geko - Donatoni Group","isPartOf":{"@id":"https:\/\/www.donatonigroup.com\/es\/#website"},"primaryImageOfPage":{"@id":"https:\/\/www.donatonigroup.com\/es\/maquina\/geko\/#primaryimage"},"image":{"@id":"https:\/\/www.donatonigroup.com\/es\/maquina\/geko\/#primaryimage"},"thumbnailUrl":"https:\/\/www.donatonigroup.com\/wp-content\/uploads\/2023\/05\/Geko-1500x935-1.png","datePublished":"2023-05-23T13:22:38+00:00","dateModified":"2023-10-26T15:24:15+00:00","breadcrumb":{"@id":"https:\/\/www.donatonigroup.com\/es\/maquina\/geko\/#breadcrumb"},"inLanguage":"es","potentialAction":[{"@type":"ReadAction","target":["https:\/\/www.donatonigroup.com\/es\/maquina\/geko\/"]}]},{"@type":"ImageObject","inLanguage":"es","@id":"https:\/\/www.donatonigroup.com\/es\/maquina\/geko\/#primaryimage","url":"https:\/\/www.donatonigroup.com\/wp-content\/uploads\/2023\/05\/Geko-1500x935-1.png","contentUrl":"https:\/\/www.donatonigroup.com\/wp-content\/uploads\/2023\/05\/Geko-1500x935-1.png","width":1500,"height":935},{"@type":"BreadcrumbList","@id":"https:\/\/www.donatonigroup.com\/es\/maquina\/geko\/#breadcrumb","itemListElement":[{"@type":"ListItem","position":1,"name":"Home","item":"https:\/\/www.donatonigroup.com\/es\/"},{"@type":"ListItem","position":2,"name":"Cat\u00e1logo de m\u00e1quinas","item":"https:\/\/www.donatonigroup.com\/es\/catalogo-de-maquinas\/"},{"@type":"ListItem","position":3,"name":"Geko"}]},{"@type":"WebSite","@id":"https:\/\/www.donatonigroup.com\/es\/#website","url":"https:\/\/www.donatonigroup.com\/es\/","name":"Donatoni Group","description":"","publisher":{"@id":"https:\/\/www.donatonigroup.com\/es\/#organization"},"potentialAction":[{"@type":"SearchAction","target":{"@type":"EntryPoint","urlTemplate":"https:\/\/www.donatonigroup.com\/es\/?s={search_term_string}"},"query-input":{"@type":"PropertyValueSpecification","valueRequired":true,"valueName":"search_term_string"}}],"inLanguage":"es"},{"@type":"Organization","@id":"https:\/\/www.donatonigroup.com\/es\/#organization","name":"Donatoni Group","url":"https:\/\/www.donatonigroup.com\/es\/","logo":{"@type":"ImageObject","inLanguage":"es","@id":"https:\/\/www.donatonigroup.com\/es\/#\/schema\/logo\/image\/","url":"http:\/\/www.donatonigroup.com\/wp-content\/uploads\/2023\/02\/donatoni-logo.png","contentUrl":"http:\/\/www.donatonigroup.com\/wp-content\/uploads\/2023\/02\/donatoni-logo.png","width":800,"height":112,"caption":"Donatoni Group"},"image":{"@id":"https:\/\/www.donatonigroup.com\/es\/#\/schema\/logo\/image\/"},"sameAs":["https:\/\/www.facebook.com\/donatonimacchine","https:\/\/instagram.com\/donatonigroup\/","https:\/\/www.linkedin.com\/company\/donatoni-macchine-s-r-l"]}]}},"_links":{"self":[{"href":"https:\/\/www.donatonigroup.com\/es\/wp-json\/wp\/v2\/product\/11334","targetHints":{"allow":["GET"]}}],"collection":[{"href":"https:\/\/www.donatonigroup.com\/es\/wp-json\/wp\/v2\/product"}],"about":[{"href":"https:\/\/www.donatonigroup.com\/es\/wp-json\/wp\/v2\/types\/product"}],"wp:featuredmedia":[{"embeddable":true,"href":"https:\/\/www.donatonigroup.com\/es\/wp-json\/wp\/v2\/media\/10963"}],"wp:attachment":[{"href":"https:\/\/www.donatonigroup.com\/es\/wp-json\/wp\/v2\/media?parent=11334"}],"wp:term":[{"taxonomy":"product_brand","embeddable":true,"href":"https:\/\/www.donatonigroup.com\/es\/wp-json\/wp\/v2\/product_brand?post=11334"},{"taxonomy":"product_cat","embeddable":true,"href":"https:\/\/www.donatonigroup.com\/es\/wp-json\/wp\/v2\/product_cat?post=11334"},{"taxonomy":"product_tag","embeddable":true,"href":"https:\/\/www.donatonigroup.com\/es\/wp-json\/wp\/v2\/product_tag?post=11334"},{"taxonomy":"caratteristica","embeddable":true,"href":"https:\/\/www.donatonigroup.com\/es\/wp-json\/wp\/v2\/caratteristica?post=11334"},{"taxonomy":"serie","embeddable":true,"href":"https:\/\/www.donatonigroup.com\/es\/wp-json\/wp\/v2\/serie?post=11334"},{"taxonomy":"settore_di_applicazione","embeddable":true,"href":"https:\/\/www.donatonigroup.com\/es\/wp-json\/wp\/v2\/settore_di_applicazione?post=11334"}],"curies":[{"name":"wp","href":"https:\/\/api.w.org\/{rel}","templated":true}]}}