{"id":12088,"date":"2023-11-23T08:33:42","date_gmt":"2023-11-23T08:33:42","guid":{"rendered":"http:\/\/www.donatonigroup.com\/?post_type=product&#038;p=12088"},"modified":"2023-12-05T11:27:36","modified_gmt":"2023-12-05T11:27:36","slug":"arm-1","status":"publish","type":"product","link":"https:\/\/www.donatonigroup.com\/es\/maquina\/arm-1\/","title":{"rendered":"ARM 1"},"content":{"rendered":"<p><strong>L\u00ednea con robot de paletizaci\u00f3n <\/strong><\/p>\n<p>L\u00ednea de paletizaci\u00f3n robotizada que garantiza la m\u00e1xima versatilidad y flexibilidad<\/p>\n<p>DONATONI ARM 1 est\u00e1 dise\u00f1ado para ofrecer una eficiencia sin igual en la <strong>paletizaci\u00f3n de azulejos, baldosas y revestimientos en formatos de dimensiones mixtas.<\/strong> El robot est\u00e1 equipado con una <strong>pinza de agarre \u00fanico<\/strong> capaz de gestionar la producci\u00f3n de manera r\u00e1pida y precisa.<\/p>\n<p>La tecnolog\u00eda DONATONI permite la <strong>recogida y paletizaci\u00f3n directa en m\u00faltiples estaciones<\/strong>, garantizando una gesti\u00f3n optimizada del flujo de trabajo. Para aumentar a\u00fan m\u00e1s la versatilidad del sistema, ofrecemos un <strong>eje de seguimiento de robot opcional<\/strong>, que permite adaptarse f\u00e1cilmente a las diversas necesidades de producci\u00f3n.<\/p>\n<p>Con DONATONI ARM 1, obtendr\u00e1s el <strong>m\u00e1ximo nivel de automatizaci\u00f3n y precisi\u00f3n<\/strong> en el proceso de paletizaci\u00f3n.<\/p>\n","protected":false},"excerpt":{"rendered":"<p>L\u00ednea con robot de paletizaci\u00f3n L\u00ednea de paletizaci\u00f3n robotizada que garantiza la m\u00e1xima versatilidad y flexibilidad DONATONI ARM 1 est\u00e1 dise\u00f1ado para ofrecer una eficiencia sin igual en la paletizaci\u00f3n de azulejos, baldosas y revestimientos en formatos de dimensiones mixtas. El robot est\u00e1 equipado con una pinza de agarre \u00fanico capaz de gestionar la producci\u00f3n [&hellip;]<\/p>\n","protected":false},"featured_media":12084,"template":"","meta":{"_et_pb_use_builder":"","_et_pb_old_content":"","_et_gb_content_width":""},"product_brand":[],"product_cat":[2220],"product_tag":[],"caratteristica":[2233,2237,2521,2544,2545,2743,2744,2745],"serie":[2963],"settore_di_applicazione":[2206,2207,2208,2210],"class_list":{"0":"post-12088","1":"product","2":"type-product","3":"status-publish","4":"has-post-thumbnail","6":"product_cat-sistemas-roboticos-es","7":"pa_assi-interpolati-6-es","8":"pa_classe-di-protezione-polso-67-es","9":"pa_classe-protezione-65-es","10":"pa_consumo-aria-6-bar-20-es","11":"pa_corsa-asse-a1-185-es","12":"pa_corsa-asse-a2-120-70-es","13":"pa_corsa-asse-a3-120-168-es","14":"pa_corsa-asse-a4-350-es","15":"pa_corsa-asse-a5-125-es","16":"pa_corsa-asse-a6-350-es","17":"pa_dimensioni-max-pezzo-in-pres-2000-x-1200-es","18":"pa_dimensioni-min-pezzo-in-pres-300-x-100-es","19":"pa_max-raggio-dazione-3500-es","20":"pa_num-max-pezzi-in-presa-1-es","21":"pa_peso-massimo-pezzo-in-presa-peso-massimo-pezzo-in-presa-es","22":"pa_peso-solo-robot-1256-es","23":"pa_portata-al-polso-180-es","24":"pa_potenza-pompa-a-vuoto-4-es-2","25":"pa_potenza-totale-installata-20-36-es","26":"pa_sistema-di-controllo-kr-c5-es","27":"pa_tensione-elettrica-standard-40010-50-es","28":"pa_velocita-massima-asse-a1-105-es","29":"pa_velocita-massima-asse-a2-101-es","30":"pa_velocita-massima-asse-a3-110-es","31":"pa_velocita-massima-asse-a4-150-es","32":"pa_velocita-massima-asse-a5-180-es","33":"pa_velocita-massima-asse-a6-260-es","34":"caratteristica-flexibilidad-en-la-produccion","35":"caratteristica-sencilla-y-rapida-a-programar","36":"caratteristica-estremamente-versatile-es","37":"caratteristica-elevata-produttivita-es","38":"caratteristica-ideale-per-produrre-in-serie-es","39":"caratteristica-automazione-processo-produttivo-es","40":"caratteristica-estremamente-veloce-es","41":"caratteristica-riduzione-costi-di-lavorazione-es","42":"serie-arm-series-es","43":"settore_di_applicazione-encimeras-de-cocina-y-para-cuarto-de-bano","44":"settore_di_applicazione-pavimentaciones-y-revestimientos","45":"settore_di_applicazione-grandes-proyectos","46":"settore_di_applicazione-productos-para-la-construccion","48":"first","49":"instock","50":"shipping-taxable","51":"product-type-simple"},"acf":[],"yoast_head":"<!-- This site is optimized with the Yoast SEO plugin v25.8 - https:\/\/yoast.com\/wordpress\/plugins\/seo\/ -->\n<title>ARM 1 - Donatoni Group<\/title>\n<meta name=\"robots\" content=\"index, follow, max-snippet:-1, max-image-preview:large, max-video-preview:-1\" \/>\n<link rel=\"canonical\" href=\"https:\/\/www.donatonigroup.com\/es\/maquina\/arm-1\/\" \/>\n<meta property=\"og:locale\" content=\"es_ES\" \/>\n<meta property=\"og:type\" content=\"article\" \/>\n<meta property=\"og:title\" content=\"ARM 1 - Donatoni Group\" \/>\n<meta property=\"og:description\" content=\"L\u00ednea con robot de paletizaci\u00f3n L\u00ednea de paletizaci\u00f3n robotizada que garantiza la m\u00e1xima versatilidad y flexibilidad DONATONI ARM 1 est\u00e1 dise\u00f1ado para ofrecer una eficiencia sin igual en la paletizaci\u00f3n de azulejos, baldosas y revestimientos en formatos de dimensiones mixtas. El robot est\u00e1 equipado con una pinza de agarre \u00fanico capaz de gestionar la producci\u00f3n [&hellip;]\" \/>\n<meta property=\"og:url\" content=\"https:\/\/www.donatonigroup.com\/es\/maquina\/arm-1\/\" \/>\n<meta property=\"og:site_name\" content=\"Donatoni Group\" \/>\n<meta property=\"article:publisher\" content=\"https:\/\/www.facebook.com\/donatonimacchine\" \/>\n<meta property=\"article:modified_time\" content=\"2023-12-05T11:27:36+00:00\" \/>\n<meta property=\"og:image\" content=\"https:\/\/www.donatonigroup.com\/wp-content\/uploads\/2023\/11\/ARM1-senza-sfondo-sito-2.png\" \/>\n\t<meta property=\"og:image:width\" content=\"1080\" \/>\n\t<meta property=\"og:image:height\" content=\"675\" \/>\n\t<meta property=\"og:image:type\" content=\"image\/png\" \/>\n<meta name=\"twitter:card\" content=\"summary_large_image\" \/>\n<meta name=\"twitter:label1\" content=\"Tiempo de lectura\" \/>\n\t<meta name=\"twitter:data1\" content=\"1 minuto\" \/>\n<script type=\"application\/ld+json\" class=\"yoast-schema-graph\">{\"@context\":\"https:\/\/schema.org\",\"@graph\":[{\"@type\":\"WebPage\",\"@id\":\"https:\/\/www.donatonigroup.com\/es\/maquina\/arm-1\/\",\"url\":\"https:\/\/www.donatonigroup.com\/es\/maquina\/arm-1\/\",\"name\":\"ARM 1 - Donatoni Group\",\"isPartOf\":{\"@id\":\"https:\/\/www.donatonigroup.com\/es\/#website\"},\"primaryImageOfPage\":{\"@id\":\"https:\/\/www.donatonigroup.com\/es\/maquina\/arm-1\/#primaryimage\"},\"image\":{\"@id\":\"https:\/\/www.donatonigroup.com\/es\/maquina\/arm-1\/#primaryimage\"},\"thumbnailUrl\":\"https:\/\/www.donatonigroup.com\/wp-content\/uploads\/2023\/11\/ARM1-senza-sfondo-sito-2.png\",\"datePublished\":\"2023-11-23T08:33:42+00:00\",\"dateModified\":\"2023-12-05T11:27:36+00:00\",\"breadcrumb\":{\"@id\":\"https:\/\/www.donatonigroup.com\/es\/maquina\/arm-1\/#breadcrumb\"},\"inLanguage\":\"es\",\"potentialAction\":[{\"@type\":\"ReadAction\",\"target\":[\"https:\/\/www.donatonigroup.com\/es\/maquina\/arm-1\/\"]}]},{\"@type\":\"ImageObject\",\"inLanguage\":\"es\",\"@id\":\"https:\/\/www.donatonigroup.com\/es\/maquina\/arm-1\/#primaryimage\",\"url\":\"https:\/\/www.donatonigroup.com\/wp-content\/uploads\/2023\/11\/ARM1-senza-sfondo-sito-2.png\",\"contentUrl\":\"https:\/\/www.donatonigroup.com\/wp-content\/uploads\/2023\/11\/ARM1-senza-sfondo-sito-2.png\",\"width\":1080,\"height\":675},{\"@type\":\"BreadcrumbList\",\"@id\":\"https:\/\/www.donatonigroup.com\/es\/maquina\/arm-1\/#breadcrumb\",\"itemListElement\":[{\"@type\":\"ListItem\",\"position\":1,\"name\":\"Home\",\"item\":\"https:\/\/www.donatonigroup.com\/es\/\"},{\"@type\":\"ListItem\",\"position\":2,\"name\":\"Cat\u00e1logo de m\u00e1quinas\",\"item\":\"https:\/\/www.donatonigroup.com\/es\/catalogo-de-maquinas\/\"},{\"@type\":\"ListItem\",\"position\":3,\"name\":\"ARM 1\"}]},{\"@type\":\"WebSite\",\"@id\":\"https:\/\/www.donatonigroup.com\/es\/#website\",\"url\":\"https:\/\/www.donatonigroup.com\/es\/\",\"name\":\"Donatoni Group\",\"description\":\"\",\"publisher\":{\"@id\":\"https:\/\/www.donatonigroup.com\/es\/#organization\"},\"potentialAction\":[{\"@type\":\"SearchAction\",\"target\":{\"@type\":\"EntryPoint\",\"urlTemplate\":\"https:\/\/www.donatonigroup.com\/es\/?s={search_term_string}\"},\"query-input\":{\"@type\":\"PropertyValueSpecification\",\"valueRequired\":true,\"valueName\":\"search_term_string\"}}],\"inLanguage\":\"es\"},{\"@type\":\"Organization\",\"@id\":\"https:\/\/www.donatonigroup.com\/es\/#organization\",\"name\":\"Donatoni Group\",\"url\":\"https:\/\/www.donatonigroup.com\/es\/\",\"logo\":{\"@type\":\"ImageObject\",\"inLanguage\":\"es\",\"@id\":\"https:\/\/www.donatonigroup.com\/es\/#\/schema\/logo\/image\/\",\"url\":\"http:\/\/www.donatonigroup.com\/wp-content\/uploads\/2023\/02\/donatoni-logo.png\",\"contentUrl\":\"http:\/\/www.donatonigroup.com\/wp-content\/uploads\/2023\/02\/donatoni-logo.png\",\"width\":800,\"height\":112,\"caption\":\"Donatoni Group\"},\"image\":{\"@id\":\"https:\/\/www.donatonigroup.com\/es\/#\/schema\/logo\/image\/\"},\"sameAs\":[\"https:\/\/www.facebook.com\/donatonimacchine\",\"https:\/\/instagram.com\/donatonigroup\/\",\"https:\/\/www.linkedin.com\/company\/donatoni-macchine-s-r-l\"]}]}<\/script>\n<!-- \/ Yoast SEO plugin. -->","yoast_head_json":{"title":"ARM 1 - Donatoni Group","robots":{"index":"index","follow":"follow","max-snippet":"max-snippet:-1","max-image-preview":"max-image-preview:large","max-video-preview":"max-video-preview:-1"},"canonical":"https:\/\/www.donatonigroup.com\/es\/maquina\/arm-1\/","og_locale":"es_ES","og_type":"article","og_title":"ARM 1 - Donatoni Group","og_description":"L\u00ednea con robot de paletizaci\u00f3n L\u00ednea de paletizaci\u00f3n robotizada que garantiza la m\u00e1xima versatilidad y flexibilidad DONATONI ARM 1 est\u00e1 dise\u00f1ado para ofrecer una eficiencia sin igual en la paletizaci\u00f3n de azulejos, baldosas y revestimientos en formatos de dimensiones mixtas. El robot est\u00e1 equipado con una pinza de agarre \u00fanico capaz de gestionar la producci\u00f3n [&hellip;]","og_url":"https:\/\/www.donatonigroup.com\/es\/maquina\/arm-1\/","og_site_name":"Donatoni Group","article_publisher":"https:\/\/www.facebook.com\/donatonimacchine","article_modified_time":"2023-12-05T11:27:36+00:00","og_image":[{"width":1080,"height":675,"url":"https:\/\/www.donatonigroup.com\/wp-content\/uploads\/2023\/11\/ARM1-senza-sfondo-sito-2.png","type":"image\/png"}],"twitter_card":"summary_large_image","twitter_misc":{"Tiempo de lectura":"1 minuto"},"schema":{"@context":"https:\/\/schema.org","@graph":[{"@type":"WebPage","@id":"https:\/\/www.donatonigroup.com\/es\/maquina\/arm-1\/","url":"https:\/\/www.donatonigroup.com\/es\/maquina\/arm-1\/","name":"ARM 1 - Donatoni Group","isPartOf":{"@id":"https:\/\/www.donatonigroup.com\/es\/#website"},"primaryImageOfPage":{"@id":"https:\/\/www.donatonigroup.com\/es\/maquina\/arm-1\/#primaryimage"},"image":{"@id":"https:\/\/www.donatonigroup.com\/es\/maquina\/arm-1\/#primaryimage"},"thumbnailUrl":"https:\/\/www.donatonigroup.com\/wp-content\/uploads\/2023\/11\/ARM1-senza-sfondo-sito-2.png","datePublished":"2023-11-23T08:33:42+00:00","dateModified":"2023-12-05T11:27:36+00:00","breadcrumb":{"@id":"https:\/\/www.donatonigroup.com\/es\/maquina\/arm-1\/#breadcrumb"},"inLanguage":"es","potentialAction":[{"@type":"ReadAction","target":["https:\/\/www.donatonigroup.com\/es\/maquina\/arm-1\/"]}]},{"@type":"ImageObject","inLanguage":"es","@id":"https:\/\/www.donatonigroup.com\/es\/maquina\/arm-1\/#primaryimage","url":"https:\/\/www.donatonigroup.com\/wp-content\/uploads\/2023\/11\/ARM1-senza-sfondo-sito-2.png","contentUrl":"https:\/\/www.donatonigroup.com\/wp-content\/uploads\/2023\/11\/ARM1-senza-sfondo-sito-2.png","width":1080,"height":675},{"@type":"BreadcrumbList","@id":"https:\/\/www.donatonigroup.com\/es\/maquina\/arm-1\/#breadcrumb","itemListElement":[{"@type":"ListItem","position":1,"name":"Home","item":"https:\/\/www.donatonigroup.com\/es\/"},{"@type":"ListItem","position":2,"name":"Cat\u00e1logo de m\u00e1quinas","item":"https:\/\/www.donatonigroup.com\/es\/catalogo-de-maquinas\/"},{"@type":"ListItem","position":3,"name":"ARM 1"}]},{"@type":"WebSite","@id":"https:\/\/www.donatonigroup.com\/es\/#website","url":"https:\/\/www.donatonigroup.com\/es\/","name":"Donatoni Group","description":"","publisher":{"@id":"https:\/\/www.donatonigroup.com\/es\/#organization"},"potentialAction":[{"@type":"SearchAction","target":{"@type":"EntryPoint","urlTemplate":"https:\/\/www.donatonigroup.com\/es\/?s={search_term_string}"},"query-input":{"@type":"PropertyValueSpecification","valueRequired":true,"valueName":"search_term_string"}}],"inLanguage":"es"},{"@type":"Organization","@id":"https:\/\/www.donatonigroup.com\/es\/#organization","name":"Donatoni Group","url":"https:\/\/www.donatonigroup.com\/es\/","logo":{"@type":"ImageObject","inLanguage":"es","@id":"https:\/\/www.donatonigroup.com\/es\/#\/schema\/logo\/image\/","url":"http:\/\/www.donatonigroup.com\/wp-content\/uploads\/2023\/02\/donatoni-logo.png","contentUrl":"http:\/\/www.donatonigroup.com\/wp-content\/uploads\/2023\/02\/donatoni-logo.png","width":800,"height":112,"caption":"Donatoni Group"},"image":{"@id":"https:\/\/www.donatonigroup.com\/es\/#\/schema\/logo\/image\/"},"sameAs":["https:\/\/www.facebook.com\/donatonimacchine","https:\/\/instagram.com\/donatonigroup\/","https:\/\/www.linkedin.com\/company\/donatoni-macchine-s-r-l"]}]}},"_links":{"self":[{"href":"https:\/\/www.donatonigroup.com\/es\/wp-json\/wp\/v2\/product\/12088","targetHints":{"allow":["GET"]}}],"collection":[{"href":"https:\/\/www.donatonigroup.com\/es\/wp-json\/wp\/v2\/product"}],"about":[{"href":"https:\/\/www.donatonigroup.com\/es\/wp-json\/wp\/v2\/types\/product"}],"wp:featuredmedia":[{"embeddable":true,"href":"https:\/\/www.donatonigroup.com\/es\/wp-json\/wp\/v2\/media\/12084"}],"wp:attachment":[{"href":"https:\/\/www.donatonigroup.com\/es\/wp-json\/wp\/v2\/media?parent=12088"}],"wp:term":[{"taxonomy":"product_brand","embeddable":true,"href":"https:\/\/www.donatonigroup.com\/es\/wp-json\/wp\/v2\/product_brand?post=12088"},{"taxonomy":"product_cat","embeddable":true,"href":"https:\/\/www.donatonigroup.com\/es\/wp-json\/wp\/v2\/product_cat?post=12088"},{"taxonomy":"product_tag","embeddable":true,"href":"https:\/\/www.donatonigroup.com\/es\/wp-json\/wp\/v2\/product_tag?post=12088"},{"taxonomy":"caratteristica","embeddable":true,"href":"https:\/\/www.donatonigroup.com\/es\/wp-json\/wp\/v2\/caratteristica?post=12088"},{"taxonomy":"serie","embeddable":true,"href":"https:\/\/www.donatonigroup.com\/es\/wp-json\/wp\/v2\/serie?post=12088"},{"taxonomy":"settore_di_applicazione","embeddable":true,"href":"https:\/\/www.donatonigroup.com\/es\/wp-json\/wp\/v2\/settore_di_applicazione?post=12088"}],"curies":[{"name":"wp","href":"https:\/\/api.w.org\/{rel}","templated":true}]}}