{"id":12966,"date":"2023-12-20T11:10:22","date_gmt":"2023-12-20T11:10:22","guid":{"rendered":"http:\/\/www.donatonigroup.com\/macchina\/arm-2\/"},"modified":"2023-12-20T11:10:22","modified_gmt":"2023-12-20T11:10:22","slug":"arm-2","status":"publish","type":"product","link":"https:\/\/www.donatonigroup.com\/es\/maquina\/arm-2\/","title":{"rendered":"ARM 2"},"content":{"rendered":"<p><strong>L\u00ednea de alta productividad<\/strong><\/p>\n<p>L\u00ednea de palletizaci\u00f3n robotizada ideal para procesos de alta productividad.<\/p>\n<p>DONATONI ARM 2 es una l\u00ednea de <strong>alta productividad<\/strong> con <strong>transportadores y un robot de paletizaci\u00f3n<\/strong> para la producci\u00f3n de azulejos y ladrillos de formato \u00fanico. Gracias al uso de transportadores integrados, el flujo de productos se gestiona de manera fluida y continua, optimizando el tiempo de procesamiento.<\/p>\n<p>El coraz\u00f3n del sistema es representado por <strong>el robot de paletizaci\u00f3n<\/strong>, equipado con una <strong>pinza multi-toma<\/strong>, que permite agarrar varias piezas contempor\u00e1neamente. Esta caracter\u00edstica permite una paletizaci\u00f3n r\u00e1pida y precisa, reduciendo los tiempos de inactividad de las m\u00e1quinas y aumentando la productividad general de la l\u00ednea.<\/p>\n<p>Con DONATONI ARM 2, lograr\u00e1s la <strong>m\u00e1xima productividad<\/strong> de tu l\u00ednea de producci\u00f3n.<\/p>\n","protected":false},"excerpt":{"rendered":"<p>L\u00ednea de alta productividad L\u00ednea de palletizaci\u00f3n robotizada ideal para procesos de alta productividad. DONATONI ARM 2 es una l\u00ednea de alta productividad con transportadores y un robot de paletizaci\u00f3n para la producci\u00f3n de azulejos y ladrillos de formato \u00fanico. Gracias al uso de transportadores integrados, el flujo de productos se gestiona de manera fluida [&hellip;]<\/p>\n","protected":false},"featured_media":12924,"template":"","meta":{"_et_pb_use_builder":"","_et_pb_old_content":"","_et_gb_content_width":""},"product_brand":[],"product_cat":[2220],"product_tag":[],"caratteristica":[2233,2521,2544,2545,2743,2745],"serie":[2963],"settore_di_applicazione":[2206,2207,2208,2210],"class_list":{"0":"post-12966","1":"product","2":"type-product","3":"status-publish","4":"has-post-thumbnail","6":"product_cat-sistemas-roboticos-es","7":"pa_assi-interpolati-6-es","8":"pa_classe-di-protezione-polso-67-es","9":"pa_classe-protezione-65-es","10":"pa_consumo-aria-6-bar-20-es","11":"pa_dimensioni-max-pezzo-in-pres-1200-x-1200-es","12":"pa_dimensioni-min-pezzo-in-pres-250-x-200-es","13":"pa_max-raggio-dazione-3100-es","14":"pa_num-max-pezzi-in-presa-4-es","15":"pa_peso-massimo-pezzo-in-presa-125-es","16":"pa_peso-solo-robot-1134-es","17":"pa_portata-al-polso-210-es","18":"pa_potenza-pompa-a-vuoto-4-es-2","19":"pa_potenza-totale-installata-22-129-es","20":"pa_sistema-di-controllo-kr-c5-es","21":"pa_tensione-elettrica-standard-40010-50-es","22":"caratteristica-flexibilidad-en-la-produccion","23":"caratteristica-estremamente-versatile-es","24":"caratteristica-elevata-produttivita-es","25":"caratteristica-ideale-per-produrre-in-serie-es","26":"caratteristica-automazione-processo-produttivo-es","27":"caratteristica-riduzione-costi-di-lavorazione-es","28":"serie-arm-series-es","29":"settore_di_applicazione-encimeras-de-cocina-y-para-cuarto-de-bano","30":"settore_di_applicazione-pavimentaciones-y-revestimientos","31":"settore_di_applicazione-grandes-proyectos","32":"settore_di_applicazione-productos-para-la-construccion","34":"first","35":"instock","36":"shipping-taxable","37":"product-type-simple"},"acf":[],"yoast_head":"<!-- This site is optimized with the Yoast SEO plugin v25.8 - https:\/\/yoast.com\/wordpress\/plugins\/seo\/ -->\n<title>ARM 2 - Donatoni Group<\/title>\n<meta name=\"robots\" content=\"index, follow, max-snippet:-1, max-image-preview:large, max-video-preview:-1\" \/>\n<link rel=\"canonical\" href=\"https:\/\/www.donatonigroup.com\/es\/maquina\/arm-2\/\" \/>\n<meta property=\"og:locale\" content=\"es_ES\" \/>\n<meta property=\"og:type\" content=\"article\" \/>\n<meta property=\"og:title\" content=\"ARM 2 - Donatoni Group\" \/>\n<meta property=\"og:description\" content=\"L\u00ednea de alta productividad L\u00ednea de palletizaci\u00f3n robotizada ideal para procesos de alta productividad. DONATONI ARM 2 es una l\u00ednea de alta productividad con transportadores y un robot de paletizaci\u00f3n para la producci\u00f3n de azulejos y ladrillos de formato \u00fanico. Gracias al uso de transportadores integrados, el flujo de productos se gestiona de manera fluida [&hellip;]\" \/>\n<meta property=\"og:url\" content=\"https:\/\/www.donatonigroup.com\/es\/maquina\/arm-2\/\" \/>\n<meta property=\"og:site_name\" content=\"Donatoni Group\" \/>\n<meta property=\"article:publisher\" content=\"https:\/\/www.facebook.com\/donatonimacchine\" \/>\n<meta property=\"og:image\" content=\"https:\/\/www.donatonigroup.com\/wp-content\/uploads\/2023\/12\/ARM_2023-senza-sfondo.png\" \/>\n\t<meta property=\"og:image:width\" content=\"2000\" \/>\n\t<meta property=\"og:image:height\" content=\"2000\" \/>\n\t<meta property=\"og:image:type\" content=\"image\/png\" \/>\n<meta name=\"twitter:card\" content=\"summary_large_image\" \/>\n<meta name=\"twitter:label1\" content=\"Tiempo de lectura\" \/>\n\t<meta name=\"twitter:data1\" content=\"1 minuto\" \/>\n<script type=\"application\/ld+json\" class=\"yoast-schema-graph\">{\"@context\":\"https:\/\/schema.org\",\"@graph\":[{\"@type\":\"WebPage\",\"@id\":\"https:\/\/www.donatonigroup.com\/es\/maquina\/arm-2\/\",\"url\":\"https:\/\/www.donatonigroup.com\/es\/maquina\/arm-2\/\",\"name\":\"ARM 2 - Donatoni Group\",\"isPartOf\":{\"@id\":\"https:\/\/www.donatonigroup.com\/es\/#website\"},\"primaryImageOfPage\":{\"@id\":\"https:\/\/www.donatonigroup.com\/es\/maquina\/arm-2\/#primaryimage\"},\"image\":{\"@id\":\"https:\/\/www.donatonigroup.com\/es\/maquina\/arm-2\/#primaryimage\"},\"thumbnailUrl\":\"https:\/\/www.donatonigroup.com\/wp-content\/uploads\/2023\/12\/ARM_2023-senza-sfondo.png\",\"datePublished\":\"2023-12-20T11:10:22+00:00\",\"breadcrumb\":{\"@id\":\"https:\/\/www.donatonigroup.com\/es\/maquina\/arm-2\/#breadcrumb\"},\"inLanguage\":\"es\",\"potentialAction\":[{\"@type\":\"ReadAction\",\"target\":[\"https:\/\/www.donatonigroup.com\/es\/maquina\/arm-2\/\"]}]},{\"@type\":\"ImageObject\",\"inLanguage\":\"es\",\"@id\":\"https:\/\/www.donatonigroup.com\/es\/maquina\/arm-2\/#primaryimage\",\"url\":\"https:\/\/www.donatonigroup.com\/wp-content\/uploads\/2023\/12\/ARM_2023-senza-sfondo.png\",\"contentUrl\":\"https:\/\/www.donatonigroup.com\/wp-content\/uploads\/2023\/12\/ARM_2023-senza-sfondo.png\",\"width\":2000,\"height\":2000},{\"@type\":\"BreadcrumbList\",\"@id\":\"https:\/\/www.donatonigroup.com\/es\/maquina\/arm-2\/#breadcrumb\",\"itemListElement\":[{\"@type\":\"ListItem\",\"position\":1,\"name\":\"Home\",\"item\":\"https:\/\/www.donatonigroup.com\/es\/\"},{\"@type\":\"ListItem\",\"position\":2,\"name\":\"Cat\u00e1logo de m\u00e1quinas\",\"item\":\"https:\/\/www.donatonigroup.com\/es\/catalogo-de-maquinas\/\"},{\"@type\":\"ListItem\",\"position\":3,\"name\":\"ARM 2\"}]},{\"@type\":\"WebSite\",\"@id\":\"https:\/\/www.donatonigroup.com\/es\/#website\",\"url\":\"https:\/\/www.donatonigroup.com\/es\/\",\"name\":\"Donatoni Group\",\"description\":\"\",\"publisher\":{\"@id\":\"https:\/\/www.donatonigroup.com\/es\/#organization\"},\"potentialAction\":[{\"@type\":\"SearchAction\",\"target\":{\"@type\":\"EntryPoint\",\"urlTemplate\":\"https:\/\/www.donatonigroup.com\/es\/?s={search_term_string}\"},\"query-input\":{\"@type\":\"PropertyValueSpecification\",\"valueRequired\":true,\"valueName\":\"search_term_string\"}}],\"inLanguage\":\"es\"},{\"@type\":\"Organization\",\"@id\":\"https:\/\/www.donatonigroup.com\/es\/#organization\",\"name\":\"Donatoni Group\",\"url\":\"https:\/\/www.donatonigroup.com\/es\/\",\"logo\":{\"@type\":\"ImageObject\",\"inLanguage\":\"es\",\"@id\":\"https:\/\/www.donatonigroup.com\/es\/#\/schema\/logo\/image\/\",\"url\":\"http:\/\/www.donatonigroup.com\/wp-content\/uploads\/2023\/02\/donatoni-logo.png\",\"contentUrl\":\"http:\/\/www.donatonigroup.com\/wp-content\/uploads\/2023\/02\/donatoni-logo.png\",\"width\":800,\"height\":112,\"caption\":\"Donatoni Group\"},\"image\":{\"@id\":\"https:\/\/www.donatonigroup.com\/es\/#\/schema\/logo\/image\/\"},\"sameAs\":[\"https:\/\/www.facebook.com\/donatonimacchine\",\"https:\/\/instagram.com\/donatonigroup\/\",\"https:\/\/www.linkedin.com\/company\/donatoni-macchine-s-r-l\"]}]}<\/script>\n<!-- \/ Yoast SEO plugin. -->","yoast_head_json":{"title":"ARM 2 - Donatoni Group","robots":{"index":"index","follow":"follow","max-snippet":"max-snippet:-1","max-image-preview":"max-image-preview:large","max-video-preview":"max-video-preview:-1"},"canonical":"https:\/\/www.donatonigroup.com\/es\/maquina\/arm-2\/","og_locale":"es_ES","og_type":"article","og_title":"ARM 2 - Donatoni Group","og_description":"L\u00ednea de alta productividad L\u00ednea de palletizaci\u00f3n robotizada ideal para procesos de alta productividad. DONATONI ARM 2 es una l\u00ednea de alta productividad con transportadores y un robot de paletizaci\u00f3n para la producci\u00f3n de azulejos y ladrillos de formato \u00fanico. Gracias al uso de transportadores integrados, el flujo de productos se gestiona de manera fluida [&hellip;]","og_url":"https:\/\/www.donatonigroup.com\/es\/maquina\/arm-2\/","og_site_name":"Donatoni Group","article_publisher":"https:\/\/www.facebook.com\/donatonimacchine","og_image":[{"width":2000,"height":2000,"url":"https:\/\/www.donatonigroup.com\/wp-content\/uploads\/2023\/12\/ARM_2023-senza-sfondo.png","type":"image\/png"}],"twitter_card":"summary_large_image","twitter_misc":{"Tiempo de lectura":"1 minuto"},"schema":{"@context":"https:\/\/schema.org","@graph":[{"@type":"WebPage","@id":"https:\/\/www.donatonigroup.com\/es\/maquina\/arm-2\/","url":"https:\/\/www.donatonigroup.com\/es\/maquina\/arm-2\/","name":"ARM 2 - Donatoni Group","isPartOf":{"@id":"https:\/\/www.donatonigroup.com\/es\/#website"},"primaryImageOfPage":{"@id":"https:\/\/www.donatonigroup.com\/es\/maquina\/arm-2\/#primaryimage"},"image":{"@id":"https:\/\/www.donatonigroup.com\/es\/maquina\/arm-2\/#primaryimage"},"thumbnailUrl":"https:\/\/www.donatonigroup.com\/wp-content\/uploads\/2023\/12\/ARM_2023-senza-sfondo.png","datePublished":"2023-12-20T11:10:22+00:00","breadcrumb":{"@id":"https:\/\/www.donatonigroup.com\/es\/maquina\/arm-2\/#breadcrumb"},"inLanguage":"es","potentialAction":[{"@type":"ReadAction","target":["https:\/\/www.donatonigroup.com\/es\/maquina\/arm-2\/"]}]},{"@type":"ImageObject","inLanguage":"es","@id":"https:\/\/www.donatonigroup.com\/es\/maquina\/arm-2\/#primaryimage","url":"https:\/\/www.donatonigroup.com\/wp-content\/uploads\/2023\/12\/ARM_2023-senza-sfondo.png","contentUrl":"https:\/\/www.donatonigroup.com\/wp-content\/uploads\/2023\/12\/ARM_2023-senza-sfondo.png","width":2000,"height":2000},{"@type":"BreadcrumbList","@id":"https:\/\/www.donatonigroup.com\/es\/maquina\/arm-2\/#breadcrumb","itemListElement":[{"@type":"ListItem","position":1,"name":"Home","item":"https:\/\/www.donatonigroup.com\/es\/"},{"@type":"ListItem","position":2,"name":"Cat\u00e1logo de m\u00e1quinas","item":"https:\/\/www.donatonigroup.com\/es\/catalogo-de-maquinas\/"},{"@type":"ListItem","position":3,"name":"ARM 2"}]},{"@type":"WebSite","@id":"https:\/\/www.donatonigroup.com\/es\/#website","url":"https:\/\/www.donatonigroup.com\/es\/","name":"Donatoni Group","description":"","publisher":{"@id":"https:\/\/www.donatonigroup.com\/es\/#organization"},"potentialAction":[{"@type":"SearchAction","target":{"@type":"EntryPoint","urlTemplate":"https:\/\/www.donatonigroup.com\/es\/?s={search_term_string}"},"query-input":{"@type":"PropertyValueSpecification","valueRequired":true,"valueName":"search_term_string"}}],"inLanguage":"es"},{"@type":"Organization","@id":"https:\/\/www.donatonigroup.com\/es\/#organization","name":"Donatoni Group","url":"https:\/\/www.donatonigroup.com\/es\/","logo":{"@type":"ImageObject","inLanguage":"es","@id":"https:\/\/www.donatonigroup.com\/es\/#\/schema\/logo\/image\/","url":"http:\/\/www.donatonigroup.com\/wp-content\/uploads\/2023\/02\/donatoni-logo.png","contentUrl":"http:\/\/www.donatonigroup.com\/wp-content\/uploads\/2023\/02\/donatoni-logo.png","width":800,"height":112,"caption":"Donatoni Group"},"image":{"@id":"https:\/\/www.donatonigroup.com\/es\/#\/schema\/logo\/image\/"},"sameAs":["https:\/\/www.facebook.com\/donatonimacchine","https:\/\/instagram.com\/donatonigroup\/","https:\/\/www.linkedin.com\/company\/donatoni-macchine-s-r-l"]}]}},"_links":{"self":[{"href":"https:\/\/www.donatonigroup.com\/es\/wp-json\/wp\/v2\/product\/12966","targetHints":{"allow":["GET"]}}],"collection":[{"href":"https:\/\/www.donatonigroup.com\/es\/wp-json\/wp\/v2\/product"}],"about":[{"href":"https:\/\/www.donatonigroup.com\/es\/wp-json\/wp\/v2\/types\/product"}],"wp:featuredmedia":[{"embeddable":true,"href":"https:\/\/www.donatonigroup.com\/es\/wp-json\/wp\/v2\/media\/12924"}],"wp:attachment":[{"href":"https:\/\/www.donatonigroup.com\/es\/wp-json\/wp\/v2\/media?parent=12966"}],"wp:term":[{"taxonomy":"product_brand","embeddable":true,"href":"https:\/\/www.donatonigroup.com\/es\/wp-json\/wp\/v2\/product_brand?post=12966"},{"taxonomy":"product_cat","embeddable":true,"href":"https:\/\/www.donatonigroup.com\/es\/wp-json\/wp\/v2\/product_cat?post=12966"},{"taxonomy":"product_tag","embeddable":true,"href":"https:\/\/www.donatonigroup.com\/es\/wp-json\/wp\/v2\/product_tag?post=12966"},{"taxonomy":"caratteristica","embeddable":true,"href":"https:\/\/www.donatonigroup.com\/es\/wp-json\/wp\/v2\/caratteristica?post=12966"},{"taxonomy":"serie","embeddable":true,"href":"https:\/\/www.donatonigroup.com\/es\/wp-json\/wp\/v2\/serie?post=12966"},{"taxonomy":"settore_di_applicazione","embeddable":true,"href":"https:\/\/www.donatonigroup.com\/es\/wp-json\/wp\/v2\/settore_di_applicazione?post=12966"}],"curies":[{"name":"wp","href":"https:\/\/api.w.org\/{rel}","templated":true}]}}