{"id":15012,"date":"2025-09-01T10:25:33","date_gmt":"2025-09-01T10:25:33","guid":{"rendered":"http:\/\/www.donatonigroup.com\/macchina\/c3-38-c4-38\/"},"modified":"2025-09-08T09:02:37","modified_gmt":"2025-09-08T09:02:37","slug":"c3-38-c4-38","status":"publish","type":"product","link":"https:\/\/www.donatonigroup.com\/es\/maquina\/c3-38-c4-38\/","title":{"rendered":"C3.38 \u2013 C4.38"},"content":{"rendered":"<p>DONATONI C3.38 &#8211; C4.38 es una estaci\u00f3n de trabajo de control num\u00e9rico, de tres o cuatro ejes interpolados, ideal para todas las empresas que requieren una m\u00e1quina que puede garantizara <strong>cabados de alta calidad<\/strong> en materiales m\u00e1rmol, piedra, granito, conglomerado de cuarzo y cer\u00e1mica.<\/p>\n","protected":false},"excerpt":{"rendered":"<p>DONATONI C3.38 &#8211; C4.38 es una estaci\u00f3n de trabajo de control num\u00e9rico, de tres o cuatro ejes interpolados, ideal para todas las empresas que requieren una m\u00e1quina que puede garantizara cabados de alta calidad en materiales m\u00e1rmol, piedra, granito, conglomerado de cuarzo y cer\u00e1mica.<\/p>\n","protected":false},"featured_media":14972,"template":"","meta":{"_et_pb_use_builder":"","_et_pb_old_content":"","_et_gb_content_width":""},"product_brand":[],"product_cat":[2213,2219],"product_tag":[],"caratteristica":[2232,2235,2237,2458,2497,2521,2714,2715],"serie":[2228],"settore_di_applicazione":[2206,2208,2209,2210,2211],"class_list":{"0":"post-15012","1":"product","2":"type-product","3":"status-publish","4":"has-post-thumbnail","6":"product_cat-estaciones-de-trabajo","7":"product_cat-maquinas-para-el-corte-de-la-ceramica","8":"pa_altezza-terra-banco-lavoro-580-es","9":"pa_assi-interpolati-3-4-es","10":"pa_consumo-acqua-di-ricircolo-50-es","11":"pa_consumo-acqua-pulita-15-es","12":"pa_consumo-aria-800-es","13":"pa_cop-nom-mot-elettromandrino-33-s6-es","14":"pa_corsa-carrello-asse-x-3800-es","15":"pa_corsa-ponte-asse-y-2000-es","16":"pa_dimensioni-banco-lavoro-3700-x-1900-es","17":"pa_dimensioni-ingombro-6600-w-x-4100-l-x-3010-h-es","18":"pa_dimensioni-ingombro-6600-w-x-4700-l-x-3010-h-es","19":"pa_n-posizioni-utensili-mag-1213-laterales-55-traseros","20":"pa_n-ventose-area-lavoro-11-ventose-es","21":"pa_n-ventose-area-lavoro-3-riferimenti-es","22":"pa_peso-macchina-6300-6900-es","23":"pa_pot-mot-elettromandrino-18-s6-es","24":"pa_potenza-totale-installata-26-27-es","25":"pa_range-vel-elettromandrino-t-0-12000-es","26":"pa_rotazione-testa-porta-disco-solo-para-4-ejes","27":"pa_salita-discesa-assez-500-es","28":"pa_tensione-elettrica-standard-40010-50-es","29":"pa_velocita-max-carrello-asse-x-0-75-es","30":"pa_velocita-max-ponte-asse-y-0-75-es","31":"pa_velocita-max-teste-asse-z-0-50-es","32":"caratteristica-amplia-gama-de-accesorios-y-configuraciones","33":"caratteristica-espacio-ocupado-reducido","34":"caratteristica-sencilla-y-rapida-a-programar","35":"caratteristica-precisa-con-un-resultado-perfecto","36":"caratteristica-qualita-ed-affidabilita-nel-tempo-es","37":"caratteristica-estremamente-versatile-es","38":"caratteristica-necesita-pocas-intervenciones-de-mantenimiento","39":"caratteristica-una-maquina-sola-miles-de-aplicaciones","40":"serie-c-series-es","41":"settore_di_applicazione-encimeras-de-cocina-y-para-cuarto-de-bano","42":"settore_di_applicazione-grandes-proyectos","43":"settore_di_applicazione-diseno-y-esculturas","44":"settore_di_applicazione-productos-para-la-construccion","45":"settore_di_applicazione-arte-funerario","47":"first","48":"instock","49":"shipping-taxable","50":"purchasable","51":"product-type-simple"},"acf":[],"yoast_head":"<!-- This site is optimized with the Yoast SEO plugin v25.8 - https:\/\/yoast.com\/wordpress\/plugins\/seo\/ -->\n<title>C3.38 \u2013 C4.38 - Donatoni Group<\/title>\n<meta name=\"robots\" content=\"index, follow, max-snippet:-1, max-image-preview:large, max-video-preview:-1\" \/>\n<link rel=\"canonical\" href=\"https:\/\/www.donatonigroup.com\/es\/maquina\/c3-38-c4-38\/\" \/>\n<meta property=\"og:locale\" content=\"es_ES\" \/>\n<meta property=\"og:type\" content=\"article\" \/>\n<meta property=\"og:title\" content=\"C3.38 \u2013 C4.38 - Donatoni Group\" \/>\n<meta property=\"og:description\" content=\"DONATONI C3.38 &#8211; C4.38 es una estaci\u00f3n de trabajo de control num\u00e9rico, de tres o cuatro ejes interpolados, ideal para todas las empresas que requieren una m\u00e1quina que puede garantizara cabados de alta calidad en materiales m\u00e1rmol, piedra, granito, conglomerado de cuarzo y cer\u00e1mica.\" \/>\n<meta property=\"og:url\" content=\"https:\/\/www.donatonigroup.com\/es\/maquina\/c3-38-c4-38\/\" \/>\n<meta property=\"og:site_name\" content=\"Donatoni Group\" \/>\n<meta property=\"article:publisher\" content=\"https:\/\/www.facebook.com\/donatonimacchine\" \/>\n<meta property=\"article:modified_time\" content=\"2025-09-08T09:02:37+00:00\" \/>\n<meta property=\"og:image\" content=\"https:\/\/www.donatonigroup.com\/wp-content\/uploads\/2025\/09\/Macchina-c3-38-c4-38.png\" \/>\n\t<meta property=\"og:image:width\" content=\"1500\" \/>\n\t<meta property=\"og:image:height\" content=\"935\" \/>\n\t<meta property=\"og:image:type\" content=\"image\/png\" \/>\n<meta name=\"twitter:card\" content=\"summary_large_image\" \/>\n<meta name=\"twitter:label1\" content=\"Tiempo de lectura\" \/>\n\t<meta name=\"twitter:data1\" content=\"1 minuto\" \/>\n<script type=\"application\/ld+json\" class=\"yoast-schema-graph\">{\"@context\":\"https:\/\/schema.org\",\"@graph\":[{\"@type\":\"WebPage\",\"@id\":\"https:\/\/www.donatonigroup.com\/es\/maquina\/c3-38-c4-38\/\",\"url\":\"https:\/\/www.donatonigroup.com\/es\/maquina\/c3-38-c4-38\/\",\"name\":\"C3.38 \u2013 C4.38 - Donatoni Group\",\"isPartOf\":{\"@id\":\"https:\/\/www.donatonigroup.com\/es\/#website\"},\"primaryImageOfPage\":{\"@id\":\"https:\/\/www.donatonigroup.com\/es\/maquina\/c3-38-c4-38\/#primaryimage\"},\"image\":{\"@id\":\"https:\/\/www.donatonigroup.com\/es\/maquina\/c3-38-c4-38\/#primaryimage\"},\"thumbnailUrl\":\"https:\/\/www.donatonigroup.com\/wp-content\/uploads\/2025\/09\/Macchina-c3-38-c4-38.png\",\"datePublished\":\"2025-09-01T10:25:33+00:00\",\"dateModified\":\"2025-09-08T09:02:37+00:00\",\"breadcrumb\":{\"@id\":\"https:\/\/www.donatonigroup.com\/es\/maquina\/c3-38-c4-38\/#breadcrumb\"},\"inLanguage\":\"es\",\"potentialAction\":[{\"@type\":\"ReadAction\",\"target\":[\"https:\/\/www.donatonigroup.com\/es\/maquina\/c3-38-c4-38\/\"]}]},{\"@type\":\"ImageObject\",\"inLanguage\":\"es\",\"@id\":\"https:\/\/www.donatonigroup.com\/es\/maquina\/c3-38-c4-38\/#primaryimage\",\"url\":\"https:\/\/www.donatonigroup.com\/wp-content\/uploads\/2025\/09\/Macchina-c3-38-c4-38.png\",\"contentUrl\":\"https:\/\/www.donatonigroup.com\/wp-content\/uploads\/2025\/09\/Macchina-c3-38-c4-38.png\",\"width\":1500,\"height\":935},{\"@type\":\"BreadcrumbList\",\"@id\":\"https:\/\/www.donatonigroup.com\/es\/maquina\/c3-38-c4-38\/#breadcrumb\",\"itemListElement\":[{\"@type\":\"ListItem\",\"position\":1,\"name\":\"Home\",\"item\":\"https:\/\/www.donatonigroup.com\/es\/\"},{\"@type\":\"ListItem\",\"position\":2,\"name\":\"Cat\u00e1logo de m\u00e1quinas\",\"item\":\"https:\/\/www.donatonigroup.com\/es\/catalogo-de-maquinas\/\"},{\"@type\":\"ListItem\",\"position\":3,\"name\":\"C3.38 \u2013 C4.38\"}]},{\"@type\":\"WebSite\",\"@id\":\"https:\/\/www.donatonigroup.com\/es\/#website\",\"url\":\"https:\/\/www.donatonigroup.com\/es\/\",\"name\":\"Donatoni Group\",\"description\":\"\",\"publisher\":{\"@id\":\"https:\/\/www.donatonigroup.com\/es\/#organization\"},\"potentialAction\":[{\"@type\":\"SearchAction\",\"target\":{\"@type\":\"EntryPoint\",\"urlTemplate\":\"https:\/\/www.donatonigroup.com\/es\/?s={search_term_string}\"},\"query-input\":{\"@type\":\"PropertyValueSpecification\",\"valueRequired\":true,\"valueName\":\"search_term_string\"}}],\"inLanguage\":\"es\"},{\"@type\":\"Organization\",\"@id\":\"https:\/\/www.donatonigroup.com\/es\/#organization\",\"name\":\"Donatoni Group\",\"url\":\"https:\/\/www.donatonigroup.com\/es\/\",\"logo\":{\"@type\":\"ImageObject\",\"inLanguage\":\"es\",\"@id\":\"https:\/\/www.donatonigroup.com\/es\/#\/schema\/logo\/image\/\",\"url\":\"http:\/\/www.donatonigroup.com\/wp-content\/uploads\/2023\/02\/donatoni-logo.png\",\"contentUrl\":\"http:\/\/www.donatonigroup.com\/wp-content\/uploads\/2023\/02\/donatoni-logo.png\",\"width\":800,\"height\":112,\"caption\":\"Donatoni Group\"},\"image\":{\"@id\":\"https:\/\/www.donatonigroup.com\/es\/#\/schema\/logo\/image\/\"},\"sameAs\":[\"https:\/\/www.facebook.com\/donatonimacchine\",\"https:\/\/instagram.com\/donatonigroup\/\",\"https:\/\/www.linkedin.com\/company\/donatoni-macchine-s-r-l\"]}]}<\/script>\n<!-- \/ Yoast SEO plugin. -->","yoast_head_json":{"title":"C3.38 \u2013 C4.38 - Donatoni Group","robots":{"index":"index","follow":"follow","max-snippet":"max-snippet:-1","max-image-preview":"max-image-preview:large","max-video-preview":"max-video-preview:-1"},"canonical":"https:\/\/www.donatonigroup.com\/es\/maquina\/c3-38-c4-38\/","og_locale":"es_ES","og_type":"article","og_title":"C3.38 \u2013 C4.38 - Donatoni Group","og_description":"DONATONI C3.38 &#8211; C4.38 es una estaci\u00f3n de trabajo de control num\u00e9rico, de tres o cuatro ejes interpolados, ideal para todas las empresas que requieren una m\u00e1quina que puede garantizara cabados de alta calidad en materiales m\u00e1rmol, piedra, granito, conglomerado de cuarzo y cer\u00e1mica.","og_url":"https:\/\/www.donatonigroup.com\/es\/maquina\/c3-38-c4-38\/","og_site_name":"Donatoni Group","article_publisher":"https:\/\/www.facebook.com\/donatonimacchine","article_modified_time":"2025-09-08T09:02:37+00:00","og_image":[{"width":1500,"height":935,"url":"https:\/\/www.donatonigroup.com\/wp-content\/uploads\/2025\/09\/Macchina-c3-38-c4-38.png","type":"image\/png"}],"twitter_card":"summary_large_image","twitter_misc":{"Tiempo de lectura":"1 minuto"},"schema":{"@context":"https:\/\/schema.org","@graph":[{"@type":"WebPage","@id":"https:\/\/www.donatonigroup.com\/es\/maquina\/c3-38-c4-38\/","url":"https:\/\/www.donatonigroup.com\/es\/maquina\/c3-38-c4-38\/","name":"C3.38 \u2013 C4.38 - Donatoni Group","isPartOf":{"@id":"https:\/\/www.donatonigroup.com\/es\/#website"},"primaryImageOfPage":{"@id":"https:\/\/www.donatonigroup.com\/es\/maquina\/c3-38-c4-38\/#primaryimage"},"image":{"@id":"https:\/\/www.donatonigroup.com\/es\/maquina\/c3-38-c4-38\/#primaryimage"},"thumbnailUrl":"https:\/\/www.donatonigroup.com\/wp-content\/uploads\/2025\/09\/Macchina-c3-38-c4-38.png","datePublished":"2025-09-01T10:25:33+00:00","dateModified":"2025-09-08T09:02:37+00:00","breadcrumb":{"@id":"https:\/\/www.donatonigroup.com\/es\/maquina\/c3-38-c4-38\/#breadcrumb"},"inLanguage":"es","potentialAction":[{"@type":"ReadAction","target":["https:\/\/www.donatonigroup.com\/es\/maquina\/c3-38-c4-38\/"]}]},{"@type":"ImageObject","inLanguage":"es","@id":"https:\/\/www.donatonigroup.com\/es\/maquina\/c3-38-c4-38\/#primaryimage","url":"https:\/\/www.donatonigroup.com\/wp-content\/uploads\/2025\/09\/Macchina-c3-38-c4-38.png","contentUrl":"https:\/\/www.donatonigroup.com\/wp-content\/uploads\/2025\/09\/Macchina-c3-38-c4-38.png","width":1500,"height":935},{"@type":"BreadcrumbList","@id":"https:\/\/www.donatonigroup.com\/es\/maquina\/c3-38-c4-38\/#breadcrumb","itemListElement":[{"@type":"ListItem","position":1,"name":"Home","item":"https:\/\/www.donatonigroup.com\/es\/"},{"@type":"ListItem","position":2,"name":"Cat\u00e1logo de m\u00e1quinas","item":"https:\/\/www.donatonigroup.com\/es\/catalogo-de-maquinas\/"},{"@type":"ListItem","position":3,"name":"C3.38 \u2013 C4.38"}]},{"@type":"WebSite","@id":"https:\/\/www.donatonigroup.com\/es\/#website","url":"https:\/\/www.donatonigroup.com\/es\/","name":"Donatoni Group","description":"","publisher":{"@id":"https:\/\/www.donatonigroup.com\/es\/#organization"},"potentialAction":[{"@type":"SearchAction","target":{"@type":"EntryPoint","urlTemplate":"https:\/\/www.donatonigroup.com\/es\/?s={search_term_string}"},"query-input":{"@type":"PropertyValueSpecification","valueRequired":true,"valueName":"search_term_string"}}],"inLanguage":"es"},{"@type":"Organization","@id":"https:\/\/www.donatonigroup.com\/es\/#organization","name":"Donatoni Group","url":"https:\/\/www.donatonigroup.com\/es\/","logo":{"@type":"ImageObject","inLanguage":"es","@id":"https:\/\/www.donatonigroup.com\/es\/#\/schema\/logo\/image\/","url":"http:\/\/www.donatonigroup.com\/wp-content\/uploads\/2023\/02\/donatoni-logo.png","contentUrl":"http:\/\/www.donatonigroup.com\/wp-content\/uploads\/2023\/02\/donatoni-logo.png","width":800,"height":112,"caption":"Donatoni Group"},"image":{"@id":"https:\/\/www.donatonigroup.com\/es\/#\/schema\/logo\/image\/"},"sameAs":["https:\/\/www.facebook.com\/donatonimacchine","https:\/\/instagram.com\/donatonigroup\/","https:\/\/www.linkedin.com\/company\/donatoni-macchine-s-r-l"]}]}},"_links":{"self":[{"href":"https:\/\/www.donatonigroup.com\/es\/wp-json\/wp\/v2\/product\/15012","targetHints":{"allow":["GET"]}}],"collection":[{"href":"https:\/\/www.donatonigroup.com\/es\/wp-json\/wp\/v2\/product"}],"about":[{"href":"https:\/\/www.donatonigroup.com\/es\/wp-json\/wp\/v2\/types\/product"}],"wp:featuredmedia":[{"embeddable":true,"href":"https:\/\/www.donatonigroup.com\/es\/wp-json\/wp\/v2\/media\/14972"}],"wp:attachment":[{"href":"https:\/\/www.donatonigroup.com\/es\/wp-json\/wp\/v2\/media?parent=15012"}],"wp:term":[{"taxonomy":"product_brand","embeddable":true,"href":"https:\/\/www.donatonigroup.com\/es\/wp-json\/wp\/v2\/product_brand?post=15012"},{"taxonomy":"product_cat","embeddable":true,"href":"https:\/\/www.donatonigroup.com\/es\/wp-json\/wp\/v2\/product_cat?post=15012"},{"taxonomy":"product_tag","embeddable":true,"href":"https:\/\/www.donatonigroup.com\/es\/wp-json\/wp\/v2\/product_tag?post=15012"},{"taxonomy":"caratteristica","embeddable":true,"href":"https:\/\/www.donatonigroup.com\/es\/wp-json\/wp\/v2\/caratteristica?post=15012"},{"taxonomy":"serie","embeddable":true,"href":"https:\/\/www.donatonigroup.com\/es\/wp-json\/wp\/v2\/serie?post=15012"},{"taxonomy":"settore_di_applicazione","embeddable":true,"href":"https:\/\/www.donatonigroup.com\/es\/wp-json\/wp\/v2\/settore_di_applicazione?post=15012"}],"curies":[{"name":"wp","href":"https:\/\/api.w.org\/{rel}","templated":true}]}}