{"id":9868,"date":"2023-02-08T16:37:29","date_gmt":"2023-02-08T16:37:29","guid":{"rendered":"http:\/\/www.donatonigroup.com\/macchina\/k3-q\/"},"modified":"2023-12-05T16:12:15","modified_gmt":"2023-12-05T16:12:15","slug":"k3-q","status":"publish","type":"product","link":"https:\/\/www.donatonigroup.com\/es\/maquina\/k3-q\/","title":{"rendered":"K3 Q"},"content":{"rendered":"<div data-el-id=\"deb7ef72-53fc-4c5c-950d-156ec4c55ab1\">\n<div data-el-id=\"deb7ef72-53fc-4c5c-950d-156ec4c55ab1-txt\">\n<div class=\"machine-template__description-title\">\n<h3 class=\"machine-template__description-title-text\">Modelos que combina fresa de puente y contorneadora<\/h3>\n<\/div>\n<\/div>\n<\/div>\n<div data-el-id=\"e1ddb04c-5bc4-4b16-8869-c19fc3a01bda\">\n<div data-el-id=\"e1ddb04c-5bc4-4b16-8869-c19fc3a01bda-txt\">\n<div class=\"machine-template__description-description\"><strong>DONATONI K3 Q<\/strong> es una <strong>fresa\/estaci\u00f3n de trabajo de control num\u00e9rico con 5\/6 ejes interpolados<\/strong> con cambio de herramienta autom\u00e1tico y carrera del <strong>eje Z de 800mm<\/strong>. Es una m\u00e1quina extremadamente vers\u00e1til, indicada para la producci\u00f3n de distintos tipos de productos como encimeras para cocina, encimeras para cuarto de ba\u00f1o, platos para ducha, suelos, paneles para revestimientos externos e internos, escalones para escaleras, marcos de ventanas, mesas, fuentes, capiteles, esculturas, productos para la construcci\u00f3n y para el arte funerario. Es una m\u00e1quina que permite realizar principalmente cortes de hasta 250mm de profundidad (300mm con el dispositivo opcional) y perfiles sencillos y complejos.<\/div>\n<\/div>\n<\/div>\n","protected":false},"excerpt":{"rendered":"<p>Modelos que combina fresa de puente y contorneadora DONATONI K3 Q es una fresa\/estaci\u00f3n de trabajo de control num\u00e9rico con 5\/6 ejes interpolados con cambio de herramienta autom\u00e1tico y carrera del eje Z de 800mm. Es una m\u00e1quina extremadamente vers\u00e1til, indicada para la producci\u00f3n de distintos tipos de productos como encimeras para cocina, encimeras para [&hellip;]<\/p>\n","protected":false},"featured_media":9865,"template":"","meta":{"_et_pb_use_builder":"","_et_pb_old_content":"","_et_gb_content_width":""},"product_brand":[],"product_cat":[2213],"product_tag":[],"caratteristica":[2231,2232,2233,2234,2235,2236,2237],"serie":[2221],"settore_di_applicazione":[2206,2208,2209,2210,2211],"class_list":{"0":"post-9868","1":"product","2":"type-product","3":"status-publish","4":"has-post-thumbnail","6":"product_cat-estaciones-de-trabajo","7":"pa_assi-interpolati-5-es","8":"pa_attacco-utensile-cono-40-es","9":"pa_consumo-acqua-50-es","10":"pa_consumo-aria-20-es","11":"pa_coppia-mot-elettromandrino-115-s6-es","12":"pa_corsa-carrello-asse-x-3900-es","13":"pa_corsa-ponte-asse-y-3450-es","14":"pa_corsa-tastatore-lastra-300-es","15":"pa_corsa-ventose-295-es","16":"pa_diametro-albero-mandrino-50-es","17":"pa_diametro-massimo-disco-825-es","18":"pa_diametro-max-utensili-o120-es","19":"pa_diametro-minimo-disco-350-es","20":"pa_dimensione-banco-3500x2000-es","21":"pa_disco-max-tastatore-lastra-725-es","22":"pa_disco-max-uso-ventose-725-es","23":"pa_inclinazione-testa-assea-0-90-es","24":"pa_interasse-supp-utensili-130-es","25":"pa_magazzino-utensili-20-herramientas-1-disco-disc","26":"pa_peso-complessivo-macchina-5700-es","27":"pa_peso-tot-max-sollev-ventose-600-es","28":"pa_potenza-elettromandrino-28-s6-es","29":"pa_potenza-totale-installata-46-es","30":"pa_profondita-max-di-taglio-300-es","31":"pa_raffreddamento-motore-liquido-es","32":"pa_rotazione-testa-porta-disco-5-365-es","33":"pa_salita-discesa-assez-800-es","34":"pa_tensione-elettrica-standard-40010-50-es","35":"pa_velocita-elettromandri-0-10000-es","36":"pa_velocita-max-carrello-asse-x-0-45-es","37":"pa_velocita-max-ponte-asse-y-0-45-es","38":"pa_velocita-max-teste-asse-z-0-6-es","39":"caratteristica-2-en-1-calibracion-y-pulido-en-una-sola-maquina","40":"caratteristica-amplia-gama-de-accesorios-y-configuraciones","41":"caratteristica-flexibilidad-en-la-produccion","42":"caratteristica-tecnologia-cnc-precision-y-productividad","43":"caratteristica-espacio-ocupado-reducido","44":"caratteristica-amplia-gama-de-elaboraciones","45":"caratteristica-sencilla-y-rapida-a-programar","46":"serie-k-series-es","47":"settore_di_applicazione-encimeras-de-cocina-y-para-cuarto-de-bano","48":"settore_di_applicazione-grandes-proyectos","49":"settore_di_applicazione-diseno-y-esculturas","50":"settore_di_applicazione-productos-para-la-construccion","51":"settore_di_applicazione-arte-funerario","53":"first","54":"instock","55":"shipping-taxable","56":"purchasable","57":"product-type-simple"},"acf":[],"yoast_head":"<!-- This site is optimized with the Yoast SEO plugin v25.8 - https:\/\/yoast.com\/wordpress\/plugins\/seo\/ -->\n<title>K3 Q - Donatoni Group<\/title>\n<meta name=\"robots\" content=\"index, follow, max-snippet:-1, max-image-preview:large, max-video-preview:-1\" \/>\n<link rel=\"canonical\" href=\"https:\/\/www.donatonigroup.com\/es\/maquina\/k3-q\/\" \/>\n<meta property=\"og:locale\" content=\"es_ES\" \/>\n<meta property=\"og:type\" content=\"article\" \/>\n<meta property=\"og:title\" content=\"K3 Q - Donatoni Group\" \/>\n<meta property=\"og:description\" content=\"Modelos que combina fresa de puente y contorneadora DONATONI K3 Q es una fresa\/estaci\u00f3n de trabajo de control num\u00e9rico con 5\/6 ejes interpolados con cambio de herramienta autom\u00e1tico y carrera del eje Z de 800mm. Es una m\u00e1quina extremadamente vers\u00e1til, indicada para la producci\u00f3n de distintos tipos de productos como encimeras para cocina, encimeras para [&hellip;]\" \/>\n<meta property=\"og:url\" content=\"https:\/\/www.donatonigroup.com\/es\/maquina\/k3-q\/\" \/>\n<meta property=\"og:site_name\" content=\"Donatoni Group\" \/>\n<meta property=\"article:publisher\" content=\"https:\/\/www.facebook.com\/donatonimacchine\" \/>\n<meta property=\"article:modified_time\" content=\"2023-12-05T16:12:15+00:00\" \/>\n<meta property=\"og:image\" content=\"https:\/\/www.donatonigroup.com\/wp-content\/uploads\/2023\/02\/K3Q-1500x9352-1.png\" \/>\n\t<meta property=\"og:image:width\" content=\"1500\" \/>\n\t<meta property=\"og:image:height\" content=\"935\" \/>\n\t<meta property=\"og:image:type\" content=\"image\/png\" \/>\n<meta name=\"twitter:card\" content=\"summary_large_image\" \/>\n<meta name=\"twitter:label1\" content=\"Tiempo de lectura\" \/>\n\t<meta name=\"twitter:data1\" content=\"1 minuto\" \/>\n<script type=\"application\/ld+json\" class=\"yoast-schema-graph\">{\"@context\":\"https:\/\/schema.org\",\"@graph\":[{\"@type\":\"WebPage\",\"@id\":\"https:\/\/www.donatonigroup.com\/es\/maquina\/k3-q\/\",\"url\":\"https:\/\/www.donatonigroup.com\/es\/maquina\/k3-q\/\",\"name\":\"K3 Q - Donatoni Group\",\"isPartOf\":{\"@id\":\"https:\/\/www.donatonigroup.com\/es\/#website\"},\"primaryImageOfPage\":{\"@id\":\"https:\/\/www.donatonigroup.com\/es\/maquina\/k3-q\/#primaryimage\"},\"image\":{\"@id\":\"https:\/\/www.donatonigroup.com\/es\/maquina\/k3-q\/#primaryimage\"},\"thumbnailUrl\":\"https:\/\/www.donatonigroup.com\/wp-content\/uploads\/2023\/02\/K3Q-1500x9352-1.png\",\"datePublished\":\"2023-02-08T16:37:29+00:00\",\"dateModified\":\"2023-12-05T16:12:15+00:00\",\"breadcrumb\":{\"@id\":\"https:\/\/www.donatonigroup.com\/es\/maquina\/k3-q\/#breadcrumb\"},\"inLanguage\":\"es\",\"potentialAction\":[{\"@type\":\"ReadAction\",\"target\":[\"https:\/\/www.donatonigroup.com\/es\/maquina\/k3-q\/\"]}]},{\"@type\":\"ImageObject\",\"inLanguage\":\"es\",\"@id\":\"https:\/\/www.donatonigroup.com\/es\/maquina\/k3-q\/#primaryimage\",\"url\":\"https:\/\/www.donatonigroup.com\/wp-content\/uploads\/2023\/02\/K3Q-1500x9352-1.png\",\"contentUrl\":\"https:\/\/www.donatonigroup.com\/wp-content\/uploads\/2023\/02\/K3Q-1500x9352-1.png\",\"width\":1500,\"height\":935},{\"@type\":\"BreadcrumbList\",\"@id\":\"https:\/\/www.donatonigroup.com\/es\/maquina\/k3-q\/#breadcrumb\",\"itemListElement\":[{\"@type\":\"ListItem\",\"position\":1,\"name\":\"Home\",\"item\":\"https:\/\/www.donatonigroup.com\/es\/\"},{\"@type\":\"ListItem\",\"position\":2,\"name\":\"Cat\u00e1logo de m\u00e1quinas\",\"item\":\"https:\/\/www.donatonigroup.com\/es\/catalogo-de-maquinas\/\"},{\"@type\":\"ListItem\",\"position\":3,\"name\":\"K3 Q\"}]},{\"@type\":\"WebSite\",\"@id\":\"https:\/\/www.donatonigroup.com\/es\/#website\",\"url\":\"https:\/\/www.donatonigroup.com\/es\/\",\"name\":\"Donatoni Group\",\"description\":\"\",\"publisher\":{\"@id\":\"https:\/\/www.donatonigroup.com\/es\/#organization\"},\"potentialAction\":[{\"@type\":\"SearchAction\",\"target\":{\"@type\":\"EntryPoint\",\"urlTemplate\":\"https:\/\/www.donatonigroup.com\/es\/?s={search_term_string}\"},\"query-input\":{\"@type\":\"PropertyValueSpecification\",\"valueRequired\":true,\"valueName\":\"search_term_string\"}}],\"inLanguage\":\"es\"},{\"@type\":\"Organization\",\"@id\":\"https:\/\/www.donatonigroup.com\/es\/#organization\",\"name\":\"Donatoni Group\",\"url\":\"https:\/\/www.donatonigroup.com\/es\/\",\"logo\":{\"@type\":\"ImageObject\",\"inLanguage\":\"es\",\"@id\":\"https:\/\/www.donatonigroup.com\/es\/#\/schema\/logo\/image\/\",\"url\":\"http:\/\/www.donatonigroup.com\/wp-content\/uploads\/2023\/02\/donatoni-logo.png\",\"contentUrl\":\"http:\/\/www.donatonigroup.com\/wp-content\/uploads\/2023\/02\/donatoni-logo.png\",\"width\":800,\"height\":112,\"caption\":\"Donatoni Group\"},\"image\":{\"@id\":\"https:\/\/www.donatonigroup.com\/es\/#\/schema\/logo\/image\/\"},\"sameAs\":[\"https:\/\/www.facebook.com\/donatonimacchine\",\"https:\/\/instagram.com\/donatonigroup\/\",\"https:\/\/www.linkedin.com\/company\/donatoni-macchine-s-r-l\"]}]}<\/script>\n<!-- \/ Yoast SEO plugin. -->","yoast_head_json":{"title":"K3 Q - Donatoni Group","robots":{"index":"index","follow":"follow","max-snippet":"max-snippet:-1","max-image-preview":"max-image-preview:large","max-video-preview":"max-video-preview:-1"},"canonical":"https:\/\/www.donatonigroup.com\/es\/maquina\/k3-q\/","og_locale":"es_ES","og_type":"article","og_title":"K3 Q - Donatoni Group","og_description":"Modelos que combina fresa de puente y contorneadora DONATONI K3 Q es una fresa\/estaci\u00f3n de trabajo de control num\u00e9rico con 5\/6 ejes interpolados con cambio de herramienta autom\u00e1tico y carrera del eje Z de 800mm. Es una m\u00e1quina extremadamente vers\u00e1til, indicada para la producci\u00f3n de distintos tipos de productos como encimeras para cocina, encimeras para [&hellip;]","og_url":"https:\/\/www.donatonigroup.com\/es\/maquina\/k3-q\/","og_site_name":"Donatoni Group","article_publisher":"https:\/\/www.facebook.com\/donatonimacchine","article_modified_time":"2023-12-05T16:12:15+00:00","og_image":[{"width":1500,"height":935,"url":"https:\/\/www.donatonigroup.com\/wp-content\/uploads\/2023\/02\/K3Q-1500x9352-1.png","type":"image\/png"}],"twitter_card":"summary_large_image","twitter_misc":{"Tiempo de lectura":"1 minuto"},"schema":{"@context":"https:\/\/schema.org","@graph":[{"@type":"WebPage","@id":"https:\/\/www.donatonigroup.com\/es\/maquina\/k3-q\/","url":"https:\/\/www.donatonigroup.com\/es\/maquina\/k3-q\/","name":"K3 Q - Donatoni Group","isPartOf":{"@id":"https:\/\/www.donatonigroup.com\/es\/#website"},"primaryImageOfPage":{"@id":"https:\/\/www.donatonigroup.com\/es\/maquina\/k3-q\/#primaryimage"},"image":{"@id":"https:\/\/www.donatonigroup.com\/es\/maquina\/k3-q\/#primaryimage"},"thumbnailUrl":"https:\/\/www.donatonigroup.com\/wp-content\/uploads\/2023\/02\/K3Q-1500x9352-1.png","datePublished":"2023-02-08T16:37:29+00:00","dateModified":"2023-12-05T16:12:15+00:00","breadcrumb":{"@id":"https:\/\/www.donatonigroup.com\/es\/maquina\/k3-q\/#breadcrumb"},"inLanguage":"es","potentialAction":[{"@type":"ReadAction","target":["https:\/\/www.donatonigroup.com\/es\/maquina\/k3-q\/"]}]},{"@type":"ImageObject","inLanguage":"es","@id":"https:\/\/www.donatonigroup.com\/es\/maquina\/k3-q\/#primaryimage","url":"https:\/\/www.donatonigroup.com\/wp-content\/uploads\/2023\/02\/K3Q-1500x9352-1.png","contentUrl":"https:\/\/www.donatonigroup.com\/wp-content\/uploads\/2023\/02\/K3Q-1500x9352-1.png","width":1500,"height":935},{"@type":"BreadcrumbList","@id":"https:\/\/www.donatonigroup.com\/es\/maquina\/k3-q\/#breadcrumb","itemListElement":[{"@type":"ListItem","position":1,"name":"Home","item":"https:\/\/www.donatonigroup.com\/es\/"},{"@type":"ListItem","position":2,"name":"Cat\u00e1logo de m\u00e1quinas","item":"https:\/\/www.donatonigroup.com\/es\/catalogo-de-maquinas\/"},{"@type":"ListItem","position":3,"name":"K3 Q"}]},{"@type":"WebSite","@id":"https:\/\/www.donatonigroup.com\/es\/#website","url":"https:\/\/www.donatonigroup.com\/es\/","name":"Donatoni Group","description":"","publisher":{"@id":"https:\/\/www.donatonigroup.com\/es\/#organization"},"potentialAction":[{"@type":"SearchAction","target":{"@type":"EntryPoint","urlTemplate":"https:\/\/www.donatonigroup.com\/es\/?s={search_term_string}"},"query-input":{"@type":"PropertyValueSpecification","valueRequired":true,"valueName":"search_term_string"}}],"inLanguage":"es"},{"@type":"Organization","@id":"https:\/\/www.donatonigroup.com\/es\/#organization","name":"Donatoni Group","url":"https:\/\/www.donatonigroup.com\/es\/","logo":{"@type":"ImageObject","inLanguage":"es","@id":"https:\/\/www.donatonigroup.com\/es\/#\/schema\/logo\/image\/","url":"http:\/\/www.donatonigroup.com\/wp-content\/uploads\/2023\/02\/donatoni-logo.png","contentUrl":"http:\/\/www.donatonigroup.com\/wp-content\/uploads\/2023\/02\/donatoni-logo.png","width":800,"height":112,"caption":"Donatoni Group"},"image":{"@id":"https:\/\/www.donatonigroup.com\/es\/#\/schema\/logo\/image\/"},"sameAs":["https:\/\/www.facebook.com\/donatonimacchine","https:\/\/instagram.com\/donatonigroup\/","https:\/\/www.linkedin.com\/company\/donatoni-macchine-s-r-l"]}]}},"_links":{"self":[{"href":"https:\/\/www.donatonigroup.com\/es\/wp-json\/wp\/v2\/product\/9868","targetHints":{"allow":["GET"]}}],"collection":[{"href":"https:\/\/www.donatonigroup.com\/es\/wp-json\/wp\/v2\/product"}],"about":[{"href":"https:\/\/www.donatonigroup.com\/es\/wp-json\/wp\/v2\/types\/product"}],"wp:featuredmedia":[{"embeddable":true,"href":"https:\/\/www.donatonigroup.com\/es\/wp-json\/wp\/v2\/media\/9865"}],"wp:attachment":[{"href":"https:\/\/www.donatonigroup.com\/es\/wp-json\/wp\/v2\/media?parent=9868"}],"wp:term":[{"taxonomy":"product_brand","embeddable":true,"href":"https:\/\/www.donatonigroup.com\/es\/wp-json\/wp\/v2\/product_brand?post=9868"},{"taxonomy":"product_cat","embeddable":true,"href":"https:\/\/www.donatonigroup.com\/es\/wp-json\/wp\/v2\/product_cat?post=9868"},{"taxonomy":"product_tag","embeddable":true,"href":"https:\/\/www.donatonigroup.com\/es\/wp-json\/wp\/v2\/product_tag?post=9868"},{"taxonomy":"caratteristica","embeddable":true,"href":"https:\/\/www.donatonigroup.com\/es\/wp-json\/wp\/v2\/caratteristica?post=9868"},{"taxonomy":"serie","embeddable":true,"href":"https:\/\/www.donatonigroup.com\/es\/wp-json\/wp\/v2\/serie?post=9868"},{"taxonomy":"settore_di_applicazione","embeddable":true,"href":"https:\/\/www.donatonigroup.com\/es\/wp-json\/wp\/v2\/settore_di_applicazione?post=9868"}],"curies":[{"name":"wp","href":"https:\/\/api.w.org\/{rel}","templated":true}]}}