{"id":13342,"date":"2023-03-06T13:19:07","date_gmt":"2023-03-06T13:19:07","guid":{"rendered":"http:\/\/www.donatonigroup.com\/lavora-con-noi\/"},"modified":"2024-03-14T16:53:24","modified_gmt":"2024-03-14T16:53:24","slug":"travailler-avec-nous","status":"publish","type":"page","link":"https:\/\/www.donatonigroup.com\/fr\/travailler-avec-nous\/","title":{"rendered":"Travailler avec nous"},"content":{"rendered":"<p>[et_pb_section fb_built=\u00a0\u00bb1&Prime; _builder_version=\u00a0\u00bb4.19.5&Prime; _module_preset=\u00a0\u00bbdefault\u00a0\u00bb background_color=\u00a0\u00bb#082161&Prime; background_image=\u00a0\u00bbhttp:\/\/www.donatonigroup.com\/wp-content\/uploads\/2023\/02\/mappa.webp\u00a0\u00bb locked=\u00a0\u00bboff\u00a0\u00bb global_colors_info=\u00a0\u00bb{}\u00a0\u00bb][et_pb_row custom_padding_last_edited=\u00a0\u00bbon|phone\u00a0\u00bb _builder_version=\u00a0\u00bb4.22.1&Prime; _module_preset=\u00a0\u00bbdefault\u00a0\u00bb width_tablet=\u00a0\u00bb\u00a0\u00bb width_phone=\u00a0\u00bb90%\u00a0\u00bb width_last_edited=\u00a0\u00bbon|phone\u00a0\u00bb max_width=\u00a0\u00bb90%\u00a0\u00bb custom_padding_tablet=\u00a0\u00bb\u00a0\u00bb custom_padding_phone=\u00a0\u00bb25%||||false|false\u00a0\u00bb global_colors_info=\u00a0\u00bb{}\u00a0\u00bb][et_pb_column type=\u00a0\u00bb4_4&Prime; _builder_version=\u00a0\u00bb4.19.5&Prime; _module_preset=\u00a0\u00bbdefault\u00a0\u00bb global_colors_info=\u00a0\u00bb{}\u00a0\u00bb][et_pb_text _builder_version=\u00a0\u00bb4.22.1&Prime; _module_preset=\u00a0\u00bbdefault\u00a0\u00bb header_font=\u00a0\u00bbDonatoni Sans||||||||\u00a0\u00bb header_text_color=\u00a0\u00bb#F8F9FA\u00a0\u00bb header_font_size=\u00a0\u00bb70px\u00a0\u00bb custom_padding=\u00a0\u00bb||||false|false\u00a0\u00bb header_font_size_tablet=\u00a0\u00bb70px\u00a0\u00bb header_font_size_phone=\u00a0\u00bb55px\u00a0\u00bb header_font_size_last_edited=\u00a0\u00bbon|phone\u00a0\u00bb global_colors_info=\u00a0\u00bb{}\u00a0\u00bb]<\/p>\n<h1 style=\"text-align: center;\">Travailler avec nous<\/h1>\n<p>[\/et_pb_text][\/et_pb_column][\/et_pb_row][et_pb_row _builder_version=\u00a0\u00bb4.22.1&Prime; _module_preset=\u00a0\u00bbdefault\u00a0\u00bb width_tablet=\u00a0\u00bb\u00a0\u00bb width_phone=\u00a0\u00bb90%\u00a0\u00bb width_last_edited=\u00a0\u00bbon|phone\u00a0\u00bb custom_padding=\u00a0\u00bb4%||||false|false\u00a0\u00bb global_colors_info=\u00a0\u00bb{}\u00a0\u00bb][et_pb_column type=\u00a0\u00bb4_4&Prime; _builder_version=\u00a0\u00bb4.19.5&Prime; _module_preset=\u00a0\u00bbdefault\u00a0\u00bb global_colors_info=\u00a0\u00bb{}\u00a0\u00bb][et_pb_text _builder_version=\u00a0\u00bb4.19.5&Prime; _module_preset=\u00a0\u00bbdefault\u00a0\u00bb header_2_text_color=\u00a0\u00bb#F8F9FA\u00a0\u00bb header_2_font_size=\u00a0\u00bb2rem\u00a0\u00bb global_colors_info=\u00a0\u00bb{}\u00a0\u00bb]<\/p>\n<h2 class=\"4db45b3d-308f-48d1-a58c-acd2674664bd\" lang=\"it\" style=\"text-align: center;\" data-el-id=\"4db45b3d-308f-48d1-a58c-acd2674664bd\">Remplissez le formulaire pour envoyer votre candidature<\/h2>\n<p>[\/et_pb_text][dvppl_cf7_styler button_alignment=\u00a0\u00bbright\u00a0\u00bb cf7=\u00a0\u00bb13271&Prime; form_field_spacing=\u00a0\u00bb10px\u00a0\u00bb cr_custom_styles=\u00a0\u00bbon\u00a0\u00bb cf7_message_color=\u00a0\u00bb#F8F9FA\u00a0\u00bb admin_label=\u00a0\u00bbCF7 Styler\u00a0\u00bb _builder_version=\u00a0\u00bb4.24.2&Prime; _module_preset=\u00a0\u00bbdefault\u00a0\u00bb form_field_font_text_color=\u00a0\u00bb#212121&Prime; labels_font=\u00a0\u00bbNoto Sans Regular|600||on|||||\u00a0\u00bb labels_text_color=\u00a0\u00bb#F8F9FA\u00a0\u00bb labels_font_size=\u00a0\u00bb0.75em\u00a0\u00bb placeholder_text_color=\u00a0\u00bbRGBA(255,255,255,0)\u00a0\u00bb custom_submit_button=\u00a0\u00bbon\u00a0\u00bb submit_button_text_color=\u00a0\u00bb#5BFACA\u00a0\u00bb submit_button_bg_color=\u00a0\u00bbRGBA(255,255,255,0)\u00a0\u00bb submit_button_border_color=\u00a0\u00bb#5BFACA\u00a0\u00bb submit_button_border_radius=\u00a0\u00bb50px\u00a0\u00bb submit_button_font=\u00a0\u00bbDonatoni Sans||||||||\u00a0\u00bb submit_button_custom_margin=\u00a0\u00bb10px||||false|false\u00a0\u00bb submit_button_custom_padding=\u00a0\u00bb|2rem||2rem|false|true\u00a0\u00bb hover_enabled=\u00a0\u00bb0&Prime; border_radii_field=\u00a0\u00bbon|5px|5px|5px|5px\u00a0\u00bb border_width_all_field=\u00a0\u00bb1px\u00a0\u00bb border_color_all_field=\u00a0\u00bb#F8F9FA\u00a0\u00bb global_colors_info=\u00a0\u00bb{}\u00a0\u00bb sticky_enabled=\u00a0\u00bb0&Prime;][\/dvppl_cf7_styler][\/et_pb_column][\/et_pb_row][\/et_pb_section]<\/p>\n","protected":false},"excerpt":{"rendered":"<p>Travailler avec nousRemplissez le formulaire pour envoyer votre candidature<div class=\"et_pb_with_border et_pb_module dvppl_cf7_styler dvppl_cf7_styler_0\">\n\t\t\t\t\n\t\t\t\t\n\t\t\t\t\n\t\t\t\t\n\t\t\t\t\n\t\t\t\t\n\t\t\t\t<div class=\"et_pb_module_inner\">\n\t\t\t\t\t<div class=\"dipe-cf7-container dipe-cf7-button-right\">\n\t\t\t\t\n\t\t\t\t<div class=\"dipe-cf7 dipe-cf7-styler dipe-cf7-cr\">\n\t\t\t\t\t\n<div class=\"wpcf7 no-js\" id=\"wpcf7-f13271-o1\" lang=\"it-IT\" dir=\"ltr\" data-wpcf7-id=\"13271\">\n<div class=\"screen-reader-response\"><p role=\"status\" aria-live=\"polite\" aria-atomic=\"true\"><\/p> <ul><\/ul><\/div>\n<form action=\"\/fr\/wp-json\/wp\/v2\/pages\/13342#wpcf7-f13271-o1\" method=\"post\" class=\"wpcf7-form init wpcf7-acceptance-as-validation\" aria-label=\"Modulo di contatto\" enctype=\"multipart\/form-data\" novalidate=\"novalidate\" data-status=\"init\">\n<fieldset class=\"hidden-fields-container\"><input type=\"hidden\" name=\"_wpcf7\" value=\"13271\" \/><input type=\"hidden\" name=\"_wpcf7_version\" value=\"6.1.1\" \/><input type=\"hidden\" name=\"_wpcf7_locale\" value=\"it_IT\" \/><input type=\"hidden\" name=\"_wpcf7_unit_tag\" value=\"wpcf7-f13271-o1\" \/><input type=\"hidden\" name=\"_wpcf7_container_post\" value=\"0\" \/><input type=\"hidden\" name=\"_wpcf7_posted_data_hash\" value=\"\" \/><input type=\"hidden\" name=\"_wpcf7dtx_version\" value=\"5.0.3\" \/><input type=\"hidden\" name=\"_wpcf7_recaptcha_response\" value=\"\" \/>\n<\/fieldset>\n<div class=\"dfs-row\">\n<div class=\"dfs-col dfs-col-12\">\n<label> Nom et pr\u00e9nom*\n    <span class=\"wpcf7-form-control-wrap\" data-name=\"your-name\"><input size=\"40\" maxlength=\"400\" class=\"wpcf7-form-control wpcf7-text wpcf7-validates-as-required\" autocomplete=\"name\" aria-required=\"true\" aria-invalid=\"false\" value=\"\" type=\"text\" name=\"your-name\" \/><\/span> <\/label>\n<\/div>\n<\/div>\n<div class=\"dfs-row\">\n<div class=\"dfs-col dfs-col-12\">\n<label> Courriel*\n    <span class=\"wpcf7-form-control-wrap\" data-name=\"your-email\"><input size=\"40\" maxlength=\"400\" class=\"wpcf7-form-control wpcf7-email wpcf7-validates-as-required wpcf7-text wpcf7-validates-as-email\" autocomplete=\"email\" aria-required=\"true\" aria-invalid=\"false\" value=\"\" type=\"email\" name=\"your-email\" \/><\/span> <\/label>\n<\/div>\n<\/div>\n<div class=\"dfs-row\">\n<div class=\"dfs-col dfs-col-12 dfs-col-md-6 dfs-col-lg-6\">\n<label> T\u00e9l\u00e9phone*\n    <span class=\"wpcf7-form-control-wrap\" data-name=\"your-company\"><input size=\"40\" maxlength=\"400\" class=\"wpcf7-form-control wpcf7-text wpcf7-validates-as-required\" aria-required=\"true\" aria-invalid=\"false\" value=\"\" type=\"text\" name=\"your-company\" \/><\/span> <\/label>\n<\/div>\n<div class=\"dfs-col dfs-col-12 dfs-col-md-6 dfs-col-lg-6\">\n<label> Villes*\n    <span class=\"wpcf7-form-control-wrap\" data-name=\"your-city\"><input size=\"40\" maxlength=\"400\" class=\"wpcf7-form-control wpcf7-text wpcf7-validates-as-required\" aria-required=\"true\" aria-invalid=\"false\" value=\"\" type=\"text\" name=\"your-city\" \/><\/span> <\/label>\n<\/div>\n<\/div>\n<div class=\"dfs-row\">\n<div class=\"dfs-col dfs-col-12\">\n<label> Dites-nous qui vous \u00eates*\n<span class=\"wpcf7-form-control-wrap\" data-name=\"lettera\"><textarea cols=\"40\" rows=\"10\" maxlength=\"2000\" class=\"wpcf7-form-control wpcf7-textarea wpcf7-validates-as-required\" aria-required=\"true\" aria-invalid=\"false\" name=\"lettera\"><\/textarea><\/span><\/label>\n<\/div>\n<\/div>\n<div class=\"dfs-row\">\n<div class=\"dfs-col dfs-col-12\">\n<label>Curriculum Vitae*\n<span class=\"wpcf7-form-control-wrap\" data-name=\"cv\"><input size=\"40\" class=\"wpcf7-form-control wpcf7-file wpcf7-validates-as-required\" accept=\".pdf\" aria-required=\"true\" aria-invalid=\"false\" type=\"file\" name=\"cv\" \/><\/span><\/label>\n<p style=\"font-size:0.85em;color:rgba(255,255,255,0.8)\"><em>Formats accept\u00e9s: PDF<\/em><\/p>\n<\/div>\n<\/div>\n<div class=\"dfs-row\">\n<div class=\"dfs-col dfs-col-12\">\n<span class=\"wpcf7-form-control-wrap\" data-name=\"privacy\"><span class=\"wpcf7-form-control wpcf7-acceptance\"><span class=\"wpcf7-list-item\"><label><input type=\"checkbox\" name=\"privacy\" value=\"1\" aria-invalid=\"false\" \/><span class=\"wpcf7-list-item-label\">JE CONSENS AU TRAITEMENT DE MES DONN\u00c9ES PERSONNELLES COMME INDIQU\u00c9 DANS LA <a style=\"color:#fff;\" href=\"\/fr\/privacy-policy\" target=\"_blank\"> POLITIQUE DE CONFIDENTIALIT\u00c9 <\/a> DE CE SITE WEB (R\u00c8GLEMENT UE 2016\/679)*.<\/span><\/label><\/span><\/span><\/span>\n<\/div>\n<\/div>\n<div class=\"dfs-row\">\n<div class=\"dfs-col dfs-col-12\">\n<button class=\"wpcf7-form-control wpcf7-submit has-spinner et_pb_button et_pb_bg_layout_light\" type=\"submit\" value=\"Envoyer\">Envoyer<\/button>\n<\/div>\n<\/div><div class=\"wpcf7-response-output\" aria-hidden=\"true\"><\/div>\n<\/form>\n<\/div>\n\n\t\t\t\t<\/div>\n\t\t\t<\/div>\n\t\t\t\t<\/div>\n\t\t\t<\/div><\/p>\n","protected":false},"author":1,"featured_media":0,"parent":0,"menu_order":0,"comment_status":"closed","ping_status":"closed","template":"","meta":{"_et_pb_use_builder":"on","_et_pb_old_content":"","_et_gb_content_width":"","footnotes":""},"class_list":["post-13342","page","type-page","status-publish","hentry"],"acf":[],"yoast_head":"<!-- This site is optimized with the Yoast SEO plugin v25.8 - https:\/\/yoast.com\/wordpress\/plugins\/seo\/ -->\n<title>Travailler avec nous : Opportunit\u00e9s de carri\u00e8re au sein du Groupe Donatoni<\/title>\n<meta name=\"description\" content=\"Rejoignez notre \u00e9quipe! D\u00e9couvrez les opportunit\u00e9s de carri\u00e8re au sein du Groupe Donatoni et contribuez \u00e0 notre engagement pour l&#039;excellence.\" \/>\n<meta name=\"robots\" content=\"index, follow, max-snippet:-1, max-image-preview:large, max-video-preview:-1\" \/>\n<link rel=\"canonical\" href=\"https:\/\/www.donatonigroup.com\/fr\/travailler-avec-nous\/\" \/>\n<meta property=\"og:locale\" content=\"fr_FR\" \/>\n<meta property=\"og:type\" content=\"article\" \/>\n<meta property=\"og:title\" content=\"Travailler avec nous : Opportunit\u00e9s de carri\u00e8re au sein du Groupe Donatoni\" \/>\n<meta property=\"og:description\" content=\"Rejoignez notre \u00e9quipe! D\u00e9couvrez les opportunit\u00e9s de carri\u00e8re au sein du Groupe Donatoni et contribuez \u00e0 notre engagement pour l&#039;excellence.\" \/>\n<meta property=\"og:url\" content=\"https:\/\/www.donatonigroup.com\/fr\/travailler-avec-nous\/\" \/>\n<meta property=\"og:site_name\" content=\"Donatoni Group\" \/>\n<meta property=\"article:publisher\" content=\"https:\/\/www.facebook.com\/donatonimacchine\" \/>\n<meta property=\"article:modified_time\" content=\"2024-03-14T16:53:24+00:00\" \/>\n<meta name=\"twitter:card\" content=\"summary_large_image\" \/>\n<meta name=\"twitter:label1\" content=\"Dur\u00e9e de lecture estim\u00e9e\" \/>\n\t<meta name=\"twitter:data1\" content=\"1 minute\" \/>\n<script type=\"application\/ld+json\" class=\"yoast-schema-graph\">{\"@context\":\"https:\/\/schema.org\",\"@graph\":[{\"@type\":\"WebPage\",\"@id\":\"https:\/\/www.donatonigroup.com\/fr\/travailler-avec-nous\/\",\"url\":\"https:\/\/www.donatonigroup.com\/fr\/travailler-avec-nous\/\",\"name\":\"Travailler avec nous : Opportunit\u00e9s de carri\u00e8re au sein du Groupe Donatoni\",\"isPartOf\":{\"@id\":\"https:\/\/www.donatonigroup.com\/fr\/#website\"},\"datePublished\":\"2023-03-06T13:19:07+00:00\",\"dateModified\":\"2024-03-14T16:53:24+00:00\",\"description\":\"Rejoignez notre \u00e9quipe! D\u00e9couvrez les opportunit\u00e9s de carri\u00e8re au sein du Groupe Donatoni et contribuez \u00e0 notre engagement pour l'excellence.\",\"breadcrumb\":{\"@id\":\"https:\/\/www.donatonigroup.com\/fr\/travailler-avec-nous\/#breadcrumb\"},\"inLanguage\":\"fr-FR\",\"potentialAction\":[{\"@type\":\"ReadAction\",\"target\":[\"https:\/\/www.donatonigroup.com\/fr\/travailler-avec-nous\/\"]}]},{\"@type\":\"BreadcrumbList\",\"@id\":\"https:\/\/www.donatonigroup.com\/fr\/travailler-avec-nous\/#breadcrumb\",\"itemListElement\":[{\"@type\":\"ListItem\",\"position\":1,\"name\":\"Home\",\"item\":\"https:\/\/www.donatonigroup.com\/fr\/\"},{\"@type\":\"ListItem\",\"position\":2,\"name\":\"Travailler avec nous\"}]},{\"@type\":\"WebSite\",\"@id\":\"https:\/\/www.donatonigroup.com\/fr\/#website\",\"url\":\"https:\/\/www.donatonigroup.com\/fr\/\",\"name\":\"Donatoni Group\",\"description\":\"\",\"publisher\":{\"@id\":\"https:\/\/www.donatonigroup.com\/fr\/#organization\"},\"potentialAction\":[{\"@type\":\"SearchAction\",\"target\":{\"@type\":\"EntryPoint\",\"urlTemplate\":\"https:\/\/www.donatonigroup.com\/fr\/?s={search_term_string}\"},\"query-input\":{\"@type\":\"PropertyValueSpecification\",\"valueRequired\":true,\"valueName\":\"search_term_string\"}}],\"inLanguage\":\"fr-FR\"},{\"@type\":\"Organization\",\"@id\":\"https:\/\/www.donatonigroup.com\/fr\/#organization\",\"name\":\"Donatoni Group\",\"url\":\"https:\/\/www.donatonigroup.com\/fr\/\",\"logo\":{\"@type\":\"ImageObject\",\"inLanguage\":\"fr-FR\",\"@id\":\"https:\/\/www.donatonigroup.com\/fr\/#\/schema\/logo\/image\/\",\"url\":\"http:\/\/www.donatonigroup.com\/wp-content\/uploads\/2023\/02\/donatoni-logo.png\",\"contentUrl\":\"http:\/\/www.donatonigroup.com\/wp-content\/uploads\/2023\/02\/donatoni-logo.png\",\"width\":800,\"height\":112,\"caption\":\"Donatoni Group\"},\"image\":{\"@id\":\"https:\/\/www.donatonigroup.com\/fr\/#\/schema\/logo\/image\/\"},\"sameAs\":[\"https:\/\/www.facebook.com\/donatonimacchine\",\"https:\/\/instagram.com\/donatonigroup\/\",\"https:\/\/www.linkedin.com\/company\/donatoni-macchine-s-r-l\"]}]}<\/script>\n<!-- \/ Yoast SEO plugin. -->","yoast_head_json":{"title":"Travailler avec nous : Opportunit\u00e9s de carri\u00e8re au sein du Groupe Donatoni","description":"Rejoignez notre \u00e9quipe! D\u00e9couvrez les opportunit\u00e9s de carri\u00e8re au sein du Groupe Donatoni et contribuez \u00e0 notre engagement pour l'excellence.","robots":{"index":"index","follow":"follow","max-snippet":"max-snippet:-1","max-image-preview":"max-image-preview:large","max-video-preview":"max-video-preview:-1"},"canonical":"https:\/\/www.donatonigroup.com\/fr\/travailler-avec-nous\/","og_locale":"fr_FR","og_type":"article","og_title":"Travailler avec nous : Opportunit\u00e9s de carri\u00e8re au sein du Groupe Donatoni","og_description":"Rejoignez notre \u00e9quipe! D\u00e9couvrez les opportunit\u00e9s de carri\u00e8re au sein du Groupe Donatoni et contribuez \u00e0 notre engagement pour l'excellence.","og_url":"https:\/\/www.donatonigroup.com\/fr\/travailler-avec-nous\/","og_site_name":"Donatoni Group","article_publisher":"https:\/\/www.facebook.com\/donatonimacchine","article_modified_time":"2024-03-14T16:53:24+00:00","twitter_card":"summary_large_image","twitter_misc":{"Dur\u00e9e de lecture estim\u00e9e":"1 minute"},"schema":{"@context":"https:\/\/schema.org","@graph":[{"@type":"WebPage","@id":"https:\/\/www.donatonigroup.com\/fr\/travailler-avec-nous\/","url":"https:\/\/www.donatonigroup.com\/fr\/travailler-avec-nous\/","name":"Travailler avec nous : Opportunit\u00e9s de carri\u00e8re au sein du Groupe Donatoni","isPartOf":{"@id":"https:\/\/www.donatonigroup.com\/fr\/#website"},"datePublished":"2023-03-06T13:19:07+00:00","dateModified":"2024-03-14T16:53:24+00:00","description":"Rejoignez notre \u00e9quipe! D\u00e9couvrez les opportunit\u00e9s de carri\u00e8re au sein du Groupe Donatoni et contribuez \u00e0 notre engagement pour l'excellence.","breadcrumb":{"@id":"https:\/\/www.donatonigroup.com\/fr\/travailler-avec-nous\/#breadcrumb"},"inLanguage":"fr-FR","potentialAction":[{"@type":"ReadAction","target":["https:\/\/www.donatonigroup.com\/fr\/travailler-avec-nous\/"]}]},{"@type":"BreadcrumbList","@id":"https:\/\/www.donatonigroup.com\/fr\/travailler-avec-nous\/#breadcrumb","itemListElement":[{"@type":"ListItem","position":1,"name":"Home","item":"https:\/\/www.donatonigroup.com\/fr\/"},{"@type":"ListItem","position":2,"name":"Travailler avec nous"}]},{"@type":"WebSite","@id":"https:\/\/www.donatonigroup.com\/fr\/#website","url":"https:\/\/www.donatonigroup.com\/fr\/","name":"Donatoni Group","description":"","publisher":{"@id":"https:\/\/www.donatonigroup.com\/fr\/#organization"},"potentialAction":[{"@type":"SearchAction","target":{"@type":"EntryPoint","urlTemplate":"https:\/\/www.donatonigroup.com\/fr\/?s={search_term_string}"},"query-input":{"@type":"PropertyValueSpecification","valueRequired":true,"valueName":"search_term_string"}}],"inLanguage":"fr-FR"},{"@type":"Organization","@id":"https:\/\/www.donatonigroup.com\/fr\/#organization","name":"Donatoni Group","url":"https:\/\/www.donatonigroup.com\/fr\/","logo":{"@type":"ImageObject","inLanguage":"fr-FR","@id":"https:\/\/www.donatonigroup.com\/fr\/#\/schema\/logo\/image\/","url":"http:\/\/www.donatonigroup.com\/wp-content\/uploads\/2023\/02\/donatoni-logo.png","contentUrl":"http:\/\/www.donatonigroup.com\/wp-content\/uploads\/2023\/02\/donatoni-logo.png","width":800,"height":112,"caption":"Donatoni Group"},"image":{"@id":"https:\/\/www.donatonigroup.com\/fr\/#\/schema\/logo\/image\/"},"sameAs":["https:\/\/www.facebook.com\/donatonimacchine","https:\/\/instagram.com\/donatonigroup\/","https:\/\/www.linkedin.com\/company\/donatoni-macchine-s-r-l"]}]}},"_links":{"self":[{"href":"https:\/\/www.donatonigroup.com\/fr\/wp-json\/wp\/v2\/pages\/13342","targetHints":{"allow":["GET"]}}],"collection":[{"href":"https:\/\/www.donatonigroup.com\/fr\/wp-json\/wp\/v2\/pages"}],"about":[{"href":"https:\/\/www.donatonigroup.com\/fr\/wp-json\/wp\/v2\/types\/page"}],"author":[{"embeddable":true,"href":"https:\/\/www.donatonigroup.com\/fr\/wp-json\/wp\/v2\/users\/1"}],"replies":[{"embeddable":true,"href":"https:\/\/www.donatonigroup.com\/fr\/wp-json\/wp\/v2\/comments?post=13342"}],"version-history":[{"count":5,"href":"https:\/\/www.donatonigroup.com\/fr\/wp-json\/wp\/v2\/pages\/13342\/revisions"}],"predecessor-version":[{"id":13347,"href":"https:\/\/www.donatonigroup.com\/fr\/wp-json\/wp\/v2\/pages\/13342\/revisions\/13347"}],"wp:attachment":[{"href":"https:\/\/www.donatonigroup.com\/fr\/wp-json\/wp\/v2\/media?parent=13342"}],"curies":[{"name":"wp","href":"https:\/\/api.w.org\/{rel}","templated":true}]}}