{"id":13447,"date":"2023-02-08T16:37:29","date_gmt":"2023-02-08T16:37:29","guid":{"rendered":"http:\/\/www.donatonigroup.com\/macchina\/k3-q\/"},"modified":"2024-03-18T09:26:47","modified_gmt":"2024-03-18T09:26:47","slug":"k3-q","status":"publish","type":"product","link":"https:\/\/www.donatonigroup.com\/fr\/machine\/k3-q\/","title":{"rendered":"K3 Q"},"content":{"rendered":"<div data-el-id=\"deb7ef72-53fc-4c5c-950d-156ec4c55ab1\">\n<div data-el-id=\"deb7ef72-53fc-4c5c-950d-156ec4c55ab1-txt\">\n<div class=\"machine-template__description-title\">\n<h3 class=\"machine-template__description-title-text\">Mod\u00e8les combinant d\u00e9biteuse et centre d\u2019usinage machine<\/h3>\n<\/div>\n<\/div>\n<\/div>\n<div data-el-id=\"e1ddb04c-5bc4-4b16-8869-c19fc3a01bda\">\n<div data-el-id=\"e1ddb04c-5bc4-4b16-8869-c19fc3a01bda-txt\">\n<div class=\"machine-template__description-description\"><strong>La K3 Q de DONATONI<\/strong> est un <strong>combin\u00e9 d\u00e9biteuse\/centre d&rsquo;usinage CNC dot\u00e9e de 5\/6 axes<\/strong> interpol\u00e9s avec changement d&rsquo;outil automatique et d&rsquo;une course de <strong>800 mm sur l&rsquo;axe Z<\/strong>. Il s&rsquo;agit d&rsquo;une machine extr\u00eamement polyvalente, adapt\u00e9e \u00e0 la production de diff\u00e9rents types de produits tels que les plans de cuisine, les plans de salle de bain, les receveurs de douche, les sols, les panneaux pour le rev\u00eatement ext\u00e9rieur et int\u00e9rieur, les marches d&rsquo;escalier, les entourages de fen\u00eatres, les tables, les fontaines, les chapiteaux, les sculptures, les produits pour la construction et l&rsquo;art fun\u00e9raire. C&rsquo;est une machine qui peut r\u00e9aliser principalement des coupes jusqu&rsquo;\u00e0 250 mm de profondeur (300 mm avec option) et des fa\u00e7onnages simples et complexes.<\/div>\n<\/div>\n<\/div>\n","protected":false},"excerpt":{"rendered":"<p>Mod\u00e8les combinant d\u00e9biteuse et centre d\u2019usinage machine La K3 Q de DONATONI est un combin\u00e9 d\u00e9biteuse\/centre d&rsquo;usinage CNC dot\u00e9e de 5\/6 axes interpol\u00e9s avec changement d&rsquo;outil automatique et d&rsquo;une course de 800 mm sur l&rsquo;axe Z. Il s&rsquo;agit d&rsquo;une machine extr\u00eamement polyvalente, adapt\u00e9e \u00e0 la production de diff\u00e9rents types de produits tels que les plans [&hellip;]<\/p>\n","protected":false},"featured_media":13399,"template":"","meta":{"_et_pb_use_builder":"","_et_pb_old_content":"","_et_gb_content_width":""},"product_brand":[],"product_cat":[2911],"product_tag":[],"caratteristica":[3084,3085,3086,3087,3088,3089,3090],"serie":[3091],"settore_di_applicazione":[3092,3093,3094,3095,3096],"class_list":{"0":"post-13447","1":"product","2":"type-product","3":"status-publish","4":"has-post-thumbnail","6":"product_cat-centres-dusinage","7":"pa_assi-interpolati-5-fr","8":"pa_attacco-utensile-cono-40-fr","9":"pa_consumo-acqua-50-fr","10":"pa_consumo-aria-20-fr","11":"pa_coppia-mot-elettromandrino-115-s6-fr","12":"pa_corsa-carrello-asse-x-3900-fr","13":"pa_corsa-ponte-asse-y-3450-fr","14":"pa_corsa-tastatore-lastra-300-fr","15":"pa_corsa-ventose-295-fr","16":"pa_diametro-albero-mandrino-50-fr","17":"pa_diametro-massimo-disco-825-fr","18":"pa_diametro-max-utensili-o120-fr","19":"pa_diametro-minimo-disco-350-fr","20":"pa_dimensione-banco-3500x2000-fr","21":"pa_disco-max-tastatore-lastra-725-fr","22":"pa_disco-max-uso-ventose-725-fr","23":"pa_inclinazione-testa-assea-0-90-fr","24":"pa_interasse-supp-utensili-130-fr","25":"pa_magazzino-utensili-20-outils-1-disque","26":"pa_peso-complessivo-macchina-5700-fr","27":"pa_peso-tot-max-sollev-ventose-600-fr","28":"pa_potenza-elettromandrino-28-s6-fr","29":"pa_potenza-totale-installata-46-fr","30":"pa_profondita-max-di-taglio-300-fr","31":"pa_raffreddamento-motore-liquido-fr","32":"pa_rotazione-testa-porta-disco-5-365-fr","33":"pa_salita-discesa-assez-800-fr","34":"pa_tensione-elettrica-standard-40010-50-fr","35":"pa_velocita-elettromandri-0-10000-fr","36":"pa_velocita-max-carrello-asse-x-0-45-fr","37":"pa_velocita-max-ponte-asse-y-0-45-fr","38":"pa_velocita-max-teste-asse-z-0-6-fr","39":"caratteristica-calibrage-et-polissage-2-en-1-dans-une-seule-machine","40":"caratteristica-vaste-gamme-daccessoires-et-de-configurations","41":"caratteristica-large-eventail-doperations-dusinage","42":"caratteristica-flexibilite-des-processus-de-production","43":"caratteristica-encombrement-reduit","44":"caratteristica-simple-et-rapide-a-programmer","45":"caratteristica-technologie-cnc-precision-et-productivite","46":"serie-serie-k","47":"settore_di_applicazione-funeraire","48":"settore_di_applicazione-design-et-sculpture","49":"settore_di_applicazione-grands-projets","50":"settore_di_applicazione-articles-pour-le-secteur-de-la-construction","51":"settore_di_applicazione-plans-de-cuisine-et-de-salle-de-bains","53":"first","54":"instock","55":"shipping-taxable","56":"purchasable","57":"product-type-simple"},"acf":[],"yoast_head":"<!-- This site is optimized with the Yoast SEO plugin v25.8 - https:\/\/yoast.com\/wordpress\/plugins\/seo\/ -->\n<title>K3 Q - Donatoni Group<\/title>\n<meta name=\"robots\" content=\"index, follow, max-snippet:-1, max-image-preview:large, max-video-preview:-1\" \/>\n<link rel=\"canonical\" href=\"https:\/\/www.donatonigroup.com\/fr\/machine\/k3-q\/\" \/>\n<meta property=\"og:locale\" content=\"fr_FR\" \/>\n<meta property=\"og:type\" content=\"article\" \/>\n<meta property=\"og:title\" content=\"K3 Q - Donatoni Group\" \/>\n<meta property=\"og:description\" content=\"Mod\u00e8les combinant d\u00e9biteuse et centre d\u2019usinage machine La K3 Q de DONATONI est un combin\u00e9 d\u00e9biteuse\/centre d&rsquo;usinage CNC dot\u00e9e de 5\/6 axes interpol\u00e9s avec changement d&rsquo;outil automatique et d&rsquo;une course de 800 mm sur l&rsquo;axe Z. Il s&rsquo;agit d&rsquo;une machine extr\u00eamement polyvalente, adapt\u00e9e \u00e0 la production de diff\u00e9rents types de produits tels que les plans [&hellip;]\" \/>\n<meta property=\"og:url\" content=\"https:\/\/www.donatonigroup.com\/fr\/machine\/k3-q\/\" \/>\n<meta property=\"og:site_name\" content=\"Donatoni Group\" \/>\n<meta property=\"article:publisher\" content=\"https:\/\/www.facebook.com\/donatonimacchine\" \/>\n<meta property=\"article:modified_time\" content=\"2024-03-18T09:26:47+00:00\" \/>\n<meta property=\"og:image\" content=\"https:\/\/www.donatonigroup.com\/wp-content\/uploads\/2023\/02\/K3Q-1500x9352-1.png\" \/>\n\t<meta property=\"og:image:width\" content=\"1500\" \/>\n\t<meta property=\"og:image:height\" content=\"935\" \/>\n\t<meta property=\"og:image:type\" content=\"image\/png\" \/>\n<meta name=\"twitter:card\" content=\"summary_large_image\" \/>\n<meta name=\"twitter:label1\" content=\"Dur\u00e9e de lecture estim\u00e9e\" \/>\n\t<meta name=\"twitter:data1\" content=\"1 minute\" \/>\n<script type=\"application\/ld+json\" class=\"yoast-schema-graph\">{\"@context\":\"https:\/\/schema.org\",\"@graph\":[{\"@type\":\"WebPage\",\"@id\":\"https:\/\/www.donatonigroup.com\/fr\/machine\/k3-q\/\",\"url\":\"https:\/\/www.donatonigroup.com\/fr\/machine\/k3-q\/\",\"name\":\"K3 Q - Donatoni Group\",\"isPartOf\":{\"@id\":\"https:\/\/www.donatonigroup.com\/fr\/#website\"},\"primaryImageOfPage\":{\"@id\":\"https:\/\/www.donatonigroup.com\/fr\/machine\/k3-q\/#primaryimage\"},\"image\":{\"@id\":\"https:\/\/www.donatonigroup.com\/fr\/machine\/k3-q\/#primaryimage\"},\"thumbnailUrl\":\"https:\/\/www.donatonigroup.com\/wp-content\/uploads\/2023\/02\/K3Q-1500x9352-1.png\",\"datePublished\":\"2023-02-08T16:37:29+00:00\",\"dateModified\":\"2024-03-18T09:26:47+00:00\",\"breadcrumb\":{\"@id\":\"https:\/\/www.donatonigroup.com\/fr\/machine\/k3-q\/#breadcrumb\"},\"inLanguage\":\"fr-FR\",\"potentialAction\":[{\"@type\":\"ReadAction\",\"target\":[\"https:\/\/www.donatonigroup.com\/fr\/machine\/k3-q\/\"]}]},{\"@type\":\"ImageObject\",\"inLanguage\":\"fr-FR\",\"@id\":\"https:\/\/www.donatonigroup.com\/fr\/machine\/k3-q\/#primaryimage\",\"url\":\"https:\/\/www.donatonigroup.com\/wp-content\/uploads\/2023\/02\/K3Q-1500x9352-1.png\",\"contentUrl\":\"https:\/\/www.donatonigroup.com\/wp-content\/uploads\/2023\/02\/K3Q-1500x9352-1.png\",\"width\":1500,\"height\":935},{\"@type\":\"BreadcrumbList\",\"@id\":\"https:\/\/www.donatonigroup.com\/fr\/machine\/k3-q\/#breadcrumb\",\"itemListElement\":[{\"@type\":\"ListItem\",\"position\":1,\"name\":\"Home\",\"item\":\"https:\/\/www.donatonigroup.com\/fr\/\"},{\"@type\":\"ListItem\",\"position\":2,\"name\":\"Catalogue machines\",\"item\":\"https:\/\/www.donatonigroup.com\/fr\/catalogue-machines\/\"},{\"@type\":\"ListItem\",\"position\":3,\"name\":\"K3 Q\"}]},{\"@type\":\"WebSite\",\"@id\":\"https:\/\/www.donatonigroup.com\/fr\/#website\",\"url\":\"https:\/\/www.donatonigroup.com\/fr\/\",\"name\":\"Donatoni Group\",\"description\":\"\",\"publisher\":{\"@id\":\"https:\/\/www.donatonigroup.com\/fr\/#organization\"},\"potentialAction\":[{\"@type\":\"SearchAction\",\"target\":{\"@type\":\"EntryPoint\",\"urlTemplate\":\"https:\/\/www.donatonigroup.com\/fr\/?s={search_term_string}\"},\"query-input\":{\"@type\":\"PropertyValueSpecification\",\"valueRequired\":true,\"valueName\":\"search_term_string\"}}],\"inLanguage\":\"fr-FR\"},{\"@type\":\"Organization\",\"@id\":\"https:\/\/www.donatonigroup.com\/fr\/#organization\",\"name\":\"Donatoni Group\",\"url\":\"https:\/\/www.donatonigroup.com\/fr\/\",\"logo\":{\"@type\":\"ImageObject\",\"inLanguage\":\"fr-FR\",\"@id\":\"https:\/\/www.donatonigroup.com\/fr\/#\/schema\/logo\/image\/\",\"url\":\"http:\/\/www.donatonigroup.com\/wp-content\/uploads\/2023\/02\/donatoni-logo.png\",\"contentUrl\":\"http:\/\/www.donatonigroup.com\/wp-content\/uploads\/2023\/02\/donatoni-logo.png\",\"width\":800,\"height\":112,\"caption\":\"Donatoni Group\"},\"image\":{\"@id\":\"https:\/\/www.donatonigroup.com\/fr\/#\/schema\/logo\/image\/\"},\"sameAs\":[\"https:\/\/www.facebook.com\/donatonimacchine\",\"https:\/\/instagram.com\/donatonigroup\/\",\"https:\/\/www.linkedin.com\/company\/donatoni-macchine-s-r-l\"]}]}<\/script>\n<!-- \/ Yoast SEO plugin. -->","yoast_head_json":{"title":"K3 Q - Donatoni Group","robots":{"index":"index","follow":"follow","max-snippet":"max-snippet:-1","max-image-preview":"max-image-preview:large","max-video-preview":"max-video-preview:-1"},"canonical":"https:\/\/www.donatonigroup.com\/fr\/machine\/k3-q\/","og_locale":"fr_FR","og_type":"article","og_title":"K3 Q - Donatoni Group","og_description":"Mod\u00e8les combinant d\u00e9biteuse et centre d\u2019usinage machine La K3 Q de DONATONI est un combin\u00e9 d\u00e9biteuse\/centre d&rsquo;usinage CNC dot\u00e9e de 5\/6 axes interpol\u00e9s avec changement d&rsquo;outil automatique et d&rsquo;une course de 800 mm sur l&rsquo;axe Z. Il s&rsquo;agit d&rsquo;une machine extr\u00eamement polyvalente, adapt\u00e9e \u00e0 la production de diff\u00e9rents types de produits tels que les plans [&hellip;]","og_url":"https:\/\/www.donatonigroup.com\/fr\/machine\/k3-q\/","og_site_name":"Donatoni Group","article_publisher":"https:\/\/www.facebook.com\/donatonimacchine","article_modified_time":"2024-03-18T09:26:47+00:00","og_image":[{"width":1500,"height":935,"url":"https:\/\/www.donatonigroup.com\/wp-content\/uploads\/2023\/02\/K3Q-1500x9352-1.png","type":"image\/png"}],"twitter_card":"summary_large_image","twitter_misc":{"Dur\u00e9e de lecture estim\u00e9e":"1 minute"},"schema":{"@context":"https:\/\/schema.org","@graph":[{"@type":"WebPage","@id":"https:\/\/www.donatonigroup.com\/fr\/machine\/k3-q\/","url":"https:\/\/www.donatonigroup.com\/fr\/machine\/k3-q\/","name":"K3 Q - Donatoni Group","isPartOf":{"@id":"https:\/\/www.donatonigroup.com\/fr\/#website"},"primaryImageOfPage":{"@id":"https:\/\/www.donatonigroup.com\/fr\/machine\/k3-q\/#primaryimage"},"image":{"@id":"https:\/\/www.donatonigroup.com\/fr\/machine\/k3-q\/#primaryimage"},"thumbnailUrl":"https:\/\/www.donatonigroup.com\/wp-content\/uploads\/2023\/02\/K3Q-1500x9352-1.png","datePublished":"2023-02-08T16:37:29+00:00","dateModified":"2024-03-18T09:26:47+00:00","breadcrumb":{"@id":"https:\/\/www.donatonigroup.com\/fr\/machine\/k3-q\/#breadcrumb"},"inLanguage":"fr-FR","potentialAction":[{"@type":"ReadAction","target":["https:\/\/www.donatonigroup.com\/fr\/machine\/k3-q\/"]}]},{"@type":"ImageObject","inLanguage":"fr-FR","@id":"https:\/\/www.donatonigroup.com\/fr\/machine\/k3-q\/#primaryimage","url":"https:\/\/www.donatonigroup.com\/wp-content\/uploads\/2023\/02\/K3Q-1500x9352-1.png","contentUrl":"https:\/\/www.donatonigroup.com\/wp-content\/uploads\/2023\/02\/K3Q-1500x9352-1.png","width":1500,"height":935},{"@type":"BreadcrumbList","@id":"https:\/\/www.donatonigroup.com\/fr\/machine\/k3-q\/#breadcrumb","itemListElement":[{"@type":"ListItem","position":1,"name":"Home","item":"https:\/\/www.donatonigroup.com\/fr\/"},{"@type":"ListItem","position":2,"name":"Catalogue machines","item":"https:\/\/www.donatonigroup.com\/fr\/catalogue-machines\/"},{"@type":"ListItem","position":3,"name":"K3 Q"}]},{"@type":"WebSite","@id":"https:\/\/www.donatonigroup.com\/fr\/#website","url":"https:\/\/www.donatonigroup.com\/fr\/","name":"Donatoni Group","description":"","publisher":{"@id":"https:\/\/www.donatonigroup.com\/fr\/#organization"},"potentialAction":[{"@type":"SearchAction","target":{"@type":"EntryPoint","urlTemplate":"https:\/\/www.donatonigroup.com\/fr\/?s={search_term_string}"},"query-input":{"@type":"PropertyValueSpecification","valueRequired":true,"valueName":"search_term_string"}}],"inLanguage":"fr-FR"},{"@type":"Organization","@id":"https:\/\/www.donatonigroup.com\/fr\/#organization","name":"Donatoni Group","url":"https:\/\/www.donatonigroup.com\/fr\/","logo":{"@type":"ImageObject","inLanguage":"fr-FR","@id":"https:\/\/www.donatonigroup.com\/fr\/#\/schema\/logo\/image\/","url":"http:\/\/www.donatonigroup.com\/wp-content\/uploads\/2023\/02\/donatoni-logo.png","contentUrl":"http:\/\/www.donatonigroup.com\/wp-content\/uploads\/2023\/02\/donatoni-logo.png","width":800,"height":112,"caption":"Donatoni Group"},"image":{"@id":"https:\/\/www.donatonigroup.com\/fr\/#\/schema\/logo\/image\/"},"sameAs":["https:\/\/www.facebook.com\/donatonimacchine","https:\/\/instagram.com\/donatonigroup\/","https:\/\/www.linkedin.com\/company\/donatoni-macchine-s-r-l"]}]}},"_links":{"self":[{"href":"https:\/\/www.donatonigroup.com\/fr\/wp-json\/wp\/v2\/product\/13447","targetHints":{"allow":["GET"]}}],"collection":[{"href":"https:\/\/www.donatonigroup.com\/fr\/wp-json\/wp\/v2\/product"}],"about":[{"href":"https:\/\/www.donatonigroup.com\/fr\/wp-json\/wp\/v2\/types\/product"}],"wp:featuredmedia":[{"embeddable":true,"href":"https:\/\/www.donatonigroup.com\/fr\/wp-json\/wp\/v2\/media\/13399"}],"wp:attachment":[{"href":"https:\/\/www.donatonigroup.com\/fr\/wp-json\/wp\/v2\/media?parent=13447"}],"wp:term":[{"taxonomy":"product_brand","embeddable":true,"href":"https:\/\/www.donatonigroup.com\/fr\/wp-json\/wp\/v2\/product_brand?post=13447"},{"taxonomy":"product_cat","embeddable":true,"href":"https:\/\/www.donatonigroup.com\/fr\/wp-json\/wp\/v2\/product_cat?post=13447"},{"taxonomy":"product_tag","embeddable":true,"href":"https:\/\/www.donatonigroup.com\/fr\/wp-json\/wp\/v2\/product_tag?post=13447"},{"taxonomy":"caratteristica","embeddable":true,"href":"https:\/\/www.donatonigroup.com\/fr\/wp-json\/wp\/v2\/caratteristica?post=13447"},{"taxonomy":"serie","embeddable":true,"href":"https:\/\/www.donatonigroup.com\/fr\/wp-json\/wp\/v2\/serie?post=13447"},{"taxonomy":"settore_di_applicazione","embeddable":true,"href":"https:\/\/www.donatonigroup.com\/fr\/wp-json\/wp\/v2\/settore_di_applicazione?post=13447"}],"curies":[{"name":"wp","href":"https:\/\/api.w.org\/{rel}","templated":true}]}}