{"id":13488,"date":"2023-02-09T08:00:49","date_gmt":"2023-02-09T08:00:49","guid":{"rendered":"http:\/\/www.donatonigroup.com\/macchina\/z-1400\/"},"modified":"2024-03-18T11:11:46","modified_gmt":"2024-03-18T11:11:46","slug":"z-1400","status":"publish","type":"product","link":"https:\/\/www.donatonigroup.com\/fr\/machine\/z-1400\/","title":{"rendered":"Z 1400"},"content":{"rendered":"<div data-el-id=\"d22e5969-c742-4399-86fb-ce351c797756\">\n<div data-el-id=\"d22e5969-c742-4399-86fb-ce351c797756-txt\">\n<div class=\"machine-template__description-title\">\n<h3>Centres d&rsquo;usinage multifonctionnels tr\u00e8s polyvalents et tr\u00e8s productifs.<\/h3>\n<p>La Z 1400 de DONATONI est un centre de d\u00e9bitage et d&rsquo;usinage multifonctionnel CNC avec 5\/6 axes interpol\u00e9s et une course de 1400 mm sur l&rsquo;axe Z. Il permet de r\u00e9aliser des op\u00e9rations de fa\u00e7onnage simples et complexes, droites, concaves, convexes, arqu\u00e9es, des \u00e9vidages en section bidimensionnelle et tridimensionnelle, des tournages de colonnes, de sculptures et des coupes de tout type.<\/p>\n<\/div>\n<\/div>\n<\/div>\n","protected":false},"excerpt":{"rendered":"<p>Centres d&rsquo;usinage multifonctionnels tr\u00e8s polyvalents et tr\u00e8s productifs. La Z 1400 de DONATONI est un centre de d\u00e9bitage et d&rsquo;usinage multifonctionnel CNC avec 5\/6 axes interpol\u00e9s et une course de 1400 mm sur l&rsquo;axe Z. Il permet de r\u00e9aliser des op\u00e9rations de fa\u00e7onnage simples et complexes, droites, concaves, convexes, arqu\u00e9es, des \u00e9vidages en section bidimensionnelle [&hellip;]<\/p>\n","protected":false},"featured_media":13468,"template":"","meta":{"_et_pb_use_builder":"","_et_pb_old_content":"","_et_gb_content_width":""},"product_brand":[],"product_cat":[2916],"product_tag":[],"caratteristica":[3085,3087,3089,3090,3280,3281,3282],"serie":[3276],"settore_di_applicazione":[3092,3093,3094,3095],"class_list":{"0":"post-13488","1":"product","2":"type-product","3":"status-publish","4":"has-post-thumbnail","6":"product_cat-centres-de-decoupe-et-de-faconnage","7":"pa_assi-interpolati-5-fr","8":"pa_consumo-acqua-50-fr","9":"pa_consumo-aria-20-fr","10":"pa_corsa-carrello-asse-x-4100-fr","11":"pa_corsa-ponte-asse-y-3500-fr","12":"pa_diametro-massimo-disco-1000-fr","13":"pa_diametro-minimo-disco-500-fr","14":"pa_dimensione-banco-2000x3500-fr","15":"pa_disco-max-con-move2-825-fr","16":"pa_disco-max-tastatore-lastra-825-fr","17":"pa_inclinazione-testa-assea-20-200-fr","18":"pa_peso-complessivo-macchina-5950-fr","19":"pa_peso-tot-max-sollev-ventose-500-fr","20":"pa_profondita-max-di-taglio-355-fr","21":"pa_rotazione-testa-porta-disco-5-545-fr","22":"pa_salita-discesa-assez-2000-fr","23":"pa_tensione-elettrica-standard-40010-50-fr","24":"pa_velocita-di-posiz-assi-x-y-0-37-fr","25":"pa_velocita-max-carrello-asse-x-0-37-fr","26":"pa_velocita-max-ponte-asse-y-0-37-fr","27":"pa_velocita-max-teste-asse-z-0-12-fr","28":"caratteristica-vaste-gamme-daccessoires-et-de-configurations","29":"caratteristica-flexibilite-des-processus-de-production","30":"caratteristica-simple-et-rapide-a-programmer","31":"caratteristica-technologie-cnc-precision-et-productivite","32":"caratteristica-capacite-de-coupe-de-grosses-epaisseurs","33":"caratteristica-tres-puissante","34":"caratteristica-ideale-pour-faconnages-et-evidages","35":"serie-serie-z","36":"settore_di_applicazione-funeraire","37":"settore_di_applicazione-design-et-sculpture","38":"settore_di_applicazione-grands-projets","39":"settore_di_applicazione-articles-pour-le-secteur-de-la-construction","41":"first","42":"instock","43":"shipping-taxable","44":"purchasable","45":"product-type-simple"},"acf":[],"yoast_head":"<!-- This site is optimized with the Yoast SEO plugin v25.8 - https:\/\/yoast.com\/wordpress\/plugins\/seo\/ -->\n<title>Z 1400 - Donatoni Group<\/title>\n<meta name=\"robots\" content=\"index, follow, max-snippet:-1, max-image-preview:large, max-video-preview:-1\" \/>\n<link rel=\"canonical\" href=\"https:\/\/www.donatonigroup.com\/fr\/machine\/z-1400\/\" \/>\n<meta property=\"og:locale\" content=\"fr_FR\" \/>\n<meta property=\"og:type\" content=\"article\" \/>\n<meta property=\"og:title\" content=\"Z 1400 - Donatoni Group\" \/>\n<meta property=\"og:description\" content=\"Centres d&rsquo;usinage multifonctionnels tr\u00e8s polyvalents et tr\u00e8s productifs. La Z 1400 de DONATONI est un centre de d\u00e9bitage et d&rsquo;usinage multifonctionnel CNC avec 5\/6 axes interpol\u00e9s et une course de 1400 mm sur l&rsquo;axe Z. Il permet de r\u00e9aliser des op\u00e9rations de fa\u00e7onnage simples et complexes, droites, concaves, convexes, arqu\u00e9es, des \u00e9vidages en section bidimensionnelle [&hellip;]\" \/>\n<meta property=\"og:url\" content=\"https:\/\/www.donatonigroup.com\/fr\/machine\/z-1400\/\" \/>\n<meta property=\"og:site_name\" content=\"Donatoni Group\" \/>\n<meta property=\"article:publisher\" content=\"https:\/\/www.facebook.com\/donatonimacchine\" \/>\n<meta property=\"article:modified_time\" content=\"2024-03-18T11:11:46+00:00\" \/>\n<meta property=\"og:image\" content=\"https:\/\/www.donatonigroup.com\/wp-content\/uploads\/2023\/02\/Z1400-1500x9352-1.png\" \/>\n\t<meta property=\"og:image:width\" content=\"1500\" \/>\n\t<meta property=\"og:image:height\" content=\"935\" \/>\n\t<meta property=\"og:image:type\" content=\"image\/png\" \/>\n<meta name=\"twitter:card\" content=\"summary_large_image\" \/>\n<meta name=\"twitter:label1\" content=\"Dur\u00e9e de lecture estim\u00e9e\" \/>\n\t<meta name=\"twitter:data1\" content=\"1 minute\" \/>\n<script type=\"application\/ld+json\" class=\"yoast-schema-graph\">{\"@context\":\"https:\/\/schema.org\",\"@graph\":[{\"@type\":\"WebPage\",\"@id\":\"https:\/\/www.donatonigroup.com\/fr\/machine\/z-1400\/\",\"url\":\"https:\/\/www.donatonigroup.com\/fr\/machine\/z-1400\/\",\"name\":\"Z 1400 - Donatoni Group\",\"isPartOf\":{\"@id\":\"https:\/\/www.donatonigroup.com\/fr\/#website\"},\"primaryImageOfPage\":{\"@id\":\"https:\/\/www.donatonigroup.com\/fr\/machine\/z-1400\/#primaryimage\"},\"image\":{\"@id\":\"https:\/\/www.donatonigroup.com\/fr\/machine\/z-1400\/#primaryimage\"},\"thumbnailUrl\":\"https:\/\/www.donatonigroup.com\/wp-content\/uploads\/2023\/02\/Z1400-1500x9352-1.png\",\"datePublished\":\"2023-02-09T08:00:49+00:00\",\"dateModified\":\"2024-03-18T11:11:46+00:00\",\"breadcrumb\":{\"@id\":\"https:\/\/www.donatonigroup.com\/fr\/machine\/z-1400\/#breadcrumb\"},\"inLanguage\":\"fr-FR\",\"potentialAction\":[{\"@type\":\"ReadAction\",\"target\":[\"https:\/\/www.donatonigroup.com\/fr\/machine\/z-1400\/\"]}]},{\"@type\":\"ImageObject\",\"inLanguage\":\"fr-FR\",\"@id\":\"https:\/\/www.donatonigroup.com\/fr\/machine\/z-1400\/#primaryimage\",\"url\":\"https:\/\/www.donatonigroup.com\/wp-content\/uploads\/2023\/02\/Z1400-1500x9352-1.png\",\"contentUrl\":\"https:\/\/www.donatonigroup.com\/wp-content\/uploads\/2023\/02\/Z1400-1500x9352-1.png\",\"width\":1500,\"height\":935},{\"@type\":\"BreadcrumbList\",\"@id\":\"https:\/\/www.donatonigroup.com\/fr\/machine\/z-1400\/#breadcrumb\",\"itemListElement\":[{\"@type\":\"ListItem\",\"position\":1,\"name\":\"Home\",\"item\":\"https:\/\/www.donatonigroup.com\/fr\/\"},{\"@type\":\"ListItem\",\"position\":2,\"name\":\"Catalogue machines\",\"item\":\"https:\/\/www.donatonigroup.com\/fr\/catalogue-machines\/\"},{\"@type\":\"ListItem\",\"position\":3,\"name\":\"Z 1400\"}]},{\"@type\":\"WebSite\",\"@id\":\"https:\/\/www.donatonigroup.com\/fr\/#website\",\"url\":\"https:\/\/www.donatonigroup.com\/fr\/\",\"name\":\"Donatoni Group\",\"description\":\"\",\"publisher\":{\"@id\":\"https:\/\/www.donatonigroup.com\/fr\/#organization\"},\"potentialAction\":[{\"@type\":\"SearchAction\",\"target\":{\"@type\":\"EntryPoint\",\"urlTemplate\":\"https:\/\/www.donatonigroup.com\/fr\/?s={search_term_string}\"},\"query-input\":{\"@type\":\"PropertyValueSpecification\",\"valueRequired\":true,\"valueName\":\"search_term_string\"}}],\"inLanguage\":\"fr-FR\"},{\"@type\":\"Organization\",\"@id\":\"https:\/\/www.donatonigroup.com\/fr\/#organization\",\"name\":\"Donatoni Group\",\"url\":\"https:\/\/www.donatonigroup.com\/fr\/\",\"logo\":{\"@type\":\"ImageObject\",\"inLanguage\":\"fr-FR\",\"@id\":\"https:\/\/www.donatonigroup.com\/fr\/#\/schema\/logo\/image\/\",\"url\":\"http:\/\/www.donatonigroup.com\/wp-content\/uploads\/2023\/02\/donatoni-logo.png\",\"contentUrl\":\"http:\/\/www.donatonigroup.com\/wp-content\/uploads\/2023\/02\/donatoni-logo.png\",\"width\":800,\"height\":112,\"caption\":\"Donatoni Group\"},\"image\":{\"@id\":\"https:\/\/www.donatonigroup.com\/fr\/#\/schema\/logo\/image\/\"},\"sameAs\":[\"https:\/\/www.facebook.com\/donatonimacchine\",\"https:\/\/instagram.com\/donatonigroup\/\",\"https:\/\/www.linkedin.com\/company\/donatoni-macchine-s-r-l\"]}]}<\/script>\n<!-- \/ Yoast SEO plugin. -->","yoast_head_json":{"title":"Z 1400 - Donatoni Group","robots":{"index":"index","follow":"follow","max-snippet":"max-snippet:-1","max-image-preview":"max-image-preview:large","max-video-preview":"max-video-preview:-1"},"canonical":"https:\/\/www.donatonigroup.com\/fr\/machine\/z-1400\/","og_locale":"fr_FR","og_type":"article","og_title":"Z 1400 - Donatoni Group","og_description":"Centres d&rsquo;usinage multifonctionnels tr\u00e8s polyvalents et tr\u00e8s productifs. La Z 1400 de DONATONI est un centre de d\u00e9bitage et d&rsquo;usinage multifonctionnel CNC avec 5\/6 axes interpol\u00e9s et une course de 1400 mm sur l&rsquo;axe Z. Il permet de r\u00e9aliser des op\u00e9rations de fa\u00e7onnage simples et complexes, droites, concaves, convexes, arqu\u00e9es, des \u00e9vidages en section bidimensionnelle [&hellip;]","og_url":"https:\/\/www.donatonigroup.com\/fr\/machine\/z-1400\/","og_site_name":"Donatoni Group","article_publisher":"https:\/\/www.facebook.com\/donatonimacchine","article_modified_time":"2024-03-18T11:11:46+00:00","og_image":[{"width":1500,"height":935,"url":"https:\/\/www.donatonigroup.com\/wp-content\/uploads\/2023\/02\/Z1400-1500x9352-1.png","type":"image\/png"}],"twitter_card":"summary_large_image","twitter_misc":{"Dur\u00e9e de lecture estim\u00e9e":"1 minute"},"schema":{"@context":"https:\/\/schema.org","@graph":[{"@type":"WebPage","@id":"https:\/\/www.donatonigroup.com\/fr\/machine\/z-1400\/","url":"https:\/\/www.donatonigroup.com\/fr\/machine\/z-1400\/","name":"Z 1400 - Donatoni Group","isPartOf":{"@id":"https:\/\/www.donatonigroup.com\/fr\/#website"},"primaryImageOfPage":{"@id":"https:\/\/www.donatonigroup.com\/fr\/machine\/z-1400\/#primaryimage"},"image":{"@id":"https:\/\/www.donatonigroup.com\/fr\/machine\/z-1400\/#primaryimage"},"thumbnailUrl":"https:\/\/www.donatonigroup.com\/wp-content\/uploads\/2023\/02\/Z1400-1500x9352-1.png","datePublished":"2023-02-09T08:00:49+00:00","dateModified":"2024-03-18T11:11:46+00:00","breadcrumb":{"@id":"https:\/\/www.donatonigroup.com\/fr\/machine\/z-1400\/#breadcrumb"},"inLanguage":"fr-FR","potentialAction":[{"@type":"ReadAction","target":["https:\/\/www.donatonigroup.com\/fr\/machine\/z-1400\/"]}]},{"@type":"ImageObject","inLanguage":"fr-FR","@id":"https:\/\/www.donatonigroup.com\/fr\/machine\/z-1400\/#primaryimage","url":"https:\/\/www.donatonigroup.com\/wp-content\/uploads\/2023\/02\/Z1400-1500x9352-1.png","contentUrl":"https:\/\/www.donatonigroup.com\/wp-content\/uploads\/2023\/02\/Z1400-1500x9352-1.png","width":1500,"height":935},{"@type":"BreadcrumbList","@id":"https:\/\/www.donatonigroup.com\/fr\/machine\/z-1400\/#breadcrumb","itemListElement":[{"@type":"ListItem","position":1,"name":"Home","item":"https:\/\/www.donatonigroup.com\/fr\/"},{"@type":"ListItem","position":2,"name":"Catalogue machines","item":"https:\/\/www.donatonigroup.com\/fr\/catalogue-machines\/"},{"@type":"ListItem","position":3,"name":"Z 1400"}]},{"@type":"WebSite","@id":"https:\/\/www.donatonigroup.com\/fr\/#website","url":"https:\/\/www.donatonigroup.com\/fr\/","name":"Donatoni Group","description":"","publisher":{"@id":"https:\/\/www.donatonigroup.com\/fr\/#organization"},"potentialAction":[{"@type":"SearchAction","target":{"@type":"EntryPoint","urlTemplate":"https:\/\/www.donatonigroup.com\/fr\/?s={search_term_string}"},"query-input":{"@type":"PropertyValueSpecification","valueRequired":true,"valueName":"search_term_string"}}],"inLanguage":"fr-FR"},{"@type":"Organization","@id":"https:\/\/www.donatonigroup.com\/fr\/#organization","name":"Donatoni Group","url":"https:\/\/www.donatonigroup.com\/fr\/","logo":{"@type":"ImageObject","inLanguage":"fr-FR","@id":"https:\/\/www.donatonigroup.com\/fr\/#\/schema\/logo\/image\/","url":"http:\/\/www.donatonigroup.com\/wp-content\/uploads\/2023\/02\/donatoni-logo.png","contentUrl":"http:\/\/www.donatonigroup.com\/wp-content\/uploads\/2023\/02\/donatoni-logo.png","width":800,"height":112,"caption":"Donatoni Group"},"image":{"@id":"https:\/\/www.donatonigroup.com\/fr\/#\/schema\/logo\/image\/"},"sameAs":["https:\/\/www.facebook.com\/donatonimacchine","https:\/\/instagram.com\/donatonigroup\/","https:\/\/www.linkedin.com\/company\/donatoni-macchine-s-r-l"]}]}},"_links":{"self":[{"href":"https:\/\/www.donatonigroup.com\/fr\/wp-json\/wp\/v2\/product\/13488","targetHints":{"allow":["GET"]}}],"collection":[{"href":"https:\/\/www.donatonigroup.com\/fr\/wp-json\/wp\/v2\/product"}],"about":[{"href":"https:\/\/www.donatonigroup.com\/fr\/wp-json\/wp\/v2\/types\/product"}],"wp:featuredmedia":[{"embeddable":true,"href":"https:\/\/www.donatonigroup.com\/fr\/wp-json\/wp\/v2\/media\/13468"}],"wp:attachment":[{"href":"https:\/\/www.donatonigroup.com\/fr\/wp-json\/wp\/v2\/media?parent=13488"}],"wp:term":[{"taxonomy":"product_brand","embeddable":true,"href":"https:\/\/www.donatonigroup.com\/fr\/wp-json\/wp\/v2\/product_brand?post=13488"},{"taxonomy":"product_cat","embeddable":true,"href":"https:\/\/www.donatonigroup.com\/fr\/wp-json\/wp\/v2\/product_cat?post=13488"},{"taxonomy":"product_tag","embeddable":true,"href":"https:\/\/www.donatonigroup.com\/fr\/wp-json\/wp\/v2\/product_tag?post=13488"},{"taxonomy":"caratteristica","embeddable":true,"href":"https:\/\/www.donatonigroup.com\/fr\/wp-json\/wp\/v2\/caratteristica?post=13488"},{"taxonomy":"serie","embeddable":true,"href":"https:\/\/www.donatonigroup.com\/fr\/wp-json\/wp\/v2\/serie?post=13488"},{"taxonomy":"settore_di_applicazione","embeddable":true,"href":"https:\/\/www.donatonigroup.com\/fr\/wp-json\/wp\/v2\/settore_di_applicazione?post=13488"}],"curies":[{"name":"wp","href":"https:\/\/api.w.org\/{rel}","templated":true}]}}