{"id":13496,"date":"2023-02-08T14:35:19","date_gmt":"2023-02-08T14:35:19","guid":{"rendered":"http:\/\/www.donatonigroup.com\/macchina\/d725-q\/"},"modified":"2024-03-19T15:34:52","modified_gmt":"2024-03-19T15:34:52","slug":"d725-q","status":"publish","type":"product","link":"https:\/\/www.donatonigroup.com\/fr\/machine\/d725-q\/","title":{"rendered":"D 725 Q"},"content":{"rendered":"<div data-el-id=\"a0051a48-7375-40bf-8b7a-f1de731811c6\">\n<div data-el-id=\"a0051a48-7375-40bf-8b7a-f1de731811c6-txt\">\n<div class=\"machine-template__description-title\">\n<h3 class=\"machine-template__description-title-text\">Une large gamme pour r\u00e9pondre aux diff\u00e9rentes exigences de coupe<\/h3>\n<\/div>\n<\/div>\n<\/div>\n<div data-el-id=\"3c30e4ca-5b94-4c9d-8e03-d6a0336be340\">\n<div data-el-id=\"3c30e4ca-5b94-4c9d-8e03-d6a0336be340-txt\">\n<div class=\"machine-template__description-description\">La <strong>DONATONI D725 Q<\/strong> est une d\u00e9biteuse \u00e0 pont CNC polyvalente et puissante \u00e0 5\/6 axes interpol\u00e9s, adapt\u00e9e \u00e0 la production de diff\u00e9rents types de produits tels que les plans de cuisine, les plans de salle de bain, les receveurs de douche, les gravures et les bas-reliefs et les diff\u00e9rents rev\u00eatements de construction en marbre, granit, c\u00e9ramique et pierre artificielle. Il s&rsquo;agit d&rsquo;une machine qui permet des coupes jusqu&rsquo;\u00e0 250 mm de profondeur et des fa\u00e7onnages simples et complexes. Les rails de guidage sont lubrifi\u00e9s dans un bain d&rsquo;huile (axes X et Y).<\/div>\n<\/div>\n<\/div>\n","protected":false},"excerpt":{"rendered":"<p>Une large gamme pour r\u00e9pondre aux diff\u00e9rentes exigences de coupe La DONATONI D725 Q est une d\u00e9biteuse \u00e0 pont CNC polyvalente et puissante \u00e0 5\/6 axes interpol\u00e9s, adapt\u00e9e \u00e0 la production de diff\u00e9rents types de produits tels que les plans de cuisine, les plans de salle de bain, les receveurs de douche, les gravures et [&hellip;]<\/p>\n","protected":false},"featured_media":13498,"template":"","meta":{"_et_pb_use_builder":"","_et_pb_old_content":"","_et_gb_content_width":""},"product_brand":[],"product_cat":[2909],"product_tag":[],"caratteristica":[3085,3086,3087,3088,3089,3090,3322],"serie":[3318],"settore_di_applicazione":[3092,3094,3095,3096],"class_list":{"0":"post-13496","1":"product","2":"type-product","3":"status-publish","4":"has-post-thumbnail","6":"product_cat-debiteuses-a-pont-cnc","7":"pa_assi-interpolati-5-fr","8":"pa_consumo-acqua-50-fr","9":"pa_consumo-aria-20-fr","10":"pa_coppia-motore-elettro-tool-1216-s6-fr","11":"pa_corsa-carrello-asse-x-3900-fr","12":"pa_corsa-ponte-asse-y-2950-fr","13":"pa_corsa-tastatore-lastra-300-fr","14":"pa_corsa-ventose-295-fr","15":"pa_diametro-albero-mandrino-50-fr","16":"pa_diametro-massimo-disco-750-fr","17":"pa_diametro-minimo-disco-350-fr","18":"pa_dimensione-banco-3500x2000-fr","19":"pa_disco-max-tastatore-lastra-725-fr","20":"pa_disco-max-uso-ventose-725-fr","21":"pa_inclinazione-testa-assea-0-90-fr","22":"pa_peso-complessivo-macchina-4500-fr","23":"pa_peso-tot-max-sollev-ventose-600-fr","24":"pa_potenza-elettromandrino-177-s6-tool-fr","25":"pa_potenza-totale-installata-34-fr","26":"pa_profondita-max-di-taglio-260-fr","27":"pa_range-vel-elettromandrino-t-0-5500-fr","28":"pa_rotazione-testa-porta-disco-5-365-fr","29":"pa_salita-discesa-assez-600-fr","30":"pa_tensione-elettrica-standard-40010-50-fr","31":"pa_velocita-max-carrello-asse-x-0-45-fr","32":"pa_velocita-max-ponte-asse-y-0-45-fr","33":"pa_velocita-max-teste-asse-z-0-6-fr","34":"caratteristica-vaste-gamme-daccessoires-et-de-configurations","35":"caratteristica-large-eventail-doperations-dusinage","36":"caratteristica-flexibilite-des-processus-de-production","37":"caratteristica-encombrement-reduit","38":"caratteristica-simple-et-rapide-a-programmer","39":"caratteristica-technologie-cnc-precision-et-productivite","40":"caratteristica-qualite-elevee-des-composants-utilisees","41":"serie-d-serie","42":"settore_di_applicazione-funeraire","43":"settore_di_applicazione-grands-projets","44":"settore_di_applicazione-articles-pour-le-secteur-de-la-construction","45":"settore_di_applicazione-plans-de-cuisine-et-de-salle-de-bains","47":"first","48":"instock","49":"shipping-taxable","50":"purchasable","51":"product-type-simple"},"acf":[],"yoast_head":"<!-- This site is optimized with the Yoast SEO plugin v25.8 - https:\/\/yoast.com\/wordpress\/plugins\/seo\/ -->\n<title>D 725 Q - Donatoni Group<\/title>\n<meta name=\"robots\" content=\"index, follow, max-snippet:-1, max-image-preview:large, max-video-preview:-1\" \/>\n<link rel=\"canonical\" href=\"https:\/\/www.donatonigroup.com\/fr\/machine\/d725-q\/\" \/>\n<meta property=\"og:locale\" content=\"fr_FR\" \/>\n<meta property=\"og:type\" content=\"article\" \/>\n<meta property=\"og:title\" content=\"D 725 Q - Donatoni Group\" \/>\n<meta property=\"og:description\" content=\"Une large gamme pour r\u00e9pondre aux diff\u00e9rentes exigences de coupe La DONATONI D725 Q est une d\u00e9biteuse \u00e0 pont CNC polyvalente et puissante \u00e0 5\/6 axes interpol\u00e9s, adapt\u00e9e \u00e0 la production de diff\u00e9rents types de produits tels que les plans de cuisine, les plans de salle de bain, les receveurs de douche, les gravures et [&hellip;]\" \/>\n<meta property=\"og:url\" content=\"https:\/\/www.donatonigroup.com\/fr\/machine\/d725-q\/\" \/>\n<meta property=\"og:site_name\" content=\"Donatoni Group\" \/>\n<meta property=\"article:publisher\" content=\"https:\/\/www.facebook.com\/donatonimacchine\" \/>\n<meta property=\"article:modified_time\" content=\"2024-03-19T15:34:52+00:00\" \/>\n<meta property=\"og:image\" content=\"https:\/\/www.donatonigroup.com\/wp-content\/uploads\/2023\/02\/D725Q-1500x9352-1.png\" \/>\n\t<meta property=\"og:image:width\" content=\"1500\" \/>\n\t<meta property=\"og:image:height\" content=\"935\" \/>\n\t<meta property=\"og:image:type\" content=\"image\/png\" \/>\n<meta name=\"twitter:card\" content=\"summary_large_image\" \/>\n<meta name=\"twitter:label1\" content=\"Dur\u00e9e de lecture estim\u00e9e\" \/>\n\t<meta name=\"twitter:data1\" content=\"1 minute\" \/>\n<script type=\"application\/ld+json\" class=\"yoast-schema-graph\">{\"@context\":\"https:\/\/schema.org\",\"@graph\":[{\"@type\":\"WebPage\",\"@id\":\"https:\/\/www.donatonigroup.com\/fr\/machine\/d725-q\/\",\"url\":\"https:\/\/www.donatonigroup.com\/fr\/machine\/d725-q\/\",\"name\":\"D 725 Q - Donatoni Group\",\"isPartOf\":{\"@id\":\"https:\/\/www.donatonigroup.com\/fr\/#website\"},\"primaryImageOfPage\":{\"@id\":\"https:\/\/www.donatonigroup.com\/fr\/machine\/d725-q\/#primaryimage\"},\"image\":{\"@id\":\"https:\/\/www.donatonigroup.com\/fr\/machine\/d725-q\/#primaryimage\"},\"thumbnailUrl\":\"https:\/\/www.donatonigroup.com\/wp-content\/uploads\/2023\/02\/D725Q-1500x9352-1.png\",\"datePublished\":\"2023-02-08T14:35:19+00:00\",\"dateModified\":\"2024-03-19T15:34:52+00:00\",\"breadcrumb\":{\"@id\":\"https:\/\/www.donatonigroup.com\/fr\/machine\/d725-q\/#breadcrumb\"},\"inLanguage\":\"fr-FR\",\"potentialAction\":[{\"@type\":\"ReadAction\",\"target\":[\"https:\/\/www.donatonigroup.com\/fr\/machine\/d725-q\/\"]}]},{\"@type\":\"ImageObject\",\"inLanguage\":\"fr-FR\",\"@id\":\"https:\/\/www.donatonigroup.com\/fr\/machine\/d725-q\/#primaryimage\",\"url\":\"https:\/\/www.donatonigroup.com\/wp-content\/uploads\/2023\/02\/D725Q-1500x9352-1.png\",\"contentUrl\":\"https:\/\/www.donatonigroup.com\/wp-content\/uploads\/2023\/02\/D725Q-1500x9352-1.png\",\"width\":1500,\"height\":935},{\"@type\":\"BreadcrumbList\",\"@id\":\"https:\/\/www.donatonigroup.com\/fr\/machine\/d725-q\/#breadcrumb\",\"itemListElement\":[{\"@type\":\"ListItem\",\"position\":1,\"name\":\"Home\",\"item\":\"https:\/\/www.donatonigroup.com\/fr\/\"},{\"@type\":\"ListItem\",\"position\":2,\"name\":\"Catalogue machines\",\"item\":\"https:\/\/www.donatonigroup.com\/fr\/catalogue-machines\/\"},{\"@type\":\"ListItem\",\"position\":3,\"name\":\"D 725 Q\"}]},{\"@type\":\"WebSite\",\"@id\":\"https:\/\/www.donatonigroup.com\/fr\/#website\",\"url\":\"https:\/\/www.donatonigroup.com\/fr\/\",\"name\":\"Donatoni Group\",\"description\":\"\",\"publisher\":{\"@id\":\"https:\/\/www.donatonigroup.com\/fr\/#organization\"},\"potentialAction\":[{\"@type\":\"SearchAction\",\"target\":{\"@type\":\"EntryPoint\",\"urlTemplate\":\"https:\/\/www.donatonigroup.com\/fr\/?s={search_term_string}\"},\"query-input\":{\"@type\":\"PropertyValueSpecification\",\"valueRequired\":true,\"valueName\":\"search_term_string\"}}],\"inLanguage\":\"fr-FR\"},{\"@type\":\"Organization\",\"@id\":\"https:\/\/www.donatonigroup.com\/fr\/#organization\",\"name\":\"Donatoni Group\",\"url\":\"https:\/\/www.donatonigroup.com\/fr\/\",\"logo\":{\"@type\":\"ImageObject\",\"inLanguage\":\"fr-FR\",\"@id\":\"https:\/\/www.donatonigroup.com\/fr\/#\/schema\/logo\/image\/\",\"url\":\"http:\/\/www.donatonigroup.com\/wp-content\/uploads\/2023\/02\/donatoni-logo.png\",\"contentUrl\":\"http:\/\/www.donatonigroup.com\/wp-content\/uploads\/2023\/02\/donatoni-logo.png\",\"width\":800,\"height\":112,\"caption\":\"Donatoni Group\"},\"image\":{\"@id\":\"https:\/\/www.donatonigroup.com\/fr\/#\/schema\/logo\/image\/\"},\"sameAs\":[\"https:\/\/www.facebook.com\/donatonimacchine\",\"https:\/\/instagram.com\/donatonigroup\/\",\"https:\/\/www.linkedin.com\/company\/donatoni-macchine-s-r-l\"]}]}<\/script>\n<!-- \/ Yoast SEO plugin. -->","yoast_head_json":{"title":"D 725 Q - Donatoni Group","robots":{"index":"index","follow":"follow","max-snippet":"max-snippet:-1","max-image-preview":"max-image-preview:large","max-video-preview":"max-video-preview:-1"},"canonical":"https:\/\/www.donatonigroup.com\/fr\/machine\/d725-q\/","og_locale":"fr_FR","og_type":"article","og_title":"D 725 Q - Donatoni Group","og_description":"Une large gamme pour r\u00e9pondre aux diff\u00e9rentes exigences de coupe La DONATONI D725 Q est une d\u00e9biteuse \u00e0 pont CNC polyvalente et puissante \u00e0 5\/6 axes interpol\u00e9s, adapt\u00e9e \u00e0 la production de diff\u00e9rents types de produits tels que les plans de cuisine, les plans de salle de bain, les receveurs de douche, les gravures et [&hellip;]","og_url":"https:\/\/www.donatonigroup.com\/fr\/machine\/d725-q\/","og_site_name":"Donatoni Group","article_publisher":"https:\/\/www.facebook.com\/donatonimacchine","article_modified_time":"2024-03-19T15:34:52+00:00","og_image":[{"width":1500,"height":935,"url":"https:\/\/www.donatonigroup.com\/wp-content\/uploads\/2023\/02\/D725Q-1500x9352-1.png","type":"image\/png"}],"twitter_card":"summary_large_image","twitter_misc":{"Dur\u00e9e de lecture estim\u00e9e":"1 minute"},"schema":{"@context":"https:\/\/schema.org","@graph":[{"@type":"WebPage","@id":"https:\/\/www.donatonigroup.com\/fr\/machine\/d725-q\/","url":"https:\/\/www.donatonigroup.com\/fr\/machine\/d725-q\/","name":"D 725 Q - Donatoni Group","isPartOf":{"@id":"https:\/\/www.donatonigroup.com\/fr\/#website"},"primaryImageOfPage":{"@id":"https:\/\/www.donatonigroup.com\/fr\/machine\/d725-q\/#primaryimage"},"image":{"@id":"https:\/\/www.donatonigroup.com\/fr\/machine\/d725-q\/#primaryimage"},"thumbnailUrl":"https:\/\/www.donatonigroup.com\/wp-content\/uploads\/2023\/02\/D725Q-1500x9352-1.png","datePublished":"2023-02-08T14:35:19+00:00","dateModified":"2024-03-19T15:34:52+00:00","breadcrumb":{"@id":"https:\/\/www.donatonigroup.com\/fr\/machine\/d725-q\/#breadcrumb"},"inLanguage":"fr-FR","potentialAction":[{"@type":"ReadAction","target":["https:\/\/www.donatonigroup.com\/fr\/machine\/d725-q\/"]}]},{"@type":"ImageObject","inLanguage":"fr-FR","@id":"https:\/\/www.donatonigroup.com\/fr\/machine\/d725-q\/#primaryimage","url":"https:\/\/www.donatonigroup.com\/wp-content\/uploads\/2023\/02\/D725Q-1500x9352-1.png","contentUrl":"https:\/\/www.donatonigroup.com\/wp-content\/uploads\/2023\/02\/D725Q-1500x9352-1.png","width":1500,"height":935},{"@type":"BreadcrumbList","@id":"https:\/\/www.donatonigroup.com\/fr\/machine\/d725-q\/#breadcrumb","itemListElement":[{"@type":"ListItem","position":1,"name":"Home","item":"https:\/\/www.donatonigroup.com\/fr\/"},{"@type":"ListItem","position":2,"name":"Catalogue machines","item":"https:\/\/www.donatonigroup.com\/fr\/catalogue-machines\/"},{"@type":"ListItem","position":3,"name":"D 725 Q"}]},{"@type":"WebSite","@id":"https:\/\/www.donatonigroup.com\/fr\/#website","url":"https:\/\/www.donatonigroup.com\/fr\/","name":"Donatoni Group","description":"","publisher":{"@id":"https:\/\/www.donatonigroup.com\/fr\/#organization"},"potentialAction":[{"@type":"SearchAction","target":{"@type":"EntryPoint","urlTemplate":"https:\/\/www.donatonigroup.com\/fr\/?s={search_term_string}"},"query-input":{"@type":"PropertyValueSpecification","valueRequired":true,"valueName":"search_term_string"}}],"inLanguage":"fr-FR"},{"@type":"Organization","@id":"https:\/\/www.donatonigroup.com\/fr\/#organization","name":"Donatoni Group","url":"https:\/\/www.donatonigroup.com\/fr\/","logo":{"@type":"ImageObject","inLanguage":"fr-FR","@id":"https:\/\/www.donatonigroup.com\/fr\/#\/schema\/logo\/image\/","url":"http:\/\/www.donatonigroup.com\/wp-content\/uploads\/2023\/02\/donatoni-logo.png","contentUrl":"http:\/\/www.donatonigroup.com\/wp-content\/uploads\/2023\/02\/donatoni-logo.png","width":800,"height":112,"caption":"Donatoni Group"},"image":{"@id":"https:\/\/www.donatonigroup.com\/fr\/#\/schema\/logo\/image\/"},"sameAs":["https:\/\/www.facebook.com\/donatonimacchine","https:\/\/instagram.com\/donatonigroup\/","https:\/\/www.linkedin.com\/company\/donatoni-macchine-s-r-l"]}]}},"_links":{"self":[{"href":"https:\/\/www.donatonigroup.com\/fr\/wp-json\/wp\/v2\/product\/13496","targetHints":{"allow":["GET"]}}],"collection":[{"href":"https:\/\/www.donatonigroup.com\/fr\/wp-json\/wp\/v2\/product"}],"about":[{"href":"https:\/\/www.donatonigroup.com\/fr\/wp-json\/wp\/v2\/types\/product"}],"wp:featuredmedia":[{"embeddable":true,"href":"https:\/\/www.donatonigroup.com\/fr\/wp-json\/wp\/v2\/media\/13498"}],"wp:attachment":[{"href":"https:\/\/www.donatonigroup.com\/fr\/wp-json\/wp\/v2\/media?parent=13496"}],"wp:term":[{"taxonomy":"product_brand","embeddable":true,"href":"https:\/\/www.donatonigroup.com\/fr\/wp-json\/wp\/v2\/product_brand?post=13496"},{"taxonomy":"product_cat","embeddable":true,"href":"https:\/\/www.donatonigroup.com\/fr\/wp-json\/wp\/v2\/product_cat?post=13496"},{"taxonomy":"product_tag","embeddable":true,"href":"https:\/\/www.donatonigroup.com\/fr\/wp-json\/wp\/v2\/product_tag?post=13496"},{"taxonomy":"caratteristica","embeddable":true,"href":"https:\/\/www.donatonigroup.com\/fr\/wp-json\/wp\/v2\/caratteristica?post=13496"},{"taxonomy":"serie","embeddable":true,"href":"https:\/\/www.donatonigroup.com\/fr\/wp-json\/wp\/v2\/serie?post=13496"},{"taxonomy":"settore_di_applicazione","embeddable":true,"href":"https:\/\/www.donatonigroup.com\/fr\/wp-json\/wp\/v2\/settore_di_applicazione?post=13496"}],"curies":[{"name":"wp","href":"https:\/\/api.w.org\/{rel}","templated":true}]}}