{"id":13544,"date":"2023-02-08T15:16:17","date_gmt":"2023-02-08T15:16:17","guid":{"rendered":"http:\/\/www.donatonigroup.com\/macchina\/d1600\/"},"modified":"2024-03-19T16:09:10","modified_gmt":"2024-03-19T16:09:10","slug":"d1600","status":"publish","type":"product","link":"https:\/\/www.donatonigroup.com\/fr\/machine\/d1600\/","title":{"rendered":"D 1600"},"content":{"rendered":"<div data-el-id=\"4bf95b62-39dd-4159-afdd-564cabf66110\">\n<div data-el-id=\"4bf95b62-39dd-4159-afdd-564cabf66110-txt\">\n<div class=\"machine-template__description-title\">\n<h3 class=\"machine-template__description-title-text\">Une large gamme pour r\u00e9pondre aux diff\u00e9rentes exigences de coupe<\/h3>\n<\/div>\n<\/div>\n<\/div>\n<div data-el-id=\"d77e8106-a367-45f7-ac61-74c6e7ab08e2\">\n<div data-el-id=\"d77e8106-a367-45f7-ac61-74c6e7ab08e2-txt\">\n<div class=\"machine-template__description-description\"><strong>La DONATONI D1600<\/strong> est un centre de d\u00e9coupe et de fa\u00e7onnage CNC \u00e0 5 axes interpol\u00e9s avec un diam\u00e8tre de disque de 1600 mm et une course d&rsquo;axe Z de 1400 mm ; t\u00eate porte-disque rotative de -5\u00b0 \u00e0 +545\u00b0 et inclinable de 0\u00b0 \u00e0 90\u00b0 pour l&rsquo;ex\u00e9cution de coupes orthogonales jusqu&rsquo;\u00e0 une profondeur de 635 mm et le fa\u00e7onnage, pour la r\u00e9alisation de produits en marbre, en granit et en pierre de moyennes et grandes dimensions.<\/div>\n<\/div>\n<\/div>\n","protected":false},"excerpt":{"rendered":"<p>Une large gamme pour r\u00e9pondre aux diff\u00e9rentes exigences de coupe La DONATONI D1600 est un centre de d\u00e9coupe et de fa\u00e7onnage CNC \u00e0 5 axes interpol\u00e9s avec un diam\u00e8tre de disque de 1600 mm et une course d&rsquo;axe Z de 1400 mm ; t\u00eate porte-disque rotative de -5\u00b0 \u00e0 +545\u00b0 et inclinable de 0\u00b0 \u00e0 [&hellip;]<\/p>\n","protected":false},"featured_media":13532,"template":"","meta":{"_et_pb_use_builder":"","_et_pb_old_content":"","_et_gb_content_width":""},"product_brand":[],"product_cat":[2909],"product_tag":[],"caratteristica":[3086,3089,3280,3281,3322,3329,3330],"serie":[3318],"settore_di_applicazione":[3092,3094],"class_list":{"0":"post-13544","1":"product","2":"type-product","3":"status-publish","4":"has-post-thumbnail","6":"product_cat-debiteuses-a-pont-cnc","7":"pa_assi-interpolati-5-fr","8":"pa_consumo-acqua-150-fr","9":"pa_consumo-aria-5-fr","10":"pa_corsa-carrello-asse-x-4000-fr","11":"pa_corsa-ponte-asse-y-3500-fr","12":"pa_diametro-massimo-disco-1600-fr","13":"pa_diametro-minimo-disco-750-fr","14":"pa_dimensione-banco-2000x3500-fr","15":"pa_inclinazione-testa-assea-0-90-fr","16":"pa_peso-complessivo-macchina-11500-fr","17":"pa_potenza-elettromandrino-35-s6-fr","18":"pa_profondita-max-di-taglio-635-fr","19":"pa_rotazione-testa-porta-disco-5-545-fr","20":"pa_rotazione-utensile-inverter-0-2400-fr","21":"pa_salita-discesa-assez-1400-fr","22":"pa_tensione-elettrica-standard-40010-50-fr","23":"pa_velocita-di-posiz-assi-x-y-0-37-fr","24":"pa_velocita-max-teste-asse-z-0-10-fr","25":"caratteristica-large-eventail-doperations-dusinage","26":"caratteristica-simple-et-rapide-a-programmer","27":"caratteristica-capacite-de-coupe-de-grosses-epaisseurs","28":"caratteristica-tres-puissante","29":"caratteristica-qualite-elevee-des-composants-utilisees","30":"caratteristica-haute-precision-des-coupes","31":"caratteristica-coupe-et-faconnage-precis","32":"serie-d-serie","33":"settore_di_applicazione-funeraire","34":"settore_di_applicazione-grands-projets","36":"first","37":"instock","38":"shipping-taxable","39":"purchasable","40":"product-type-simple"},"acf":[],"yoast_head":"<!-- This site is optimized with the Yoast SEO plugin v25.8 - https:\/\/yoast.com\/wordpress\/plugins\/seo\/ -->\n<title>D 1600 - Donatoni Group<\/title>\n<meta name=\"robots\" content=\"index, follow, max-snippet:-1, max-image-preview:large, max-video-preview:-1\" \/>\n<link rel=\"canonical\" href=\"https:\/\/www.donatonigroup.com\/fr\/machine\/d1600\/\" \/>\n<meta property=\"og:locale\" content=\"fr_FR\" \/>\n<meta property=\"og:type\" content=\"article\" \/>\n<meta property=\"og:title\" content=\"D 1600 - Donatoni Group\" \/>\n<meta property=\"og:description\" content=\"Une large gamme pour r\u00e9pondre aux diff\u00e9rentes exigences de coupe La DONATONI D1600 est un centre de d\u00e9coupe et de fa\u00e7onnage CNC \u00e0 5 axes interpol\u00e9s avec un diam\u00e8tre de disque de 1600 mm et une course d&rsquo;axe Z de 1400 mm ; t\u00eate porte-disque rotative de -5\u00b0 \u00e0 +545\u00b0 et inclinable de 0\u00b0 \u00e0 [&hellip;]\" \/>\n<meta property=\"og:url\" content=\"https:\/\/www.donatonigroup.com\/fr\/machine\/d1600\/\" \/>\n<meta property=\"og:site_name\" content=\"Donatoni Group\" \/>\n<meta property=\"article:publisher\" content=\"https:\/\/www.facebook.com\/donatonimacchine\" \/>\n<meta property=\"article:modified_time\" content=\"2024-03-19T16:09:10+00:00\" \/>\n<meta property=\"og:image\" content=\"https:\/\/www.donatonigroup.com\/wp-content\/uploads\/2023\/02\/D1600-1500x9352-1.png\" \/>\n\t<meta property=\"og:image:width\" content=\"1500\" \/>\n\t<meta property=\"og:image:height\" content=\"935\" \/>\n\t<meta property=\"og:image:type\" content=\"image\/png\" \/>\n<meta name=\"twitter:card\" content=\"summary_large_image\" \/>\n<meta name=\"twitter:label1\" content=\"Dur\u00e9e de lecture estim\u00e9e\" \/>\n\t<meta name=\"twitter:data1\" content=\"1 minute\" \/>\n<script type=\"application\/ld+json\" class=\"yoast-schema-graph\">{\"@context\":\"https:\/\/schema.org\",\"@graph\":[{\"@type\":\"WebPage\",\"@id\":\"https:\/\/www.donatonigroup.com\/fr\/machine\/d1600\/\",\"url\":\"https:\/\/www.donatonigroup.com\/fr\/machine\/d1600\/\",\"name\":\"D 1600 - Donatoni Group\",\"isPartOf\":{\"@id\":\"https:\/\/www.donatonigroup.com\/fr\/#website\"},\"primaryImageOfPage\":{\"@id\":\"https:\/\/www.donatonigroup.com\/fr\/machine\/d1600\/#primaryimage\"},\"image\":{\"@id\":\"https:\/\/www.donatonigroup.com\/fr\/machine\/d1600\/#primaryimage\"},\"thumbnailUrl\":\"https:\/\/www.donatonigroup.com\/wp-content\/uploads\/2023\/02\/D1600-1500x9352-1.png\",\"datePublished\":\"2023-02-08T15:16:17+00:00\",\"dateModified\":\"2024-03-19T16:09:10+00:00\",\"breadcrumb\":{\"@id\":\"https:\/\/www.donatonigroup.com\/fr\/machine\/d1600\/#breadcrumb\"},\"inLanguage\":\"fr-FR\",\"potentialAction\":[{\"@type\":\"ReadAction\",\"target\":[\"https:\/\/www.donatonigroup.com\/fr\/machine\/d1600\/\"]}]},{\"@type\":\"ImageObject\",\"inLanguage\":\"fr-FR\",\"@id\":\"https:\/\/www.donatonigroup.com\/fr\/machine\/d1600\/#primaryimage\",\"url\":\"https:\/\/www.donatonigroup.com\/wp-content\/uploads\/2023\/02\/D1600-1500x9352-1.png\",\"contentUrl\":\"https:\/\/www.donatonigroup.com\/wp-content\/uploads\/2023\/02\/D1600-1500x9352-1.png\",\"width\":1500,\"height\":935},{\"@type\":\"BreadcrumbList\",\"@id\":\"https:\/\/www.donatonigroup.com\/fr\/machine\/d1600\/#breadcrumb\",\"itemListElement\":[{\"@type\":\"ListItem\",\"position\":1,\"name\":\"Home\",\"item\":\"https:\/\/www.donatonigroup.com\/fr\/\"},{\"@type\":\"ListItem\",\"position\":2,\"name\":\"Catalogue machines\",\"item\":\"https:\/\/www.donatonigroup.com\/fr\/catalogue-machines\/\"},{\"@type\":\"ListItem\",\"position\":3,\"name\":\"D 1600\"}]},{\"@type\":\"WebSite\",\"@id\":\"https:\/\/www.donatonigroup.com\/fr\/#website\",\"url\":\"https:\/\/www.donatonigroup.com\/fr\/\",\"name\":\"Donatoni Group\",\"description\":\"\",\"publisher\":{\"@id\":\"https:\/\/www.donatonigroup.com\/fr\/#organization\"},\"potentialAction\":[{\"@type\":\"SearchAction\",\"target\":{\"@type\":\"EntryPoint\",\"urlTemplate\":\"https:\/\/www.donatonigroup.com\/fr\/?s={search_term_string}\"},\"query-input\":{\"@type\":\"PropertyValueSpecification\",\"valueRequired\":true,\"valueName\":\"search_term_string\"}}],\"inLanguage\":\"fr-FR\"},{\"@type\":\"Organization\",\"@id\":\"https:\/\/www.donatonigroup.com\/fr\/#organization\",\"name\":\"Donatoni Group\",\"url\":\"https:\/\/www.donatonigroup.com\/fr\/\",\"logo\":{\"@type\":\"ImageObject\",\"inLanguage\":\"fr-FR\",\"@id\":\"https:\/\/www.donatonigroup.com\/fr\/#\/schema\/logo\/image\/\",\"url\":\"http:\/\/www.donatonigroup.com\/wp-content\/uploads\/2023\/02\/donatoni-logo.png\",\"contentUrl\":\"http:\/\/www.donatonigroup.com\/wp-content\/uploads\/2023\/02\/donatoni-logo.png\",\"width\":800,\"height\":112,\"caption\":\"Donatoni Group\"},\"image\":{\"@id\":\"https:\/\/www.donatonigroup.com\/fr\/#\/schema\/logo\/image\/\"},\"sameAs\":[\"https:\/\/www.facebook.com\/donatonimacchine\",\"https:\/\/instagram.com\/donatonigroup\/\",\"https:\/\/www.linkedin.com\/company\/donatoni-macchine-s-r-l\"]}]}<\/script>\n<!-- \/ Yoast SEO plugin. -->","yoast_head_json":{"title":"D 1600 - Donatoni Group","robots":{"index":"index","follow":"follow","max-snippet":"max-snippet:-1","max-image-preview":"max-image-preview:large","max-video-preview":"max-video-preview:-1"},"canonical":"https:\/\/www.donatonigroup.com\/fr\/machine\/d1600\/","og_locale":"fr_FR","og_type":"article","og_title":"D 1600 - Donatoni Group","og_description":"Une large gamme pour r\u00e9pondre aux diff\u00e9rentes exigences de coupe La DONATONI D1600 est un centre de d\u00e9coupe et de fa\u00e7onnage CNC \u00e0 5 axes interpol\u00e9s avec un diam\u00e8tre de disque de 1600 mm et une course d&rsquo;axe Z de 1400 mm ; t\u00eate porte-disque rotative de -5\u00b0 \u00e0 +545\u00b0 et inclinable de 0\u00b0 \u00e0 [&hellip;]","og_url":"https:\/\/www.donatonigroup.com\/fr\/machine\/d1600\/","og_site_name":"Donatoni Group","article_publisher":"https:\/\/www.facebook.com\/donatonimacchine","article_modified_time":"2024-03-19T16:09:10+00:00","og_image":[{"width":1500,"height":935,"url":"https:\/\/www.donatonigroup.com\/wp-content\/uploads\/2023\/02\/D1600-1500x9352-1.png","type":"image\/png"}],"twitter_card":"summary_large_image","twitter_misc":{"Dur\u00e9e de lecture estim\u00e9e":"1 minute"},"schema":{"@context":"https:\/\/schema.org","@graph":[{"@type":"WebPage","@id":"https:\/\/www.donatonigroup.com\/fr\/machine\/d1600\/","url":"https:\/\/www.donatonigroup.com\/fr\/machine\/d1600\/","name":"D 1600 - Donatoni Group","isPartOf":{"@id":"https:\/\/www.donatonigroup.com\/fr\/#website"},"primaryImageOfPage":{"@id":"https:\/\/www.donatonigroup.com\/fr\/machine\/d1600\/#primaryimage"},"image":{"@id":"https:\/\/www.donatonigroup.com\/fr\/machine\/d1600\/#primaryimage"},"thumbnailUrl":"https:\/\/www.donatonigroup.com\/wp-content\/uploads\/2023\/02\/D1600-1500x9352-1.png","datePublished":"2023-02-08T15:16:17+00:00","dateModified":"2024-03-19T16:09:10+00:00","breadcrumb":{"@id":"https:\/\/www.donatonigroup.com\/fr\/machine\/d1600\/#breadcrumb"},"inLanguage":"fr-FR","potentialAction":[{"@type":"ReadAction","target":["https:\/\/www.donatonigroup.com\/fr\/machine\/d1600\/"]}]},{"@type":"ImageObject","inLanguage":"fr-FR","@id":"https:\/\/www.donatonigroup.com\/fr\/machine\/d1600\/#primaryimage","url":"https:\/\/www.donatonigroup.com\/wp-content\/uploads\/2023\/02\/D1600-1500x9352-1.png","contentUrl":"https:\/\/www.donatonigroup.com\/wp-content\/uploads\/2023\/02\/D1600-1500x9352-1.png","width":1500,"height":935},{"@type":"BreadcrumbList","@id":"https:\/\/www.donatonigroup.com\/fr\/machine\/d1600\/#breadcrumb","itemListElement":[{"@type":"ListItem","position":1,"name":"Home","item":"https:\/\/www.donatonigroup.com\/fr\/"},{"@type":"ListItem","position":2,"name":"Catalogue machines","item":"https:\/\/www.donatonigroup.com\/fr\/catalogue-machines\/"},{"@type":"ListItem","position":3,"name":"D 1600"}]},{"@type":"WebSite","@id":"https:\/\/www.donatonigroup.com\/fr\/#website","url":"https:\/\/www.donatonigroup.com\/fr\/","name":"Donatoni Group","description":"","publisher":{"@id":"https:\/\/www.donatonigroup.com\/fr\/#organization"},"potentialAction":[{"@type":"SearchAction","target":{"@type":"EntryPoint","urlTemplate":"https:\/\/www.donatonigroup.com\/fr\/?s={search_term_string}"},"query-input":{"@type":"PropertyValueSpecification","valueRequired":true,"valueName":"search_term_string"}}],"inLanguage":"fr-FR"},{"@type":"Organization","@id":"https:\/\/www.donatonigroup.com\/fr\/#organization","name":"Donatoni Group","url":"https:\/\/www.donatonigroup.com\/fr\/","logo":{"@type":"ImageObject","inLanguage":"fr-FR","@id":"https:\/\/www.donatonigroup.com\/fr\/#\/schema\/logo\/image\/","url":"http:\/\/www.donatonigroup.com\/wp-content\/uploads\/2023\/02\/donatoni-logo.png","contentUrl":"http:\/\/www.donatonigroup.com\/wp-content\/uploads\/2023\/02\/donatoni-logo.png","width":800,"height":112,"caption":"Donatoni Group"},"image":{"@id":"https:\/\/www.donatonigroup.com\/fr\/#\/schema\/logo\/image\/"},"sameAs":["https:\/\/www.facebook.com\/donatonimacchine","https:\/\/instagram.com\/donatonigroup\/","https:\/\/www.linkedin.com\/company\/donatoni-macchine-s-r-l"]}]}},"_links":{"self":[{"href":"https:\/\/www.donatonigroup.com\/fr\/wp-json\/wp\/v2\/product\/13544","targetHints":{"allow":["GET"]}}],"collection":[{"href":"https:\/\/www.donatonigroup.com\/fr\/wp-json\/wp\/v2\/product"}],"about":[{"href":"https:\/\/www.donatonigroup.com\/fr\/wp-json\/wp\/v2\/types\/product"}],"wp:featuredmedia":[{"embeddable":true,"href":"https:\/\/www.donatonigroup.com\/fr\/wp-json\/wp\/v2\/media\/13532"}],"wp:attachment":[{"href":"https:\/\/www.donatonigroup.com\/fr\/wp-json\/wp\/v2\/media?parent=13544"}],"wp:term":[{"taxonomy":"product_brand","embeddable":true,"href":"https:\/\/www.donatonigroup.com\/fr\/wp-json\/wp\/v2\/product_brand?post=13544"},{"taxonomy":"product_cat","embeddable":true,"href":"https:\/\/www.donatonigroup.com\/fr\/wp-json\/wp\/v2\/product_cat?post=13544"},{"taxonomy":"product_tag","embeddable":true,"href":"https:\/\/www.donatonigroup.com\/fr\/wp-json\/wp\/v2\/product_tag?post=13544"},{"taxonomy":"caratteristica","embeddable":true,"href":"https:\/\/www.donatonigroup.com\/fr\/wp-json\/wp\/v2\/caratteristica?post=13544"},{"taxonomy":"serie","embeddable":true,"href":"https:\/\/www.donatonigroup.com\/fr\/wp-json\/wp\/v2\/serie?post=13544"},{"taxonomy":"settore_di_applicazione","embeddable":true,"href":"https:\/\/www.donatonigroup.com\/fr\/wp-json\/wp\/v2\/settore_di_applicazione?post=13544"}],"curies":[{"name":"wp","href":"https:\/\/api.w.org\/{rel}","templated":true}]}}