{"id":13553,"date":"2023-02-08T15:25:30","date_gmt":"2023-02-08T15:25:30","guid":{"rendered":"http:\/\/www.donatonigroup.com\/macchina\/d2000\/"},"modified":"2024-03-19T16:18:41","modified_gmt":"2024-03-19T16:18:41","slug":"d2000","status":"publish","type":"product","link":"https:\/\/www.donatonigroup.com\/fr\/machine\/d2000\/","title":{"rendered":"D 2000"},"content":{"rendered":"<div data-el-id=\"31dd788f-590d-47b3-be46-1b21f5a66dae\">\n<div data-el-id=\"31dd788f-590d-47b3-be46-1b21f5a66dae-txt\">\n<div class=\"machine-template__description-title\">\n<h2 class=\"machine-template__description-title-text\">Une large gamme pour r\u00e9pondre aux diff\u00e9rentes exigences de coupe<\/h2>\n<\/div>\n<\/div>\n<\/div>\n<div data-el-id=\"93168e9b-c5e7-4e45-8340-421b4ebce928\">\n<div class=\"\" data-el-id=\"b7ceae05-9bef-4a8f-a5aa-6c96d64a828d\">\n<div data-el-id=\"a7f8fdb2-98bf-4143-9db8-2983f22edb1f\">\n<div data-el-id=\"a2403db7-8284-42a0-a465-f9bcd99b4e50\">\n<div data-el-id=\"a2403db7-8284-42a0-a465-f9bcd99b4e50-html\"><strong>DONATONI D2000<\/strong> est un centre de d\u00e9coupe et de fa\u00e7onnage CNC \u00e0 5 axes interpol\u00e9s avec un diam\u00e8tre de disque de 2000 mm et une course d&rsquo;axe Z de 1400 mm ; t\u00eate porte-disque rotative de -5\u00b0 \u00e0 +545\u00b0 et inclinable de 0\u00b0 \u00e0 90\u00b0 pour l&rsquo;ex\u00e9cution de coupes orthogonales jusqu&rsquo;\u00e0 800 mm de profondeur et de fa\u00e7onnage, pour la r\u00e9alisation de produits en marbre, en granit et en pierre de moyennes et grandes dimensions.<\/div>\n<\/div>\n<\/div>\n<\/div>\n<\/div>\n","protected":false},"excerpt":{"rendered":"<p>Une large gamme pour r\u00e9pondre aux diff\u00e9rentes exigences de coupe DONATONI D2000 est un centre de d\u00e9coupe et de fa\u00e7onnage CNC \u00e0 5 axes interpol\u00e9s avec un diam\u00e8tre de disque de 2000 mm et une course d&rsquo;axe Z de 1400 mm ; t\u00eate porte-disque rotative de -5\u00b0 \u00e0 +545\u00b0 et inclinable de 0\u00b0 \u00e0 90\u00b0 [&hellip;]<\/p>\n","protected":false},"featured_media":13555,"template":"","meta":{"_et_pb_use_builder":"","_et_pb_old_content":"","_et_gb_content_width":""},"product_brand":[],"product_cat":[2909],"product_tag":[],"caratteristica":[3086,3089,3280,3281,3322,3329,3330],"serie":[3318],"settore_di_applicazione":[3092,3094],"class_list":{"0":"post-13553","1":"product","2":"type-product","3":"status-publish","4":"has-post-thumbnail","6":"product_cat-debiteuses-a-pont-cnc","7":"pa_assi-interpolati-5-fr","8":"pa_consumo-acqua-150-fr","9":"pa_consumo-aria-5-fr","10":"pa_corsa-carrello-asse-x-4000-fr","11":"pa_corsa-ponte-asse-y-3500-fr","12":"pa_diametro-massimo-disco-2000-fr","13":"pa_diametro-minimo-disco-750-fr","14":"pa_dimensione-banco-2000x3500-fr","15":"pa_inclinazione-testa-assea-0-90-fr","16":"pa_peso-complessivo-macchina-12000-fr","17":"pa_potenza-elettromandrino-46-s6-fr","18":"pa_profondita-max-di-taglio-800-fr","19":"pa_rotazione-disco-con-inverter-0-2400-fr","20":"pa_rotazione-testa-porta-disco-5-545-fr","21":"pa_salita-discesa-assez-1400-fr","22":"pa_tensione-elettrica-standard-40010-50-fr","23":"pa_velocita-di-posiz-assi-x-y-0-37-fr","24":"pa_velocita-max-teste-asse-z-0-10-fr","25":"caratteristica-large-eventail-doperations-dusinage","26":"caratteristica-simple-et-rapide-a-programmer","27":"caratteristica-capacite-de-coupe-de-grosses-epaisseurs","28":"caratteristica-tres-puissante","29":"caratteristica-qualite-elevee-des-composants-utilisees","30":"caratteristica-haute-precision-des-coupes","31":"caratteristica-coupe-et-faconnage-precis","32":"serie-d-serie","33":"settore_di_applicazione-funeraire","34":"settore_di_applicazione-grands-projets","36":"first","37":"instock","38":"shipping-taxable","39":"purchasable","40":"product-type-simple"},"acf":[],"yoast_head":"<!-- This site is optimized with the Yoast SEO plugin v25.8 - https:\/\/yoast.com\/wordpress\/plugins\/seo\/ -->\n<title>D 2000 - Donatoni Group<\/title>\n<meta name=\"robots\" content=\"index, follow, max-snippet:-1, max-image-preview:large, max-video-preview:-1\" \/>\n<link rel=\"canonical\" href=\"https:\/\/www.donatonigroup.com\/fr\/machine\/d2000\/\" \/>\n<meta property=\"og:locale\" content=\"fr_FR\" \/>\n<meta property=\"og:type\" content=\"article\" \/>\n<meta property=\"og:title\" content=\"D 2000 - Donatoni Group\" \/>\n<meta property=\"og:description\" content=\"Une large gamme pour r\u00e9pondre aux diff\u00e9rentes exigences de coupe DONATONI D2000 est un centre de d\u00e9coupe et de fa\u00e7onnage CNC \u00e0 5 axes interpol\u00e9s avec un diam\u00e8tre de disque de 2000 mm et une course d&rsquo;axe Z de 1400 mm ; t\u00eate porte-disque rotative de -5\u00b0 \u00e0 +545\u00b0 et inclinable de 0\u00b0 \u00e0 90\u00b0 [&hellip;]\" \/>\n<meta property=\"og:url\" content=\"https:\/\/www.donatonigroup.com\/fr\/machine\/d2000\/\" \/>\n<meta property=\"og:site_name\" content=\"Donatoni Group\" \/>\n<meta property=\"article:publisher\" content=\"https:\/\/www.facebook.com\/donatonimacchine\" \/>\n<meta property=\"article:modified_time\" content=\"2024-03-19T16:18:41+00:00\" \/>\n<meta property=\"og:image\" content=\"https:\/\/www.donatonigroup.com\/wp-content\/uploads\/2023\/02\/D2000-1500x9352-1.png\" \/>\n\t<meta property=\"og:image:width\" content=\"1500\" \/>\n\t<meta property=\"og:image:height\" content=\"935\" \/>\n\t<meta property=\"og:image:type\" content=\"image\/png\" \/>\n<meta name=\"twitter:card\" content=\"summary_large_image\" \/>\n<meta name=\"twitter:label1\" content=\"Dur\u00e9e de lecture estim\u00e9e\" \/>\n\t<meta name=\"twitter:data1\" content=\"1 minute\" \/>\n<script type=\"application\/ld+json\" class=\"yoast-schema-graph\">{\"@context\":\"https:\/\/schema.org\",\"@graph\":[{\"@type\":\"WebPage\",\"@id\":\"https:\/\/www.donatonigroup.com\/fr\/machine\/d2000\/\",\"url\":\"https:\/\/www.donatonigroup.com\/fr\/machine\/d2000\/\",\"name\":\"D 2000 - Donatoni Group\",\"isPartOf\":{\"@id\":\"https:\/\/www.donatonigroup.com\/fr\/#website\"},\"primaryImageOfPage\":{\"@id\":\"https:\/\/www.donatonigroup.com\/fr\/machine\/d2000\/#primaryimage\"},\"image\":{\"@id\":\"https:\/\/www.donatonigroup.com\/fr\/machine\/d2000\/#primaryimage\"},\"thumbnailUrl\":\"https:\/\/www.donatonigroup.com\/wp-content\/uploads\/2023\/02\/D2000-1500x9352-1.png\",\"datePublished\":\"2023-02-08T15:25:30+00:00\",\"dateModified\":\"2024-03-19T16:18:41+00:00\",\"breadcrumb\":{\"@id\":\"https:\/\/www.donatonigroup.com\/fr\/machine\/d2000\/#breadcrumb\"},\"inLanguage\":\"fr-FR\",\"potentialAction\":[{\"@type\":\"ReadAction\",\"target\":[\"https:\/\/www.donatonigroup.com\/fr\/machine\/d2000\/\"]}]},{\"@type\":\"ImageObject\",\"inLanguage\":\"fr-FR\",\"@id\":\"https:\/\/www.donatonigroup.com\/fr\/machine\/d2000\/#primaryimage\",\"url\":\"https:\/\/www.donatonigroup.com\/wp-content\/uploads\/2023\/02\/D2000-1500x9352-1.png\",\"contentUrl\":\"https:\/\/www.donatonigroup.com\/wp-content\/uploads\/2023\/02\/D2000-1500x9352-1.png\",\"width\":1500,\"height\":935},{\"@type\":\"BreadcrumbList\",\"@id\":\"https:\/\/www.donatonigroup.com\/fr\/machine\/d2000\/#breadcrumb\",\"itemListElement\":[{\"@type\":\"ListItem\",\"position\":1,\"name\":\"Home\",\"item\":\"https:\/\/www.donatonigroup.com\/fr\/\"},{\"@type\":\"ListItem\",\"position\":2,\"name\":\"Catalogue machines\",\"item\":\"https:\/\/www.donatonigroup.com\/fr\/catalogue-machines\/\"},{\"@type\":\"ListItem\",\"position\":3,\"name\":\"D 2000\"}]},{\"@type\":\"WebSite\",\"@id\":\"https:\/\/www.donatonigroup.com\/fr\/#website\",\"url\":\"https:\/\/www.donatonigroup.com\/fr\/\",\"name\":\"Donatoni Group\",\"description\":\"\",\"publisher\":{\"@id\":\"https:\/\/www.donatonigroup.com\/fr\/#organization\"},\"potentialAction\":[{\"@type\":\"SearchAction\",\"target\":{\"@type\":\"EntryPoint\",\"urlTemplate\":\"https:\/\/www.donatonigroup.com\/fr\/?s={search_term_string}\"},\"query-input\":{\"@type\":\"PropertyValueSpecification\",\"valueRequired\":true,\"valueName\":\"search_term_string\"}}],\"inLanguage\":\"fr-FR\"},{\"@type\":\"Organization\",\"@id\":\"https:\/\/www.donatonigroup.com\/fr\/#organization\",\"name\":\"Donatoni Group\",\"url\":\"https:\/\/www.donatonigroup.com\/fr\/\",\"logo\":{\"@type\":\"ImageObject\",\"inLanguage\":\"fr-FR\",\"@id\":\"https:\/\/www.donatonigroup.com\/fr\/#\/schema\/logo\/image\/\",\"url\":\"http:\/\/www.donatonigroup.com\/wp-content\/uploads\/2023\/02\/donatoni-logo.png\",\"contentUrl\":\"http:\/\/www.donatonigroup.com\/wp-content\/uploads\/2023\/02\/donatoni-logo.png\",\"width\":800,\"height\":112,\"caption\":\"Donatoni Group\"},\"image\":{\"@id\":\"https:\/\/www.donatonigroup.com\/fr\/#\/schema\/logo\/image\/\"},\"sameAs\":[\"https:\/\/www.facebook.com\/donatonimacchine\",\"https:\/\/instagram.com\/donatonigroup\/\",\"https:\/\/www.linkedin.com\/company\/donatoni-macchine-s-r-l\"]}]}<\/script>\n<!-- \/ Yoast SEO plugin. -->","yoast_head_json":{"title":"D 2000 - Donatoni Group","robots":{"index":"index","follow":"follow","max-snippet":"max-snippet:-1","max-image-preview":"max-image-preview:large","max-video-preview":"max-video-preview:-1"},"canonical":"https:\/\/www.donatonigroup.com\/fr\/machine\/d2000\/","og_locale":"fr_FR","og_type":"article","og_title":"D 2000 - Donatoni Group","og_description":"Une large gamme pour r\u00e9pondre aux diff\u00e9rentes exigences de coupe DONATONI D2000 est un centre de d\u00e9coupe et de fa\u00e7onnage CNC \u00e0 5 axes interpol\u00e9s avec un diam\u00e8tre de disque de 2000 mm et une course d&rsquo;axe Z de 1400 mm ; t\u00eate porte-disque rotative de -5\u00b0 \u00e0 +545\u00b0 et inclinable de 0\u00b0 \u00e0 90\u00b0 [&hellip;]","og_url":"https:\/\/www.donatonigroup.com\/fr\/machine\/d2000\/","og_site_name":"Donatoni Group","article_publisher":"https:\/\/www.facebook.com\/donatonimacchine","article_modified_time":"2024-03-19T16:18:41+00:00","og_image":[{"width":1500,"height":935,"url":"https:\/\/www.donatonigroup.com\/wp-content\/uploads\/2023\/02\/D2000-1500x9352-1.png","type":"image\/png"}],"twitter_card":"summary_large_image","twitter_misc":{"Dur\u00e9e de lecture estim\u00e9e":"1 minute"},"schema":{"@context":"https:\/\/schema.org","@graph":[{"@type":"WebPage","@id":"https:\/\/www.donatonigroup.com\/fr\/machine\/d2000\/","url":"https:\/\/www.donatonigroup.com\/fr\/machine\/d2000\/","name":"D 2000 - Donatoni Group","isPartOf":{"@id":"https:\/\/www.donatonigroup.com\/fr\/#website"},"primaryImageOfPage":{"@id":"https:\/\/www.donatonigroup.com\/fr\/machine\/d2000\/#primaryimage"},"image":{"@id":"https:\/\/www.donatonigroup.com\/fr\/machine\/d2000\/#primaryimage"},"thumbnailUrl":"https:\/\/www.donatonigroup.com\/wp-content\/uploads\/2023\/02\/D2000-1500x9352-1.png","datePublished":"2023-02-08T15:25:30+00:00","dateModified":"2024-03-19T16:18:41+00:00","breadcrumb":{"@id":"https:\/\/www.donatonigroup.com\/fr\/machine\/d2000\/#breadcrumb"},"inLanguage":"fr-FR","potentialAction":[{"@type":"ReadAction","target":["https:\/\/www.donatonigroup.com\/fr\/machine\/d2000\/"]}]},{"@type":"ImageObject","inLanguage":"fr-FR","@id":"https:\/\/www.donatonigroup.com\/fr\/machine\/d2000\/#primaryimage","url":"https:\/\/www.donatonigroup.com\/wp-content\/uploads\/2023\/02\/D2000-1500x9352-1.png","contentUrl":"https:\/\/www.donatonigroup.com\/wp-content\/uploads\/2023\/02\/D2000-1500x9352-1.png","width":1500,"height":935},{"@type":"BreadcrumbList","@id":"https:\/\/www.donatonigroup.com\/fr\/machine\/d2000\/#breadcrumb","itemListElement":[{"@type":"ListItem","position":1,"name":"Home","item":"https:\/\/www.donatonigroup.com\/fr\/"},{"@type":"ListItem","position":2,"name":"Catalogue machines","item":"https:\/\/www.donatonigroup.com\/fr\/catalogue-machines\/"},{"@type":"ListItem","position":3,"name":"D 2000"}]},{"@type":"WebSite","@id":"https:\/\/www.donatonigroup.com\/fr\/#website","url":"https:\/\/www.donatonigroup.com\/fr\/","name":"Donatoni Group","description":"","publisher":{"@id":"https:\/\/www.donatonigroup.com\/fr\/#organization"},"potentialAction":[{"@type":"SearchAction","target":{"@type":"EntryPoint","urlTemplate":"https:\/\/www.donatonigroup.com\/fr\/?s={search_term_string}"},"query-input":{"@type":"PropertyValueSpecification","valueRequired":true,"valueName":"search_term_string"}}],"inLanguage":"fr-FR"},{"@type":"Organization","@id":"https:\/\/www.donatonigroup.com\/fr\/#organization","name":"Donatoni Group","url":"https:\/\/www.donatonigroup.com\/fr\/","logo":{"@type":"ImageObject","inLanguage":"fr-FR","@id":"https:\/\/www.donatonigroup.com\/fr\/#\/schema\/logo\/image\/","url":"http:\/\/www.donatonigroup.com\/wp-content\/uploads\/2023\/02\/donatoni-logo.png","contentUrl":"http:\/\/www.donatonigroup.com\/wp-content\/uploads\/2023\/02\/donatoni-logo.png","width":800,"height":112,"caption":"Donatoni Group"},"image":{"@id":"https:\/\/www.donatonigroup.com\/fr\/#\/schema\/logo\/image\/"},"sameAs":["https:\/\/www.facebook.com\/donatonimacchine","https:\/\/instagram.com\/donatonigroup\/","https:\/\/www.linkedin.com\/company\/donatoni-macchine-s-r-l"]}]}},"_links":{"self":[{"href":"https:\/\/www.donatonigroup.com\/fr\/wp-json\/wp\/v2\/product\/13553","targetHints":{"allow":["GET"]}}],"collection":[{"href":"https:\/\/www.donatonigroup.com\/fr\/wp-json\/wp\/v2\/product"}],"about":[{"href":"https:\/\/www.donatonigroup.com\/fr\/wp-json\/wp\/v2\/types\/product"}],"wp:featuredmedia":[{"embeddable":true,"href":"https:\/\/www.donatonigroup.com\/fr\/wp-json\/wp\/v2\/media\/13555"}],"wp:attachment":[{"href":"https:\/\/www.donatonigroup.com\/fr\/wp-json\/wp\/v2\/media?parent=13553"}],"wp:term":[{"taxonomy":"product_brand","embeddable":true,"href":"https:\/\/www.donatonigroup.com\/fr\/wp-json\/wp\/v2\/product_brand?post=13553"},{"taxonomy":"product_cat","embeddable":true,"href":"https:\/\/www.donatonigroup.com\/fr\/wp-json\/wp\/v2\/product_cat?post=13553"},{"taxonomy":"product_tag","embeddable":true,"href":"https:\/\/www.donatonigroup.com\/fr\/wp-json\/wp\/v2\/product_tag?post=13553"},{"taxonomy":"caratteristica","embeddable":true,"href":"https:\/\/www.donatonigroup.com\/fr\/wp-json\/wp\/v2\/caratteristica?post=13553"},{"taxonomy":"serie","embeddable":true,"href":"https:\/\/www.donatonigroup.com\/fr\/wp-json\/wp\/v2\/serie?post=13553"},{"taxonomy":"settore_di_applicazione","embeddable":true,"href":"https:\/\/www.donatonigroup.com\/fr\/wp-json\/wp\/v2\/settore_di_applicazione?post=13553"}],"curies":[{"name":"wp","href":"https:\/\/api.w.org\/{rel}","templated":true}]}}