{"id":13557,"date":"2023-02-09T09:29:11","date_gmt":"2023-02-09T09:29:11","guid":{"rendered":"http:\/\/www.donatonigroup.com\/macchina\/jet-625\/"},"modified":"2024-03-19T16:27:42","modified_gmt":"2024-03-19T16:27:42","slug":"jet-625","status":"publish","type":"product","link":"https:\/\/www.donatonigroup.com\/fr\/machine\/jet-625\/","title":{"rendered":"JET 625"},"content":{"rendered":"<h2>Pr\u00e9cise, fiable, compl\u00e8te<\/h2>\n<h3>D\u00e9biteuse \u00e0 pont \u00e0 contr\u00f4le num\u00e9rique CNC<\/h3>\n<p><strong>DONATONI JET 625 CNC<\/strong> est une d\u00e9biteuse \u00e0 contr\u00f4le num\u00e9rique 5 axes interpol\u00e9s simple et compacte, id\u00e9ale pour la fabrication de plans de cuisine, de plans de travail, de receveurs de douche et de divers rev\u00eatements muraux en granit, marbre et pierre artificielle.<\/p>\n","protected":false},"excerpt":{"rendered":"<p>Pr\u00e9cise, fiable, compl\u00e8te D\u00e9biteuse \u00e0 pont \u00e0 contr\u00f4le num\u00e9rique CNC DONATONI JET 625 CNC est une d\u00e9biteuse \u00e0 contr\u00f4le num\u00e9rique 5 axes interpol\u00e9s simple et compacte, id\u00e9ale pour la fabrication de plans de cuisine, de plans de travail, de receveurs de douche et de divers rev\u00eatements muraux en granit, marbre et pierre artificielle.<\/p>\n","protected":false},"featured_media":13559,"template":"","meta":{"_et_pb_use_builder":"","_et_pb_old_content":"","_et_gb_content_width":""},"product_brand":[],"product_cat":[2909],"product_tag":[],"caratteristica":[3086,3089,3347,3348,3349,3350,3351,3352],"serie":[3318],"settore_di_applicazione":[3095,3096],"class_list":{"0":"post-13557","1":"product","2":"type-product","3":"status-publish","4":"has-post-thumbnail","6":"product_cat-debiteuses-a-pont-cnc","7":"pa_assi-interpolati-5-fr","8":"pa_consumo-acqua-3bar-35-fr","9":"pa_consumo-aria-20-fr","10":"pa_cop-nom-mot-elettromandrino-733-s1-876-s6-fr","11":"pa_coppia-motore-elettro-tool-730-s1-871-s6-fr","12":"pa_corsa-carrello-asse-x-3800-fr","13":"pa_corsa-ponte-asse-y-2780-fr","14":"pa_corsa-tastatore-lastra-250-fr","15":"pa_corsa-ventose-245-fr","16":"pa_diametro-massimo-disco-625-fr","17":"pa_diametro-minimo-disco-350-fr","18":"pa_dim-banco-portalastre-3800x1800-fr","19":"pa_dimensioni-appendice-3800x650-fr","20":"pa_disco-max-tastatore-lastra-625-fr","21":"pa_disco-max-uso-ventose-625-fr","22":"pa_inclinazione-testa-assea-0-90-fr","23":"pa_peso-tot-max-sollev-ventose-500-fr","24":"pa_pot-mot-elettromandrino-11-s1-13-s6-fr","25":"pa_potenza-motore-tool-11-s1-13-s6-fr","26":"pa_potenza-totale-installata-25-fr","27":"pa_profondita-max-di-taglio-200-fr","28":"pa_range-vel-elett-iso-40-0-7000-fr","29":"pa_range-vel-elettromandrino-t-0-5500-fr","30":"pa_rotazione-testa-porta-disco-5-365-fr","31":"pa_salita-discesa-assez-450-fr","32":"pa_tensione-elettrica-standard-40010-50-fr","33":"pa_velocita-max-carrello-asse-x-0-40-fr","34":"pa_velocita-max-ponte-asse-y-0-30-fr","35":"pa_velocita-max-teste-asse-z-0-5-fr","36":"pa_velocita-taglio-regolabile-0-25-fr","37":"caratteristica-large-eventail-doperations-dusinage","38":"caratteristica-simple-et-rapide-a-programmer","39":"caratteristica-riche-daccessoires","40":"caratteristica-extremement-compacte","41":"caratteristica-processus-de-production-automatise","42":"caratteristica-qualite-et-fiabilite-pour-longtemps","43":"caratteristica-transport-et-montage-simples","44":"caratteristica-fonctionnement-simple-meme-en-mode-manuel","45":"serie-d-serie","46":"settore_di_applicazione-articles-pour-le-secteur-de-la-construction","47":"settore_di_applicazione-plans-de-cuisine-et-de-salle-de-bains","49":"first","50":"instock","51":"shipping-taxable","52":"purchasable","53":"product-type-simple"},"acf":[],"yoast_head":"<!-- This site is optimized with the Yoast SEO plugin v25.8 - https:\/\/yoast.com\/wordpress\/plugins\/seo\/ -->\n<title>JET 625 - Donatoni Group<\/title>\n<meta name=\"robots\" content=\"index, follow, max-snippet:-1, max-image-preview:large, max-video-preview:-1\" \/>\n<link rel=\"canonical\" href=\"https:\/\/www.donatonigroup.com\/fr\/machine\/jet-625\/\" \/>\n<meta property=\"og:locale\" content=\"fr_FR\" \/>\n<meta property=\"og:type\" content=\"article\" \/>\n<meta property=\"og:title\" content=\"JET 625 - Donatoni Group\" \/>\n<meta property=\"og:description\" content=\"Pr\u00e9cise, fiable, compl\u00e8te D\u00e9biteuse \u00e0 pont \u00e0 contr\u00f4le num\u00e9rique CNC DONATONI JET 625 CNC est une d\u00e9biteuse \u00e0 contr\u00f4le num\u00e9rique 5 axes interpol\u00e9s simple et compacte, id\u00e9ale pour la fabrication de plans de cuisine, de plans de travail, de receveurs de douche et de divers rev\u00eatements muraux en granit, marbre et pierre artificielle.\" \/>\n<meta property=\"og:url\" content=\"https:\/\/www.donatonigroup.com\/fr\/machine\/jet-625\/\" \/>\n<meta property=\"og:site_name\" content=\"Donatoni Group\" \/>\n<meta property=\"article:publisher\" content=\"https:\/\/www.facebook.com\/donatonimacchine\" \/>\n<meta property=\"article:modified_time\" content=\"2024-03-19T16:27:42+00:00\" \/>\n<meta property=\"og:image\" content=\"https:\/\/www.donatonigroup.com\/wp-content\/uploads\/2023\/02\/JET_FRAME_625_23.png\" \/>\n\t<meta property=\"og:image:width\" content=\"1500\" \/>\n\t<meta property=\"og:image:height\" content=\"935\" \/>\n\t<meta property=\"og:image:type\" content=\"image\/png\" \/>\n<meta name=\"twitter:card\" content=\"summary_large_image\" \/>\n<meta name=\"twitter:label1\" content=\"Dur\u00e9e de lecture estim\u00e9e\" \/>\n\t<meta name=\"twitter:data1\" content=\"1 minute\" \/>\n<script type=\"application\/ld+json\" class=\"yoast-schema-graph\">{\"@context\":\"https:\/\/schema.org\",\"@graph\":[{\"@type\":\"WebPage\",\"@id\":\"https:\/\/www.donatonigroup.com\/fr\/machine\/jet-625\/\",\"url\":\"https:\/\/www.donatonigroup.com\/fr\/machine\/jet-625\/\",\"name\":\"JET 625 - Donatoni Group\",\"isPartOf\":{\"@id\":\"https:\/\/www.donatonigroup.com\/fr\/#website\"},\"primaryImageOfPage\":{\"@id\":\"https:\/\/www.donatonigroup.com\/fr\/machine\/jet-625\/#primaryimage\"},\"image\":{\"@id\":\"https:\/\/www.donatonigroup.com\/fr\/machine\/jet-625\/#primaryimage\"},\"thumbnailUrl\":\"https:\/\/www.donatonigroup.com\/wp-content\/uploads\/2023\/02\/JET_FRAME_625_23.png\",\"datePublished\":\"2023-02-09T09:29:11+00:00\",\"dateModified\":\"2024-03-19T16:27:42+00:00\",\"breadcrumb\":{\"@id\":\"https:\/\/www.donatonigroup.com\/fr\/machine\/jet-625\/#breadcrumb\"},\"inLanguage\":\"fr-FR\",\"potentialAction\":[{\"@type\":\"ReadAction\",\"target\":[\"https:\/\/www.donatonigroup.com\/fr\/machine\/jet-625\/\"]}]},{\"@type\":\"ImageObject\",\"inLanguage\":\"fr-FR\",\"@id\":\"https:\/\/www.donatonigroup.com\/fr\/machine\/jet-625\/#primaryimage\",\"url\":\"https:\/\/www.donatonigroup.com\/wp-content\/uploads\/2023\/02\/JET_FRAME_625_23.png\",\"contentUrl\":\"https:\/\/www.donatonigroup.com\/wp-content\/uploads\/2023\/02\/JET_FRAME_625_23.png\",\"width\":1500,\"height\":935},{\"@type\":\"BreadcrumbList\",\"@id\":\"https:\/\/www.donatonigroup.com\/fr\/machine\/jet-625\/#breadcrumb\",\"itemListElement\":[{\"@type\":\"ListItem\",\"position\":1,\"name\":\"Home\",\"item\":\"https:\/\/www.donatonigroup.com\/fr\/\"},{\"@type\":\"ListItem\",\"position\":2,\"name\":\"Catalogue machines\",\"item\":\"https:\/\/www.donatonigroup.com\/fr\/catalogue-machines\/\"},{\"@type\":\"ListItem\",\"position\":3,\"name\":\"JET 625\"}]},{\"@type\":\"WebSite\",\"@id\":\"https:\/\/www.donatonigroup.com\/fr\/#website\",\"url\":\"https:\/\/www.donatonigroup.com\/fr\/\",\"name\":\"Donatoni Group\",\"description\":\"\",\"publisher\":{\"@id\":\"https:\/\/www.donatonigroup.com\/fr\/#organization\"},\"potentialAction\":[{\"@type\":\"SearchAction\",\"target\":{\"@type\":\"EntryPoint\",\"urlTemplate\":\"https:\/\/www.donatonigroup.com\/fr\/?s={search_term_string}\"},\"query-input\":{\"@type\":\"PropertyValueSpecification\",\"valueRequired\":true,\"valueName\":\"search_term_string\"}}],\"inLanguage\":\"fr-FR\"},{\"@type\":\"Organization\",\"@id\":\"https:\/\/www.donatonigroup.com\/fr\/#organization\",\"name\":\"Donatoni Group\",\"url\":\"https:\/\/www.donatonigroup.com\/fr\/\",\"logo\":{\"@type\":\"ImageObject\",\"inLanguage\":\"fr-FR\",\"@id\":\"https:\/\/www.donatonigroup.com\/fr\/#\/schema\/logo\/image\/\",\"url\":\"http:\/\/www.donatonigroup.com\/wp-content\/uploads\/2023\/02\/donatoni-logo.png\",\"contentUrl\":\"http:\/\/www.donatonigroup.com\/wp-content\/uploads\/2023\/02\/donatoni-logo.png\",\"width\":800,\"height\":112,\"caption\":\"Donatoni Group\"},\"image\":{\"@id\":\"https:\/\/www.donatonigroup.com\/fr\/#\/schema\/logo\/image\/\"},\"sameAs\":[\"https:\/\/www.facebook.com\/donatonimacchine\",\"https:\/\/instagram.com\/donatonigroup\/\",\"https:\/\/www.linkedin.com\/company\/donatoni-macchine-s-r-l\"]}]}<\/script>\n<!-- \/ Yoast SEO plugin. -->","yoast_head_json":{"title":"JET 625 - Donatoni Group","robots":{"index":"index","follow":"follow","max-snippet":"max-snippet:-1","max-image-preview":"max-image-preview:large","max-video-preview":"max-video-preview:-1"},"canonical":"https:\/\/www.donatonigroup.com\/fr\/machine\/jet-625\/","og_locale":"fr_FR","og_type":"article","og_title":"JET 625 - Donatoni Group","og_description":"Pr\u00e9cise, fiable, compl\u00e8te D\u00e9biteuse \u00e0 pont \u00e0 contr\u00f4le num\u00e9rique CNC DONATONI JET 625 CNC est une d\u00e9biteuse \u00e0 contr\u00f4le num\u00e9rique 5 axes interpol\u00e9s simple et compacte, id\u00e9ale pour la fabrication de plans de cuisine, de plans de travail, de receveurs de douche et de divers rev\u00eatements muraux en granit, marbre et pierre artificielle.","og_url":"https:\/\/www.donatonigroup.com\/fr\/machine\/jet-625\/","og_site_name":"Donatoni Group","article_publisher":"https:\/\/www.facebook.com\/donatonimacchine","article_modified_time":"2024-03-19T16:27:42+00:00","og_image":[{"width":1500,"height":935,"url":"https:\/\/www.donatonigroup.com\/wp-content\/uploads\/2023\/02\/JET_FRAME_625_23.png","type":"image\/png"}],"twitter_card":"summary_large_image","twitter_misc":{"Dur\u00e9e de lecture estim\u00e9e":"1 minute"},"schema":{"@context":"https:\/\/schema.org","@graph":[{"@type":"WebPage","@id":"https:\/\/www.donatonigroup.com\/fr\/machine\/jet-625\/","url":"https:\/\/www.donatonigroup.com\/fr\/machine\/jet-625\/","name":"JET 625 - Donatoni Group","isPartOf":{"@id":"https:\/\/www.donatonigroup.com\/fr\/#website"},"primaryImageOfPage":{"@id":"https:\/\/www.donatonigroup.com\/fr\/machine\/jet-625\/#primaryimage"},"image":{"@id":"https:\/\/www.donatonigroup.com\/fr\/machine\/jet-625\/#primaryimage"},"thumbnailUrl":"https:\/\/www.donatonigroup.com\/wp-content\/uploads\/2023\/02\/JET_FRAME_625_23.png","datePublished":"2023-02-09T09:29:11+00:00","dateModified":"2024-03-19T16:27:42+00:00","breadcrumb":{"@id":"https:\/\/www.donatonigroup.com\/fr\/machine\/jet-625\/#breadcrumb"},"inLanguage":"fr-FR","potentialAction":[{"@type":"ReadAction","target":["https:\/\/www.donatonigroup.com\/fr\/machine\/jet-625\/"]}]},{"@type":"ImageObject","inLanguage":"fr-FR","@id":"https:\/\/www.donatonigroup.com\/fr\/machine\/jet-625\/#primaryimage","url":"https:\/\/www.donatonigroup.com\/wp-content\/uploads\/2023\/02\/JET_FRAME_625_23.png","contentUrl":"https:\/\/www.donatonigroup.com\/wp-content\/uploads\/2023\/02\/JET_FRAME_625_23.png","width":1500,"height":935},{"@type":"BreadcrumbList","@id":"https:\/\/www.donatonigroup.com\/fr\/machine\/jet-625\/#breadcrumb","itemListElement":[{"@type":"ListItem","position":1,"name":"Home","item":"https:\/\/www.donatonigroup.com\/fr\/"},{"@type":"ListItem","position":2,"name":"Catalogue machines","item":"https:\/\/www.donatonigroup.com\/fr\/catalogue-machines\/"},{"@type":"ListItem","position":3,"name":"JET 625"}]},{"@type":"WebSite","@id":"https:\/\/www.donatonigroup.com\/fr\/#website","url":"https:\/\/www.donatonigroup.com\/fr\/","name":"Donatoni Group","description":"","publisher":{"@id":"https:\/\/www.donatonigroup.com\/fr\/#organization"},"potentialAction":[{"@type":"SearchAction","target":{"@type":"EntryPoint","urlTemplate":"https:\/\/www.donatonigroup.com\/fr\/?s={search_term_string}"},"query-input":{"@type":"PropertyValueSpecification","valueRequired":true,"valueName":"search_term_string"}}],"inLanguage":"fr-FR"},{"@type":"Organization","@id":"https:\/\/www.donatonigroup.com\/fr\/#organization","name":"Donatoni Group","url":"https:\/\/www.donatonigroup.com\/fr\/","logo":{"@type":"ImageObject","inLanguage":"fr-FR","@id":"https:\/\/www.donatonigroup.com\/fr\/#\/schema\/logo\/image\/","url":"http:\/\/www.donatonigroup.com\/wp-content\/uploads\/2023\/02\/donatoni-logo.png","contentUrl":"http:\/\/www.donatonigroup.com\/wp-content\/uploads\/2023\/02\/donatoni-logo.png","width":800,"height":112,"caption":"Donatoni Group"},"image":{"@id":"https:\/\/www.donatonigroup.com\/fr\/#\/schema\/logo\/image\/"},"sameAs":["https:\/\/www.facebook.com\/donatonimacchine","https:\/\/instagram.com\/donatonigroup\/","https:\/\/www.linkedin.com\/company\/donatoni-macchine-s-r-l"]}]}},"_links":{"self":[{"href":"https:\/\/www.donatonigroup.com\/fr\/wp-json\/wp\/v2\/product\/13557","targetHints":{"allow":["GET"]}}],"collection":[{"href":"https:\/\/www.donatonigroup.com\/fr\/wp-json\/wp\/v2\/product"}],"about":[{"href":"https:\/\/www.donatonigroup.com\/fr\/wp-json\/wp\/v2\/types\/product"}],"wp:featuredmedia":[{"embeddable":true,"href":"https:\/\/www.donatonigroup.com\/fr\/wp-json\/wp\/v2\/media\/13559"}],"wp:attachment":[{"href":"https:\/\/www.donatonigroup.com\/fr\/wp-json\/wp\/v2\/media?parent=13557"}],"wp:term":[{"taxonomy":"product_brand","embeddable":true,"href":"https:\/\/www.donatonigroup.com\/fr\/wp-json\/wp\/v2\/product_brand?post=13557"},{"taxonomy":"product_cat","embeddable":true,"href":"https:\/\/www.donatonigroup.com\/fr\/wp-json\/wp\/v2\/product_cat?post=13557"},{"taxonomy":"product_tag","embeddable":true,"href":"https:\/\/www.donatonigroup.com\/fr\/wp-json\/wp\/v2\/product_tag?post=13557"},{"taxonomy":"caratteristica","embeddable":true,"href":"https:\/\/www.donatonigroup.com\/fr\/wp-json\/wp\/v2\/caratteristica?post=13557"},{"taxonomy":"serie","embeddable":true,"href":"https:\/\/www.donatonigroup.com\/fr\/wp-json\/wp\/v2\/serie?post=13557"},{"taxonomy":"settore_di_applicazione","embeddable":true,"href":"https:\/\/www.donatonigroup.com\/fr\/wp-json\/wp\/v2\/settore_di_applicazione?post=13557"}],"curies":[{"name":"wp","href":"https:\/\/api.w.org\/{rel}","templated":true}]}}