{"id":13583,"date":"2023-02-09T09:35:43","date_gmt":"2023-02-09T09:35:43","guid":{"rendered":"http:\/\/www.donatonigroup.com\/macchina\/dj-6-6\/"},"modified":"2024-03-19T16:48:06","modified_gmt":"2024-03-19T16:48:06","slug":"dj-6-6","status":"publish","type":"product","link":"https:\/\/www.donatonigroup.com\/fr\/machine\/dj-6-6\/","title":{"rendered":"DJ 6.6"},"content":{"rendered":"<div id=\"introduction\" class=\"machine-template__default-margin machine-template__serie-container\" data-el-id=\"d9b05039-321c-406c-bf88-07091ede074f\">\n<div data-el-id=\"f38a9fdc-f086-41dc-9015-8d58aa792144\">\n<div class=\"machine-template__description-container\" data-el-id=\"01c04e19-8d3b-4f30-a5df-6d2703945a9a\">\n<div data-el-id=\"f4a4b73f-83ed-4921-8022-89d5c6488e88\">\n<div class=\"\" data-el-id=\"f4f26b93-e53d-48e9-b811-28c5993b6f85\">\n<div data-el-id=\"e29c680f-f25f-4c85-9e63-7534ff92b322\">\n<div data-el-id=\"bf7a5713-8f48-445a-91b2-f2c84bdca27d\">\n<div data-el-id=\"bf7a5713-8f48-445a-91b2-f2c84bdca27d-txt\">\n<div class=\"machine-template__description-title\">\n<h1 class=\"machine-template__description-title-text\">La combinaison parfaite<\/h1>\n<\/div>\n<\/div>\n<\/div>\n<div data-el-id=\"4a5baed5-2ffc-427e-95ed-8c4305265b5f\">\n<div data-el-id=\"4a5baed5-2ffc-427e-95ed-8c4305265b5f-txt\">\n<div class=\"machine-template__description-title\">\n<h3 class=\"machine-template__description-title-sub\">Syst\u00e8me de coupe combin\u00e9 Disque + Waterjet<\/h3>\n<\/div>\n<\/div>\n<\/div>\n<div data-el-id=\"40242bdd-52a0-429b-abbc-3677c0c2d228\">\n<div data-el-id=\"40242bdd-52a0-429b-abbc-3677c0c2d228-txt\">\n<div class=\"machine-template__description-description\">\n<div class=\"machine-template__description-description\"><b>DONATONI DJ 6.6<\/b> est un centre de coupe avec une souplesse d\u2019utilisation tr\u00e8s \u00e9lev\u00e9e, dot\u00e9 de la technologie combin\u00e9e disque + jet d\u2019eau, avec 5 axes interpol\u00e9s, <b>adapt\u00e9 \u00e0 la production d&rsquo;une large gamme<\/b> de produits en marbre, pierre, agglom\u00e9r\u00e9 et c\u00e9ramique.<\/div>\n<p><b>Deux technologies r\u00e9unies<\/b><br \/>\nIl s&rsquo;agit d&rsquo;une machine qui permet d&rsquo;optimiser les op\u00e9rations de coupe gr\u00e2ce \u00e0 l&rsquo;utilisation combin\u00e9e du disque et du jet d&rsquo;eau, ainsi que des op\u00e9rations de fraisage gr\u00e2ce \u00e0 l&rsquo;outil install\u00e9 sur l&rsquo;arbre moteur principal.<\/p>\n<\/div>\n<\/div>\n<\/div>\n<\/div>\n<\/div>\n<\/div>\n<\/div>\n<\/div>\n<\/div>\n<div class=\"\" data-el-id=\"651d8805-725c-4ff4-920b-b1e54edb5cd1\">\n<div data-el-id=\"eb29a817-583c-4000-86a1-e6a0b0b9241e\">\n<div id=\"features\" class=\"machine-template__default-margin new-machine-template__features-container\" data-el-id=\"50b855d9-3c25-4f02-adba-f02b17709d33\">\n<div data-el-id=\"98a2502f-c445-4c67-afd9-013470f735ed\">\n<div class=\"machine-template__features-description-container\" data-el-id=\"037f550d-f1e7-4ae7-b03e-5b2908cd46c4\"><\/div>\n<\/div>\n<\/div>\n<\/div>\n<\/div>\n","protected":false},"excerpt":{"rendered":"<p>La combinaison parfaite Syst\u00e8me de coupe combin\u00e9 Disque + Waterjet DONATONI DJ 6.6 est un centre de coupe avec une souplesse d\u2019utilisation tr\u00e8s \u00e9lev\u00e9e, dot\u00e9 de la technologie combin\u00e9e disque + jet d\u2019eau, avec 5 axes interpol\u00e9s, adapt\u00e9 \u00e0 la production d&rsquo;une large gamme de produits en marbre, pierre, agglom\u00e9r\u00e9 et c\u00e9ramique. Deux technologies r\u00e9unies [&hellip;]<\/p>\n","protected":false},"featured_media":13585,"template":"","meta":{"_et_pb_use_builder":"","_et_pb_old_content":"","_et_gb_content_width":""},"product_brand":[],"product_cat":[2909],"product_tag":[],"caratteristica":[3086,3089,3349,3370,3371,3372],"serie":[3373],"settore_di_applicazione":[3095,3096],"class_list":{"0":"post-13583","1":"product","2":"type-product","3":"status-publish","4":"has-post-thumbnail","6":"product_cat-debiteuses-a-pont-cnc","7":"pa_assi-interpolati-51-fr","8":"pa_capacita-carico-banco-1200-fr","9":"pa_capacita-serbatoio-abrasivo-200-fr","10":"pa_consumo-acqua-no-wj-35-fr","11":"pa_consumo-aria-no-imp-abrasivo-20-fr","12":"pa_coppia-motore-elettro-tool-730-s1-871-s6-fr","13":"pa_corsa-carrello-asse-x-4100-fr","14":"pa_corsa-ponte-asse-y-3250-fr","15":"pa_corsa-tastatore-lastra-250-fr","16":"pa_corsa-ventose-245-fr","17":"pa_diametro-dischi-taglio-comb-300-500-530-fr","18":"pa_diametro-dischi-taglio-solo-300-600-625-fr","19":"pa_dimens-max-lastra-tagliabile-3700x2200-fr","20":"pa_dimensioni-ingombro-8460x5550x4520-fr","21":"pa_disco-max-tastatore-lastra-625-fr","22":"pa_disco-max-uso-ventose-625-fr","23":"pa_inclinaz-taglio-acqua-asse-b-0-60-fr","24":"pa_inclinazione-testa-assea-0-90-fr","25":"pa_peso-tot-max-sollev-ventose-500-fr","26":"pa_peso-totale-appross-7000-fr","27":"pa_portata-acqua-max-38-fr","28":"pa_potenza-elet-intensificatore-37-fr","29":"pa_potenza-elettromandrino-11-s1-13-s6-fr","30":"pa_potenza-tot-instal-ecluso-21-fr","31":"pa_pressione-max-lavoro-4000-fr","32":"pa_rotazione-testa-porta-disco-5-365-fr","33":"pa_salita-discesa-assez-450-fr","34":"pa_spessore-max-tagliabile-wj-140-fr","35":"pa_spessore-tagliabile-disco-200-fr","36":"pa_tensione-elettrica-standard-40010-50-fr","37":"pa_velocita-elettromandri-0-5500-fr","38":"pa_velocita-max-carrello-asse-x-40-fr","39":"pa_velocita-max-ponte-asse-y-30-fr","40":"pa_velocita-max-teste-asse-z-5-fr","41":"caratteristica-large-eventail-doperations-dusinage","42":"caratteristica-simple-et-rapide-a-programmer","43":"caratteristica-processus-de-production-automatise","44":"caratteristica-2-machines-en-1","45":"caratteristica-extremement-polyvalente","46":"caratteristica-optimisation-de-la-plaque","47":"serie-machines-speciales","48":"settore_di_applicazione-articles-pour-le-secteur-de-la-construction","49":"settore_di_applicazione-plans-de-cuisine-et-de-salle-de-bains","51":"first","52":"instock","53":"shipping-taxable","54":"purchasable","55":"product-type-simple"},"acf":[],"yoast_head":"<!-- This site is optimized with the Yoast SEO plugin v25.8 - https:\/\/yoast.com\/wordpress\/plugins\/seo\/ -->\n<title>DJ 6.6 - Donatoni Group<\/title>\n<meta name=\"robots\" content=\"index, follow, max-snippet:-1, max-image-preview:large, max-video-preview:-1\" \/>\n<link rel=\"canonical\" href=\"https:\/\/www.donatonigroup.com\/fr\/machine\/dj-6-6\/\" \/>\n<meta property=\"og:locale\" content=\"fr_FR\" \/>\n<meta property=\"og:type\" content=\"article\" \/>\n<meta property=\"og:title\" content=\"DJ 6.6 - Donatoni Group\" \/>\n<meta property=\"og:description\" content=\"La combinaison parfaite Syst\u00e8me de coupe combin\u00e9 Disque + Waterjet DONATONI DJ 6.6 est un centre de coupe avec une souplesse d\u2019utilisation tr\u00e8s \u00e9lev\u00e9e, dot\u00e9 de la technologie combin\u00e9e disque + jet d\u2019eau, avec 5 axes interpol\u00e9s, adapt\u00e9 \u00e0 la production d&rsquo;une large gamme de produits en marbre, pierre, agglom\u00e9r\u00e9 et c\u00e9ramique. Deux technologies r\u00e9unies [&hellip;]\" \/>\n<meta property=\"og:url\" content=\"https:\/\/www.donatonigroup.com\/fr\/machine\/dj-6-6\/\" \/>\n<meta property=\"og:site_name\" content=\"Donatoni Group\" \/>\n<meta property=\"article:publisher\" content=\"https:\/\/www.facebook.com\/donatonimacchine\" \/>\n<meta property=\"article:modified_time\" content=\"2024-03-19T16:48:06+00:00\" \/>\n<meta property=\"og:image\" content=\"https:\/\/www.donatonigroup.com\/wp-content\/uploads\/2023\/02\/DJ6_6-1500x9352-1.png\" \/>\n\t<meta property=\"og:image:width\" content=\"1500\" \/>\n\t<meta property=\"og:image:height\" content=\"935\" \/>\n\t<meta property=\"og:image:type\" content=\"image\/png\" \/>\n<meta name=\"twitter:card\" content=\"summary_large_image\" \/>\n<meta name=\"twitter:label1\" content=\"Dur\u00e9e de lecture estim\u00e9e\" \/>\n\t<meta name=\"twitter:data1\" content=\"1 minute\" \/>\n<script type=\"application\/ld+json\" class=\"yoast-schema-graph\">{\"@context\":\"https:\/\/schema.org\",\"@graph\":[{\"@type\":\"WebPage\",\"@id\":\"https:\/\/www.donatonigroup.com\/fr\/machine\/dj-6-6\/\",\"url\":\"https:\/\/www.donatonigroup.com\/fr\/machine\/dj-6-6\/\",\"name\":\"DJ 6.6 - Donatoni Group\",\"isPartOf\":{\"@id\":\"https:\/\/www.donatonigroup.com\/fr\/#website\"},\"primaryImageOfPage\":{\"@id\":\"https:\/\/www.donatonigroup.com\/fr\/machine\/dj-6-6\/#primaryimage\"},\"image\":{\"@id\":\"https:\/\/www.donatonigroup.com\/fr\/machine\/dj-6-6\/#primaryimage\"},\"thumbnailUrl\":\"https:\/\/www.donatonigroup.com\/wp-content\/uploads\/2023\/02\/DJ6_6-1500x9352-1.png\",\"datePublished\":\"2023-02-09T09:35:43+00:00\",\"dateModified\":\"2024-03-19T16:48:06+00:00\",\"breadcrumb\":{\"@id\":\"https:\/\/www.donatonigroup.com\/fr\/machine\/dj-6-6\/#breadcrumb\"},\"inLanguage\":\"fr-FR\",\"potentialAction\":[{\"@type\":\"ReadAction\",\"target\":[\"https:\/\/www.donatonigroup.com\/fr\/machine\/dj-6-6\/\"]}]},{\"@type\":\"ImageObject\",\"inLanguage\":\"fr-FR\",\"@id\":\"https:\/\/www.donatonigroup.com\/fr\/machine\/dj-6-6\/#primaryimage\",\"url\":\"https:\/\/www.donatonigroup.com\/wp-content\/uploads\/2023\/02\/DJ6_6-1500x9352-1.png\",\"contentUrl\":\"https:\/\/www.donatonigroup.com\/wp-content\/uploads\/2023\/02\/DJ6_6-1500x9352-1.png\",\"width\":1500,\"height\":935},{\"@type\":\"BreadcrumbList\",\"@id\":\"https:\/\/www.donatonigroup.com\/fr\/machine\/dj-6-6\/#breadcrumb\",\"itemListElement\":[{\"@type\":\"ListItem\",\"position\":1,\"name\":\"Home\",\"item\":\"https:\/\/www.donatonigroup.com\/fr\/\"},{\"@type\":\"ListItem\",\"position\":2,\"name\":\"Catalogue machines\",\"item\":\"https:\/\/www.donatonigroup.com\/fr\/catalogue-machines\/\"},{\"@type\":\"ListItem\",\"position\":3,\"name\":\"DJ 6.6\"}]},{\"@type\":\"WebSite\",\"@id\":\"https:\/\/www.donatonigroup.com\/fr\/#website\",\"url\":\"https:\/\/www.donatonigroup.com\/fr\/\",\"name\":\"Donatoni Group\",\"description\":\"\",\"publisher\":{\"@id\":\"https:\/\/www.donatonigroup.com\/fr\/#organization\"},\"potentialAction\":[{\"@type\":\"SearchAction\",\"target\":{\"@type\":\"EntryPoint\",\"urlTemplate\":\"https:\/\/www.donatonigroup.com\/fr\/?s={search_term_string}\"},\"query-input\":{\"@type\":\"PropertyValueSpecification\",\"valueRequired\":true,\"valueName\":\"search_term_string\"}}],\"inLanguage\":\"fr-FR\"},{\"@type\":\"Organization\",\"@id\":\"https:\/\/www.donatonigroup.com\/fr\/#organization\",\"name\":\"Donatoni Group\",\"url\":\"https:\/\/www.donatonigroup.com\/fr\/\",\"logo\":{\"@type\":\"ImageObject\",\"inLanguage\":\"fr-FR\",\"@id\":\"https:\/\/www.donatonigroup.com\/fr\/#\/schema\/logo\/image\/\",\"url\":\"http:\/\/www.donatonigroup.com\/wp-content\/uploads\/2023\/02\/donatoni-logo.png\",\"contentUrl\":\"http:\/\/www.donatonigroup.com\/wp-content\/uploads\/2023\/02\/donatoni-logo.png\",\"width\":800,\"height\":112,\"caption\":\"Donatoni Group\"},\"image\":{\"@id\":\"https:\/\/www.donatonigroup.com\/fr\/#\/schema\/logo\/image\/\"},\"sameAs\":[\"https:\/\/www.facebook.com\/donatonimacchine\",\"https:\/\/instagram.com\/donatonigroup\/\",\"https:\/\/www.linkedin.com\/company\/donatoni-macchine-s-r-l\"]}]}<\/script>\n<!-- \/ Yoast SEO plugin. -->","yoast_head_json":{"title":"DJ 6.6 - Donatoni Group","robots":{"index":"index","follow":"follow","max-snippet":"max-snippet:-1","max-image-preview":"max-image-preview:large","max-video-preview":"max-video-preview:-1"},"canonical":"https:\/\/www.donatonigroup.com\/fr\/machine\/dj-6-6\/","og_locale":"fr_FR","og_type":"article","og_title":"DJ 6.6 - Donatoni Group","og_description":"La combinaison parfaite Syst\u00e8me de coupe combin\u00e9 Disque + Waterjet DONATONI DJ 6.6 est un centre de coupe avec une souplesse d\u2019utilisation tr\u00e8s \u00e9lev\u00e9e, dot\u00e9 de la technologie combin\u00e9e disque + jet d\u2019eau, avec 5 axes interpol\u00e9s, adapt\u00e9 \u00e0 la production d&rsquo;une large gamme de produits en marbre, pierre, agglom\u00e9r\u00e9 et c\u00e9ramique. Deux technologies r\u00e9unies [&hellip;]","og_url":"https:\/\/www.donatonigroup.com\/fr\/machine\/dj-6-6\/","og_site_name":"Donatoni Group","article_publisher":"https:\/\/www.facebook.com\/donatonimacchine","article_modified_time":"2024-03-19T16:48:06+00:00","og_image":[{"width":1500,"height":935,"url":"https:\/\/www.donatonigroup.com\/wp-content\/uploads\/2023\/02\/DJ6_6-1500x9352-1.png","type":"image\/png"}],"twitter_card":"summary_large_image","twitter_misc":{"Dur\u00e9e de lecture estim\u00e9e":"1 minute"},"schema":{"@context":"https:\/\/schema.org","@graph":[{"@type":"WebPage","@id":"https:\/\/www.donatonigroup.com\/fr\/machine\/dj-6-6\/","url":"https:\/\/www.donatonigroup.com\/fr\/machine\/dj-6-6\/","name":"DJ 6.6 - Donatoni Group","isPartOf":{"@id":"https:\/\/www.donatonigroup.com\/fr\/#website"},"primaryImageOfPage":{"@id":"https:\/\/www.donatonigroup.com\/fr\/machine\/dj-6-6\/#primaryimage"},"image":{"@id":"https:\/\/www.donatonigroup.com\/fr\/machine\/dj-6-6\/#primaryimage"},"thumbnailUrl":"https:\/\/www.donatonigroup.com\/wp-content\/uploads\/2023\/02\/DJ6_6-1500x9352-1.png","datePublished":"2023-02-09T09:35:43+00:00","dateModified":"2024-03-19T16:48:06+00:00","breadcrumb":{"@id":"https:\/\/www.donatonigroup.com\/fr\/machine\/dj-6-6\/#breadcrumb"},"inLanguage":"fr-FR","potentialAction":[{"@type":"ReadAction","target":["https:\/\/www.donatonigroup.com\/fr\/machine\/dj-6-6\/"]}]},{"@type":"ImageObject","inLanguage":"fr-FR","@id":"https:\/\/www.donatonigroup.com\/fr\/machine\/dj-6-6\/#primaryimage","url":"https:\/\/www.donatonigroup.com\/wp-content\/uploads\/2023\/02\/DJ6_6-1500x9352-1.png","contentUrl":"https:\/\/www.donatonigroup.com\/wp-content\/uploads\/2023\/02\/DJ6_6-1500x9352-1.png","width":1500,"height":935},{"@type":"BreadcrumbList","@id":"https:\/\/www.donatonigroup.com\/fr\/machine\/dj-6-6\/#breadcrumb","itemListElement":[{"@type":"ListItem","position":1,"name":"Home","item":"https:\/\/www.donatonigroup.com\/fr\/"},{"@type":"ListItem","position":2,"name":"Catalogue machines","item":"https:\/\/www.donatonigroup.com\/fr\/catalogue-machines\/"},{"@type":"ListItem","position":3,"name":"DJ 6.6"}]},{"@type":"WebSite","@id":"https:\/\/www.donatonigroup.com\/fr\/#website","url":"https:\/\/www.donatonigroup.com\/fr\/","name":"Donatoni Group","description":"","publisher":{"@id":"https:\/\/www.donatonigroup.com\/fr\/#organization"},"potentialAction":[{"@type":"SearchAction","target":{"@type":"EntryPoint","urlTemplate":"https:\/\/www.donatonigroup.com\/fr\/?s={search_term_string}"},"query-input":{"@type":"PropertyValueSpecification","valueRequired":true,"valueName":"search_term_string"}}],"inLanguage":"fr-FR"},{"@type":"Organization","@id":"https:\/\/www.donatonigroup.com\/fr\/#organization","name":"Donatoni Group","url":"https:\/\/www.donatonigroup.com\/fr\/","logo":{"@type":"ImageObject","inLanguage":"fr-FR","@id":"https:\/\/www.donatonigroup.com\/fr\/#\/schema\/logo\/image\/","url":"http:\/\/www.donatonigroup.com\/wp-content\/uploads\/2023\/02\/donatoni-logo.png","contentUrl":"http:\/\/www.donatonigroup.com\/wp-content\/uploads\/2023\/02\/donatoni-logo.png","width":800,"height":112,"caption":"Donatoni Group"},"image":{"@id":"https:\/\/www.donatonigroup.com\/fr\/#\/schema\/logo\/image\/"},"sameAs":["https:\/\/www.facebook.com\/donatonimacchine","https:\/\/instagram.com\/donatonigroup\/","https:\/\/www.linkedin.com\/company\/donatoni-macchine-s-r-l"]}]}},"_links":{"self":[{"href":"https:\/\/www.donatonigroup.com\/fr\/wp-json\/wp\/v2\/product\/13583","targetHints":{"allow":["GET"]}}],"collection":[{"href":"https:\/\/www.donatonigroup.com\/fr\/wp-json\/wp\/v2\/product"}],"about":[{"href":"https:\/\/www.donatonigroup.com\/fr\/wp-json\/wp\/v2\/types\/product"}],"wp:featuredmedia":[{"embeddable":true,"href":"https:\/\/www.donatonigroup.com\/fr\/wp-json\/wp\/v2\/media\/13585"}],"wp:attachment":[{"href":"https:\/\/www.donatonigroup.com\/fr\/wp-json\/wp\/v2\/media?parent=13583"}],"wp:term":[{"taxonomy":"product_brand","embeddable":true,"href":"https:\/\/www.donatonigroup.com\/fr\/wp-json\/wp\/v2\/product_brand?post=13583"},{"taxonomy":"product_cat","embeddable":true,"href":"https:\/\/www.donatonigroup.com\/fr\/wp-json\/wp\/v2\/product_cat?post=13583"},{"taxonomy":"product_tag","embeddable":true,"href":"https:\/\/www.donatonigroup.com\/fr\/wp-json\/wp\/v2\/product_tag?post=13583"},{"taxonomy":"caratteristica","embeddable":true,"href":"https:\/\/www.donatonigroup.com\/fr\/wp-json\/wp\/v2\/caratteristica?post=13583"},{"taxonomy":"serie","embeddable":true,"href":"https:\/\/www.donatonigroup.com\/fr\/wp-json\/wp\/v2\/serie?post=13583"},{"taxonomy":"settore_di_applicazione","embeddable":true,"href":"https:\/\/www.donatonigroup.com\/fr\/wp-json\/wp\/v2\/settore_di_applicazione?post=13583"}],"curies":[{"name":"wp","href":"https:\/\/api.w.org\/{rel}","templated":true}]}}