{"id":13603,"date":"2023-02-09T08:49:43","date_gmt":"2023-02-09T08:49:43","guid":{"rendered":"http:\/\/www.donatonigroup.com\/macchina\/belt-s1\/"},"modified":"2024-03-20T07:55:13","modified_gmt":"2024-03-20T07:55:13","slug":"belt-s1","status":"publish","type":"product","link":"https:\/\/www.donatonigroup.com\/fr\/machine\/belt-s1\/","title":{"rendered":"BELT S1"},"content":{"rendered":"<div data-el-id=\"0e728e9d-a50c-4bdf-8263-974492a78d05\">\n<div data-el-id=\"0e728e9d-a50c-4bdf-8263-974492a78d05-txt\">\n<div class=\"machine-template__description-title\">\n<h3 class=\"machine-template__description-title-text\">Adapt\u00e9e \u00e0 la production en s\u00e9rie de diff\u00e9rents types de produits manufactur\u00e9s.<\/h3>\n<\/div>\n<\/div>\n<\/div>\n<div data-el-id=\"4f7ddc4b-ae18-43ba-aaf0-31bf77129acf\">\n<div data-el-id=\"4f7ddc4b-ae18-43ba-aaf0-31bf77129acf-txt\">\n<div class=\"machine-template__description-description\"><strong>DONATONI BELT S1<\/strong> est une d\u00e9biteuse \u00e0 tapis CNC \u00e0 <strong>5 axes<\/strong> <strong>interpol\u00e9s<\/strong> particuli\u00e8rement polyvalente et efficace, adapt\u00e9e \u00e0 la <strong>production en s\u00e9rie<\/strong> de diff\u00e9rents types de produits en marbre, granit, c\u00e9ramique et pierre artificielle. Elle permet une large gamme d&rsquo;op\u00e9rations d&rsquo;usinage, de la coupe jusqu&rsquo;\u00e0 200 mm de profondeur, au fraisage et au per\u00e7age; gr\u00e2ce aux nombreux accessoires, il est possible d&rsquo;effectuer ces op\u00e9rations simultan\u00e9ment sans d\u00e9placer la pi\u00e8ce de la table ni prolonger les temps d&rsquo;arr\u00eat de la machine.<\/div>\n<\/div>\n<\/div>\n","protected":false},"excerpt":{"rendered":"<p>DONATONI BELT S1 est une d\u00e9biteuse \u00e0 tapis CNC \u00e0 5 axes interpol\u00e9s polyvalente et efficace,<\/p>\n","protected":false},"featured_media":13605,"template":"","meta":{"_et_pb_use_builder":"","_et_pb_old_content":"","_et_gb_content_width":""},"product_brand":[],"product_cat":[2910],"product_tag":[],"caratteristica":[3085,3087,3089,3090,3396,3397],"serie":[3382],"settore_di_applicazione":[3095,3096,3398],"class_list":{"0":"post-13603","1":"product","2":"type-product","3":"status-publish","4":"has-post-thumbnail","6":"product_cat-lignes-a-haute-productivite","7":"pa_assi-interpolati-5-fr","8":"pa_consumo-acqua-50-fr","9":"pa_consumo-aria-20-fr","10":"pa_coppia-motore-elettro-tool-871-s6-fr","11":"pa_corsa-carrello-asse-x-3800-fr","12":"pa_corsa-ponte-asse-y-2900-fr","13":"pa_corsa-tastatore-lastra-250-fr","14":"pa_corsa-ventose-245-fr","15":"pa_diametro-albero-mandrino-50-fr","16":"pa_diametro-massimo-disco-625-fr","17":"pa_diametro-minimo-disco-350-fr","18":"pa_dim-nastro-taglio-scar-6200x2400-fr","19":"pa_dim-nastro-taglio-scar-7000x2400-fr","20":"pa_dim-nastro-taglio-scarico-4000x2400-fr","21":"pa_dim-nastro-taglio-scarico-6200x2400-fr","22":"pa_dimensioni-nastro-di-taglio-10700x2400-fr","23":"pa_disco-max-tastatore-lastra-625-fr","24":"pa_disco-max-uso-ventose-625-fr","25":"pa_inclinazione-testa-assea-0-90-fr","26":"pa_peso-complessivo-macchina-13700-fr","27":"pa_peso-max-nastro-4000-fr","28":"pa_peso-tot-max-sollev-ventose-500-fr","29":"pa_potenza-motore-tool-13-s6-fr","30":"pa_potenza-totale-installata-30-fr","31":"pa_profondita-max-di-taglio-200-fr","32":"pa_range-vel-elettromandrino-t-0-5500-fr","33":"pa_ripetibilita-posiz-asse-x-0-15-fr","34":"pa_ripetibilita-posiz-asse-y-0-15-fr","35":"pa_ripetibilita-posiz-asse-z-0-15-fr","36":"pa_rotazione-testa-porta-disco-5-365-fr","37":"pa_salita-discesa-assez-450-fr","38":"pa_tensione-elettrica-standard-40010-50-fr","39":"pa_velocita-max-carrello-asse-x-0-40-fr","40":"pa_velocita-max-nastro-20-fr","41":"pa_velocita-max-ponte-asse-y-0-30-fr","42":"pa_velocita-max-teste-asse-z-0-5-fr","43":"caratteristica-vaste-gamme-daccessoires-et-de-configurations","44":"caratteristica-flexibilite-des-processus-de-production","45":"caratteristica-simple-et-rapide-a-programmer","46":"caratteristica-technologie-cnc-precision-et-productivite","47":"caratteristica-productivite-elevee","48":"caratteristica-ideale-pour-la-haute-production","49":"serie-serie-belt","50":"settore_di_applicazione-articles-pour-le-secteur-de-la-construction","51":"settore_di_applicazione-plans-de-cuisine-et-de-salle-de-bains","52":"settore_di_applicazione-dallages-et-revetements-muraux","54":"first","55":"instock","56":"shipping-taxable","57":"purchasable","58":"product-type-simple"},"acf":[],"yoast_head":"<!-- This site is optimized with the Yoast SEO plugin v25.8 - https:\/\/yoast.com\/wordpress\/plugins\/seo\/ -->\n<title>BELT S1 - Donatoni Group<\/title>\n<meta name=\"robots\" content=\"index, follow, max-snippet:-1, max-image-preview:large, max-video-preview:-1\" \/>\n<link rel=\"canonical\" href=\"https:\/\/www.donatonigroup.com\/fr\/machine\/belt-s1\/\" \/>\n<meta property=\"og:locale\" content=\"fr_FR\" \/>\n<meta property=\"og:type\" content=\"article\" \/>\n<meta property=\"og:title\" content=\"BELT S1 - Donatoni Group\" \/>\n<meta property=\"og:description\" content=\"DONATONI BELT S1 est une d\u00e9biteuse \u00e0 tapis CNC \u00e0 5 axes interpol\u00e9s polyvalente et efficace,\" \/>\n<meta property=\"og:url\" content=\"https:\/\/www.donatonigroup.com\/fr\/machine\/belt-s1\/\" \/>\n<meta property=\"og:site_name\" content=\"Donatoni Group\" \/>\n<meta property=\"article:publisher\" content=\"https:\/\/www.facebook.com\/donatonimacchine\" \/>\n<meta property=\"article:modified_time\" content=\"2024-03-20T07:55:13+00:00\" \/>\n<meta property=\"og:image\" content=\"https:\/\/www.donatonigroup.com\/wp-content\/uploads\/2023\/02\/Belt-s1-1500x9352-1.png\" \/>\n\t<meta property=\"og:image:width\" content=\"1500\" \/>\n\t<meta property=\"og:image:height\" content=\"935\" \/>\n\t<meta property=\"og:image:type\" content=\"image\/png\" \/>\n<meta name=\"twitter:card\" content=\"summary_large_image\" \/>\n<meta name=\"twitter:label1\" content=\"Dur\u00e9e de lecture estim\u00e9e\" \/>\n\t<meta name=\"twitter:data1\" content=\"1 minute\" \/>\n<script type=\"application\/ld+json\" class=\"yoast-schema-graph\">{\"@context\":\"https:\/\/schema.org\",\"@graph\":[{\"@type\":\"WebPage\",\"@id\":\"https:\/\/www.donatonigroup.com\/fr\/machine\/belt-s1\/\",\"url\":\"https:\/\/www.donatonigroup.com\/fr\/machine\/belt-s1\/\",\"name\":\"BELT S1 - Donatoni Group\",\"isPartOf\":{\"@id\":\"https:\/\/www.donatonigroup.com\/fr\/#website\"},\"primaryImageOfPage\":{\"@id\":\"https:\/\/www.donatonigroup.com\/fr\/machine\/belt-s1\/#primaryimage\"},\"image\":{\"@id\":\"https:\/\/www.donatonigroup.com\/fr\/machine\/belt-s1\/#primaryimage\"},\"thumbnailUrl\":\"https:\/\/www.donatonigroup.com\/wp-content\/uploads\/2023\/02\/Belt-s1-1500x9352-1.png\",\"datePublished\":\"2023-02-09T08:49:43+00:00\",\"dateModified\":\"2024-03-20T07:55:13+00:00\",\"breadcrumb\":{\"@id\":\"https:\/\/www.donatonigroup.com\/fr\/machine\/belt-s1\/#breadcrumb\"},\"inLanguage\":\"fr-FR\",\"potentialAction\":[{\"@type\":\"ReadAction\",\"target\":[\"https:\/\/www.donatonigroup.com\/fr\/machine\/belt-s1\/\"]}]},{\"@type\":\"ImageObject\",\"inLanguage\":\"fr-FR\",\"@id\":\"https:\/\/www.donatonigroup.com\/fr\/machine\/belt-s1\/#primaryimage\",\"url\":\"https:\/\/www.donatonigroup.com\/wp-content\/uploads\/2023\/02\/Belt-s1-1500x9352-1.png\",\"contentUrl\":\"https:\/\/www.donatonigroup.com\/wp-content\/uploads\/2023\/02\/Belt-s1-1500x9352-1.png\",\"width\":1500,\"height\":935},{\"@type\":\"BreadcrumbList\",\"@id\":\"https:\/\/www.donatonigroup.com\/fr\/machine\/belt-s1\/#breadcrumb\",\"itemListElement\":[{\"@type\":\"ListItem\",\"position\":1,\"name\":\"Home\",\"item\":\"https:\/\/www.donatonigroup.com\/fr\/\"},{\"@type\":\"ListItem\",\"position\":2,\"name\":\"Catalogue machines\",\"item\":\"https:\/\/www.donatonigroup.com\/fr\/catalogue-machines\/\"},{\"@type\":\"ListItem\",\"position\":3,\"name\":\"BELT S1\"}]},{\"@type\":\"WebSite\",\"@id\":\"https:\/\/www.donatonigroup.com\/fr\/#website\",\"url\":\"https:\/\/www.donatonigroup.com\/fr\/\",\"name\":\"Donatoni Group\",\"description\":\"\",\"publisher\":{\"@id\":\"https:\/\/www.donatonigroup.com\/fr\/#organization\"},\"potentialAction\":[{\"@type\":\"SearchAction\",\"target\":{\"@type\":\"EntryPoint\",\"urlTemplate\":\"https:\/\/www.donatonigroup.com\/fr\/?s={search_term_string}\"},\"query-input\":{\"@type\":\"PropertyValueSpecification\",\"valueRequired\":true,\"valueName\":\"search_term_string\"}}],\"inLanguage\":\"fr-FR\"},{\"@type\":\"Organization\",\"@id\":\"https:\/\/www.donatonigroup.com\/fr\/#organization\",\"name\":\"Donatoni Group\",\"url\":\"https:\/\/www.donatonigroup.com\/fr\/\",\"logo\":{\"@type\":\"ImageObject\",\"inLanguage\":\"fr-FR\",\"@id\":\"https:\/\/www.donatonigroup.com\/fr\/#\/schema\/logo\/image\/\",\"url\":\"http:\/\/www.donatonigroup.com\/wp-content\/uploads\/2023\/02\/donatoni-logo.png\",\"contentUrl\":\"http:\/\/www.donatonigroup.com\/wp-content\/uploads\/2023\/02\/donatoni-logo.png\",\"width\":800,\"height\":112,\"caption\":\"Donatoni Group\"},\"image\":{\"@id\":\"https:\/\/www.donatonigroup.com\/fr\/#\/schema\/logo\/image\/\"},\"sameAs\":[\"https:\/\/www.facebook.com\/donatonimacchine\",\"https:\/\/instagram.com\/donatonigroup\/\",\"https:\/\/www.linkedin.com\/company\/donatoni-macchine-s-r-l\"]}]}<\/script>\n<!-- \/ Yoast SEO plugin. -->","yoast_head_json":{"title":"BELT S1 - Donatoni Group","robots":{"index":"index","follow":"follow","max-snippet":"max-snippet:-1","max-image-preview":"max-image-preview:large","max-video-preview":"max-video-preview:-1"},"canonical":"https:\/\/www.donatonigroup.com\/fr\/machine\/belt-s1\/","og_locale":"fr_FR","og_type":"article","og_title":"BELT S1 - Donatoni Group","og_description":"DONATONI BELT S1 est une d\u00e9biteuse \u00e0 tapis CNC \u00e0 5 axes interpol\u00e9s polyvalente et efficace,","og_url":"https:\/\/www.donatonigroup.com\/fr\/machine\/belt-s1\/","og_site_name":"Donatoni Group","article_publisher":"https:\/\/www.facebook.com\/donatonimacchine","article_modified_time":"2024-03-20T07:55:13+00:00","og_image":[{"width":1500,"height":935,"url":"https:\/\/www.donatonigroup.com\/wp-content\/uploads\/2023\/02\/Belt-s1-1500x9352-1.png","type":"image\/png"}],"twitter_card":"summary_large_image","twitter_misc":{"Dur\u00e9e de lecture estim\u00e9e":"1 minute"},"schema":{"@context":"https:\/\/schema.org","@graph":[{"@type":"WebPage","@id":"https:\/\/www.donatonigroup.com\/fr\/machine\/belt-s1\/","url":"https:\/\/www.donatonigroup.com\/fr\/machine\/belt-s1\/","name":"BELT S1 - Donatoni Group","isPartOf":{"@id":"https:\/\/www.donatonigroup.com\/fr\/#website"},"primaryImageOfPage":{"@id":"https:\/\/www.donatonigroup.com\/fr\/machine\/belt-s1\/#primaryimage"},"image":{"@id":"https:\/\/www.donatonigroup.com\/fr\/machine\/belt-s1\/#primaryimage"},"thumbnailUrl":"https:\/\/www.donatonigroup.com\/wp-content\/uploads\/2023\/02\/Belt-s1-1500x9352-1.png","datePublished":"2023-02-09T08:49:43+00:00","dateModified":"2024-03-20T07:55:13+00:00","breadcrumb":{"@id":"https:\/\/www.donatonigroup.com\/fr\/machine\/belt-s1\/#breadcrumb"},"inLanguage":"fr-FR","potentialAction":[{"@type":"ReadAction","target":["https:\/\/www.donatonigroup.com\/fr\/machine\/belt-s1\/"]}]},{"@type":"ImageObject","inLanguage":"fr-FR","@id":"https:\/\/www.donatonigroup.com\/fr\/machine\/belt-s1\/#primaryimage","url":"https:\/\/www.donatonigroup.com\/wp-content\/uploads\/2023\/02\/Belt-s1-1500x9352-1.png","contentUrl":"https:\/\/www.donatonigroup.com\/wp-content\/uploads\/2023\/02\/Belt-s1-1500x9352-1.png","width":1500,"height":935},{"@type":"BreadcrumbList","@id":"https:\/\/www.donatonigroup.com\/fr\/machine\/belt-s1\/#breadcrumb","itemListElement":[{"@type":"ListItem","position":1,"name":"Home","item":"https:\/\/www.donatonigroup.com\/fr\/"},{"@type":"ListItem","position":2,"name":"Catalogue machines","item":"https:\/\/www.donatonigroup.com\/fr\/catalogue-machines\/"},{"@type":"ListItem","position":3,"name":"BELT S1"}]},{"@type":"WebSite","@id":"https:\/\/www.donatonigroup.com\/fr\/#website","url":"https:\/\/www.donatonigroup.com\/fr\/","name":"Donatoni Group","description":"","publisher":{"@id":"https:\/\/www.donatonigroup.com\/fr\/#organization"},"potentialAction":[{"@type":"SearchAction","target":{"@type":"EntryPoint","urlTemplate":"https:\/\/www.donatonigroup.com\/fr\/?s={search_term_string}"},"query-input":{"@type":"PropertyValueSpecification","valueRequired":true,"valueName":"search_term_string"}}],"inLanguage":"fr-FR"},{"@type":"Organization","@id":"https:\/\/www.donatonigroup.com\/fr\/#organization","name":"Donatoni Group","url":"https:\/\/www.donatonigroup.com\/fr\/","logo":{"@type":"ImageObject","inLanguage":"fr-FR","@id":"https:\/\/www.donatonigroup.com\/fr\/#\/schema\/logo\/image\/","url":"http:\/\/www.donatonigroup.com\/wp-content\/uploads\/2023\/02\/donatoni-logo.png","contentUrl":"http:\/\/www.donatonigroup.com\/wp-content\/uploads\/2023\/02\/donatoni-logo.png","width":800,"height":112,"caption":"Donatoni Group"},"image":{"@id":"https:\/\/www.donatonigroup.com\/fr\/#\/schema\/logo\/image\/"},"sameAs":["https:\/\/www.facebook.com\/donatonimacchine","https:\/\/instagram.com\/donatonigroup\/","https:\/\/www.linkedin.com\/company\/donatoni-macchine-s-r-l"]}]}},"_links":{"self":[{"href":"https:\/\/www.donatonigroup.com\/fr\/wp-json\/wp\/v2\/product\/13603","targetHints":{"allow":["GET"]}}],"collection":[{"href":"https:\/\/www.donatonigroup.com\/fr\/wp-json\/wp\/v2\/product"}],"about":[{"href":"https:\/\/www.donatonigroup.com\/fr\/wp-json\/wp\/v2\/types\/product"}],"wp:featuredmedia":[{"embeddable":true,"href":"https:\/\/www.donatonigroup.com\/fr\/wp-json\/wp\/v2\/media\/13605"}],"wp:attachment":[{"href":"https:\/\/www.donatonigroup.com\/fr\/wp-json\/wp\/v2\/media?parent=13603"}],"wp:term":[{"taxonomy":"product_brand","embeddable":true,"href":"https:\/\/www.donatonigroup.com\/fr\/wp-json\/wp\/v2\/product_brand?post=13603"},{"taxonomy":"product_cat","embeddable":true,"href":"https:\/\/www.donatonigroup.com\/fr\/wp-json\/wp\/v2\/product_cat?post=13603"},{"taxonomy":"product_tag","embeddable":true,"href":"https:\/\/www.donatonigroup.com\/fr\/wp-json\/wp\/v2\/product_tag?post=13603"},{"taxonomy":"caratteristica","embeddable":true,"href":"https:\/\/www.donatonigroup.com\/fr\/wp-json\/wp\/v2\/caratteristica?post=13603"},{"taxonomy":"serie","embeddable":true,"href":"https:\/\/www.donatonigroup.com\/fr\/wp-json\/wp\/v2\/serie?post=13603"},{"taxonomy":"settore_di_applicazione","embeddable":true,"href":"https:\/\/www.donatonigroup.com\/fr\/wp-json\/wp\/v2\/settore_di_applicazione?post=13603"}],"curies":[{"name":"wp","href":"https:\/\/api.w.org\/{rel}","templated":true}]}}