{"id":13683,"date":"2023-02-08T16:18:32","date_gmt":"2023-02-08T16:18:32","guid":{"rendered":"http:\/\/www.donatonigroup.com\/macchina\/twin-s4q\/"},"modified":"2024-03-26T17:07:48","modified_gmt":"2024-03-26T17:07:48","slug":"twin-s4q","status":"publish","type":"product","link":"https:\/\/www.donatonigroup.com\/fr\/machine\/twin-s4q\/","title":{"rendered":"TWIN S4 Q"},"content":{"rendered":"<div data-el-id=\"f5243e06-cbc0-4eb7-814b-668ff03e3ec2\">\n<div data-el-id=\"f5243e06-cbc0-4eb7-814b-668ff03e3ec2-txt\">\n<div class=\"machine-template__description-title\">\n<div data-el-id=\"5848dfb5-1f87-4e5e-acf2-dd44a5719d86\">\n<div data-el-id=\"5848dfb5-1f87-4e5e-acf2-dd44a5719d86-txt\">\n<div class=\"machine-template__description-title\">\n<div data-el-id=\"fb96e8aa-1985-4288-9f7e-948d513895a9\">\n<div data-el-id=\"fb96e8aa-1985-4288-9f7e-948d513895a9-txt\">\n<div class=\"machine-template__description-title\">\n<h3 class=\"machine-template__description-title-text\">Machines \u00e0 haute productivit\u00e9 avec brevet Twin System<\/h3>\n<\/div>\n<\/div>\n<\/div>\n<div data-el-id=\"93c6e076-bb2e-4a9e-a8ae-c3ebe7592c57\">\n<div class=\"\" data-el-id=\"b7ceae05-9bef-4a8f-a5aa-6c96d64a828d\">\n<div data-el-id=\"a7f8fdb2-98bf-4143-9db8-2983f22edb1f\">\n<div data-el-id=\"a2403db7-8284-42a0-a465-f9bcd99b4e50\">\n<div data-el-id=\"a2403db7-8284-42a0-a465-f9bcd99b4e50-html\"><strong>DONATONI TWIN S4Q<\/strong> est une d\u00e9biteuse double-tables CNC \u00e0 <strong>5\/6 axes interpol\u00e9s<\/strong> \u00e9quip\u00e9e du <strong>syst\u00e8me TWIN<\/strong>: le syst\u00e8me <strong>brevet\u00e9<\/strong> par Donatoni Macchine qui permet d&rsquo;optimiser au maximum le travail d&rsquo;une d\u00e9biteuse \u00e0 pont, en augmentant la capacit\u00e9 de production de plus de 70%. Il permet une large gamme d&rsquo;op\u00e9rations d&rsquo;usinage, de la coupe jusqu&rsquo;\u00e0 150 mm d\u2019\u00e9paisseur, au fraisage, au per\u00e7age et au fa\u00e7onnage.<\/div>\n<\/div>\n<\/div>\n<\/div>\n<\/div>\n<div data-el-id=\"71e9d813-0cbb-4660-be73-b1bf72d428ec\">\n<div data-el-id=\"71e9d813-0cbb-4660-be73-b1bf72d428ec-txt\">\n<div class=\"machine-template__description-description\">\n<p>Le Twin System se compose d&rsquo;une double table avec un syst\u00e8me de changement automatique de table, reposant sur une structure monobloc avec des rails, sur lesquels les deux tables se d\u00e9placent, alternant entre la zone de coupe et la zone de chargement\/d\u00e9chargement. Cela permet \u00e0 l&rsquo;op\u00e9rateur d&rsquo;effectuer les op\u00e9rations de d\u00e9chargement, de chargement et de programmation sur la premi\u00e8re table pendant que la machine travaille sur la seconde.<\/p>\n<p>Avantages du syst\u00e8me TWIN:<\/p>\n<ul>\n<li>Augmentation de la capacit\u00e9 de production.<\/li>\n<li>Utilisation avec un seul op\u00e9rateur.<\/li>\n<li>2 d\u00e9biteuses en 1: possibilit\u00e9 d&rsquo;utiliser la machine comme une d\u00e9biteuse conventionnelle et aussi d&rsquo;effectuer le fa\u00e7onnage des pi\u00e8ces.<\/li>\n<\/ul>\n<p>Les rails de guidage sont lubrifi\u00e9s dans un bain d&rsquo;huile (axes X et Y).<\/p>\n<\/div>\n<\/div>\n<\/div>\n<\/div>\n<\/div>\n<\/div>\n<\/div>\n<\/div>\n<\/div>\n","protected":false},"excerpt":{"rendered":"<p>Machines \u00e0 haute productivit\u00e9 avec brevet Twin System DONATONI TWIN S4Q est une d\u00e9biteuse double-tables CNC \u00e0 5\/6 axes interpol\u00e9s \u00e9quip\u00e9e du syst\u00e8me TWIN: le syst\u00e8me brevet\u00e9 par Donatoni Macchine qui permet d&rsquo;optimiser au maximum le travail d&rsquo;une d\u00e9biteuse \u00e0 pont, en augmentant la capacit\u00e9 de production de plus de 70%. Il permet une large [&hellip;]<\/p>\n","protected":false},"featured_media":13685,"template":"","meta":{"_et_pb_use_builder":"","_et_pb_old_content":"","_et_gb_content_width":""},"product_brand":[],"product_cat":[2915],"product_tag":[],"caratteristica":[3088,3089,3090,3396,3418,3419,3420],"serie":[3408],"settore_di_applicazione":[3095,3096,3398],"class_list":{"0":"post-13683","1":"product","2":"type-product","3":"status-publish","4":"has-post-thumbnail","6":"product_cat-machines-a-haute-productivite","7":"pa_assi-interpolati-5-fr","8":"pa_consumo-acqua-50-fr","9":"pa_consumo-aria-20-fr","10":"pa_coppia-mot-elettromandrino-1514-s6-fr","11":"pa_corsa-carrello-asse-x-3800-fr","12":"pa_corsa-ponte-asse-y-2950-fr","13":"pa_corsa-tastatore-lastra-300-fr","14":"pa_corsa-ventose-295-fr","15":"pa_diametro-albero-mandrino-50-fr","16":"pa_diametro-massimo-disco-850-fr","17":"pa_diametro-minimo-disco-350-fr","18":"pa_dim-max-lastra-rib-3800x2400-fr","19":"pa_dim-min-lastra-rib-1000x800-fr","20":"pa_dimensione-banco-3800x2300x650-fr","21":"pa_dimensione-banco-3800x2400x900-fr","22":"pa_disco-max-tastatore-lastra-725-fr","23":"pa_disco-max-uso-ventose-725-fr","24":"pa_inclinazione-testa-assea-0-90-fr","25":"pa_peso-complessivo-macchina-10350-fr","26":"pa_peso-max-din-1-banco-1650-fr","27":"pa_peso-max-sta-1-banco-3000-fr","28":"pa_peso-tot-max-sollev-ventose-600-fr","29":"pa_potenza-elettromandrino-22-s6-fr","30":"pa_potenza-totale-installata-44-fr","31":"pa_profondita-max-di-taglio-310-fr","32":"pa_range-vel-elettromandrino-t-0-5500-fr","33":"pa_ripetibilita-posiz-asse-x-0-15-fr","34":"pa_ripetibilita-posiz-asse-y-0-15-fr","35":"pa_ripetibilita-posiz-asse-z-0-15-fr","36":"pa_rotazione-testa-porta-disco-5-365-fr","37":"pa_salita-discesa-assez-800-fr","38":"pa_tempo-scambio-banchi-33-fr","39":"pa_tensione-elettrica-standard-40010-50-fr","40":"pa_velocita-avanzamento-banchi-20-fr","41":"pa_velocita-max-carrello-asse-x-0-45-fr","42":"pa_velocita-max-ponte-asse-y-0-45-fr","43":"pa_velocita-max-teste-asse-z-0-6-fr","44":"caratteristica-encombrement-reduit","45":"caratteristica-simple-et-rapide-a-programmer","46":"caratteristica-technologie-cnc-precision-et-productivite","47":"caratteristica-productivite-elevee","48":"caratteristica-aucune-fondation-nest-necessaire","49":"caratteristica-optimisation-des-coupes","50":"caratteristica-utilisation-avec-un-seul-operateur","51":"serie-serie-twin","52":"settore_di_applicazione-articles-pour-le-secteur-de-la-construction","53":"settore_di_applicazione-plans-de-cuisine-et-de-salle-de-bains","54":"settore_di_applicazione-dallages-et-revetements-muraux","56":"first","57":"instock","58":"shipping-taxable","59":"purchasable","60":"product-type-simple"},"acf":[],"yoast_head":"<!-- This site is optimized with the Yoast SEO plugin v25.8 - https:\/\/yoast.com\/wordpress\/plugins\/seo\/ -->\n<title>TWIN S4 Q - Donatoni Group<\/title>\n<meta name=\"robots\" content=\"index, follow, max-snippet:-1, max-image-preview:large, max-video-preview:-1\" \/>\n<link rel=\"canonical\" href=\"https:\/\/www.donatonigroup.com\/fr\/machine\/twin-s4q\/\" \/>\n<meta property=\"og:locale\" content=\"fr_FR\" \/>\n<meta property=\"og:type\" content=\"article\" \/>\n<meta property=\"og:title\" content=\"TWIN S4 Q - Donatoni Group\" \/>\n<meta property=\"og:description\" content=\"Machines \u00e0 haute productivit\u00e9 avec brevet Twin System DONATONI TWIN S4Q est une d\u00e9biteuse double-tables CNC \u00e0 5\/6 axes interpol\u00e9s \u00e9quip\u00e9e du syst\u00e8me TWIN: le syst\u00e8me brevet\u00e9 par Donatoni Macchine qui permet d&rsquo;optimiser au maximum le travail d&rsquo;une d\u00e9biteuse \u00e0 pont, en augmentant la capacit\u00e9 de production de plus de 70%. Il permet une large [&hellip;]\" \/>\n<meta property=\"og:url\" content=\"https:\/\/www.donatonigroup.com\/fr\/machine\/twin-s4q\/\" \/>\n<meta property=\"og:site_name\" content=\"Donatoni Group\" \/>\n<meta property=\"article:publisher\" content=\"https:\/\/www.facebook.com\/donatonimacchine\" \/>\n<meta property=\"article:modified_time\" content=\"2024-03-26T17:07:48+00:00\" \/>\n<meta property=\"og:image\" content=\"https:\/\/www.donatonigroup.com\/wp-content\/uploads\/2023\/02\/TWIN-S4Q-1500x9352-1.png\" \/>\n\t<meta property=\"og:image:width\" content=\"1500\" \/>\n\t<meta property=\"og:image:height\" content=\"935\" \/>\n\t<meta property=\"og:image:type\" content=\"image\/png\" \/>\n<meta name=\"twitter:card\" content=\"summary_large_image\" \/>\n<meta name=\"twitter:label1\" content=\"Dur\u00e9e de lecture estim\u00e9e\" \/>\n\t<meta name=\"twitter:data1\" content=\"1 minute\" \/>\n<script type=\"application\/ld+json\" class=\"yoast-schema-graph\">{\"@context\":\"https:\/\/schema.org\",\"@graph\":[{\"@type\":\"WebPage\",\"@id\":\"https:\/\/www.donatonigroup.com\/fr\/machine\/twin-s4q\/\",\"url\":\"https:\/\/www.donatonigroup.com\/fr\/machine\/twin-s4q\/\",\"name\":\"TWIN S4 Q - Donatoni Group\",\"isPartOf\":{\"@id\":\"https:\/\/www.donatonigroup.com\/fr\/#website\"},\"primaryImageOfPage\":{\"@id\":\"https:\/\/www.donatonigroup.com\/fr\/machine\/twin-s4q\/#primaryimage\"},\"image\":{\"@id\":\"https:\/\/www.donatonigroup.com\/fr\/machine\/twin-s4q\/#primaryimage\"},\"thumbnailUrl\":\"https:\/\/www.donatonigroup.com\/wp-content\/uploads\/2023\/02\/TWIN-S4Q-1500x9352-1.png\",\"datePublished\":\"2023-02-08T16:18:32+00:00\",\"dateModified\":\"2024-03-26T17:07:48+00:00\",\"breadcrumb\":{\"@id\":\"https:\/\/www.donatonigroup.com\/fr\/machine\/twin-s4q\/#breadcrumb\"},\"inLanguage\":\"fr-FR\",\"potentialAction\":[{\"@type\":\"ReadAction\",\"target\":[\"https:\/\/www.donatonigroup.com\/fr\/machine\/twin-s4q\/\"]}]},{\"@type\":\"ImageObject\",\"inLanguage\":\"fr-FR\",\"@id\":\"https:\/\/www.donatonigroup.com\/fr\/machine\/twin-s4q\/#primaryimage\",\"url\":\"https:\/\/www.donatonigroup.com\/wp-content\/uploads\/2023\/02\/TWIN-S4Q-1500x9352-1.png\",\"contentUrl\":\"https:\/\/www.donatonigroup.com\/wp-content\/uploads\/2023\/02\/TWIN-S4Q-1500x9352-1.png\",\"width\":1500,\"height\":935},{\"@type\":\"BreadcrumbList\",\"@id\":\"https:\/\/www.donatonigroup.com\/fr\/machine\/twin-s4q\/#breadcrumb\",\"itemListElement\":[{\"@type\":\"ListItem\",\"position\":1,\"name\":\"Home\",\"item\":\"https:\/\/www.donatonigroup.com\/fr\/\"},{\"@type\":\"ListItem\",\"position\":2,\"name\":\"Catalogue machines\",\"item\":\"https:\/\/www.donatonigroup.com\/fr\/catalogue-machines\/\"},{\"@type\":\"ListItem\",\"position\":3,\"name\":\"TWIN S4 Q\"}]},{\"@type\":\"WebSite\",\"@id\":\"https:\/\/www.donatonigroup.com\/fr\/#website\",\"url\":\"https:\/\/www.donatonigroup.com\/fr\/\",\"name\":\"Donatoni Group\",\"description\":\"\",\"publisher\":{\"@id\":\"https:\/\/www.donatonigroup.com\/fr\/#organization\"},\"potentialAction\":[{\"@type\":\"SearchAction\",\"target\":{\"@type\":\"EntryPoint\",\"urlTemplate\":\"https:\/\/www.donatonigroup.com\/fr\/?s={search_term_string}\"},\"query-input\":{\"@type\":\"PropertyValueSpecification\",\"valueRequired\":true,\"valueName\":\"search_term_string\"}}],\"inLanguage\":\"fr-FR\"},{\"@type\":\"Organization\",\"@id\":\"https:\/\/www.donatonigroup.com\/fr\/#organization\",\"name\":\"Donatoni Group\",\"url\":\"https:\/\/www.donatonigroup.com\/fr\/\",\"logo\":{\"@type\":\"ImageObject\",\"inLanguage\":\"fr-FR\",\"@id\":\"https:\/\/www.donatonigroup.com\/fr\/#\/schema\/logo\/image\/\",\"url\":\"http:\/\/www.donatonigroup.com\/wp-content\/uploads\/2023\/02\/donatoni-logo.png\",\"contentUrl\":\"http:\/\/www.donatonigroup.com\/wp-content\/uploads\/2023\/02\/donatoni-logo.png\",\"width\":800,\"height\":112,\"caption\":\"Donatoni Group\"},\"image\":{\"@id\":\"https:\/\/www.donatonigroup.com\/fr\/#\/schema\/logo\/image\/\"},\"sameAs\":[\"https:\/\/www.facebook.com\/donatonimacchine\",\"https:\/\/instagram.com\/donatonigroup\/\",\"https:\/\/www.linkedin.com\/company\/donatoni-macchine-s-r-l\"]}]}<\/script>\n<!-- \/ Yoast SEO plugin. -->","yoast_head_json":{"title":"TWIN S4 Q - Donatoni Group","robots":{"index":"index","follow":"follow","max-snippet":"max-snippet:-1","max-image-preview":"max-image-preview:large","max-video-preview":"max-video-preview:-1"},"canonical":"https:\/\/www.donatonigroup.com\/fr\/machine\/twin-s4q\/","og_locale":"fr_FR","og_type":"article","og_title":"TWIN S4 Q - Donatoni Group","og_description":"Machines \u00e0 haute productivit\u00e9 avec brevet Twin System DONATONI TWIN S4Q est une d\u00e9biteuse double-tables CNC \u00e0 5\/6 axes interpol\u00e9s \u00e9quip\u00e9e du syst\u00e8me TWIN: le syst\u00e8me brevet\u00e9 par Donatoni Macchine qui permet d&rsquo;optimiser au maximum le travail d&rsquo;une d\u00e9biteuse \u00e0 pont, en augmentant la capacit\u00e9 de production de plus de 70%. Il permet une large [&hellip;]","og_url":"https:\/\/www.donatonigroup.com\/fr\/machine\/twin-s4q\/","og_site_name":"Donatoni Group","article_publisher":"https:\/\/www.facebook.com\/donatonimacchine","article_modified_time":"2024-03-26T17:07:48+00:00","og_image":[{"width":1500,"height":935,"url":"https:\/\/www.donatonigroup.com\/wp-content\/uploads\/2023\/02\/TWIN-S4Q-1500x9352-1.png","type":"image\/png"}],"twitter_card":"summary_large_image","twitter_misc":{"Dur\u00e9e de lecture estim\u00e9e":"1 minute"},"schema":{"@context":"https:\/\/schema.org","@graph":[{"@type":"WebPage","@id":"https:\/\/www.donatonigroup.com\/fr\/machine\/twin-s4q\/","url":"https:\/\/www.donatonigroup.com\/fr\/machine\/twin-s4q\/","name":"TWIN S4 Q - Donatoni Group","isPartOf":{"@id":"https:\/\/www.donatonigroup.com\/fr\/#website"},"primaryImageOfPage":{"@id":"https:\/\/www.donatonigroup.com\/fr\/machine\/twin-s4q\/#primaryimage"},"image":{"@id":"https:\/\/www.donatonigroup.com\/fr\/machine\/twin-s4q\/#primaryimage"},"thumbnailUrl":"https:\/\/www.donatonigroup.com\/wp-content\/uploads\/2023\/02\/TWIN-S4Q-1500x9352-1.png","datePublished":"2023-02-08T16:18:32+00:00","dateModified":"2024-03-26T17:07:48+00:00","breadcrumb":{"@id":"https:\/\/www.donatonigroup.com\/fr\/machine\/twin-s4q\/#breadcrumb"},"inLanguage":"fr-FR","potentialAction":[{"@type":"ReadAction","target":["https:\/\/www.donatonigroup.com\/fr\/machine\/twin-s4q\/"]}]},{"@type":"ImageObject","inLanguage":"fr-FR","@id":"https:\/\/www.donatonigroup.com\/fr\/machine\/twin-s4q\/#primaryimage","url":"https:\/\/www.donatonigroup.com\/wp-content\/uploads\/2023\/02\/TWIN-S4Q-1500x9352-1.png","contentUrl":"https:\/\/www.donatonigroup.com\/wp-content\/uploads\/2023\/02\/TWIN-S4Q-1500x9352-1.png","width":1500,"height":935},{"@type":"BreadcrumbList","@id":"https:\/\/www.donatonigroup.com\/fr\/machine\/twin-s4q\/#breadcrumb","itemListElement":[{"@type":"ListItem","position":1,"name":"Home","item":"https:\/\/www.donatonigroup.com\/fr\/"},{"@type":"ListItem","position":2,"name":"Catalogue machines","item":"https:\/\/www.donatonigroup.com\/fr\/catalogue-machines\/"},{"@type":"ListItem","position":3,"name":"TWIN S4 Q"}]},{"@type":"WebSite","@id":"https:\/\/www.donatonigroup.com\/fr\/#website","url":"https:\/\/www.donatonigroup.com\/fr\/","name":"Donatoni Group","description":"","publisher":{"@id":"https:\/\/www.donatonigroup.com\/fr\/#organization"},"potentialAction":[{"@type":"SearchAction","target":{"@type":"EntryPoint","urlTemplate":"https:\/\/www.donatonigroup.com\/fr\/?s={search_term_string}"},"query-input":{"@type":"PropertyValueSpecification","valueRequired":true,"valueName":"search_term_string"}}],"inLanguage":"fr-FR"},{"@type":"Organization","@id":"https:\/\/www.donatonigroup.com\/fr\/#organization","name":"Donatoni Group","url":"https:\/\/www.donatonigroup.com\/fr\/","logo":{"@type":"ImageObject","inLanguage":"fr-FR","@id":"https:\/\/www.donatonigroup.com\/fr\/#\/schema\/logo\/image\/","url":"http:\/\/www.donatonigroup.com\/wp-content\/uploads\/2023\/02\/donatoni-logo.png","contentUrl":"http:\/\/www.donatonigroup.com\/wp-content\/uploads\/2023\/02\/donatoni-logo.png","width":800,"height":112,"caption":"Donatoni Group"},"image":{"@id":"https:\/\/www.donatonigroup.com\/fr\/#\/schema\/logo\/image\/"},"sameAs":["https:\/\/www.facebook.com\/donatonimacchine","https:\/\/instagram.com\/donatonigroup\/","https:\/\/www.linkedin.com\/company\/donatoni-macchine-s-r-l"]}]}},"_links":{"self":[{"href":"https:\/\/www.donatonigroup.com\/fr\/wp-json\/wp\/v2\/product\/13683","targetHints":{"allow":["GET"]}}],"collection":[{"href":"https:\/\/www.donatonigroup.com\/fr\/wp-json\/wp\/v2\/product"}],"about":[{"href":"https:\/\/www.donatonigroup.com\/fr\/wp-json\/wp\/v2\/types\/product"}],"wp:featuredmedia":[{"embeddable":true,"href":"https:\/\/www.donatonigroup.com\/fr\/wp-json\/wp\/v2\/media\/13685"}],"wp:attachment":[{"href":"https:\/\/www.donatonigroup.com\/fr\/wp-json\/wp\/v2\/media?parent=13683"}],"wp:term":[{"taxonomy":"product_brand","embeddable":true,"href":"https:\/\/www.donatonigroup.com\/fr\/wp-json\/wp\/v2\/product_brand?post=13683"},{"taxonomy":"product_cat","embeddable":true,"href":"https:\/\/www.donatonigroup.com\/fr\/wp-json\/wp\/v2\/product_cat?post=13683"},{"taxonomy":"product_tag","embeddable":true,"href":"https:\/\/www.donatonigroup.com\/fr\/wp-json\/wp\/v2\/product_tag?post=13683"},{"taxonomy":"caratteristica","embeddable":true,"href":"https:\/\/www.donatonigroup.com\/fr\/wp-json\/wp\/v2\/caratteristica?post=13683"},{"taxonomy":"serie","embeddable":true,"href":"https:\/\/www.donatonigroup.com\/fr\/wp-json\/wp\/v2\/serie?post=13683"},{"taxonomy":"settore_di_applicazione","embeddable":true,"href":"https:\/\/www.donatonigroup.com\/fr\/wp-json\/wp\/v2\/settore_di_applicazione?post=13683"}],"curies":[{"name":"wp","href":"https:\/\/api.w.org\/{rel}","templated":true}]}}