{"id":13722,"date":"2023-02-09T08:29:54","date_gmt":"2023-02-09T08:29:54","guid":{"rendered":"http:\/\/www.donatonigroup.com\/macchina\/cr-1\/"},"modified":"2024-03-27T09:09:30","modified_gmt":"2024-03-27T09:09:30","slug":"cr-1","status":"publish","type":"product","link":"https:\/\/www.donatonigroup.com\/fr\/machine\/cr-1\/","title":{"rendered":"CR 1"},"content":{"rendered":"<div data-el-id=\"9192ed59-d792-4841-8238-1e7a7a287d76\">\n<div data-el-id=\"9192ed59-d792-4841-8238-1e7a7a287d76-txt\">\n<div class=\"machine-template__description-title\">\n<h3 class=\"machine-template__description-title-text\">Syst\u00e8mes de production robotis\u00e9s de nouvelle g\u00e9n\u00e9ration<\/h3>\n<\/div>\n<\/div>\n<\/div>\n<div data-el-id=\"117bc00d-cfe6-4e75-aea3-d633731d9307\">\n<div data-el-id=\"117bc00d-cfe6-4e75-aea3-d633731d9307-txt\">\n<div class=\"machine-template__description-description\">\n<p><strong>DONATONI CR1<\/strong> est un syst\u00e8me de production robotis\u00e9 CNC de nouvelle g\u00e9n\u00e9ration avec <strong>6\/7\/8 axes interpol\u00e9s<\/strong>, con\u00e7u pour \u00eatre un outil tr\u00e8s flexible pour la production d&rsquo;\u00e9l\u00e9ments de toutes tailles et de toutes mati\u00e8res pour des tailles de pi\u00e8ces allant jusqu&rsquo;\u00e0 2900 mm. Il permet une large gamme d&rsquo;op\u00e9rations d&rsquo;usinage, depuis la coupe, le fraisage, le per\u00e7age, jusqu&rsquo;au fa\u00e7onnage simple et complexe.<\/p>\n<p>Le syst\u00e8me est enti\u00e8rement personnalisable, tant en termes d&rsquo;agencement que de disponibilit\u00e9 de nombreux \u00e9quipements, tels que le changeur automatique d&rsquo;outils et de disques ISO40\/ISO50, la table rotative interpol\u00e9e, le tour horizontal interpol\u00e9, la plate-forme \u00e0 plateau en aluminium et les tables \u00e0 plateau en bois.<\/p>\n<\/div>\n<\/div>\n<\/div>\n","protected":false},"excerpt":{"rendered":"<p>Syst\u00e8mes de production robotis\u00e9s de nouvelle g\u00e9n\u00e9ration DONATONI CR1 est un syst\u00e8me de production robotis\u00e9 CNC de nouvelle g\u00e9n\u00e9ration avec 6\/7\/8 axes interpol\u00e9s, con\u00e7u pour \u00eatre un outil tr\u00e8s flexible pour la production d&rsquo;\u00e9l\u00e9ments de toutes tailles et de toutes mati\u00e8res pour des tailles de pi\u00e8ces allant jusqu&rsquo;\u00e0 2900 mm. Il permet une large gamme [&hellip;]<\/p>\n","protected":false},"featured_media":13724,"template":"","meta":{"_et_pb_use_builder":"","_et_pb_old_content":"","_et_gb_content_width":""},"product_brand":[],"product_cat":[2912],"product_tag":[],"caratteristica":[3086,3088,3089,3281,3506,3507,3508],"serie":[3477],"settore_di_applicazione":[3092,3093,3094,3095],"class_list":{"0":"post-13722","1":"product","2":"type-product","3":"status-publish","4":"has-post-thumbnail","6":"product_cat-systemes-robotises","7":"pa_altezza-max-lavoro-ind-2200-fr","8":"pa_assi-interpolati-6-7-8-fr","9":"pa_attacco-portautensile-40-fr","10":"pa_attacco-portautensile-50-fr","11":"pa_classe-di-protezione-cr-65-fr","12":"pa_classe-di-protezione-polso-67-fr","13":"pa_consumo-acqua-3bar-50-fr","14":"pa_consumo-aria-6-bar-20-fr","15":"pa_coppia-mot-elettromandrino-31-8-38-2-fr","16":"pa_coppia-mot-elettromandrino-95-5-114-5-fr","17":"pa_corsa-asse-a1-185-fr","18":"pa_corsa-asse-a2-140-5-fr","19":"pa_corsa-asse-a3-120-168-fr","20":"pa_corsa-asse-a4-350-fr","21":"pa_corsa-asse-a5-122-5-fr","22":"pa_corsa-asse-a6-350-fr","23":"pa_diametro-massimo-disco-625-fr","24":"pa_diametro-massimo-disco-825-fr","25":"pa_diametro-minimo-disco-350-fr","26":"pa_dim-piattaforma-3270-x-1500-fr","27":"pa_dim-piattaforma-3270-x-2000-fr","28":"pa_limiti-ambiente-temp-5-40-fr","29":"pa_livello-sonoro-75-fr","30":"pa_max-raggio-dazione-2900-fr","31":"pa_peso-solo-robot-1120-fr","32":"pa_portata-al-polso-240-fr","33":"pa_potenza-installata-28-fr","34":"pa_potenza-installata-34-fr","35":"pa_potenza-nominale-15-18-fr","36":"pa_potenza-nominale-20-24-fr","37":"pa_profondita-max-di-taglio-205-fr","38":"pa_profondita-max-di-taglio-276-fr","39":"pa_raffreddamento-motore-liquido-fr","40":"pa_ripetibilita-posiz-asse-x-0-05-fr","41":"pa_sistema-di-controllo-kr-c4-fr","42":"pa_temp-esercizio-10--50-fr","43":"pa_tensione-elettrica-standard-40010-50-fr","44":"pa_velocita-massima-12000-fr","45":"pa_velocita-massima-6000-fr","46":"pa_velocita-massima-asse-a1-103-fr","47":"pa_velocita-massima-asse-a2-94-fr","48":"pa_velocita-massima-asse-a3-100-fr","49":"pa_velocita-massima-asse-a4-170-fr","50":"pa_velocita-massima-asse-a5-129-fr","51":"pa_velocita-massima-asse-a6-206-fr","52":"caratteristica-large-eventail-doperations-dusinage","53":"caratteristica-encombrement-reduit","54":"caratteristica-simple-et-rapide-a-programmer","55":"caratteristica-tres-puissante","56":"caratteristica-ideale-pour-le-faconnage-et-les-sculptures","57":"caratteristica-interface-logicielle-specifique","58":"caratteristica-systeme-modulaire-librement-combinable","59":"serie-serie-cr","60":"settore_di_applicazione-funeraire","61":"settore_di_applicazione-design-et-sculpture","62":"settore_di_applicazione-grands-projets","63":"settore_di_applicazione-articles-pour-le-secteur-de-la-construction","65":"first","66":"instock","67":"shipping-taxable","68":"purchasable","69":"product-type-simple"},"acf":[],"yoast_head":"<!-- This site is optimized with the Yoast SEO plugin v25.8 - https:\/\/yoast.com\/wordpress\/plugins\/seo\/ -->\n<title>CR 1 - Donatoni Group<\/title>\n<meta name=\"robots\" content=\"index, follow, max-snippet:-1, max-image-preview:large, max-video-preview:-1\" \/>\n<link rel=\"canonical\" href=\"https:\/\/www.donatonigroup.com\/fr\/machine\/cr-1\/\" \/>\n<meta property=\"og:locale\" content=\"fr_FR\" \/>\n<meta property=\"og:type\" content=\"article\" \/>\n<meta property=\"og:title\" content=\"CR 1 - Donatoni Group\" \/>\n<meta property=\"og:description\" content=\"Syst\u00e8mes de production robotis\u00e9s de nouvelle g\u00e9n\u00e9ration DONATONI CR1 est un syst\u00e8me de production robotis\u00e9 CNC de nouvelle g\u00e9n\u00e9ration avec 6\/7\/8 axes interpol\u00e9s, con\u00e7u pour \u00eatre un outil tr\u00e8s flexible pour la production d&rsquo;\u00e9l\u00e9ments de toutes tailles et de toutes mati\u00e8res pour des tailles de pi\u00e8ces allant jusqu&rsquo;\u00e0 2900 mm. Il permet une large gamme [&hellip;]\" \/>\n<meta property=\"og:url\" content=\"https:\/\/www.donatonigroup.com\/fr\/machine\/cr-1\/\" \/>\n<meta property=\"og:site_name\" content=\"Donatoni Group\" \/>\n<meta property=\"article:publisher\" content=\"https:\/\/www.facebook.com\/donatonimacchine\" \/>\n<meta property=\"article:modified_time\" content=\"2024-03-27T09:09:30+00:00\" \/>\n<meta property=\"og:image\" content=\"https:\/\/www.donatonigroup.com\/wp-content\/uploads\/2023\/02\/CR1-1500x9352-1.png\" \/>\n\t<meta property=\"og:image:width\" content=\"1500\" \/>\n\t<meta property=\"og:image:height\" content=\"935\" \/>\n\t<meta property=\"og:image:type\" content=\"image\/png\" \/>\n<meta name=\"twitter:card\" content=\"summary_large_image\" \/>\n<meta name=\"twitter:label1\" content=\"Dur\u00e9e de lecture estim\u00e9e\" \/>\n\t<meta name=\"twitter:data1\" content=\"1 minute\" \/>\n<script type=\"application\/ld+json\" class=\"yoast-schema-graph\">{\"@context\":\"https:\/\/schema.org\",\"@graph\":[{\"@type\":\"WebPage\",\"@id\":\"https:\/\/www.donatonigroup.com\/fr\/machine\/cr-1\/\",\"url\":\"https:\/\/www.donatonigroup.com\/fr\/machine\/cr-1\/\",\"name\":\"CR 1 - Donatoni Group\",\"isPartOf\":{\"@id\":\"https:\/\/www.donatonigroup.com\/fr\/#website\"},\"primaryImageOfPage\":{\"@id\":\"https:\/\/www.donatonigroup.com\/fr\/machine\/cr-1\/#primaryimage\"},\"image\":{\"@id\":\"https:\/\/www.donatonigroup.com\/fr\/machine\/cr-1\/#primaryimage\"},\"thumbnailUrl\":\"https:\/\/www.donatonigroup.com\/wp-content\/uploads\/2023\/02\/CR1-1500x9352-1.png\",\"datePublished\":\"2023-02-09T08:29:54+00:00\",\"dateModified\":\"2024-03-27T09:09:30+00:00\",\"breadcrumb\":{\"@id\":\"https:\/\/www.donatonigroup.com\/fr\/machine\/cr-1\/#breadcrumb\"},\"inLanguage\":\"fr-FR\",\"potentialAction\":[{\"@type\":\"ReadAction\",\"target\":[\"https:\/\/www.donatonigroup.com\/fr\/machine\/cr-1\/\"]}]},{\"@type\":\"ImageObject\",\"inLanguage\":\"fr-FR\",\"@id\":\"https:\/\/www.donatonigroup.com\/fr\/machine\/cr-1\/#primaryimage\",\"url\":\"https:\/\/www.donatonigroup.com\/wp-content\/uploads\/2023\/02\/CR1-1500x9352-1.png\",\"contentUrl\":\"https:\/\/www.donatonigroup.com\/wp-content\/uploads\/2023\/02\/CR1-1500x9352-1.png\",\"width\":1500,\"height\":935},{\"@type\":\"BreadcrumbList\",\"@id\":\"https:\/\/www.donatonigroup.com\/fr\/machine\/cr-1\/#breadcrumb\",\"itemListElement\":[{\"@type\":\"ListItem\",\"position\":1,\"name\":\"Home\",\"item\":\"https:\/\/www.donatonigroup.com\/fr\/\"},{\"@type\":\"ListItem\",\"position\":2,\"name\":\"Catalogue machines\",\"item\":\"https:\/\/www.donatonigroup.com\/fr\/catalogue-machines\/\"},{\"@type\":\"ListItem\",\"position\":3,\"name\":\"CR 1\"}]},{\"@type\":\"WebSite\",\"@id\":\"https:\/\/www.donatonigroup.com\/fr\/#website\",\"url\":\"https:\/\/www.donatonigroup.com\/fr\/\",\"name\":\"Donatoni Group\",\"description\":\"\",\"publisher\":{\"@id\":\"https:\/\/www.donatonigroup.com\/fr\/#organization\"},\"potentialAction\":[{\"@type\":\"SearchAction\",\"target\":{\"@type\":\"EntryPoint\",\"urlTemplate\":\"https:\/\/www.donatonigroup.com\/fr\/?s={search_term_string}\"},\"query-input\":{\"@type\":\"PropertyValueSpecification\",\"valueRequired\":true,\"valueName\":\"search_term_string\"}}],\"inLanguage\":\"fr-FR\"},{\"@type\":\"Organization\",\"@id\":\"https:\/\/www.donatonigroup.com\/fr\/#organization\",\"name\":\"Donatoni Group\",\"url\":\"https:\/\/www.donatonigroup.com\/fr\/\",\"logo\":{\"@type\":\"ImageObject\",\"inLanguage\":\"fr-FR\",\"@id\":\"https:\/\/www.donatonigroup.com\/fr\/#\/schema\/logo\/image\/\",\"url\":\"http:\/\/www.donatonigroup.com\/wp-content\/uploads\/2023\/02\/donatoni-logo.png\",\"contentUrl\":\"http:\/\/www.donatonigroup.com\/wp-content\/uploads\/2023\/02\/donatoni-logo.png\",\"width\":800,\"height\":112,\"caption\":\"Donatoni Group\"},\"image\":{\"@id\":\"https:\/\/www.donatonigroup.com\/fr\/#\/schema\/logo\/image\/\"},\"sameAs\":[\"https:\/\/www.facebook.com\/donatonimacchine\",\"https:\/\/instagram.com\/donatonigroup\/\",\"https:\/\/www.linkedin.com\/company\/donatoni-macchine-s-r-l\"]}]}<\/script>\n<!-- \/ Yoast SEO plugin. -->","yoast_head_json":{"title":"CR 1 - Donatoni Group","robots":{"index":"index","follow":"follow","max-snippet":"max-snippet:-1","max-image-preview":"max-image-preview:large","max-video-preview":"max-video-preview:-1"},"canonical":"https:\/\/www.donatonigroup.com\/fr\/machine\/cr-1\/","og_locale":"fr_FR","og_type":"article","og_title":"CR 1 - Donatoni Group","og_description":"Syst\u00e8mes de production robotis\u00e9s de nouvelle g\u00e9n\u00e9ration DONATONI CR1 est un syst\u00e8me de production robotis\u00e9 CNC de nouvelle g\u00e9n\u00e9ration avec 6\/7\/8 axes interpol\u00e9s, con\u00e7u pour \u00eatre un outil tr\u00e8s flexible pour la production d&rsquo;\u00e9l\u00e9ments de toutes tailles et de toutes mati\u00e8res pour des tailles de pi\u00e8ces allant jusqu&rsquo;\u00e0 2900 mm. Il permet une large gamme [&hellip;]","og_url":"https:\/\/www.donatonigroup.com\/fr\/machine\/cr-1\/","og_site_name":"Donatoni Group","article_publisher":"https:\/\/www.facebook.com\/donatonimacchine","article_modified_time":"2024-03-27T09:09:30+00:00","og_image":[{"width":1500,"height":935,"url":"https:\/\/www.donatonigroup.com\/wp-content\/uploads\/2023\/02\/CR1-1500x9352-1.png","type":"image\/png"}],"twitter_card":"summary_large_image","twitter_misc":{"Dur\u00e9e de lecture estim\u00e9e":"1 minute"},"schema":{"@context":"https:\/\/schema.org","@graph":[{"@type":"WebPage","@id":"https:\/\/www.donatonigroup.com\/fr\/machine\/cr-1\/","url":"https:\/\/www.donatonigroup.com\/fr\/machine\/cr-1\/","name":"CR 1 - Donatoni Group","isPartOf":{"@id":"https:\/\/www.donatonigroup.com\/fr\/#website"},"primaryImageOfPage":{"@id":"https:\/\/www.donatonigroup.com\/fr\/machine\/cr-1\/#primaryimage"},"image":{"@id":"https:\/\/www.donatonigroup.com\/fr\/machine\/cr-1\/#primaryimage"},"thumbnailUrl":"https:\/\/www.donatonigroup.com\/wp-content\/uploads\/2023\/02\/CR1-1500x9352-1.png","datePublished":"2023-02-09T08:29:54+00:00","dateModified":"2024-03-27T09:09:30+00:00","breadcrumb":{"@id":"https:\/\/www.donatonigroup.com\/fr\/machine\/cr-1\/#breadcrumb"},"inLanguage":"fr-FR","potentialAction":[{"@type":"ReadAction","target":["https:\/\/www.donatonigroup.com\/fr\/machine\/cr-1\/"]}]},{"@type":"ImageObject","inLanguage":"fr-FR","@id":"https:\/\/www.donatonigroup.com\/fr\/machine\/cr-1\/#primaryimage","url":"https:\/\/www.donatonigroup.com\/wp-content\/uploads\/2023\/02\/CR1-1500x9352-1.png","contentUrl":"https:\/\/www.donatonigroup.com\/wp-content\/uploads\/2023\/02\/CR1-1500x9352-1.png","width":1500,"height":935},{"@type":"BreadcrumbList","@id":"https:\/\/www.donatonigroup.com\/fr\/machine\/cr-1\/#breadcrumb","itemListElement":[{"@type":"ListItem","position":1,"name":"Home","item":"https:\/\/www.donatonigroup.com\/fr\/"},{"@type":"ListItem","position":2,"name":"Catalogue machines","item":"https:\/\/www.donatonigroup.com\/fr\/catalogue-machines\/"},{"@type":"ListItem","position":3,"name":"CR 1"}]},{"@type":"WebSite","@id":"https:\/\/www.donatonigroup.com\/fr\/#website","url":"https:\/\/www.donatonigroup.com\/fr\/","name":"Donatoni Group","description":"","publisher":{"@id":"https:\/\/www.donatonigroup.com\/fr\/#organization"},"potentialAction":[{"@type":"SearchAction","target":{"@type":"EntryPoint","urlTemplate":"https:\/\/www.donatonigroup.com\/fr\/?s={search_term_string}"},"query-input":{"@type":"PropertyValueSpecification","valueRequired":true,"valueName":"search_term_string"}}],"inLanguage":"fr-FR"},{"@type":"Organization","@id":"https:\/\/www.donatonigroup.com\/fr\/#organization","name":"Donatoni Group","url":"https:\/\/www.donatonigroup.com\/fr\/","logo":{"@type":"ImageObject","inLanguage":"fr-FR","@id":"https:\/\/www.donatonigroup.com\/fr\/#\/schema\/logo\/image\/","url":"http:\/\/www.donatonigroup.com\/wp-content\/uploads\/2023\/02\/donatoni-logo.png","contentUrl":"http:\/\/www.donatonigroup.com\/wp-content\/uploads\/2023\/02\/donatoni-logo.png","width":800,"height":112,"caption":"Donatoni Group"},"image":{"@id":"https:\/\/www.donatonigroup.com\/fr\/#\/schema\/logo\/image\/"},"sameAs":["https:\/\/www.facebook.com\/donatonimacchine","https:\/\/instagram.com\/donatonigroup\/","https:\/\/www.linkedin.com\/company\/donatoni-macchine-s-r-l"]}]}},"_links":{"self":[{"href":"https:\/\/www.donatonigroup.com\/fr\/wp-json\/wp\/v2\/product\/13722","targetHints":{"allow":["GET"]}}],"collection":[{"href":"https:\/\/www.donatonigroup.com\/fr\/wp-json\/wp\/v2\/product"}],"about":[{"href":"https:\/\/www.donatonigroup.com\/fr\/wp-json\/wp\/v2\/types\/product"}],"wp:featuredmedia":[{"embeddable":true,"href":"https:\/\/www.donatonigroup.com\/fr\/wp-json\/wp\/v2\/media\/13724"}],"wp:attachment":[{"href":"https:\/\/www.donatonigroup.com\/fr\/wp-json\/wp\/v2\/media?parent=13722"}],"wp:term":[{"taxonomy":"product_brand","embeddable":true,"href":"https:\/\/www.donatonigroup.com\/fr\/wp-json\/wp\/v2\/product_brand?post=13722"},{"taxonomy":"product_cat","embeddable":true,"href":"https:\/\/www.donatonigroup.com\/fr\/wp-json\/wp\/v2\/product_cat?post=13722"},{"taxonomy":"product_tag","embeddable":true,"href":"https:\/\/www.donatonigroup.com\/fr\/wp-json\/wp\/v2\/product_tag?post=13722"},{"taxonomy":"caratteristica","embeddable":true,"href":"https:\/\/www.donatonigroup.com\/fr\/wp-json\/wp\/v2\/caratteristica?post=13722"},{"taxonomy":"serie","embeddable":true,"href":"https:\/\/www.donatonigroup.com\/fr\/wp-json\/wp\/v2\/serie?post=13722"},{"taxonomy":"settore_di_applicazione","embeddable":true,"href":"https:\/\/www.donatonigroup.com\/fr\/wp-json\/wp\/v2\/settore_di_applicazione?post=13722"}],"curies":[{"name":"wp","href":"https:\/\/api.w.org\/{rel}","templated":true}]}}