{"id":13735,"date":"2023-02-09T08:36:54","date_gmt":"2023-02-09T08:36:54","guid":{"rendered":"http:\/\/www.donatonigroup.com\/macchina\/cr-2\/"},"modified":"2024-03-27T09:27:49","modified_gmt":"2024-03-27T09:27:49","slug":"cr-2","status":"publish","type":"product","link":"https:\/\/www.donatonigroup.com\/fr\/machine\/cr-2\/","title":{"rendered":"CR 2"},"content":{"rendered":"<div class=\"dfa848d5-a83c-4f3f-a77b-be50d21ef421\" data-el-id=\"dfa848d5-a83c-4f3f-a77b-be50d21ef421\">\n<div data-el-id=\"dfa848d5-a83c-4f3f-a77b-be50d21ef421-txt\"><\/div>\n<\/div>\n<div data-el-id=\"c1dee416-bb48-483e-9098-f0ea43eb00a6\">\n<div data-el-id=\"c1dee416-bb48-483e-9098-f0ea43eb00a6-txt\">\n<div class=\"machine-template__description-title\">\n<h3 class=\"machine-template__description-title-sub\">Syst\u00e8mes de production robotis\u00e9s de nouvelle g\u00e9n\u00e9ration<\/h3>\n<\/div>\n<\/div>\n<\/div>\n<div data-el-id=\"cd1a8a55-1de4-4e0c-8118-1887ad458c0e\">\n<div data-el-id=\"cd1a8a55-1de4-4e0c-8118-1887ad458c0e-txt\">\n<div class=\"machine-template__description-description\">\n<p><strong>DONATONI CR2<\/strong> est un syst\u00e8me de production robotis\u00e9 CNC de nouvelle g\u00e9n\u00e9ration avec <strong>6\/7\/8 axes interpol\u00e9s<\/strong>, con\u00e7u pour \u00eatre un outil tr\u00e8s flexible pour la production d&rsquo;\u00e9l\u00e9ments de tous volumes et de toutes mati\u00e8res pour des tailles de pi\u00e8ces allant jusqu&rsquo;\u00e0 3300 mm. Il permet une large gamme d&rsquo;op\u00e9rations d&rsquo;usinage, depuis la coupe, le fraisage, le per\u00e7age, jusqu&rsquo;au fa\u00e7onnage simple et complexe.<\/p>\n<p>Le syst\u00e8me est enti\u00e8rement personnalisable, tant en termes d&rsquo;agencement que de disponibilit\u00e9 de nombreux \u00e9quipements, tels que le changeur automatique d&rsquo;outils et de disques ISO50, la table rotative interpol\u00e9e, le tour horizontal interpol\u00e9, la plate-forme \u00e0 plateau en aluminium et les tables \u00e0 plateau en bois.<\/p>\n<p>&nbsp;<\/p>\n<\/div>\n<\/div>\n<\/div>\n","protected":false},"excerpt":{"rendered":"<p>Syst\u00e8mes de production robotis\u00e9s de nouvelle g\u00e9n\u00e9ration DONATONI CR2 est un syst\u00e8me de production robotis\u00e9 CNC de nouvelle g\u00e9n\u00e9ration avec 6\/7\/8 axes interpol\u00e9s, con\u00e7u pour \u00eatre un outil tr\u00e8s flexible pour la production d&rsquo;\u00e9l\u00e9ments de tous volumes et de toutes mati\u00e8res pour des tailles de pi\u00e8ces allant jusqu&rsquo;\u00e0 3300 mm. Il permet une large gamme [&hellip;]<\/p>\n","protected":false},"featured_media":13737,"template":"","meta":{"_et_pb_use_builder":"","_et_pb_old_content":"","_et_gb_content_width":""},"product_brand":[],"product_cat":[2912],"product_tag":[],"caratteristica":[3086,3088,3089,3281,3506,3507,3508],"serie":[3477],"settore_di_applicazione":[3092,3093,3094,3095],"class_list":{"0":"post-13735","1":"product","2":"type-product","3":"status-publish","4":"has-post-thumbnail","6":"product_cat-systemes-robotises","7":"pa_altezza-max-lavoro-ind-2700-fr","8":"pa_assi-interpolati-6-7-8-fr","9":"pa_attacco-portautensile-50-fr","10":"pa_classe-di-protezione-cr-65-fr","11":"pa_classe-di-protezione-polso-67-fr","12":"pa_consumo-acqua-3bar-50-fr","13":"pa_consumo-aria-6-bar-20-fr","14":"pa_coppia-mot-elettromandrino-239-273-fr","15":"pa_corsa-asse-a1-185-fr","16":"pa_corsa-asse-a2-130-20-fr","17":"pa_corsa-asse-a3-100-144-fr","18":"pa_corsa-asse-a4-350-fr","19":"pa_corsa-asse-a5-120-fr","20":"pa_corsa-asse-a6-350-fr","21":"pa_diametro-massimo-disco-825-fr","22":"pa_diametro-minimo-disco-350-fr","23":"pa_dim-piattaforma-3270-x-2000-fr","24":"pa_limiti-ambiente-temp-5-40-fr","25":"pa_livello-sonoro-75-fr","26":"pa_max-raggio-dazione-3326-fr","27":"pa_peso-solo-robot-2686-fr","28":"pa_portata-al-polso-420-fr","29":"pa_potenza-installata-49-fr","30":"pa_potenza-nominale-35-40-fr","31":"pa_profondita-max-di-taglio-276-fr","32":"pa_raffreddamento-motore-liquido-fr","33":"pa_ripetibilita-posiz-asse-x-0-08-fr","34":"pa_sistema-di-controllo-kr-c4-fr","35":"pa_temp-esercizio-10--50-fr","36":"pa_tensione-elettrica-standard-40010-50-fr","37":"pa_velocita-massima-8000-fr","38":"pa_velocita-massima-asse-a1-80-fr","39":"pa_velocita-massima-asse-a2-75-fr","40":"pa_velocita-massima-asse-a3-70-fr","41":"pa_velocita-massima-asse-a4-70-fr","42":"pa_velocita-massima-asse-a5-70-fr","43":"pa_velocita-massima-asse-a6-110-fr","44":"caratteristica-large-eventail-doperations-dusinage","45":"caratteristica-encombrement-reduit","46":"caratteristica-simple-et-rapide-a-programmer","47":"caratteristica-tres-puissante","48":"caratteristica-ideale-pour-le-faconnage-et-les-sculptures","49":"caratteristica-interface-logicielle-specifique","50":"caratteristica-systeme-modulaire-librement-combinable","51":"serie-serie-cr","52":"settore_di_applicazione-funeraire","53":"settore_di_applicazione-design-et-sculpture","54":"settore_di_applicazione-grands-projets","55":"settore_di_applicazione-articles-pour-le-secteur-de-la-construction","57":"first","58":"instock","59":"shipping-taxable","60":"purchasable","61":"product-type-simple"},"acf":[],"yoast_head":"<!-- This site is optimized with the Yoast SEO plugin v25.8 - https:\/\/yoast.com\/wordpress\/plugins\/seo\/ -->\n<title>CR 2 - Donatoni Group<\/title>\n<meta name=\"robots\" content=\"index, follow, max-snippet:-1, max-image-preview:large, max-video-preview:-1\" \/>\n<link rel=\"canonical\" href=\"https:\/\/www.donatonigroup.com\/fr\/machine\/cr-2\/\" \/>\n<meta property=\"og:locale\" content=\"fr_FR\" \/>\n<meta property=\"og:type\" content=\"article\" \/>\n<meta property=\"og:title\" content=\"CR 2 - Donatoni Group\" \/>\n<meta property=\"og:description\" content=\"Syst\u00e8mes de production robotis\u00e9s de nouvelle g\u00e9n\u00e9ration DONATONI CR2 est un syst\u00e8me de production robotis\u00e9 CNC de nouvelle g\u00e9n\u00e9ration avec 6\/7\/8 axes interpol\u00e9s, con\u00e7u pour \u00eatre un outil tr\u00e8s flexible pour la production d&rsquo;\u00e9l\u00e9ments de tous volumes et de toutes mati\u00e8res pour des tailles de pi\u00e8ces allant jusqu&rsquo;\u00e0 3300 mm. Il permet une large gamme [&hellip;]\" \/>\n<meta property=\"og:url\" content=\"https:\/\/www.donatonigroup.com\/fr\/machine\/cr-2\/\" \/>\n<meta property=\"og:site_name\" content=\"Donatoni Group\" \/>\n<meta property=\"article:publisher\" content=\"https:\/\/www.facebook.com\/donatonimacchine\" \/>\n<meta property=\"article:modified_time\" content=\"2024-03-27T09:27:49+00:00\" \/>\n<meta property=\"og:image\" content=\"https:\/\/www.donatonigroup.com\/wp-content\/uploads\/2023\/02\/CR2-1500x9352-1.png\" \/>\n\t<meta property=\"og:image:width\" content=\"1500\" \/>\n\t<meta property=\"og:image:height\" content=\"935\" \/>\n\t<meta property=\"og:image:type\" content=\"image\/png\" \/>\n<meta name=\"twitter:card\" content=\"summary_large_image\" \/>\n<meta name=\"twitter:label1\" content=\"Dur\u00e9e de lecture estim\u00e9e\" \/>\n\t<meta name=\"twitter:data1\" content=\"1 minute\" \/>\n<script type=\"application\/ld+json\" class=\"yoast-schema-graph\">{\"@context\":\"https:\/\/schema.org\",\"@graph\":[{\"@type\":\"WebPage\",\"@id\":\"https:\/\/www.donatonigroup.com\/fr\/machine\/cr-2\/\",\"url\":\"https:\/\/www.donatonigroup.com\/fr\/machine\/cr-2\/\",\"name\":\"CR 2 - Donatoni Group\",\"isPartOf\":{\"@id\":\"https:\/\/www.donatonigroup.com\/fr\/#website\"},\"primaryImageOfPage\":{\"@id\":\"https:\/\/www.donatonigroup.com\/fr\/machine\/cr-2\/#primaryimage\"},\"image\":{\"@id\":\"https:\/\/www.donatonigroup.com\/fr\/machine\/cr-2\/#primaryimage\"},\"thumbnailUrl\":\"https:\/\/www.donatonigroup.com\/wp-content\/uploads\/2023\/02\/CR2-1500x9352-1.png\",\"datePublished\":\"2023-02-09T08:36:54+00:00\",\"dateModified\":\"2024-03-27T09:27:49+00:00\",\"breadcrumb\":{\"@id\":\"https:\/\/www.donatonigroup.com\/fr\/machine\/cr-2\/#breadcrumb\"},\"inLanguage\":\"fr-FR\",\"potentialAction\":[{\"@type\":\"ReadAction\",\"target\":[\"https:\/\/www.donatonigroup.com\/fr\/machine\/cr-2\/\"]}]},{\"@type\":\"ImageObject\",\"inLanguage\":\"fr-FR\",\"@id\":\"https:\/\/www.donatonigroup.com\/fr\/machine\/cr-2\/#primaryimage\",\"url\":\"https:\/\/www.donatonigroup.com\/wp-content\/uploads\/2023\/02\/CR2-1500x9352-1.png\",\"contentUrl\":\"https:\/\/www.donatonigroup.com\/wp-content\/uploads\/2023\/02\/CR2-1500x9352-1.png\",\"width\":1500,\"height\":935},{\"@type\":\"BreadcrumbList\",\"@id\":\"https:\/\/www.donatonigroup.com\/fr\/machine\/cr-2\/#breadcrumb\",\"itemListElement\":[{\"@type\":\"ListItem\",\"position\":1,\"name\":\"Home\",\"item\":\"https:\/\/www.donatonigroup.com\/fr\/\"},{\"@type\":\"ListItem\",\"position\":2,\"name\":\"Catalogue machines\",\"item\":\"https:\/\/www.donatonigroup.com\/fr\/catalogue-machines\/\"},{\"@type\":\"ListItem\",\"position\":3,\"name\":\"CR 2\"}]},{\"@type\":\"WebSite\",\"@id\":\"https:\/\/www.donatonigroup.com\/fr\/#website\",\"url\":\"https:\/\/www.donatonigroup.com\/fr\/\",\"name\":\"Donatoni Group\",\"description\":\"\",\"publisher\":{\"@id\":\"https:\/\/www.donatonigroup.com\/fr\/#organization\"},\"potentialAction\":[{\"@type\":\"SearchAction\",\"target\":{\"@type\":\"EntryPoint\",\"urlTemplate\":\"https:\/\/www.donatonigroup.com\/fr\/?s={search_term_string}\"},\"query-input\":{\"@type\":\"PropertyValueSpecification\",\"valueRequired\":true,\"valueName\":\"search_term_string\"}}],\"inLanguage\":\"fr-FR\"},{\"@type\":\"Organization\",\"@id\":\"https:\/\/www.donatonigroup.com\/fr\/#organization\",\"name\":\"Donatoni Group\",\"url\":\"https:\/\/www.donatonigroup.com\/fr\/\",\"logo\":{\"@type\":\"ImageObject\",\"inLanguage\":\"fr-FR\",\"@id\":\"https:\/\/www.donatonigroup.com\/fr\/#\/schema\/logo\/image\/\",\"url\":\"http:\/\/www.donatonigroup.com\/wp-content\/uploads\/2023\/02\/donatoni-logo.png\",\"contentUrl\":\"http:\/\/www.donatonigroup.com\/wp-content\/uploads\/2023\/02\/donatoni-logo.png\",\"width\":800,\"height\":112,\"caption\":\"Donatoni Group\"},\"image\":{\"@id\":\"https:\/\/www.donatonigroup.com\/fr\/#\/schema\/logo\/image\/\"},\"sameAs\":[\"https:\/\/www.facebook.com\/donatonimacchine\",\"https:\/\/instagram.com\/donatonigroup\/\",\"https:\/\/www.linkedin.com\/company\/donatoni-macchine-s-r-l\"]}]}<\/script>\n<!-- \/ Yoast SEO plugin. -->","yoast_head_json":{"title":"CR 2 - Donatoni Group","robots":{"index":"index","follow":"follow","max-snippet":"max-snippet:-1","max-image-preview":"max-image-preview:large","max-video-preview":"max-video-preview:-1"},"canonical":"https:\/\/www.donatonigroup.com\/fr\/machine\/cr-2\/","og_locale":"fr_FR","og_type":"article","og_title":"CR 2 - Donatoni Group","og_description":"Syst\u00e8mes de production robotis\u00e9s de nouvelle g\u00e9n\u00e9ration DONATONI CR2 est un syst\u00e8me de production robotis\u00e9 CNC de nouvelle g\u00e9n\u00e9ration avec 6\/7\/8 axes interpol\u00e9s, con\u00e7u pour \u00eatre un outil tr\u00e8s flexible pour la production d&rsquo;\u00e9l\u00e9ments de tous volumes et de toutes mati\u00e8res pour des tailles de pi\u00e8ces allant jusqu&rsquo;\u00e0 3300 mm. Il permet une large gamme [&hellip;]","og_url":"https:\/\/www.donatonigroup.com\/fr\/machine\/cr-2\/","og_site_name":"Donatoni Group","article_publisher":"https:\/\/www.facebook.com\/donatonimacchine","article_modified_time":"2024-03-27T09:27:49+00:00","og_image":[{"width":1500,"height":935,"url":"https:\/\/www.donatonigroup.com\/wp-content\/uploads\/2023\/02\/CR2-1500x9352-1.png","type":"image\/png"}],"twitter_card":"summary_large_image","twitter_misc":{"Dur\u00e9e de lecture estim\u00e9e":"1 minute"},"schema":{"@context":"https:\/\/schema.org","@graph":[{"@type":"WebPage","@id":"https:\/\/www.donatonigroup.com\/fr\/machine\/cr-2\/","url":"https:\/\/www.donatonigroup.com\/fr\/machine\/cr-2\/","name":"CR 2 - Donatoni Group","isPartOf":{"@id":"https:\/\/www.donatonigroup.com\/fr\/#website"},"primaryImageOfPage":{"@id":"https:\/\/www.donatonigroup.com\/fr\/machine\/cr-2\/#primaryimage"},"image":{"@id":"https:\/\/www.donatonigroup.com\/fr\/machine\/cr-2\/#primaryimage"},"thumbnailUrl":"https:\/\/www.donatonigroup.com\/wp-content\/uploads\/2023\/02\/CR2-1500x9352-1.png","datePublished":"2023-02-09T08:36:54+00:00","dateModified":"2024-03-27T09:27:49+00:00","breadcrumb":{"@id":"https:\/\/www.donatonigroup.com\/fr\/machine\/cr-2\/#breadcrumb"},"inLanguage":"fr-FR","potentialAction":[{"@type":"ReadAction","target":["https:\/\/www.donatonigroup.com\/fr\/machine\/cr-2\/"]}]},{"@type":"ImageObject","inLanguage":"fr-FR","@id":"https:\/\/www.donatonigroup.com\/fr\/machine\/cr-2\/#primaryimage","url":"https:\/\/www.donatonigroup.com\/wp-content\/uploads\/2023\/02\/CR2-1500x9352-1.png","contentUrl":"https:\/\/www.donatonigroup.com\/wp-content\/uploads\/2023\/02\/CR2-1500x9352-1.png","width":1500,"height":935},{"@type":"BreadcrumbList","@id":"https:\/\/www.donatonigroup.com\/fr\/machine\/cr-2\/#breadcrumb","itemListElement":[{"@type":"ListItem","position":1,"name":"Home","item":"https:\/\/www.donatonigroup.com\/fr\/"},{"@type":"ListItem","position":2,"name":"Catalogue machines","item":"https:\/\/www.donatonigroup.com\/fr\/catalogue-machines\/"},{"@type":"ListItem","position":3,"name":"CR 2"}]},{"@type":"WebSite","@id":"https:\/\/www.donatonigroup.com\/fr\/#website","url":"https:\/\/www.donatonigroup.com\/fr\/","name":"Donatoni Group","description":"","publisher":{"@id":"https:\/\/www.donatonigroup.com\/fr\/#organization"},"potentialAction":[{"@type":"SearchAction","target":{"@type":"EntryPoint","urlTemplate":"https:\/\/www.donatonigroup.com\/fr\/?s={search_term_string}"},"query-input":{"@type":"PropertyValueSpecification","valueRequired":true,"valueName":"search_term_string"}}],"inLanguage":"fr-FR"},{"@type":"Organization","@id":"https:\/\/www.donatonigroup.com\/fr\/#organization","name":"Donatoni Group","url":"https:\/\/www.donatonigroup.com\/fr\/","logo":{"@type":"ImageObject","inLanguage":"fr-FR","@id":"https:\/\/www.donatonigroup.com\/fr\/#\/schema\/logo\/image\/","url":"http:\/\/www.donatonigroup.com\/wp-content\/uploads\/2023\/02\/donatoni-logo.png","contentUrl":"http:\/\/www.donatonigroup.com\/wp-content\/uploads\/2023\/02\/donatoni-logo.png","width":800,"height":112,"caption":"Donatoni Group"},"image":{"@id":"https:\/\/www.donatonigroup.com\/fr\/#\/schema\/logo\/image\/"},"sameAs":["https:\/\/www.facebook.com\/donatonimacchine","https:\/\/instagram.com\/donatonigroup\/","https:\/\/www.linkedin.com\/company\/donatoni-macchine-s-r-l"]}]}},"_links":{"self":[{"href":"https:\/\/www.donatonigroup.com\/fr\/wp-json\/wp\/v2\/product\/13735","targetHints":{"allow":["GET"]}}],"collection":[{"href":"https:\/\/www.donatonigroup.com\/fr\/wp-json\/wp\/v2\/product"}],"about":[{"href":"https:\/\/www.donatonigroup.com\/fr\/wp-json\/wp\/v2\/types\/product"}],"wp:featuredmedia":[{"embeddable":true,"href":"https:\/\/www.donatonigroup.com\/fr\/wp-json\/wp\/v2\/media\/13737"}],"wp:attachment":[{"href":"https:\/\/www.donatonigroup.com\/fr\/wp-json\/wp\/v2\/media?parent=13735"}],"wp:term":[{"taxonomy":"product_brand","embeddable":true,"href":"https:\/\/www.donatonigroup.com\/fr\/wp-json\/wp\/v2\/product_brand?post=13735"},{"taxonomy":"product_cat","embeddable":true,"href":"https:\/\/www.donatonigroup.com\/fr\/wp-json\/wp\/v2\/product_cat?post=13735"},{"taxonomy":"product_tag","embeddable":true,"href":"https:\/\/www.donatonigroup.com\/fr\/wp-json\/wp\/v2\/product_tag?post=13735"},{"taxonomy":"caratteristica","embeddable":true,"href":"https:\/\/www.donatonigroup.com\/fr\/wp-json\/wp\/v2\/caratteristica?post=13735"},{"taxonomy":"serie","embeddable":true,"href":"https:\/\/www.donatonigroup.com\/fr\/wp-json\/wp\/v2\/serie?post=13735"},{"taxonomy":"settore_di_applicazione","embeddable":true,"href":"https:\/\/www.donatonigroup.com\/fr\/wp-json\/wp\/v2\/settore_di_applicazione?post=13735"}],"curies":[{"name":"wp","href":"https:\/\/api.w.org\/{rel}","templated":true}]}}