{"id":14103,"date":"2023-02-09T09:48:18","date_gmt":"2023-02-09T09:48:18","guid":{"rendered":"http:\/\/www.donatonigroup.com\/macchina\/kross\/"},"modified":"2023-02-09T09:48:18","modified_gmt":"2023-02-09T09:48:18","slug":"kross","status":"publish","type":"product","link":"https:\/\/www.donatonigroup.com\/fr\/machine\/kross\/","title":{"rendered":"Kross"},"content":{"rendered":"<div id=\"introduction\" class=\"machine-template__default-margin machine-template__serie-container 830cab29-e151-46fc-9333-176ed00ac664\" data-el-id=\"830cab29-e151-46fc-9333-176ed00ac664\">\n<div data-el-id=\"e83bcbf8-1923-4a3a-88df-ce4ffd1ff06d\">\n<div class=\"machine-template__description-container\" data-el-id=\"a9e4fb0a-2fbc-4744-be55-0a20213c2c07\">\n<div data-el-id=\"faa9e8c4-84be-49dd-9314-1b3e07ce16b7\">\n<div class=\"\" data-el-id=\"91fb71f8-d8be-43ef-9c65-7dc283c4334b\">\n<div data-el-id=\"1ceae948-4062-40b7-8b93-ad4a88ba802d\">\n<div data-el-id=\"ab89ff30-88d8-4a67-8ff7-1659a5f20b90\">\n<div data-el-id=\"ab89ff30-88d8-4a67-8ff7-1659a5f20b90-txt\">\n<div class=\"machine-template__description-title\">\n<h3 class=\"machine-template__description-title-text\">Compact, rapide, unique<\/h3>\n<\/div>\n<\/div>\n<\/div>\n<div class=\"f9300e15-24fb-44eb-b25f-109db86ada43\" data-el-id=\"f9300e15-24fb-44eb-b25f-109db86ada43\">\n<div data-el-id=\"f9300e15-24fb-44eb-b25f-109db86ada43-txt\">\n<h3>CNC multifunction machine<\/h3>\n<\/div>\n<\/div>\n<div class=\"machine-template__description-description\" data-el-id=\"9d2d5bda-b9ef-4293-9a37-899adb4de8ac\">\n<div data-el-id=\"9d2d5bda-b9ef-4293-9a37-899adb4de8ac-txt\">\n<p><strong>Donatoni KROSS <\/strong>est la machine con\u00e7ue et r\u00e9alis\u00e9e pour r\u00e9pondre aux exigences de ceux qui se consacrent \u00e0 la production en s\u00e9rie de panneaux et de rev\u00eatements pour fa\u00e7ades ventil\u00e9es et murs int\u00e9rieurs. Donatoni KROSS permet d&rsquo;effectuer des op\u00e9rations d&rsquo;usinage pour la pr\u00e9paration des diff\u00e9rents types de fixations m\u00e9caniques, en r\u00e9duisant les temps et les co\u00fbts d&rsquo;usinage. <\/p>\n<\/div>\n<\/div>\n<\/div>\n<\/div>\n<\/div>\n<\/div>\n<\/div>\n<\/div>\n<div class=\"\" data-el-id=\"a0084663-9c45-490b-bffe-240b0fb5eb22\">\n<div data-el-id=\"10182226-8a99-4d73-b731-ba1a995d59e3\">\n<div id=\"features\" class=\"machine-template__default-margin new-machine-template__features-container\" data-el-id=\"df5c2b3d-f7db-4daf-96b8-74396ae5a715\">\n<div data-el-id=\"ac9ca420-ea2b-42bf-bcde-7f693080417c\">\n<div class=\"machine-template__features-description-container\" data-el-id=\"cd4af0b1-8815-4942-b5fd-902c89cdd559\"><\/div>\n<\/div>\n<\/div>\n<\/div>\n<\/div>\n","protected":false},"excerpt":{"rendered":"<p>Compact, rapide, unique CNC multifunction machine Donatoni KROSS est la machine con\u00e7ue et r\u00e9alis\u00e9e pour r\u00e9pondre aux exigences de ceux qui se consacrent \u00e0 la production en s\u00e9rie de panneaux et de rev\u00eatements pour fa\u00e7ades ventil\u00e9es et murs int\u00e9rieurs. Donatoni KROSS permet d&rsquo;effectuer des op\u00e9rations d&rsquo;usinage pour la pr\u00e9paration des diff\u00e9rents types de fixations m\u00e9caniques, [&hellip;]<\/p>\n","protected":false},"featured_media":14104,"template":"","meta":{"_et_pb_use_builder":"","_et_pb_old_content":"","_et_gb_content_width":""},"product_brand":[],"product_cat":[3895],"product_tag":[],"caratteristica":[3086,3089,3351,3396,3397,3882,3883,3884],"serie":[3373],"settore_di_applicazione":[3094,3398],"class_list":{"0":"post-14103","1":"product","2":"type-product","3":"status-publish","4":"has-post-thumbnail","6":"product_cat-non-classe","7":"pa_assi-interpolati-441-fr","8":"pa_attacco-utensile-cono-40-fr","9":"pa_consumo-acqua-disco-taglio-100-fr","10":"pa_consumo-acqua-interna-3bar-50-fr","11":"pa_consumo-aria-20-fr","12":"pa_coppia-motore-elettro-tool-30-s1-36-s6-fr","13":"pa_corsa-asse-v-300-1500-fr","14":"pa_corsa-carrello-asse-x-2200-fr","15":"pa_corsa-ponte-asse-y-2600-fr","16":"pa_diametro-massimo-disco-300-fr","17":"pa_dimensioni-massime-pezzo-2000x1500x100-fr","18":"pa_dimensioni-minime-pezzo-300x300x10-fr","19":"pa_inclinazione-disco-asse-c-non-presente-fr","20":"pa_magazzino-utensili-2-x-6-outils-2-disques","21":"pa_peso-complessivo-macchina-6000-fr","22":"pa_potenza-elettromandrino-9-2-s1-11-s6-fr","23":"pa_potenza-installata-30-fr","24":"pa_profondita-max-di-taglio-65-fr","25":"pa_rot-testa-porta-disco-a-0-90-fr","26":"pa_rotazione-disco-con-inverter-0-10000-fr","27":"pa_salita-discesa-assez-700-fr","28":"pa_temperatura-funzionale-10-40-10-85-umidita-rel-fr","29":"pa_tensione-elettrica-standard-40010-50-fr","30":"pa_velocita-massima-asse-u-0-17-fr","31":"pa_velocita-massima-asse-v-0-3-fr","32":"pa_velocita-max-carrello-asse-x-0-40-fr","33":"pa_velocita-max-ponte-asse-y-0-30-fr","34":"pa_velocita-max-teste-asse-z-0-10-fr","35":"caratteristica-large-eventail-doperations-dusinage","36":"caratteristica-simple-et-rapide-a-programmer","37":"caratteristica-transport-et-montage-simples","38":"caratteristica-productivite-elevee","39":"caratteristica-ideale-pour-la-haute-production","40":"caratteristica-automatisation-des-processus-de-production","41":"caratteristica-reduction-des-couts-de-traitement","42":"caratteristica-extremement-rapide","43":"serie-machines-speciales","44":"settore_di_applicazione-grands-projets","45":"settore_di_applicazione-dallages-et-revetements-muraux","47":"first","48":"instock","49":"shipping-taxable","50":"purchasable","51":"product-type-simple"},"acf":[],"yoast_head":"<!-- This site is optimized with the Yoast SEO plugin v25.8 - https:\/\/yoast.com\/wordpress\/plugins\/seo\/ -->\n<title>Kross - Donatoni Group<\/title>\n<meta name=\"robots\" content=\"index, follow, max-snippet:-1, max-image-preview:large, max-video-preview:-1\" \/>\n<link rel=\"canonical\" href=\"https:\/\/www.donatonigroup.com\/fr\/machine\/kross\/\" \/>\n<meta property=\"og:locale\" content=\"fr_FR\" \/>\n<meta property=\"og:type\" content=\"article\" \/>\n<meta property=\"og:title\" content=\"Kross - Donatoni Group\" \/>\n<meta property=\"og:description\" content=\"Compact, rapide, unique CNC multifunction machine Donatoni KROSS est la machine con\u00e7ue et r\u00e9alis\u00e9e pour r\u00e9pondre aux exigences de ceux qui se consacrent \u00e0 la production en s\u00e9rie de panneaux et de rev\u00eatements pour fa\u00e7ades ventil\u00e9es et murs int\u00e9rieurs. Donatoni KROSS permet d&rsquo;effectuer des op\u00e9rations d&rsquo;usinage pour la pr\u00e9paration des diff\u00e9rents types de fixations m\u00e9caniques, [&hellip;]\" \/>\n<meta property=\"og:url\" content=\"https:\/\/www.donatonigroup.com\/fr\/machine\/kross\/\" \/>\n<meta property=\"og:site_name\" content=\"Donatoni Group\" \/>\n<meta property=\"article:publisher\" content=\"https:\/\/www.facebook.com\/donatonimacchine\" \/>\n<meta property=\"og:image\" content=\"https:\/\/www.donatonigroup.com\/wp-content\/uploads\/2023\/02\/Kross2.png\" \/>\n\t<meta property=\"og:image:width\" content=\"1500\" \/>\n\t<meta property=\"og:image:height\" content=\"935\" \/>\n\t<meta property=\"og:image:type\" content=\"image\/png\" \/>\n<meta name=\"twitter:card\" content=\"summary_large_image\" \/>\n<script type=\"application\/ld+json\" class=\"yoast-schema-graph\">{\"@context\":\"https:\/\/schema.org\",\"@graph\":[{\"@type\":\"WebPage\",\"@id\":\"https:\/\/www.donatonigroup.com\/fr\/machine\/kross\/\",\"url\":\"https:\/\/www.donatonigroup.com\/fr\/machine\/kross\/\",\"name\":\"Kross - Donatoni Group\",\"isPartOf\":{\"@id\":\"https:\/\/www.donatonigroup.com\/fr\/#website\"},\"primaryImageOfPage\":{\"@id\":\"https:\/\/www.donatonigroup.com\/fr\/machine\/kross\/#primaryimage\"},\"image\":{\"@id\":\"https:\/\/www.donatonigroup.com\/fr\/machine\/kross\/#primaryimage\"},\"thumbnailUrl\":\"https:\/\/www.donatonigroup.com\/wp-content\/uploads\/2023\/02\/Kross2.png\",\"datePublished\":\"2023-02-09T09:48:18+00:00\",\"breadcrumb\":{\"@id\":\"https:\/\/www.donatonigroup.com\/fr\/machine\/kross\/#breadcrumb\"},\"inLanguage\":\"fr-FR\",\"potentialAction\":[{\"@type\":\"ReadAction\",\"target\":[\"https:\/\/www.donatonigroup.com\/fr\/machine\/kross\/\"]}]},{\"@type\":\"ImageObject\",\"inLanguage\":\"fr-FR\",\"@id\":\"https:\/\/www.donatonigroup.com\/fr\/machine\/kross\/#primaryimage\",\"url\":\"https:\/\/www.donatonigroup.com\/wp-content\/uploads\/2023\/02\/Kross2.png\",\"contentUrl\":\"https:\/\/www.donatonigroup.com\/wp-content\/uploads\/2023\/02\/Kross2.png\",\"width\":1500,\"height\":935},{\"@type\":\"BreadcrumbList\",\"@id\":\"https:\/\/www.donatonigroup.com\/fr\/machine\/kross\/#breadcrumb\",\"itemListElement\":[{\"@type\":\"ListItem\",\"position\":1,\"name\":\"Home\",\"item\":\"https:\/\/www.donatonigroup.com\/fr\/\"},{\"@type\":\"ListItem\",\"position\":2,\"name\":\"Catalogue machines\",\"item\":\"https:\/\/www.donatonigroup.com\/fr\/catalogue-machines\/\"},{\"@type\":\"ListItem\",\"position\":3,\"name\":\"Kross\"}]},{\"@type\":\"WebSite\",\"@id\":\"https:\/\/www.donatonigroup.com\/fr\/#website\",\"url\":\"https:\/\/www.donatonigroup.com\/fr\/\",\"name\":\"Donatoni Group\",\"description\":\"\",\"publisher\":{\"@id\":\"https:\/\/www.donatonigroup.com\/fr\/#organization\"},\"potentialAction\":[{\"@type\":\"SearchAction\",\"target\":{\"@type\":\"EntryPoint\",\"urlTemplate\":\"https:\/\/www.donatonigroup.com\/fr\/?s={search_term_string}\"},\"query-input\":{\"@type\":\"PropertyValueSpecification\",\"valueRequired\":true,\"valueName\":\"search_term_string\"}}],\"inLanguage\":\"fr-FR\"},{\"@type\":\"Organization\",\"@id\":\"https:\/\/www.donatonigroup.com\/fr\/#organization\",\"name\":\"Donatoni Group\",\"url\":\"https:\/\/www.donatonigroup.com\/fr\/\",\"logo\":{\"@type\":\"ImageObject\",\"inLanguage\":\"fr-FR\",\"@id\":\"https:\/\/www.donatonigroup.com\/fr\/#\/schema\/logo\/image\/\",\"url\":\"http:\/\/www.donatonigroup.com\/wp-content\/uploads\/2023\/02\/donatoni-logo.png\",\"contentUrl\":\"http:\/\/www.donatonigroup.com\/wp-content\/uploads\/2023\/02\/donatoni-logo.png\",\"width\":800,\"height\":112,\"caption\":\"Donatoni Group\"},\"image\":{\"@id\":\"https:\/\/www.donatonigroup.com\/fr\/#\/schema\/logo\/image\/\"},\"sameAs\":[\"https:\/\/www.facebook.com\/donatonimacchine\",\"https:\/\/instagram.com\/donatonigroup\/\",\"https:\/\/www.linkedin.com\/company\/donatoni-macchine-s-r-l\"]}]}<\/script>\n<!-- \/ Yoast SEO plugin. -->","yoast_head_json":{"title":"Kross - Donatoni Group","robots":{"index":"index","follow":"follow","max-snippet":"max-snippet:-1","max-image-preview":"max-image-preview:large","max-video-preview":"max-video-preview:-1"},"canonical":"https:\/\/www.donatonigroup.com\/fr\/machine\/kross\/","og_locale":"fr_FR","og_type":"article","og_title":"Kross - Donatoni Group","og_description":"Compact, rapide, unique CNC multifunction machine Donatoni KROSS est la machine con\u00e7ue et r\u00e9alis\u00e9e pour r\u00e9pondre aux exigences de ceux qui se consacrent \u00e0 la production en s\u00e9rie de panneaux et de rev\u00eatements pour fa\u00e7ades ventil\u00e9es et murs int\u00e9rieurs. Donatoni KROSS permet d&rsquo;effectuer des op\u00e9rations d&rsquo;usinage pour la pr\u00e9paration des diff\u00e9rents types de fixations m\u00e9caniques, [&hellip;]","og_url":"https:\/\/www.donatonigroup.com\/fr\/machine\/kross\/","og_site_name":"Donatoni Group","article_publisher":"https:\/\/www.facebook.com\/donatonimacchine","og_image":[{"width":1500,"height":935,"url":"https:\/\/www.donatonigroup.com\/wp-content\/uploads\/2023\/02\/Kross2.png","type":"image\/png"}],"twitter_card":"summary_large_image","schema":{"@context":"https:\/\/schema.org","@graph":[{"@type":"WebPage","@id":"https:\/\/www.donatonigroup.com\/fr\/machine\/kross\/","url":"https:\/\/www.donatonigroup.com\/fr\/machine\/kross\/","name":"Kross - Donatoni Group","isPartOf":{"@id":"https:\/\/www.donatonigroup.com\/fr\/#website"},"primaryImageOfPage":{"@id":"https:\/\/www.donatonigroup.com\/fr\/machine\/kross\/#primaryimage"},"image":{"@id":"https:\/\/www.donatonigroup.com\/fr\/machine\/kross\/#primaryimage"},"thumbnailUrl":"https:\/\/www.donatonigroup.com\/wp-content\/uploads\/2023\/02\/Kross2.png","datePublished":"2023-02-09T09:48:18+00:00","breadcrumb":{"@id":"https:\/\/www.donatonigroup.com\/fr\/machine\/kross\/#breadcrumb"},"inLanguage":"fr-FR","potentialAction":[{"@type":"ReadAction","target":["https:\/\/www.donatonigroup.com\/fr\/machine\/kross\/"]}]},{"@type":"ImageObject","inLanguage":"fr-FR","@id":"https:\/\/www.donatonigroup.com\/fr\/machine\/kross\/#primaryimage","url":"https:\/\/www.donatonigroup.com\/wp-content\/uploads\/2023\/02\/Kross2.png","contentUrl":"https:\/\/www.donatonigroup.com\/wp-content\/uploads\/2023\/02\/Kross2.png","width":1500,"height":935},{"@type":"BreadcrumbList","@id":"https:\/\/www.donatonigroup.com\/fr\/machine\/kross\/#breadcrumb","itemListElement":[{"@type":"ListItem","position":1,"name":"Home","item":"https:\/\/www.donatonigroup.com\/fr\/"},{"@type":"ListItem","position":2,"name":"Catalogue machines","item":"https:\/\/www.donatonigroup.com\/fr\/catalogue-machines\/"},{"@type":"ListItem","position":3,"name":"Kross"}]},{"@type":"WebSite","@id":"https:\/\/www.donatonigroup.com\/fr\/#website","url":"https:\/\/www.donatonigroup.com\/fr\/","name":"Donatoni Group","description":"","publisher":{"@id":"https:\/\/www.donatonigroup.com\/fr\/#organization"},"potentialAction":[{"@type":"SearchAction","target":{"@type":"EntryPoint","urlTemplate":"https:\/\/www.donatonigroup.com\/fr\/?s={search_term_string}"},"query-input":{"@type":"PropertyValueSpecification","valueRequired":true,"valueName":"search_term_string"}}],"inLanguage":"fr-FR"},{"@type":"Organization","@id":"https:\/\/www.donatonigroup.com\/fr\/#organization","name":"Donatoni Group","url":"https:\/\/www.donatonigroup.com\/fr\/","logo":{"@type":"ImageObject","inLanguage":"fr-FR","@id":"https:\/\/www.donatonigroup.com\/fr\/#\/schema\/logo\/image\/","url":"http:\/\/www.donatonigroup.com\/wp-content\/uploads\/2023\/02\/donatoni-logo.png","contentUrl":"http:\/\/www.donatonigroup.com\/wp-content\/uploads\/2023\/02\/donatoni-logo.png","width":800,"height":112,"caption":"Donatoni Group"},"image":{"@id":"https:\/\/www.donatonigroup.com\/fr\/#\/schema\/logo\/image\/"},"sameAs":["https:\/\/www.facebook.com\/donatonimacchine","https:\/\/instagram.com\/donatonigroup\/","https:\/\/www.linkedin.com\/company\/donatoni-macchine-s-r-l"]}]}},"_links":{"self":[{"href":"https:\/\/www.donatonigroup.com\/fr\/wp-json\/wp\/v2\/product\/14103","targetHints":{"allow":["GET"]}}],"collection":[{"href":"https:\/\/www.donatonigroup.com\/fr\/wp-json\/wp\/v2\/product"}],"about":[{"href":"https:\/\/www.donatonigroup.com\/fr\/wp-json\/wp\/v2\/types\/product"}],"wp:featuredmedia":[{"embeddable":true,"href":"https:\/\/www.donatonigroup.com\/fr\/wp-json\/wp\/v2\/media\/14104"}],"wp:attachment":[{"href":"https:\/\/www.donatonigroup.com\/fr\/wp-json\/wp\/v2\/media?parent=14103"}],"wp:term":[{"taxonomy":"product_brand","embeddable":true,"href":"https:\/\/www.donatonigroup.com\/fr\/wp-json\/wp\/v2\/product_brand?post=14103"},{"taxonomy":"product_cat","embeddable":true,"href":"https:\/\/www.donatonigroup.com\/fr\/wp-json\/wp\/v2\/product_cat?post=14103"},{"taxonomy":"product_tag","embeddable":true,"href":"https:\/\/www.donatonigroup.com\/fr\/wp-json\/wp\/v2\/product_tag?post=14103"},{"taxonomy":"caratteristica","embeddable":true,"href":"https:\/\/www.donatonigroup.com\/fr\/wp-json\/wp\/v2\/caratteristica?post=14103"},{"taxonomy":"serie","embeddable":true,"href":"https:\/\/www.donatonigroup.com\/fr\/wp-json\/wp\/v2\/serie?post=14103"},{"taxonomy":"settore_di_applicazione","embeddable":true,"href":"https:\/\/www.donatonigroup.com\/fr\/wp-json\/wp\/v2\/settore_di_applicazione?post=14103"}],"curies":[{"name":"wp","href":"https:\/\/api.w.org\/{rel}","templated":true}]}}