{"id":14536,"date":"2023-09-25T12:42:21","date_gmt":"2023-09-25T12:42:21","guid":{"rendered":"http:\/\/www.donatonigroup.com\/macchina\/j5-42\/"},"modified":"2025-08-29T15:25:39","modified_gmt":"2025-08-29T15:25:39","slug":"j5-42","status":"publish","type":"product","link":"https:\/\/www.donatonigroup.com\/fr\/machine\/j5-42\/","title":{"rendered":"J5.42"},"content":{"rendered":"<p>Le DONATONI J5.42 est tout nouveau centre de d\u00e9coupe Waterjet, con\u00e7u et r\u00e9alis\u00e9 par DONATONI pour r\u00e9pondre aux besoins de ceux qui n\u00e9cessitent un <b>syst\u00e8me de d\u00e9coupe au jet d\u2019eau<\/b> fiable et facile \u00e0 g\u00e9rer pour l\u2019usinage de divers mat\u00e9riaux.<\/p>\n","protected":false},"excerpt":{"rendered":"<p>Le DONATONI J5.42 est tout nouveau centre de d\u00e9coupe Waterjet, con\u00e7u et r\u00e9alis\u00e9 par DONATONI pour r\u00e9pondre aux besoins de ceux qui n\u00e9cessitent un syst\u00e8me de d\u00e9coupe au jet d\u2019eau fiable et facile \u00e0 g\u00e9rer pour l\u2019usinage de divers mat\u00e9riaux.<\/p>\n","protected":false},"featured_media":14537,"template":"","meta":{"_et_pb_use_builder":"","_et_pb_old_content":"","_et_gb_content_width":""},"product_brand":[],"product_cat":[3965],"product_tag":[],"caratteristica":[3086,3087,3088,3089,3329,3371,3968,3969],"serie":[3964],"settore_di_applicazione":[3093,3094,3095,3096,3398],"class_list":{"0":"post-14536","1":"product","2":"type-product","3":"status-publish","4":"has-post-thumbnail","6":"product_cat-waterjet-fr","7":"pa_assi-interpolati-5-fr","8":"pa_capacita-carico-banco-3000-fr","9":"pa_capacita-serbatoio-abrasivo-200-fr","10":"pa_consumo-acqua-3bar-5-fr","11":"pa_corsa-carrello-asse-x-4150-fr","12":"pa_corsa-ponte-asse-y-2170-fr","13":"pa_dimens-max-lastra-tagliabile-4100x2100-fr","14":"pa_inc-testa-taglio-acqua--60-fr","15":"pa_peso-totale-appross-7800-fr","16":"pa_pot-tot-instal-no-optional-40-fr","17":"pa_rotazione-testa-porta-disco--fr","18":"pa_salita-discesa-assez-240-fr","19":"pa_tensione-elettrica-standard-40010-50-fr","20":"pa_velocita-max-carrello-asse-x-0-30-fr","21":"pa_velocita-max-ponte-asse-y-0-30-fr","22":"pa_velocita-max-teste-asse-z-0-15-fr","23":"caratteristica-large-eventail-doperations-dusinage","24":"caratteristica-flexibilite-des-processus-de-production","25":"caratteristica-encombrement-reduit","26":"caratteristica-simple-et-rapide-a-programmer","27":"caratteristica-haute-precision-des-coupes","28":"caratteristica-extremement-polyvalente","29":"caratteristica-performant-sur-les-decoupes-de-formes","30":"caratteristica-exploitation-maximale-du-materiau","31":"serie-j-series-fr","32":"settore_di_applicazione-design-et-sculpture","33":"settore_di_applicazione-grands-projets","34":"settore_di_applicazione-articles-pour-le-secteur-de-la-construction","35":"settore_di_applicazione-plans-de-cuisine-et-de-salle-de-bains","36":"settore_di_applicazione-dallages-et-revetements-muraux","38":"first","39":"instock","40":"shipping-taxable","41":"purchasable","42":"product-type-simple"},"acf":[],"yoast_head":"<!-- This site is optimized with the Yoast SEO plugin v25.8 - https:\/\/yoast.com\/wordpress\/plugins\/seo\/ -->\n<title>J5.42 - Donatoni Group<\/title>\n<meta name=\"robots\" content=\"index, follow, max-snippet:-1, max-image-preview:large, max-video-preview:-1\" \/>\n<link rel=\"canonical\" href=\"https:\/\/www.donatonigroup.com\/fr\/machine\/j5-42\/\" \/>\n<meta property=\"og:locale\" content=\"fr_FR\" \/>\n<meta property=\"og:type\" content=\"article\" \/>\n<meta property=\"og:title\" content=\"J5.42 - Donatoni Group\" \/>\n<meta property=\"og:description\" content=\"Le DONATONI J5.42 est tout nouveau centre de d\u00e9coupe Waterjet, con\u00e7u et r\u00e9alis\u00e9 par DONATONI pour r\u00e9pondre aux besoins de ceux qui n\u00e9cessitent un syst\u00e8me de d\u00e9coupe au jet d\u2019eau fiable et facile \u00e0 g\u00e9rer pour l\u2019usinage de divers mat\u00e9riaux.\" \/>\n<meta property=\"og:url\" content=\"https:\/\/www.donatonigroup.com\/fr\/machine\/j5-42\/\" \/>\n<meta property=\"og:site_name\" content=\"Donatoni Group\" \/>\n<meta property=\"article:publisher\" content=\"https:\/\/www.facebook.com\/donatonimacchine\" \/>\n<meta property=\"article:modified_time\" content=\"2025-08-29T15:25:39+00:00\" \/>\n<meta property=\"og:image\" content=\"https:\/\/www.donatonigroup.com\/wp-content\/uploads\/2023\/09\/Waterjet-2023.png\" \/>\n\t<meta property=\"og:image:width\" content=\"1500\" \/>\n\t<meta property=\"og:image:height\" content=\"935\" \/>\n\t<meta property=\"og:image:type\" content=\"image\/png\" \/>\n<meta name=\"twitter:card\" content=\"summary_large_image\" \/>\n<meta name=\"twitter:label1\" content=\"Dur\u00e9e de lecture estim\u00e9e\" \/>\n\t<meta name=\"twitter:data1\" content=\"1 minute\" \/>\n<script type=\"application\/ld+json\" class=\"yoast-schema-graph\">{\"@context\":\"https:\/\/schema.org\",\"@graph\":[{\"@type\":\"WebPage\",\"@id\":\"https:\/\/www.donatonigroup.com\/fr\/machine\/j5-42\/\",\"url\":\"https:\/\/www.donatonigroup.com\/fr\/machine\/j5-42\/\",\"name\":\"J5.42 - Donatoni Group\",\"isPartOf\":{\"@id\":\"https:\/\/www.donatonigroup.com\/fr\/#website\"},\"primaryImageOfPage\":{\"@id\":\"https:\/\/www.donatonigroup.com\/fr\/machine\/j5-42\/#primaryimage\"},\"image\":{\"@id\":\"https:\/\/www.donatonigroup.com\/fr\/machine\/j5-42\/#primaryimage\"},\"thumbnailUrl\":\"https:\/\/www.donatonigroup.com\/wp-content\/uploads\/2023\/09\/Waterjet-2023.png\",\"datePublished\":\"2023-09-25T12:42:21+00:00\",\"dateModified\":\"2025-08-29T15:25:39+00:00\",\"breadcrumb\":{\"@id\":\"https:\/\/www.donatonigroup.com\/fr\/machine\/j5-42\/#breadcrumb\"},\"inLanguage\":\"fr-FR\",\"potentialAction\":[{\"@type\":\"ReadAction\",\"target\":[\"https:\/\/www.donatonigroup.com\/fr\/machine\/j5-42\/\"]}]},{\"@type\":\"ImageObject\",\"inLanguage\":\"fr-FR\",\"@id\":\"https:\/\/www.donatonigroup.com\/fr\/machine\/j5-42\/#primaryimage\",\"url\":\"https:\/\/www.donatonigroup.com\/wp-content\/uploads\/2023\/09\/Waterjet-2023.png\",\"contentUrl\":\"https:\/\/www.donatonigroup.com\/wp-content\/uploads\/2023\/09\/Waterjet-2023.png\",\"width\":1500,\"height\":935},{\"@type\":\"BreadcrumbList\",\"@id\":\"https:\/\/www.donatonigroup.com\/fr\/machine\/j5-42\/#breadcrumb\",\"itemListElement\":[{\"@type\":\"ListItem\",\"position\":1,\"name\":\"Home\",\"item\":\"https:\/\/www.donatonigroup.com\/fr\/\"},{\"@type\":\"ListItem\",\"position\":2,\"name\":\"Catalogue machines\",\"item\":\"https:\/\/www.donatonigroup.com\/fr\/catalogue-machines\/\"},{\"@type\":\"ListItem\",\"position\":3,\"name\":\"J5.42\"}]},{\"@type\":\"WebSite\",\"@id\":\"https:\/\/www.donatonigroup.com\/fr\/#website\",\"url\":\"https:\/\/www.donatonigroup.com\/fr\/\",\"name\":\"Donatoni Group\",\"description\":\"\",\"publisher\":{\"@id\":\"https:\/\/www.donatonigroup.com\/fr\/#organization\"},\"potentialAction\":[{\"@type\":\"SearchAction\",\"target\":{\"@type\":\"EntryPoint\",\"urlTemplate\":\"https:\/\/www.donatonigroup.com\/fr\/?s={search_term_string}\"},\"query-input\":{\"@type\":\"PropertyValueSpecification\",\"valueRequired\":true,\"valueName\":\"search_term_string\"}}],\"inLanguage\":\"fr-FR\"},{\"@type\":\"Organization\",\"@id\":\"https:\/\/www.donatonigroup.com\/fr\/#organization\",\"name\":\"Donatoni Group\",\"url\":\"https:\/\/www.donatonigroup.com\/fr\/\",\"logo\":{\"@type\":\"ImageObject\",\"inLanguage\":\"fr-FR\",\"@id\":\"https:\/\/www.donatonigroup.com\/fr\/#\/schema\/logo\/image\/\",\"url\":\"http:\/\/www.donatonigroup.com\/wp-content\/uploads\/2023\/02\/donatoni-logo.png\",\"contentUrl\":\"http:\/\/www.donatonigroup.com\/wp-content\/uploads\/2023\/02\/donatoni-logo.png\",\"width\":800,\"height\":112,\"caption\":\"Donatoni Group\"},\"image\":{\"@id\":\"https:\/\/www.donatonigroup.com\/fr\/#\/schema\/logo\/image\/\"},\"sameAs\":[\"https:\/\/www.facebook.com\/donatonimacchine\",\"https:\/\/instagram.com\/donatonigroup\/\",\"https:\/\/www.linkedin.com\/company\/donatoni-macchine-s-r-l\"]}]}<\/script>\n<!-- \/ Yoast SEO plugin. -->","yoast_head_json":{"title":"J5.42 - Donatoni Group","robots":{"index":"index","follow":"follow","max-snippet":"max-snippet:-1","max-image-preview":"max-image-preview:large","max-video-preview":"max-video-preview:-1"},"canonical":"https:\/\/www.donatonigroup.com\/fr\/machine\/j5-42\/","og_locale":"fr_FR","og_type":"article","og_title":"J5.42 - Donatoni Group","og_description":"Le DONATONI J5.42 est tout nouveau centre de d\u00e9coupe Waterjet, con\u00e7u et r\u00e9alis\u00e9 par DONATONI pour r\u00e9pondre aux besoins de ceux qui n\u00e9cessitent un syst\u00e8me de d\u00e9coupe au jet d\u2019eau fiable et facile \u00e0 g\u00e9rer pour l\u2019usinage de divers mat\u00e9riaux.","og_url":"https:\/\/www.donatonigroup.com\/fr\/machine\/j5-42\/","og_site_name":"Donatoni Group","article_publisher":"https:\/\/www.facebook.com\/donatonimacchine","article_modified_time":"2025-08-29T15:25:39+00:00","og_image":[{"width":1500,"height":935,"url":"https:\/\/www.donatonigroup.com\/wp-content\/uploads\/2023\/09\/Waterjet-2023.png","type":"image\/png"}],"twitter_card":"summary_large_image","twitter_misc":{"Dur\u00e9e de lecture estim\u00e9e":"1 minute"},"schema":{"@context":"https:\/\/schema.org","@graph":[{"@type":"WebPage","@id":"https:\/\/www.donatonigroup.com\/fr\/machine\/j5-42\/","url":"https:\/\/www.donatonigroup.com\/fr\/machine\/j5-42\/","name":"J5.42 - Donatoni Group","isPartOf":{"@id":"https:\/\/www.donatonigroup.com\/fr\/#website"},"primaryImageOfPage":{"@id":"https:\/\/www.donatonigroup.com\/fr\/machine\/j5-42\/#primaryimage"},"image":{"@id":"https:\/\/www.donatonigroup.com\/fr\/machine\/j5-42\/#primaryimage"},"thumbnailUrl":"https:\/\/www.donatonigroup.com\/wp-content\/uploads\/2023\/09\/Waterjet-2023.png","datePublished":"2023-09-25T12:42:21+00:00","dateModified":"2025-08-29T15:25:39+00:00","breadcrumb":{"@id":"https:\/\/www.donatonigroup.com\/fr\/machine\/j5-42\/#breadcrumb"},"inLanguage":"fr-FR","potentialAction":[{"@type":"ReadAction","target":["https:\/\/www.donatonigroup.com\/fr\/machine\/j5-42\/"]}]},{"@type":"ImageObject","inLanguage":"fr-FR","@id":"https:\/\/www.donatonigroup.com\/fr\/machine\/j5-42\/#primaryimage","url":"https:\/\/www.donatonigroup.com\/wp-content\/uploads\/2023\/09\/Waterjet-2023.png","contentUrl":"https:\/\/www.donatonigroup.com\/wp-content\/uploads\/2023\/09\/Waterjet-2023.png","width":1500,"height":935},{"@type":"BreadcrumbList","@id":"https:\/\/www.donatonigroup.com\/fr\/machine\/j5-42\/#breadcrumb","itemListElement":[{"@type":"ListItem","position":1,"name":"Home","item":"https:\/\/www.donatonigroup.com\/fr\/"},{"@type":"ListItem","position":2,"name":"Catalogue machines","item":"https:\/\/www.donatonigroup.com\/fr\/catalogue-machines\/"},{"@type":"ListItem","position":3,"name":"J5.42"}]},{"@type":"WebSite","@id":"https:\/\/www.donatonigroup.com\/fr\/#website","url":"https:\/\/www.donatonigroup.com\/fr\/","name":"Donatoni Group","description":"","publisher":{"@id":"https:\/\/www.donatonigroup.com\/fr\/#organization"},"potentialAction":[{"@type":"SearchAction","target":{"@type":"EntryPoint","urlTemplate":"https:\/\/www.donatonigroup.com\/fr\/?s={search_term_string}"},"query-input":{"@type":"PropertyValueSpecification","valueRequired":true,"valueName":"search_term_string"}}],"inLanguage":"fr-FR"},{"@type":"Organization","@id":"https:\/\/www.donatonigroup.com\/fr\/#organization","name":"Donatoni Group","url":"https:\/\/www.donatonigroup.com\/fr\/","logo":{"@type":"ImageObject","inLanguage":"fr-FR","@id":"https:\/\/www.donatonigroup.com\/fr\/#\/schema\/logo\/image\/","url":"http:\/\/www.donatonigroup.com\/wp-content\/uploads\/2023\/02\/donatoni-logo.png","contentUrl":"http:\/\/www.donatonigroup.com\/wp-content\/uploads\/2023\/02\/donatoni-logo.png","width":800,"height":112,"caption":"Donatoni Group"},"image":{"@id":"https:\/\/www.donatonigroup.com\/fr\/#\/schema\/logo\/image\/"},"sameAs":["https:\/\/www.facebook.com\/donatonimacchine","https:\/\/instagram.com\/donatonigroup\/","https:\/\/www.linkedin.com\/company\/donatoni-macchine-s-r-l"]}]}},"_links":{"self":[{"href":"https:\/\/www.donatonigroup.com\/fr\/wp-json\/wp\/v2\/product\/14536","targetHints":{"allow":["GET"]}}],"collection":[{"href":"https:\/\/www.donatonigroup.com\/fr\/wp-json\/wp\/v2\/product"}],"about":[{"href":"https:\/\/www.donatonigroup.com\/fr\/wp-json\/wp\/v2\/types\/product"}],"wp:featuredmedia":[{"embeddable":true,"href":"https:\/\/www.donatonigroup.com\/fr\/wp-json\/wp\/v2\/media\/14537"}],"wp:attachment":[{"href":"https:\/\/www.donatonigroup.com\/fr\/wp-json\/wp\/v2\/media?parent=14536"}],"wp:term":[{"taxonomy":"product_brand","embeddable":true,"href":"https:\/\/www.donatonigroup.com\/fr\/wp-json\/wp\/v2\/product_brand?post=14536"},{"taxonomy":"product_cat","embeddable":true,"href":"https:\/\/www.donatonigroup.com\/fr\/wp-json\/wp\/v2\/product_cat?post=14536"},{"taxonomy":"product_tag","embeddable":true,"href":"https:\/\/www.donatonigroup.com\/fr\/wp-json\/wp\/v2\/product_tag?post=14536"},{"taxonomy":"caratteristica","embeddable":true,"href":"https:\/\/www.donatonigroup.com\/fr\/wp-json\/wp\/v2\/caratteristica?post=14536"},{"taxonomy":"serie","embeddable":true,"href":"https:\/\/www.donatonigroup.com\/fr\/wp-json\/wp\/v2\/serie?post=14536"},{"taxonomy":"settore_di_applicazione","embeddable":true,"href":"https:\/\/www.donatonigroup.com\/fr\/wp-json\/wp\/v2\/settore_di_applicazione?post=14536"}],"curies":[{"name":"wp","href":"https:\/\/api.w.org\/{rel}","templated":true}]}}