{"id":14836,"date":"2025-09-01T13:22:00","date_gmt":"2025-09-01T13:22:00","guid":{"rendered":"http:\/\/www.donatonigroup.com\/macchina\/c3-44\/"},"modified":"2025-09-03T10:01:26","modified_gmt":"2025-09-03T10:01:26","slug":"c3-44","status":"publish","type":"product","link":"https:\/\/www.donatonigroup.com\/fr\/machine\/c3-44\/","title":{"rendered":"C3.44"},"content":{"rendered":"<p>DONATONI C3.44 est un centre d\u2019usinage \u00e0 commande num\u00e9rique, \u00e0 3 axes interpol\u00e9s, id\u00e9al pour toutes les entreprises qui exigent une machine capable de garantir des <strong>finitions de haute qualit\u00e9 <\/strong>sur des mat\u00e9riaux comme le marbre, la pierre, le granit, l\u2019agr\u00e9gat de quartz et la c\u00e9ramique.<\/p>\n","protected":false},"excerpt":{"rendered":"<p>DONATONI C3.44 est un centre d\u2019usinage \u00e0 commande num\u00e9rique, \u00e0 3 axes interpol\u00e9s, id\u00e9al pour toutes les entreprises qui exigent une machine capable de garantir des finitions de haute qualit\u00e9 sur des mat\u00e9riaux comme le marbre, la pierre, le granit, l\u2019agr\u00e9gat de quartz et la c\u00e9ramique.<\/p>\n","protected":false},"featured_media":14975,"template":"","meta":{"_et_pb_use_builder":"","_et_pb_old_content":"","_et_gb_content_width":""},"product_brand":[],"product_cat":[2911,2914],"product_tag":[],"caratteristica":[3085,3088,3089,3350,3371,4195,4196,4197],"serie":[4198],"settore_di_applicazione":[3092,3093,3094,3095,3096],"class_list":{"0":"post-14836","1":"product","2":"type-product","3":"status-publish","4":"has-post-thumbnail","6":"product_cat-centres-dusinage","7":"product_cat-machines-de-decoupe-de-la-ceramique","8":"pa_altezza-terra-banco-lavoro-430-fr","9":"pa_assi-interpolati-3-fr","10":"pa_consumo-acqua-di-ricircolo-50-fr","11":"pa_consumo-acqua-pulita-15-fr","12":"pa_consumo-aria-800-fr","13":"pa_cop-nom-mot-elettromandrino-33-s6-fr","14":"pa_corsa-carrello-asse-x-4400-fr","15":"pa_corsa-ponte-asse-y-2600-fr","16":"pa_dimensioni-banco-lavoro-4300-x-2500-fr","17":"pa_dimensioni-ingombro-6400-w-x-4150-l-x-2500-h-fr","18":"pa_n-posizioni-utensili-mag-1818-lateraux","19":"pa_n-ventose-area-lavoro-11-ventouses","20":"pa_n-ventose-area-lavoro-3-reference","21":"pa_peso-macchina-6200-fr","22":"pa_pot-mot-elettromandrino-18-s6-fr","23":"pa_potenza-totale-installata-26-fr","24":"pa_range-vel-elettromandrino-t-0-12000-fr","25":"pa_salita-discesa-assez-300-fr","26":"pa_tensione-elettrica-standard-40010-50-fr","27":"pa_velocita-max-carrello-asse-x-0-75-fr","28":"pa_velocita-max-ponte-asse-y-0-75-fr","29":"pa_velocita-max-teste-asse-z-0-50-fr","30":"caratteristica-vaste-gamme-daccessoires-et-de-configurations","31":"caratteristica-encombrement-reduit","32":"caratteristica-simple-et-rapide-a-programmer","33":"caratteristica-qualite-et-fiabilite-pour-longtemps","34":"caratteristica-extremement-polyvalente","35":"caratteristica-precise-pour-un-resultat-parfait","36":"caratteristica-necessite-peu-dentretien","37":"caratteristica-une-seule-machine-mille-applications","38":"serie-c-series-fr","39":"settore_di_applicazione-funeraire","40":"settore_di_applicazione-design-et-sculpture","41":"settore_di_applicazione-grands-projets","42":"settore_di_applicazione-articles-pour-le-secteur-de-la-construction","43":"settore_di_applicazione-plans-de-cuisine-et-de-salle-de-bains","45":"first","46":"instock","47":"shipping-taxable","48":"purchasable","49":"product-type-simple"},"acf":[],"yoast_head":"<!-- This site is optimized with the Yoast SEO plugin v25.8 - https:\/\/yoast.com\/wordpress\/plugins\/seo\/ -->\n<title>C3.44 - Donatoni Group<\/title>\n<meta name=\"robots\" content=\"index, follow, max-snippet:-1, max-image-preview:large, max-video-preview:-1\" \/>\n<link rel=\"canonical\" href=\"https:\/\/www.donatonigroup.com\/fr\/machine\/c3-44\/\" \/>\n<meta property=\"og:locale\" content=\"fr_FR\" \/>\n<meta property=\"og:type\" content=\"article\" \/>\n<meta property=\"og:title\" content=\"C3.44 - Donatoni Group\" \/>\n<meta property=\"og:description\" content=\"DONATONI C3.44 est un centre d\u2019usinage \u00e0 commande num\u00e9rique, \u00e0 3 axes interpol\u00e9s, id\u00e9al pour toutes les entreprises qui exigent une machine capable de garantir des finitions de haute qualit\u00e9 sur des mat\u00e9riaux comme le marbre, la pierre, le granit, l\u2019agr\u00e9gat de quartz et la c\u00e9ramique.\" \/>\n<meta property=\"og:url\" content=\"https:\/\/www.donatonigroup.com\/fr\/machine\/c3-44\/\" \/>\n<meta property=\"og:site_name\" content=\"Donatoni Group\" \/>\n<meta property=\"article:publisher\" content=\"https:\/\/www.facebook.com\/donatonimacchine\" \/>\n<meta property=\"article:modified_time\" content=\"2025-09-03T10:01:26+00:00\" \/>\n<meta property=\"og:image\" content=\"https:\/\/www.donatonigroup.com\/wp-content\/uploads\/2025\/09\/Macchina-c3-44.png\" \/>\n\t<meta property=\"og:image:width\" content=\"1500\" \/>\n\t<meta property=\"og:image:height\" content=\"935\" \/>\n\t<meta property=\"og:image:type\" content=\"image\/png\" \/>\n<meta name=\"twitter:card\" content=\"summary_large_image\" \/>\n<meta name=\"twitter:label1\" content=\"Dur\u00e9e de lecture estim\u00e9e\" \/>\n\t<meta name=\"twitter:data1\" content=\"1 minute\" \/>\n<script type=\"application\/ld+json\" class=\"yoast-schema-graph\">{\"@context\":\"https:\/\/schema.org\",\"@graph\":[{\"@type\":\"WebPage\",\"@id\":\"https:\/\/www.donatonigroup.com\/fr\/machine\/c3-44\/\",\"url\":\"https:\/\/www.donatonigroup.com\/fr\/machine\/c3-44\/\",\"name\":\"C3.44 - Donatoni Group\",\"isPartOf\":{\"@id\":\"https:\/\/www.donatonigroup.com\/fr\/#website\"},\"primaryImageOfPage\":{\"@id\":\"https:\/\/www.donatonigroup.com\/fr\/machine\/c3-44\/#primaryimage\"},\"image\":{\"@id\":\"https:\/\/www.donatonigroup.com\/fr\/machine\/c3-44\/#primaryimage\"},\"thumbnailUrl\":\"https:\/\/www.donatonigroup.com\/wp-content\/uploads\/2025\/09\/Macchina-c3-44.png\",\"datePublished\":\"2025-09-01T13:22:00+00:00\",\"dateModified\":\"2025-09-03T10:01:26+00:00\",\"breadcrumb\":{\"@id\":\"https:\/\/www.donatonigroup.com\/fr\/machine\/c3-44\/#breadcrumb\"},\"inLanguage\":\"fr-FR\",\"potentialAction\":[{\"@type\":\"ReadAction\",\"target\":[\"https:\/\/www.donatonigroup.com\/fr\/machine\/c3-44\/\"]}]},{\"@type\":\"ImageObject\",\"inLanguage\":\"fr-FR\",\"@id\":\"https:\/\/www.donatonigroup.com\/fr\/machine\/c3-44\/#primaryimage\",\"url\":\"https:\/\/www.donatonigroup.com\/wp-content\/uploads\/2025\/09\/Macchina-c3-44.png\",\"contentUrl\":\"https:\/\/www.donatonigroup.com\/wp-content\/uploads\/2025\/09\/Macchina-c3-44.png\",\"width\":1500,\"height\":935},{\"@type\":\"BreadcrumbList\",\"@id\":\"https:\/\/www.donatonigroup.com\/fr\/machine\/c3-44\/#breadcrumb\",\"itemListElement\":[{\"@type\":\"ListItem\",\"position\":1,\"name\":\"Home\",\"item\":\"https:\/\/www.donatonigroup.com\/fr\/\"},{\"@type\":\"ListItem\",\"position\":2,\"name\":\"Catalogue machines\",\"item\":\"https:\/\/www.donatonigroup.com\/fr\/catalogue-machines\/\"},{\"@type\":\"ListItem\",\"position\":3,\"name\":\"C3.44\"}]},{\"@type\":\"WebSite\",\"@id\":\"https:\/\/www.donatonigroup.com\/fr\/#website\",\"url\":\"https:\/\/www.donatonigroup.com\/fr\/\",\"name\":\"Donatoni Group\",\"description\":\"\",\"publisher\":{\"@id\":\"https:\/\/www.donatonigroup.com\/fr\/#organization\"},\"potentialAction\":[{\"@type\":\"SearchAction\",\"target\":{\"@type\":\"EntryPoint\",\"urlTemplate\":\"https:\/\/www.donatonigroup.com\/fr\/?s={search_term_string}\"},\"query-input\":{\"@type\":\"PropertyValueSpecification\",\"valueRequired\":true,\"valueName\":\"search_term_string\"}}],\"inLanguage\":\"fr-FR\"},{\"@type\":\"Organization\",\"@id\":\"https:\/\/www.donatonigroup.com\/fr\/#organization\",\"name\":\"Donatoni Group\",\"url\":\"https:\/\/www.donatonigroup.com\/fr\/\",\"logo\":{\"@type\":\"ImageObject\",\"inLanguage\":\"fr-FR\",\"@id\":\"https:\/\/www.donatonigroup.com\/fr\/#\/schema\/logo\/image\/\",\"url\":\"http:\/\/www.donatonigroup.com\/wp-content\/uploads\/2023\/02\/donatoni-logo.png\",\"contentUrl\":\"http:\/\/www.donatonigroup.com\/wp-content\/uploads\/2023\/02\/donatoni-logo.png\",\"width\":800,\"height\":112,\"caption\":\"Donatoni Group\"},\"image\":{\"@id\":\"https:\/\/www.donatonigroup.com\/fr\/#\/schema\/logo\/image\/\"},\"sameAs\":[\"https:\/\/www.facebook.com\/donatonimacchine\",\"https:\/\/instagram.com\/donatonigroup\/\",\"https:\/\/www.linkedin.com\/company\/donatoni-macchine-s-r-l\"]}]}<\/script>\n<!-- \/ Yoast SEO plugin. -->","yoast_head_json":{"title":"C3.44 - Donatoni Group","robots":{"index":"index","follow":"follow","max-snippet":"max-snippet:-1","max-image-preview":"max-image-preview:large","max-video-preview":"max-video-preview:-1"},"canonical":"https:\/\/www.donatonigroup.com\/fr\/machine\/c3-44\/","og_locale":"fr_FR","og_type":"article","og_title":"C3.44 - Donatoni Group","og_description":"DONATONI C3.44 est un centre d\u2019usinage \u00e0 commande num\u00e9rique, \u00e0 3 axes interpol\u00e9s, id\u00e9al pour toutes les entreprises qui exigent une machine capable de garantir des finitions de haute qualit\u00e9 sur des mat\u00e9riaux comme le marbre, la pierre, le granit, l\u2019agr\u00e9gat de quartz et la c\u00e9ramique.","og_url":"https:\/\/www.donatonigroup.com\/fr\/machine\/c3-44\/","og_site_name":"Donatoni Group","article_publisher":"https:\/\/www.facebook.com\/donatonimacchine","article_modified_time":"2025-09-03T10:01:26+00:00","og_image":[{"width":1500,"height":935,"url":"https:\/\/www.donatonigroup.com\/wp-content\/uploads\/2025\/09\/Macchina-c3-44.png","type":"image\/png"}],"twitter_card":"summary_large_image","twitter_misc":{"Dur\u00e9e de lecture estim\u00e9e":"1 minute"},"schema":{"@context":"https:\/\/schema.org","@graph":[{"@type":"WebPage","@id":"https:\/\/www.donatonigroup.com\/fr\/machine\/c3-44\/","url":"https:\/\/www.donatonigroup.com\/fr\/machine\/c3-44\/","name":"C3.44 - Donatoni Group","isPartOf":{"@id":"https:\/\/www.donatonigroup.com\/fr\/#website"},"primaryImageOfPage":{"@id":"https:\/\/www.donatonigroup.com\/fr\/machine\/c3-44\/#primaryimage"},"image":{"@id":"https:\/\/www.donatonigroup.com\/fr\/machine\/c3-44\/#primaryimage"},"thumbnailUrl":"https:\/\/www.donatonigroup.com\/wp-content\/uploads\/2025\/09\/Macchina-c3-44.png","datePublished":"2025-09-01T13:22:00+00:00","dateModified":"2025-09-03T10:01:26+00:00","breadcrumb":{"@id":"https:\/\/www.donatonigroup.com\/fr\/machine\/c3-44\/#breadcrumb"},"inLanguage":"fr-FR","potentialAction":[{"@type":"ReadAction","target":["https:\/\/www.donatonigroup.com\/fr\/machine\/c3-44\/"]}]},{"@type":"ImageObject","inLanguage":"fr-FR","@id":"https:\/\/www.donatonigroup.com\/fr\/machine\/c3-44\/#primaryimage","url":"https:\/\/www.donatonigroup.com\/wp-content\/uploads\/2025\/09\/Macchina-c3-44.png","contentUrl":"https:\/\/www.donatonigroup.com\/wp-content\/uploads\/2025\/09\/Macchina-c3-44.png","width":1500,"height":935},{"@type":"BreadcrumbList","@id":"https:\/\/www.donatonigroup.com\/fr\/machine\/c3-44\/#breadcrumb","itemListElement":[{"@type":"ListItem","position":1,"name":"Home","item":"https:\/\/www.donatonigroup.com\/fr\/"},{"@type":"ListItem","position":2,"name":"Catalogue machines","item":"https:\/\/www.donatonigroup.com\/fr\/catalogue-machines\/"},{"@type":"ListItem","position":3,"name":"C3.44"}]},{"@type":"WebSite","@id":"https:\/\/www.donatonigroup.com\/fr\/#website","url":"https:\/\/www.donatonigroup.com\/fr\/","name":"Donatoni Group","description":"","publisher":{"@id":"https:\/\/www.donatonigroup.com\/fr\/#organization"},"potentialAction":[{"@type":"SearchAction","target":{"@type":"EntryPoint","urlTemplate":"https:\/\/www.donatonigroup.com\/fr\/?s={search_term_string}"},"query-input":{"@type":"PropertyValueSpecification","valueRequired":true,"valueName":"search_term_string"}}],"inLanguage":"fr-FR"},{"@type":"Organization","@id":"https:\/\/www.donatonigroup.com\/fr\/#organization","name":"Donatoni Group","url":"https:\/\/www.donatonigroup.com\/fr\/","logo":{"@type":"ImageObject","inLanguage":"fr-FR","@id":"https:\/\/www.donatonigroup.com\/fr\/#\/schema\/logo\/image\/","url":"http:\/\/www.donatonigroup.com\/wp-content\/uploads\/2023\/02\/donatoni-logo.png","contentUrl":"http:\/\/www.donatonigroup.com\/wp-content\/uploads\/2023\/02\/donatoni-logo.png","width":800,"height":112,"caption":"Donatoni Group"},"image":{"@id":"https:\/\/www.donatonigroup.com\/fr\/#\/schema\/logo\/image\/"},"sameAs":["https:\/\/www.facebook.com\/donatonimacchine","https:\/\/instagram.com\/donatonigroup\/","https:\/\/www.linkedin.com\/company\/donatoni-macchine-s-r-l"]}]}},"_links":{"self":[{"href":"https:\/\/www.donatonigroup.com\/fr\/wp-json\/wp\/v2\/product\/14836","targetHints":{"allow":["GET"]}}],"collection":[{"href":"https:\/\/www.donatonigroup.com\/fr\/wp-json\/wp\/v2\/product"}],"about":[{"href":"https:\/\/www.donatonigroup.com\/fr\/wp-json\/wp\/v2\/types\/product"}],"wp:featuredmedia":[{"embeddable":true,"href":"https:\/\/www.donatonigroup.com\/fr\/wp-json\/wp\/v2\/media\/14975"}],"wp:attachment":[{"href":"https:\/\/www.donatonigroup.com\/fr\/wp-json\/wp\/v2\/media?parent=14836"}],"wp:term":[{"taxonomy":"product_brand","embeddable":true,"href":"https:\/\/www.donatonigroup.com\/fr\/wp-json\/wp\/v2\/product_brand?post=14836"},{"taxonomy":"product_cat","embeddable":true,"href":"https:\/\/www.donatonigroup.com\/fr\/wp-json\/wp\/v2\/product_cat?post=14836"},{"taxonomy":"product_tag","embeddable":true,"href":"https:\/\/www.donatonigroup.com\/fr\/wp-json\/wp\/v2\/product_tag?post=14836"},{"taxonomy":"caratteristica","embeddable":true,"href":"https:\/\/www.donatonigroup.com\/fr\/wp-json\/wp\/v2\/caratteristica?post=14836"},{"taxonomy":"serie","embeddable":true,"href":"https:\/\/www.donatonigroup.com\/fr\/wp-json\/wp\/v2\/serie?post=14836"},{"taxonomy":"settore_di_applicazione","embeddable":true,"href":"https:\/\/www.donatonigroup.com\/fr\/wp-json\/wp\/v2\/settore_di_applicazione?post=14836"}],"curies":[{"name":"wp","href":"https:\/\/api.w.org\/{rel}","templated":true}]}}