{"id":14874,"date":"2025-09-01T14:16:49","date_gmt":"2025-09-01T14:16:49","guid":{"rendered":"http:\/\/www.donatonigroup.com\/macchina\/sx-3r\/"},"modified":"2025-09-05T15:20:55","modified_gmt":"2025-09-05T15:20:55","slug":"sx-3r","status":"publish","type":"product","link":"https:\/\/www.donatonigroup.com\/fr\/machine\/sx-3r\/","title":{"rendered":"SX-3r"},"content":{"rendered":"<div data-el-id=\"97c68f02-23cb-4cad-b5d8-c1d0bb9c48a9\">\n<div data-el-id=\"97c68f02-23cb-4cad-b5d8-c1d0bb9c48a9-txt\">\n<div class=\"machine-template__description-title\">\n<h1 class=\"machine-template__description-title-text\"><span style=\"font-size: 22px;\">Centres de d\u00e9coupe multi-disques CNC innovants<\/span><\/h1>\n<\/div>\n<\/div>\n<\/div>\n<div data-el-id=\"41751148-8458-44e8-ad5b-e474df89f053\">\n<div data-el-id=\"41751148-8458-44e8-ad5b-e474df89f053-txt\">\n<div class=\"machine-template__description-description\">\n<p><strong>DONATONI SX-3r <\/strong>est un centre de d\u00e9coupe multi-disques \u00e0 commande num\u00e9rique innovant, <strong>dot\u00e9 de trois unit\u00e9s de coupe \u00e0 6 axes interpol\u00e9s<\/strong>, con\u00e7u et brevet\u00e9 par Donatoni Macchine pour satisfaire ceux qui ont besoin d\u2019un syst\u00e8me compact pour la production en ligne \u00e0 grande \u00e9chelle de dallages et de pi\u00e8ces de parements en marbre, granit, c\u00e9ramique et agglom\u00e9r\u00e9, de diff\u00e9rents types, de tailles et d\u2019\u00e9paisseurs variables.<\/p>\n<\/div>\n<\/div>\n<\/div>\n","protected":false},"excerpt":{"rendered":"<p>Centres de d\u00e9coupe multi-disques CNC innovants DONATONI SX-3r est un centre de d\u00e9coupe multi-disques \u00e0 commande num\u00e9rique innovant, dot\u00e9 de trois unit\u00e9s de coupe \u00e0 6 axes interpol\u00e9s, con\u00e7u et brevet\u00e9 par Donatoni Macchine pour satisfaire ceux qui ont besoin d\u2019un syst\u00e8me compact pour la production en ligne \u00e0 grande \u00e9chelle de dallages et de [&hellip;]<\/p>\n","protected":false},"featured_media":14649,"template":"","meta":{"_et_pb_use_builder":"","_et_pb_old_content":"","_et_gb_content_width":""},"product_brand":[],"product_cat":[2915],"product_tag":[],"caratteristica":[3087,3088,3089,3329,3396,3419,3430],"serie":[3407],"settore_di_applicazione":[3094,3096,3398],"class_list":{"0":"post-14874","1":"product","2":"type-product","3":"status-publish","4":"has-post-thumbnail","6":"product_cat-machines-a-haute-productivite","7":"pa_assi-interpolati-6-fr","8":"pa_consumo-acqua-200-fr","9":"pa_consumo-aria-20-fr","10":"pa_corsa-carrello-asse-x-4100-fr","11":"pa_corsa-ponte-asse-y-2850-fr","12":"pa_diametro-massimo-disco-400-fr","13":"pa_diametro-minimo-disco-300-fr","14":"pa_distanza-dischi-250-2020-fr","15":"pa_numero-assi-controllati-cn-12-fr","16":"pa_peso-complessivo-macchina-19500-fr","17":"pa_potenza-elettromandrino-15-s6-fr","18":"pa_potenza-totale-installata-84-fr","19":"pa_profondita-max-di-taglio-60-fr","20":"pa_rotazione-ponte-porta-teste-182-182-fr","21":"pa_salita-discesa-assez-200-fr","22":"pa_sollevamento-massimo-ventose-500-fr","23":"pa_tensione-elettrica-standard-40010-50-fr","24":"pa_velocita-max-asse-x-y-33-fr","25":"pa_velocita-max-carrello-asse-x-52-fr","26":"pa_velocita-max-ponte-asse-y-33-fr","27":"pa_velocita-max-teste-asse-z-4-fr","28":"caratteristica-flexibilite-des-processus-de-production","29":"caratteristica-encombrement-reduit","30":"caratteristica-simple-et-rapide-a-programmer","31":"caratteristica-haute-precision-des-coupes","32":"caratteristica-productivite-elevee","33":"caratteristica-optimisation-des-coupes","34":"caratteristica-ligne-de-coupe-automatisee","35":"serie-serie-sx","36":"settore_di_applicazione-grands-projets","37":"settore_di_applicazione-plans-de-cuisine-et-de-salle-de-bains","38":"settore_di_applicazione-dallages-et-revetements-muraux","40":"first","41":"instock","42":"shipping-taxable","43":"purchasable","44":"product-type-simple"},"acf":[],"yoast_head":"<!-- This site is optimized with the Yoast SEO plugin v25.8 - https:\/\/yoast.com\/wordpress\/plugins\/seo\/ -->\n<title>SX-3r - Donatoni Group<\/title>\n<meta name=\"robots\" content=\"index, follow, max-snippet:-1, max-image-preview:large, max-video-preview:-1\" \/>\n<link rel=\"canonical\" href=\"https:\/\/www.donatonigroup.com\/fr\/machine\/sx-3r\/\" \/>\n<meta property=\"og:locale\" content=\"fr_FR\" \/>\n<meta property=\"og:type\" content=\"article\" \/>\n<meta property=\"og:title\" content=\"SX-3r - Donatoni Group\" \/>\n<meta property=\"og:description\" content=\"Centres de d\u00e9coupe multi-disques CNC innovants DONATONI SX-3r est un centre de d\u00e9coupe multi-disques \u00e0 commande num\u00e9rique innovant, dot\u00e9 de trois unit\u00e9s de coupe \u00e0 6 axes interpol\u00e9s, con\u00e7u et brevet\u00e9 par Donatoni Macchine pour satisfaire ceux qui ont besoin d\u2019un syst\u00e8me compact pour la production en ligne \u00e0 grande \u00e9chelle de dallages et de [&hellip;]\" \/>\n<meta property=\"og:url\" content=\"https:\/\/www.donatonigroup.com\/fr\/machine\/sx-3r\/\" \/>\n<meta property=\"og:site_name\" content=\"Donatoni Group\" \/>\n<meta property=\"article:publisher\" content=\"https:\/\/www.facebook.com\/donatonimacchine\" \/>\n<meta property=\"article:modified_time\" content=\"2025-09-05T15:20:55+00:00\" \/>\n<meta property=\"og:image\" content=\"https:\/\/www.donatonigroup.com\/wp-content\/uploads\/2025\/09\/Render-SX-3r.png\" \/>\n\t<meta property=\"og:image:width\" content=\"1000\" \/>\n\t<meta property=\"og:image:height\" content=\"579\" \/>\n\t<meta property=\"og:image:type\" content=\"image\/png\" \/>\n<meta name=\"twitter:card\" content=\"summary_large_image\" \/>\n<meta name=\"twitter:label1\" content=\"Dur\u00e9e de lecture estim\u00e9e\" \/>\n\t<meta name=\"twitter:data1\" content=\"2 minutes\" \/>\n<script type=\"application\/ld+json\" class=\"yoast-schema-graph\">{\"@context\":\"https:\/\/schema.org\",\"@graph\":[{\"@type\":\"WebPage\",\"@id\":\"https:\/\/www.donatonigroup.com\/fr\/machine\/sx-3r\/\",\"url\":\"https:\/\/www.donatonigroup.com\/fr\/machine\/sx-3r\/\",\"name\":\"SX-3r - Donatoni Group\",\"isPartOf\":{\"@id\":\"https:\/\/www.donatonigroup.com\/fr\/#website\"},\"primaryImageOfPage\":{\"@id\":\"https:\/\/www.donatonigroup.com\/fr\/machine\/sx-3r\/#primaryimage\"},\"image\":{\"@id\":\"https:\/\/www.donatonigroup.com\/fr\/machine\/sx-3r\/#primaryimage\"},\"thumbnailUrl\":\"https:\/\/www.donatonigroup.com\/wp-content\/uploads\/2025\/09\/Render-SX-3r.png\",\"datePublished\":\"2025-09-01T14:16:49+00:00\",\"dateModified\":\"2025-09-05T15:20:55+00:00\",\"breadcrumb\":{\"@id\":\"https:\/\/www.donatonigroup.com\/fr\/machine\/sx-3r\/#breadcrumb\"},\"inLanguage\":\"fr-FR\",\"potentialAction\":[{\"@type\":\"ReadAction\",\"target\":[\"https:\/\/www.donatonigroup.com\/fr\/machine\/sx-3r\/\"]}]},{\"@type\":\"ImageObject\",\"inLanguage\":\"fr-FR\",\"@id\":\"https:\/\/www.donatonigroup.com\/fr\/machine\/sx-3r\/#primaryimage\",\"url\":\"https:\/\/www.donatonigroup.com\/wp-content\/uploads\/2025\/09\/Render-SX-3r.png\",\"contentUrl\":\"https:\/\/www.donatonigroup.com\/wp-content\/uploads\/2025\/09\/Render-SX-3r.png\",\"width\":1000,\"height\":579},{\"@type\":\"BreadcrumbList\",\"@id\":\"https:\/\/www.donatonigroup.com\/fr\/machine\/sx-3r\/#breadcrumb\",\"itemListElement\":[{\"@type\":\"ListItem\",\"position\":1,\"name\":\"Home\",\"item\":\"https:\/\/www.donatonigroup.com\/fr\/\"},{\"@type\":\"ListItem\",\"position\":2,\"name\":\"Catalogue machines\",\"item\":\"https:\/\/www.donatonigroup.com\/fr\/catalogue-machines\/\"},{\"@type\":\"ListItem\",\"position\":3,\"name\":\"SX-3r\"}]},{\"@type\":\"WebSite\",\"@id\":\"https:\/\/www.donatonigroup.com\/fr\/#website\",\"url\":\"https:\/\/www.donatonigroup.com\/fr\/\",\"name\":\"Donatoni Group\",\"description\":\"\",\"publisher\":{\"@id\":\"https:\/\/www.donatonigroup.com\/fr\/#organization\"},\"potentialAction\":[{\"@type\":\"SearchAction\",\"target\":{\"@type\":\"EntryPoint\",\"urlTemplate\":\"https:\/\/www.donatonigroup.com\/fr\/?s={search_term_string}\"},\"query-input\":{\"@type\":\"PropertyValueSpecification\",\"valueRequired\":true,\"valueName\":\"search_term_string\"}}],\"inLanguage\":\"fr-FR\"},{\"@type\":\"Organization\",\"@id\":\"https:\/\/www.donatonigroup.com\/fr\/#organization\",\"name\":\"Donatoni Group\",\"url\":\"https:\/\/www.donatonigroup.com\/fr\/\",\"logo\":{\"@type\":\"ImageObject\",\"inLanguage\":\"fr-FR\",\"@id\":\"https:\/\/www.donatonigroup.com\/fr\/#\/schema\/logo\/image\/\",\"url\":\"http:\/\/www.donatonigroup.com\/wp-content\/uploads\/2023\/02\/donatoni-logo.png\",\"contentUrl\":\"http:\/\/www.donatonigroup.com\/wp-content\/uploads\/2023\/02\/donatoni-logo.png\",\"width\":800,\"height\":112,\"caption\":\"Donatoni Group\"},\"image\":{\"@id\":\"https:\/\/www.donatonigroup.com\/fr\/#\/schema\/logo\/image\/\"},\"sameAs\":[\"https:\/\/www.facebook.com\/donatonimacchine\",\"https:\/\/instagram.com\/donatonigroup\/\",\"https:\/\/www.linkedin.com\/company\/donatoni-macchine-s-r-l\"]}]}<\/script>\n<!-- \/ Yoast SEO plugin. -->","yoast_head_json":{"title":"SX-3r - Donatoni Group","robots":{"index":"index","follow":"follow","max-snippet":"max-snippet:-1","max-image-preview":"max-image-preview:large","max-video-preview":"max-video-preview:-1"},"canonical":"https:\/\/www.donatonigroup.com\/fr\/machine\/sx-3r\/","og_locale":"fr_FR","og_type":"article","og_title":"SX-3r - Donatoni Group","og_description":"Centres de d\u00e9coupe multi-disques CNC innovants DONATONI SX-3r est un centre de d\u00e9coupe multi-disques \u00e0 commande num\u00e9rique innovant, dot\u00e9 de trois unit\u00e9s de coupe \u00e0 6 axes interpol\u00e9s, con\u00e7u et brevet\u00e9 par Donatoni Macchine pour satisfaire ceux qui ont besoin d\u2019un syst\u00e8me compact pour la production en ligne \u00e0 grande \u00e9chelle de dallages et de [&hellip;]","og_url":"https:\/\/www.donatonigroup.com\/fr\/machine\/sx-3r\/","og_site_name":"Donatoni Group","article_publisher":"https:\/\/www.facebook.com\/donatonimacchine","article_modified_time":"2025-09-05T15:20:55+00:00","og_image":[{"width":1000,"height":579,"url":"https:\/\/www.donatonigroup.com\/wp-content\/uploads\/2025\/09\/Render-SX-3r.png","type":"image\/png"}],"twitter_card":"summary_large_image","twitter_misc":{"Dur\u00e9e de lecture estim\u00e9e":"2 minutes"},"schema":{"@context":"https:\/\/schema.org","@graph":[{"@type":"WebPage","@id":"https:\/\/www.donatonigroup.com\/fr\/machine\/sx-3r\/","url":"https:\/\/www.donatonigroup.com\/fr\/machine\/sx-3r\/","name":"SX-3r - Donatoni Group","isPartOf":{"@id":"https:\/\/www.donatonigroup.com\/fr\/#website"},"primaryImageOfPage":{"@id":"https:\/\/www.donatonigroup.com\/fr\/machine\/sx-3r\/#primaryimage"},"image":{"@id":"https:\/\/www.donatonigroup.com\/fr\/machine\/sx-3r\/#primaryimage"},"thumbnailUrl":"https:\/\/www.donatonigroup.com\/wp-content\/uploads\/2025\/09\/Render-SX-3r.png","datePublished":"2025-09-01T14:16:49+00:00","dateModified":"2025-09-05T15:20:55+00:00","breadcrumb":{"@id":"https:\/\/www.donatonigroup.com\/fr\/machine\/sx-3r\/#breadcrumb"},"inLanguage":"fr-FR","potentialAction":[{"@type":"ReadAction","target":["https:\/\/www.donatonigroup.com\/fr\/machine\/sx-3r\/"]}]},{"@type":"ImageObject","inLanguage":"fr-FR","@id":"https:\/\/www.donatonigroup.com\/fr\/machine\/sx-3r\/#primaryimage","url":"https:\/\/www.donatonigroup.com\/wp-content\/uploads\/2025\/09\/Render-SX-3r.png","contentUrl":"https:\/\/www.donatonigroup.com\/wp-content\/uploads\/2025\/09\/Render-SX-3r.png","width":1000,"height":579},{"@type":"BreadcrumbList","@id":"https:\/\/www.donatonigroup.com\/fr\/machine\/sx-3r\/#breadcrumb","itemListElement":[{"@type":"ListItem","position":1,"name":"Home","item":"https:\/\/www.donatonigroup.com\/fr\/"},{"@type":"ListItem","position":2,"name":"Catalogue machines","item":"https:\/\/www.donatonigroup.com\/fr\/catalogue-machines\/"},{"@type":"ListItem","position":3,"name":"SX-3r"}]},{"@type":"WebSite","@id":"https:\/\/www.donatonigroup.com\/fr\/#website","url":"https:\/\/www.donatonigroup.com\/fr\/","name":"Donatoni Group","description":"","publisher":{"@id":"https:\/\/www.donatonigroup.com\/fr\/#organization"},"potentialAction":[{"@type":"SearchAction","target":{"@type":"EntryPoint","urlTemplate":"https:\/\/www.donatonigroup.com\/fr\/?s={search_term_string}"},"query-input":{"@type":"PropertyValueSpecification","valueRequired":true,"valueName":"search_term_string"}}],"inLanguage":"fr-FR"},{"@type":"Organization","@id":"https:\/\/www.donatonigroup.com\/fr\/#organization","name":"Donatoni Group","url":"https:\/\/www.donatonigroup.com\/fr\/","logo":{"@type":"ImageObject","inLanguage":"fr-FR","@id":"https:\/\/www.donatonigroup.com\/fr\/#\/schema\/logo\/image\/","url":"http:\/\/www.donatonigroup.com\/wp-content\/uploads\/2023\/02\/donatoni-logo.png","contentUrl":"http:\/\/www.donatonigroup.com\/wp-content\/uploads\/2023\/02\/donatoni-logo.png","width":800,"height":112,"caption":"Donatoni Group"},"image":{"@id":"https:\/\/www.donatonigroup.com\/fr\/#\/schema\/logo\/image\/"},"sameAs":["https:\/\/www.facebook.com\/donatonimacchine","https:\/\/instagram.com\/donatonigroup\/","https:\/\/www.linkedin.com\/company\/donatoni-macchine-s-r-l"]}]}},"_links":{"self":[{"href":"https:\/\/www.donatonigroup.com\/fr\/wp-json\/wp\/v2\/product\/14874","targetHints":{"allow":["GET"]}}],"collection":[{"href":"https:\/\/www.donatonigroup.com\/fr\/wp-json\/wp\/v2\/product"}],"about":[{"href":"https:\/\/www.donatonigroup.com\/fr\/wp-json\/wp\/v2\/types\/product"}],"wp:featuredmedia":[{"embeddable":true,"href":"https:\/\/www.donatonigroup.com\/fr\/wp-json\/wp\/v2\/media\/14649"}],"wp:attachment":[{"href":"https:\/\/www.donatonigroup.com\/fr\/wp-json\/wp\/v2\/media?parent=14874"}],"wp:term":[{"taxonomy":"product_brand","embeddable":true,"href":"https:\/\/www.donatonigroup.com\/fr\/wp-json\/wp\/v2\/product_brand?post=14874"},{"taxonomy":"product_cat","embeddable":true,"href":"https:\/\/www.donatonigroup.com\/fr\/wp-json\/wp\/v2\/product_cat?post=14874"},{"taxonomy":"product_tag","embeddable":true,"href":"https:\/\/www.donatonigroup.com\/fr\/wp-json\/wp\/v2\/product_tag?post=14874"},{"taxonomy":"caratteristica","embeddable":true,"href":"https:\/\/www.donatonigroup.com\/fr\/wp-json\/wp\/v2\/caratteristica?post=14874"},{"taxonomy":"serie","embeddable":true,"href":"https:\/\/www.donatonigroup.com\/fr\/wp-json\/wp\/v2\/serie?post=14874"},{"taxonomy":"settore_di_applicazione","embeddable":true,"href":"https:\/\/www.donatonigroup.com\/fr\/wp-json\/wp\/v2\/settore_di_applicazione?post=14874"}],"curies":[{"name":"wp","href":"https:\/\/api.w.org\/{rel}","templated":true}]}}