{"id":14925,"date":"2023-10-27T08:06:37","date_gmt":"2023-10-27T08:06:37","guid":{"rendered":"http:\/\/www.donatonigroup.com\/macchina\/sx-5-q-xl\/"},"modified":"2025-09-22T09:22:13","modified_gmt":"2025-09-22T09:22:13","slug":"sx-5-q-xl","status":"publish","type":"product","link":"https:\/\/www.donatonigroup.com\/fr\/machine\/sx-5-q-xl\/","title":{"rendered":"SX-5 Q XL"},"content":{"rendered":"<div data-el-id=\"b431d56b-78f7-43e7-8a81-35aa80b618e1\">\n<div data-el-id=\"b431d56b-78f7-43e7-8a81-35aa80b618e1-txt\">\n<div class=\"machine-template__description-title\">\n<h3 class=\"machine-template__description-title-text\">Lignes de production r\u00e9volutionnaires avec cinq groupes de coupe \u00e0 axes interpol\u00e9s.<\/h3>\n<\/div>\n<\/div>\n<\/div>\n<div data-el-id=\"dd0765bd-b69d-4c79-bd28-94846256760e\">\n<div data-el-id=\"dd0765bd-b69d-4c79-bd28-94846256760e-txt\">\n<div class=\"machine-template__description-description\">\n<p>La <strong>DONATONI SX-5 Q<\/strong> <strong>XL<\/strong> est une installation con\u00e7ue pour r\u00e9pondre aux besoins de ceux qui recherchent des <strong>solutions \u00e0 tr\u00e8s haute productivit\u00e9 <\/strong>pour le traitement de sols et de rev\u00eatements en marbre, granit et agglom\u00e9r\u00e9s de diff\u00e9rents types, dimensions et \u00e9paisseurs.<\/p>\n<p>&nbsp;<\/p>\n<\/div>\n<\/div>\n<\/div>\n","protected":false},"excerpt":{"rendered":"<p>Lignes de production r\u00e9volutionnaires avec cinq groupes de coupe \u00e0 axes interpol\u00e9s. La DONATONI SX-5 Q XL est une installation con\u00e7ue pour r\u00e9pondre aux besoins de ceux qui recherchent des solutions \u00e0 tr\u00e8s haute productivit\u00e9 pour le traitement de sols et de rev\u00eatements en marbre, granit et agglom\u00e9r\u00e9s de diff\u00e9rents types, dimensions et \u00e9paisseurs. &nbsp;<\/p>\n","protected":false},"featured_media":14994,"template":"","meta":{"_et_pb_use_builder":"","_et_pb_old_content":"","_et_gb_content_width":""},"product_brand":[],"product_cat":[2915],"product_tag":[],"caratteristica":[3087,3089,3329,3349,3396,3397,3419,3430],"serie":[3407],"settore_di_applicazione":[3094,3398],"class_list":{"0":"post-14925","1":"product","2":"type-product","3":"status-publish","4":"has-post-thumbnail","6":"product_cat-machines-a-haute-productivite","7":"caratteristica-flexibilite-des-processus-de-production","8":"caratteristica-simple-et-rapide-a-programmer","9":"caratteristica-haute-precision-des-coupes","10":"caratteristica-processus-de-production-automatise","11":"caratteristica-productivite-elevee","12":"caratteristica-ideale-pour-la-haute-production","13":"caratteristica-optimisation-des-coupes","14":"caratteristica-ligne-de-coupe-automatisee","15":"serie-serie-sx","16":"settore_di_applicazione-grands-projets","17":"settore_di_applicazione-dallages-et-revetements-muraux","19":"first","20":"instock","21":"shipping-taxable","22":"purchasable","23":"product-type-simple"},"acf":[],"yoast_head":"<!-- This site is optimized with the Yoast SEO plugin v25.8 - https:\/\/yoast.com\/wordpress\/plugins\/seo\/ -->\n<title>SX-5 Q XL - Donatoni Group<\/title>\n<meta name=\"robots\" content=\"index, follow, max-snippet:-1, max-image-preview:large, max-video-preview:-1\" \/>\n<link rel=\"canonical\" href=\"https:\/\/www.donatonigroup.com\/fr\/machine\/sx-5-q-xl\/\" \/>\n<meta property=\"og:locale\" content=\"fr_FR\" \/>\n<meta property=\"og:type\" content=\"article\" \/>\n<meta property=\"og:title\" content=\"SX-5 Q XL - Donatoni Group\" \/>\n<meta property=\"og:description\" content=\"Lignes de production r\u00e9volutionnaires avec cinq groupes de coupe \u00e0 axes interpol\u00e9s. La DONATONI SX-5 Q XL est une installation con\u00e7ue pour r\u00e9pondre aux besoins de ceux qui recherchent des solutions \u00e0 tr\u00e8s haute productivit\u00e9 pour le traitement de sols et de rev\u00eatements en marbre, granit et agglom\u00e9r\u00e9s de diff\u00e9rents types, dimensions et \u00e9paisseurs. &nbsp;\" \/>\n<meta property=\"og:url\" content=\"https:\/\/www.donatonigroup.com\/fr\/machine\/sx-5-q-xl\/\" \/>\n<meta property=\"og:site_name\" content=\"Donatoni Group\" \/>\n<meta property=\"article:publisher\" content=\"https:\/\/www.facebook.com\/donatonimacchine\" \/>\n<meta property=\"article:modified_time\" content=\"2025-09-22T09:22:13+00:00\" \/>\n<meta property=\"og:image\" content=\"https:\/\/www.donatonigroup.com\/wp-content\/uploads\/2025\/09\/Macchina-sx-5-qxl-img.png\" \/>\n\t<meta property=\"og:image:width\" content=\"1500\" \/>\n\t<meta property=\"og:image:height\" content=\"935\" \/>\n\t<meta property=\"og:image:type\" content=\"image\/png\" \/>\n<meta name=\"twitter:card\" content=\"summary_large_image\" \/>\n<meta name=\"twitter:label1\" content=\"Dur\u00e9e de lecture estim\u00e9e\" \/>\n\t<meta name=\"twitter:data1\" content=\"1 minute\" \/>\n<script type=\"application\/ld+json\" class=\"yoast-schema-graph\">{\"@context\":\"https:\/\/schema.org\",\"@graph\":[{\"@type\":\"WebPage\",\"@id\":\"https:\/\/www.donatonigroup.com\/fr\/machine\/sx-5-q-xl\/\",\"url\":\"https:\/\/www.donatonigroup.com\/fr\/machine\/sx-5-q-xl\/\",\"name\":\"SX-5 Q XL - Donatoni Group\",\"isPartOf\":{\"@id\":\"https:\/\/www.donatonigroup.com\/fr\/#website\"},\"primaryImageOfPage\":{\"@id\":\"https:\/\/www.donatonigroup.com\/fr\/machine\/sx-5-q-xl\/#primaryimage\"},\"image\":{\"@id\":\"https:\/\/www.donatonigroup.com\/fr\/machine\/sx-5-q-xl\/#primaryimage\"},\"thumbnailUrl\":\"https:\/\/www.donatonigroup.com\/wp-content\/uploads\/2025\/09\/Macchina-sx-5-qxl-img.png\",\"datePublished\":\"2023-10-27T08:06:37+00:00\",\"dateModified\":\"2025-09-22T09:22:13+00:00\",\"breadcrumb\":{\"@id\":\"https:\/\/www.donatonigroup.com\/fr\/machine\/sx-5-q-xl\/#breadcrumb\"},\"inLanguage\":\"fr-FR\",\"potentialAction\":[{\"@type\":\"ReadAction\",\"target\":[\"https:\/\/www.donatonigroup.com\/fr\/machine\/sx-5-q-xl\/\"]}]},{\"@type\":\"ImageObject\",\"inLanguage\":\"fr-FR\",\"@id\":\"https:\/\/www.donatonigroup.com\/fr\/machine\/sx-5-q-xl\/#primaryimage\",\"url\":\"https:\/\/www.donatonigroup.com\/wp-content\/uploads\/2025\/09\/Macchina-sx-5-qxl-img.png\",\"contentUrl\":\"https:\/\/www.donatonigroup.com\/wp-content\/uploads\/2025\/09\/Macchina-sx-5-qxl-img.png\",\"width\":1500,\"height\":935},{\"@type\":\"BreadcrumbList\",\"@id\":\"https:\/\/www.donatonigroup.com\/fr\/machine\/sx-5-q-xl\/#breadcrumb\",\"itemListElement\":[{\"@type\":\"ListItem\",\"position\":1,\"name\":\"Home\",\"item\":\"https:\/\/www.donatonigroup.com\/fr\/\"},{\"@type\":\"ListItem\",\"position\":2,\"name\":\"Catalogue machines\",\"item\":\"https:\/\/www.donatonigroup.com\/fr\/catalogue-machines\/\"},{\"@type\":\"ListItem\",\"position\":3,\"name\":\"SX-5 Q XL\"}]},{\"@type\":\"WebSite\",\"@id\":\"https:\/\/www.donatonigroup.com\/fr\/#website\",\"url\":\"https:\/\/www.donatonigroup.com\/fr\/\",\"name\":\"Donatoni Group\",\"description\":\"\",\"publisher\":{\"@id\":\"https:\/\/www.donatonigroup.com\/fr\/#organization\"},\"potentialAction\":[{\"@type\":\"SearchAction\",\"target\":{\"@type\":\"EntryPoint\",\"urlTemplate\":\"https:\/\/www.donatonigroup.com\/fr\/?s={search_term_string}\"},\"query-input\":{\"@type\":\"PropertyValueSpecification\",\"valueRequired\":true,\"valueName\":\"search_term_string\"}}],\"inLanguage\":\"fr-FR\"},{\"@type\":\"Organization\",\"@id\":\"https:\/\/www.donatonigroup.com\/fr\/#organization\",\"name\":\"Donatoni Group\",\"url\":\"https:\/\/www.donatonigroup.com\/fr\/\",\"logo\":{\"@type\":\"ImageObject\",\"inLanguage\":\"fr-FR\",\"@id\":\"https:\/\/www.donatonigroup.com\/fr\/#\/schema\/logo\/image\/\",\"url\":\"http:\/\/www.donatonigroup.com\/wp-content\/uploads\/2023\/02\/donatoni-logo.png\",\"contentUrl\":\"http:\/\/www.donatonigroup.com\/wp-content\/uploads\/2023\/02\/donatoni-logo.png\",\"width\":800,\"height\":112,\"caption\":\"Donatoni Group\"},\"image\":{\"@id\":\"https:\/\/www.donatonigroup.com\/fr\/#\/schema\/logo\/image\/\"},\"sameAs\":[\"https:\/\/www.facebook.com\/donatonimacchine\",\"https:\/\/instagram.com\/donatonigroup\/\",\"https:\/\/www.linkedin.com\/company\/donatoni-macchine-s-r-l\"]}]}<\/script>\n<!-- \/ Yoast SEO plugin. -->","yoast_head_json":{"title":"SX-5 Q XL - Donatoni Group","robots":{"index":"index","follow":"follow","max-snippet":"max-snippet:-1","max-image-preview":"max-image-preview:large","max-video-preview":"max-video-preview:-1"},"canonical":"https:\/\/www.donatonigroup.com\/fr\/machine\/sx-5-q-xl\/","og_locale":"fr_FR","og_type":"article","og_title":"SX-5 Q XL - Donatoni Group","og_description":"Lignes de production r\u00e9volutionnaires avec cinq groupes de coupe \u00e0 axes interpol\u00e9s. La DONATONI SX-5 Q XL est une installation con\u00e7ue pour r\u00e9pondre aux besoins de ceux qui recherchent des solutions \u00e0 tr\u00e8s haute productivit\u00e9 pour le traitement de sols et de rev\u00eatements en marbre, granit et agglom\u00e9r\u00e9s de diff\u00e9rents types, dimensions et \u00e9paisseurs. &nbsp;","og_url":"https:\/\/www.donatonigroup.com\/fr\/machine\/sx-5-q-xl\/","og_site_name":"Donatoni Group","article_publisher":"https:\/\/www.facebook.com\/donatonimacchine","article_modified_time":"2025-09-22T09:22:13+00:00","og_image":[{"width":1500,"height":935,"url":"https:\/\/www.donatonigroup.com\/wp-content\/uploads\/2025\/09\/Macchina-sx-5-qxl-img.png","type":"image\/png"}],"twitter_card":"summary_large_image","twitter_misc":{"Dur\u00e9e de lecture estim\u00e9e":"1 minute"},"schema":{"@context":"https:\/\/schema.org","@graph":[{"@type":"WebPage","@id":"https:\/\/www.donatonigroup.com\/fr\/machine\/sx-5-q-xl\/","url":"https:\/\/www.donatonigroup.com\/fr\/machine\/sx-5-q-xl\/","name":"SX-5 Q XL - Donatoni Group","isPartOf":{"@id":"https:\/\/www.donatonigroup.com\/fr\/#website"},"primaryImageOfPage":{"@id":"https:\/\/www.donatonigroup.com\/fr\/machine\/sx-5-q-xl\/#primaryimage"},"image":{"@id":"https:\/\/www.donatonigroup.com\/fr\/machine\/sx-5-q-xl\/#primaryimage"},"thumbnailUrl":"https:\/\/www.donatonigroup.com\/wp-content\/uploads\/2025\/09\/Macchina-sx-5-qxl-img.png","datePublished":"2023-10-27T08:06:37+00:00","dateModified":"2025-09-22T09:22:13+00:00","breadcrumb":{"@id":"https:\/\/www.donatonigroup.com\/fr\/machine\/sx-5-q-xl\/#breadcrumb"},"inLanguage":"fr-FR","potentialAction":[{"@type":"ReadAction","target":["https:\/\/www.donatonigroup.com\/fr\/machine\/sx-5-q-xl\/"]}]},{"@type":"ImageObject","inLanguage":"fr-FR","@id":"https:\/\/www.donatonigroup.com\/fr\/machine\/sx-5-q-xl\/#primaryimage","url":"https:\/\/www.donatonigroup.com\/wp-content\/uploads\/2025\/09\/Macchina-sx-5-qxl-img.png","contentUrl":"https:\/\/www.donatonigroup.com\/wp-content\/uploads\/2025\/09\/Macchina-sx-5-qxl-img.png","width":1500,"height":935},{"@type":"BreadcrumbList","@id":"https:\/\/www.donatonigroup.com\/fr\/machine\/sx-5-q-xl\/#breadcrumb","itemListElement":[{"@type":"ListItem","position":1,"name":"Home","item":"https:\/\/www.donatonigroup.com\/fr\/"},{"@type":"ListItem","position":2,"name":"Catalogue machines","item":"https:\/\/www.donatonigroup.com\/fr\/catalogue-machines\/"},{"@type":"ListItem","position":3,"name":"SX-5 Q XL"}]},{"@type":"WebSite","@id":"https:\/\/www.donatonigroup.com\/fr\/#website","url":"https:\/\/www.donatonigroup.com\/fr\/","name":"Donatoni Group","description":"","publisher":{"@id":"https:\/\/www.donatonigroup.com\/fr\/#organization"},"potentialAction":[{"@type":"SearchAction","target":{"@type":"EntryPoint","urlTemplate":"https:\/\/www.donatonigroup.com\/fr\/?s={search_term_string}"},"query-input":{"@type":"PropertyValueSpecification","valueRequired":true,"valueName":"search_term_string"}}],"inLanguage":"fr-FR"},{"@type":"Organization","@id":"https:\/\/www.donatonigroup.com\/fr\/#organization","name":"Donatoni Group","url":"https:\/\/www.donatonigroup.com\/fr\/","logo":{"@type":"ImageObject","inLanguage":"fr-FR","@id":"https:\/\/www.donatonigroup.com\/fr\/#\/schema\/logo\/image\/","url":"http:\/\/www.donatonigroup.com\/wp-content\/uploads\/2023\/02\/donatoni-logo.png","contentUrl":"http:\/\/www.donatonigroup.com\/wp-content\/uploads\/2023\/02\/donatoni-logo.png","width":800,"height":112,"caption":"Donatoni Group"},"image":{"@id":"https:\/\/www.donatonigroup.com\/fr\/#\/schema\/logo\/image\/"},"sameAs":["https:\/\/www.facebook.com\/donatonimacchine","https:\/\/instagram.com\/donatonigroup\/","https:\/\/www.linkedin.com\/company\/donatoni-macchine-s-r-l"]}]}},"_links":{"self":[{"href":"https:\/\/www.donatonigroup.com\/fr\/wp-json\/wp\/v2\/product\/14925","targetHints":{"allow":["GET"]}}],"collection":[{"href":"https:\/\/www.donatonigroup.com\/fr\/wp-json\/wp\/v2\/product"}],"about":[{"href":"https:\/\/www.donatonigroup.com\/fr\/wp-json\/wp\/v2\/types\/product"}],"wp:featuredmedia":[{"embeddable":true,"href":"https:\/\/www.donatonigroup.com\/fr\/wp-json\/wp\/v2\/media\/14994"}],"wp:attachment":[{"href":"https:\/\/www.donatonigroup.com\/fr\/wp-json\/wp\/v2\/media?parent=14925"}],"wp:term":[{"taxonomy":"product_brand","embeddable":true,"href":"https:\/\/www.donatonigroup.com\/fr\/wp-json\/wp\/v2\/product_brand?post=14925"},{"taxonomy":"product_cat","embeddable":true,"href":"https:\/\/www.donatonigroup.com\/fr\/wp-json\/wp\/v2\/product_cat?post=14925"},{"taxonomy":"product_tag","embeddable":true,"href":"https:\/\/www.donatonigroup.com\/fr\/wp-json\/wp\/v2\/product_tag?post=14925"},{"taxonomy":"caratteristica","embeddable":true,"href":"https:\/\/www.donatonigroup.com\/fr\/wp-json\/wp\/v2\/caratteristica?post=14925"},{"taxonomy":"serie","embeddable":true,"href":"https:\/\/www.donatonigroup.com\/fr\/wp-json\/wp\/v2\/serie?post=14925"},{"taxonomy":"settore_di_applicazione","embeddable":true,"href":"https:\/\/www.donatonigroup.com\/fr\/wp-json\/wp\/v2\/settore_di_applicazione?post=14925"}],"curies":[{"name":"wp","href":"https:\/\/api.w.org\/{rel}","templated":true}]}}