{"id":15223,"date":"2025-09-15T10:31:09","date_gmt":"2025-09-15T10:31:09","guid":{"rendered":"http:\/\/www.donatonigroup.com\/macchina\/es40\/"},"modified":"2025-09-19T08:38:56","modified_gmt":"2025-09-19T08:38:56","slug":"es-40","status":"publish","type":"product","link":"https:\/\/www.donatonigroup.com\/fr\/machine\/es-40\/","title":{"rendered":"ES40"},"content":{"rendered":"<h3>La gamme de polisseuses de chants Donatoni<\/h3>\n<p><strong>DONATONI ES40 <\/strong><span class=\"s1\">est la nouvelle polisseuse de chants \u00e0 plat, avec un banc de 3840 mm, qui se caract\u00e9rise par le positionnement automatique des diff\u00e9rentes unit\u00e9s de traitement en fonction du type de mat\u00e9riau, de l\u2019\u00e9paisseur et du traitement requis. L\u2019\u00e9paisseur maximale de travail est de 50 mm et le nombre de dispositivs configurables est 11.<br \/>\n<\/span><\/p>\n","protected":false},"excerpt":{"rendered":"<p>La gamme de polisseuses de chants Donatoni DONATONI ES40 est la nouvelle polisseuse de chants \u00e0 plat, avec un banc de 3840 mm, qui se caract\u00e9rise par le positionnement automatique des diff\u00e9rentes unit\u00e9s de traitement en fonction du type de mat\u00e9riau, de l\u2019\u00e9paisseur et du traitement requis. L\u2019\u00e9paisseur maximale de travail est de 50 mm [&hellip;]<\/p>\n","protected":false},"featured_media":15296,"template":"","meta":{"_et_pb_use_builder":"off","_et_pb_old_content":"<h3>La gamme de polisseuses c\u00f4ti\u00e8res Donatoni<\/h3>\r\n<strong>DONATONI ES39 <\/strong><span class=\"s1\">est la nouvelle polisseuse de chants \u00e0 plat, avec un banc de 3840 mm, qui se caract\u00e9rise par le positionnement automatique des diff\u00e9rentes unit\u00e9s de traitement en fonction du type de mat\u00e9riau, de l\u2019\u00e9paisseur et du traitement requis. L\u2019\u00e9paisseur maximale de travail est de 50 mm et le nombre de dispositivs configurables est 11. <\/span>","_et_gb_content_width":""},"product_brand":[],"product_cat":[3569],"product_tag":[],"caratteristica":[3088,3089,3348,3371,3420,3507],"serie":[3570],"settore_di_applicazione":[3096,3571,3572],"class_list":{"0":"post-15223","1":"product","2":"type-product","3":"status-publish","4":"has-post-thumbnail","6":"product_cat-polisseuse-de-chants","7":"pa_altezza-banco-800-860-fr","8":"pa_consumo-acqua-150-fr","9":"pa_consumo-aria-80-fr","10":"pa_peso-macchina-3000-fr","11":"pa_potenza-installata-25-fr","12":"pa_tensione-elettrica-standard-40010-50-fr","13":"caratteristica-encombrement-reduit","14":"caratteristica-simple-et-rapide-a-programmer","15":"caratteristica-extremement-compacte","16":"caratteristica-extremement-polyvalente","17":"caratteristica-utilisation-avec-un-seul-operateur","18":"caratteristica-interface-logicielle-specifique","19":"serie-es-series-fr","20":"settore_di_applicazione-plans-de-cuisine-et-de-salle-de-bains","21":"settore_di_applicazione-couvertures","22":"settore_di_applicazione-sills","24":"first","25":"instock","26":"shipping-taxable","27":"product-type-simple"},"acf":[],"yoast_head":"<!-- This site is optimized with the Yoast SEO plugin v25.8 - https:\/\/yoast.com\/wordpress\/plugins\/seo\/ -->\n<title>ES40 - Donatoni Group<\/title>\n<meta name=\"robots\" content=\"index, follow, max-snippet:-1, max-image-preview:large, max-video-preview:-1\" \/>\n<link rel=\"canonical\" href=\"https:\/\/www.donatonigroup.com\/fr\/machine\/es-40\/\" \/>\n<meta property=\"og:locale\" content=\"fr_FR\" \/>\n<meta property=\"og:type\" content=\"article\" \/>\n<meta property=\"og:title\" content=\"ES40 - Donatoni Group\" \/>\n<meta property=\"og:description\" content=\"La gamme de polisseuses de chants Donatoni DONATONI ES40 est la nouvelle polisseuse de chants \u00e0 plat, avec un banc de 3840 mm, qui se caract\u00e9rise par le positionnement automatique des diff\u00e9rentes unit\u00e9s de traitement en fonction du type de mat\u00e9riau, de l\u2019\u00e9paisseur et du traitement requis. L\u2019\u00e9paisseur maximale de travail est de 50 mm [&hellip;]\" \/>\n<meta property=\"og:url\" content=\"https:\/\/www.donatonigroup.com\/fr\/machine\/es-40\/\" \/>\n<meta property=\"og:site_name\" content=\"Donatoni Group\" \/>\n<meta property=\"article:publisher\" content=\"https:\/\/www.facebook.com\/donatonimacchine\" \/>\n<meta property=\"article:modified_time\" content=\"2025-09-19T08:38:56+00:00\" \/>\n<meta property=\"og:image\" content=\"https:\/\/www.donatonigroup.com\/wp-content\/uploads\/2025\/09\/ES40-img.png\" \/>\n\t<meta property=\"og:image:width\" content=\"2000\" \/>\n\t<meta property=\"og:image:height\" content=\"1414\" \/>\n\t<meta property=\"og:image:type\" content=\"image\/png\" \/>\n<meta name=\"twitter:card\" content=\"summary_large_image\" \/>\n<meta name=\"twitter:label1\" content=\"Dur\u00e9e de lecture estim\u00e9e\" \/>\n\t<meta name=\"twitter:data1\" content=\"1 minute\" \/>\n<script type=\"application\/ld+json\" class=\"yoast-schema-graph\">{\"@context\":\"https:\/\/schema.org\",\"@graph\":[{\"@type\":\"WebPage\",\"@id\":\"https:\/\/www.donatonigroup.com\/fr\/machine\/es-40\/\",\"url\":\"https:\/\/www.donatonigroup.com\/fr\/machine\/es-40\/\",\"name\":\"ES40 - Donatoni Group\",\"isPartOf\":{\"@id\":\"https:\/\/www.donatonigroup.com\/fr\/#website\"},\"primaryImageOfPage\":{\"@id\":\"https:\/\/www.donatonigroup.com\/fr\/machine\/es-40\/#primaryimage\"},\"image\":{\"@id\":\"https:\/\/www.donatonigroup.com\/fr\/machine\/es-40\/#primaryimage\"},\"thumbnailUrl\":\"https:\/\/www.donatonigroup.com\/wp-content\/uploads\/2025\/09\/ES40-img.png\",\"datePublished\":\"2025-09-15T10:31:09+00:00\",\"dateModified\":\"2025-09-19T08:38:56+00:00\",\"breadcrumb\":{\"@id\":\"https:\/\/www.donatonigroup.com\/fr\/machine\/es-40\/#breadcrumb\"},\"inLanguage\":\"fr-FR\",\"potentialAction\":[{\"@type\":\"ReadAction\",\"target\":[\"https:\/\/www.donatonigroup.com\/fr\/machine\/es-40\/\"]}]},{\"@type\":\"ImageObject\",\"inLanguage\":\"fr-FR\",\"@id\":\"https:\/\/www.donatonigroup.com\/fr\/machine\/es-40\/#primaryimage\",\"url\":\"https:\/\/www.donatonigroup.com\/wp-content\/uploads\/2025\/09\/ES40-img.png\",\"contentUrl\":\"https:\/\/www.donatonigroup.com\/wp-content\/uploads\/2025\/09\/ES40-img.png\",\"width\":2000,\"height\":1414},{\"@type\":\"BreadcrumbList\",\"@id\":\"https:\/\/www.donatonigroup.com\/fr\/machine\/es-40\/#breadcrumb\",\"itemListElement\":[{\"@type\":\"ListItem\",\"position\":1,\"name\":\"Home\",\"item\":\"https:\/\/www.donatonigroup.com\/fr\/\"},{\"@type\":\"ListItem\",\"position\":2,\"name\":\"Catalogue machines\",\"item\":\"https:\/\/www.donatonigroup.com\/fr\/catalogue-machines\/\"},{\"@type\":\"ListItem\",\"position\":3,\"name\":\"ES40\"}]},{\"@type\":\"WebSite\",\"@id\":\"https:\/\/www.donatonigroup.com\/fr\/#website\",\"url\":\"https:\/\/www.donatonigroup.com\/fr\/\",\"name\":\"Donatoni Group\",\"description\":\"\",\"publisher\":{\"@id\":\"https:\/\/www.donatonigroup.com\/fr\/#organization\"},\"potentialAction\":[{\"@type\":\"SearchAction\",\"target\":{\"@type\":\"EntryPoint\",\"urlTemplate\":\"https:\/\/www.donatonigroup.com\/fr\/?s={search_term_string}\"},\"query-input\":{\"@type\":\"PropertyValueSpecification\",\"valueRequired\":true,\"valueName\":\"search_term_string\"}}],\"inLanguage\":\"fr-FR\"},{\"@type\":\"Organization\",\"@id\":\"https:\/\/www.donatonigroup.com\/fr\/#organization\",\"name\":\"Donatoni Group\",\"url\":\"https:\/\/www.donatonigroup.com\/fr\/\",\"logo\":{\"@type\":\"ImageObject\",\"inLanguage\":\"fr-FR\",\"@id\":\"https:\/\/www.donatonigroup.com\/fr\/#\/schema\/logo\/image\/\",\"url\":\"http:\/\/www.donatonigroup.com\/wp-content\/uploads\/2023\/02\/donatoni-logo.png\",\"contentUrl\":\"http:\/\/www.donatonigroup.com\/wp-content\/uploads\/2023\/02\/donatoni-logo.png\",\"width\":800,\"height\":112,\"caption\":\"Donatoni Group\"},\"image\":{\"@id\":\"https:\/\/www.donatonigroup.com\/fr\/#\/schema\/logo\/image\/\"},\"sameAs\":[\"https:\/\/www.facebook.com\/donatonimacchine\",\"https:\/\/instagram.com\/donatonigroup\/\",\"https:\/\/www.linkedin.com\/company\/donatoni-macchine-s-r-l\"]}]}<\/script>\n<!-- \/ Yoast SEO plugin. -->","yoast_head_json":{"title":"ES40 - Donatoni Group","robots":{"index":"index","follow":"follow","max-snippet":"max-snippet:-1","max-image-preview":"max-image-preview:large","max-video-preview":"max-video-preview:-1"},"canonical":"https:\/\/www.donatonigroup.com\/fr\/machine\/es-40\/","og_locale":"fr_FR","og_type":"article","og_title":"ES40 - Donatoni Group","og_description":"La gamme de polisseuses de chants Donatoni DONATONI ES40 est la nouvelle polisseuse de chants \u00e0 plat, avec un banc de 3840 mm, qui se caract\u00e9rise par le positionnement automatique des diff\u00e9rentes unit\u00e9s de traitement en fonction du type de mat\u00e9riau, de l\u2019\u00e9paisseur et du traitement requis. L\u2019\u00e9paisseur maximale de travail est de 50 mm [&hellip;]","og_url":"https:\/\/www.donatonigroup.com\/fr\/machine\/es-40\/","og_site_name":"Donatoni Group","article_publisher":"https:\/\/www.facebook.com\/donatonimacchine","article_modified_time":"2025-09-19T08:38:56+00:00","og_image":[{"width":2000,"height":1414,"url":"https:\/\/www.donatonigroup.com\/wp-content\/uploads\/2025\/09\/ES40-img.png","type":"image\/png"}],"twitter_card":"summary_large_image","twitter_misc":{"Dur\u00e9e de lecture estim\u00e9e":"1 minute"},"schema":{"@context":"https:\/\/schema.org","@graph":[{"@type":"WebPage","@id":"https:\/\/www.donatonigroup.com\/fr\/machine\/es-40\/","url":"https:\/\/www.donatonigroup.com\/fr\/machine\/es-40\/","name":"ES40 - Donatoni Group","isPartOf":{"@id":"https:\/\/www.donatonigroup.com\/fr\/#website"},"primaryImageOfPage":{"@id":"https:\/\/www.donatonigroup.com\/fr\/machine\/es-40\/#primaryimage"},"image":{"@id":"https:\/\/www.donatonigroup.com\/fr\/machine\/es-40\/#primaryimage"},"thumbnailUrl":"https:\/\/www.donatonigroup.com\/wp-content\/uploads\/2025\/09\/ES40-img.png","datePublished":"2025-09-15T10:31:09+00:00","dateModified":"2025-09-19T08:38:56+00:00","breadcrumb":{"@id":"https:\/\/www.donatonigroup.com\/fr\/machine\/es-40\/#breadcrumb"},"inLanguage":"fr-FR","potentialAction":[{"@type":"ReadAction","target":["https:\/\/www.donatonigroup.com\/fr\/machine\/es-40\/"]}]},{"@type":"ImageObject","inLanguage":"fr-FR","@id":"https:\/\/www.donatonigroup.com\/fr\/machine\/es-40\/#primaryimage","url":"https:\/\/www.donatonigroup.com\/wp-content\/uploads\/2025\/09\/ES40-img.png","contentUrl":"https:\/\/www.donatonigroup.com\/wp-content\/uploads\/2025\/09\/ES40-img.png","width":2000,"height":1414},{"@type":"BreadcrumbList","@id":"https:\/\/www.donatonigroup.com\/fr\/machine\/es-40\/#breadcrumb","itemListElement":[{"@type":"ListItem","position":1,"name":"Home","item":"https:\/\/www.donatonigroup.com\/fr\/"},{"@type":"ListItem","position":2,"name":"Catalogue machines","item":"https:\/\/www.donatonigroup.com\/fr\/catalogue-machines\/"},{"@type":"ListItem","position":3,"name":"ES40"}]},{"@type":"WebSite","@id":"https:\/\/www.donatonigroup.com\/fr\/#website","url":"https:\/\/www.donatonigroup.com\/fr\/","name":"Donatoni Group","description":"","publisher":{"@id":"https:\/\/www.donatonigroup.com\/fr\/#organization"},"potentialAction":[{"@type":"SearchAction","target":{"@type":"EntryPoint","urlTemplate":"https:\/\/www.donatonigroup.com\/fr\/?s={search_term_string}"},"query-input":{"@type":"PropertyValueSpecification","valueRequired":true,"valueName":"search_term_string"}}],"inLanguage":"fr-FR"},{"@type":"Organization","@id":"https:\/\/www.donatonigroup.com\/fr\/#organization","name":"Donatoni Group","url":"https:\/\/www.donatonigroup.com\/fr\/","logo":{"@type":"ImageObject","inLanguage":"fr-FR","@id":"https:\/\/www.donatonigroup.com\/fr\/#\/schema\/logo\/image\/","url":"http:\/\/www.donatonigroup.com\/wp-content\/uploads\/2023\/02\/donatoni-logo.png","contentUrl":"http:\/\/www.donatonigroup.com\/wp-content\/uploads\/2023\/02\/donatoni-logo.png","width":800,"height":112,"caption":"Donatoni Group"},"image":{"@id":"https:\/\/www.donatonigroup.com\/fr\/#\/schema\/logo\/image\/"},"sameAs":["https:\/\/www.facebook.com\/donatonimacchine","https:\/\/instagram.com\/donatonigroup\/","https:\/\/www.linkedin.com\/company\/donatoni-macchine-s-r-l"]}]}},"_links":{"self":[{"href":"https:\/\/www.donatonigroup.com\/fr\/wp-json\/wp\/v2\/product\/15223","targetHints":{"allow":["GET"]}}],"collection":[{"href":"https:\/\/www.donatonigroup.com\/fr\/wp-json\/wp\/v2\/product"}],"about":[{"href":"https:\/\/www.donatonigroup.com\/fr\/wp-json\/wp\/v2\/types\/product"}],"wp:featuredmedia":[{"embeddable":true,"href":"https:\/\/www.donatonigroup.com\/fr\/wp-json\/wp\/v2\/media\/15296"}],"wp:attachment":[{"href":"https:\/\/www.donatonigroup.com\/fr\/wp-json\/wp\/v2\/media?parent=15223"}],"wp:term":[{"taxonomy":"product_brand","embeddable":true,"href":"https:\/\/www.donatonigroup.com\/fr\/wp-json\/wp\/v2\/product_brand?post=15223"},{"taxonomy":"product_cat","embeddable":true,"href":"https:\/\/www.donatonigroup.com\/fr\/wp-json\/wp\/v2\/product_cat?post=15223"},{"taxonomy":"product_tag","embeddable":true,"href":"https:\/\/www.donatonigroup.com\/fr\/wp-json\/wp\/v2\/product_tag?post=15223"},{"taxonomy":"caratteristica","embeddable":true,"href":"https:\/\/www.donatonigroup.com\/fr\/wp-json\/wp\/v2\/caratteristica?post=15223"},{"taxonomy":"serie","embeddable":true,"href":"https:\/\/www.donatonigroup.com\/fr\/wp-json\/wp\/v2\/serie?post=15223"},{"taxonomy":"settore_di_applicazione","embeddable":true,"href":"https:\/\/www.donatonigroup.com\/fr\/wp-json\/wp\/v2\/settore_di_applicazione?post=15223"}],"curies":[{"name":"wp","href":"https:\/\/api.w.org\/{rel}","templated":true}]}}