{"id":12087,"date":"2023-11-23T08:33:42","date_gmt":"2023-11-23T08:33:42","guid":{"rendered":"http:\/\/www.donatonigroup.com\/?post_type=product&#038;p=12087"},"modified":"2023-11-23T14:51:06","modified_gmt":"2023-11-23T14:51:06","slug":"arm-1","status":"publish","type":"product","link":"https:\/\/www.donatonigroup.com\/pt-pt\/maquina\/arm-1\/","title":{"rendered":"ARM 1"},"content":{"rendered":"<p><strong>Linha com rob\u00f4 de paletiza\u00e7\u00e3o <\/strong><\/p>\n<p>Linha de paletiza\u00e7\u00e3o robotizada que garante a m\u00e1xima versatilidade e flexibilidade.<\/p>\n<p>Donatoni ARM 1 foi projetado para oferecer efici\u00eancia incompar\u00e1vel na <strong>paletiza\u00e7\u00e3o de azulejos, ladrilhos e revestimentos em formatos de tamanhos variados.<\/strong> O rob\u00f4 \u00e9 equipado com uma <strong>garra de \u00fanica pega<\/strong> capaz de lidar com a produ\u00e7\u00e3o de maneira r\u00e1pida e precisa.<\/p>\n<p>A tecnologia DONATONI permite a <strong>retirada e paletiza\u00e7\u00e3o direta em v\u00e1rias esta\u00e7\u00f5es<\/strong>, garantindo uma gest\u00e3o otimizada do fluxo de trabalho. Para aumentar ainda mais a versatilidade do sistema, oferecemos <strong>um eixo de trilho de rob\u00f4 opcional<\/strong>, que permite adaptar-se facilmente \u00e0s diversas necessidades de produ\u00e7\u00e3o.<\/p>\n<p>Com o DONATONI ARM 1, voc\u00ea obter\u00e1 o <strong>m\u00e1ximo n\u00edvel de automa\u00e7\u00e3o e precis\u00e3o<\/strong> no processo de paletiza\u00e7\u00e3o.<\/p>\n","protected":false},"excerpt":{"rendered":"<p>Linha com rob\u00f4 de paletiza\u00e7\u00e3o Linha de paletiza\u00e7\u00e3o robotizada que garante a m\u00e1xima versatilidade e flexibilidade. Donatoni ARM 1 foi projetado para oferecer efici\u00eancia incompar\u00e1vel na paletiza\u00e7\u00e3o de azulejos, ladrilhos e revestimentos em formatos de tamanhos variados. O rob\u00f4 \u00e9 equipado com uma garra de \u00fanica pega capaz de lidar com a produ\u00e7\u00e3o de maneira [&hellip;]<\/p>\n","protected":false},"featured_media":12083,"template":"","meta":{"_et_pb_use_builder":"","_et_pb_old_content":"","_et_gb_content_width":""},"product_brand":[],"product_cat":[1239],"product_tag":[],"caratteristica":[1270,1274,1280,1418,1419,2120,2121,2122],"serie":[2962],"settore_di_applicazione":[1256,1257,1258,1259],"class_list":{"0":"post-12087","1":"product","2":"type-product","3":"status-publish","4":"has-post-thumbnail","6":"product_cat-sistemas-roboticos","7":"pa_assi-interpolati-6-pt-pt","8":"pa_classe-di-protezione-polso-67-pt-pt","9":"pa_classe-protezione-65-pt-pt","10":"pa_consumo-aria-6-bar-20-pt-pt","11":"pa_corsa-asse-a1-185-pt-pt","12":"pa_corsa-asse-a2-120-70-pt-pt","13":"pa_corsa-asse-a3-120-168-pt-pt","14":"pa_corsa-asse-a4-350-pt-pt","15":"pa_corsa-asse-a5-125-pt-pt","16":"pa_corsa-asse-a6-350-pt-pt","17":"pa_dimensioni-max-pezzo-in-pres-2000-x-1200-pt-pt","18":"pa_dimensioni-min-pezzo-in-pres-300-x-100-pt-pt","19":"pa_max-raggio-dazione-3500-pt-pt","20":"pa_num-max-pezzi-in-presa-1-pt-pt","21":"pa_peso-massimo-pezzo-in-presa-peso-massimo-pezzo-in-presa-pt-pt","22":"pa_peso-solo-robot-1256-pt-pt","23":"pa_portata-al-polso-180-pt-pt","24":"pa_potenza-pompa-a-vuoto-4-pt-pt-2","25":"pa_potenza-totale-installata-20-36-pt-pt","26":"pa_sistema-di-controllo-kr-c5-pt-pt","27":"pa_tensione-elettrica-standard-40010-50-pt-pt","28":"pa_velocita-massima-asse-a1-105-pt-pt","29":"pa_velocita-massima-asse-a2-101-pt-pt","30":"pa_velocita-massima-asse-a3-110-pt-pt","31":"pa_velocita-massima-asse-a4-150-pt-pt","32":"pa_velocita-massima-asse-a5-180-pt-pt","33":"pa_velocita-massima-asse-a6-260-pt-pt","34":"caratteristica-flexibilidade-de-producao","35":"caratteristica-simples-e-rapida-de-programar","36":"caratteristica-extremamente-flexivel","37":"caratteristica-ideal-para-a-producao-em-serie","38":"caratteristica-elevada-produtividade","39":"caratteristica-automazione-processo-produttivo-pt-pt","40":"caratteristica-estremamente-veloce-pt-pt","41":"caratteristica-riduzione-costi-di-lavorazione-pt-pt","42":"serie-arm-series-pt-pt","43":"settore_di_applicazione-grandes-projetos","44":"settore_di_applicazione-pecas-para-a-construcao-civil","45":"settore_di_applicazione-pavimentos-e-revestimentos","46":"settore_di_applicazione-bancadas-de-cozinha-e-bancadas-para-casas-de-banho","48":"first","49":"instock","50":"shipping-taxable","51":"product-type-simple"},"acf":[],"yoast_head":"<!-- This site is optimized with the Yoast SEO plugin v25.8 - https:\/\/yoast.com\/wordpress\/plugins\/seo\/ -->\n<title>ARM 1 - Donatoni Group<\/title>\n<meta name=\"robots\" content=\"index, follow, max-snippet:-1, max-image-preview:large, max-video-preview:-1\" \/>\n<link rel=\"canonical\" href=\"https:\/\/www.donatonigroup.com\/pt-pt\/maquina\/arm-1\/\" \/>\n<meta property=\"og:locale\" content=\"pt_PT\" \/>\n<meta property=\"og:type\" content=\"article\" \/>\n<meta property=\"og:title\" content=\"ARM 1 - Donatoni Group\" \/>\n<meta property=\"og:description\" content=\"Linha com rob\u00f4 de paletiza\u00e7\u00e3o Linha de paletiza\u00e7\u00e3o robotizada que garante a m\u00e1xima versatilidade e flexibilidade. Donatoni ARM 1 foi projetado para oferecer efici\u00eancia incompar\u00e1vel na paletiza\u00e7\u00e3o de azulejos, ladrilhos e revestimentos em formatos de tamanhos variados. O rob\u00f4 \u00e9 equipado com uma garra de \u00fanica pega capaz de lidar com a produ\u00e7\u00e3o de maneira [&hellip;]\" \/>\n<meta property=\"og:url\" content=\"https:\/\/www.donatonigroup.com\/pt-pt\/maquina\/arm-1\/\" \/>\n<meta property=\"og:site_name\" content=\"Donatoni Group\" \/>\n<meta property=\"article:publisher\" content=\"https:\/\/www.facebook.com\/donatonimacchine\" \/>\n<meta property=\"article:modified_time\" content=\"2023-11-23T14:51:06+00:00\" \/>\n<meta property=\"og:image\" content=\"https:\/\/www.donatonigroup.com\/wp-content\/uploads\/2023\/11\/ARM1-senza-sfondo-sito-2.png\" \/>\n\t<meta property=\"og:image:width\" content=\"1080\" \/>\n\t<meta property=\"og:image:height\" content=\"675\" \/>\n\t<meta property=\"og:image:type\" content=\"image\/png\" \/>\n<meta name=\"twitter:card\" content=\"summary_large_image\" \/>\n<meta name=\"twitter:label1\" content=\"Tempo estimado de leitura\" \/>\n\t<meta name=\"twitter:data1\" content=\"1 minuto\" \/>\n<script type=\"application\/ld+json\" class=\"yoast-schema-graph\">{\"@context\":\"https:\/\/schema.org\",\"@graph\":[{\"@type\":\"WebPage\",\"@id\":\"https:\/\/www.donatonigroup.com\/pt-pt\/maquina\/arm-1\/\",\"url\":\"https:\/\/www.donatonigroup.com\/pt-pt\/maquina\/arm-1\/\",\"name\":\"ARM 1 - Donatoni Group\",\"isPartOf\":{\"@id\":\"https:\/\/www.donatonigroup.com\/pt-pt\/#website\"},\"primaryImageOfPage\":{\"@id\":\"https:\/\/www.donatonigroup.com\/pt-pt\/maquina\/arm-1\/#primaryimage\"},\"image\":{\"@id\":\"https:\/\/www.donatonigroup.com\/pt-pt\/maquina\/arm-1\/#primaryimage\"},\"thumbnailUrl\":\"https:\/\/www.donatonigroup.com\/wp-content\/uploads\/2023\/11\/ARM1-senza-sfondo-sito-2.png\",\"datePublished\":\"2023-11-23T08:33:42+00:00\",\"dateModified\":\"2023-11-23T14:51:06+00:00\",\"breadcrumb\":{\"@id\":\"https:\/\/www.donatonigroup.com\/pt-pt\/maquina\/arm-1\/#breadcrumb\"},\"inLanguage\":\"pt-PT\",\"potentialAction\":[{\"@type\":\"ReadAction\",\"target\":[\"https:\/\/www.donatonigroup.com\/pt-pt\/maquina\/arm-1\/\"]}]},{\"@type\":\"ImageObject\",\"inLanguage\":\"pt-PT\",\"@id\":\"https:\/\/www.donatonigroup.com\/pt-pt\/maquina\/arm-1\/#primaryimage\",\"url\":\"https:\/\/www.donatonigroup.com\/wp-content\/uploads\/2023\/11\/ARM1-senza-sfondo-sito-2.png\",\"contentUrl\":\"https:\/\/www.donatonigroup.com\/wp-content\/uploads\/2023\/11\/ARM1-senza-sfondo-sito-2.png\",\"width\":1080,\"height\":675},{\"@type\":\"BreadcrumbList\",\"@id\":\"https:\/\/www.donatonigroup.com\/pt-pt\/maquina\/arm-1\/#breadcrumb\",\"itemListElement\":[{\"@type\":\"ListItem\",\"position\":1,\"name\":\"Home\",\"item\":\"https:\/\/www.donatonigroup.com\/pt-pt\/\"},{\"@type\":\"ListItem\",\"position\":2,\"name\":\"Cat\u00e1logo de M\u00e1quinas\",\"item\":\"https:\/\/www.donatonigroup.com\/pt-pt\/catalogo-de-maquinas\/\"},{\"@type\":\"ListItem\",\"position\":3,\"name\":\"ARM 1\"}]},{\"@type\":\"WebSite\",\"@id\":\"https:\/\/www.donatonigroup.com\/pt-pt\/#website\",\"url\":\"https:\/\/www.donatonigroup.com\/pt-pt\/\",\"name\":\"Donatoni Group\",\"description\":\"\",\"publisher\":{\"@id\":\"https:\/\/www.donatonigroup.com\/pt-pt\/#organization\"},\"potentialAction\":[{\"@type\":\"SearchAction\",\"target\":{\"@type\":\"EntryPoint\",\"urlTemplate\":\"https:\/\/www.donatonigroup.com\/pt-pt\/?s={search_term_string}\"},\"query-input\":{\"@type\":\"PropertyValueSpecification\",\"valueRequired\":true,\"valueName\":\"search_term_string\"}}],\"inLanguage\":\"pt-PT\"},{\"@type\":\"Organization\",\"@id\":\"https:\/\/www.donatonigroup.com\/pt-pt\/#organization\",\"name\":\"Donatoni Group\",\"url\":\"https:\/\/www.donatonigroup.com\/pt-pt\/\",\"logo\":{\"@type\":\"ImageObject\",\"inLanguage\":\"pt-PT\",\"@id\":\"https:\/\/www.donatonigroup.com\/pt-pt\/#\/schema\/logo\/image\/\",\"url\":\"http:\/\/www.donatonigroup.com\/wp-content\/uploads\/2023\/02\/donatoni-logo.png\",\"contentUrl\":\"http:\/\/www.donatonigroup.com\/wp-content\/uploads\/2023\/02\/donatoni-logo.png\",\"width\":800,\"height\":112,\"caption\":\"Donatoni Group\"},\"image\":{\"@id\":\"https:\/\/www.donatonigroup.com\/pt-pt\/#\/schema\/logo\/image\/\"},\"sameAs\":[\"https:\/\/www.facebook.com\/donatonimacchine\",\"https:\/\/instagram.com\/donatonigroup\/\",\"https:\/\/www.linkedin.com\/company\/donatoni-macchine-s-r-l\"]}]}<\/script>\n<!-- \/ Yoast SEO plugin. -->","yoast_head_json":{"title":"ARM 1 - Donatoni Group","robots":{"index":"index","follow":"follow","max-snippet":"max-snippet:-1","max-image-preview":"max-image-preview:large","max-video-preview":"max-video-preview:-1"},"canonical":"https:\/\/www.donatonigroup.com\/pt-pt\/maquina\/arm-1\/","og_locale":"pt_PT","og_type":"article","og_title":"ARM 1 - Donatoni Group","og_description":"Linha com rob\u00f4 de paletiza\u00e7\u00e3o Linha de paletiza\u00e7\u00e3o robotizada que garante a m\u00e1xima versatilidade e flexibilidade. Donatoni ARM 1 foi projetado para oferecer efici\u00eancia incompar\u00e1vel na paletiza\u00e7\u00e3o de azulejos, ladrilhos e revestimentos em formatos de tamanhos variados. O rob\u00f4 \u00e9 equipado com uma garra de \u00fanica pega capaz de lidar com a produ\u00e7\u00e3o de maneira [&hellip;]","og_url":"https:\/\/www.donatonigroup.com\/pt-pt\/maquina\/arm-1\/","og_site_name":"Donatoni Group","article_publisher":"https:\/\/www.facebook.com\/donatonimacchine","article_modified_time":"2023-11-23T14:51:06+00:00","og_image":[{"width":1080,"height":675,"url":"https:\/\/www.donatonigroup.com\/wp-content\/uploads\/2023\/11\/ARM1-senza-sfondo-sito-2.png","type":"image\/png"}],"twitter_card":"summary_large_image","twitter_misc":{"Tempo estimado de leitura":"1 minuto"},"schema":{"@context":"https:\/\/schema.org","@graph":[{"@type":"WebPage","@id":"https:\/\/www.donatonigroup.com\/pt-pt\/maquina\/arm-1\/","url":"https:\/\/www.donatonigroup.com\/pt-pt\/maquina\/arm-1\/","name":"ARM 1 - Donatoni Group","isPartOf":{"@id":"https:\/\/www.donatonigroup.com\/pt-pt\/#website"},"primaryImageOfPage":{"@id":"https:\/\/www.donatonigroup.com\/pt-pt\/maquina\/arm-1\/#primaryimage"},"image":{"@id":"https:\/\/www.donatonigroup.com\/pt-pt\/maquina\/arm-1\/#primaryimage"},"thumbnailUrl":"https:\/\/www.donatonigroup.com\/wp-content\/uploads\/2023\/11\/ARM1-senza-sfondo-sito-2.png","datePublished":"2023-11-23T08:33:42+00:00","dateModified":"2023-11-23T14:51:06+00:00","breadcrumb":{"@id":"https:\/\/www.donatonigroup.com\/pt-pt\/maquina\/arm-1\/#breadcrumb"},"inLanguage":"pt-PT","potentialAction":[{"@type":"ReadAction","target":["https:\/\/www.donatonigroup.com\/pt-pt\/maquina\/arm-1\/"]}]},{"@type":"ImageObject","inLanguage":"pt-PT","@id":"https:\/\/www.donatonigroup.com\/pt-pt\/maquina\/arm-1\/#primaryimage","url":"https:\/\/www.donatonigroup.com\/wp-content\/uploads\/2023\/11\/ARM1-senza-sfondo-sito-2.png","contentUrl":"https:\/\/www.donatonigroup.com\/wp-content\/uploads\/2023\/11\/ARM1-senza-sfondo-sito-2.png","width":1080,"height":675},{"@type":"BreadcrumbList","@id":"https:\/\/www.donatonigroup.com\/pt-pt\/maquina\/arm-1\/#breadcrumb","itemListElement":[{"@type":"ListItem","position":1,"name":"Home","item":"https:\/\/www.donatonigroup.com\/pt-pt\/"},{"@type":"ListItem","position":2,"name":"Cat\u00e1logo de M\u00e1quinas","item":"https:\/\/www.donatonigroup.com\/pt-pt\/catalogo-de-maquinas\/"},{"@type":"ListItem","position":3,"name":"ARM 1"}]},{"@type":"WebSite","@id":"https:\/\/www.donatonigroup.com\/pt-pt\/#website","url":"https:\/\/www.donatonigroup.com\/pt-pt\/","name":"Donatoni Group","description":"","publisher":{"@id":"https:\/\/www.donatonigroup.com\/pt-pt\/#organization"},"potentialAction":[{"@type":"SearchAction","target":{"@type":"EntryPoint","urlTemplate":"https:\/\/www.donatonigroup.com\/pt-pt\/?s={search_term_string}"},"query-input":{"@type":"PropertyValueSpecification","valueRequired":true,"valueName":"search_term_string"}}],"inLanguage":"pt-PT"},{"@type":"Organization","@id":"https:\/\/www.donatonigroup.com\/pt-pt\/#organization","name":"Donatoni Group","url":"https:\/\/www.donatonigroup.com\/pt-pt\/","logo":{"@type":"ImageObject","inLanguage":"pt-PT","@id":"https:\/\/www.donatonigroup.com\/pt-pt\/#\/schema\/logo\/image\/","url":"http:\/\/www.donatonigroup.com\/wp-content\/uploads\/2023\/02\/donatoni-logo.png","contentUrl":"http:\/\/www.donatonigroup.com\/wp-content\/uploads\/2023\/02\/donatoni-logo.png","width":800,"height":112,"caption":"Donatoni Group"},"image":{"@id":"https:\/\/www.donatonigroup.com\/pt-pt\/#\/schema\/logo\/image\/"},"sameAs":["https:\/\/www.facebook.com\/donatonimacchine","https:\/\/instagram.com\/donatonigroup\/","https:\/\/www.linkedin.com\/company\/donatoni-macchine-s-r-l"]}]}},"_links":{"self":[{"href":"https:\/\/www.donatonigroup.com\/pt-pt\/wp-json\/wp\/v2\/product\/12087","targetHints":{"allow":["GET"]}}],"collection":[{"href":"https:\/\/www.donatonigroup.com\/pt-pt\/wp-json\/wp\/v2\/product"}],"about":[{"href":"https:\/\/www.donatonigroup.com\/pt-pt\/wp-json\/wp\/v2\/types\/product"}],"wp:featuredmedia":[{"embeddable":true,"href":"https:\/\/www.donatonigroup.com\/pt-pt\/wp-json\/wp\/v2\/media\/12083"}],"wp:attachment":[{"href":"https:\/\/www.donatonigroup.com\/pt-pt\/wp-json\/wp\/v2\/media?parent=12087"}],"wp:term":[{"taxonomy":"product_brand","embeddable":true,"href":"https:\/\/www.donatonigroup.com\/pt-pt\/wp-json\/wp\/v2\/product_brand?post=12087"},{"taxonomy":"product_cat","embeddable":true,"href":"https:\/\/www.donatonigroup.com\/pt-pt\/wp-json\/wp\/v2\/product_cat?post=12087"},{"taxonomy":"product_tag","embeddable":true,"href":"https:\/\/www.donatonigroup.com\/pt-pt\/wp-json\/wp\/v2\/product_tag?post=12087"},{"taxonomy":"caratteristica","embeddable":true,"href":"https:\/\/www.donatonigroup.com\/pt-pt\/wp-json\/wp\/v2\/caratteristica?post=12087"},{"taxonomy":"serie","embeddable":true,"href":"https:\/\/www.donatonigroup.com\/pt-pt\/wp-json\/wp\/v2\/serie?post=12087"},{"taxonomy":"settore_di_applicazione","embeddable":true,"href":"https:\/\/www.donatonigroup.com\/pt-pt\/wp-json\/wp\/v2\/settore_di_applicazione?post=12087"}],"curies":[{"name":"wp","href":"https:\/\/api.w.org\/{rel}","templated":true}]}}