{"id":12968,"date":"2023-12-20T11:10:22","date_gmt":"2023-12-20T11:10:22","guid":{"rendered":"http:\/\/www.donatonigroup.com\/macchina\/arm-2\/"},"modified":"2023-12-20T11:10:22","modified_gmt":"2023-12-20T11:10:22","slug":"arm-2","status":"publish","type":"product","link":"https:\/\/www.donatonigroup.com\/pt-pt\/maquina\/arm-2\/","title":{"rendered":"ARM 2"},"content":{"rendered":"<p><strong>Linha de alta produtividade<\/strong><\/p>\n<p>Linha de paletiza\u00e7\u00e3o robotizada ideal para processos de alta produtividade.<\/p>\n<p>DONATONI ARM 2 \u00e9 uma <strong>linha de alta produtividade<\/strong> com <strong>esteiras de transporte e rob\u00f4 de paletiza\u00e7\u00e3o<\/strong> para a produ\u00e7\u00e3o de azulejos e ladrilhos de formato \u00fanico. Com o uso de esteiras de transporte integradas, o fluxo de produtos \u00e9 gerenciado de forma suave e cont\u00ednua, otimizando o tempo de processamento.<\/p>\n<p>O centro de todo o sistema \u00e9 o <strong>rob\u00f4 de paletiza\u00e7\u00e3o<\/strong>, equipado com <strong>uma pin\u00e7a com v\u00e1rias garras<\/strong> que permite agarrar v\u00e1rias pe\u00e7as ao mesmo tempo. Esta caracter\u00edstica permite uma paletiza\u00e7\u00e3o r\u00e1pida e precisa, reduzindo os tempos de parada das m\u00e1quinas e aumentando a produtividade geral da linha.<\/p>\n<p>Com DONATONI ARM 2, voc\u00ea alcan\u00e7ar\u00e1 a <strong>m\u00e1xima produtividade<\/strong> da sua linha de produ\u00e7\u00e3o.<\/p>\n","protected":false},"excerpt":{"rendered":"<p>Linha de alta produtividade Linha de paletiza\u00e7\u00e3o robotizada ideal para processos de alta produtividade. DONATONI ARM 2 \u00e9 uma linha de alta produtividade com esteiras de transporte e rob\u00f4 de paletiza\u00e7\u00e3o para a produ\u00e7\u00e3o de azulejos e ladrilhos de formato \u00fanico. Com o uso de esteiras de transporte integradas, o fluxo de produtos \u00e9 gerenciado [&hellip;]<\/p>\n","protected":false},"featured_media":12923,"template":"","meta":{"_et_pb_use_builder":"","_et_pb_old_content":"","_et_gb_content_width":""},"product_brand":[],"product_cat":[1239],"product_tag":[],"caratteristica":[1270,1280,1418,1419,2120,2122],"serie":[2962],"settore_di_applicazione":[1256,1257,1258,1259],"class_list":{"0":"post-12968","1":"product","2":"type-product","3":"status-publish","4":"has-post-thumbnail","6":"product_cat-sistemas-roboticos","7":"pa_assi-interpolati-6-pt-pt","8":"pa_classe-di-protezione-polso-67-pt-pt","9":"pa_classe-protezione-65-pt-pt","10":"pa_consumo-aria-6-bar-20-pt-pt","11":"pa_dimensioni-max-pezzo-in-pres-1200-x-1200-pt-pt","12":"pa_dimensioni-min-pezzo-in-pres-250-x-200-pt-pt","13":"pa_max-raggio-dazione-3100-pt-pt","14":"pa_num-max-pezzi-in-presa-4-pt-pt","15":"pa_peso-massimo-pezzo-in-presa-125-pt-pt","16":"pa_peso-solo-robot-1134-pt-pt","17":"pa_portata-al-polso-210-pt-pt","18":"pa_potenza-pompa-a-vuoto-4-pt-pt-2","19":"pa_potenza-totale-installata-22-129-pt-pt","20":"pa_sistema-di-controllo-kr-c5-pt-pt","21":"pa_tensione-elettrica-standard-40010-50-pt-pt","22":"caratteristica-flexibilidade-de-producao","23":"caratteristica-extremamente-flexivel","24":"caratteristica-ideal-para-a-producao-em-serie","25":"caratteristica-elevada-produtividade","26":"caratteristica-automazione-processo-produttivo-pt-pt","27":"caratteristica-riduzione-costi-di-lavorazione-pt-pt","28":"serie-arm-series-pt-pt","29":"settore_di_applicazione-grandes-projetos","30":"settore_di_applicazione-pecas-para-a-construcao-civil","31":"settore_di_applicazione-pavimentos-e-revestimentos","32":"settore_di_applicazione-bancadas-de-cozinha-e-bancadas-para-casas-de-banho","34":"first","35":"instock","36":"shipping-taxable","37":"product-type-simple"},"acf":[],"yoast_head":"<!-- This site is optimized with the Yoast SEO plugin v25.8 - https:\/\/yoast.com\/wordpress\/plugins\/seo\/ -->\n<title>ARM 2 - Donatoni Group<\/title>\n<meta name=\"robots\" content=\"index, follow, max-snippet:-1, max-image-preview:large, max-video-preview:-1\" \/>\n<link rel=\"canonical\" href=\"https:\/\/www.donatonigroup.com\/pt-pt\/maquina\/arm-2\/\" \/>\n<meta property=\"og:locale\" content=\"pt_PT\" \/>\n<meta property=\"og:type\" content=\"article\" \/>\n<meta property=\"og:title\" content=\"ARM 2 - Donatoni Group\" \/>\n<meta property=\"og:description\" content=\"Linha de alta produtividade Linha de paletiza\u00e7\u00e3o robotizada ideal para processos de alta produtividade. DONATONI ARM 2 \u00e9 uma linha de alta produtividade com esteiras de transporte e rob\u00f4 de paletiza\u00e7\u00e3o para a produ\u00e7\u00e3o de azulejos e ladrilhos de formato \u00fanico. Com o uso de esteiras de transporte integradas, o fluxo de produtos \u00e9 gerenciado [&hellip;]\" \/>\n<meta property=\"og:url\" content=\"https:\/\/www.donatonigroup.com\/pt-pt\/maquina\/arm-2\/\" \/>\n<meta property=\"og:site_name\" content=\"Donatoni Group\" \/>\n<meta property=\"article:publisher\" content=\"https:\/\/www.facebook.com\/donatonimacchine\" \/>\n<meta property=\"og:image\" content=\"https:\/\/www.donatonigroup.com\/wp-content\/uploads\/2023\/12\/ARM_2023-senza-sfondo.png\" \/>\n\t<meta property=\"og:image:width\" content=\"2000\" \/>\n\t<meta property=\"og:image:height\" content=\"2000\" \/>\n\t<meta property=\"og:image:type\" content=\"image\/png\" \/>\n<meta name=\"twitter:card\" content=\"summary_large_image\" \/>\n<meta name=\"twitter:label1\" content=\"Tempo estimado de leitura\" \/>\n\t<meta name=\"twitter:data1\" content=\"1 minuto\" \/>\n<script type=\"application\/ld+json\" class=\"yoast-schema-graph\">{\"@context\":\"https:\/\/schema.org\",\"@graph\":[{\"@type\":\"WebPage\",\"@id\":\"https:\/\/www.donatonigroup.com\/pt-pt\/maquina\/arm-2\/\",\"url\":\"https:\/\/www.donatonigroup.com\/pt-pt\/maquina\/arm-2\/\",\"name\":\"ARM 2 - Donatoni Group\",\"isPartOf\":{\"@id\":\"https:\/\/www.donatonigroup.com\/pt-pt\/#website\"},\"primaryImageOfPage\":{\"@id\":\"https:\/\/www.donatonigroup.com\/pt-pt\/maquina\/arm-2\/#primaryimage\"},\"image\":{\"@id\":\"https:\/\/www.donatonigroup.com\/pt-pt\/maquina\/arm-2\/#primaryimage\"},\"thumbnailUrl\":\"https:\/\/www.donatonigroup.com\/wp-content\/uploads\/2023\/12\/ARM_2023-senza-sfondo.png\",\"datePublished\":\"2023-12-20T11:10:22+00:00\",\"breadcrumb\":{\"@id\":\"https:\/\/www.donatonigroup.com\/pt-pt\/maquina\/arm-2\/#breadcrumb\"},\"inLanguage\":\"pt-PT\",\"potentialAction\":[{\"@type\":\"ReadAction\",\"target\":[\"https:\/\/www.donatonigroup.com\/pt-pt\/maquina\/arm-2\/\"]}]},{\"@type\":\"ImageObject\",\"inLanguage\":\"pt-PT\",\"@id\":\"https:\/\/www.donatonigroup.com\/pt-pt\/maquina\/arm-2\/#primaryimage\",\"url\":\"https:\/\/www.donatonigroup.com\/wp-content\/uploads\/2023\/12\/ARM_2023-senza-sfondo.png\",\"contentUrl\":\"https:\/\/www.donatonigroup.com\/wp-content\/uploads\/2023\/12\/ARM_2023-senza-sfondo.png\",\"width\":2000,\"height\":2000},{\"@type\":\"BreadcrumbList\",\"@id\":\"https:\/\/www.donatonigroup.com\/pt-pt\/maquina\/arm-2\/#breadcrumb\",\"itemListElement\":[{\"@type\":\"ListItem\",\"position\":1,\"name\":\"Home\",\"item\":\"https:\/\/www.donatonigroup.com\/pt-pt\/\"},{\"@type\":\"ListItem\",\"position\":2,\"name\":\"Cat\u00e1logo de M\u00e1quinas\",\"item\":\"https:\/\/www.donatonigroup.com\/pt-pt\/catalogo-de-maquinas\/\"},{\"@type\":\"ListItem\",\"position\":3,\"name\":\"ARM 2\"}]},{\"@type\":\"WebSite\",\"@id\":\"https:\/\/www.donatonigroup.com\/pt-pt\/#website\",\"url\":\"https:\/\/www.donatonigroup.com\/pt-pt\/\",\"name\":\"Donatoni Group\",\"description\":\"\",\"publisher\":{\"@id\":\"https:\/\/www.donatonigroup.com\/pt-pt\/#organization\"},\"potentialAction\":[{\"@type\":\"SearchAction\",\"target\":{\"@type\":\"EntryPoint\",\"urlTemplate\":\"https:\/\/www.donatonigroup.com\/pt-pt\/?s={search_term_string}\"},\"query-input\":{\"@type\":\"PropertyValueSpecification\",\"valueRequired\":true,\"valueName\":\"search_term_string\"}}],\"inLanguage\":\"pt-PT\"},{\"@type\":\"Organization\",\"@id\":\"https:\/\/www.donatonigroup.com\/pt-pt\/#organization\",\"name\":\"Donatoni Group\",\"url\":\"https:\/\/www.donatonigroup.com\/pt-pt\/\",\"logo\":{\"@type\":\"ImageObject\",\"inLanguage\":\"pt-PT\",\"@id\":\"https:\/\/www.donatonigroup.com\/pt-pt\/#\/schema\/logo\/image\/\",\"url\":\"http:\/\/www.donatonigroup.com\/wp-content\/uploads\/2023\/02\/donatoni-logo.png\",\"contentUrl\":\"http:\/\/www.donatonigroup.com\/wp-content\/uploads\/2023\/02\/donatoni-logo.png\",\"width\":800,\"height\":112,\"caption\":\"Donatoni Group\"},\"image\":{\"@id\":\"https:\/\/www.donatonigroup.com\/pt-pt\/#\/schema\/logo\/image\/\"},\"sameAs\":[\"https:\/\/www.facebook.com\/donatonimacchine\",\"https:\/\/instagram.com\/donatonigroup\/\",\"https:\/\/www.linkedin.com\/company\/donatoni-macchine-s-r-l\"]}]}<\/script>\n<!-- \/ Yoast SEO plugin. -->","yoast_head_json":{"title":"ARM 2 - Donatoni Group","robots":{"index":"index","follow":"follow","max-snippet":"max-snippet:-1","max-image-preview":"max-image-preview:large","max-video-preview":"max-video-preview:-1"},"canonical":"https:\/\/www.donatonigroup.com\/pt-pt\/maquina\/arm-2\/","og_locale":"pt_PT","og_type":"article","og_title":"ARM 2 - Donatoni Group","og_description":"Linha de alta produtividade Linha de paletiza\u00e7\u00e3o robotizada ideal para processos de alta produtividade. DONATONI ARM 2 \u00e9 uma linha de alta produtividade com esteiras de transporte e rob\u00f4 de paletiza\u00e7\u00e3o para a produ\u00e7\u00e3o de azulejos e ladrilhos de formato \u00fanico. Com o uso de esteiras de transporte integradas, o fluxo de produtos \u00e9 gerenciado [&hellip;]","og_url":"https:\/\/www.donatonigroup.com\/pt-pt\/maquina\/arm-2\/","og_site_name":"Donatoni Group","article_publisher":"https:\/\/www.facebook.com\/donatonimacchine","og_image":[{"width":2000,"height":2000,"url":"https:\/\/www.donatonigroup.com\/wp-content\/uploads\/2023\/12\/ARM_2023-senza-sfondo.png","type":"image\/png"}],"twitter_card":"summary_large_image","twitter_misc":{"Tempo estimado de leitura":"1 minuto"},"schema":{"@context":"https:\/\/schema.org","@graph":[{"@type":"WebPage","@id":"https:\/\/www.donatonigroup.com\/pt-pt\/maquina\/arm-2\/","url":"https:\/\/www.donatonigroup.com\/pt-pt\/maquina\/arm-2\/","name":"ARM 2 - Donatoni Group","isPartOf":{"@id":"https:\/\/www.donatonigroup.com\/pt-pt\/#website"},"primaryImageOfPage":{"@id":"https:\/\/www.donatonigroup.com\/pt-pt\/maquina\/arm-2\/#primaryimage"},"image":{"@id":"https:\/\/www.donatonigroup.com\/pt-pt\/maquina\/arm-2\/#primaryimage"},"thumbnailUrl":"https:\/\/www.donatonigroup.com\/wp-content\/uploads\/2023\/12\/ARM_2023-senza-sfondo.png","datePublished":"2023-12-20T11:10:22+00:00","breadcrumb":{"@id":"https:\/\/www.donatonigroup.com\/pt-pt\/maquina\/arm-2\/#breadcrumb"},"inLanguage":"pt-PT","potentialAction":[{"@type":"ReadAction","target":["https:\/\/www.donatonigroup.com\/pt-pt\/maquina\/arm-2\/"]}]},{"@type":"ImageObject","inLanguage":"pt-PT","@id":"https:\/\/www.donatonigroup.com\/pt-pt\/maquina\/arm-2\/#primaryimage","url":"https:\/\/www.donatonigroup.com\/wp-content\/uploads\/2023\/12\/ARM_2023-senza-sfondo.png","contentUrl":"https:\/\/www.donatonigroup.com\/wp-content\/uploads\/2023\/12\/ARM_2023-senza-sfondo.png","width":2000,"height":2000},{"@type":"BreadcrumbList","@id":"https:\/\/www.donatonigroup.com\/pt-pt\/maquina\/arm-2\/#breadcrumb","itemListElement":[{"@type":"ListItem","position":1,"name":"Home","item":"https:\/\/www.donatonigroup.com\/pt-pt\/"},{"@type":"ListItem","position":2,"name":"Cat\u00e1logo de M\u00e1quinas","item":"https:\/\/www.donatonigroup.com\/pt-pt\/catalogo-de-maquinas\/"},{"@type":"ListItem","position":3,"name":"ARM 2"}]},{"@type":"WebSite","@id":"https:\/\/www.donatonigroup.com\/pt-pt\/#website","url":"https:\/\/www.donatonigroup.com\/pt-pt\/","name":"Donatoni Group","description":"","publisher":{"@id":"https:\/\/www.donatonigroup.com\/pt-pt\/#organization"},"potentialAction":[{"@type":"SearchAction","target":{"@type":"EntryPoint","urlTemplate":"https:\/\/www.donatonigroup.com\/pt-pt\/?s={search_term_string}"},"query-input":{"@type":"PropertyValueSpecification","valueRequired":true,"valueName":"search_term_string"}}],"inLanguage":"pt-PT"},{"@type":"Organization","@id":"https:\/\/www.donatonigroup.com\/pt-pt\/#organization","name":"Donatoni Group","url":"https:\/\/www.donatonigroup.com\/pt-pt\/","logo":{"@type":"ImageObject","inLanguage":"pt-PT","@id":"https:\/\/www.donatonigroup.com\/pt-pt\/#\/schema\/logo\/image\/","url":"http:\/\/www.donatonigroup.com\/wp-content\/uploads\/2023\/02\/donatoni-logo.png","contentUrl":"http:\/\/www.donatonigroup.com\/wp-content\/uploads\/2023\/02\/donatoni-logo.png","width":800,"height":112,"caption":"Donatoni Group"},"image":{"@id":"https:\/\/www.donatonigroup.com\/pt-pt\/#\/schema\/logo\/image\/"},"sameAs":["https:\/\/www.facebook.com\/donatonimacchine","https:\/\/instagram.com\/donatonigroup\/","https:\/\/www.linkedin.com\/company\/donatoni-macchine-s-r-l"]}]}},"_links":{"self":[{"href":"https:\/\/www.donatonigroup.com\/pt-pt\/wp-json\/wp\/v2\/product\/12968","targetHints":{"allow":["GET"]}}],"collection":[{"href":"https:\/\/www.donatonigroup.com\/pt-pt\/wp-json\/wp\/v2\/product"}],"about":[{"href":"https:\/\/www.donatonigroup.com\/pt-pt\/wp-json\/wp\/v2\/types\/product"}],"wp:featuredmedia":[{"embeddable":true,"href":"https:\/\/www.donatonigroup.com\/pt-pt\/wp-json\/wp\/v2\/media\/12923"}],"wp:attachment":[{"href":"https:\/\/www.donatonigroup.com\/pt-pt\/wp-json\/wp\/v2\/media?parent=12968"}],"wp:term":[{"taxonomy":"product_brand","embeddable":true,"href":"https:\/\/www.donatonigroup.com\/pt-pt\/wp-json\/wp\/v2\/product_brand?post=12968"},{"taxonomy":"product_cat","embeddable":true,"href":"https:\/\/www.donatonigroup.com\/pt-pt\/wp-json\/wp\/v2\/product_cat?post=12968"},{"taxonomy":"product_tag","embeddable":true,"href":"https:\/\/www.donatonigroup.com\/pt-pt\/wp-json\/wp\/v2\/product_tag?post=12968"},{"taxonomy":"caratteristica","embeddable":true,"href":"https:\/\/www.donatonigroup.com\/pt-pt\/wp-json\/wp\/v2\/caratteristica?post=12968"},{"taxonomy":"serie","embeddable":true,"href":"https:\/\/www.donatonigroup.com\/pt-pt\/wp-json\/wp\/v2\/serie?post=12968"},{"taxonomy":"settore_di_applicazione","embeddable":true,"href":"https:\/\/www.donatonigroup.com\/pt-pt\/wp-json\/wp\/v2\/settore_di_applicazione?post=12968"}],"curies":[{"name":"wp","href":"https:\/\/api.w.org\/{rel}","templated":true}]}}