{"id":13002,"date":"2023-12-20T16:26:22","date_gmt":"2023-12-20T16:26:22","guid":{"rendered":"http:\/\/www.donatonigroup.com\/macchina\/arm-3\/"},"modified":"2023-12-20T16:26:22","modified_gmt":"2023-12-20T16:26:22","slug":"arm-3","status":"publish","type":"product","link":"https:\/\/www.donatonigroup.com\/pt-pt\/maquina\/arm-3\/","title":{"rendered":"ARM 3"},"content":{"rendered":"<p><strong>Linha de produ\u00e7\u00e3o de cozinhas.<\/strong><\/p>\n<p>Linha de paletiza\u00e7\u00e3o especialmente projetada para a fabrica\u00e7\u00e3o de bancadas e revestimentos para cozinhas<\/p>\n<p>DONATONI ARM 3 \u00e9 uma linha automatizada projetada para a <strong>produ\u00e7\u00e3o de cozinhas<\/strong> e <strong>otimizada para lidar com todas as pe\u00e7as que caracterizam esse tipo de produ\u00e7\u00e3o<\/strong>: bancadas, ilhas, bordas, respingos e recortes Todos os aspetos do processo de trabalho foram cuidadosamente estudados para oferecer <strong>um sistema de alta efici\u00eancia e versatilidade.<\/strong> <\/p>\n<p>A tecnologia DONATONI e nossos sistemas inteligentes permitem ao cliente <strong>otimizar o fluxo de trabalho<\/strong>, reduzindo os tempos de produ\u00e7\u00e3o e maximizando a efici\u00eancia geral. Independentemente das dimens\u00f5es ou caracter\u00edsticas das pe\u00e7as, a linha DONATONI ARM 3 \u00e9 capaz de gerenci\u00e1-las de <strong>forma precisa.<\/strong><\/p>\n<p>Com DONATONI ARM 3, voc\u00ea ter\u00e1 a melhor linha automatizada para o processamento de pe\u00e7as em m\u00e1rmore, granito ou outro material natural <strong>ou sint\u00e9tico, usado na fabrica\u00e7\u00e3o de cozinhas.<\/strong><\/p>\n","protected":false},"excerpt":{"rendered":"<p>Linha de produ\u00e7\u00e3o de cozinhas. Linha de paletiza\u00e7\u00e3o especialmente projetada para a fabrica\u00e7\u00e3o de bancadas e revestimentos para cozinhas DONATONI ARM 3 \u00e9 uma linha automatizada projetada para a produ\u00e7\u00e3o de cozinhas e otimizada para lidar com todas as pe\u00e7as que caracterizam esse tipo de produ\u00e7\u00e3o: bancadas, ilhas, bordas, respingos e recortes Todos os aspetos [&hellip;]<\/p>\n","protected":false},"featured_media":12974,"template":"","meta":{"_et_pb_use_builder":"","_et_pb_old_content":"","_et_gb_content_width":""},"product_brand":[],"product_cat":[1239],"product_tag":[],"caratteristica":[1270,1274,1280,1418,1419,2120,2122],"serie":[2962],"settore_di_applicazione":[1255,1257,1258,1259],"class_list":{"0":"post-13002","1":"product","2":"type-product","3":"status-publish","4":"has-post-thumbnail","6":"product_cat-sistemas-roboticos","7":"pa_assi-interpolati-7-pt-pt","8":"pa_classe-di-protezione-polso-67-pt-pt","9":"pa_classe-protezione-65-pt-pt","10":"pa_consumo-aria-6-bar-20-pt-pt","11":"pa_dimensioni-max-pezzo-in-pres-3400-x-1700-pt-pt","12":"pa_dimensioni-min-pezzo-in-pres-600-x-50-pt-pt","13":"pa_max-raggio-dazione-3330-pt-pt","14":"pa_num-max-pezzi-in-presa-1-pt-pt","15":"pa_peso-massimo-pezzo-in-presa-280-pt-pt","16":"pa_peso-solo-robot-2686-pt-pt","17":"pa_portata-al-polso-420-pt-pt","18":"pa_potenza-pompa-a-vuoto-4-pt-pt-2","19":"pa_potenza-totale-installata-27-30-pt-pt","20":"pa_sistema-di-controllo-kr-c5-pt-pt","21":"pa_tensione-elettrica-standard-40010-50-pt-pt","22":"caratteristica-flexibilidade-de-producao","23":"caratteristica-simples-e-rapida-de-programar","24":"caratteristica-extremamente-flexivel","25":"caratteristica-ideal-para-a-producao-em-serie","26":"caratteristica-elevada-produtividade","27":"caratteristica-automazione-processo-produttivo-pt-pt","28":"caratteristica-riduzione-costi-di-lavorazione-pt-pt","29":"serie-arm-series-pt-pt","30":"settore_di_applicazione-design-e-esculturas","31":"settore_di_applicazione-pecas-para-a-construcao-civil","32":"settore_di_applicazione-pavimentos-e-revestimentos","33":"settore_di_applicazione-bancadas-de-cozinha-e-bancadas-para-casas-de-banho","35":"first","36":"instock","37":"shipping-taxable","38":"product-type-simple"},"acf":[],"yoast_head":"<!-- This site is optimized with the Yoast SEO plugin v25.8 - https:\/\/yoast.com\/wordpress\/plugins\/seo\/ -->\n<title>ARM 3 - Donatoni Group<\/title>\n<meta name=\"robots\" content=\"index, follow, max-snippet:-1, max-image-preview:large, max-video-preview:-1\" \/>\n<link rel=\"canonical\" href=\"https:\/\/www.donatonigroup.com\/pt-pt\/maquina\/arm-3\/\" \/>\n<meta property=\"og:locale\" content=\"pt_PT\" \/>\n<meta property=\"og:type\" content=\"article\" \/>\n<meta property=\"og:title\" content=\"ARM 3 - Donatoni Group\" \/>\n<meta property=\"og:description\" content=\"Linha de produ\u00e7\u00e3o de cozinhas. Linha de paletiza\u00e7\u00e3o especialmente projetada para a fabrica\u00e7\u00e3o de bancadas e revestimentos para cozinhas DONATONI ARM 3 \u00e9 uma linha automatizada projetada para a produ\u00e7\u00e3o de cozinhas e otimizada para lidar com todas as pe\u00e7as que caracterizam esse tipo de produ\u00e7\u00e3o: bancadas, ilhas, bordas, respingos e recortes Todos os aspetos [&hellip;]\" \/>\n<meta property=\"og:url\" content=\"https:\/\/www.donatonigroup.com\/pt-pt\/maquina\/arm-3\/\" \/>\n<meta property=\"og:site_name\" content=\"Donatoni Group\" \/>\n<meta property=\"article:publisher\" content=\"https:\/\/www.facebook.com\/donatonimacchine\" \/>\n<meta property=\"og:image\" content=\"https:\/\/www.donatonigroup.com\/wp-content\/uploads\/2023\/12\/ARM-3-senza-sfondo-sito.png\" \/>\n\t<meta property=\"og:image:width\" content=\"2000\" \/>\n\t<meta property=\"og:image:height\" content=\"1250\" \/>\n\t<meta property=\"og:image:type\" content=\"image\/png\" \/>\n<meta name=\"twitter:card\" content=\"summary_large_image\" \/>\n<meta name=\"twitter:label1\" content=\"Tempo estimado de leitura\" \/>\n\t<meta name=\"twitter:data1\" content=\"1 minuto\" \/>\n<script type=\"application\/ld+json\" class=\"yoast-schema-graph\">{\"@context\":\"https:\/\/schema.org\",\"@graph\":[{\"@type\":\"WebPage\",\"@id\":\"https:\/\/www.donatonigroup.com\/pt-pt\/maquina\/arm-3\/\",\"url\":\"https:\/\/www.donatonigroup.com\/pt-pt\/maquina\/arm-3\/\",\"name\":\"ARM 3 - Donatoni Group\",\"isPartOf\":{\"@id\":\"https:\/\/www.donatonigroup.com\/pt-pt\/#website\"},\"primaryImageOfPage\":{\"@id\":\"https:\/\/www.donatonigroup.com\/pt-pt\/maquina\/arm-3\/#primaryimage\"},\"image\":{\"@id\":\"https:\/\/www.donatonigroup.com\/pt-pt\/maquina\/arm-3\/#primaryimage\"},\"thumbnailUrl\":\"https:\/\/www.donatonigroup.com\/wp-content\/uploads\/2023\/12\/ARM-3-senza-sfondo-sito.png\",\"datePublished\":\"2023-12-20T16:26:22+00:00\",\"breadcrumb\":{\"@id\":\"https:\/\/www.donatonigroup.com\/pt-pt\/maquina\/arm-3\/#breadcrumb\"},\"inLanguage\":\"pt-PT\",\"potentialAction\":[{\"@type\":\"ReadAction\",\"target\":[\"https:\/\/www.donatonigroup.com\/pt-pt\/maquina\/arm-3\/\"]}]},{\"@type\":\"ImageObject\",\"inLanguage\":\"pt-PT\",\"@id\":\"https:\/\/www.donatonigroup.com\/pt-pt\/maquina\/arm-3\/#primaryimage\",\"url\":\"https:\/\/www.donatonigroup.com\/wp-content\/uploads\/2023\/12\/ARM-3-senza-sfondo-sito.png\",\"contentUrl\":\"https:\/\/www.donatonigroup.com\/wp-content\/uploads\/2023\/12\/ARM-3-senza-sfondo-sito.png\",\"width\":2000,\"height\":1250},{\"@type\":\"BreadcrumbList\",\"@id\":\"https:\/\/www.donatonigroup.com\/pt-pt\/maquina\/arm-3\/#breadcrumb\",\"itemListElement\":[{\"@type\":\"ListItem\",\"position\":1,\"name\":\"Home\",\"item\":\"https:\/\/www.donatonigroup.com\/pt-pt\/\"},{\"@type\":\"ListItem\",\"position\":2,\"name\":\"Cat\u00e1logo de M\u00e1quinas\",\"item\":\"https:\/\/www.donatonigroup.com\/pt-pt\/catalogo-de-maquinas\/\"},{\"@type\":\"ListItem\",\"position\":3,\"name\":\"ARM 3\"}]},{\"@type\":\"WebSite\",\"@id\":\"https:\/\/www.donatonigroup.com\/pt-pt\/#website\",\"url\":\"https:\/\/www.donatonigroup.com\/pt-pt\/\",\"name\":\"Donatoni Group\",\"description\":\"\",\"publisher\":{\"@id\":\"https:\/\/www.donatonigroup.com\/pt-pt\/#organization\"},\"potentialAction\":[{\"@type\":\"SearchAction\",\"target\":{\"@type\":\"EntryPoint\",\"urlTemplate\":\"https:\/\/www.donatonigroup.com\/pt-pt\/?s={search_term_string}\"},\"query-input\":{\"@type\":\"PropertyValueSpecification\",\"valueRequired\":true,\"valueName\":\"search_term_string\"}}],\"inLanguage\":\"pt-PT\"},{\"@type\":\"Organization\",\"@id\":\"https:\/\/www.donatonigroup.com\/pt-pt\/#organization\",\"name\":\"Donatoni Group\",\"url\":\"https:\/\/www.donatonigroup.com\/pt-pt\/\",\"logo\":{\"@type\":\"ImageObject\",\"inLanguage\":\"pt-PT\",\"@id\":\"https:\/\/www.donatonigroup.com\/pt-pt\/#\/schema\/logo\/image\/\",\"url\":\"http:\/\/www.donatonigroup.com\/wp-content\/uploads\/2023\/02\/donatoni-logo.png\",\"contentUrl\":\"http:\/\/www.donatonigroup.com\/wp-content\/uploads\/2023\/02\/donatoni-logo.png\",\"width\":800,\"height\":112,\"caption\":\"Donatoni Group\"},\"image\":{\"@id\":\"https:\/\/www.donatonigroup.com\/pt-pt\/#\/schema\/logo\/image\/\"},\"sameAs\":[\"https:\/\/www.facebook.com\/donatonimacchine\",\"https:\/\/instagram.com\/donatonigroup\/\",\"https:\/\/www.linkedin.com\/company\/donatoni-macchine-s-r-l\"]}]}<\/script>\n<!-- \/ Yoast SEO plugin. -->","yoast_head_json":{"title":"ARM 3 - Donatoni Group","robots":{"index":"index","follow":"follow","max-snippet":"max-snippet:-1","max-image-preview":"max-image-preview:large","max-video-preview":"max-video-preview:-1"},"canonical":"https:\/\/www.donatonigroup.com\/pt-pt\/maquina\/arm-3\/","og_locale":"pt_PT","og_type":"article","og_title":"ARM 3 - Donatoni Group","og_description":"Linha de produ\u00e7\u00e3o de cozinhas. Linha de paletiza\u00e7\u00e3o especialmente projetada para a fabrica\u00e7\u00e3o de bancadas e revestimentos para cozinhas DONATONI ARM 3 \u00e9 uma linha automatizada projetada para a produ\u00e7\u00e3o de cozinhas e otimizada para lidar com todas as pe\u00e7as que caracterizam esse tipo de produ\u00e7\u00e3o: bancadas, ilhas, bordas, respingos e recortes Todos os aspetos [&hellip;]","og_url":"https:\/\/www.donatonigroup.com\/pt-pt\/maquina\/arm-3\/","og_site_name":"Donatoni Group","article_publisher":"https:\/\/www.facebook.com\/donatonimacchine","og_image":[{"width":2000,"height":1250,"url":"https:\/\/www.donatonigroup.com\/wp-content\/uploads\/2023\/12\/ARM-3-senza-sfondo-sito.png","type":"image\/png"}],"twitter_card":"summary_large_image","twitter_misc":{"Tempo estimado de leitura":"1 minuto"},"schema":{"@context":"https:\/\/schema.org","@graph":[{"@type":"WebPage","@id":"https:\/\/www.donatonigroup.com\/pt-pt\/maquina\/arm-3\/","url":"https:\/\/www.donatonigroup.com\/pt-pt\/maquina\/arm-3\/","name":"ARM 3 - Donatoni Group","isPartOf":{"@id":"https:\/\/www.donatonigroup.com\/pt-pt\/#website"},"primaryImageOfPage":{"@id":"https:\/\/www.donatonigroup.com\/pt-pt\/maquina\/arm-3\/#primaryimage"},"image":{"@id":"https:\/\/www.donatonigroup.com\/pt-pt\/maquina\/arm-3\/#primaryimage"},"thumbnailUrl":"https:\/\/www.donatonigroup.com\/wp-content\/uploads\/2023\/12\/ARM-3-senza-sfondo-sito.png","datePublished":"2023-12-20T16:26:22+00:00","breadcrumb":{"@id":"https:\/\/www.donatonigroup.com\/pt-pt\/maquina\/arm-3\/#breadcrumb"},"inLanguage":"pt-PT","potentialAction":[{"@type":"ReadAction","target":["https:\/\/www.donatonigroup.com\/pt-pt\/maquina\/arm-3\/"]}]},{"@type":"ImageObject","inLanguage":"pt-PT","@id":"https:\/\/www.donatonigroup.com\/pt-pt\/maquina\/arm-3\/#primaryimage","url":"https:\/\/www.donatonigroup.com\/wp-content\/uploads\/2023\/12\/ARM-3-senza-sfondo-sito.png","contentUrl":"https:\/\/www.donatonigroup.com\/wp-content\/uploads\/2023\/12\/ARM-3-senza-sfondo-sito.png","width":2000,"height":1250},{"@type":"BreadcrumbList","@id":"https:\/\/www.donatonigroup.com\/pt-pt\/maquina\/arm-3\/#breadcrumb","itemListElement":[{"@type":"ListItem","position":1,"name":"Home","item":"https:\/\/www.donatonigroup.com\/pt-pt\/"},{"@type":"ListItem","position":2,"name":"Cat\u00e1logo de M\u00e1quinas","item":"https:\/\/www.donatonigroup.com\/pt-pt\/catalogo-de-maquinas\/"},{"@type":"ListItem","position":3,"name":"ARM 3"}]},{"@type":"WebSite","@id":"https:\/\/www.donatonigroup.com\/pt-pt\/#website","url":"https:\/\/www.donatonigroup.com\/pt-pt\/","name":"Donatoni Group","description":"","publisher":{"@id":"https:\/\/www.donatonigroup.com\/pt-pt\/#organization"},"potentialAction":[{"@type":"SearchAction","target":{"@type":"EntryPoint","urlTemplate":"https:\/\/www.donatonigroup.com\/pt-pt\/?s={search_term_string}"},"query-input":{"@type":"PropertyValueSpecification","valueRequired":true,"valueName":"search_term_string"}}],"inLanguage":"pt-PT"},{"@type":"Organization","@id":"https:\/\/www.donatonigroup.com\/pt-pt\/#organization","name":"Donatoni Group","url":"https:\/\/www.donatonigroup.com\/pt-pt\/","logo":{"@type":"ImageObject","inLanguage":"pt-PT","@id":"https:\/\/www.donatonigroup.com\/pt-pt\/#\/schema\/logo\/image\/","url":"http:\/\/www.donatonigroup.com\/wp-content\/uploads\/2023\/02\/donatoni-logo.png","contentUrl":"http:\/\/www.donatonigroup.com\/wp-content\/uploads\/2023\/02\/donatoni-logo.png","width":800,"height":112,"caption":"Donatoni Group"},"image":{"@id":"https:\/\/www.donatonigroup.com\/pt-pt\/#\/schema\/logo\/image\/"},"sameAs":["https:\/\/www.facebook.com\/donatonimacchine","https:\/\/instagram.com\/donatonigroup\/","https:\/\/www.linkedin.com\/company\/donatoni-macchine-s-r-l"]}]}},"_links":{"self":[{"href":"https:\/\/www.donatonigroup.com\/pt-pt\/wp-json\/wp\/v2\/product\/13002","targetHints":{"allow":["GET"]}}],"collection":[{"href":"https:\/\/www.donatonigroup.com\/pt-pt\/wp-json\/wp\/v2\/product"}],"about":[{"href":"https:\/\/www.donatonigroup.com\/pt-pt\/wp-json\/wp\/v2\/types\/product"}],"wp:featuredmedia":[{"embeddable":true,"href":"https:\/\/www.donatonigroup.com\/pt-pt\/wp-json\/wp\/v2\/media\/12974"}],"wp:attachment":[{"href":"https:\/\/www.donatonigroup.com\/pt-pt\/wp-json\/wp\/v2\/media?parent=13002"}],"wp:term":[{"taxonomy":"product_brand","embeddable":true,"href":"https:\/\/www.donatonigroup.com\/pt-pt\/wp-json\/wp\/v2\/product_brand?post=13002"},{"taxonomy":"product_cat","embeddable":true,"href":"https:\/\/www.donatonigroup.com\/pt-pt\/wp-json\/wp\/v2\/product_cat?post=13002"},{"taxonomy":"product_tag","embeddable":true,"href":"https:\/\/www.donatonigroup.com\/pt-pt\/wp-json\/wp\/v2\/product_tag?post=13002"},{"taxonomy":"caratteristica","embeddable":true,"href":"https:\/\/www.donatonigroup.com\/pt-pt\/wp-json\/wp\/v2\/caratteristica?post=13002"},{"taxonomy":"serie","embeddable":true,"href":"https:\/\/www.donatonigroup.com\/pt-pt\/wp-json\/wp\/v2\/serie?post=13002"},{"taxonomy":"settore_di_applicazione","embeddable":true,"href":"https:\/\/www.donatonigroup.com\/pt-pt\/wp-json\/wp\/v2\/settore_di_applicazione?post=13002"}],"curies":[{"name":"wp","href":"https:\/\/api.w.org\/{rel}","templated":true}]}}